{"id":21749,"date":"2025-05-20T18:26:40","date_gmt":"2025-05-20T18:26:40","guid":{"rendered":"https:\/\/electricstore.eu\/p\/uncategorized\/fossibot-sp420-420w-portable-fordable-solar-panel-23-4-conversion-efficiency-ip67-waterproof-for-portable-power-station\/"},"modified":"2025-05-20T18:26:46","modified_gmt":"2025-05-20T18:26:46","slug":"fossibot-sp420-420w-portable-fordable-solar-panel-23-4-conversion-efficiency-ip67-waterproof-for-portable-power-station","status":"publish","type":"product","link":"https:\/\/electricstore.eu\/lv\/p\/batteries\/foldable-solar-panels\/fossibot-sp420-420w-portable-fordable-solar-panel-23-4-conversion-efficiency-ip67-waterproof-for-portable-power-station\/","title":{"rendered":"FOSSiBOT SP420 420W p\u0101rn\u0113s\u0101jams, p\u0101rveidojams saules panelis 23.4% konversijas efektivit\u0101te IP67 \u016bdensiztur\u012bgs p\u0101rn\u0113s\u0101jamai elektrostacijai"},"content":{"rendered":"<div class=\"product-specs-list-container\">\n<ul class=\"product-specs-list util-clearfix\">\n<li class=\"product-prop line-limit-length\"><span\n                                        class=\"property-title\">Z\u012bmols:&nbsp;<\/span><span\n                                        class=\"property-desc line-limit-length\">FOSSiBOT<\/span>\n                            <\/li>\n<li class=\"product-prop line-limit-length\"><span\n                                        class=\"property-title\">Tips:&nbsp;<\/span><span\n                                        class=\"property-desc line-limit-length\">Saules panelis<\/span>\n                            <\/li>\n<li class=\"product-prop line-limit-length\"><span\n                                        class=\"property-title\">Modelis:&nbsp;<\/span><span\n                                        class=\"property-desc line-limit-length\">SP420<\/span>\n                            <\/li>\n<li class=\"product-prop line-limit-length\"><span\n                                        class=\"property-title\">Maksim\u0101l\u0101 jauda:&nbsp;<\/span><span\n                                        class=\"property-desc line-limit-length\">420W (105W*4)<\/span>\n                            <\/li>\n<li class=\"product-prop line-limit-length\"><span\n                                        class=\"property-title\">\u0160\u016bnas tips:&nbsp;<\/span><span\n                                        class=\"property-desc line-limit-length\">MonoCell (182*182mm)<\/span>\n                            <\/li>\n<li class=\"product-prop line-limit-length\"><span\n                                        class=\"property-title\">Konversijas efektivit\u0101te:&nbsp;<\/span><span\n                                        class=\"property-desc line-limit-length\">23.4%<\/span>\n                            <\/li>\n<li class=\"product-prop line-limit-length\"><span\n                                        class=\"property-title\">Imp.:&nbsp;<\/span><span\n                                        class=\"property-desc line-limit-length\">13.1A<\/span>\n                            <\/li>\n<\/ul><\/div>\n<p><strong><span style=\"font-size:24px\"><span style=\"font-family:&quot;times new roman&quot;, times, serif\">&gt;&gt;Iev\u0113rojam\u0101kie momenti<\/span><\/span><\/strong><img decoding=\"async\" style=\"border:0px;margin:0px;margin-bottom:0px;margin-top:0px;margin-left:0px;margin-right:0px;padding:0px;padding-bottom:0px;padding-top:0px;padding-left:0px;padding-right:0px;max-width:100%;box-sizing:border-box\" src=\"https:\/\/ae01.alicdn.com\/kf\/Hfe87bce67f2e4de3a1d571ce40c2f920X.jpg\" slate-data-type=\"image\"\/><br \/><span style=\"font-size:18px;font-family:&quot;times new roman&quot;, times, serif\"><strong>23.4% High Solar Conversion Efficiency<\/strong><\/span><span style=\"font-size:18px;font-family:&quot;times new roman&quot;, times, serif\"><br \/>With<br \/> up to 23.4% high-efficiency monocrystalline solar cells, SP420 performs<br \/> better than similarly rated polycrystalline solar panels at low-light <br \/>conditions. It allows you to enjoy your outdoor adventures absorbing <br \/>solar energy while hiking, camping, RVs, trailers, boats, sheds, and <br \/>cabins.<\/span><\/p>\n<p><span style=\"font-size:18px;font-family:&quot;times new roman&quot;, times, serif\"><strong>Iztur\u012bgs, \u016bdensnecaurlaid\u012bgs un iztur\u012bgs pret skr\u0101p\u0113jumiem<\/strong><\/span><span style=\"font-size:18px;font-family:&quot;times new roman&quot;, times, serif\"><br \/>Adopting<br \/> durable EFTE coating on the surface, it is more long-lasting and <br \/>scratch-resistant. The panel is also manufactured in accordance with the<br \/> IP67 waterproof standard, making it ideal for outdoor activities, such <br \/>as camping, climbing, hiking, and even in poor weather conditions.<\/span><\/p>\n<p><span style=\"font-size:18px;font-family:&quot;times new roman&quot;, times, serif\"><strong>Pla\u0161a sader\u012bba<\/strong><\/span><span style=\"font-size:18px;font-family:&quot;times new roman&quot;, times, serif\"><br \/>SP420<br \/> is a perfect match for FOSSiBOT F3600. With 4 SP420 solar panels, F3600<br \/> can be fully charged in about 2 hours and 16 minutes. Using a 3-in-1 <br \/>solar charging cable, this 420W solar panel is designed to be used with <br \/>most solar generators on the market.<\/span><\/p>\n<p><span style=\"font-size:18px;font-family:&quot;times new roman&quot;, times, serif\"><strong>Salok\u0101ms un p\u0101rn\u0113s\u0101jams<\/strong><\/span><span style=\"font-size:18px;font-family:&quot;times new roman&quot;, times, serif\"><br \/>With<br \/> a folded size of 55 x 103.6cm and weighing in at only 13.97Kg, the <br \/>FOSSiBOT SP420 is easy to transport and install for anyone. It also has <br \/>adjustable kickstands which enable you to adjust the solar panel <br \/>according to the sun.<\/span><\/p>\n<p><\/p>\n<p><strong><span style=\"font-size:24px\"><span style=\"font-family:&quot;times new roman&quot;, times, serif\">&gt;&gt;Specifik\u0101cija<\/span><\/span><\/strong><img decoding=\"async\" style=\"border:0px;margin:0px;margin-bottom:0px;margin-top:0px;margin-left:0px;margin-right:0px;padding:0px;padding-bottom:0px;padding-top:0px;padding-left:0px;padding-right:0px;max-width:100%;box-sizing:border-box\" src=\"https:\/\/ae01.alicdn.com\/kf\/Hfe87bce67f2e4de3a1d571ce40c2f920X.jpg\" slate-data-type=\"image\"\/><\/p>\n<table style=\"border-collapse:collapse;font-family:&quot;Microsoft YaHei&quot;;width:1000px\" class=\"jbEidtTable\" border=\"1\" cellpadding=\"5\" cellspacing=\"0\">\n<tbody>\n<tr>\n<td style=\"font-size:14px;text-align:left\" align=\"left\">\n<p><span style=\"font-size:18px;font-family:&quot;times new roman&quot;, times, serif\"><strong>Visp\u0101r\u012bgi<\/strong><\/span><\/p>\n<\/td>\n<td style=\"font-size:14px;text-align:left\" align=\"left\">\n<p><span style=\"font-size:18px;font-family:&quot;times new roman&quot;, times, serif\">Z\u012bmols: FOSSiBOT<br \/>Tips: Saules panelis<br \/>Model: SP420<br \/>Kr\u0101sa: melna<\/span><\/p>\n<\/td>\n<\/tr>\n<tr>\n<td style=\"font-size:14px;text-align:left\" align=\"left\">\n<p><span style=\"font-size:18px;font-family:&quot;times new roman&quot;, times, serif\"><strong>Specifik\u0101cija<\/strong><\/span><\/p>\n<\/td>\n<td style=\"font-size:14px;text-align:left\" align=\"left\">\n<p><span style=\"font-size:18px;font-family:&quot;times new roman&quot;, times, serif\">Peak Power: 420W (105W*4)<br \/>Cell Type: MonoCell (182*182mm)<br \/>Konversijas efektivit\u0101te: 23,4%<br \/>Vmp: 32V<br \/>Imp: 13.1A<br \/>Voc: 38.4V<br \/>Isc: 15.7A<br \/>Izejas ports: MC4<br \/>Darba temperat\u016bra: -10\u201365\u00a0Celsija<br \/>Uzglab\u0101\u0161anas apk\u0101rt\u0113j\u0101s vides temperat\u016bra: -10\u201365\u00a0C<br \/>Kop\u0113j\u0101 caurlaid\u012bba: 97%<br \/>Moisture Permeability: 40Celsius \/ 90%RH g\/M\u00b2. Day<br \/>Water Absorption Rate: 2.5% (24H)<br \/>Test Standard Conditions: Am1.5 25Celsius 1000W\/\u33a1<br \/>One-to-three Transfer Wiring: Applicable to all FOSSiBOT power supply products, but also to other brands of energy<br \/>storage power supply<\/span><\/p>\n<\/td>\n<\/tr>\n<tr>\n<td style=\"font-size:14px;text-align:left\" align=\"left\">\n<p><span style=\"font-size:18px;font-family:&quot;times new roman&quot;, times, serif\"><strong>Svars un izm\u0113rs<\/strong><\/span><\/p>\n<\/td>\n<td style=\"font-size:14px;text-align:left\" align=\"left\">\n<p><span style=\"font-size:18px;font-family:&quot;times new roman&quot;, times, serif\">Product Weight: 13.97kg<br \/>Iepakojuma svars: 15 kg<br \/>Folded Size: 550*1036mm<br \/>Unfolded Size: 2231*1036mm<br \/>Package Size(L x W x H): 1070*135*800mm<\/span><\/p>\n<\/td>\n<\/tr>\n<tr>\n<td style=\"font-size:14px;text-align:left\" align=\"left\">\n<p><span style=\"font-size:18px;font-family:&quot;times new roman&quot;, times, serif\"><strong>Iepakojuma saturs<\/strong><\/span><\/p>\n<\/td>\n<td style=\"font-size:14px;text-align:left\" align=\"left\">\n<p><span style=\"font-size:18px;font-family:&quot;times new roman&quot;, times, serif\">1 x saules panelis<br \/>1 lietot\u0101ja rokasgr\u0101mata<\/span><\/p>\n<\/td>\n<\/tr>\n<\/tbody>\n<\/table>\n<p><\/p>\n<p><strong><span style=\"font-size:24px\"><span style=\"font-family:&quot;times new roman&quot;, times, serif\">&gt;&gt;Produktu att\u0113li un apraksti<\/span><\/span><\/strong><img decoding=\"async\" style=\"border:0px;margin:0px;margin-bottom:0px;margin-top:0px;margin-left:0px;margin-right:0px;padding:0px;padding-bottom:0px;padding-top:0px;padding-left:0px;padding-right:0px;max-width:100%;box-sizing:border-box\" src=\"https:\/\/ae01.alicdn.com\/kf\/H6fdde27b326346899cab45b03bea157bQ.jpg\" slate-data-type=\"image\"\/><span style=\"background-color:rgb(204, 204, 204);color:rgb(0, 0, 0);font-size:20px;font-family:&quot;lucida sans unicode&quot;, &quot;lucida grande&quot;, sans-serif\"><br \/><\/span><\/p>\n<p><img decoding=\"async\" src=\"https:\/\/ae01.alicdn.com\/kf\/Sd649baf48ab14635aad771be18e7484ek.jpg\" slate-data-type=\"image\"\/><img decoding=\"async\" src=\"https:\/\/ae01.alicdn.com\/kf\/S7b7ea5ce13f44ede939798e5528e24f1M.jpg\" slate-data-type=\"image\"\/><img decoding=\"async\" src=\"https:\/\/ae01.alicdn.com\/kf\/S73cb22d28fea4a10a1a2191d494e9214H.jpg\" slate-data-type=\"image\"\/><img decoding=\"async\" src=\"https:\/\/ae01.alicdn.com\/kf\/Se5235b927c7d4dfaa6cde3481fbfa267L.jpg\" slate-data-type=\"image\"\/><img decoding=\"async\" src=\"https:\/\/ae01.alicdn.com\/kf\/Sbb573d0f62bf4aa0b94d65252d4936a7I.jpg\" slate-data-type=\"image\"\/><img decoding=\"async\" src=\"https:\/\/ae01.alicdn.com\/kf\/Sa3c4283275364fbb9f56c624ea651c21L.jpg\" slate-data-type=\"image\"\/><img decoding=\"async\" src=\"https:\/\/ae01.alicdn.com\/kf\/Se6aa656251e84d04ab98a4860e0065855.jpg\" slate-data-type=\"image\"\/><img decoding=\"async\" src=\"https:\/\/ae01.alicdn.com\/kf\/S4ecbe3aa6d57459d827647dbdcf6b0645.jpg\" slate-data-type=\"image\"\/><\/p>","protected":false},"excerpt":{"rendered":"<p>Brand:&nbsp;FOSSiBOT Type:&nbsp;Solar Panel Model:&nbsp;SP420 Peak Power:&nbsp;420W (105W*4) Cell Type:&nbsp;MonoCell (182*182mm) Conversion Efficiency:&nbsp;23.4% Imp:&nbsp;13.1A &gt;&gt;Highlights23.4% High Solar Conversion EfficiencyWith up to 23.4% high-efficiency monocrystalline solar cells, SP420 performs better than similarly<\/p>","protected":false},"featured_media":21750,"comment_status":"open","ping_status":"closed","template":"","meta":{"_acf_changed":false},"product_brand":[],"product_cat":[531],"product_tag":[],"class_list":{"0":"post-21749","1":"product","2":"type-product","3":"status-publish","4":"has-post-thumbnail","6":"product_cat-foldable-solar-panels","8":"first","9":"instock","10":"shipping-taxable","11":"purchasable","12":"product-type-simple"},"acf":[],"_links":{"self":[{"href":"https:\/\/electricstore.eu\/lv\/wp-json\/wp\/v2\/product\/21749","targetHints":{"allow":["GET"]}}],"collection":[{"href":"https:\/\/electricstore.eu\/lv\/wp-json\/wp\/v2\/product"}],"about":[{"href":"https:\/\/electricstore.eu\/lv\/wp-json\/wp\/v2\/types\/product"}],"replies":[{"embeddable":true,"href":"https:\/\/electricstore.eu\/lv\/wp-json\/wp\/v2\/comments?post=21749"}],"wp:featuredmedia":[{"embeddable":true,"href":"https:\/\/electricstore.eu\/lv\/wp-json\/wp\/v2\/media\/21750"}],"wp:attachment":[{"href":"https:\/\/electricstore.eu\/lv\/wp-json\/wp\/v2\/media?parent=21749"}],"wp:term":[{"taxonomy":"product_brand","embeddable":true,"href":"https:\/\/electricstore.eu\/lv\/wp-json\/wp\/v2\/product_brand?post=21749"},{"taxonomy":"product_cat","embeddable":true,"href":"https:\/\/electricstore.eu\/lv\/wp-json\/wp\/v2\/product_cat?post=21749"},{"taxonomy":"product_tag","embeddable":true,"href":"https:\/\/electricstore.eu\/lv\/wp-json\/wp\/v2\/product_tag?post=21749"}],"curies":[{"name":"wp","href":"https:\/\/api.w.org\/{rel}","templated":true}]}}