{"id":21725,"date":"2025-05-20T18:21:34","date_gmt":"2025-05-20T18:21:34","guid":{"rendered":"https:\/\/electricstore.eu\/p\/uncategorized\/oukitel-pv200-foldable-solar-panel-21-7-solar-conversion-efficiency-ip65-waterproof\/"},"modified":"2025-05-20T18:21:35","modified_gmt":"2025-05-20T18:21:35","slug":"oukitel-pv200-foldable-solar-panel-21-7-solar-conversion-efficiency-ip65-waterproof","status":"publish","type":"product","link":"https:\/\/electricstore.eu\/lv\/p\/batteries\/foldable-solar-panels\/oukitel-pv200-foldable-solar-panel-21-7-solar-conversion-efficiency-ip65-waterproof\/","title":{"rendered":"OUKITEL PV200 salok\u0101ms saules panelis, 21.7% saules ener\u0123ijas konversijas efektivit\u0101te, IP65 \u016bdensiztur\u012bgs"},"content":{"rendered":"<div class=\"product-specs-list-container\">\n<ul class=\"product-specs-list util-clearfix\">\n<li class=\"product-prop line-limit-length\"><span\n                                        class=\"property-title\">Z\u012bmols:&nbsp;<\/span><span\n                                        class=\"property-desc line-limit-length\">OUKITEL<\/span>\n                            <\/li>\n<li class=\"product-prop line-limit-length\"><span\n                                        class=\"property-title\">Modelis:&nbsp;<\/span><span\n                                        class=\"property-desc line-limit-length\">PV200<\/span>\n                            <\/li>\n<li class=\"product-prop line-limit-length\"><span\n                                        class=\"property-title\">Nomin\u0101l\u0101 jauda:&nbsp;<\/span><span\n                                        class=\"property-desc line-limit-length\">200 W<\/span>\n                            <\/li>\n<li class=\"product-prop line-limit-length\"><span\n                                        class=\"property-title\">Efektivit\u0101te:&nbsp;<\/span><span\n                                        class=\"property-desc line-limit-length\">21.7%<\/span>\n                            <\/li>\n<li class=\"product-prop line-limit-length\"><span\n                                        class=\"property-title\">Atv\u0113rt\u0101s \u0137\u0113des spriegums:&nbsp;<\/span><span\n                                        class=\"property-desc line-limit-length\">25.2V<\/span>\n                            <\/li>\n<\/ul><\/div>\n<p style=\"font-family:&quot;Microsoft YaHei&quot;;font-size:medium;font-weight:400;letter-spacing:normal;text-align:start;white-space:normal;color:rgb(0, 0, 0)\" align=\"start\"><span style=\"font-size:x-large\">Svar\u012bg\u0101kie notikumi<\/span><\/p>\n<p><\/p>\n<p style=\"font-family:&quot;Microsoft YaHei&quot;;font-size:medium;font-weight:400;letter-spacing:normal;text-align:start;white-space:normal;color:rgb(0, 0, 0)\" align=\"start\"><strong>High Conversion Efficiency<\/strong><br \/>Constructed from high-efficiency monocrystalline solar cells, with an efficiency of up to 21.7%, OUKITEL PV200 can convert more solar power into usable energy, which enables higher power generation even if the panel size is not larger than ordinary solar panels.<\/p>\n<p><\/p>\n<p style=\"font-family:&quot;Microsoft YaHei&quot;;font-size:medium;font-weight:400;letter-spacing:normal;text-align:start;white-space:normal;color:rgb(0, 0, 0)\" align=\"start\"><strong>Iztur\u012bgs un \u0161\u013cakatu necaurlaid\u012bgs<\/strong><br \/>The ETFE-laminated case is durable enough to extend the lifespan of the solar panel. IP65 water-resistant design will protect it from water splashing (Do not place it under the rain).<\/p>\n<p><\/p>\n<p style=\"font-family:&quot;Microsoft YaHei&quot;;font-size:medium;font-weight:400;letter-spacing:normal;text-align:start;white-space:normal;color:rgb(0, 0, 0)\" align=\"start\"><strong>Viegli p\u0101rn\u0113s\u0101jams un iek\u013cauts atbalsta k\u0101ji\u0146\u0161<\/strong><br \/>OUKITEL PV200 solar panel is foldable so you&#x27;re able to take it anywhere. The kickstand leans on an angle that makes the solar panel easily soak energy from the sunlight.<\/p>\n<p><\/p>\n<p style=\"font-family:&quot;Microsoft YaHei&quot;;font-size:medium;font-weight:400;letter-spacing:normal;text-align:start;white-space:normal;color:rgb(0, 0, 0)\" align=\"start\"><strong>Pla\u0161a sader\u012bba<\/strong><br \/>This solar panel is compatible with OUKITEL P2001\/P501\/CN505\/P301 power station and other generators on the market, ideal for off-grid camping and unexpected power outage.<\/p>\n<p><\/p>\n<h2 style=\"font-family:&quot;Microsoft YaHei&quot;;font-size:14px;letter-spacing:normal;text-align:start;white-space:normal;color:rgb(0, 0, 0);margin:10px 0px;margin-bottom:10px;margin-top:10px;margin-left:0px;margin-right:0px;padding:0px;padding-bottom:0px;padding-top:0px;padding-left:0px;padding-right:0px\" align=\"start\"><span style=\"font-size:26px\"><strong>Specifik\u0101cija<\/strong><\/span><\/h2>\n<p><\/p>\n<table style=\"border-collapse:collapse;font-family:&quot;Microsoft YaHei&quot;;width:1000px\" class=\"jbEidtTable\" border=\"1\" cellpadding=\"5\" cellspacing=\"0\">\n<tbody>\n<tr>\n<td style=\"text-align:left\" align=\"left\">\n<p><strong>Visp\u0101r\u012bgi<\/strong><\/p>\n<\/td>\n<td style=\"text-align:left\" align=\"left\">\n<p>Z\u012bmols: OUKITEL<br \/>Tips: Saules panelis<br \/>Model: PV200<br \/>Kr\u0101sa: melna<\/p>\n<\/td>\n<\/tr>\n<tr>\n<td style=\"text-align:left\" align=\"left\">\n<p><strong>Specifik\u0101cija<\/strong><\/p>\n<\/td>\n<td style=\"text-align:left\" align=\"left\">\n<p>Rated Power: 200W<br \/>Open Circuit Voltage: 25.2V<br \/>Short Circuit Current: 11.42A<br \/>Efficiency: 21.7%<br \/>\u0160\u016bnas tips: monokrist\u0101lisks sil\u012bcijs<\/p>\n<\/td>\n<\/tr>\n<tr>\n<td style=\"text-align:left\" align=\"left\">\n<p><strong>Svars un izm\u0113rs<\/strong><\/p>\n<\/td>\n<td style=\"text-align:left\" align=\"left\">\n<p>Product Weight: 7.85kg<br \/>Package Weight: 8.8kg<br \/>Expanded Size: 53.6&#215;234.9&#215;2.5cm<br \/>Package Size(L x W x H): 60.5&#215;10.5x71cm<\/p>\n<\/td>\n<\/tr>\n<tr>\n<td style=\"text-align:left\" align=\"left\">\n<p><strong>Iepakojuma saturs<\/strong><\/p>\n<\/td>\n<td style=\"text-align:left\" align=\"left\">\n<p>1 x OUKITEL 200W Solar Panel<br \/>1 x MC4 kabelis<br \/>1 lietot\u0101ja rokasgr\u0101mata<\/p>\n<\/td>\n<\/tr>\n<\/tbody>\n<\/table>\n<p style=\"font-family:&quot;Microsoft YaHei&quot;;font-size:medium;font-weight:400;letter-spacing:normal;text-align:start;white-space:normal;color:rgb(0, 0, 0)\" align=\"start\"><img decoding=\"async\" src=\"https:\/\/ae01.alicdn.com\/kf\/S7817362f58a644d8a7cc52f2946bc9a3D.jpg\" slate-data-type=\"image\"\/><img decoding=\"async\" src=\"https:\/\/ae01.alicdn.com\/kf\/Sd676fea295974799af5ec16c033960f9d.jpg\" slate-data-type=\"image\"\/><img decoding=\"async\" src=\"https:\/\/ae01.alicdn.com\/kf\/S45f04756718446159144f5d91996eeab0.jpg\" slate-data-type=\"image\"\/><img decoding=\"async\" src=\"https:\/\/ae01.alicdn.com\/kf\/Sd625b966d7d54b30a3a98e67d55e7e6bB.jpg\" slate-data-type=\"image\"\/><\/p>","protected":false},"excerpt":{"rendered":"<p>Brand:&nbsp;OUKITEL Model:&nbsp;PV200 Rated Power:&nbsp;200W Efficiency:&nbsp;21.7% Open Circuit Voltage:&nbsp;25.2V Highlights High Conversion EfficiencyConstructed from high-efficiency monocrystalline solar cells, with an efficiency of up to 21.7%, OUKITEL PV200 can convert more solar<\/p>","protected":false},"featured_media":21726,"comment_status":"open","ping_status":"closed","template":"","meta":{"_acf_changed":false},"product_brand":[],"product_cat":[531],"product_tag":[],"class_list":{"0":"post-21725","1":"product","2":"type-product","3":"status-publish","4":"has-post-thumbnail","6":"product_cat-foldable-solar-panels","8":"first","9":"instock","10":"shipping-taxable","11":"purchasable","12":"product-type-simple"},"acf":[],"_links":{"self":[{"href":"https:\/\/electricstore.eu\/lv\/wp-json\/wp\/v2\/product\/21725","targetHints":{"allow":["GET"]}}],"collection":[{"href":"https:\/\/electricstore.eu\/lv\/wp-json\/wp\/v2\/product"}],"about":[{"href":"https:\/\/electricstore.eu\/lv\/wp-json\/wp\/v2\/types\/product"}],"replies":[{"embeddable":true,"href":"https:\/\/electricstore.eu\/lv\/wp-json\/wp\/v2\/comments?post=21725"}],"wp:featuredmedia":[{"embeddable":true,"href":"https:\/\/electricstore.eu\/lv\/wp-json\/wp\/v2\/media\/21726"}],"wp:attachment":[{"href":"https:\/\/electricstore.eu\/lv\/wp-json\/wp\/v2\/media?parent=21725"}],"wp:term":[{"taxonomy":"product_brand","embeddable":true,"href":"https:\/\/electricstore.eu\/lv\/wp-json\/wp\/v2\/product_brand?post=21725"},{"taxonomy":"product_cat","embeddable":true,"href":"https:\/\/electricstore.eu\/lv\/wp-json\/wp\/v2\/product_cat?post=21725"},{"taxonomy":"product_tag","embeddable":true,"href":"https:\/\/electricstore.eu\/lv\/wp-json\/wp\/v2\/product_tag?post=21725"}],"curies":[{"name":"wp","href":"https:\/\/api.w.org\/{rel}","templated":true}]}}