{"id":21713,"date":"2025-05-20T18:21:26","date_gmt":"2025-05-20T18:21:26","guid":{"rendered":"https:\/\/electricstore.eu\/p\/uncategorized\/cloudenergy-solar-storage-48v-60ah-portable-power-station-66ah-capacity-lifepo4-built-in-200a-bms-with-mobile-app-6000-cycles\/"},"modified":"2025-05-20T18:21:27","modified_gmt":"2025-05-20T18:21:27","slug":"cloudenergy-solar-storage-48v-60ah-portable-power-station-66ah-capacity-lifepo4-built-in-200a-bms-with-mobile-app-6000-cycles","status":"publish","type":"product","link":"https:\/\/electricstore.eu\/lv\/p\/batteries\/lifepo4-batteries\/100ah\/cloudenergy-solar-storage-48v-60ah-portable-power-station-66ah-capacity-lifepo4-built-in-200a-bms-with-mobile-app-6000-cycles\/","title":{"rendered":"Cloudenergy saules ener\u0123ijas uzglab\u0101\u0161anas 48 V 60 Ah p\u0101rn\u0113s\u0101jama elektrostacija ar 66 Ah ietilp\u012bbu, LiFePO4 ieb\u016bv\u0113tu 200 A BMS ar mobilo lietotni, vair\u0101k nek\u0101 6000 cikli"},"content":{"rendered":"<div class=\"product-specs-list-container\">\n<ul class=\"product-specs-list util-clearfix\">\n<li class=\"product-prop line-limit-length\"><span\n                                        class=\"property-title\">Nomin\u0101l\u0101 ietilp\u012bba:&nbsp;<\/span><span\n                                        class=\"property-desc line-limit-length\">3072Wh<\/span>\n                            <\/li>\n<li class=\"product-prop line-limit-length\"><span\n                                        class=\"property-title\">Mode\u013ca numurs:&nbsp;<\/span><span\n                                        class=\"property-desc line-limit-length\">CL48-60G<\/span>\n                            <\/li>\n<li class=\"product-prop line-limit-length\"><span\n                                        class=\"property-title\">Tips:&nbsp;<\/span><span\n                                        class=\"property-desc line-limit-length\">LiFePO4<\/span>\n                            <\/li>\n<li class=\"product-prop line-limit-length\"><span\n                                        class=\"property-title\">Komplekta veids:&nbsp;<\/span><span\n                                        class=\"property-desc line-limit-length\">L\u0101d\u0113t\u0101ju komplekti<\/span>\n                            <\/li>\n<li class=\"product-prop line-limit-length\"><span\n                                        class=\"property-title\">Z\u012bmols:&nbsp;<\/span><span\n                                        class=\"property-desc line-limit-length\">M\u0101ko\u0146u ener\u0123ija<\/span>\n                            <\/li>\n<li class=\"product-prop line-limit-length\"><span\n                                        class=\"property-title\">Modelis:&nbsp;<\/span><span\n                                        class=\"property-desc line-limit-length\">CL48-60G<\/span>\n                            <\/li>\n<li class=\"product-prop line-limit-length\"><span\n                                        class=\"property-title\">Nomin\u0101lais spriegums:&nbsp;<\/span><span\n                                        class=\"property-desc line-limit-length\">51,2 V<\/span>\n                            <\/li>\n<li class=\"product-prop line-limit-length\"><span\n                                        class=\"property-title\">Ener\u0123ija:&nbsp;<\/span><span\n                                        class=\"property-desc line-limit-length\">3072Wh<\/span>\n                            <\/li>\n<li class=\"product-prop line-limit-length\"><span\n                                        class=\"property-title\">Maksim\u0101l\u0101 izl\u0101de:&nbsp;<\/span><span\n                                        class=\"property-desc line-limit-length\">600A<\/span>\n                            <\/li>\n<li class=\"product-prop line-limit-length\"><span\n                                        class=\"property-title\">Uzl\u0101des str\u0101va:&nbsp;<\/span><span\n                                        class=\"property-desc line-limit-length\">30A, 30A<\/span>\n                            <\/li>\n<li class=\"product-prop line-limit-length\"><span\n                                        class=\"property-title\">1.\u00a0funkcijas:&nbsp;<\/span><span\n                                        class=\"property-desc line-limit-length\">P\u0101rn\u0113s\u0101jams akumulators<\/span>\n                            <\/li>\n<li class=\"product-prop line-limit-length\"><span\n                                        class=\"property-title\">02.\u00a0funkcijas:&nbsp;<\/span><span\n                                        class=\"property-desc line-limit-length\">P\u0101rn\u0113s\u0101jama zi\u0146ojama jauda<\/span>\n                            <\/li>\n<li class=\"product-prop line-limit-length\"><span\n                                        class=\"property-title\">Funkcijas 03:&nbsp;<\/span><span\n                                        class=\"property-desc line-limit-length\">Bluetti sp\u0113kstacija<\/span>\n                            <\/li>\n<li class=\"product-prop line-limit-length\"><span\n                                        class=\"property-title\">04.\u00a0funkcijas:&nbsp;<\/span><span\n                                        class=\"property-desc line-limit-length\">P\u0101rn\u0113s\u0101jams kempinga akumulators<\/span>\n                            <\/li>\n<\/ul><\/div>\n<div class=\"detailmodule_html\">\n<div class=\"detail-desc-decorate-richtext\">\n<ul style=\"font-family:&quot;Microsoft YaHei&quot;;font-size:medium;font-weight:400;letter-spacing:normal;text-align:start;white-space:normal;color:rgb(0, 0, 0);margin-bottom:10px;padding-left:0px\" class=\"clearfix\" align=\"start\">\n<li style=\"font-size:14px;font-weight:bold;margin-right:10px;padding-left:18px;list-style:none;float:left\">\n<p><span style=\"font-size:26px\"><strong>Svar\u012bg\u0101kie momenti:<\/strong><\/span><\/p>\n<ul style=\"font-family:&quot;Microsoft YaHei&quot;;font-size:medium;font-weight:400;letter-spacing:normal;text-align:start;white-space:normal;color:rgb(0, 0, 0);margin-bottom:10px;padding-left:0px\" class=\"clearfix\" align=\"start\">\n<li style=\"font-size:14px;margin-right:10px;padding-left:18px;list-style:none;position:relative;float:left\">\n<p><\/p>\n<\/li>\n<li style=\"font-size:14px;margin-right:10px;padding-left:18px;list-style:none;position:relative;float:left\">\n<h3><strong>2-vien\u0101 iepakojums<\/strong><\/h3>\n<p>Cloudenergy 48 V (51,2 V) 60 Ah LiFePO4 golfa rati\u0146u akumulatora komplekt\u0101 ir iek\u013cauts viss nepiecie\u0161amais. Tam ir 2,8 collu LCD sk\u0101rienekr\u0101ns akumulatora inform\u0101cijas att\u0113lo\u0161anai re\u0101llaik\u0101 un 78,74 collu akumulatora stiprin\u0101juma siksna vienk\u0101r\u0161ai un dro\u0161ai uzst\u0101d\u012b\u0161anai.<\/p>\n<h3><strong>Ieb\u016bv\u0113ts Bluetooth 200A BMS<\/strong><\/h3>\n<p>Cloudenergy 48 V (51,2 V) 60 Ah golfa rati\u0146u LiFePO4 akumulators ar ieb\u016bv\u0113tu Bluetooth BMS, viegli uzraug\u0101ma akumulatora inform\u0101cija un augstas veiktsp\u0113jas uzl\u0101des un izl\u0101des aizsardz\u012bba ar lielu 6,14 kW jaudu, past\u0101v\u012bgu izl\u0101di 120 A. BMS ar zemas temperat\u016bras izsl\u0113g\u0161anas tehnolo\u0123iju var efekt\u012bvi nov\u0113rst p\u0101rl\u0101d\u0113\u0161anu, p\u0101rl\u0101d\u0113\u0161anu, p\u0101rslodzi, \u012bssavienojumu un p\u0101rkar\u0161anu.<\/p>\n<h3><strong>6000+ dzi\u013ci cikli un 80% DOD<\/strong><\/h3>\n<p>Cloudenergy 48 V (51,2 V) 60 Ah LiFePO4 akumulators nodro\u0161ina vair\u0101k nek\u0101 6000 dzi\u013cus ciklus, sal\u012bdzinot ar tradicion\u0101lajiem svina-sk\u0101bes akumulatoriem, kas nodro\u0161ina tikai aptuveni 300\u2013600 ciklus, kas pagarina akumulatora kalpo\u0161anas laiku vair\u0101k nek\u0101 10 reizes. 6000 dzi\u013ci cikli, izmantojot kalpo\u0161anas laiku, un 80% izl\u0101des dzi\u013cums ir ar\u012b lab\u0101ki nek\u0101 daudziem citu joslu LiFePO4 akumulatoriem.<\/p>\n<h3><strong>Dro\u0161s un uzticams baro\u0161anas avots<\/strong><\/h3>\n<p>Cloudenergy 48V (51.2V) 60Ah LiFePO4 akumulatori ir paredz\u0113ti 48V golfa rati\u0146iem, izmantojot augsta bl\u012bvuma A klases elementus augstai ener\u0123ijai (atbalsta 2C izl\u0101di) un veiktsp\u0113jai, akumulatora korpuss ir izgatavots no augstas stipr\u012bbas auksti velm\u0113tas met\u0101la pl\u0101ksnes, kas ir ugunsdro\u0161a, triecieniztur\u012bga un IP66, sader\u012bga ar visiem galvenajiem golfa rati\u0146u kontrolieru z\u012bmoliem tirg\u016b, tie ir ide\u0101li piem\u0113roti golfa rati\u0146iem, elektriskajiem transportl\u012bdzek\u013ciem, motoriz\u0113tiem velc\u0113m, ku\u0123u dzin\u0113jiem un cit\u0101m lietojumprogramm\u0101m.<\/p>\n<\/li>\n<\/ul>\n<p><span style=\"font-size:24px\"><strong>Specifik\u0101cija:<\/strong><\/span><\/p>\n<\/li>\n<li style=\"font-size:14px;margin-right:10px;padding-left:18px;list-style:none;position:relative;float:left\">\n<table style=\"border-collapse:collapse;width:330.188px\" border=\"1\" cellpadding=\"5\" cellspacing=\"0\">\n<tbody>\n<tr>\n<td style=\"font-size:14px;text-align:center;width:89.15px\" align=\"center\">\n<p>Visp\u0101r\u012bgi<\/p>\n<\/td>\n<td style=\"font-size:14px;text-align:center;width:216.238px\" align=\"center\">\n<p>Z\u012bmols: Cloudenergy<br \/>Tips: LiFePO4 akumulators<br \/>Modelis: CL48-60G<br \/>Kr\u0101sa: oran\u017ea + melna<\/p>\n<\/td>\n<\/tr>\n<tr>\n<td style=\"font-size:14px;text-align:center;width:89.15px\" align=\"center\">\n<p>Specifik\u0101cija<\/p>\n<\/td>\n<td style=\"font-size:14px;text-align:center;width:216.238px\" align=\"center\">\n<p>Nomin\u0101lais spriegums: 51,2 V<br \/>Nomin\u0101l\u0101 ietilp\u012bba: 60Ah<br \/>Ener\u0123ija: 3072 Wh<br \/>Iek\u0161\u0113j\u0101 pretest\u012bba: \u2264 150m\u03a9<br \/>Cikla ilgums: \u2265 4000 cikli @ 0,2 \u00b0C 100% DOD<br \/>M\u0113ne\u0161u pa\u0161izl\u0101de: &lt;3%<br \/>Uzl\u0101des efektivit\u0101te: 100% pie 0,2 \u00b0C<br \/>Izl\u0101des efektivit\u0101te: 96-99% pie 0,5 \u00b0C<\/p>\n<p>Standarta maksa<br \/>Uzl\u0101des atsl\u0113g\u0161anas spriegums: 58,4 \u00b1 0,2 V<br \/>Uzl\u0101des re\u017e\u012bms: no 0,2\u00a0C l\u012bdz 58,4\u00a0V<br \/>Uzl\u0101des str\u0101va: 30A<\/p>\n<p>Standarta izl\u0101de<br \/>Nep\u0101rtraukt\u0101 str\u0101va: 120A<br \/>Moment\u0101n\u0101 str\u0101va: 200A<\/p>\n<p>Maksim\u0101l\u0101 izl\u0101de: 600A<br \/>Izl\u0101des atsl\u0113g\u0161anas spriegums: 40 V<br \/>Uzglab\u0101\u0161anas temperat\u016bra: no -10 l\u012bdz 50 \u00b0C<br \/>Uzl\u0101des temperat\u016bra: no 0 l\u012bdz 50 \u00b0C<br \/>Izl\u0101des temperat\u016bra: no -20 l\u012bdz 60 \u00b0C<br \/>\u0160\u016bna un metode: 3,2 V 60 AH-16 S1 P<br \/>Lieta: SPCC<br \/>Termin\u0101ls: M8<\/p>\n<\/td>\n<\/tr>\n<tr>\n<td style=\"font-size:14px;text-align:center;width:89.15px\" align=\"center\">\n<p>Svars un izm\u0113rs<\/p>\n<\/td>\n<td style=\"font-size:14px;text-align:center;width:216.238px\" align=\"center\">\n<p>Produkta svars: 28 kg<br \/>Iepakojuma svars: 30 kg<br \/>Izstr\u0101d\u0101juma izm\u0113rs (G x P x A): 44,7 \u00d7 28,3 \u00d7 17,5 cm<br \/>Iepakojuma izm\u0113rs (G x P x A): 56,2 \u00d7 43,9 \u00d7 23,9 cm<\/p>\n<\/td>\n<\/tr>\n<tr>\n<td style=\"font-size:14px;text-align:center;width:89.15px\" align=\"center\">\n<p>Konteineru iepakojums<\/p>\n<\/td>\n<td style=\"font-size:14px;text-align:center;width:216.238px\" align=\"center\">\n<p>1x48V 60Ah LiFePO4 akumulators<br \/>1 x sk\u0101rienmonitors<br \/>1 x fiks\u0101cijas siksna<br \/>1 lietot\u0101ja rokasgr\u0101mata<\/p>\n<\/td>\n<\/tr>\n<\/tbody>\n<\/table>\n<\/li>\n<li style=\"font-size:14px;font-weight:bold;margin-right:10px;padding-left:18px;list-style:none;float:left\">\n<p><\/p>\n<\/li>\n<\/ul>\n<p><img decoding=\"async\" src=\"https:\/\/ae01.alicdn.com\/kf\/Saf9fb0dc378a499bbe4bfc5d7333fab7l.jpg\" slate-data-type=\"image\"\/><img decoding=\"async\" src=\"https:\/\/ae01.alicdn.com\/kf\/Sae8bd696e9744d668b61068453f2f3138.jpg\" slate-data-type=\"image\"\/><img decoding=\"async\" src=\"https:\/\/ae01.alicdn.com\/kf\/S8a206a0383eb451b869c2b0a6d4c83e9z.jpg\" slate-data-type=\"image\"\/><img decoding=\"async\" src=\"https:\/\/ae01.alicdn.com\/kf\/S73691285f2124a6cbfee63183dde9d3aw.jpg\" slate-data-type=\"image\"\/><img decoding=\"async\" src=\"https:\/\/ae01.alicdn.com\/kf\/S07da38e8dd834ad491be7e46875b27a8s.jpg\" slate-data-type=\"image\"\/><img decoding=\"async\" src=\"https:\/\/ae01.alicdn.com\/kf\/S2f7b112ec7b546e8a195a6a337143d73K.jpg\" slate-data-type=\"image\"\/><img decoding=\"async\" src=\"https:\/\/ae01.alicdn.com\/kf\/S4c2907ef022646cab0bbb0481349efefR.jpg\" slate-data-type=\"image\"\/><img decoding=\"async\" src=\"https:\/\/ae01.alicdn.com\/kf\/S282ca13447ab4c6a8772703b6cfb02b89.jpg\" slate-data-type=\"image\"\/><img decoding=\"async\" src=\"https:\/\/ae01.alicdn.com\/kf\/S0f34154a8e46476fb0da4596621aa5c96.jpg\" slate-data-type=\"image\"\/><img decoding=\"async\" src=\"https:\/\/ae01.alicdn.com\/kf\/Scd66a338d61c4992b1467ccf3d2c938bz.jpg\" slate-data-type=\"image\"\/><img decoding=\"async\" src=\"https:\/\/ae01.alicdn.com\/kf\/S224b61bca9ee467aa501d5723b140148x.jpg\" slate-data-type=\"image\"\/><img decoding=\"async\" src=\"https:\/\/ae01.alicdn.com\/kf\/Sa031bffa1c974f119361671f9461f0b3V.jpg\" slate-data-type=\"image\"\/><\/p>\n<\/div>\n<\/div>","protected":false},"excerpt":{"rendered":"<p>Nominal Capacity:&nbsp;3072Wh Model Number:&nbsp;CL48-60G Type:&nbsp;LiFePO4 Set Type:&nbsp;Charger Sets Brand:&nbsp;Cloudenergy Model:&nbsp;CL48-60G Nominal Voltage:&nbsp;51.2V Energy:&nbsp;3072Wh Peak Discharge:&nbsp;600A Charge Current:&nbsp;30A,30A Features 01:&nbsp;Portable battery Features 02:&nbsp;Portable reportable power Features 03:&nbsp;Bluetti power station Features 04:&nbsp;Portable<\/p>","protected":false},"featured_media":21715,"comment_status":"open","ping_status":"closed","template":"","meta":{"_acf_changed":false},"product_brand":[],"product_cat":[236],"product_tag":[],"class_list":{"0":"post-21713","1":"product","2":"type-product","3":"status-publish","4":"has-post-thumbnail","6":"product_cat-100ah","8":"first","9":"instock","10":"shipping-taxable","11":"purchasable","12":"product-type-simple"},"acf":[],"_links":{"self":[{"href":"https:\/\/electricstore.eu\/lv\/wp-json\/wp\/v2\/product\/21713","targetHints":{"allow":["GET"]}}],"collection":[{"href":"https:\/\/electricstore.eu\/lv\/wp-json\/wp\/v2\/product"}],"about":[{"href":"https:\/\/electricstore.eu\/lv\/wp-json\/wp\/v2\/types\/product"}],"replies":[{"embeddable":true,"href":"https:\/\/electricstore.eu\/lv\/wp-json\/wp\/v2\/comments?post=21713"}],"wp:featuredmedia":[{"embeddable":true,"href":"https:\/\/electricstore.eu\/lv\/wp-json\/wp\/v2\/media\/21715"}],"wp:attachment":[{"href":"https:\/\/electricstore.eu\/lv\/wp-json\/wp\/v2\/media?parent=21713"}],"wp:term":[{"taxonomy":"product_brand","embeddable":true,"href":"https:\/\/electricstore.eu\/lv\/wp-json\/wp\/v2\/product_brand?post=21713"},{"taxonomy":"product_cat","embeddable":true,"href":"https:\/\/electricstore.eu\/lv\/wp-json\/wp\/v2\/product_cat?post=21713"},{"taxonomy":"product_tag","embeddable":true,"href":"https:\/\/electricstore.eu\/lv\/wp-json\/wp\/v2\/product_tag?post=21713"}],"curies":[{"name":"wp","href":"https:\/\/api.w.org\/{rel}","templated":true}]}}