{"id":21700,"date":"2025-05-20T18:21:17","date_gmt":"2025-05-20T18:21:17","guid":{"rendered":"https:\/\/electricstore.eu\/p\/uncategorized\/oukitel-p2001-plus-2400w-pure-sine-wave-power-station-13-output-ports-2048wh-expansion-app-control-energy-storage-power-station-solar-charge-1-5h-full-charge\/"},"modified":"2025-05-20T18:21:23","modified_gmt":"2025-05-20T18:21:23","slug":"oukitel-p2001-plus-2400w-pure-sine-wave-power-station-13-output-ports-2048wh-expansion-app-control-energy-storage-power-station-solar-charge-1-5h-full-charge","status":"publish","type":"product","link":"https:\/\/electricstore.eu\/lv\/p\/batteries\/portable-power-stations\/oukitel-p2001-plus-2400w-pure-sine-wave-power-station-13-output-ports-2048wh-expansion-app-control-energy-storage-power-station-solar-charge-1-5h-full-charge\/","title":{"rendered":"OUKITEL P2001 Plus 2400W t\u012bra sinusoid\u0101la elektrostacija 13 izejas porti 2048Wh papla\u0161in\u0101\u0161ana APP vad\u012bba ener\u0123ijas uzkr\u0101\u0161anas elektrostacija saules uzl\u0101de 1,5h pilna uzl\u0101de"},"content":{"rendered":"<div class=\"product-specs-list-container\">\n<ul class=\"product-specs-list util-clearfix\">\n<li class=\"product-prop line-limit-length\"><span\n                                        class=\"property-title\">Nomin\u0101l\u0101 ietilp\u012bba:&nbsp;<\/span><span\n                                        class=\"property-desc line-limit-length\">2048Wh<\/span>\n                            <\/li>\n<li class=\"product-prop line-limit-length\"><span\n                                        class=\"property-title\">Mode\u013ca numurs:&nbsp;<\/span><span\n                                        class=\"property-desc line-limit-length\">P2001 Plus<\/span>\n                            <\/li>\n<li class=\"product-prop line-limit-length\"><span\n                                        class=\"property-title\">Tips:&nbsp;<\/span><span\n                                        class=\"property-desc line-limit-length\">LiFePO4<\/span>\n                            <\/li>\n<li class=\"product-prop line-limit-length\"><span\n                                        class=\"property-title\">Komplekta veids:&nbsp;<\/span><span\n                                        class=\"property-desc line-limit-length\">L\u0101d\u0113t\u0101ju komplekti<\/span>\n                            <\/li>\n<li class=\"product-prop line-limit-length\"><span\n                                        class=\"property-title\">Z\u012bmols:&nbsp;<\/span><span\n                                        class=\"property-desc line-limit-length\">OUKITEL<\/span>\n                            <\/li>\n<li class=\"product-prop line-limit-length\"><span\n                                        class=\"property-title\">Modelis:&nbsp;<\/span><span\n                                        class=\"property-desc line-limit-length\">P2001 Plus<\/span>\n                            <\/li>\n<li class=\"product-prop line-limit-length\"><span\n                                        class=\"property-title\">Nomin\u0101l\u0101 jauda:&nbsp;<\/span><span\n                                        class=\"property-desc line-limit-length\">2400 W<\/span>\n                            <\/li>\n<li class=\"product-prop line-limit-length\"><span\n                                        class=\"property-title\">Ietilp\u012bba:&nbsp;<\/span><span\n                                        class=\"property-desc line-limit-length\">2048Wh<\/span>\n                            <\/li>\n<li class=\"product-prop line-limit-length\"><span\n                                        class=\"property-title\">AC Output Voltage:&nbsp;<\/span><span\n                                        class=\"property-desc line-limit-length\">100\/110\/120V<\/span>\n                            <\/li>\n<li class=\"product-prop line-limit-length\"><span\n                                        class=\"property-title\">Solar panel:&nbsp;<\/span><span\n                                        class=\"property-desc line-limit-length\">200W\/400W<\/span>\n                            <\/li>\n<li class=\"product-prop line-limit-length\"><span\n                                        class=\"property-title\">Power arises:&nbsp;<\/span><span\n                                        class=\"property-desc line-limit-length\">4800W<\/span>\n                            <\/li>\n<li class=\"product-prop line-limit-length\"><span\n                                        class=\"property-title\">1.\u00a0funkcijas:&nbsp;<\/span><span\n                                        class=\"property-desc line-limit-length\">P\u0101rn\u0113s\u0101jams akumulators<\/span>\n                            <\/li>\n<li class=\"product-prop line-limit-length\"><span\n                                        class=\"property-title\">02.\u00a0funkcijas:&nbsp;<\/span><span\n                                        class=\"property-desc line-limit-length\">P\u0101rn\u0113s\u0101jama zi\u0146ojama jauda<\/span>\n                            <\/li>\n<li class=\"product-prop line-limit-length\"><span\n                                        class=\"property-title\">Funkcijas 03:&nbsp;<\/span><span\n                                        class=\"property-desc line-limit-length\">Bluetti sp\u0113kstacija<\/span>\n                            <\/li>\n<li class=\"product-prop line-limit-length\"><span\n                                        class=\"property-title\">04.\u00a0funkcijas:&nbsp;<\/span><span\n                                        class=\"property-desc line-limit-length\">P\u0101rn\u0113s\u0101jams kempinga akumulators<\/span>\n                            <\/li>\n<li class=\"product-prop line-limit-length\"><span\n                                        class=\"property-title\">05.\u00a0funkcijas:&nbsp;<\/span><span\n                                        class=\"property-desc line-limit-length\">3600 W p\u0101rn\u0113s\u0101jama elektrostacija<\/span>\n                            <\/li>\n<li class=\"product-prop line-limit-length\"><span\n                                        class=\"property-title\">Mai\u0146str\u0101vas izeja:&nbsp;<\/span><span\n                                        class=\"property-desc line-limit-length\">220-240V<\/span>\n                            <\/li>\n<li class=\"product-prop line-limit-length\"><span\n                                        class=\"property-title\">Invertora tips:&nbsp;<\/span><span\n                                        class=\"property-desc line-limit-length\">T\u012brs sinusa vilnis<\/span>\n                            <\/li>\n<li class=\"product-prop line-limit-length\"><span\n                                        class=\"property-title\">AC Input: Max:&nbsp;<\/span><span\n                                        class=\"property-desc line-limit-length\">1800 W<\/span>\n                            <\/li>\n<\/ul><\/div>\n<div class=\"detailmodule_html\">\n<div class=\"detail-desc-decorate-richtext\">\n<p style=\"font-family:&quot;Microsoft YaHei&quot;;font-size:medium;font-weight:400;letter-spacing:normal;text-align:start;white-space:normal;color:rgb(0, 0, 0)\" align=\"start\"><strong><span style=\"font-size:x-large\">Svar\u012bg\u0101kie momenti:<\/span><\/strong><\/p>\n<div><\/div>\n<p style=\"font-family:&quot;Microsoft YaHei&quot;;font-size:medium;font-weight:400;letter-spacing:normal;text-align:start;white-space:normal;color:rgb(0, 0, 0)\" align=\"start\">Neskatoties uz iev\u0113rojamo jaudas kr\u0101tuvi, F3600 Pro joproj\u0101m ir iev\u0113rojami p\u0101rn\u0113s\u0101jams, sverot tikai 42 kg. T\u0101 kompaktie izm\u0113ri un iztur\u012bgie rite\u0146i ar ievelkamu rokturi atvieglo t\u0101 transport\u0113\u0161anu. Lieliski piem\u0113rots kempingam, ce\u013cojumam ar bag\u0101\u017eas nodal\u012bjumu vai k\u0101 rezerves baro\u0161anas avots av\u0101rijas situ\u0101cij\u0101m.<\/p>\n<h3 style=\"font-family:&quot;Microsoft YaHei&quot;;letter-spacing:normal;text-align:start;white-space:normal;color:rgb(0, 0, 0)\" align=\"start\"><strong>Viegls dizains un p\u0101rnesam\u012bba<\/strong><\/h3>\n<p style=\"font-family:&quot;Microsoft YaHei&quot;;font-size:medium;font-weight:400;letter-spacing:normal;text-align:start;white-space:normal;color:rgb(0, 0, 0)\" align=\"start\">F3600 Pro ir apr\u012bkots ar augstas dro\u0161\u012bbas LiFePO4 akumulatoru, kas nodro\u0161ina stabilu un dro\u0161u darb\u012bbu 6500 uzl\u0101des\/izl\u0101des ciklu laik\u0101, pied\u0101v\u0101jot ilgm\u016b\u017e\u012bbu, kas konkur\u0113 ar elektriskajiem transportl\u012bdzek\u013ciem. \u0160\u012b uzlabot\u0101 akumulatora tehnolo\u0123ija garant\u0113 uzticamu veiktsp\u0113ju vair\u0101k nek\u0101 desmit gadus.<\/p>\n<h3 style=\"font-family:&quot;Microsoft YaHei&quot;;letter-spacing:normal;text-align:start;white-space:normal;color:rgb(0, 0, 0)\" align=\"start\"><strong>Augstas dro\u0161\u012bbas LiFePO4 akumulators<\/strong><\/h3>\n<p style=\"font-family:&quot;Microsoft YaHei&quot;;font-size:medium;font-weight:400;letter-spacing:normal;text-align:start;white-space:normal;color:rgb(0, 0, 0)\" align=\"start\">F3600 Pro ir apr\u012bkots ar pla\u0161u uzl\u0101des piesl\u0113gvietu kl\u0101stu, tostarp 1x PD 100W, 3x PD 20W, 2x QC3.0, 1x cigare\u0161u \u0161\u0137iltavas ligzdu, 2x DC5521 12V\/3A, 1x XT60 12V\/25A un 3x mai\u0146str\u0101vas kontaktligzdas. \u0160\u012b pla\u0161\u0101 savienojumu iesp\u0113ja padara to sader\u012bgu ar praktiski jebkuru ier\u012bci, s\u0101kot no kl\u0113pjdatoriem un viedt\u0101lru\u0146iem l\u012bdz liel\u0101k\u0101m lietojumprogramm\u0101m un instrumentiem.<\/p>\n<h3 style=\"font-family:&quot;Microsoft YaHei&quot;;letter-spacing:normal;text-align:start;white-space:normal;color:rgb(0, 0, 0)\" align=\"start\"><strong>Viss iek\u013cauts uzl\u0101des iesp\u0113jas<\/strong><\/h3>\n<p style=\"font-family:&quot;Microsoft YaHei&quot;;font-size:medium;font-weight:400;letter-spacing:normal;text-align:start;white-space:normal;color:rgb(0, 0, 0)\" align=\"start\">Izmantojot modern\u0101ko \u0101tr\u0101s uzl\u0101des tehnolo\u0123iju, F3600 Pro piln\u012bb\u0101 uzl\u0101d\u0113jas tikai 1,5 stund\u0101s, pateicoties t\u0101 sp\u0113jai apstr\u0101d\u0101t uzl\u0101des jaudu l\u012bdz 4200 W. \u0160is nep\u0101rsp\u0113jamais uzl\u0101des \u0101trums nodro\u0161ina, ka vienm\u0113r esat gatavs n\u0101kamajam piedz\u012bvojumam vai \u0101rk\u0101rtas situ\u0101cijai.<\/p>\n<h3 style=\"font-family:&quot;Microsoft YaHei&quot;;letter-spacing:normal;text-align:start;white-space:normal;color:rgb(0, 0, 0)\" align=\"start\"><strong>Uzlabota uzl\u0101des tehnolo\u0123ija<\/strong><\/h3>\n<p style=\"font-family:&quot;Microsoft YaHei&quot;;font-size:medium;font-weight:400;letter-spacing:normal;text-align:start;white-space:normal;color:rgb(0, 0, 0)\" align=\"start\">FOSSiBOT F3600 Pro ir apr\u012bkots ar 3840 Wh lielas ietilp\u012bbas akumulatoru ar iesp\u0113ju to papla\u0161in\u0101t l\u012bdz 11520 Wh, pievienojot divus papildu akumulatoru blokus, nodro\u0161inot iespaid\u012bgu 3600 W lielu jaudu.<\/p>\n<h3 style=\"font-family:&quot;Microsoft YaHei&quot;;letter-spacing:normal;text-align:start;white-space:normal;color:rgb(0, 0, 0)\" align=\"start\"><strong>3840 Wh liela ietilp\u012bba<\/strong><\/h3>\n<h2 style=\"font-family:&quot;Microsoft YaHei&quot;;font-size:14px;letter-spacing:normal;text-align:start;white-space:normal;color:rgb(0, 0, 0);margin:10px 0px;margin-bottom:10px;margin-top:10px;margin-left:0px;margin-right:0px;padding:0px;padding-bottom:0px;padding-top:0px;padding-left:0px;padding-right:0px\" align=\"start\"><span style=\"font-size:26px\"><strong>Specifik\u0101cija:<\/strong><\/span><\/h2>\n<div>\u00a0<\/div>\n<table style=\"border-collapse:collapse;font-family:&quot;Microsoft YaHei&quot;;width:1000px\" class=\"jbEidtTable\" border=\"1\" cellpadding=\"5\" cellspacing=\"0\">\n<tbody>\n<tr>\n<td style=\"text-align:left;height:89px\" align=\"left\">\n<p><strong>Visp\u0101r\u012bgi<\/strong><\/p>\n<\/td>\n<td style=\"text-align:left;height:89px\" align=\"left\">\n<p>Z\u012bmols: FOSSiBOT<br \/>Tips: P\u0101rn\u0113s\u0101jama elektrostacija<br \/>Modelis: F3600 Pro<br \/>Kr\u0101sa: melna<\/p>\n<\/td>\n<\/tr>\n<tr>\n<td style=\"text-align:left;height:22px\" align=\"left\">\n<p><strong>Specifik\u0101cija<\/strong><\/p>\n<\/td>\n<td style=\"text-align:left;height:22px\" align=\"left\">\n<p>Ietilp\u012bba: 3840 Wh LiFePO4<br \/>Maksim\u0101l\u0101 akumulatora ietilp\u012bba: 11520 Wh<br \/>Mai\u0146str\u0101vas izejas jauda: 3600 W<br \/>Maksim\u0101l\u0101 ieejas jauda: 4200 W<br \/>Maksim\u0101l\u0101 jauda: 4168 W<br \/>Pilna uzl\u0101de: 4200 W uzl\u0101de 1,5 stund\u0101s<br \/>Maksim\u0101l\u0101 mai\u0146str\u0101vas uzl\u0101de: 2200 W<br \/>Maksim\u0101l\u0101 saules ener\u0123ijas uzl\u0101de: 2000 W<br \/>UPS: &lt;10 ms<br \/>Izejas porti: 1 * PD 100W, 3 * PD 20W, 2 * QC3.0, 1 * cigare\u0161u \u0161\u0137iltavas ports, 2 * DC5521 12V\/3A, 1 * XT60 12V\/25A, 3 * mai\u0146str\u0101vas kontaktligzdas<\/p>\n<\/td>\n<\/tr>\n<tr>\n<td style=\"text-align:left;height:67px\" align=\"left\">\n<p><strong>Svars un izm\u0113rs<\/strong><\/p>\n<\/td>\n<td style=\"text-align:left;height:67px\" align=\"left\">\n<p>Produkta svars: 37,8 kg<br \/>Iepakojuma svars: 40 kg<br \/>Iepakojuma izm\u0113rs (G x P x A): 69,4 \u00d7 40,4 \u00d7 58,7 cm<\/p>\n<\/td>\n<\/tr>\n<tr>\n<td style=\"text-align:left;height:44px\" align=\"left\">\n<p><strong>Konteineru iepakojums<\/strong><\/p>\n<\/td>\n<td style=\"text-align:left;height:44px\" align=\"left\">\n<p>1 x F3600 Pro p\u0101rn\u0113s\u0101jam\u0101 sp\u0113kstacija<br \/>1 x mai\u0146str\u0101vas uzl\u0101des kabelis<br \/>1 x automa\u0161\u012bnas uzl\u0101des kabelis<br \/>1 x XT90 saules uzl\u0101des kabelis<br \/>1 x \u0101das roktura maksts<br \/>1 x Uzglab\u0101\u0161anas somas kabelis<br \/>1 x p\u0101rn\u0113s\u0101jama luktur\u012bte<br \/>1 x luktur\u012b\u0161a USB kabelis un lietot\u0101ja rokasgr\u0101mata<br \/>1 x F3600 Pro lietot\u0101ja rokasgr\u0101mata<\/p>\n<\/td>\n<\/tr>\n<\/tbody>\n<\/table>\n<div><\/div>\n<p style=\"font-family:&quot;Microsoft YaHei&quot;;font-size:medium;font-weight:400;letter-spacing:normal;text-align:start;white-space:normal;color:rgb(0, 0, 0)\" align=\"start\"><img decoding=\"async\" src=\"https:\/\/ae01.alicdn.com\/kf\/S0b66e07efe794656be6040e2dd7eb405v.jpg\" slate-data-type=\"image\"\/><img decoding=\"async\" src=\"https:\/\/ae01.alicdn.com\/kf\/Sf0200d359fc34c69ba58c7df4c52e4c6f.jpg\" slate-data-type=\"image\"\/><img decoding=\"async\" src=\"https:\/\/ae01.alicdn.com\/kf\/S9c876170fd84491294222e07ae571519Q.jpg\" slate-data-type=\"image\"\/><img decoding=\"async\" src=\"https:\/\/ae01.alicdn.com\/kf\/S704f9709a4ad4b498fa599486bf2228cg.jpg\" slate-data-type=\"image\"\/><img decoding=\"async\" src=\"https:\/\/ae01.alicdn.com\/kf\/S82bd45945a0c49ccbabde11e2b8032540.jpg\" slate-data-type=\"image\"\/><img decoding=\"async\" src=\"https:\/\/ae01.alicdn.com\/kf\/Sd1d7f5ce9fb24519a8e64a8b4eebcfccf.jpg\" slate-data-type=\"image\"\/><img decoding=\"async\" src=\"https:\/\/ae01.alicdn.com\/kf\/S2f6920421fca41c288f702601c1b7bdbJ.jpg\" slate-data-type=\"image\"\/><img decoding=\"async\" src=\"https:\/\/ae01.alicdn.com\/kf\/S40da7d67f1dd44728c59cf61f59ec67ez.jpg\" slate-data-type=\"image\"\/><img decoding=\"async\" src=\"https:\/\/ae01.alicdn.com\/kf\/S2ecdb627e9e045fc9492324af0249d21p.jpg\" slate-data-type=\"image\"\/><img decoding=\"async\" src=\"https:\/\/ae01.alicdn.com\/kf\/Sbed8267e552e4855a17176a49cb688ad0.jpg\" slate-data-type=\"image\"\/><img decoding=\"async\" src=\"https:\/\/ae01.alicdn.com\/kf\/Sd3bd1be0078443719fa9e4a41be75fc7e.jpg\" slate-data-type=\"image\"\/><img decoding=\"async\" src=\"https:\/\/ae01.alicdn.com\/kf\/S01dbbee3bdad4234b3ddf24c95c6b517g.jpg\" slate-data-type=\"image\"\/><img decoding=\"async\" src=\"https:\/\/ae01.alicdn.com\/kf\/S128df8e1f4024ba9aff35b5066d72144A.jpg\" slate-data-type=\"image\"\/><img decoding=\"async\" src=\"https:\/\/ae01.alicdn.com\/kf\/S80073624b396410095b68e050b19072aK.jpg\" slate-data-type=\"image\"\/><img decoding=\"async\" src=\"https:\/\/ae01.alicdn.com\/kf\/Scb9bbd9f52d74e4f812bc0b3c65ea800o.jpg\" slate-data-type=\"image\"\/><img decoding=\"async\" src=\"https:\/\/ae01.alicdn.com\/kf\/S829a29ee803143e493086cee2e450780u.jpg\" slate-data-type=\"image\"\/><\/p>\n<div><\/div>\n<p><\/p>\n<\/div>\n<\/div>\n<p><\/p>","protected":false},"excerpt":{"rendered":"<p>Nominal Capacity:&nbsp;2048Wh Model Number:&nbsp;P2001 Plus Type:&nbsp;LiFePO4 Set Type:&nbsp;Charger Sets Brand:&nbsp;OUKITEL Model:&nbsp;P2001 Plus Rated Power:&nbsp;2400W Capacity:&nbsp;2048Wh AC Output Voltage:&nbsp;100\/110\/120V Solar panel:&nbsp;200W\/400W Power arises:&nbsp;4800W Features 01:&nbsp;Portable battery Features 02:&nbsp;Portable reportable power Features<\/p>","protected":false},"featured_media":21701,"comment_status":"open","ping_status":"closed","template":"","meta":{"_acf_changed":false},"product_brand":[],"product_cat":[515],"product_tag":[],"class_list":{"0":"post-21700","1":"product","2":"type-product","3":"status-publish","4":"has-post-thumbnail","6":"product_cat-portable-power-stations","8":"first","9":"instock","10":"shipping-taxable","11":"purchasable","12":"product-type-simple"},"acf":[],"_links":{"self":[{"href":"https:\/\/electricstore.eu\/lv\/wp-json\/wp\/v2\/product\/21700","targetHints":{"allow":["GET"]}}],"collection":[{"href":"https:\/\/electricstore.eu\/lv\/wp-json\/wp\/v2\/product"}],"about":[{"href":"https:\/\/electricstore.eu\/lv\/wp-json\/wp\/v2\/types\/product"}],"replies":[{"embeddable":true,"href":"https:\/\/electricstore.eu\/lv\/wp-json\/wp\/v2\/comments?post=21700"}],"wp:featuredmedia":[{"embeddable":true,"href":"https:\/\/electricstore.eu\/lv\/wp-json\/wp\/v2\/media\/21701"}],"wp:attachment":[{"href":"https:\/\/electricstore.eu\/lv\/wp-json\/wp\/v2\/media?parent=21700"}],"wp:term":[{"taxonomy":"product_brand","embeddable":true,"href":"https:\/\/electricstore.eu\/lv\/wp-json\/wp\/v2\/product_brand?post=21700"},{"taxonomy":"product_cat","embeddable":true,"href":"https:\/\/electricstore.eu\/lv\/wp-json\/wp\/v2\/product_cat?post=21700"},{"taxonomy":"product_tag","embeddable":true,"href":"https:\/\/electricstore.eu\/lv\/wp-json\/wp\/v2\/product_tag?post=21700"}],"curies":[{"name":"wp","href":"https:\/\/api.w.org\/{rel}","templated":true}]}}