{"id":21676,"date":"2025-05-20T18:21:03","date_gmt":"2025-05-20T18:21:03","guid":{"rendered":"https:\/\/electricstore.eu\/p\/uncategorized\/flashfish-f132-1000w-pure-sine-wave-power-station-1041-6wh-19-outlets-lifepo4-230v-ac-outlet-energy-storage-portable-generator\/"},"modified":"2025-05-20T18:21:09","modified_gmt":"2025-05-20T18:21:09","slug":"flashfish-f132-1000w-pure-sine-wave-power-station-1041-6wh-19-outlets-lifepo4-230v-ac-outlet-energy-storage-portable-generator","status":"publish","type":"product","link":"https:\/\/electricstore.eu\/lv\/p\/batteries\/portable-power-stations\/flashfish-f132-1000w-pure-sine-wave-power-station-1041-6wh-19-outlets-lifepo4-230v-ac-outlet-energy-storage-portable-generator\/","title":{"rendered":"Flashfish F132 1000 W t\u012bras sinusoid\u0101las elektrostacija 1041,6 Wh 19 kontaktligzdas LiFePo4 230 V mai\u0146str\u0101vas kontaktligzda ener\u0123ijas uzkr\u0101\u0161anas p\u0101rn\u0113s\u0101jamais \u0123enerators"},"content":{"rendered":"<div class=\"product-specs-list-container\">\n<ul class=\"product-specs-list util-clearfix\">\n<li class=\"product-prop line-limit-length\"><span\n                                        class=\"property-title\">Pielietojums:&nbsp;<\/span><span\n                                        class=\"property-desc line-limit-length\">Saules ener\u0123ijas uzglab\u0101\u0161ana<\/span>\n                            <\/li>\n<li class=\"product-prop line-limit-length\"><span\n                                        class=\"property-title\">Nomin\u0101l\u0101 ietilp\u012bba:&nbsp;<\/span><span\n                                        class=\"property-desc line-limit-length\">1041.6Wh<\/span>\n                            <\/li>\n<li class=\"product-prop line-limit-length\"><span\n                                        class=\"property-title\">Mode\u013ca numurs:&nbsp;<\/span><span\n                                        class=\"property-desc line-limit-length\">PowerMax 3600<\/span>\n                            <\/li>\n<li class=\"product-prop line-limit-length\"><span\n                                        class=\"property-title\">Tips:&nbsp;<\/span><span\n                                        class=\"property-desc line-limit-length\">LiFePO4<\/span>\n                            <\/li>\n<li class=\"product-prop line-limit-length\"><span\n                                        class=\"property-title\">Komplekta veids:&nbsp;<\/span><span\n                                        class=\"property-desc line-limit-length\">L\u0101d\u0113t\u0101ju komplekti<\/span>\n                            <\/li>\n<li class=\"product-prop line-limit-length\"><span\n                                        class=\"property-title\">Z\u012bmols:&nbsp;<\/span><span\n                                        class=\"property-desc line-limit-length\">Zibspuldze<\/span>\n                            <\/li>\n<li class=\"product-prop line-limit-length\"><span\n                                        class=\"property-title\">Modelis:&nbsp;<\/span><span\n                                        class=\"property-desc line-limit-length\">F132<\/span>\n                            <\/li>\n<li class=\"product-prop line-limit-length\"><span\n                                        class=\"property-title\">Kr\u0101sa:&nbsp;<\/span><span\n                                        class=\"property-desc line-limit-length\">Melns<\/span>\n                            <\/li>\n<li class=\"product-prop line-limit-length\"><span\n                                        class=\"property-title\">Akumulators:&nbsp;<\/span><span\n                                        class=\"property-desc line-limit-length\">LiFePO4<\/span>\n                            <\/li>\n<li class=\"product-prop line-limit-length\"><span\n                                        class=\"property-title\">Ietilp\u012bba:&nbsp;<\/span><span\n                                        class=\"property-desc line-limit-length\">1041.6Wh\/325500mAh<\/span>\n                            <\/li>\n<li class=\"product-prop line-limit-length\"><span\n                                        class=\"property-title\">Output Voltage:&nbsp;<\/span><span\n                                        class=\"property-desc line-limit-length\">AC 220-240V<\/span>\n                            <\/li>\n<li class=\"product-prop line-limit-length\"><span\n                                        class=\"property-title\">Wave Type:&nbsp;<\/span><span\n                                        class=\"property-desc line-limit-length\">T\u012brs sinusa vilnis<\/span>\n                            <\/li>\n<li class=\"product-prop line-limit-length\"><span\n                                        class=\"property-title\">1.\u00a0funkcijas:&nbsp;<\/span><span\n                                        class=\"property-desc line-limit-length\">P\u0101rn\u0113s\u0101jams akumulators<\/span>\n                            <\/li>\n<li class=\"product-prop line-limit-length\"><span\n                                        class=\"property-title\">02.\u00a0funkcijas:&nbsp;<\/span><span\n                                        class=\"property-desc line-limit-length\">P\u0101rn\u0113s\u0101jama zi\u0146ojama jauda<\/span>\n                            <\/li>\n<li class=\"product-prop line-limit-length\"><span\n                                        class=\"property-title\">Funkcijas 03:&nbsp;<\/span><span\n                                        class=\"property-desc line-limit-length\">Bluetti sp\u0113kstacija<\/span>\n                            <\/li>\n<li class=\"product-prop line-limit-length\"><span\n                                        class=\"property-title\">04.\u00a0funkcijas:&nbsp;<\/span><span\n                                        class=\"property-desc line-limit-length\">P\u0101rn\u0113s\u0101jams kempinga akumulators<\/span>\n                            <\/li>\n<li class=\"product-prop line-limit-length\"><span\n                                        class=\"property-title\">Power Indicator:&nbsp;<\/span><span\n                                        class=\"property-desc line-limit-length\">LED displejs<\/span>\n                            <\/li>\n<\/ul><\/div>\n<div class=\"detailmodule_html\">\n<div class=\"detail-desc-decorate-richtext\">\n<p><span style=\"font-size:24px\"><strong>Svar\u012bg\u0101kie momenti:<\/strong><\/span><\/p>\n<ul style=\"font-family:&quot;Microsoft YaHei&quot;;font-size:medium;font-weight:400;letter-spacing:normal;text-align:start;white-space:normal;color:rgb(0, 0, 0);margin-bottom:10px;padding-left:0px\" class=\"clearfix\" align=\"start\">\n<li style=\"font-size:14px;margin-right:10px;padding-left:18px;list-style:none;position:relative;float:left\">\n<h3><strong>14 Versatile Outlets<\/strong><\/h3>\n<p>With a high-quality 3600W rated pure sine wave AC inverter, 14 outlet sources of Blackview Oscal PowerMax 3600 can satisfy all your outlet needs to run your entire party, camping trip, or even your whole house in the event of an unexpected outage.<\/p>\n<h3><strong>57600Wh Max Battery<\/strong><\/h3>\n<p>Catering to your various energy needs from outdoor to indoor activities, Blackview ASCAL PowerMax 3600 offers the flexibility to tailor your battery capacity with a 100% modular design, ranging from 3.6 kWh to 57.6 kWh with up to 15 Battery packs (3600 Wh\/per pack).<\/p>\n<h3><strong>LED Light Modes &amp; Morse Code Signal<\/strong><\/h3>\n<p>In addition to 5 standard LED light modes, information can be sent through light signals by varying the brightness and flashing patterns of the lights, which is helpful at night, in inclement weather, or in low visibility situations to convey signs, especially distress calls.<\/p>\n<h3><strong>Anti-UV &amp; UL94V-0 Rated Fire-Retardant Case<\/strong><\/h3>\n<p>Whether it&#8217;s in the midst of yard trimming or desert exploration, the PowerMax 3600&#8217;s anti-UV feature protection it from fading and getting brought on by prolonged sun exposure, and its UL94V-0 flame-DeLay case enures that there is no risk of fires resulting from heat generation.<\/p>\n<h3><strong>0.8M Vertically Drop-Proof Design<\/strong><\/h3>\n<p>Forged to match the harsh terrain of your expeditions, the PowerMax 3600 is meticulously crafted to withstand vertical falls from heights of up to 0.8 meters, alleviating concerns of unintended drops from your grass while detaching it from the car or stairs.<\/p>\n<h3><strong>Splash-Proof &amp; Dust-Proof Body<\/strong><\/h3>\n<p>From lakesides in the dewy morning to dusty desert at dusk, you can take it anywhere without works-it effectively shields against vertical water droplets and certain solid parameters from enclosing.<\/p>\n<\/li>\n<\/ul>\n<p><span style=\"font-size:26px\"><strong>Specifik\u0101cija:<\/strong><\/span><\/p>\n<ul style=\"font-family:&quot;Microsoft YaHei&quot;;font-size:medium;font-weight:400;letter-spacing:normal;text-align:start;white-space:normal;color:rgb(0, 0, 0);margin-bottom:10px;padding-left:0px\" class=\"clearfix\" align=\"start\">\n<li style=\"font-size:14px;margin-right:10px;padding-left:18px;list-style:none;position:relative;float:left\">\n<table style=\"border-collapse:collapse;width:1000px\" class=\"jbEidtTable\" border=\"1\" cellpadding=\"5\" cellspacing=\"0\">\n<tbody>\n<tr>\n<td style=\"font-size:14px;text-align:left;width:373px;height:89px\" align=\"left\">\n<p>Visp\u0101r\u012bgi<\/p>\n<\/td>\n<td style=\"font-size:14px;text-align:left;width:603px;height:89px\" align=\"left\">\n<p>Brand: Blackview Oscal<br \/>Type: Rugged Power Station<br \/>Model: PowerMax 3600 EU<br \/>Color: Grey + Red<\/p>\n<\/td>\n<\/tr>\n<tr>\n<td style=\"font-size:14px;text-align:left;width:373px;height:646px\" align=\"left\">\n<p>Specifik\u0101cija<\/p>\n<\/td>\n<td style=\"font-size:14px;text-align:left;width:603px;height:646px\" align=\"left\">\n<div>Akumulators<br \/>Battery Capacity: 3600 Wh<br \/>Akumulatora tips: LiFePO4 akumulators<br \/>Battery Life Cycles: 3500 + Cycles to 80% of Original Capacity<\/div>\n<p>Izvade<br \/>Mai\u0146str\u0101vas izeja:<br \/>4x3600W Output (Max)<br \/>Invertora tips: T\u012brs sinusoid\u0101ls<br \/>Surge Power: 7200W<br \/>USB-C Port: USB-C 100W x2<br \/>USB-A Port: USB-A 12W x1, USB-A 18W x3<br \/>DC Output: Anderson 378W x1, DC 5521 36W x2<br \/>Cigarette Lighter Port: Cigarette Lighter 120W x1<\/p>\n<p>Ievade<br \/>AC Adapter Input: 2200W(Max), Recharging Times: 1.96h<br \/>Solar Input: 1600 W((Max), Recharging Times: 2.25h<br \/>(With prime sunshine, ideal orientation, and low temperature)<br \/>Car Input: 120W(Max), Recharging Times: 30h<br \/>Dual Charging<br \/>-AC Charging + DC-solar Charging 1.2h<br \/>-AC Charging + DC-car Charging 1.86h<\/p>\n<p>Charging Temperature: 0-50 &deg;C(32 &deg; F-122 &deg;F) Best under conditions from 0 &deg;C to 45 &deg;C. (32 &deg; F-113 &deg;F)<br \/>Discharging Temperature: -20-55 &deg;(-4 &deg; F-131 &deg;F) Best under conditions from -10 &deg;C to 45 &deg;C. (14th F-113 &deg;F)<br \/>Storage Temperature: -10 &deg; C-45 &deg;C (14 &deg; F-113 &deg;F)<br \/>App Control: Yes, Via WiFi and Bluetooth<\/p>\n<\/td>\n<\/tr>\n<tr>\n<td style=\"font-size:14px;text-align:left;width:373px;height:89px\" align=\"left\">\n<p>Svars un izm\u0113rs<\/p>\n<\/td>\n<td style=\"font-size:14px;text-align:left;width:603px;height:89px\" align=\"left\">\n<p>Product Weight: 44.5kg<br \/>Package Weight: 47.6kg<br \/>Product Size(L x W x H): 59x35x44.1cm<br \/>Package Size(L x W x H): 66&#215;40.5&#215;52.5cm<\/p>\n<\/td>\n<\/tr>\n<tr>\n<td style=\"font-size:14px;text-align:left;width:373px;height:44px\" align=\"left\">\n<p>Konteineru iepakojums<\/p>\n<\/td>\n<td style=\"font-size:14px;text-align:left;width:603px;height:44px\" align=\"left\">\n<p>1 x Rugged Power Station<br \/>1 lietot\u0101ja rokasgr\u0101mata<\/p>\n<\/td>\n<\/tr>\n<\/tbody>\n<\/table>\n<\/li>\n<\/ul>\n<p style=\"font-family:&quot;Open Sans&quot;, Roboto, Arial, Helvetica, sans-serif, SimSun;font-size:14px;font-weight:400;letter-spacing:normal;line-height:inherit;text-align:start;white-space:normal;color:rgb(34, 34, 34);margin:0px;margin-bottom:0px;margin-top:0px;margin-left:0px;margin-right:0px;padding:0px;padding-bottom:0px;padding-top:0px;padding-left:0px;padding-right:0px;box-sizing:border-box\" align=\"start\"><img decoding=\"async\" style=\"border:0px;margin:0px;margin-bottom:0px;margin-top:0px;margin-left:0px;margin-right:0px;padding:0px;padding-bottom:0px;padding-top:0px;padding-left:0px;padding-right:0px;max-width:100%;box-sizing:border-box\" src=\"https:\/\/ae01.alicdn.com\/kf\/S0ce6c6794dcf4f219b9275f4a2600d5dw.jpg\" slate-data-type=\"image\"\/><img decoding=\"async\" style=\"border:0px;margin:0px;margin-bottom:0px;margin-top:0px;margin-left:0px;margin-right:0px;padding:0px;padding-bottom:0px;padding-top:0px;padding-left:0px;padding-right:0px;max-width:100%;box-sizing:border-box\" src=\"https:\/\/ae01.alicdn.com\/kf\/S34093e5c4ac14ddca61be76f4d1894e05.jpg\" slate-data-type=\"image\"\/><img decoding=\"async\" style=\"border:0px;margin:0px;margin-bottom:0px;margin-top:0px;margin-left:0px;margin-right:0px;padding:0px;padding-bottom:0px;padding-top:0px;padding-left:0px;padding-right:0px;max-width:100%;box-sizing:border-box\" src=\"https:\/\/ae01.alicdn.com\/kf\/S670ce43903c04e87819e48904da439890.jpg\" slate-data-type=\"image\"\/><img decoding=\"async\" style=\"border:0px;margin:0px;margin-bottom:0px;margin-top:0px;margin-left:0px;margin-right:0px;padding:0px;padding-bottom:0px;padding-top:0px;padding-left:0px;padding-right:0px;max-width:100%;box-sizing:border-box\" src=\"https:\/\/ae01.alicdn.com\/kf\/Sb20c7746cd904b1b844e4ee0c150488fX.jpg\" slate-data-type=\"image\"\/><img decoding=\"async\" style=\"border:0px;margin:0px;margin-bottom:0px;margin-top:0px;margin-left:0px;margin-right:0px;padding:0px;padding-bottom:0px;padding-top:0px;padding-left:0px;padding-right:0px;max-width:100%;box-sizing:border-box\" src=\"https:\/\/ae01.alicdn.com\/kf\/S82786340e56b44d789e1ee011573f323s.jpg\" slate-data-type=\"image\"\/><img decoding=\"async\" style=\"border:0px;margin:0px;margin-bottom:0px;margin-top:0px;margin-left:0px;margin-right:0px;padding:0px;padding-bottom:0px;padding-top:0px;padding-left:0px;padding-right:0px;max-width:100%;box-sizing:border-box\" src=\"https:\/\/ae01.alicdn.com\/kf\/S611dd1a6874643bf8e632682860a9b338.jpg\" slate-data-type=\"image\"\/><img decoding=\"async\" style=\"border:0px;margin:0px;margin-bottom:0px;margin-top:0px;margin-left:0px;margin-right:0px;padding:0px;padding-bottom:0px;padding-top:0px;padding-left:0px;padding-right:0px;max-width:100%;box-sizing:border-box\" src=\"https:\/\/ae01.alicdn.com\/kf\/S76bf54b7699040239ea08619914ece92o.jpg\" slate-data-type=\"image\"\/><img decoding=\"async\" style=\"border:0px;margin:0px;margin-bottom:0px;margin-top:0px;margin-left:0px;margin-right:0px;padding:0px;padding-bottom:0px;padding-top:0px;padding-left:0px;padding-right:0px;max-width:100%;box-sizing:border-box\" src=\"https:\/\/ae01.alicdn.com\/kf\/S6642edd4b37e4669985c9ec58387f5b18.jpg\" slate-data-type=\"image\"\/><img decoding=\"async\" style=\"border:0px;margin:0px;margin-bottom:0px;margin-top:0px;margin-left:0px;margin-right:0px;padding:0px;padding-bottom:0px;padding-top:0px;padding-left:0px;padding-right:0px;max-width:100%;box-sizing:border-box\" src=\"https:\/\/ae01.alicdn.com\/kf\/S11ccf7a13c0043128be3d23faa955f50Q.jpg\" slate-data-type=\"image\"\/><img decoding=\"async\" style=\"border:0px;margin:0px;margin-bottom:0px;margin-top:0px;margin-left:0px;margin-right:0px;padding:0px;padding-bottom:0px;padding-top:0px;padding-left:0px;padding-right:0px;max-width:100%;box-sizing:border-box\" src=\"https:\/\/ae01.alicdn.com\/kf\/S53b072c2c7bb43a79f5277a9713e939cR.jpg\" slate-data-type=\"image\"\/><img decoding=\"async\" style=\"border:0px;margin:0px;margin-bottom:0px;margin-top:0px;margin-left:0px;margin-right:0px;padding:0px;padding-bottom:0px;padding-top:0px;padding-left:0px;padding-right:0px;max-width:100%;box-sizing:border-box\" src=\"https:\/\/ae01.alicdn.com\/kf\/Sa9781c2f51bd402b9b0f2f2a9a4056cb2.jpg\" slate-data-type=\"image\"\/><\/p>\n<\/div>\n<\/div>","protected":false},"excerpt":{"rendered":"<p>Application:&nbsp;Solar Power Storage Nominal Capacity:&nbsp;1041.6Wh Model Number:&nbsp;PowerMax 3600 Type:&nbsp;LiFePO4 Set Type:&nbsp;Charger Sets Brand:&nbsp;Flashfish Model:&nbsp;F132 Color:&nbsp;Black Battery:&nbsp;LiFePO4 Capacity:&nbsp;1041.6Wh\/325500mAh Output Voltage:&nbsp;AC 220-240V Wave Type:&nbsp;Pure Sine Wave Features 01:&nbsp;Portable battery Features 02:&nbsp;Portable reportable<\/p>","protected":false},"featured_media":21677,"comment_status":"open","ping_status":"closed","template":"","meta":{"_acf_changed":false},"product_brand":[],"product_cat":[515],"product_tag":[],"class_list":{"0":"post-21676","1":"product","2":"type-product","3":"status-publish","4":"has-post-thumbnail","6":"product_cat-portable-power-stations","8":"first","9":"instock","10":"shipping-taxable","11":"purchasable","12":"product-type-simple"},"acf":[],"_links":{"self":[{"href":"https:\/\/electricstore.eu\/lv\/wp-json\/wp\/v2\/product\/21676","targetHints":{"allow":["GET"]}}],"collection":[{"href":"https:\/\/electricstore.eu\/lv\/wp-json\/wp\/v2\/product"}],"about":[{"href":"https:\/\/electricstore.eu\/lv\/wp-json\/wp\/v2\/types\/product"}],"replies":[{"embeddable":true,"href":"https:\/\/electricstore.eu\/lv\/wp-json\/wp\/v2\/comments?post=21676"}],"wp:featuredmedia":[{"embeddable":true,"href":"https:\/\/electricstore.eu\/lv\/wp-json\/wp\/v2\/media\/21677"}],"wp:attachment":[{"href":"https:\/\/electricstore.eu\/lv\/wp-json\/wp\/v2\/media?parent=21676"}],"wp:term":[{"taxonomy":"product_brand","embeddable":true,"href":"https:\/\/electricstore.eu\/lv\/wp-json\/wp\/v2\/product_brand?post=21676"},{"taxonomy":"product_cat","embeddable":true,"href":"https:\/\/electricstore.eu\/lv\/wp-json\/wp\/v2\/product_cat?post=21676"},{"taxonomy":"product_tag","embeddable":true,"href":"https:\/\/electricstore.eu\/lv\/wp-json\/wp\/v2\/product_tag?post=21676"}],"curies":[{"name":"wp","href":"https:\/\/api.w.org\/{rel}","templated":true}]}}