{"id":21673,"date":"2025-05-20T18:21:00","date_gmt":"2025-05-20T18:21:00","guid":{"rendered":"https:\/\/electricstore.eu\/p\/uncategorized\/daxtromn-ggh-3-5kw-solar-inverter-5000w-pure-sine-wave-100a-mppt-solar-charger-max-500vdc-pv-input\/"},"modified":"2025-05-20T18:21:02","modified_gmt":"2025-05-20T18:21:02","slug":"daxtromn-ggh-3-5kw-solar-inverter-5000w-pure-sine-wave-100a-mppt-solar-charger-max-500vdc-pv-input","status":"publish","type":"product","link":"https:\/\/electricstore.eu\/lv\/p\/batteries\/portable-power-stations\/daxtromn-ggh-3-5kw-solar-inverter-5000w-pure-sine-wave-100a-mppt-solar-charger-max-500vdc-pv-input\/","title":{"rendered":"DAXTROMN GGH-3,5 kW saules invertors 5000 W t\u012bra sinusoid\u0101la vi\u013c\u0146a 100 A MPPT saules l\u0101d\u0113t\u0101js, maks. 500 V DC PV ieeja"},"content":{"rendered":"<div class=\"product-specs-list-container\">\n<ul class=\"product-specs-list util-clearfix\">\n<li class=\"product-prop line-limit-length\"><span\n                                        class=\"property-title\">Z\u012bmols:&nbsp;<\/span><span\n                                        class=\"property-desc line-limit-length\">DAKSTROMNS<\/span>\n                            <\/li>\n<li class=\"product-prop line-limit-length\"><span\n                                        class=\"property-title\">Modelis:&nbsp;<\/span><span\n                                        class=\"property-desc line-limit-length\">GGH-3,5 kW<\/span>\n                            <\/li>\n<li class=\"product-prop line-limit-length\"><span\n                                        class=\"property-title\">Tips:&nbsp;<\/span><span\n                                        class=\"property-desc line-limit-length\">Saules invertors<\/span>\n                            <\/li>\n<li class=\"product-prop line-limit-length\"><span\n                                        class=\"property-title\">F\u0101ze:&nbsp;<\/span><span\n                                        class=\"property-desc line-limit-length\">1 f\u0101zes<\/span>\n                            <\/li>\n<li class=\"product-prop line-limit-length\"><span\n                                        class=\"property-title\">Maksim\u0101l\u0101 PV ieejas jauda:&nbsp;<\/span><span\n                                        class=\"property-desc line-limit-length\">3500 W<\/span>\n                            <\/li>\n<li class=\"product-prop line-limit-length\"><span\n                                        class=\"property-title\">Nomin\u0101l\u0101 izejas jauda:&nbsp;<\/span><span\n                                        class=\"property-desc line-limit-length\">3500 W\/3500 VA<\/span>\n                            <\/li>\n<li class=\"product-prop line-limit-length\"><span\n                                        class=\"property-title\">MPPT sprieguma diapazons:&nbsp;<\/span><span\n                                        class=\"property-desc line-limit-length\">120\u2013450\u00a0V l\u012bdzstr\u0101va<\/span>\n                            <\/li>\n<li class=\"product-prop line-limit-length\"><span\n                                        class=\"property-title\">P\u0101rsprieguma jauda:&nbsp;<\/span><span\n                                        class=\"property-desc line-limit-length\">7000 VA<\/span>\n                            <\/li>\n<\/ul><\/div>\n<p style=\"font-family:&quot;Microsoft YaHei&quot;;font-size:medium;font-weight:400;letter-spacing:normal;text-align:start;white-space:normal;color:rgb(0, 0, 0)\" align=\"start\"><strong><span style=\"font-size:x-large\">Svar\u012bg\u0101kie notikumi<\/span><\/strong><\/p>\n<p><\/p>\n<h3 style=\"font-family:&quot;Microsoft YaHei&quot;;letter-spacing:normal;text-align:start;white-space:normal;color:rgb(0, 0, 0)\" align=\"start\"><strong>T\u012bra sinusa vi\u013c\u0146u invertors<\/strong><\/h3>\n<p style=\"font-family:&quot;Microsoft YaHei&quot;;font-size:medium;font-weight:400;letter-spacing:normal;text-align:start;white-space:normal;color:rgb(0, 0, 0)\" align=\"start\">HYBRID saules invertors nodro\u0161ina t\u012bru, stabilu ener\u0123iju ar t\u012bru sinusoid\u0101lu izvadi, nodro\u0161inot sader\u012bbu ar jut\u012bg\u0101m m\u0101jsaimniec\u012bbas ier\u012bc\u0113m un person\u0101lajiem datoriem. \u0160\u012b funkcija garant\u0113 j\u016bsu ier\u012b\u010du optim\u0101lu veiktsp\u0113ju un ilgm\u016b\u017e\u012bbu.<\/p>\n<h3 style=\"font-family:&quot;Microsoft YaHei&quot;;letter-spacing:normal;text-align:start;white-space:normal;color:rgb(0, 0, 0)\" align=\"start\"><strong>Ieb\u016bv\u0113ts MPPT saules kontrolieris<\/strong><\/h3>\n<p style=\"font-family:&quot;Microsoft YaHei&quot;;font-size:medium;font-weight:400;letter-spacing:normal;text-align:start;white-space:normal;color:rgb(0, 0, 0)\" align=\"start\">\u0160is saules invertors, kas ir apr\u012bkots ar ieb\u016bv\u0113tu maksim\u0101l\u0101s jaudas punkta izseko\u0161anas (MPPT) saules kontrolieri, maksim\u0101li palielina j\u016bsu saules pane\u013cu efektivit\u0101ti. Tas nodro\u0161ina, ka no j\u016bsu saules sist\u0113mas tiek ieg\u016bts maksim\u0101lais ener\u0123ijas daudzums pat main\u012bgos laika apst\u0101k\u013cos.<\/p>\n<h3 style=\"font-family:&quot;Microsoft YaHei&quot;;letter-spacing:normal;text-align:start;white-space:normal;color:rgb(0, 0, 0)\" align=\"start\"><strong>Autom\u0101tisk\u0101s restart\u0113\u0161anas funkcija<\/strong><\/h3>\n<p style=\"font-family:&quot;Microsoft YaHei&quot;;font-size:medium;font-weight:400;letter-spacing:normal;text-align:start;white-space:normal;color:rgb(0, 0, 0)\" align=\"start\">Str\u0101vas padeves p\u0101rtraukuma gad\u012bjum\u0101 invertors autom\u0101tiski restart\u0113sies, tikl\u012bdz tiks atjaunota mai\u0146str\u0101va. \u0160\u012b funkcija nodro\u0161ina, ka j\u016bsu ier\u012bces un sist\u0113mas ats\u0101ks darb\u012bbu bez manu\u0101las iejauk\u0161an\u0101s.<\/p>\n<h3 style=\"font-family:&quot;Microsoft YaHei&quot;;letter-spacing:normal;text-align:start;white-space:normal;color:rgb(0, 0, 0)\" align=\"start\"><strong>Visaptvero\u0161a aizsardz\u012bba<\/strong><\/h3>\n<p style=\"font-family:&quot;Microsoft YaHei&quot;;font-size:medium;font-weight:400;letter-spacing:normal;text-align:start;white-space:normal;color:rgb(0, 0, 0)\" align=\"start\">HYBRID saules invertoram ir p\u0101rslodzes, p\u0101rkar\u0161anas un \u012bssl\u0113guma aizsardz\u012bba. \u0160\u012bs dro\u0161\u012bbas funkcijas aizsarg\u0101 j\u016bsu apr\u012bkojumu un nodro\u0161ina uzticamu darb\u012bbu da\u017e\u0101dos apst\u0101k\u013cos.<\/p>\n<h3 style=\"font-family:&quot;Microsoft YaHei&quot;;letter-spacing:normal;text-align:start;white-space:normal;color:rgb(0, 0, 0)\" align=\"start\"><strong>Vied\u0101 akumulatora l\u0101d\u0113t\u0101ja dizains<\/strong><\/h3>\n<p style=\"font-family:&quot;Microsoft YaHei&quot;;font-size:medium;font-weight:400;letter-spacing:normal;text-align:start;white-space:normal;color:rgb(0, 0, 0)\" align=\"start\">Invertoram ir vieda akumulatora l\u0101d\u0113t\u0101ja konstrukcija, kas optimiz\u0113 akumulatora veiktsp\u0113ju. Tas nodro\u0161ina efekt\u012bvus uzl\u0101des un izl\u0101des ciklus, maksim\u0101li pagarinot akumulatoru kalpo\u0161anas laiku un uzticam\u012bbu.<\/p>\n<h3 style=\"font-family:&quot;Microsoft YaHei&quot;;letter-spacing:normal;text-align:start;white-space:normal;color:rgb(0, 0, 0)\" align=\"start\"><strong>Aukst\u0101s palai\u0161anas funkcija<\/strong><\/h3>\n<p style=\"font-family:&quot;Microsoft YaHei&quot;;font-size:medium;font-weight:400;letter-spacing:normal;text-align:start;white-space:normal;color:rgb(0, 0, 0)\" align=\"start\">HIBR\u012aDA INVERTORAM ir aukst\u0101s palai\u0161anas funkcija, kas \u013cauj tam iedarbin\u0101ties un darboties pat zem\u0101 temperat\u016br\u0101. \u0160\u012b funkcija nodro\u0161ina piek\u013cuvi str\u0101vai, kad t\u0101 visvair\u0101k nepiecie\u0161ama, neatkar\u012bgi no laika apst\u0101k\u013ciem.<\/p>\n<p><\/p>\n<h2 style=\"font-family:&quot;Microsoft YaHei&quot;;font-size:14px;letter-spacing:normal;text-align:start;white-space:normal;color:rgb(0, 0, 0);margin:10px 0px;margin-bottom:10px;margin-top:10px;margin-left:0px;margin-right:0px;padding:0px;padding-bottom:0px;padding-top:0px;padding-left:0px;padding-right:0px\" align=\"start\"><span style=\"font-size:28px\"><strong>Specifik\u0101cija<\/strong><\/span><\/h2>\n<p><\/p>\n<table style=\"border-collapse:collapse;font-family:&quot;Microsoft YaHei&quot;;width:1000px\" class=\"jbEidtTable\" border=\"1\" cellpadding=\"5\" cellspacing=\"0\">\n<tbody>\n<tr>\n<td style=\"text-align:left;height:89px\" align=\"left\">\n<p>Visp\u0101r\u012bgi<\/p>\n<\/td>\n<td style=\"text-align:left;height:89px\" align=\"left\">\n<p>Z\u012bmols: DAXTROMN\u00a0<br \/>Tips: Saules invertors<br \/>Modelis: GGH-3.5KW<br \/>Kr\u0101sa: zili balta<\/p>\n<\/td>\n<\/tr>\n<tr>\n<td style=\"text-align:left;height:22px\" align=\"left\">\n<p>Specifik\u0101cija<\/p>\n<\/td>\n<td style=\"text-align:left;height:22px\" align=\"left\">\n<p>F\u0101ze: 1 f\u0101ze<br \/>Maksim\u0101l\u0101 PV ieejas jauda: 3500 W<br \/>Nomin\u0101l\u0101 izejas jauda: 3500 W\/3500 VA<br \/>Maksim\u0101l\u0101 saules uzl\u0101des str\u0101va: 100A<\/p>\n<p>T\u012aKLA SAVIENOJUMA DARB\u012aBA<br \/>Nomin\u0101lais l\u012bdzstr\u0101vas spriegums\/maksim\u0101lais l\u012bdzstr\u0101vas spriegums: 360\u00a0V\/500\u00a0V<br \/>Iesl\u0113g\u0161anas spriegums\/s\u0101kotn\u0113jais baro\u0161anas spriegums: 90 V l\u012bdzstr\u0101va\/120 V l\u012bdzstr\u0101va<br \/>MPPT sprieguma diapazons: 120\u2013450 V DC<br \/>MPPT skaits\/maksim\u0101l\u0101 ieejas str\u0101va: 1\/23A<\/p>\n<p>T\u012aKLA IZEJA (MAINSTRUMENTS)<br \/>Nomin\u0101lais izejas spriegums: 220\/230\/240 V mai\u0146str\u0101va<br \/>Izejas sprieguma diapazons: 195,5\u2013253 V mai\u0146str\u0101va<br \/>Nomin\u0101l\u0101 izejas str\u0101va: 15,7 A<br \/>Jaudas koeficients: &gt;0,99<\/p>\n<p>DARB\u012aBA \u0100RPUS T\u012aKLA<br \/>Mai\u0146str\u0101vas ieeja:\u00a0<br \/>Mai\u0146str\u0101vas iesl\u0113g\u0161anas spriegums\/autom\u0101tisk\u0101s restart\u0113\u0161anas spriegums: 120\u2013140 V mai\u0146str\u0101va\/180 V mai\u0146str\u0101va<br \/>Pie\u0146emamais ieejas sprieguma diapazons: 90\u2013280 V mai\u0146str\u0101va vai 170\u2013280 V mai\u0146str\u0101va<br \/>Maksim\u0101l\u0101 mai\u0146str\u0101vas ieejas str\u0101va: 60A<br \/>Nomin\u0101l\u0101 darba frekvence: 50\/60 Hz<br \/>P\u0101rsprieguma jauda: 7000 VA<\/p>\n<p>AKUMULATORA RE\u017d\u012aMA IZEJA (MAINSTRUMENTS)<br \/>Nomin\u0101lais izejas spriegums: 220\/230\/240 V mai\u0146str\u0101va<br \/>Izejas vi\u013c\u0146u forma: t\u012bra sinusa vilnis<br \/>Efektivit\u0101te (l\u012bdzstr\u0101va uz mai\u0146str\u0101vu): 94%<\/p>\n<p>AKUMULATORS UN L\u0100D\u0112T\u0100JS<br \/>Nomin\u0101lais l\u012bdzstr\u0101vas spriegums:\u00a0<br \/>Maksim\u0101l\u0101 saules uzl\u0101des str\u0101va: 100A<br \/>Maksim\u0101l\u0101 mai\u0146str\u0101vas uzl\u0101des str\u0101va: 60A<\/p>\n<p>Darba temperat\u016bra: -10\u201350 \u00b0C<\/p>\n<\/td>\n<\/tr>\n<tr>\n<td style=\"text-align:left;height:89px\" align=\"left\">\n<p>Svars un izm\u0113rs<\/p>\n<\/td>\n<td style=\"text-align:left;height:89px\" align=\"left\">\n<p>Produkta svars: 10 kg<br \/>Iepakojuma svars: 11 kg<br \/>Produkta izm\u0113rs (G x P x A): 49 x 30 x 11 cm<br \/>Iepakojuma izm\u0113rs (G x P x A): 54 x 35 x 18 cm<\/p>\n<\/td>\n<\/tr>\n<tr>\n<td style=\"text-align:left;height:52px\" align=\"left\">\n<p>Iepakojuma saturs<\/p>\n<\/td>\n<td style=\"text-align:left;height:52px\" align=\"left\">\n<p>1 x Saules invertors<br \/>1 lietot\u0101ja rokasgr\u0101mata<\/p>\n<\/td>\n<\/tr>\n<\/tbody>\n<\/table>\n<p><img decoding=\"async\" src=\"https:\/\/ae01.alicdn.com\/kf\/Seebe50769e384c328b0befe2f6be0f7co.jpg\" slate-data-type=\"image\"\/><img decoding=\"async\" src=\"https:\/\/ae01.alicdn.com\/kf\/S5a6f10d0492b45ecabf7ec9b6e89aed5m.jpg\" slate-data-type=\"image\"\/><img decoding=\"async\" src=\"https:\/\/ae01.alicdn.com\/kf\/Sdf9fe3bb10764eb0ac0dccbdf46aff04m.jpg\" slate-data-type=\"image\"\/><img decoding=\"async\" src=\"https:\/\/ae01.alicdn.com\/kf\/Sf1ba4738d8d54109a909917b871d9b5b3.jpg\" slate-data-type=\"image\"\/><img decoding=\"async\" src=\"https:\/\/ae01.alicdn.com\/kf\/S273fecaa7ff948949ab0e3f281034028C.jpg\" slate-data-type=\"image\"\/><img decoding=\"async\" src=\"https:\/\/ae01.alicdn.com\/kf\/S7d183739390641e2bbe639e7afc9d0a5L.jpg\" slate-data-type=\"image\"\/><img decoding=\"async\" src=\"https:\/\/ae01.alicdn.com\/kf\/S77e7b505dafc48a1ac01594ae1e94cbep.jpg\" slate-data-type=\"image\"\/><img decoding=\"async\" src=\"https:\/\/ae01.alicdn.com\/kf\/S399626c6b7f44a43a6f0d1acdd944273B.jpg\" slate-data-type=\"image\"\/><img decoding=\"async\" src=\"https:\/\/ae01.alicdn.com\/kf\/S9435f066b37b4adcbba75db39801cd75F.jpg\" slate-data-type=\"image\"\/><img decoding=\"async\" src=\"https:\/\/ae01.alicdn.com\/kf\/Sf8a53685f7174b28930514e1be489bc6b.jpg\" slate-data-type=\"image\"\/><img decoding=\"async\" src=\"https:\/\/ae01.alicdn.com\/kf\/S8995435ef77d462f9237c8cf0404227dB.jpg\" slate-data-type=\"image\"\/><\/p>","protected":false},"excerpt":{"rendered":"<p>Brand:&nbsp;DAXTROMN Model:&nbsp;GGH-3.5KW Type:&nbsp;Solar Inverter Phase:&nbsp;1-Phase Maximum PV Input Power:&nbsp;3500W Rated Output Power:&nbsp;3500W\/3500VA MPPT Voltage Range:&nbsp;120-450VDC Surge power:&nbsp;7000VA Highlights Pure Sine Wave Inverter The HYBRID Solar Inverter provides clean, stable power<\/p>","protected":false},"featured_media":21674,"comment_status":"open","ping_status":"closed","template":"","meta":{"_acf_changed":false},"product_brand":[],"product_cat":[515],"product_tag":[],"class_list":{"0":"post-21673","1":"product","2":"type-product","3":"status-publish","4":"has-post-thumbnail","6":"product_cat-portable-power-stations","8":"first","9":"instock","10":"shipping-taxable","11":"purchasable","12":"product-type-simple"},"acf":[],"_links":{"self":[{"href":"https:\/\/electricstore.eu\/lv\/wp-json\/wp\/v2\/product\/21673","targetHints":{"allow":["GET"]}}],"collection":[{"href":"https:\/\/electricstore.eu\/lv\/wp-json\/wp\/v2\/product"}],"about":[{"href":"https:\/\/electricstore.eu\/lv\/wp-json\/wp\/v2\/types\/product"}],"replies":[{"embeddable":true,"href":"https:\/\/electricstore.eu\/lv\/wp-json\/wp\/v2\/comments?post=21673"}],"wp:featuredmedia":[{"embeddable":true,"href":"https:\/\/electricstore.eu\/lv\/wp-json\/wp\/v2\/media\/21674"}],"wp:attachment":[{"href":"https:\/\/electricstore.eu\/lv\/wp-json\/wp\/v2\/media?parent=21673"}],"wp:term":[{"taxonomy":"product_brand","embeddable":true,"href":"https:\/\/electricstore.eu\/lv\/wp-json\/wp\/v2\/product_brand?post=21673"},{"taxonomy":"product_cat","embeddable":true,"href":"https:\/\/electricstore.eu\/lv\/wp-json\/wp\/v2\/product_cat?post=21673"},{"taxonomy":"product_tag","embeddable":true,"href":"https:\/\/electricstore.eu\/lv\/wp-json\/wp\/v2\/product_tag?post=21673"}],"curies":[{"name":"wp","href":"https:\/\/api.w.org\/{rel}","templated":true}]}}