{"id":21649,"date":"2025-05-20T18:20:42","date_gmt":"2025-05-20T18:20:42","guid":{"rendered":"https:\/\/electricstore.eu\/p\/uncategorized\/blackview-oscal-pm100-foldable-solar-panel-ip65-waterproof-with-type-c-qc3-0-usb-output-and-5-in-1-cable\/"},"modified":"2025-05-20T18:20:49","modified_gmt":"2025-05-20T18:20:49","slug":"blackview-oscal-pm100-foldable-solar-panel-ip65-waterproof-with-type-c-qc3-0-usb-output-and-5-in-1-cable","status":"publish","type":"product","link":"https:\/\/www.electricstore.eu\/lv\/p\/batteries\/foldable-solar-panels\/blackview-oscal-pm100-foldable-solar-panel-ip65-waterproof-with-type-c-qc3-0-usb-output-and-5-in-1-cable\/","title":{"rendered":"Blackview Oscal PM100 salok\u0101ms saules panelis, IP65 \u016bdensiztur\u012bgs, ar C tipa QC3.0, USB izeju un 5-in-1 kabeli"},"content":{"rendered":"<div class=\"product-specs-list-container\">\n<ul class=\"product-specs-list util-clearfix\">\n<li class=\"product-prop line-limit-length\"><span\n                                        class=\"property-title\">Nomin\u0101l\u0101 ietilp\u012bba:&nbsp;<\/span><span\n                                        class=\"property-desc line-limit-length\">100\u00a0W<\/span>\n                            <\/li>\n<li class=\"product-prop line-limit-length\"><span\n                                        class=\"property-title\">Mode\u013ca numurs:&nbsp;<\/span><span\n                                        class=\"property-desc line-limit-length\">PM100<\/span>\n                            <\/li>\n<li class=\"product-prop line-limit-length\"><span\n                                        class=\"property-title\">Tips:&nbsp;<\/span><span\n                                        class=\"property-desc line-limit-length\">Litija jonu akumulators<\/span>\n                            <\/li>\n<li class=\"product-prop line-limit-length\"><span\n                                        class=\"property-title\">Komplekta veids:&nbsp;<\/span><span\n                                        class=\"property-desc line-limit-length\">L\u0101d\u0113t\u0101ju komplekti<\/span>\n                            <\/li>\n<li class=\"product-prop line-limit-length\"><span\n                                        class=\"property-title\">Z\u012bmols:&nbsp;<\/span><span\n                                        class=\"property-desc line-limit-length\">Blackview Oscal<\/span>\n                            <\/li>\n<li class=\"product-prop line-limit-length\"><span\n                                        class=\"property-title\">Modelis:&nbsp;<\/span><span\n                                        class=\"property-desc line-limit-length\">PM100<\/span>\n                            <\/li>\n<li class=\"product-prop line-limit-length\"><span\n                                        class=\"property-title\">Tips:&nbsp;<\/span><span\n                                        class=\"property-desc line-limit-length\">Foldable Solar Panel<\/span>\n                            <\/li>\n<li class=\"product-prop line-limit-length\"><span\n                                        class=\"property-title\">Rate Power:&nbsp;<\/span><span\n                                        class=\"property-desc line-limit-length\">100\u00a0W<\/span>\n                            <\/li>\n<li class=\"product-prop line-limit-length\"><span\n                                        class=\"property-title\">Cell Efficiency:&nbsp;<\/span><span\n                                        class=\"property-desc line-limit-length\">\u226523%<\/span>\n                            <\/li>\n<li class=\"product-prop line-limit-length\"><span\n                                        class=\"property-title\">Cell Lamination:&nbsp;<\/span><span\n                                        class=\"property-desc line-limit-length\">ETFE<\/span>\n                            <\/li>\n<li class=\"product-prop line-limit-length\"><span\n                                        class=\"property-title\">\u0160\u016bnas tips:&nbsp;<\/span><span\n                                        class=\"property-desc line-limit-length\">Monokrist\u0101liskais sil\u012bcijs<\/span>\n                            <\/li>\n<li class=\"product-prop line-limit-length\"><span\n                                        class=\"property-title\">1.\u00a0funkcijas:&nbsp;<\/span><span\n                                        class=\"property-desc line-limit-length\">p\u0101rn\u0113s\u0101jama sp\u0113kstacija<\/span>\n                            <\/li>\n<li class=\"product-prop line-limit-length\"><span\n                                        class=\"property-title\">02.\u00a0funkcijas:&nbsp;<\/span><span\n                                        class=\"property-desc line-limit-length\">elektrostacija<\/span>\n                            <\/li>\n<li class=\"product-prop line-limit-length\"><span\n                                        class=\"property-title\">Funkcijas 03:&nbsp;<\/span><span\n                                        class=\"property-desc line-limit-length\">p\u0101rn\u0113s\u0101jama saules ener\u0123ijas stacija<\/span>\n                            <\/li>\n<li class=\"product-prop line-limit-length\"><span\n                                        class=\"property-title\">04.\u00a0funkcijas:&nbsp;<\/span><span\n                                        class=\"property-desc line-limit-length\">uzl\u0101des stacijas<\/span>\n                            <\/li>\n<li class=\"product-prop line-limit-length\"><span\n                                        class=\"property-title\">05.\u00a0funkcijas:&nbsp;<\/span><span\n                                        class=\"property-desc line-limit-length\">saules \u0123enerators<\/span>\n                            <\/li>\n<li class=\"product-prop line-limit-length\"><span\n                                        class=\"property-title\">Funkcijas 06:&nbsp;<\/span><span\n                                        class=\"property-desc line-limit-length\">benz\u012bna elektriskais \u0123enerators<\/span>\n                            <\/li>\n<\/ul><\/div>\n<p><\/p>\n<p style=\"font-family:&quot;Microsoft YaHei&quot;;font-size:medium;font-weight:400;letter-spacing:normal;text-align:start;white-space:normal;color:rgb(0, 0, 0)\" align=\"start\"><strong><span style=\"font-size:x-large\">Svar\u012bg\u0101kie notikumi<\/span><\/strong><\/p>\n<p><\/p>\n<h3 style=\"font-family:&quot;Microsoft YaHei&quot;;letter-spacing:normal;text-align:start;white-space:normal;color:rgb(0, 0, 0)\" align=\"start\"><strong>High-Efficiency Solar Energy<\/strong><\/h3>\n<p style=\"font-family:&quot;Microsoft YaHei&quot;;font-size:medium;font-weight:400;letter-spacing:normal;text-align:start;white-space:normal;color:rgb(0, 0, 0)\" align=\"start\">PM100 Portable solar panels achieve an impressive 23% conversion rate, thanks to cutting-edge monocrystalline cells. Crafted with durable ETFE material, they offer superior light transmittance and conversion efficiency, ensuring reliable and eco-friendly power for your energy needs.<\/p>\n<h3 style=\"font-family:&quot;Microsoft YaHei&quot;;letter-spacing:normal;text-align:start;white-space:normal;color:rgb(0, 0, 0)\" align=\"start\"><strong>Compatible and Versatile<\/strong><\/h3>\n<p style=\"font-family:&quot;Microsoft YaHei&quot;;font-size:medium;font-weight:400;letter-spacing:normal;text-align:start;white-space:normal;color:rgb(0, 0, 0)\" align=\"start\">Our portable solar panel features a Type-C QC3.0 and USB output port, Charge your mobile phones, tablets, and more directly from the sun, and enjoy a powerful 20V DC output. providing convenient and efficient energy wherever you go.<\/p>\n<h3 style=\"font-family:&quot;Microsoft YaHei&quot;;letter-spacing:normal;text-align:start;white-space:normal;color:rgb(0, 0, 0)\" align=\"start\"><strong>Salok\u0101ms un p\u0101rn\u0113s\u0101jams<\/strong><\/h3>\n<p style=\"font-family:&quot;Microsoft YaHei&quot;;font-size:medium;font-weight:400;letter-spacing:normal;text-align:start;white-space:normal;color:rgb(0, 0, 0)\" align=\"start\">Discover the power of portable solar energy! Our solar panels boast a compact closed size of 21.1*23.9*1.5 inches and a mere 8.4 pounds in weight. Hang them on your RV or tent like a briefcase, providing convenient and lightweight energy on the go.<\/p>\n<h3 style=\"font-family:&quot;Microsoft YaHei&quot;;letter-spacing:normal;text-align:start;white-space:normal;color:rgb(0, 0, 0)\" align=\"start\"><strong>Protect Your Solar Panels<\/strong><\/h3>\n<p style=\"font-family:&quot;Microsoft YaHei&quot;;font-size:medium;font-weight:400;letter-spacing:normal;text-align:start;white-space:normal;color:rgb(0, 0, 0)\" align=\"start\">Encrypted waterproof tarpaulin protects against splashes (Do not place it under the rain, or to soak in water), IP65 grade protection and zippered pockets protect power cords and output ports. Enhance your outdoor adventure with reliable solar power.<\/p>\n<h3 style=\"font-family:&quot;Microsoft YaHei&quot;;letter-spacing:normal;text-align:start;white-space:normal;color:rgb(0, 0, 0)\" align=\"start\"><strong>Five in One Charging Cable<\/strong><\/h3>\n<p style=\"font-family:&quot;Microsoft YaHei&quot;;font-size:medium;font-weight:400;letter-spacing:normal;text-align:start;white-space:normal;color:rgb(0, 0, 0)\" align=\"start\">The portable solar panel includes an MC4 to Anderson charging cable and a Five-in-One cable with Anderson, 7909, 6530, XT60, and 5521 interfaces. Compatible with OSCAL power stations for seamless power solutions.<\/p>\n<p><\/p>\n<h2 style=\"font-family:&quot;Microsoft YaHei&quot;;font-size:14px;letter-spacing:normal;text-align:start;white-space:normal;color:rgb(0, 0, 0);margin:10px 0px;margin-bottom:10px;margin-top:10px;margin-left:0px;margin-right:0px;padding:0px;padding-bottom:0px;padding-top:0px;padding-left:0px;padding-right:0px\" align=\"start\"><span style=\"font-size:26px\"><strong>Specifik\u0101cija<\/strong><\/span><\/h2>\n<p><\/p>\n<table style=\"border-collapse:collapse;font-family:&quot;Microsoft YaHei&quot;;width:1000px\" class=\"jbEidtTable\" border=\"1\" cellpadding=\"5\" cellspacing=\"0\">\n<tbody>\n<tr>\n<td style=\"text-align:left\" align=\"left\">\n<p><strong>Visp\u0101r\u012bgi<\/strong><\/p>\n<\/td>\n<td style=\"text-align:left\" align=\"left\">\n<p>Brand: Blackview Oscal<br \/>Type: Foldable Solar Panel<br \/>Model: PM100<br \/>Kr\u0101sa: melna<\/p>\n<\/td>\n<\/tr>\n<tr>\n<td style=\"text-align:left\" align=\"left\">\n<p><strong>Specifik\u0101cija<\/strong><\/p>\n<\/td>\n<td style=\"text-align:left\" align=\"left\">\n<p>Rate Power: 100W<br \/>Open Circuit Voltage: 24.7V\u00b15%<br \/>Short Circuit Current: 5.6A\u00b15%<br \/>Cell Efficiency: \u226523%<br \/>Cell Lamination: ETFE<br \/>\u0160\u016bnas tips: monokrist\u0101lisks sil\u012bcijs<br \/>Operating Temperature: -10+65\u00b0C<\/p>\n<\/td>\n<\/tr>\n<tr>\n<td style=\"text-align:left\" align=\"left\">\n<p><strong>Svars un izm\u0113rs<\/strong><\/p>\n<\/td>\n<td style=\"text-align:left\" align=\"left\">\n<p>Product Weight: 3.75kg<br \/>Package Weight: 4kg<br \/>Product Size(L x W x H): Unfolded: 122.8*53.6*2.5cm, Folded: 53.6*60.8*3.8cm<br \/>Package Size(L x W x H): 62*70*15.5cm<\/p>\n<\/td>\n<\/tr>\n<tr>\n<td style=\"text-align:left\" align=\"left\">\n<p><strong>Iepakojuma saturs<\/strong><\/p>\n<\/td>\n<td style=\"text-align:left\" align=\"left\">\n<p>1 x PM100 Portable Solar Panel<br \/>1 x MC4 to Anderson Cable<br \/>1 x MC4 to Anderson, 7909, 6530, XT60, 5521 Cable<br \/>1 lietot\u0101ja rokasgr\u0101mata<\/p>\n<\/td>\n<\/tr>\n<\/tbody>\n<\/table>\n<h1 style=\"font-family:&quot;Microsoft YaHei&quot;;font-size:medium;font-weight:400;letter-spacing:normal;text-align:start;white-space:normal;color:rgb(0, 0, 0)\" align=\"start\"><\/h1>\n<p style=\"font-family:&quot;Microsoft YaHei&quot;;font-size:medium;font-weight:400;letter-spacing:normal;text-align:start;white-space:normal;color:rgb(0, 0, 0)\" align=\"start\"><img decoding=\"async\" src=\"https:\/\/ae01.alicdn.com\/kf\/Sdf1da53a0963488bb126a8bd1865c626n.jpg\" slate-data-type=\"image\"\/><img decoding=\"async\" src=\"https:\/\/ae01.alicdn.com\/kf\/S826b649cdbb94118b5d6bd250a2fbc99h.jpg\" slate-data-type=\"image\"\/><img decoding=\"async\" src=\"https:\/\/ae01.alicdn.com\/kf\/S0d9e1134cf564d0fa0526e27a1adfb506.jpg\" slate-data-type=\"image\"\/><img decoding=\"async\" src=\"https:\/\/ae01.alicdn.com\/kf\/S4b1956d8981d42c099421e4d24bce32e1.jpg\" slate-data-type=\"image\"\/><img decoding=\"async\" src=\"https:\/\/ae01.alicdn.com\/kf\/Sf5d6000aa58a4fdc8fa853da267b697eS.jpg\" slate-data-type=\"image\"\/><img decoding=\"async\" src=\"https:\/\/ae01.alicdn.com\/kf\/S065f68d679444ccbb47cd952e6b27e7dW.jpg\" slate-data-type=\"image\"\/><img decoding=\"async\" src=\"https:\/\/ae01.alicdn.com\/kf\/S147ce5e334bc442d90e619dd03fd6887K.jpg\" slate-data-type=\"image\"\/><img decoding=\"async\" src=\"https:\/\/ae01.alicdn.com\/kf\/S24a5af61952b46518458afcde4f4588aL.jpg\" slate-data-type=\"image\"\/><img decoding=\"async\" src=\"https:\/\/ae01.alicdn.com\/kf\/Sf0bdd2ab7751420bb179d37ad350b934E.jpg\" slate-data-type=\"image\"\/><img decoding=\"async\" src=\"https:\/\/ae01.alicdn.com\/kf\/S5fabaf3275174858b4af674258739217A.jpg\" slate-data-type=\"image\"\/><\/p>","protected":false},"excerpt":{"rendered":"<p>Nominal Capacity:&nbsp;100W Model Number:&nbsp;PM100 Type:&nbsp;Li-Ion Set Type:&nbsp;Charger Sets Brand:&nbsp;Blackview Oscal Model:&nbsp;PM100 Type:&nbsp;Foldable Solar Panel Rate Power:&nbsp;100W Cell Efficiency:&nbsp;\u226523% Cell Lamination:&nbsp;ETFE Cell Type:&nbsp;Monocrystalline Silicon Features 01:&nbsp;portable power station Features 02:&nbsp;power station<\/p>","protected":false},"featured_media":21650,"comment_status":"open","ping_status":"closed","template":"","meta":{"_acf_changed":false},"product_brand":[],"product_cat":[531],"product_tag":[],"class_list":{"0":"post-21649","1":"product","2":"type-product","3":"status-publish","4":"has-post-thumbnail","6":"product_cat-foldable-solar-panels","8":"first","9":"instock","10":"shipping-taxable","11":"purchasable","12":"product-type-simple"},"acf":[],"_links":{"self":[{"href":"https:\/\/www.electricstore.eu\/lv\/wp-json\/wp\/v2\/product\/21649","targetHints":{"allow":["GET"]}}],"collection":[{"href":"https:\/\/www.electricstore.eu\/lv\/wp-json\/wp\/v2\/product"}],"about":[{"href":"https:\/\/www.electricstore.eu\/lv\/wp-json\/wp\/v2\/types\/product"}],"replies":[{"embeddable":true,"href":"https:\/\/www.electricstore.eu\/lv\/wp-json\/wp\/v2\/comments?post=21649"}],"wp:featuredmedia":[{"embeddable":true,"href":"https:\/\/www.electricstore.eu\/lv\/wp-json\/wp\/v2\/media\/21650"}],"wp:attachment":[{"href":"https:\/\/www.electricstore.eu\/lv\/wp-json\/wp\/v2\/media?parent=21649"}],"wp:term":[{"taxonomy":"product_brand","embeddable":true,"href":"https:\/\/www.electricstore.eu\/lv\/wp-json\/wp\/v2\/product_brand?post=21649"},{"taxonomy":"product_cat","embeddable":true,"href":"https:\/\/www.electricstore.eu\/lv\/wp-json\/wp\/v2\/product_cat?post=21649"},{"taxonomy":"product_tag","embeddable":true,"href":"https:\/\/www.electricstore.eu\/lv\/wp-json\/wp\/v2\/product_tag?post=21649"}],"curies":[{"name":"wp","href":"https:\/\/api.w.org\/{rel}","templated":true}]}}