{"id":21638,"date":"2025-05-20T18:20:36","date_gmt":"2025-05-20T18:20:36","guid":{"rendered":"https:\/\/electricstore.eu\/p\/uncategorized\/touroll-b1-electric-bike-25km-h-250w-45nm-torque-36v-15-6ah-90km-range-7-speed-shimano-gear-electric-bicycles\/"},"modified":"2025-05-20T18:20:42","modified_gmt":"2025-05-20T18:20:42","slug":"touroll-b1-electric-bike-25km-h-250w-45nm-torque-36v-15-6ah-90km-range-7-speed-shimano-gear-electric-bicycles","status":"publish","type":"product","link":"https:\/\/electricstore.eu\/lv\/p\/bikes\/touroll-b1-electric-bike-25km-h-250w-45nm-torque-36v-15-6ah-90km-range-7-speed-shimano-gear-electric-bicycles\/","title":{"rendered":"Touroll B1 elektriskais velosip\u0113ds 25 km\/h 250 W 45 Nm griezes moments 36 V 15,6 Ah 90 km nobraukuma diapazons 7 \u0101trumi Shimano p\u0101rnesumi elektriskie velosip\u0113di"},"content":{"rendered":"<div class=\"product-specs-list-container\">\n<ul class=\"product-specs-list util-clearfix\">\n<li class=\"product-prop line-limit-length\"><span\n                                        class=\"property-title\">Velosip\u0113du piekares veidi:&nbsp;<\/span><span\n                                        class=\"property-desc line-limit-length\">Iztur\u012bgs<\/span>\n                            <\/li>\n<li class=\"product-prop line-limit-length\"><span\n                                        class=\"property-title\">Bremz\u0113\u0161anas sist\u0113ma:&nbsp;<\/span><span\n                                        class=\"property-desc line-limit-length\">Priek\u0161\u0113j\u0101 un aizmugur\u0113j\u0101 meh\u0101nisk\u0101 disku bremze<\/span>\n                            <\/li>\n<li class=\"product-prop line-limit-length\"><span\n                                        class=\"property-title\">Rite\u0146a izm\u0113rs:&nbsp;<\/span><span\n                                        class=\"property-desc line-limit-length\">26&quot;<\/span>\n                            <\/li>\n<li class=\"product-prop line-limit-length\"><span\n                                        class=\"property-title\">Z\u012bmols:&nbsp;<\/span><span\n                                        class=\"property-desc line-limit-length\">Touroll<\/span>\n                            <\/li>\n<li class=\"product-prop line-limit-length\"><span\n                                        class=\"property-title\">V\u0101rds:&nbsp;<\/span><span\n                                        class=\"property-desc line-limit-length\">Br\u012bzi<\/span>\n                            <\/li>\n<li class=\"product-prop line-limit-length\"><span\n                                        class=\"property-title\">Modelis:&nbsp;<\/span><span\n                                        class=\"property-desc line-limit-length\">B1<\/span>\n                            <\/li>\n<li class=\"product-prop line-limit-length\"><span\n                                        class=\"property-title\">Maksim\u0101lais diapazons:&nbsp;<\/span><span\n                                        class=\"property-desc line-limit-length\">90 km (pal\u012bgre\u017e\u012bms)<\/span>\n                            <\/li>\n<li class=\"product-prop line-limit-length\"><span\n                                        class=\"property-title\">Izm\u0113rs nesaloc\u012bt\u0101 veid\u0101:&nbsp;<\/span><span\n                                        class=\"property-desc line-limit-length\">1915x640x1200 mm<\/span>\n                            <\/li>\n<li class=\"product-prop line-limit-length\"><span\n                                        class=\"property-title\">R\u0101mja izm\u0113rs:&nbsp;<\/span><span\n                                        class=\"property-desc line-limit-length\">26&quot;x18&quot;<\/span>\n                            <\/li>\n<li class=\"product-prop line-limit-length\"><span\n                                        class=\"property-title\">Velosip\u0113da maksim\u0101l\u0101 slodze:&nbsp;<\/span><span\n                                        class=\"property-desc line-limit-length\">120 kg<\/span>\n                            <\/li>\n<li class=\"product-prop line-limit-length\"><span\n                                        class=\"property-title\">Atsl\u0113g\u0161an\u0101s \u0101trums:&nbsp;<\/span><span\n                                        class=\"property-desc line-limit-length\">25 km\/h<\/span>\n                            <\/li>\n<\/ul><\/div>\n<p style=\"font-family:&quot;Noto Sans SC&quot;;font-size:medium;font-weight:400;letter-spacing:normal;text-align:start;white-space:normal;color:rgb(0, 0, 0)\" align=\"start\"><span style=\"font-size:x-large\">Svar\u012bg\u0101kie notikumi<\/span><\/p>\n<p><\/p>\n<p style=\"font-family:&quot;Noto Sans SC&quot;;font-size:medium;font-weight:400;letter-spacing:normal;text-align:start;white-space:normal;color:rgb(0, 0, 0)\" align=\"start\"><strong>Jaud\u012bgs motors<br \/><\/strong>Touroll B1 ir apr\u012bkots ar jaud\u012bgu 250 W bezsuku motoru, kas rada 45 Nm griezes momentu un var sasniegt maksim\u0101lo \u0101trumu 25 km\/h. Ar savu jaud\u012bgo motoru tas var nodro\u0161in\u0101t aizraujo\u0161\u0101ku brauk\u0161anas pieredzi.<\/p>\n<p><strong>90 km papla\u0161in\u0101ts diapazons<br \/><\/strong>Ar no\u0146emamu 15,6 Ah akumulatoru un maksim\u0101lo nobraucamo att\u0101lumu 90 km, Touroll B1 e-velosip\u0113ds apmierin\u0101s visas j\u016bsu brauk\u0161anas vajadz\u012bbas, s\u0101kot no ikdienas braucieniem uz darbu l\u012bdz vienas dienas izbraucieniem.<\/p>\n<p><strong>Stabila gaita un vienm\u0113r\u012bga 7 \u0101trumu p\u0101rsl\u0113g\u0161ana<br \/><\/strong>Apr\u012bkots ar 26&quot;x1,95&quot; augst\u0101k\u0101s kvalit\u0101tes pneimatiskaj\u0101m gumijas riep\u0101m un uzticamu piekari, B1 e-velosip\u0113ds pied\u0101v\u0101 uzlabotu sa\u0137eri un stabilit\u0101ti. Savuk\u0101rt Shimano 7 \u0101trumu p\u0101rsl\u0113g\u0161anas sist\u0113ma nodro\u0161ina pla\u0161as p\u0101rnesumu iesp\u0113jas, lai piel\u0101gotos da\u017e\u0101diem brauk\u0161anas apst\u0101k\u013ciem.<\/p>\n<p><strong>5 pal\u012bgl\u012bme\u0146i un LED vad\u012bba<br \/><\/strong>B1 e-velosip\u0113dam ir 5 ped\u0101\u013cu pal\u012bgsist\u0113mas l\u012bme\u0146i, tostarp 12, 15, 18, 21 un 25 km\/h, k\u0101 ar\u012b 6 km\/h ie\u0161anas re\u017e\u012bms piel\u0101gojamiem braucieniem. Esiet inform\u0113ts ar LED instrumentu paneli, kas att\u0113lo p\u0101rnesumus un jaudas l\u012bme\u0146us, bag\u0101tinot savu brauk\u0161anas pieredzi.<\/p>\n<p><strong>Dro\u0161\u012bbas StVZO gaismas un regul\u0113jams k\u0101ts<br \/><\/strong>StVZO sertific\u0113tie dro\u0161\u012bbas lukturi garant\u0113 redzam\u012bbu un dro\u0161\u012bbu v\u0101ja apgaismojuma apst\u0101k\u013cos, vienlaikus nov\u0113r\u0161ot atsp\u012bdumu, lai nodro\u0161in\u0101tu citu gar\u0101mg\u0101j\u0113ju dro\u0161\u012bbu. \u0160ie videi draudz\u012bgie lukturi atbilst stingrajiem V\u0101cijas ce\u013cu satiksmes noteikumu standartiem. Ergonomiskais r\u0101mja dizains un regul\u0113jamais st\u016bris garant\u0113 \u0113rtu brauk\u0161anas poz\u012bciju.<\/p>\n<p><strong>\u0112rta uzglab\u0101\u0161ana un iztur\u012bgi dub\u013cu sargi<br \/><\/strong>Aizmugur\u0113jais bag\u0101\u017enieks \u0113rti ievieto j\u016bsu mugursomu un svar\u012bg\u0101k\u0101s mantas, uzlabojot brauk\u0161anas \u0113rt\u012bbas. Priek\u0161\u0113jie un aizmugur\u0113jie sp\u0101rni pasarg\u0101 no \u016bdens un dub\u013cu \u0161\u013cakat\u0101m, padarot B1 elektrisko velosip\u0113du par ide\u0101lu ikdienas sabiedroto!<\/p>\n<p><\/p>\n<h2 style=\"font-family:&quot;Noto Sans SC&quot;;font-size:14px;letter-spacing:normal;text-align:start;white-space:normal;color:rgb(0, 0, 0);margin:10px 0px;margin-bottom:10px;margin-top:10px;margin-left:0px;margin-right:0px;padding:0px;padding-bottom:0px;padding-top:0px;padding-left:0px;padding-right:0px\" align=\"start\">Specifik\u0101cija<\/h2>\n<p><\/p>\n<table style=\"border-collapse:collapse;font-family:&quot;Noto Sans SC&quot;;width:2016.8px\" border=\"1\" cellpadding=\"8\">\n<tbody>\n<tr>\n<td style=\"width:552.225px;height:54px\" width=\"28.2200%\">\n<p>Visp\u0101r\u012bgi<\/p>\n<\/td>\n<td style=\"width:1430.18px;height:54px\" width=\"71.7600%\">\n<p>Z\u012bmols: Touroll<br \/>V\u0101rds: Br\u012bzi<br \/>Modelis: B1\u00a0<br \/>Kr\u0101sa: zila<\/p>\n<\/td>\n<\/tr>\n<tr>\n<td style=\"width:552.225px;height:54px\" width=\"28.2200%\">\n<p>Pamata specifik\u0101cija<\/p>\n<\/td>\n<td style=\"width:1430.18px;height:54px\" width=\"71.7600%\">\n<p>Neto svars: 27,1 kg<br \/>Izm\u0113rs nesaloc\u012bt\u0101 veid\u0101: 1915x640x1200 mm<br \/>R\u0101mja izm\u0113rs: 26&quot; x 18&quot;<br \/>St\u016bres garums: 630 mm (24,8 collas)<br \/>Ieteicamais brauc\u0113ja augums: 155\u2013195 cm (apm\u0113ram 5&#039; 1&quot;\u20136&#039; 5&quot;)<br \/>Velosip\u0113da maksim\u0101l\u0101 slodze: 120 kg<br \/>Maksim\u0101lais \u0101trums: 25 km\/h<br \/>Maksim\u0101lais nobraukums: 90 km (pal\u012bgre\u017e\u012bms)<br \/>Ped\u0101\u013cu pal\u012bgsist\u0113mas l\u012bme\u0146i: 12\/15\/18\/21\/25 km\/h<br \/>Ie\u0161anas re\u017e\u012bms: 6 km\/h<br \/>\u016adensiztur\u012bbas l\u012bmenis: IPX4<br \/>Materi\u0101ls: STL<br \/>Bremz\u0113\u0161anas sist\u0113ma: meh\u0101nisk\u0101 disku bremze un elektronisk\u0101 bremze<br \/>Balstiek\u0101rta: Meh\u0101nisks amortizators<br \/>Balstiek\u0101rtas g\u0101jiens: 80 mm<\/p>\n<\/td>\n<\/tr>\n<tr>\n<td style=\"width:552.225px;height:76px\" width=\"28.2200%\">\n<p>Motors<\/p>\n<\/td>\n<td style=\"width:1430.18px;height:76px\" width=\"71.7600%\">\n<p>Nomin\u0101l\u0101 jauda\/spriegums: 250 W \/ 36 V<br \/>Maks. izejas griezes moments: 45 Nm<\/p>\n<\/td>\n<\/tr>\n<tr>\n<td style=\"width:552.225px;height:76px\" width=\"28.2200%\">\n<p>P\u0101rsl\u0113dz\u0113js<\/p>\n<\/td>\n<td style=\"width:1430.18px;height:76px\" width=\"71.7600%\">\n<p>Z\u012bmols: Shimano<br \/>P\u0101rnesumu p\u0101rsl\u0113g\u0161anas sviru skaits: 7 (aizmugur\u0113)<\/p>\n<\/td>\n<\/tr>\n<tr>\n<td style=\"width:552.225px;height:144px\" width=\"28.2200%\">\n<p>Akumulators<\/p>\n<\/td>\n<td style=\"width:1430.18px;height:144px\" width=\"71.7600%\">\n<p>Ietilp\u012bba: 15,6 Ah<br \/>Nomin\u0101lais spriegums: 36V<br \/>Uzl\u0101des laiks: 6\u20138 stundas<br \/>Jauda: 561,6 Wh<br \/>Aizsardz\u012bbas sist\u0113ma: J\u0101<\/p>\n<\/td>\n<\/tr>\n<tr>\n<td style=\"width:552.225px;height:121px\" width=\"28.2200%\">\n<p>L\u0101d\u0113t\u0101js<\/p>\n<\/td>\n<td style=\"width:1430.18px;height:121px\" width=\"71.7600%\">\n<p>Ieejas spriegums: 100\u2013240 V<br \/>Ieejas str\u0101va: 2,0 A (maks.)<br \/>Izejas spriegums: 42V<br \/>Izejas str\u0101va: 2,0 A, 84 W<\/p>\n<\/td>\n<\/tr>\n<tr>\n<td style=\"width:552.225px;height:121px\" width=\"28.2200%\">\n<p>Riepas<\/p>\n<\/td>\n<td style=\"width:1430.18px;height:121px\" width=\"71.7600%\">\n<p>Izm\u0113rs: 26&quot; x 1,95&quot;<br \/>Tips: Pneimatisk\u0101s gumijas riepas<br \/>Riepu spiediens: 40~65PSI<br \/>Lab\u0101kais riepu spiediens: 50~55PSI<\/p>\n<\/td>\n<\/tr>\n<tr>\n<td style=\"width:552.225px;height:236px\" width=\"28.2200%\">\n<p>Instruments<\/p>\n<\/td>\n<td style=\"width:1430.18px;height:236px\" width=\"71.7600%\">\n<div><\/div>\n<p>Tips: LED<br \/>Inform\u0101cija: Pal\u012bgl\u012bdzek\u013ca l\u012bmenis, Akumulatora l\u012bmenis<br \/>Funkcijas: Iesl\u0113g\u0161ana\/Izsl\u0113g\u0161ana, Apgaismojuma iesl\u0113g\u0161ana\/izsl\u0113g\u0161ana, Pal\u012bgmeh\u0101nisma l\u012bme\u0146u p\u0101rsl\u0113g\u0161ana, 6KM\/H ie\u0161anas re\u017e\u012bma aktiviz\u0113\u0161ana<\/p>\n<div>\n<\/div>\n<\/td>\n<\/tr>\n<tr>\n<td style=\"width:552.225px;height:76px\" width=\"28.2200%\">\n<p>Iepakojums<\/p>\n<\/td>\n<td style=\"width:1430.18px;height:76px\" width=\"71.7600%\">\n<p>Izm\u0113rs: 1570x230x725 mm<br \/>Bruto svars: 33 kg<\/p>\n<\/td>\n<\/tr>\n<tr>\n<td style=\"width:552.225px;height:300px\" width=\"28.2200%\">\n<p>Paku saraksts<\/p>\n<\/td>\n<td style=\"width:1430.18px;height:300px\" width=\"71.7600%\">\n<p>E-velosip\u0113ds x 1<br \/>Ped\u0101lis x 2 (kreisais un labais)<br \/>Spie\u0137u atstarot\u0101ji x 4<br \/>Lietot\u0101ja rokasgr\u0101mata x 1<br \/>Instrumentu komplekts x 1<br \/>Aizmugur\u0113jais atstarot\u0101js x 1<br \/>L\u0101d\u0113t\u0101js x 1<br \/>2 atsl\u0113gas<br \/>Priek\u0161\u0113jais lukturis x 1<br \/>Aizmugur\u0113jais bag\u0101\u017enieks ar aizmugur\u0113jo lukturi x 1<br \/>Dub\u013cu sargi x 2 (priek\u0161\u0101 un aizmugur\u0113)<br \/>Instruments x 1<\/p>\n<\/td>\n<\/tr>\n<tr>\n<td style=\"width:1999.2px;height:76px\" width=\"100.0000%\" colspan=\"2\">\n<p>Piez\u012bme: maksim\u0101lais diapazons tiek sasniegts \u0161\u0101dos apst\u0101k\u013cos: 75 kg slodze, 26 \u2103 temperat\u016bra, 15 km\/h nemain\u012bgs \u0101trums, uz l\u012bdzena ce\u013ca bez sp\u0113c\u012bga v\u0113ja.<\/p>\n<\/td>\n<\/tr>\n<\/tbody>\n<\/table>\n<p><img decoding=\"async\" src=\"https:\/\/ae01.alicdn.com\/kf\/Sacb221025d5c4bcda86dc94d8f37b324W.jpeg\" slate-data-type=\"image\"\/><img decoding=\"async\" src=\"https:\/\/ae01.alicdn.com\/kf\/S9596e18d960d48479c4f4e9a3ffeb049f.jpeg\" slate-data-type=\"image\"\/><img decoding=\"async\" src=\"https:\/\/ae01.alicdn.com\/kf\/S660009c0ada347988150726edef22ce76.jpeg\" slate-data-type=\"image\"\/><img decoding=\"async\" src=\"https:\/\/ae01.alicdn.com\/kf\/Sb6f534591c2149d5a7638d5e44578a21v.jpeg\" slate-data-type=\"image\"\/><img decoding=\"async\" src=\"https:\/\/ae01.alicdn.com\/kf\/S7dc6c4c1267c4898b77cd157fd8d0990S.jpeg\" slate-data-type=\"image\"\/><img decoding=\"async\" src=\"https:\/\/ae01.alicdn.com\/kf\/Se22bbb4a65eb4dbbabf11095bb76a9d10.jpeg\" slate-data-type=\"image\"\/><img decoding=\"async\" src=\"https:\/\/ae01.alicdn.com\/kf\/Sa26f49ba35234222ba431820aeed971bH.jpeg\" slate-data-type=\"image\"\/><img decoding=\"async\" src=\"https:\/\/ae01.alicdn.com\/kf\/S604cc70ef65c4e48bd2c429c7217d9977.jpeg\" slate-data-type=\"image\"\/><img decoding=\"async\" src=\"https:\/\/ae01.alicdn.com\/kf\/S66fe9259c214459ca5e048ad2d80035a7.jpeg\" slate-data-type=\"image\"\/><img decoding=\"async\" src=\"https:\/\/ae01.alicdn.com\/kf\/S564c658fb4834bfabaac14e85adb3d1dd.jpeg\" slate-data-type=\"image\"\/><img decoding=\"async\" src=\"https:\/\/ae01.alicdn.com\/kf\/S94a42c25af234d628c53bffe33706888R.jpeg\" slate-data-type=\"image\"\/><img decoding=\"async\" src=\"https:\/\/ae01.alicdn.com\/kf\/S99f4e9db87044853bee76be1ec30e7b4w.jpeg\" slate-data-type=\"image\"\/><img decoding=\"async\" src=\"https:\/\/ae01.alicdn.com\/kf\/S701c77a3ae3a467fbd1bc1fe7d9f93f6N.jpeg\" slate-data-type=\"image\"\/><\/p>","protected":false},"excerpt":{"rendered":"<p>Bike Suspension Types:&nbsp;Sturdy Braking System:&nbsp;Front and Rear Mechanical Disc Brake Wheel Size:&nbsp;26&quot; Brand:&nbsp;Touroll Name:&nbsp;Breezi Model:&nbsp;B1 Max Range:&nbsp;90km (Assist Mode) Unfolded Size:&nbsp;1915x640x1200mm Size of Frame:&nbsp;26&quot;x18&quot; Max Load of Bike:&nbsp;120kg Cut-off Speed:&nbsp;25km\/h<\/p>","protected":false},"featured_media":21641,"comment_status":"open","ping_status":"closed","template":"","meta":{"_acf_changed":false},"product_brand":[],"product_cat":[230],"product_tag":[],"class_list":{"0":"post-21638","1":"product","2":"type-product","3":"status-publish","4":"has-post-thumbnail","6":"product_cat-bikes","8":"first","9":"instock","10":"shipping-taxable","11":"purchasable","12":"product-type-simple"},"acf":[],"_links":{"self":[{"href":"https:\/\/electricstore.eu\/lv\/wp-json\/wp\/v2\/product\/21638","targetHints":{"allow":["GET"]}}],"collection":[{"href":"https:\/\/electricstore.eu\/lv\/wp-json\/wp\/v2\/product"}],"about":[{"href":"https:\/\/electricstore.eu\/lv\/wp-json\/wp\/v2\/types\/product"}],"replies":[{"embeddable":true,"href":"https:\/\/electricstore.eu\/lv\/wp-json\/wp\/v2\/comments?post=21638"}],"wp:featuredmedia":[{"embeddable":true,"href":"https:\/\/electricstore.eu\/lv\/wp-json\/wp\/v2\/media\/21641"}],"wp:attachment":[{"href":"https:\/\/electricstore.eu\/lv\/wp-json\/wp\/v2\/media?parent=21638"}],"wp:term":[{"taxonomy":"product_brand","embeddable":true,"href":"https:\/\/electricstore.eu\/lv\/wp-json\/wp\/v2\/product_brand?post=21638"},{"taxonomy":"product_cat","embeddable":true,"href":"https:\/\/electricstore.eu\/lv\/wp-json\/wp\/v2\/product_cat?post=21638"},{"taxonomy":"product_tag","embeddable":true,"href":"https:\/\/electricstore.eu\/lv\/wp-json\/wp\/v2\/product_tag?post=21638"}],"curies":[{"name":"wp","href":"https:\/\/api.w.org\/{rel}","templated":true}]}}