{"id":21603,"date":"2025-05-20T18:20:17","date_gmt":"2025-05-20T18:20:17","guid":{"rendered":"https:\/\/electricstore.eu\/p\/uncategorized\/eleglide-t1-adult-bikes-27-5-250w-motor-electric-bikes-36v-13ah-100km-range-25km-h-max-electric-bicycles-cheap-electric-bike\/"},"modified":"2025-05-20T18:20:34","modified_gmt":"2025-05-20T18:20:34","slug":"eleglide-t1-adult-bikes-27-5-250w-motor-electric-bikes-36v-13ah-100km-range-25km-h-max-electric-bicycles-cheap-electric-bike","status":"publish","type":"product","link":"https:\/\/electricstore.eu\/lv\/p\/bikes\/eleglide-t1-adult-bikes-27-5-250w-motor-electric-bikes-36v-13ah-100km-range-25km-h-max-electric-bicycles-cheap-electric-bike\/","title":{"rendered":"Eleglide T1 pieaugu\u0161o velosip\u0113di 27,5 collu 250 W motora elektriskie velosip\u0113di 36 V 13 Ah 100 km diapazons 25 km\/h MAX elektriskie velosip\u0113di L\u0113ts elektriskais velosip\u0113ds"},"content":{"rendered":"<div class=\"product-specs-list-container\">\n<ul class=\"product-specs-list util-clearfix\">\n<li class=\"product-prop line-limit-length\"><span\n                                        class=\"property-title\">Z\u012bmols:&nbsp;<\/span><span\n                                        class=\"property-desc line-limit-length\">Eglide<\/span>\n                            <\/li>\n<li class=\"product-prop line-limit-length\"><span\n                                        class=\"property-title\">Modelis:&nbsp;<\/span><span\n                                        class=\"property-desc line-limit-length\">T1<\/span>\n                            <\/li>\n<li class=\"product-prop line-limit-length\"><span\n                                        class=\"property-title\">Neto svars:&nbsp;<\/span><span\n                                        class=\"property-desc line-limit-length\">26KG<\/span>\n                            <\/li>\n<li class=\"product-prop line-limit-length\"><span\n                                        class=\"property-title\">R\u0101mja izm\u0113rs:&nbsp;<\/span><span\n                                        class=\"property-desc line-limit-length\">27.5&quot; x 17.5&quot;<\/span>\n                            <\/li>\n<li class=\"product-prop line-limit-length\"><span\n                                        class=\"property-title\">Maksim\u0101l\u0101 slodze:&nbsp;<\/span><span\n                                        class=\"property-desc line-limit-length\">120\u00a0kg<\/span>\n                            <\/li>\n<li class=\"product-prop line-limit-length\"><span\n                                        class=\"property-title\">Maksim\u0101lais \u0101trums:&nbsp;<\/span><span\n                                        class=\"property-desc line-limit-length\">25\u00a0km\/h<\/span>\n                            <\/li>\n<li class=\"product-prop line-limit-length\"><span\n                                        class=\"property-title\">Maksim\u0101lais diapazons:&nbsp;<\/span><span\n                                        class=\"property-desc line-limit-length\">100KM (Assist Mode)<\/span>\n                            <\/li>\n<li class=\"product-prop line-limit-length\"><span\n                                        class=\"property-title\">Speed Levels of Assist:&nbsp;<\/span><span\n                                        class=\"property-desc line-limit-length\">12\/16\/20\/23\/25 km\/h<\/span>\n                            <\/li>\n<li class=\"product-prop line-limit-length\"><span\n                                        class=\"property-title\">1.\u00a0funkcijas:&nbsp;<\/span><span\n                                        class=\"property-desc line-limit-length\">Elektriskais velosip\u0113ds<\/span>\n                            <\/li>\n<li class=\"product-prop line-limit-length\"><span\n                                        class=\"property-title\">02.\u00a0funkcijas:&nbsp;<\/span><span\n                                        class=\"property-desc line-limit-length\">Elektriskie velosip\u0113di<\/span>\n                            <\/li>\n<li class=\"product-prop line-limit-length\"><span\n                                        class=\"property-title\">Funkcijas 03:&nbsp;<\/span><span\n                                        class=\"property-desc line-limit-length\">Elektrisk\u0101 velosip\u0113da pied\u0101v\u0101jums<\/span>\n                            <\/li>\n<li class=\"product-prop line-limit-length\"><span\n                                        class=\"property-title\">04.\u00a0funkcijas:&nbsp;<\/span><span\n                                        class=\"property-desc line-limit-length\">Elektriskie velosip\u0113di pieaugu\u0161ajiem<\/span>\n                            <\/li>\n<li class=\"product-prop line-limit-length\"><span\n                                        class=\"property-title\">05.\u00a0funkcijas:&nbsp;<\/span><span\n                                        class=\"property-desc line-limit-length\">Saliekamais velosip\u0113ds<\/span>\n                            <\/li>\n<li class=\"product-prop line-limit-length\"><span\n                                        class=\"property-title\">Funkcijas 06:&nbsp;<\/span><span\n                                        class=\"property-desc line-limit-length\">Elektriskie velosip\u0113di pieaugu\u0161ajiem<\/span>\n                            <\/li>\n<li class=\"product-prop line-limit-length\"><span\n                                        class=\"property-title\">7.\u00a0funkcijas:&nbsp;<\/span><span\n                                        class=\"property-desc line-limit-length\">Saliekamie velosip\u0113di<\/span>\n                            <\/li>\n<li class=\"product-prop line-limit-length\"><span\n                                        class=\"property-title\">Funkcijas 08:&nbsp;<\/span><span\n                                        class=\"property-desc line-limit-length\">Elektriskais velosip\u0113ds<\/span>\n                            <\/li>\n<li class=\"product-prop line-limit-length\"><span\n                                        class=\"property-title\">09.\u00a0funkcijas:&nbsp;<\/span><span\n                                        class=\"property-desc line-limit-length\">L\u0113ti velosip\u0113di<\/span>\n                            <\/li>\n<\/ul><\/div>\n<p><span style=\"color:rgb(34, 34, 34);font-size:14px;font-family:&quot;Open Sans&quot;, Roboto, Arial, Helvetica, sans-serif, SimSun\"><strong><span style=\"color:rgb(34, 34, 34);font-size:24px;font-family:&quot;times new roman&quot;, times, serif\">&gt;&gt;Iev\u0113rojam\u0101kie momenti<\/span><\/strong><\/span><\/p>\n<\/p>\n<p><span style=\"font-size:18px;font-family:&quot;times new roman&quot;, times, serif\"><strong>Powerful Motor &amp; Large Battery<\/strong><\/span><span style=\"font-size:18px;font-family:&quot;times new roman&quot;, times, serif\"><br \/>Eleglide T1 comprises a 250W powerful brushless motor with 50Nm torque that <br \/>provides you with constant and strong power and enables the bike to <br \/>speed up to 25km\/h. With a replaceable 468Wh lithium-ion battery, it can<br \/> run up to 100km(62mi) in assist mode, which is perfect for your long <br \/>ride.<\/span><\/p>\n<p><span style=\"font-size:18px;font-family:&quot;times new roman&quot;, times, serif\"><br \/><\/span><span style=\"font-size:18px;font-family:&quot;times new roman&quot;, times, serif\"><strong>27.5&quot;\u00a0CST Tires<\/strong><\/span><span style=\"font-size:18px;font-family:&quot;times new roman&quot;, times, serif\"><br \/>The Eleglide T1 bike is equipped with 27.5in CST pneumatic tires that can <br \/>adapt to a variety of road surfaces. In order to roll smoothly on bumpy <br \/>mountain paths, the tire surface is in special design that can sharply <br \/>reduce the impact caused by bumps in the road.<\/span><\/p>\n<p><span style=\"font-size:18px;font-family:&quot;times new roman&quot;, times, serif\"><br \/><\/span><span style=\"font-size:18px;font-family:&quot;times new roman&quot;, times, serif\"><strong>7 Speed Shimano Gear<\/strong><\/span><span style=\"font-size:18px;font-family:&quot;times new roman&quot;, times, serif\"><br \/>The T1 electric bicycle comes with a professional Shimano derailleur with 7<br \/> gears in the rear. With the help of the derailleur, you can enjoy a <br \/>faster and easier ride.<\/span><\/p>\n<p><span style=\"font-size:18px;font-family:&quot;times new roman&quot;, times, serif\"><br \/><\/span><span style=\"font-size:18px;font-family:&quot;times new roman&quot;, times, serif\"><strong>Hydraulic Suspension With Lockout<\/strong><\/span><span style=\"font-size:18px;font-family:&quot;times new roman&quot;, times, serif\"><br \/>Eleglide T1 is designed with a mechanical damper with lockout, enabling you to <br \/>have a more comfortable cycling experience. You can lock it on flat <br \/>roads for a fast ride or unlock it on rough paths for a steady ride.<\/span><\/p>\n<p><span style=\"font-size:18px;font-family:&quot;times new roman&quot;, times, serif\"><br \/><\/span><span style=\"font-size:18px;font-family:&quot;times new roman&quot;, times, serif\"><strong>5\u00a0Assist Levels\u00a0&amp; 6km\/h Walk Mode<\/strong><\/span><span style=\"font-size:18px;font-family:&quot;times new roman&quot;, times, serif\"><br \/>In assist mode, you can switch among 5 pedal assist levels, including 12, <br \/>16, 20, 23 and 25 km\/h.\u00a0With 6km\/h push mode, you can walk the bicycle <br \/>easily and effortlessly.<\/span><\/p>\n<p><span style=\"font-size:18px;font-family:&quot;times new roman&quot;, times, serif\"><br \/><\/span><span style=\"font-size:18px;font-family:&quot;times new roman&quot;, times, serif\"><strong>Intelligent Display<\/strong><\/span><span style=\"font-size:18px;font-family:&quot;times new roman&quot;, times, serif\"><br \/>Eleglide T1 has an intelligent LCD display that shows you various information, <br \/>such as speed, distance and battery power. It allows you to activate <br \/>multiple functions by simple operations on the display, making your ride<br \/>smarter and easier.<\/span><\/p>\n<p><\/p>\n<p style=\"font-family:&quot;Open Sans&quot;, Roboto, Arial, Helvetica, sans-serif, SimSun;font-size:14px;font-weight:400;letter-spacing:normal;line-height:inherit;text-align:start;white-space:normal;color:rgb(34, 34, 34);margin:0px;margin-bottom:0px;margin-top:0px;margin-left:0px;margin-right:0px;padding:0px;padding-bottom:0px;padding-top:0px;padding-left:0px;padding-right:0px;box-sizing:border-box\" align=\"start\"><span style=\"color:rgb(34, 34, 34);font-size:14px;font-family:&quot;Open Sans&quot;, Roboto, Arial, Helvetica, sans-serif, SimSun\"><strong><span style=\"font-size:24px\"><span style=\"font-family:&quot;times new roman&quot;, times, serif\">&gt;&gt;Specifik\u0101cija<\/span><\/span><\/strong><\/span><\/p>\n<p><\/p>\n<table style=\"border-collapse:collapse;font-family:&quot;Microsoft YaHei&quot;\" border=\"1\">\n<tbody>\n<tr>\n<td style=\"font-size:14px;text-align:center\" width=\"130\" align=\"center\">\n<p><span style=\"font-size:18px;font-family:&quot;times new roman&quot;, times, serif\">Visp\u0101r\u012bgi<\/span><\/p>\n<\/td>\n<td style=\"font-size:14px;text-align:center\" width=\"453\" align=\"center\">\n<p><span style=\"font-size:18px;font-family:&quot;times new roman&quot;, times, serif\">Z\u012bmols: Eleglide<br \/>Model: T1<br \/>Kr\u0101sa: melna<\/span><\/p>\n<\/td>\n<\/tr>\n<tr>\n<td style=\"font-size:14px;text-align:center\" width=\"130\" align=\"center\">\n<p><span style=\"font-size:18px;font-family:&quot;times new roman&quot;, times, serif\">Pamata specifik\u0101cija<\/span><\/p>\n<\/td>\n<td style=\"font-size:14px;text-align:center\" width=\"453\" align=\"center\">\n<p><span style=\"font-size:18px;font-family:&quot;times new roman&quot;, times, serif\">Net Weight: 26KG<br \/>Unfolded Size: 1790x680x1118mm<br \/>Size of Frame: 27.5&quot; x 17.5&quot;<br \/>Width\u00a0of Handlebar: 26in (Without Grips), around 26.8in (With Grips)<br \/>Height of Saddle (from the ground): 32.5&quot;-41&quot;<br \/>Recommended Rider Heights: 160-200cm (5.25ft-6.56ft)<br \/>Max Load: 120KG<br \/>Max Speed: 25KM\/H<br \/>Max Range: 100KM\u00a0(Assist Mode)<br \/>Speed Levels\u00a0of Assist: 12\/16\/20\/23\/25 km\/h<br \/>\u016adensiztur\u012bbas l\u012bmenis: IPX4<br \/>Material: Aluminium Alloy<br \/>Braking System: Front &amp; Rear Disc Brakes + Auto Power-off Design<\/span><\/p>\n<\/td>\n<\/tr>\n<tr>\n<td style=\"font-size:14px;text-align:center\" width=\"130\" align=\"center\">\n<p><span style=\"font-size:18px;font-family:&quot;times new roman&quot;, times, serif\">Motors<\/span><\/p>\n<\/td>\n<td style=\"font-size:14px;text-align:center\" width=\"453\" align=\"center\">\n<p><span style=\"font-size:18px;font-family:&quot;times new roman&quot;, times, serif\">Nomin\u0101l\u0101 jauda un spriegums: 250 W, 36 V<br \/>Max Instantaneous Power: 500W<br \/>Max RPM: 260<br \/>Max Output Torque: 50N.M<\/span><\/p>\n<\/td>\n<\/tr>\n<tr>\n<td style=\"font-size:14px;text-align:center\" width=\"130\" align=\"center\">\n<p><span style=\"font-size:18px;font-family:&quot;times new roman&quot;, times, serif\">P\u0101rsl\u0113dz\u0113js<\/span><\/p>\n<\/td>\n<td style=\"font-size:14px;text-align:center\" width=\"453\" align=\"center\">\n<p><span style=\"font-size:18px;font-family:&quot;times new roman&quot;, times, serif\">Z\u012bmols: Shimano<br \/>Number of Gears: 7(Rear)<\/span><\/p>\n<\/td>\n<\/tr>\n<tr>\n<td style=\"font-size:14px;text-align:center\" width=\"130\" align=\"center\">\n<p><span style=\"font-size:18px;font-family:&quot;times new roman&quot;, times, serif\">Piekare<\/span><\/p>\n<\/td>\n<td style=\"font-size:14px;text-align:center\" width=\"453\" align=\"center\">\n<p><span style=\"font-size:18px;font-family:&quot;times new roman&quot;, times, serif\">Mechanical Damping with Lockout<\/span><\/p>\n<\/td>\n<\/tr>\n<tr>\n<td style=\"font-size:14px;text-align:center\" width=\"130\" align=\"center\">\n<p><span style=\"font-size:18px;font-family:&quot;times new roman&quot;, times, serif\">Akumulators<\/span><\/p>\n<\/td>\n<td style=\"font-size:14px;text-align:center\" width=\"453\" align=\"center\">\n<p><span style=\"font-size:18px;font-family:&quot;times new roman&quot;, times, serif\">Ietilp\u012bba: 13Ah<br \/>Spriegums: 36V<br \/>Uzl\u0101des laiks: 4\u20136 stundas<br \/>Jauda: 468 Wh<br \/>Aizsardz\u012bbas sist\u0113ma: J\u0101<\/span><\/p>\n<\/td>\n<\/tr>\n<tr>\n<td style=\"font-size:14px;text-align:center\" width=\"130\" align=\"center\">\n<p><span style=\"font-size:18px;font-family:&quot;times new roman&quot;, times, serif\">L\u0101d\u0113t\u0101js<\/span><\/p>\n<\/td>\n<td style=\"font-size:14px;text-align:center\" width=\"453\" align=\"center\">\n<p><span style=\"font-size:18px;font-family:&quot;times new roman&quot;, times, serif\">Input: 100-240V, 1.8A<br \/>Izeja: 42 V, 2 A<\/span><\/p>\n<\/td>\n<\/tr>\n<tr>\n<td style=\"font-size:14px;text-align:center\" width=\"130\" align=\"center\">\n<p><span style=\"font-size:18px;font-family:&quot;times new roman&quot;, times, serif\">Riepa<\/span><\/p>\n<\/td>\n<td style=\"font-size:14px;text-align:center\" width=\"453\" align=\"center\">\n<p><span style=\"font-size:18px;font-family:&quot;times new roman&quot;, times, serif\">Z\u012bmols: CST<br \/>Size: 27.5&quot; x 2.1&quot;<br \/>Type: Pneumatic Tire<br \/>Tire Pressure: 45-65PSI<br \/>Best Tire Pressure: 50PSI (Front), 55PSI (Rear)<\/span><\/p>\n<\/td>\n<\/tr>\n<tr>\n<td style=\"font-size:14px;text-align:center\" width=\"130\" align=\"center\">\n<p><span style=\"font-size:18px;font-family:&quot;times new roman&quot;, times, serif\">Rekl\u0101mas displejs<\/span><\/p>\n<\/td>\n<td style=\"font-size:14px;text-align:center\" width=\"453\" align=\"center\">\n<p><span style=\"font-size:18px;font-family:&quot;times new roman&quot;, times, serif\">3.5&quot;\u00a0LCD<\/span><\/p>\n<\/td>\n<\/tr>\n<tr>\n<td style=\"font-size:14px;text-align:center\" width=\"130\" align=\"center\">\n<p><span style=\"font-size:18px;font-family:&quot;times new roman&quot;, times, serif\">Iepakojums<\/span><\/p>\n<\/td>\n<td style=\"font-size:14px;text-align:center\" width=\"453\" align=\"center\">\n<p><span style=\"font-size:18px;font-family:&quot;times new roman&quot;, times, serif\">Size: 1480x250x830mm<br \/>Gross Weight: 30.5KG<\/span><\/p>\n<\/td>\n<\/tr>\n<\/tbody>\n<\/table>\n<p><\/p>\n<p><span style=\"color:rgb(34, 34, 34);font-size:14px;font-family:&quot;Open Sans&quot;, Roboto, Arial, Helvetica, sans-serif, SimSun\"><strong><span style=\"font-size:24px\"><span style=\"font-family:&quot;times new roman&quot;, times, serif\">&gt;&gt;Produktu att\u0113li un apraksti<\/span><\/span><\/strong><\/span><\/p>\n<p><\/p>\n<p><img decoding=\"async\" src=\"https:\/\/ae01.alicdn.com\/kf\/Sb4f47fc8a1b7462cbeee4fd4724dfb3cI.jpg\" slate-data-type=\"image\"\/><img decoding=\"async\" src=\"https:\/\/ae01.alicdn.com\/kf\/S46be507f63f9473c8990cb0b01fb883cL.jpg\" slate-data-type=\"image\"\/><img decoding=\"async\" src=\"https:\/\/ae01.alicdn.com\/kf\/S597251cc06ab4ace88b72e63bcbfc844O.jpg\" slate-data-type=\"image\"\/><img decoding=\"async\" src=\"https:\/\/ae01.alicdn.com\/kf\/S2360a3bea2514d83893cad0828d0d565B.jpg\" slate-data-type=\"image\"\/><img decoding=\"async\" src=\"https:\/\/ae01.alicdn.com\/kf\/Sfdfd76e98f474971ba2dd3cab9cc11dda.jpg\" slate-data-type=\"image\"\/><img decoding=\"async\" src=\"https:\/\/ae01.alicdn.com\/kf\/Sd5e8d03649554d81837c5c2ac253f179H.jpg\" slate-data-type=\"image\"\/><img decoding=\"async\" src=\"https:\/\/ae01.alicdn.com\/kf\/S2ad95c8268474c10a7e289d1271212d4j.jpg\" slate-data-type=\"image\"\/><img decoding=\"async\" src=\"https:\/\/ae01.alicdn.com\/kf\/S1455ae55a0fe4e85abcb72633aa81adba.jpg\" slate-data-type=\"image\"\/><img decoding=\"async\" src=\"https:\/\/ae01.alicdn.com\/kf\/S8c335435f4ee4da9a58df2914e8b4d9cu.jpg\" slate-data-type=\"image\"\/><img decoding=\"async\" src=\"https:\/\/ae01.alicdn.com\/kf\/Sbb91b944ce094c8cb4dc55af381511fbY.jpg\" slate-data-type=\"image\"\/><img decoding=\"async\" src=\"https:\/\/ae01.alicdn.com\/kf\/S86bc0c2a56734be9a014ffe72dd691c9i.jpg\" slate-data-type=\"image\"\/><\/p>","protected":false},"excerpt":{"rendered":"<p>Brand:&nbsp;Eleglide Model:&nbsp;T1 Net Weight:&nbsp;26KG Size of Frame:&nbsp;27.5&quot; x 17.5&quot; Max Load:&nbsp;120KG Max Speed:&nbsp;25KM\/H Max Range:&nbsp;100KM (Assist Mode) Speed Levels of Assist:&nbsp;12\/16\/20\/23\/25 km\/h Features 01:&nbsp;Electric Bicycle Features 02:&nbsp;Electric Bikes Features 03:&nbsp;Electric<\/p>","protected":false},"featured_media":21605,"comment_status":"open","ping_status":"closed","template":"","meta":{"_acf_changed":false},"product_brand":[],"product_cat":[230],"product_tag":[],"class_list":{"0":"post-21603","1":"product","2":"type-product","3":"status-publish","4":"has-post-thumbnail","6":"product_cat-bikes","8":"first","9":"instock","10":"shipping-taxable","11":"purchasable","12":"product-type-variable"},"acf":[],"_links":{"self":[{"href":"https:\/\/electricstore.eu\/lv\/wp-json\/wp\/v2\/product\/21603","targetHints":{"allow":["GET"]}}],"collection":[{"href":"https:\/\/electricstore.eu\/lv\/wp-json\/wp\/v2\/product"}],"about":[{"href":"https:\/\/electricstore.eu\/lv\/wp-json\/wp\/v2\/types\/product"}],"replies":[{"embeddable":true,"href":"https:\/\/electricstore.eu\/lv\/wp-json\/wp\/v2\/comments?post=21603"}],"wp:featuredmedia":[{"embeddable":true,"href":"https:\/\/electricstore.eu\/lv\/wp-json\/wp\/v2\/media\/21605"}],"wp:attachment":[{"href":"https:\/\/electricstore.eu\/lv\/wp-json\/wp\/v2\/media?parent=21603"}],"wp:term":[{"taxonomy":"product_brand","embeddable":true,"href":"https:\/\/electricstore.eu\/lv\/wp-json\/wp\/v2\/product_brand?post=21603"},{"taxonomy":"product_cat","embeddable":true,"href":"https:\/\/electricstore.eu\/lv\/wp-json\/wp\/v2\/product_cat?post=21603"},{"taxonomy":"product_tag","embeddable":true,"href":"https:\/\/electricstore.eu\/lv\/wp-json\/wp\/v2\/product_tag?post=21603"}],"curies":[{"name":"wp","href":"https:\/\/api.w.org\/{rel}","templated":true}]}}