{"id":21596,"date":"2025-05-20T18:20:13","date_gmt":"2025-05-20T18:20:13","guid":{"rendered":"https:\/\/electricstore.eu\/p\/uncategorized\/eleglide-m1-plus-adult-bikes-250w-motor-electric-bikes-13ah-100km-range-app-control-electric-bicycles-cheap-electric-bike\/"},"modified":"2025-05-20T18:20:18","modified_gmt":"2025-05-20T18:20:18","slug":"eleglide-m1-plus-adult-bikes-250w-motor-electric-bikes-13ah-100km-range-app-control-electric-bicycles-cheap-electric-bike","status":"publish","type":"product","link":"https:\/\/electricstore.eu\/lv\/p\/bikes\/eleglide-m1-plus-adult-bikes-250w-motor-electric-bikes-13ah-100km-range-app-control-electric-bicycles-cheap-electric-bike\/","title":{"rendered":"Eglide M1 Plus pieaugu\u0161o velosip\u0113di 250 W motora elektriskie velosip\u0113di 13 Ah 100 km darb\u012bbas r\u0101diusa lietot\u0146u vad\u012bbas elektriskie velosip\u0113di l\u0113ti elektriskie velosip\u0113di"},"content":{"rendered":"<div class=\"product-specs-list-container\">\n<ul class=\"product-specs-list util-clearfix\">\n<li class=\"product-prop line-limit-length\"><span\n                                        class=\"property-title\">Z\u012bmols:&nbsp;<\/span><span\n                                        class=\"property-desc line-limit-length\">Eglide<\/span>\n                            <\/li>\n<li class=\"product-prop line-limit-length\"><span\n                                        class=\"property-title\">Modelis:&nbsp;<\/span><span\n                                        class=\"property-desc line-limit-length\">M1 Plus<\/span>\n                            <\/li>\n<li class=\"product-prop line-limit-length\"><span\n                                        class=\"property-title\">Neto svars:&nbsp;<\/span><span\n                                        class=\"property-desc line-limit-length\">21,7 kg<\/span>\n                            <\/li>\n<li class=\"product-prop line-limit-length\"><span\n                                        class=\"property-title\">Velosip\u0113da maksim\u0101l\u0101 slodze:&nbsp;<\/span><span\n                                        class=\"property-desc line-limit-length\">1790x680x1041mm<\/span>\n                            <\/li>\n<li class=\"product-prop line-limit-length\"><span\n                                        class=\"property-title\">R\u0101mja izm\u0113rs:&nbsp;<\/span><span\n                                        class=\"property-desc line-limit-length\">27.5&quot;\/29\u201c<\/span>\n                            <\/li>\n<li class=\"product-prop line-limit-length\"><span\n                                        class=\"property-title\">Max Load of Bike::&nbsp;<\/span><span\n                                        class=\"property-desc line-limit-length\">100 kg<\/span>\n                            <\/li>\n<li class=\"product-prop line-limit-length\"><span\n                                        class=\"property-title\">Walk Mode:&nbsp;<\/span><span\n                                        class=\"property-desc line-limit-length\">6km\/h<\/span>\n                            <\/li>\n<li class=\"product-prop line-limit-length\"><span\n                                        class=\"property-title\">\u016adensiztur\u012bbas l\u012bmenis:&nbsp;<\/span><span\n                                        class=\"property-desc line-limit-length\">IPX4<\/span>\n                            <\/li>\n<li class=\"product-prop line-limit-length\"><span\n                                        class=\"property-title\">1.\u00a0funkcijas:&nbsp;<\/span><span\n                                        class=\"property-desc line-limit-length\">Elektriskais velosip\u0113ds<\/span>\n                            <\/li>\n<li class=\"product-prop line-limit-length\"><span\n                                        class=\"property-title\">02.\u00a0funkcijas:&nbsp;<\/span><span\n                                        class=\"property-desc line-limit-length\">Elektriskie velosip\u0113di<\/span>\n                            <\/li>\n<li class=\"product-prop line-limit-length\"><span\n                                        class=\"property-title\">Funkcijas 03:&nbsp;<\/span><span\n                                        class=\"property-desc line-limit-length\">Elektrisk\u0101 velosip\u0113da pied\u0101v\u0101jums<\/span>\n                            <\/li>\n<li class=\"product-prop line-limit-length\"><span\n                                        class=\"property-title\">04.\u00a0funkcijas:&nbsp;<\/span><span\n                                        class=\"property-desc line-limit-length\">Elektriskie velosip\u0113di pieaugu\u0161ajiem<\/span>\n                            <\/li>\n<li class=\"product-prop line-limit-length\"><span\n                                        class=\"property-title\">05.\u00a0funkcijas:&nbsp;<\/span><span\n                                        class=\"property-desc line-limit-length\">Saliekamais velosip\u0113ds<\/span>\n                            <\/li>\n<li class=\"product-prop line-limit-length\"><span\n                                        class=\"property-title\">Funkcijas 06:&nbsp;<\/span><span\n                                        class=\"property-desc line-limit-length\">Elektriskie velosip\u0113di pieaugu\u0161ajiem<\/span>\n                            <\/li>\n<li class=\"product-prop line-limit-length\"><span\n                                        class=\"property-title\">Materi\u0101ls:&nbsp;<\/span><span\n                                        class=\"property-desc line-limit-length\">Alum\u012bnija sakaus\u0113jums<\/span>\n                            <\/li>\n<li class=\"product-prop line-limit-length\"><span\n                                        class=\"property-title\">Funkcijas 08:&nbsp;<\/span><span\n                                        class=\"property-desc line-limit-length\">Elektriskais velosip\u0113ds<\/span>\n                            <\/li>\n<li class=\"product-prop line-limit-length\"><span\n                                        class=\"property-title\">09.\u00a0funkcijas:&nbsp;<\/span><span\n                                        class=\"property-desc line-limit-length\">L\u0113ti velosip\u0113di<\/span>\n                            <\/li>\n<\/ul><\/div>\n<p><\/p>\n<p style=\"font-family:&quot;Microsoft YaHei&quot;;font-size:medium;font-weight:400;letter-spacing:normal;text-align:start;white-space:normal;color:rgb(0, 0, 0)\" align=\"start\"><span style=\"font-size:x-large\">Svar\u012bg\u0101kie notikumi<\/span><\/p>\n<p><\/p>\n<p style=\"font-family:&quot;Microsoft YaHei&quot;;font-size:medium;font-weight:400;letter-spacing:normal;text-align:start;white-space:normal;color:rgb(0, 0, 0)\" align=\"start\"><strong>Powerful Motor &amp; Large Battery<br \/><\/strong>Eleglide M1 Plus comes with a 250W powerful brushless motor that delivers\u00a045Nm torque\u00a0and enables the bike to speed up to 25km\/h. With a replaceable 12.5Ah lithium-ion battery, it can run up to 100km(62mi) on assist mode, which is perfect for your long ride.<br \/><strong>27.5&quot;\/29&quot;\u00a0CST Tires<br \/><\/strong>The upgraded M1 Plus bike is equipped with 27.5in\/29in bigger CST pneumatic tires that can adapt to a variety of road surfaces\u00a0and negotiate trail obstacles with ease and stability. Moreover, the knobby tire surface drastically\u00a0reduces\u00a0the impact caused by road bumps, making your ride even more enjoyable.<br \/><strong>21 Speed Shimano Gear<br \/><\/strong>The electric bicycle is improved with professional Shimano derailleurs. The front derailleur has 3 gears, and the rear has 7 gears. With the help of derailleurs, you can enjoy a faster and easier ride.<br \/><strong>Hydraulic Suspension With Lockout<br \/><\/strong>The new Eleglide M1 Plus is upgraded with hydraulic damping design that comes with suspension lockout, leaving you a more comfortable cycling experience.<br \/><strong>3 Riding Modes &amp; 5 Speed Levels<br \/><\/strong>While riding Eleglide M1 Plus, you can choose electric mode, assist mode or manual mode. You can also switch among 5 levels of assist\/electric mode, including 12, 16, 20, 23 and 25 km\/h.<br \/><strong>SmartLCD &amp; App Control<br \/><\/strong>M1 Plus has an intelligent LCD display that\u00a0keeps\u00a0you informed with all the important\u00a0details, like\u00a0the real-time speed, trip distance and remaining battery\u00a0power.\u00a0You can switch assist levels, set screen timeout, activate walk mode and more right from the display. Furthermore, you can control your bike via on your phone via the Eleglide app. The smart app\u00a0allows you to activate more\u00a0functions, such as locking the bike, setting a password and adjusting the screen timeout, making your ride smarter and easier.<\/p>\n<p><\/p>\n<h2 style=\"font-family:&quot;Microsoft YaHei&quot;;font-size:14px;letter-spacing:normal;text-align:start;white-space:normal;color:rgb(0, 0, 0);margin:10px 0px;margin-bottom:10px;margin-top:10px;margin-left:0px;margin-right:0px;padding:0px;padding-bottom:0px;padding-top:0px;padding-left:0px;padding-right:0px\" align=\"start\">Specifik\u0101cija<\/h2>\n<p><\/p>\n<table style=\"border-collapse:collapse;font-family:&quot;Microsoft YaHei&quot;\" border=\"1\" cellpadding=\"8\">\n<tbody>\n<tr>\n<td style=\"width:102px\" width=\"102\">\n<p>Visp\u0101r\u012bgi<\/p>\n<\/td>\n<td style=\"width:454px\" width=\"454\">\n<p>Z\u012bmols: Eleglide<br \/>Model: M1 Plus (27.5&quot;)<br \/>Kr\u0101sa: melna<\/p>\n<\/td>\n<\/tr>\n<tr>\n<td style=\"width:102px\" width=\"102\">\n<p>Pamata specifik\u0101cija<\/p>\n<\/td>\n<td style=\"width:454px\" width=\"454\">\n<p>Neto svars: 21,7 kg<br \/>Unfolded Size: 1790x680x1041mm<br \/>Size of Frame: 27.5&quot;\/29&quot; x 18&quot;<br \/>Length of Handlebar: 680mm(26.8&quot;)<br \/>Height of Saddle (from the ground): 33.5&quot;-41.3&quot;<br \/>Recommended Rider Height: 160-195cm (around 5&#x27;\u00a03&quot;-6&#x27; 4.8&quot;)<br \/>Max Load\u00a0of Bike: 100\u00a0kg<br \/>Cut-off\u00a0Speed: 25km\/h\u00a0(Can be adjusted to 32km\/h)<br \/>Maksim\u0101lais nobraukums: 100 km (pal\u012bgre\u017e\u012bms)<br \/>Pedal Assist Levels: 12\/16\/20\/23\/25 km\/h<br \/>Ie\u0161anas re\u017e\u012bms: 6 km\/h<br \/>\u016adensiztur\u012bbas l\u012bmenis: IPX4<br \/>Material: Aluminium Alloy<br \/>Braking System: Front &amp; Rear Disc Brakes + Power-off Design<\/p>\n<\/td>\n<\/tr>\n<tr>\n<td style=\"width:102px\" width=\"102\">\n<p>Motors<\/p>\n<\/td>\n<td style=\"width:454px\" width=\"454\">\n<p>Nomin\u0101l\u0101 jauda un spriegums: 250 W, 36 V<br \/>Max Instantaneous Power: 500W<br \/>Max RPM: 210<br \/>Maksim\u0101lais izejas griezes moments: 45 Nm<\/p>\n<\/td>\n<\/tr>\n<tr>\n<td style=\"width:102px\" width=\"102\">\n<p>P\u0101rsl\u0113dz\u0113js<\/p>\n<\/td>\n<td style=\"width:454px\" width=\"454\">\n<p>Z\u012bmols: Shimano<br \/>P\u0101rnesumu skaits: 3 (priek\u0161\u0101), 7 (aizmugur\u0113)<\/p>\n<\/td>\n<\/tr>\n<tr>\n<td style=\"width:102px\" width=\"102\">\n<p>Akumulators<\/p>\n<\/td>\n<td style=\"width:454px\" width=\"454\">\n<p>Capacity: 12.5Ah<br \/>Spriegums: 36V<br \/>Charging Time: 7h<br \/>Power Capacity: 450Wh<br \/>Aizsardz\u012bbas sist\u0113ma: J\u0101<\/p>\n<\/td>\n<\/tr>\n<tr>\n<td style=\"width:102px\" width=\"102\">\n<p>L\u0101d\u0113t\u0101js<\/p>\n<\/td>\n<td style=\"width:454px\" width=\"454\">\n<p>Ieeja: 100\u2013240 V, 2 A<br \/>Izeja: 42 V, 2 A<\/p>\n<\/td>\n<\/tr>\n<tr>\n<td style=\"width:102px\" width=\"102\">\n<p>Riepas<\/p>\n<\/td>\n<td style=\"width:454px\" width=\"454\">\n<p>Z\u012bmols: CST<br \/>Size: 27.5&quot; x 2.1&quot;<br \/>Tips: Pneimatisk\u0101s gumijas riepas<br \/>Tire Pressure: 45-65PSI<br \/>Best Tire Pressure: 50PSI (Front), 55PSI (Rear)<\/p>\n<\/td>\n<\/tr>\n<tr>\n<td style=\"width:102px\" width=\"102\">\n<p>Rekl\u0101mas displejs<\/p>\n<\/td>\n<td style=\"width:454px\" width=\"454\">\n<p>Size: 1.75&quot;<br \/>Tips: LCD<br \/>Information: Speed, Battery Level, Trip Distance\/Odometer, Assist Level, Push Mode, Light Mark, Error Code, Brake\/Malfunction Mark<br \/>Function: power on\/off, light on\/off, shifting assist levels, activating push mode, removing ODO data, setting screen timeout, etc.<\/p>\n<\/td>\n<\/tr>\n<tr>\n<td style=\"width:102px\" width=\"102\">\n<p>Lietotne<\/p>\n<\/td>\n<td style=\"width:454px\" width=\"454\">\n<p>V\u0101rds: Eglide<br \/>Sist\u0113mas atbalsts: iOS (11.0+), Android (5.0+)<br \/>Funkcijas: gaismas iesl\u0113g\u0161ana\/izsl\u0113g\u0161ana, pal\u012bgl\u012bme\u0146u p\u0101rsl\u0113g\u0161ana, velosip\u0113da blo\u0137\u0113\u0161ana\/atblo\u0137\u0113\u0161ana, paroles iestat\u012b\u0161ana, ekr\u0101na spilgtuma regul\u0113\u0161ana utt.<\/p>\n<\/td>\n<\/tr>\n<tr>\n<td style=\"width:102px\" width=\"102\">\n<p>Iepakojums<\/p>\n<\/td>\n<td style=\"width:454px\" width=\"454\">\n<p>Size: 1480x220x770mm<br \/>Gross Weight: 27kg<\/p>\n<\/td>\n<\/tr>\n<tr>\n<td style=\"width:102px\" width=\"102\">\n<p>Paku saraksts<\/p>\n<\/td>\n<td style=\"width:454px\" width=\"454\">\n<p>1 x Eleglide Bike \u00a0\u00a0\u00a0\u00a0\u00a01 x User Manual<br \/>1 x Charger \u00a0\u00a0\u00a0\u00a0\u00a0 \u00a0 \u00a0 \u00a0\u00a0 2 x Pedal<br \/>1 x Rear Reflector \u00a0\u00a0\u00a0\u00a04 x Spoke Reflector<br \/>1 x LCD Display \u00a0\u00a0\u00a0\u00a0\u00a0\u00a02 x Key<br \/>1 x Tool Kit \u00a0\u00a0\u00a0\u00a0\u00a0\u00a0 \u00a0 \u00a0\u00a0 1 x Throttle Kit<\/p>\n<\/td>\n<\/tr>\n<tr>\n<td style=\"width:556px\" width=\"556\" colspan=\"2\">\n<p>Piez\u012bme: maksim\u0101lais diapazons tiek sasniegts \u0161\u0101dos apst\u0101k\u013cos: 75 kg slodze, 26 \u2103 temperat\u016bra, 15 km\/h nemain\u012bgs \u0101trums, uz l\u012bdzena ce\u013ca bez sp\u0113c\u012bga v\u0113ja.<\/p>\n<\/td>\n<\/tr>\n<\/tbody>\n<\/table>\n<p><img decoding=\"async\" src=\"https:\/\/ae01.alicdn.com\/kf\/Sac0bfdff325945939c57588c426418188.jpeg\" slate-data-type=\"image\"\/><img decoding=\"async\" src=\"https:\/\/ae01.alicdn.com\/kf\/Sc9cdbd8ee5874b28b0c1844b60e60a00T.jpeg\" slate-data-type=\"image\"\/><img decoding=\"async\" src=\"https:\/\/ae01.alicdn.com\/kf\/S071ddc459d02406a83f5f5ec2ae198ca5.jpeg\" slate-data-type=\"image\"\/><img decoding=\"async\" src=\"https:\/\/ae01.alicdn.com\/kf\/S80dcff1728f54ec187b138bfa5abde9do.jpeg\" slate-data-type=\"image\"\/><img decoding=\"async\" src=\"https:\/\/ae01.alicdn.com\/kf\/S8ca7e861e8494bd8823febb4c52d1200a.jpeg\" slate-data-type=\"image\"\/><img decoding=\"async\" src=\"https:\/\/ae01.alicdn.com\/kf\/Sf95a79c18d5b4a1fb532eb5783407ed4z.jpeg\" slate-data-type=\"image\"\/><img decoding=\"async\" src=\"https:\/\/ae01.alicdn.com\/kf\/Sca407e8bd8314675b9b371ef8edbb823H.jpeg\" slate-data-type=\"image\"\/><img decoding=\"async\" src=\"https:\/\/ae01.alicdn.com\/kf\/S90b863fb99c34b6ab9e3e4ddf97e3450v.jpeg\" slate-data-type=\"image\"\/><img decoding=\"async\" src=\"https:\/\/ae01.alicdn.com\/kf\/Se833949820214331919e9fc5b4a42a3fl.jpeg\" slate-data-type=\"image\"\/><img decoding=\"async\" src=\"https:\/\/ae01.alicdn.com\/kf\/S979251df0f4c405c9e7b03d4fae6b516v.jpeg\" slate-data-type=\"image\"\/><img decoding=\"async\" src=\"https:\/\/ae01.alicdn.com\/kf\/Sd27b1ff2cbfb44e7b8309b4bfdcab174E.jpeg\" slate-data-type=\"image\"\/><img decoding=\"async\" src=\"https:\/\/ae01.alicdn.com\/kf\/S73ef3b1ada2c43c39c525e7e71f89367A.jpeg\" slate-data-type=\"image\"\/><img decoding=\"async\" src=\"https:\/\/ae01.alicdn.com\/kf\/S5cdbcaa253284456bc6c72c76ac180bbB.jpeg\" slate-data-type=\"image\"\/><img decoding=\"async\" src=\"https:\/\/ae01.alicdn.com\/kf\/S54d93284c50042b5992ab8d218488629P.jpeg\" slate-data-type=\"image\"\/><\/p>","protected":false},"excerpt":{"rendered":"<p>Brand:&nbsp;Eleglide Model:&nbsp;M1 Plus Net Weight:&nbsp;21.7kg Max Load of Bike:&nbsp;1790x680x1041mm Size of Frame:&nbsp;27.5&quot;\/29\u201c Max Load of Bike::&nbsp;100 kg Walk Mode:&nbsp;6km\/h Waterproof Level:&nbsp;IPX4 Features 01:&nbsp;Electric Bicycle Features 02:&nbsp;Electric Bikes Features 03:&nbsp;Electric Bike<\/p>","protected":false},"featured_media":21597,"comment_status":"open","ping_status":"closed","template":"","meta":{"_acf_changed":false},"product_brand":[],"product_cat":[230],"product_tag":[],"class_list":{"0":"post-21596","1":"product","2":"type-product","3":"status-publish","4":"has-post-thumbnail","6":"product_cat-bikes","8":"first","9":"instock","10":"shipping-taxable","11":"purchasable","12":"product-type-variable"},"acf":[],"_links":{"self":[{"href":"https:\/\/electricstore.eu\/lv\/wp-json\/wp\/v2\/product\/21596","targetHints":{"allow":["GET"]}}],"collection":[{"href":"https:\/\/electricstore.eu\/lv\/wp-json\/wp\/v2\/product"}],"about":[{"href":"https:\/\/electricstore.eu\/lv\/wp-json\/wp\/v2\/types\/product"}],"replies":[{"embeddable":true,"href":"https:\/\/electricstore.eu\/lv\/wp-json\/wp\/v2\/comments?post=21596"}],"wp:featuredmedia":[{"embeddable":true,"href":"https:\/\/electricstore.eu\/lv\/wp-json\/wp\/v2\/media\/21597"}],"wp:attachment":[{"href":"https:\/\/electricstore.eu\/lv\/wp-json\/wp\/v2\/media?parent=21596"}],"wp:term":[{"taxonomy":"product_brand","embeddable":true,"href":"https:\/\/electricstore.eu\/lv\/wp-json\/wp\/v2\/product_brand?post=21596"},{"taxonomy":"product_cat","embeddable":true,"href":"https:\/\/electricstore.eu\/lv\/wp-json\/wp\/v2\/product_cat?post=21596"},{"taxonomy":"product_tag","embeddable":true,"href":"https:\/\/electricstore.eu\/lv\/wp-json\/wp\/v2\/product_tag?post=21596"}],"curies":[{"name":"wp","href":"https:\/\/api.w.org\/{rel}","templated":true}]}}