{"id":21563,"date":"2025-05-20T18:19:56","date_gmt":"2025-05-20T18:19:56","guid":{"rendered":"https:\/\/electricstore.eu\/p\/uncategorized\/touroll-s2-adult-bikes-20-250w-motor-electric-bikes-25km-h-720wh-battery-120km-range-48v-15ah-electric-bicycles\/"},"modified":"2025-05-20T18:20:04","modified_gmt":"2025-05-20T18:20:04","slug":"touroll-s2-adult-bikes-20-250w-motor-electric-bikes-25km-h-720wh-battery-120km-range-48v-15ah-electric-bicycles","status":"publish","type":"product","link":"https:\/\/electricstore.eu\/lv\/p\/bikes\/touroll-s2-adult-bikes-20-250w-motor-electric-bikes-25km-h-720wh-battery-120km-range-48v-15ah-electric-bicycles\/","title":{"rendered":"Touroll S2 pieaugu\u0161o velosip\u0113di 20 collu 250 W motora elektriskie velosip\u0113di 25 km\/h 720 Wh akumulators 120 km nobraukuma diapazons 48 V 15 Ah elektriskie velosip\u0113di"},"content":{"rendered":"<div class=\"product-specs-list-container\">\n<ul class=\"product-specs-list util-clearfix\">\n<li class=\"product-prop line-limit-length\"><span\n                                        class=\"property-title\">Velosip\u0113du piekares veidi:&nbsp;<\/span><span\n                                        class=\"property-desc line-limit-length\">Iztur\u012bgs<\/span>\n                            <\/li>\n<li class=\"product-prop line-limit-length\"><span\n                                        class=\"property-title\">Bremz\u0113\u0161anas sist\u0113ma:&nbsp;<\/span><span\n                                        class=\"property-desc line-limit-length\">Priek\u0161\u0113j\u0101 un aizmugur\u0113j\u0101 meh\u0101nisk\u0101 disku bremze<\/span>\n                            <\/li>\n<li class=\"product-prop line-limit-length\"><span\n                                        class=\"property-title\">Rite\u0146a izm\u0113rs:&nbsp;<\/span><span\n                                        class=\"property-desc line-limit-length\">20 collas 500 mm<\/span>\n                            <\/li>\n<li class=\"product-prop line-limit-length\"><span\n                                        class=\"property-title\">Z\u012bmols:&nbsp;<\/span><span\n                                        class=\"property-desc line-limit-length\">Touroll<\/span>\n                            <\/li>\n<li class=\"product-prop line-limit-length\"><span\n                                        class=\"property-title\">Modelis:&nbsp;<\/span><span\n                                        class=\"property-desc line-limit-length\">S2<\/span>\n                            <\/li>\n<li class=\"product-prop line-limit-length\"><span\n                                        class=\"property-title\">ZR:&nbsp;<\/span><span\n                                        class=\"property-desc line-limit-length\">31,2 kg<\/span>\n                            <\/li>\n<li class=\"product-prop line-limit-length\"><span\n                                        class=\"property-title\">Atsl\u0113g\u0161an\u0101s \u0101trums:&nbsp;<\/span><span\n                                        class=\"property-desc line-limit-length\">25 km\/h<\/span>\n                            <\/li>\n<li class=\"product-prop line-limit-length\"><span\n                                        class=\"property-title\">Velosip\u0113da maksim\u0101l\u0101 slodze:&nbsp;<\/span><span\n                                        class=\"property-desc line-limit-length\">120 kg<\/span>\n                            <\/li>\n<li class=\"product-prop line-limit-length\"><span\n                                        class=\"property-title\">Maks. diapazons:&nbsp;<\/span><span\n                                        class=\"property-desc line-limit-length\">150 km (pal\u012bgre\u017e\u012bms)<\/span>\n                            <\/li>\n<li class=\"product-prop line-limit-length\"><span\n                                        class=\"property-title\">Jauda\/spriegums:&nbsp;<\/span><span\n                                        class=\"property-desc line-limit-length\">15Ah \/ 48V<\/span>\n                            <\/li>\n<li class=\"product-prop line-limit-length\"><span\n                                        class=\"property-title\">Uzl\u0101des laiks:&nbsp;<\/span><span\n                                        class=\"property-desc line-limit-length\">6\u20138 stundas<\/span>\n                            <\/li>\n<li class=\"product-prop line-limit-length\"><span\n                                        class=\"property-title\">R\u0101mja izm\u0113rs:&nbsp;<\/span><span\n                                        class=\"property-desc line-limit-length\">20&quot;x17&quot;<\/span>\n                            <\/li>\n<\/ul><\/div>\n<p style=\"font-family:&quot;Noto Sans SC&quot;;font-size:medium;font-weight:400;letter-spacing:normal;text-align:start;white-space:normal;color:rgb(0, 0, 0)\" align=\"start\"><span style=\"font-size:x-large\">Svar\u012bg\u0101kie notikumi<\/span><\/p>\n<p><\/p>\n<p style=\"font-family:&quot;Noto Sans SC&quot;;font-size:medium;font-weight:400;letter-spacing:normal;text-align:start;white-space:normal;color:rgb(0, 0, 0)\" align=\"start\"><strong>Nep\u0101rsp\u0113jams<\/strong><strong><span>\u00a0<\/span><\/strong><strong>Dro\u0161\u012bba un<\/strong><strong><span>\u00a0<\/span><\/strong><strong>Stabilit\u0101te<\/strong><br \/>Apr\u012bkots ar 20*4.0 visurg\u0101j\u0113jiem paredz\u0113t\u0101m fat riep\u0101m, Touroll S2 e-velosip\u0113ds ir paredz\u0113ts, lai iekarotu neasfalt\u0113tus ce\u013cus, piem\u0113ram, me\u017ea takas, kalnu takas un smil\u0161ainas pludmales. Plat\u0101s riepas rada liel\u0101ku saskares laukumu ar zemi, nodro\u0161inot izcilu sa\u0137eri un stabilit\u0101ti pat uz sliden\u0101m virsm\u0101m. Velosip\u0113dam ir 80 mm g\u0101jiena amortiz\u0113jo\u0161a piekare, kas samazina vibr\u0101cijas, pied\u0101v\u0101jot vienm\u0113r\u012bg\u0101ku un \u0113rt\u0101ku braucienu. Turkl\u0101t e-velosip\u0113ds ir apr\u012bkots ar e-bremz\u0113m un disku bremz\u0113m, kas bremz\u0113\u0161anas laik\u0101 nekav\u0113joties aptur motoru, nodro\u0161inot dro\u0161\u0101ku un kontrol\u0113t\u0101ku brauk\u0161anas pieredzi.<\/p>\n<p><strong>Jaud\u012bga veiktsp\u0113ja<\/strong><br \/>Touroll S2 e-velosip\u0113ds nodro\u0161ina maksim\u0101lo jaudu 650 W un atbalsta kravnes\u012bbu l\u012bdz 120 kg, padarot to ide\u0101li piem\u0113rotu papildu apr\u012bkojuma vai kr\u0101jumu p\u0101rvad\u0101\u0161anai. T\u0101 speci\u0101li izstr\u0101d\u0101tais motors fat riepu velosip\u0113diem pied\u0101v\u0101 maksim\u0101lo griezes momentu 55 Nm, nodro\u0161inot bez piep\u016bles braucienu un sp\u0113c\u012bgu sniegumu kaln\u0101. Ar 720 Wh lielas ietilp\u012bbas akumulatoru Touroll S2 pal\u012bgre\u017e\u012bm\u0101 var nodro\u0161in\u0101t lielu nobraukumu l\u012bdz 150 km, padarot to par ide\u0101lu ce\u013cabiedru j\u016bsu ce\u013cojumos.<\/p>\n<p><strong>Vienm\u0113r\u012bga un bez piep\u016bles brauk\u0161ana<\/strong><br \/>Prec\u012bzs skrejceli\u0146a sensors nodro\u0161ina prec\u012bzu un atsauc\u012bgu motora pal\u012bdz\u012bbu, \u013caujot ped\u0101\u013ciem p\u0101rraid\u012bt jaudas sign\u0101lus 12 reizes katr\u0101 ped\u0101\u013ca apgriezien\u0101. Ar 5 PAS l\u012bme\u0146iem (12\/15\/18\/21\/25 km\/h) varat viegli piel\u0101got \u0101trumu sav\u0101m brauk\u0161anas vajadz\u012bb\u0101m. Shimano 7 \u0101trumu p\u0101rnesumu sist\u0113ma nodro\u0161ina vienm\u0113r\u012bgu un efekt\u012bvu p\u0101rsl\u0113g\u0161anu, uzlabojot j\u016bsu brauk\u0161anas pieredzi kopum\u0101.<\/p>\n<p><strong>Ergonomisks<\/strong><strong><span>\u00a0<\/span><\/strong><strong>Dizains<\/strong><br \/>Pateicoties pak\u0101pienveida r\u0101mja konstrukcijai, Touroll S2 atvieglo uzk\u0101p\u0161anu un nok\u0101p\u0161anu no velosip\u0113da jebkura vecuma un prasmju l\u012bme\u0146a brauc\u0113jiem. Regul\u0113jam\u0101 st\u016bre un s\u0113deklis \u013cauj piel\u0101got velosip\u0113du \u0113rt\u0101kajai brauk\u0161anas poz\u012bcijai. Neatkar\u012bgi no t\u0101, vai esat jauns piedz\u012bvojumu mekl\u0113t\u0101js vai pieredz\u0113jis brauc\u0113js, Touroll S2 pied\u0101v\u0101 \u0113rtu pieredzi ikvienam.<\/p>\n<p><strong>\u0112rta uzglab\u0101\u0161ana un uzl\u0101de<\/strong><br \/>Elektrovelosip\u0113da salok\u0101mais r\u0101mis un st\u016bres iznesums atvieglo t\u0101 uzglab\u0101\u0161anu \u0161aur\u0101s viet\u0101s vai ievieto\u0161anu apvidus auto vai univers\u0101l\u012b. No\u0146emam\u0101 akumulatora konstrukcija vienk\u0101r\u0161o uzl\u0101di, \u013caujot \u0101tri atgriezties uz ce\u013ca. Varat ar\u012b ieg\u0101d\u0101ties papildu akumulatoru, lai palielin\u0101tu nobraucamo att\u0101lumu.<\/p>\n<p><strong>Uzlabota SafeNight Riding funkcija un krist\u0101ldzidrs displejs<\/strong><br \/>Apr\u012bkots ar ES StVZO sertific\u0113tiem priek\u0161\u0113jiem lukturiem un aizmugur\u0113jiem lukturiem, \u0161is e-velosip\u0113ds nodro\u0161ina lielisku redzam\u012bbu un dro\u0161\u012bbu v\u0101ja apgaismojuma apst\u0101k\u013cos. LCD displejs sniedz skaidru un viegli las\u0101mu inform\u0101ciju, vienm\u0113r inform\u0113jot j\u016bs par savu braucienu.<\/p>\n<p><\/p>\n<h2 style=\"font-family:&quot;Noto Sans SC&quot;;font-size:14px;letter-spacing:normal;text-align:start;white-space:normal;color:rgb(0, 0, 0);margin:10px 0px;margin-bottom:10px;margin-top:10px;margin-left:0px;margin-right:0px;padding:0px;padding-bottom:0px;padding-top:0px;padding-left:0px;padding-right:0px\" align=\"start\">Specifik\u0101cija<\/h2>\n<p><\/p>\n<table style=\"border-collapse:collapse;font-family:&quot;Noto Sans SC&quot;\" border=\"1\" cellpadding=\"8\">\n<tbody>\n<tr>\n<td style=\"width:137px\" width=\"137\">\n<p>Visp\u0101r\u012bgi<\/p>\n<\/td>\n<td style=\"width:427px\" width=\"427\">\n<p>Z\u012bmols: Touroll<br \/>Modelis: S2<br \/>Kr\u0101sa: zila<\/p>\n<\/td>\n<\/tr>\n<tr>\n<td style=\"width:137px\" width=\"137\">\n<p>Pamata specifik\u0101cija.<\/p>\n<\/td>\n<td style=\"width:427px\" width=\"427\">\n<p>ZR: 31,2 kg<br \/>Izm\u0113rs nesaloc\u012bt\u0101 veid\u0101: 1720x640x1300 mm<br \/>Saloc\u012bt\u0101 veid\u0101 izm\u0113rs: 970x450x740 mm<br \/>R\u0101mja izm\u0113rs: 20&quot;x17&quot;<br \/>St\u016bres platums: 620 mm (24,4 collas)<br \/>Ieteicamais brauc\u0113ja augums: 160\u2013195 cm (5&#039;3\u201d\u20136&#039;5\u201d)<br \/>Velosip\u0113da maksim\u0101l\u0101 slodze: 120 kg<br \/>Maksim\u0101lais \u0101trums: 25 km\/h<br \/>Maks. nobraukums: 150 km (pal\u012bgre\u017e\u012bms)<br \/>PAS l\u012bme\u0146i: 12\/15\/18\/21\/25 km\/h (1.\u20135. l\u012bmenis)<br \/>Ie\u0161anas re\u017e\u012bms: 6 km\/h<br \/>\u016adensiztur\u012bbas l\u012bmenis: IPX4<br \/>R\u0101mja materi\u0101ls: STL<br \/>R\u0101mja tips: Pak\u0101penisks<br \/>Bremz\u0113\u0161anas sist\u0113ma: meh\u0101nisk\u0101 disku bremze un elektronisk\u0101 bremze<br \/>Balstiek\u0101rta: Meh\u0101nisks amortizators<br \/>Balstiek\u0101rtas g\u0101jiens: 80 mm<\/p>\n<\/td>\n<\/tr>\n<tr>\n<td style=\"width:137px\" width=\"137\">\n<p>Motors<\/p>\n<\/td>\n<td style=\"width:427px\" width=\"427\">\n<p>Nomin\u0101lais spriegums: 48 V<br \/>Maks. izejas griezes moments: 55 Nm<\/p>\n<\/td>\n<\/tr>\n<tr>\n<td style=\"width:137px\" width=\"137\">\n<p>P\u0101rsl\u0113dz\u0113js<\/p>\n<\/td>\n<td style=\"width:427px\" width=\"427\">\n<p>P\u0101rnesumu p\u0101rsl\u0113g\u0161anas sviru skaits: 7 (aizmugur\u0113)<br \/>Z\u012bmols: Shimano<\/p>\n<\/td>\n<\/tr>\n<tr>\n<td style=\"width:137px\" width=\"137\">\n<p>Akumulators<\/p>\n<\/td>\n<td style=\"width:427px\" width=\"427\">\n<p>Ietilp\u012bba\/spriegums: 15Ah \/ 48V<br \/>Jauda: 720 Wh<br \/>Uzl\u0101des laiks: 6\u20138 stundas<br \/>Aizsardz\u012bbas sist\u0113ma: J\u0101<\/p>\n<\/td>\n<\/tr>\n<tr>\n<td style=\"width:137px\" width=\"137\">\n<p>Riepas<\/p>\n<\/td>\n<td style=\"width:427px\" width=\"427\">\n<p>Izm\u0113rs: 20&quot;x4&quot;<br \/>Tips, materi\u0101ls: CST pneimatisk\u0101s gumijas riepas<br \/>Riepu spiediens: 5\u201320 PSI<br \/>Optim\u0101lais riepu spiediens: 15\u201320 PSI<\/p>\n<\/td>\n<\/tr>\n<tr>\n<td style=\"width:137px\" width=\"137\">\n<p>Rekl\u0101mas displejs<\/p>\n<\/td>\n<td style=\"width:427px\" width=\"427\">\n<p>Izm\u0113rs, tips: 2,6 collu LCD<br \/>Inform\u0101cija: \u0101trums re\u0101llaik\u0101, pal\u012bgsist\u0113mas l\u012bmenis, akumulatora l\u012bmenis, ie\u0161anas re\u017e\u012bms, nobrauktais att\u0101lums<br \/>Funkcijas: iesl\u0113g\u0161ana\/izsl\u0113g\u0161ana, gaismas iesl\u0113g\u0161ana\/izsl\u0113g\u0161ana, pal\u012bgl\u012bme\u0146u p\u0101rsl\u0113g\u0161ana, ie\u0161anas re\u017e\u012bma aktiviz\u0113\u0161ana utt.<\/p>\n<\/td>\n<\/tr>\n<tr>\n<td style=\"width:137px\" width=\"137\">\n<p>Iepakojums<\/p>\n<\/td>\n<td style=\"width:427px\" width=\"427\">\n<p>Izm\u0113rs: 148 x 32 x 77,5 cm<br \/>Svars: 38,2 kg<\/p>\n<\/td>\n<\/tr>\n<tr>\n<td style=\"width:137px\" width=\"137\">\n<p>Paku saraksts<\/p>\n<\/td>\n<td style=\"width:427px\" width=\"427\">\n<p>1 x Touroll ped\u0101lis<br \/>2 x ped\u0101\u013ci (kreisais un labais)<br \/>1 x priek\u0161\u0113jais dub\u013cu sargs<br \/>1 lietot\u0101ja rokasgr\u0101mata<br \/>1 x instrumentu komplekts<br \/>1 x l\u0101d\u0113t\u0101js<br \/>1 x lukturis<br \/>2 atsl\u0113gas<\/p>\n<\/td>\n<\/tr>\n<tr>\n<td style=\"width:565px\" width=\"565\" colspan=\"2\">\n<p><strong>Piez\u012bme:<\/strong>\u00a0Maksim\u0101lais diapazons tiek sasniegts \u0161\u0101dos apst\u0101k\u013cos: 75 kg slodze, 26 \u2103 temperat\u016bra, 12 km\/h nemain\u012bgs \u0101trums, uz l\u012bdzena ce\u013ca bez sp\u0113c\u012bga v\u0113ja.<\/p>\n<\/td>\n<\/tr>\n<\/tbody>\n<\/table>\n<p><img decoding=\"async\" src=\"https:\/\/ae01.alicdn.com\/kf\/S9cc4aa863c7e42468272a42412fa5725U.jpeg\" slate-data-type=\"image\"\/><img decoding=\"async\" src=\"https:\/\/ae01.alicdn.com\/kf\/Sabd76241c5d9404ba09393afd3ac68a2Q.jpeg\" slate-data-type=\"image\"\/><img decoding=\"async\" src=\"https:\/\/ae01.alicdn.com\/kf\/S16aa2f3a4d0143e3bbae8ee8e6d9cea8F.jpeg\" slate-data-type=\"image\"\/><img decoding=\"async\" src=\"https:\/\/ae01.alicdn.com\/kf\/S56aaf09a61a24e57a35309dcb4ef5ffcq.jpeg\" slate-data-type=\"image\"\/><img decoding=\"async\" src=\"https:\/\/ae01.alicdn.com\/kf\/S7979775108094b959549ba7701b77146C.jpeg\" slate-data-type=\"image\"\/><img decoding=\"async\" src=\"https:\/\/ae01.alicdn.com\/kf\/S020490a5aaa04a2687eed647a1f16ca84.jpeg\" slate-data-type=\"image\"\/><img decoding=\"async\" src=\"https:\/\/ae01.alicdn.com\/kf\/S0e16b4c9fa144f2ab8b61c2cd3d46f79Y.jpeg\" slate-data-type=\"image\"\/><img decoding=\"async\" src=\"https:\/\/ae01.alicdn.com\/kf\/Saa87f625732849b5845d9a905eb6fb18f.jpeg\" slate-data-type=\"image\"\/><img decoding=\"async\" src=\"https:\/\/ae01.alicdn.com\/kf\/S8b71635f37f344d58dc7749e22b61c0aQ.jpeg\" slate-data-type=\"image\"\/><\/p>","protected":false},"excerpt":{"rendered":"<p>Bike Suspension Types:&nbsp;Sturdy Braking System:&nbsp;Front and Rear Mechanical Disc Brake Wheel Size:&nbsp;20Inches 500mm Brand:&nbsp;Touroll Model:&nbsp;S2 N.W.:&nbsp;31.2kg Cut-off Speed:&nbsp;25km\/h Max Load of Bike:&nbsp;120kg Max. Range:&nbsp;150km(Assist Mode) Capacity\/Voltage:&nbsp;15Ah \/ 48V Charging Time:&nbsp;6-8h<\/p>","protected":false},"featured_media":21564,"comment_status":"open","ping_status":"closed","template":"","meta":{"_acf_changed":false},"product_brand":[],"product_cat":[230],"product_tag":[],"class_list":{"0":"post-21563","1":"product","2":"type-product","3":"status-publish","4":"has-post-thumbnail","6":"product_cat-bikes","8":"first","9":"instock","10":"shipping-taxable","11":"purchasable","12":"product-type-simple"},"acf":[],"_links":{"self":[{"href":"https:\/\/electricstore.eu\/lv\/wp-json\/wp\/v2\/product\/21563","targetHints":{"allow":["GET"]}}],"collection":[{"href":"https:\/\/electricstore.eu\/lv\/wp-json\/wp\/v2\/product"}],"about":[{"href":"https:\/\/electricstore.eu\/lv\/wp-json\/wp\/v2\/types\/product"}],"replies":[{"embeddable":true,"href":"https:\/\/electricstore.eu\/lv\/wp-json\/wp\/v2\/comments?post=21563"}],"wp:featuredmedia":[{"embeddable":true,"href":"https:\/\/electricstore.eu\/lv\/wp-json\/wp\/v2\/media\/21564"}],"wp:attachment":[{"href":"https:\/\/electricstore.eu\/lv\/wp-json\/wp\/v2\/media?parent=21563"}],"wp:term":[{"taxonomy":"product_brand","embeddable":true,"href":"https:\/\/electricstore.eu\/lv\/wp-json\/wp\/v2\/product_brand?post=21563"},{"taxonomy":"product_cat","embeddable":true,"href":"https:\/\/electricstore.eu\/lv\/wp-json\/wp\/v2\/product_cat?post=21563"},{"taxonomy":"product_tag","embeddable":true,"href":"https:\/\/electricstore.eu\/lv\/wp-json\/wp\/v2\/product_tag?post=21563"}],"curies":[{"name":"wp","href":"https:\/\/api.w.org\/{rel}","templated":true}]}}