{"id":21560,"date":"2025-05-20T18:19:54","date_gmt":"2025-05-20T18:19:54","guid":{"rendered":"https:\/\/electricstore.eu\/p\/uncategorized\/touroll-b2-26-electric-bike-25km-h-250w-50nm-torque-36v-15-6ah-100km-range-7-speed-shimano-gear-electric-bicycles\/"},"modified":"2025-05-20T18:19:55","modified_gmt":"2025-05-20T18:19:55","slug":"touroll-b2-26-electric-bike-25km-h-250w-50nm-torque-36v-15-6ah-100km-range-7-speed-shimano-gear-electric-bicycles","status":"publish","type":"product","link":"https:\/\/electricstore.eu\/lv\/p\/bikes\/touroll-b2-26-electric-bike-25km-h-250w-50nm-torque-36v-15-6ah-100km-range-7-speed-shimano-gear-electric-bicycles\/","title":{"rendered":"Touroll B2 26 collu elektriskais velosip\u0113ds 25 km\/h 250 W 50 Nm griezes moments 36 V 15,6 Ah 100 km nobraukuma diapazons 7 \u0101trumi Shimano p\u0101rnesumi elektriskie velosip\u0113di"},"content":{"rendered":"<div class=\"product-specs-list-container\">\n<ul class=\"product-specs-list util-clearfix\">\n<li class=\"product-prop line-limit-length\"><span\n                                        class=\"property-title\">Velosip\u0113du piekares veidi:&nbsp;<\/span><span\n                                        class=\"property-desc line-limit-length\">Iztur\u012bgs<\/span>\n                            <\/li>\n<li class=\"product-prop line-limit-length\"><span\n                                        class=\"property-title\">Bremz\u0113\u0161anas sist\u0113ma:&nbsp;<\/span><span\n                                        class=\"property-desc line-limit-length\">Priek\u0161\u0113j\u0101 un aizmugur\u0113j\u0101 meh\u0101nisk\u0101 disku bremze<\/span>\n                            <\/li>\n<li class=\"product-prop line-limit-length\"><span\n                                        class=\"property-title\">Rite\u0146a izm\u0113rs:&nbsp;<\/span><span\n                                        class=\"property-desc line-limit-length\">26&quot;<\/span>\n                            <\/li>\n<li class=\"product-prop line-limit-length\"><span\n                                        class=\"property-title\">Z\u012bmols:&nbsp;<\/span><span\n                                        class=\"property-desc line-limit-length\">Touroll<\/span>\n                            <\/li>\n<li class=\"product-prop line-limit-length\"><span\n                                        class=\"property-title\">Modelis:&nbsp;<\/span><span\n                                        class=\"property-desc line-limit-length\">B2<\/span>\n                            <\/li>\n<li class=\"product-prop line-limit-length\"><span\n                                        class=\"property-title\">R\u0101mja izm\u0113rs:&nbsp;<\/span><span\n                                        class=\"property-desc line-limit-length\">26&quot;x16&quot;<\/span>\n                            <\/li>\n<li class=\"product-prop line-limit-length\"><span\n                                        class=\"property-title\">ZR:&nbsp;<\/span><span\n                                        class=\"property-desc line-limit-length\">26,7 kg<\/span>\n                            <\/li>\n<li class=\"product-prop line-limit-length\"><span\n                                        class=\"property-title\">Atsl\u0113g\u0161an\u0101s \u0101trums:&nbsp;<\/span><span\n                                        class=\"property-desc line-limit-length\">25 km\/h<\/span>\n                            <\/li>\n<li class=\"product-prop line-limit-length\"><span\n                                        class=\"property-title\">Maksim\u0101lais diapazons:&nbsp;<\/span><span\n                                        class=\"property-desc line-limit-length\">100 km (pal\u012bgre\u017e\u012bms)<\/span>\n                            <\/li>\n<li class=\"product-prop line-limit-length\"><span\n                                        class=\"property-title\">Nomin\u0101l\u0101 jauda\/spriegums:&nbsp;<\/span><span\n                                        class=\"property-desc line-limit-length\">250 W \/ 36 V<\/span>\n                            <\/li>\n<li class=\"product-prop line-limit-length\"><span\n                                        class=\"property-title\">Uzl\u0101des laiks:&nbsp;<\/span><span\n                                        class=\"property-desc line-limit-length\">7\u20138 stundas<\/span>\n                            <\/li>\n<\/ul><\/div>\n<p><span style=\"font-size:x-large\">Svar\u012bg\u0101kie notikumi<\/span><\/p>\n<p><\/p>\n<p style=\"font-family:&quot;Noto Sans SC&quot;;font-size:medium;font-weight:400;letter-spacing:normal;text-align:start;white-space:normal;color:rgb(0, 0, 0)\" align=\"start\">M\u016b\u017e\u012bga elegance ar ergonomisku komfortu<br \/>Touroll B2 elektriskajam velosip\u0113dam ir skaisti izstr\u0101d\u0101ts retro stila r\u0101mis ar regul\u0113jamu pak\u0101pienu, kas rad\u012bts, lai papildin\u0101tu sievie\u0161u eleganto un \u0113rto brauk\u0161anas st\u0101ju. T\u0101 graciozs siluets, kas pieejams izsmalcin\u0101t\u0101s kr\u0101s\u0101s, apvieno klasisko est\u0113tiku ar ergonomisku efektivit\u0101ti, nodro\u0161inot vienm\u0113r\u012bgu un relaks\u0113tu braucienu. Regul\u0113jam\u0101 st\u016bre un s\u0113dek\u013ca augstums \u013cauj brauc\u0113jiem personaliz\u0113t velosip\u0113da izm\u0113ru, savuk\u0101rt zemais r\u0101mis padara uzk\u0101p\u0161anu un nok\u0101p\u0161anu no t\u0101 bez piep\u016bles \u2014 ide\u0101li piem\u0113rots ikdienas braucieniem un atp\u016btas braucieniem.<\/p>\n<p>Dro\u0161\u012bba pirmaj\u0101 viet\u0101 eso\u0161\u0101 bremz\u0113\u0161anas sist\u0113ma<br \/>Apr\u012bkots ar motora atsl\u0113g\u0161anas meh\u0101niskaj\u0101m disku bremz\u0113m, Touroll B2 ritenis bremz\u0113\u0161anas br\u012bd\u012b acumirkl\u012b aptur jaudu, nodro\u0161inot \u0101tru un kontrol\u0113tu apst\u0101\u0161anos pat sl\u012bpumos. \u0160\u012b dro\u0161\u012bbu pirm\u0101m k\u0101rt\u0101m nodro\u0161ino\u0161\u0101 bremz\u0113\u0161anas sist\u0113ma palielina brauc\u0113ja p\u0101rliec\u012bbu, \u012bpa\u0161i pils\u0113tas satiksmes apst\u0101k\u013cos, nodro\u0161inot liel\u0101ku stabilit\u0101ti un kontroli.<\/p>\n<p>No\u0146emams akumulators ar lielu darb\u012bbas r\u0101diusu<br \/>Darbin\u0101ms ar 36 V 15,6 Ah (561,6 Wh) akumulatoru, B2 elektriskais velosip\u0113ds pied\u0101v\u0101 iespaid\u012bgu nobraucamo att\u0101lumu \u2013 vair\u0101k nek\u0101 100 km ar vienu uzl\u0101di, padarot to ide\u0101li piem\u0113rotu ikdienas braucieniem, rite\u0146brauk\u0161anai pils\u0113t\u0101 un ned\u0113\u013cas nogales atp\u016btai. No\u0146emam\u0101 akumulatora konstrukcija \u013cauj \u0113rti uzl\u0101d\u0113t velosip\u0113du m\u0101j\u0101s vai biroj\u0101, nodro\u0161inot maksim\u0101lu \u0113rt\u012bbu brauc\u0113jiem.<\/p>\n<p>Adapt\u012bv\u0101 jauda un vienm\u0113r\u012bga vad\u012bba<br \/>250 W aizmugur\u0113j\u0101 rumbas motors ar 50 Nm griezes momentu apvienojum\u0101 ar 12 magn\u0113tu kadences sensoru nodro\u0161ina neman\u0101mu ped\u0101\u013cu pal\u012bdz\u012bbu, vienm\u0113r\u012bgi rea\u0123\u0113jot uz katru g\u0101jienu. Bez piep\u016bles p\u0101rvariet sl\u012bpumus un brauk\u0101jiet pa pils\u0113tas iel\u0101m ar \u0101trumu l\u012bdz 25 km\/h, nodro\u0161inot jaud\u012bgu, bet dabisku brauk\u0161anas pieredzi.<\/p>\n<p>Shimano 7 \u0101trumu p\u0101rnesumu sist\u0113ma<br \/>Izmantojot Shimano 7 \u0101trumu piedzi\u0146u, prec\u012bzi p\u0101rvariet da\u017e\u0101dus reljefus. Neatkar\u012bgi no t\u0101, vai k\u0101pjat kaln\u0101 vai pa\u0101trin\u0101ties uz l\u012bdzena ce\u013ca, \u0161\u012b uzticam\u0101 p\u0101rnesumu sist\u0113ma nodro\u0161ina vienm\u0113r\u012bgu un energoefekt\u012bvu p\u0101rsl\u0113g\u0161anos, viegli piel\u0101gojoties j\u016bsu v\u0113lamajam brauk\u0161anas tempam.<\/p>\n<p>Lietot\u0101jam draudz\u012bgas funkcijas<br \/>Lai uzlabotu redzam\u012bbu, priek\u0161\u0113jie un aizmugur\u0113jie lukturi atbilst ES StVZO sertifik\u0101cijai, padarot braucienus nakt\u012b dro\u0161\u0101kus. Intuit\u012bvais LED displejs nodro\u0161ina \u0113rtu vad\u012bbu tr\u012bs ped\u0101\u013cu pal\u012bgl\u012bme\u0146os, padarot to piem\u0113rotu ies\u0101c\u0113jiem, vienlaikus pied\u0101v\u0101jot daudzpus\u012bbu pieredz\u0113ju\u0161iem brauc\u0113jiem. Iztur\u012bgs aizmugur\u0113jais bag\u0101\u017eas nodal\u012bjums nodro\u0161ina praktisku pielietojumu, ide\u0101li piem\u0113rots p\u0101rtikas pre\u010du, somu vai person\u012bgo mantu p\u0101rvad\u0101\u0161anai \u2014 ide\u0101li piem\u0113rots brauk\u0161anai uz darbu, dar\u012bjumu veik\u0161anai un rite\u0146brauk\u0161anai br\u012bv\u0101 laika pavad\u012b\u0161anai.<\/p>\n<p><\/p>\n<h2 style=\"font-family:&quot;Noto Sans SC&quot;;font-size:14px;letter-spacing:normal;text-align:start;white-space:normal;color:rgb(0, 0, 0);margin:10px 0px;margin-bottom:10px;margin-top:10px;margin-left:0px;margin-right:0px;padding:0px;padding-bottom:0px;padding-top:0px;padding-left:0px;padding-right:0px\" align=\"start\">Specifik\u0101cija<\/h2>\n<p><\/p>\n<table style=\"border-collapse:collapse;font-family:&quot;Noto Sans SC&quot;\" border=\"1\" cellpadding=\"8\">\n<tbody>\n<tr>\n<td style=\"width:28.2%\" width=\"28.2000%\">\n<p>Visp\u0101r\u012bgi<\/p>\n<\/td>\n<td style=\"width:71.78%\" width=\"71.7800%\">\n<p>Z\u012bmols: Touroll<br \/>Modelis: B2<br \/>Kr\u0101sa: za\u013ca<\/p>\n<\/td>\n<\/tr>\n<tr>\n<td style=\"width:28.2%\" width=\"28.2000%\">\n<p>Pamata specifik\u0101cija<\/p>\n<\/td>\n<td style=\"width:71.78%\" width=\"71.7800%\">\n<p>R\u0101mja izm\u0113rs: 26&quot; x 16&quot;<br \/>Izm\u0113rs nesaloc\u012bt\u0101 veid\u0101: 1910x670x1130 mm<br \/>St\u016bres platums: 670 mm (26,4 collas)<br \/>ZR: 26,7 kg<br \/>\u016adensiztur\u012bbas l\u012bmenis: IPX4<br \/>Maksim\u0101lais \u0101trums: 25 km\/h<br \/>Maksim\u0101lais nobraukums: 100 km (pal\u012bgre\u017e\u012bms)<br \/>Pal\u012bgre\u017e\u012bma \u0101truma l\u012bme\u0146i: 15\/20\/25 km\/h (1.\u20133. l\u012bmenis)<br \/>R\u0101mja materi\u0101ls: STL<br \/>Ieteicamais brauc\u0113ja augums: 160\u2013195 cm (5&#039;3&quot; \u2013 6&#039;5&quot;)<\/p>\n<\/td>\n<\/tr>\n<tr>\n<td style=\"width:28.2%\" width=\"28.2000%\">\n<p>Motors<\/p>\n<\/td>\n<td style=\"width:71.78%\" width=\"71.7800%\">\n<p>Nomin\u0101l\u0101 jauda\/spriegums: 250 W \/ 36 V<br \/>Maks. izejas griezes moments: 50 Nm<\/p>\n<\/td>\n<\/tr>\n<tr>\n<td style=\"width:28.2%\" width=\"28.2000%\">\n<p>P\u0101rsl\u0113dz\u0113js<\/p>\n<\/td>\n<td style=\"width:71.78%\" width=\"71.7800%\">\n<p>Z\u012bmols: Shimano<br \/>P\u0101rnesumu p\u0101rsl\u0113g\u0161anas sviru skaits: 7 (aizmugur\u0113)<\/p>\n<\/td>\n<\/tr>\n<tr>\n<td style=\"width:28.2%\" width=\"28.2000%\">\n<p>Akumulators<\/p>\n<\/td>\n<td style=\"width:71.78%\" width=\"71.7800%\">\n<p>Ietilp\u012bba\/spriegums: 15,6 Ah\/36 V<br \/>Jauda: 561,6 Wh<br \/>Uzl\u0101des laiks: 7\u20138 stundas<br \/>Aizsardz\u012bbas sist\u0113ma: J\u0101<\/p>\n<\/td>\n<\/tr>\n<tr>\n<td style=\"width:28.2%\" width=\"28.2000%\">\n<p>L\u0101d\u0113t\u0101js<\/p>\n<\/td>\n<td style=\"width:71.78%\" width=\"71.7800%\">\n<p>Ieejas spriegums: 100\u2013240 V<br \/>Ieejas str\u0101va: 2,0 A (maks.)<br \/>Izejas spriegums: 42V<br \/>Izejas str\u0101va: 2,0 A, 84 W<\/p>\n<\/td>\n<\/tr>\n<tr>\n<td style=\"width:28.2%\" width=\"28.2000%\">\n<p>Bremze<\/p>\n<\/td>\n<td style=\"width:71.78%\" width=\"71.7800%\">\n<p>Tips: Meh\u0101nisk\u0101 disku bremze un elektronisk\u0101 bremze<\/p>\n<\/td>\n<\/tr>\n<tr>\n<td style=\"width:28.2%\" width=\"28.2000%\">\n<p>Brem\u017eu disks<\/p>\n<\/td>\n<td style=\"width:71.78%\" width=\"71.7800%\">\n<p>\u0100r\u0113jais diametrs: 160 mm (6,3 collas)<br \/>Biezums: 1,8 mm<br \/>Vad\u012bba: ES bremz\u0113 priek\u0161\u0113jo riteni ar kreiso roku un aizmugur\u0113jo riteni ar labo roku;<br \/>Apvienotaj\u0101 Karalist\u0113 priek\u0161\u0113jo riteni bremz\u0113 ar labo roku, bet aizmugur\u0113jo riteni ar kreiso roku;<\/p>\n<\/td>\n<\/tr>\n<tr>\n<td style=\"width:28.2%\" width=\"28.2000%\">\n<p>Riepas<\/p>\n<\/td>\n<td style=\"width:71.78%\" width=\"71.7800%\">\n<p>Izm\u0113rs: 26&quot; x 2,25&quot;<br \/>Tips\/Materi\u0101ls: Pneimatisk\u0101s gumijas riepas<br \/>Riepu spiediens: 30~45PSI<br \/>Lab\u0101kais riepu spiediens: 35\u201340 PSI<\/p>\n<\/td>\n<\/tr>\n<tr>\n<td style=\"width:28.2%\" width=\"28.2000%\">\n<p>Instruments<\/p>\n<\/td>\n<td style=\"width:71.78%\" width=\"71.7800%\">\n<p>Tips: LED<\/p>\n<\/td>\n<\/tr>\n<tr>\n<td style=\"width:28.2%\" width=\"28.2000%\">\n<p>Iepakojums<\/p>\n<\/td>\n<td style=\"width:71.78%\" width=\"71.7800%\">\n<p>Izm\u0113rs: 162 x 25 x 83 cm<br \/>Bruto svars: 33,7 kg<\/p>\n<\/td>\n<\/tr>\n<tr>\n<td style=\"width:28.2%\" width=\"28.2000%\">\n<p>Paku saraksts<\/p>\n<\/td>\n<td style=\"width:71.78%\" width=\"71.7800%\">\n<p>1 x Touroll ped\u0101lis<br \/>2 x ped\u0101\u013ci (kreisais un labais)<br \/>2 x spie\u0137u atstarot\u0101ji<br \/>1 lietot\u0101ja rokasgr\u0101mata<br \/>1 x instrumentu komplekts<br \/>1 x l\u0101d\u0113t\u0101js<br \/>2 atsl\u0113gas<br \/>1 x lukturis<br \/>1 x aizmugur\u0113jais bag\u0101\u017enieks ar aizmugur\u0113jo lukturi<br \/>2 x dub\u013cu sargi (priek\u0161\u0113jais un aizmugur\u0113jais)<br \/>1 x instruments<\/p>\n<\/td>\n<\/tr>\n<tr>\n<td style=\"width:100%\" width=\"100.0000%\" colspan=\"2\">\n<p>Piez\u012bme: Maksim\u0101lais diapazons tiek sasniegts \u0161\u0101dos apst\u0101k\u013cos: 75 kg slodze, 26 \u2103 temperat\u016bra, 15 km\/h nemain\u012bgs \u0101trums, uz l\u012bdzena ce\u013ca bez sp\u0113c\u012bga v\u0113ja.<\/p>\n<\/td>\n<\/tr>\n<\/tbody>\n<\/table>\n<h2 style=\"font-family:&quot;Noto Sans SC&quot;;font-size:14px;letter-spacing:normal;text-align:start;white-space:normal;color:rgb(0, 0, 0);margin:10px 0px;margin-bottom:10px;margin-top:10px;margin-left:0px;margin-right:0px;padding:0px;padding-bottom:0px;padding-top:0px;padding-left:0px;padding-right:0px\" align=\"start\"><img decoding=\"async\" src=\"https:\/\/ae01.alicdn.com\/kf\/S3ee568f643054a6bbe40a3f4348fe325p.jpeg\" slate-data-type=\"image\"\/><img decoding=\"async\" src=\"https:\/\/ae01.alicdn.com\/kf\/S433b62c588f94390bef74ac339c31235G.jpeg\" slate-data-type=\"image\"\/><img decoding=\"async\" src=\"https:\/\/ae01.alicdn.com\/kf\/Sc0899f5c9e8f4c32ae381251f377372cE.jpeg\" slate-data-type=\"image\"\/><img decoding=\"async\" src=\"https:\/\/ae01.alicdn.com\/kf\/Sf9e796c6828e4e0cb08ee5ac5af4b72a2.jpeg\" slate-data-type=\"image\"\/><img decoding=\"async\" src=\"https:\/\/ae01.alicdn.com\/kf\/S0aac1681357145648a5b9f41adb134446.jpeg\" slate-data-type=\"image\"\/><img decoding=\"async\" src=\"https:\/\/ae01.alicdn.com\/kf\/S3cf0047595e34953ae36d6b1d788a232F.jpeg\" slate-data-type=\"image\"\/><img decoding=\"async\" src=\"https:\/\/ae01.alicdn.com\/kf\/Sd5de5118332f4281a4a5c8c2443b76784.jpeg\" slate-data-type=\"image\"\/><img decoding=\"async\" src=\"https:\/\/ae01.alicdn.com\/kf\/S3b0371a61293443baa2db52d61e707bdg.jpeg\" slate-data-type=\"image\"\/><img decoding=\"async\" src=\"https:\/\/ae01.alicdn.com\/kf\/S5ea4a5f7a8184a44bb9937ffdd97d1beP.jpeg\" slate-data-type=\"image\"\/><img decoding=\"async\" src=\"https:\/\/ae01.alicdn.com\/kf\/S26d05ae144114d139bc1c13f929a4841L.jpeg\" slate-data-type=\"image\"\/><img decoding=\"async\" src=\"https:\/\/ae01.alicdn.com\/kf\/Sef807152e473437c857ca8051ea0d1a2V.jpeg\" slate-data-type=\"image\"\/><img decoding=\"async\" src=\"https:\/\/ae01.alicdn.com\/kf\/Sf7857045bf244e9f8d275a08a4233331l.jpeg\" slate-data-type=\"image\"\/><img decoding=\"async\" src=\"https:\/\/ae01.alicdn.com\/kf\/S180970779a404a65b342f1f22fa68763n.jpeg\" slate-data-type=\"image\"\/><img decoding=\"async\" src=\"https:\/\/ae01.alicdn.com\/kf\/S179960f8e3014750ac0a7f6f3ddaff5bg.jpeg\" slate-data-type=\"image\"\/><img decoding=\"async\" src=\"https:\/\/ae01.alicdn.com\/kf\/S736bb79c042d4d0aa34cb31f01c2d7f8Z.jpeg\" slate-data-type=\"image\"\/><img decoding=\"async\" src=\"https:\/\/ae01.alicdn.com\/kf\/S7ec4d9d924eb4479b1a51d2d624c35cfi.jpeg\" slate-data-type=\"image\"\/><br \/><\/h2>\n<p><\/p>","protected":false},"excerpt":{"rendered":"<p>Bike Suspension Types:&nbsp;Sturdy Braking System:&nbsp;Front and Rear Mechanical Disc Brake Wheel Size:&nbsp;26&quot; Brand:&nbsp;Touroll Model:&nbsp;B2 Size of Frame:&nbsp;26&quot;x16&quot; N.W.:&nbsp;26.7kg Cut-off Speed:&nbsp;25km\/h Max Range:&nbsp;100km (Assist Mode) Rated Power\/Voltage:&nbsp;250W \/ 36V Charging Time:&nbsp;7-8h<\/p>","protected":false},"featured_media":21561,"comment_status":"open","ping_status":"closed","template":"","meta":{"_acf_changed":false},"product_brand":[],"product_cat":[230],"product_tag":[],"class_list":{"0":"post-21560","1":"product","2":"type-product","3":"status-publish","4":"has-post-thumbnail","6":"product_cat-bikes","8":"first","9":"instock","10":"shipping-taxable","11":"purchasable","12":"product-type-simple"},"acf":[],"_links":{"self":[{"href":"https:\/\/electricstore.eu\/lv\/wp-json\/wp\/v2\/product\/21560","targetHints":{"allow":["GET"]}}],"collection":[{"href":"https:\/\/electricstore.eu\/lv\/wp-json\/wp\/v2\/product"}],"about":[{"href":"https:\/\/electricstore.eu\/lv\/wp-json\/wp\/v2\/types\/product"}],"replies":[{"embeddable":true,"href":"https:\/\/electricstore.eu\/lv\/wp-json\/wp\/v2\/comments?post=21560"}],"wp:featuredmedia":[{"embeddable":true,"href":"https:\/\/electricstore.eu\/lv\/wp-json\/wp\/v2\/media\/21561"}],"wp:attachment":[{"href":"https:\/\/electricstore.eu\/lv\/wp-json\/wp\/v2\/media?parent=21560"}],"wp:term":[{"taxonomy":"product_brand","embeddable":true,"href":"https:\/\/electricstore.eu\/lv\/wp-json\/wp\/v2\/product_brand?post=21560"},{"taxonomy":"product_cat","embeddable":true,"href":"https:\/\/electricstore.eu\/lv\/wp-json\/wp\/v2\/product_cat?post=21560"},{"taxonomy":"product_tag","embeddable":true,"href":"https:\/\/electricstore.eu\/lv\/wp-json\/wp\/v2\/product_tag?post=21560"}],"curies":[{"name":"wp","href":"https:\/\/api.w.org\/{rel}","templated":true}]}}