{"id":9261,"date":"2025-05-20T17:46:20","date_gmt":"2025-05-20T17:46:20","guid":{"rendered":"https:\/\/electricstore.eu\/p\/uncategorized\/cloudenergy-cl48-150g-48v-150ah-lifepo4-deep-cycle-battery-pack-for-golf-cart-7680wh-energy-built-in-300a-bms-6000-cycles-life\/"},"modified":"2025-05-20T17:47:00","modified_gmt":"2025-05-20T17:47:00","slug":"cloudenergy-cl48-150g-48v-150ah-lifepo4-deep-cycle-battery-pack-for-golf-cart-7680wh-energy-built-in-300a-bms-6000-cycles-life","status":"publish","type":"product","link":"https:\/\/electricstore.eu\/lt\/p\/batteries\/portable-power-stations\/cloudenergy-cl48-150g-48v-150ah-lifepo4-deep-cycle-battery-pack-for-golf-cart-7680wh-energy-built-in-300a-bms-6000-cycles-life\/","title":{"rendered":"\u201eCloudenergy CL48-150G\u201c 48 V 150 Ah LiFePO4 gilaus ciklo akumuliatori\u0173 blokas golfo ve\u017eim\u0117liui, 7680 Wh energija, \u012fmontuota 300 A BMS sistema, daugiau nei 6000 cikl\u0173 tarnavimo laikas"},"content":{"rendered":"<div class=\"detailmodule_dynamic\"><kse:widget data-widget-type=\"customText\" id=\"1005000009406803\" type=\"relation\"><\/kse:widget><\/div>\n<div class=\"detailmodule_html\">\n<div class=\"detail-desc-decorate-richtext\">\n<p><\/p>\n<div style=\"background-color:rgb(240, 234, 255);margin:20px 0px 10px;margin-bottom:10px;margin-top:20px;margin-left:0px;margin-right:0px;width:100%;height:34px\"><span style=\"background-color:rgb(55, 139, 238);color:rgb(255, 255, 255);font-size:24px;font-family:Verdana, Arial\">Svarbiausi dalykai<\/span><\/div>\n<div class=\"detailmodule_text\">\n<div class=\"detailmodule_html\">\n<div class=\"detail-desc-decorate-richtext\">\n<div class=\"detailmodule_text-image\">\n<div class=\"detailmodule_text-image\">\n<div class=\"detailmodule_text-image\">\n<div class=\"detailmodule_text-image\">\n<div class=\"detailmodule_html\">\n<div class=\"detail-desc-decorate-richtext\">\n<div class=\"detailmodule_text-image\">\n<p style=\"font-family:&quot;Microsoft YaHei&quot;;letter-spacing:normal;text-align:start;white-space:normal;color:rgb(0, 0, 0)\" align=\"start\"><strong><span style=\"font-size:16px;font-family:arial, helvetica, sans-serif\">Integruota 300A BMS sistema<\/span><\/strong><\/p>\n<p style=\"font-family:&quot;Microsoft YaHei&quot;;font-size:medium;font-weight:400;letter-spacing:normal;text-align:start;white-space:normal;color:rgb(0, 0, 0)\" align=\"start\"><span style=\"font-size:16px;font-family:arial, helvetica, sans-serif\">\u201eCloudenergy\u201c golfo ve\u017eim\u0117lio li\u010dio jon\u0173 akumuliatorius turi savaranki\u0161kai sukurt\u0105 300A BMS apsaug\u0105 ir \u017eemos temperat\u016bros i\u0161jungimo funkcij\u0105, kuri veiksmingai apsaugo nuo perkrovimo, per didelio i\u0161krovimo, per didel\u0117s srov\u0117s, trumpojo jungimo ir perkaitimo, kad b\u016bt\u0173 u\u017etikrintas j\u016bs\u0173 saugumas.<\/span><\/p>\n<div><\/div>\n<p style=\"font-family:&quot;Microsoft YaHei&quot;;letter-spacing:normal;text-align:start;white-space:normal;color:rgb(0, 0, 0)\" align=\"start\"><strong><span style=\"font-size:16px;font-family:arial, helvetica, sans-serif\">Patenkinti nam\u0173 energijos poreikius<\/span><\/strong><\/p>\n<p style=\"font-family:&quot;Microsoft YaHei&quot;;font-size:medium;font-weight:400;letter-spacing:normal;text-align:start;white-space:normal;color:rgb(0, 0, 0)\" align=\"start\"><span style=\"font-size:16px;font-family:arial, helvetica, sans-serif\">\u0160is akumuliatori\u0173 blokas puikiai tinka golfo ve\u017eim\u0117liams, elektromobiliams, nameliams ant rat\u0173, gyvenam\u0173j\u0173 nam\u0173 energijos kaupimo akumuliatori\u0173 sistemoms ir saul\u0117s energijos kaupimui.<\/span><\/p>\n<div><\/div>\n<p style=\"font-family:&quot;Microsoft YaHei&quot;;letter-spacing:normal;text-align:start;white-space:normal;color:rgb(0, 0, 0)\" align=\"start\"><strong><span style=\"font-size:16px;font-family:arial, helvetica, sans-serif\">6000+ gili\u0173j\u0173 cikl\u0173 ir 80% DOD<\/span><\/strong><\/p>\n<p style=\"font-family:&quot;Microsoft YaHei&quot;;font-size:medium;font-weight:400;letter-spacing:normal;text-align:start;white-space:normal;color:rgb(0, 0, 0)\" align=\"start\"><span style=\"font-size:16px;font-family:arial, helvetica, sans-serif\">\u201eCloudenergy\u201c 48 V 150 Ah LiFePO4 akumuliatorius atlaiko daugiau nei 6000 gili\u0173j\u0173 \u012fkrovimo cikl\u0173, palyginti su tradiciniais \u0161vino r\u016bg\u0161ties akumuliatoriais, kurie atlaiko tik apie 300\u2013600 cikl\u0173, tod\u0117l akumuliatoriaus tarnavimo laikas pailg\u0117ja daugiau nei 10 kart\u0173.<\/span><\/p>\n<\/div>\n<\/div>\n<\/div>\n<\/div>\n<\/div>\n<\/div>\n<\/div>\n<\/div>\n<\/div>\n<\/div>\n<div style=\"background-color:rgb(240, 234, 255);margin:20px 0px 10px;margin-bottom:10px;margin-top:20px;margin-left:0px;margin-right:0px;width:100%;height:34px\"><span style=\"background-color:rgb(55, 139, 238);color:rgb(255, 255, 255);font-size:24px;font-family:Verdana, Arial\">Produkto informacija<\/span><\/div>\n<p><img decoding=\"async\" src=\"https:\/\/ae01.alicdn.com\/kf\/S4cd5866d0f6042578a2eadaf84ad3792x.jpg\" slate-data-type=\"image\"\/><img decoding=\"async\" src=\"https:\/\/ae01.alicdn.com\/kf\/S6c1a766acce2466e98fa2587c9e24683P.jpg\" slate-data-type=\"image\"\/><img decoding=\"async\" src=\"https:\/\/ae01.alicdn.com\/kf\/Sdfe699b1cf7a49de8aed7ad2cf109449M.jpg\" slate-data-type=\"image\"\/><img decoding=\"async\" src=\"https:\/\/ae01.alicdn.com\/kf\/S833c858ec36044fca48ffa93d11e7ee8a.jpg\" slate-data-type=\"image\"\/><img decoding=\"async\" src=\"https:\/\/ae01.alicdn.com\/kf\/S646a5fdcb2264ef59f31ab9bd455dc031.jpg\" slate-data-type=\"image\"\/><img decoding=\"async\" src=\"https:\/\/ae01.alicdn.com\/kf\/S84278aeb3fa644199b67cc319aefc823n.jpg\" slate-data-type=\"image\"\/><img decoding=\"async\" src=\"https:\/\/ae01.alicdn.com\/kf\/S0aafa70f02cb4350bb425b21b37b8cd1J.jpg\" slate-data-type=\"image\"\/><img decoding=\"async\" src=\"https:\/\/ae01.alicdn.com\/kf\/Saa4514ec3d5b4dc6a5767b5515913be0h.jpg\" slate-data-type=\"image\"\/><img decoding=\"async\" src=\"https:\/\/ae01.alicdn.com\/kf\/S921c495db0fa4e36800427c56981d2fd0.jpg\" slate-data-type=\"image\"\/><img decoding=\"async\" src=\"https:\/\/ae01.alicdn.com\/kf\/S2995cc3422164f53b3118c03dd5bc404N.jpg\" slate-data-type=\"image\"\/><\/p>\n<div style=\"background-color:rgb(240, 234, 255);margin:20px 0px 10px;margin-bottom:10px;margin-top:20px;margin-left:0px;margin-right:0px;width:100%;height:34px\"><span style=\"background-color:rgb(55, 139, 238);color:rgb(255, 255, 255);font-size:24px;font-family:Verdana, Arial\">Specifikacija<\/span><\/div>\n<div>\u00a0<\/div>\n<table style=\"border-collapse:collapse;font-family:&quot;Microsoft YaHei&quot;;width:1000px\" class=\"jbEidtTable\" border=\"1\" cellpadding=\"5\" cellspacing=\"0\">\n<tbody>\n<tr>\n<td style=\"text-align:left\" align=\"left\">\n<p><span style=\"font-size:16px;font-family:arial, helvetica, sans-serif\"><strong>Bendra<\/strong><\/span><\/p>\n<\/td>\n<td style=\"text-align:left\" align=\"left\">\n<p><span style=\"font-size:16px;font-family:arial, helvetica, sans-serif\">Prek\u0117s \u017eenklas: Cloudenergy<br \/>Tipas: LiFePO4 akumuliatori\u0173 blokas<br \/>Modelis: CL48-150G<br \/>Spalva: oran\u017ein\u0117 + juoda<\/span><\/p>\n<\/td>\n<\/tr>\n<tr>\n<td style=\"text-align:left\" align=\"left\">\n<p><span style=\"font-size:16px;font-family:arial, helvetica, sans-serif\"><strong>Specifikacija<\/strong><\/span><\/p>\n<\/td>\n<td style=\"text-align:left\" align=\"left\">\n<p><span style=\"font-size:16px;font-family:arial, helvetica, sans-serif\">Nominali \u012ftampa: 51,2 V<br \/>Nominali talpa: 150 Ah<br \/>Energija: 7680 Wh \u00a0 \u00a0<br \/>\u012ekrovimo \u012ftampa: 58,4 \u00b1 0,75 V<br \/>Maksimali \u012fkrovimo srov\u0117: 100A (0,68C)<br \/>Baterij\u0173 valdymo sistemos plok\u0161t\u0117: 300A<br \/>Maksimali nuolatin\u0117 \u012fkrovimo \/ i\u0161krovimo srov\u0117: 100A \/ 150A<br \/>Maksimali i\u0161krovos srov\u0117 per 5 sekundes: 300 A<br \/>Maksimali apkrova: 15360 W<br \/>Baterijos korpusas: \u0161altai \u012fprasta plienin\u0117 plok\u0161t\u0117<br \/>Temperat\u016bros diapazonas:\u00a0<br \/>\u012ekrovimas: 0\u201350 Celsijaus \/ 32\u2013122 Farenheito;\u00a0<br \/>I\u0161krova: -20 - 60 Celsijaus \/ -4 - 140 Farenheito;<br \/>Sand\u0117liavimas: -10\u201350 Celsijaus \/ 14\u2013122 Farenheito<\/span><\/p>\n<\/td>\n<\/tr>\n<tr>\n<td style=\"text-align:left\" align=\"left\">\n<p><span style=\"font-size:16px;font-family:arial, helvetica, sans-serif\"><strong>Svoris ir dydis<\/strong><\/span><\/p>\n<\/td>\n<td style=\"text-align:left\" align=\"left\">\n<p><span style=\"font-size:16px;font-family:arial, helvetica, sans-serif\">Produkto svoris: 57 kg<br \/>Pakuot\u0117s svoris: 65 kg<br \/>Gaminio matmenys (ilgis x plotis x auk\u0161tis): 64 x 37 x 22,5 cm<br \/>Pakuot\u0117s dydis (ilgis x plotis x auk\u0161tis): 79 x 52 x 38 cm<\/span><\/p>\n<\/td>\n<\/tr>\n<tr>\n<td style=\"text-align:left\" align=\"left\">\n<p><span style=\"font-size:16px;font-family:arial, helvetica, sans-serif\"><strong>Pakuot\u0117s turinys<\/strong><\/span><\/p>\n<\/td>\n<td style=\"text-align:left\" align=\"left\">\n<p><span style=\"font-size:16px;font-family:arial, helvetica, sans-serif\">1 x LiFePO4 akumuliatori\u0173 blokas<br \/>1 x 48 V 20 A vandeniui atsparus \u012fkroviklis<br \/>1 x 16,4 p\u0117d\u0173 RS485 kabelis ir akumuliatoriaus \u012fkrovos indikatorius<br \/>1 x Naudotojo vadovas<\/span><\/p>\n<\/td>\n<\/tr>\n<\/tbody>\n<\/table>\n<\/div>\n<\/div>\n<p><\/p>","protected":false},"excerpt":{"rendered":"<p>Highlights Built-in 300A BMS Cloudenergy Golf Cart LiFePO4 battery adopts self-developed 300A BMS protection and low-temp cut-off, it can effectively prevent overcharge, over-discharge, over-current, short circuit, and over-temp to assure<\/p>","protected":false},"featured_media":9262,"comment_status":"open","ping_status":"closed","template":"","meta":{"_acf_changed":false},"product_brand":[],"product_cat":[515],"product_tag":[],"class_list":{"0":"post-9261","1":"product","2":"type-product","3":"status-publish","4":"has-post-thumbnail","6":"product_cat-portable-power-stations","8":"first","9":"instock","10":"shipping-taxable","11":"purchasable","12":"product-type-simple"},"acf":[],"_links":{"self":[{"href":"https:\/\/electricstore.eu\/lt\/wp-json\/wp\/v2\/product\/9261","targetHints":{"allow":["GET"]}}],"collection":[{"href":"https:\/\/electricstore.eu\/lt\/wp-json\/wp\/v2\/product"}],"about":[{"href":"https:\/\/electricstore.eu\/lt\/wp-json\/wp\/v2\/types\/product"}],"replies":[{"embeddable":true,"href":"https:\/\/electricstore.eu\/lt\/wp-json\/wp\/v2\/comments?post=9261"}],"wp:featuredmedia":[{"embeddable":true,"href":"https:\/\/electricstore.eu\/lt\/wp-json\/wp\/v2\/media\/9262"}],"wp:attachment":[{"href":"https:\/\/electricstore.eu\/lt\/wp-json\/wp\/v2\/media?parent=9261"}],"wp:term":[{"taxonomy":"product_brand","embeddable":true,"href":"https:\/\/electricstore.eu\/lt\/wp-json\/wp\/v2\/product_brand?post=9261"},{"taxonomy":"product_cat","embeddable":true,"href":"https:\/\/electricstore.eu\/lt\/wp-json\/wp\/v2\/product_cat?post=9261"},{"taxonomy":"product_tag","embeddable":true,"href":"https:\/\/electricstore.eu\/lt\/wp-json\/wp\/v2\/product_tag?post=9261"}],"curies":[{"name":"wp","href":"https:\/\/api.w.org\/{rel}","templated":true}]}}