{"id":9256,"date":"2025-05-20T17:46:17","date_gmt":"2025-05-20T17:46:17","guid":{"rendered":"https:\/\/electricstore.eu\/p\/uncategorized\/cloudenergy-cl48-150a-48v-150ah-cabinet-type-lithium-lifepo4-deep-cycle-battery-pack-7680wh-energy-6000-life-cycles-80-dod\/"},"modified":"2025-05-20T17:46:55","modified_gmt":"2025-05-20T17:46:55","slug":"cloudenergy-cl48-150a-48v-150ah-cabinet-type-lithium-lifepo4-deep-cycle-battery-pack-7680wh-energy-6000-life-cycles-80-dod","status":"publish","type":"product","link":"https:\/\/electricstore.eu\/lt\/p\/batteries\/portable-power-stations\/cloudenergy-cl48-150a-48v-150ah-cabinet-type-lithium-lifepo4-deep-cycle-battery-pack-7680wh-energy-6000-life-cycles-80-dod\/","title":{"rendered":"\u201eCloudenergy CL48-150A\u201c 48 V 150 Ah korpuso tipo li\u010dio LiFePO4 gilaus ciklo akumuliatori\u0173 blokas, 7680 Wh energijos, daugiau nei 6000 gyvavimo cikl\u0173 ir 80% DOD"},"content":{"rendered":"<div class=\"detailmodule_dynamic\"><kse:widget data-widget-type=\"customText\" id=\"1005000009406803\" type=\"relation\"><\/kse:widget><\/div>\n<div class=\"detailmodule_html\">\n<div class=\"detail-desc-decorate-richtext\">\n<p><\/p>\n<div style=\"background-color:rgb(240, 234, 255);margin:20px 0px 10px;margin-bottom:10px;margin-top:20px;margin-left:0px;margin-right:0px;width:100%;height:34px\"><span style=\"background-color:rgb(55, 139, 238);color:rgb(255, 255, 255);font-size:24px;font-family:Verdana, Arial\">Svarbiausi dalykai<\/span><\/div>\n<div class=\"detailmodule_text\">\n<p><strong><span style=\"font-size:16px;font-family:arial, helvetica, sans-serif\">Patenkinti nam\u0173 energijos poreikius<\/span><\/strong><\/p>\n<p style=\"font-family:&quot;Microsoft YaHei&quot;;font-size:medium;font-weight:400;letter-spacing:normal;text-align:start;white-space:normal;color:rgb(0, 0, 0)\" align=\"start\"><span style=\"font-size:16px;font-family:arial, helvetica, sans-serif\">\u201eCloudenergy\u201c 48 V 150 Ah LiFePO4 gilaus ciklo akumuliatori\u0173 blokas puikiai tinka gyvenam\u0173j\u0173 nam\u0173 energijos kaupimo sistemoms ir saul\u0117s energijos kaupimui. Jis gali patenkinti daugumos nam\u0173 \u016bki\u0173 ir biur\u0173 apkrov\u0173, \u012fskaitant \u0161aldytuvus, lempas, televizorius, ventiliatorius, oro kondicionierius ir kitas apkrovas, poreikius.<\/span><\/p>\n<div><\/div>\n<p style=\"font-family:&quot;Microsoft YaHei&quot;;letter-spacing:normal;text-align:start;white-space:normal;color:rgb(0, 0, 0)\" align=\"start\"><strong><span style=\"font-size:16px;font-family:arial, helvetica, sans-serif\">6000+ gili\u0173j\u0173 cikl\u0173 ir 80% DOD<\/span><\/strong><\/p>\n<p style=\"font-family:&quot;Microsoft YaHei&quot;;font-size:medium;font-weight:400;letter-spacing:normal;text-align:start;white-space:normal;color:rgb(0, 0, 0)\" align=\"start\"><span style=\"font-size:16px;font-family:arial, helvetica, sans-serif\">\u0160i LiFePO4 baterija atlaiko daugiau nei 6000 gili\u0173j\u0173 \u012fkrovimo cikl\u0173, palyginti su tradicin\u0117mis \u0161vino r\u016bg\u0161ties baterijomis \u2013 tik apie 300\u2013600 cikl\u0173, tod\u0117l baterijos tarnavimo laikas pailg\u0117ja daugiau nei 10 kart\u0173. 6000+ gili\u0173j\u0173 \u012fkrovimo cikl\u0173 ir 80% i\u0161krovimo gylis taip pat yra geresni nei daugelio kit\u0173 preki\u0173 \u017eenkl\u0173 LiFePO4 baterij\u0173.<\/span><\/p>\n<div><\/div>\n<p style=\"font-family:&quot;Microsoft YaHei&quot;;letter-spacing:normal;text-align:start;white-space:normal;color:rgb(0, 0, 0)\" align=\"start\"><strong><span style=\"font-size:16px;font-family:arial, helvetica, sans-serif\">Integruota 100A BMS sistema<\/span><\/strong><\/p>\n<p style=\"font-family:&quot;Microsoft YaHei&quot;;font-size:medium;font-weight:400;letter-spacing:normal;text-align:start;white-space:normal;color:rgb(0, 0, 0)\" align=\"start\"><span style=\"font-size:16px;font-family:arial, helvetica, sans-serif\">\u201eCloudenergy LiFePO4\u201c akumuliatorius turi \u012fmontuot\u0105 BMS, kuri pasi\u017eymi atsparumu auk\u0161tai 75 Celsijaus temperat\u016brai. Integruota auk\u0161tos temperat\u016bros i\u0161jungimo funkcija neleid\u017eia krauti auk\u0161tesn\u0117je nei 75 Celsijaus temperat\u016broje ir gali apsaugoti nuo trump\u0173j\u0173 jungim\u0173, perkrovimo, per didelio i\u0161krovimo ir per didel\u0117s srov\u0117s.<\/span><\/p>\n<div><\/div>\n<p style=\"font-family:&quot;Microsoft YaHei&quot;;letter-spacing:normal;text-align:start;white-space:normal;color:rgb(0, 0, 0)\" align=\"start\"><strong><span style=\"font-size:16px;font-family:arial, helvetica, sans-serif\">Daugiau privalum\u0173<\/span><\/strong><\/p>\n<p style=\"font-family:&quot;Microsoft YaHei&quot;;font-size:medium;font-weight:400;letter-spacing:normal;text-align:start;white-space:normal;color:rgb(0, 0, 0)\" align=\"start\"><span style=\"font-size:16px;font-family:arial, helvetica, sans-serif\">48 V 150 Ah akumuliatoriai gali b\u016bti \u012fkraunami saul\u0117s energija, sieniniu lizdu ir generatoriumi. Tai gali maksimaliai padidinti saul\u0117s energijos panaudojim\u0105, kad sutaupytum\u0117te elektros energijos s\u0105naudas, nedelsdami gautum\u0117te energijos dingus elektros tiekimui ir suma\u017eintum\u0117te anglies p\u0117dsak\u0105.<\/span><\/p>\n<\/div>\n<div style=\"background-color:rgb(240, 234, 255);margin:20px 0px 10px;margin-bottom:10px;margin-top:20px;margin-left:0px;margin-right:0px;width:100%;height:34px\"><span style=\"background-color:rgb(55, 139, 238);color:rgb(255, 255, 255);font-size:24px;font-family:Verdana, Arial\">Produkto informacija<\/span><\/div>\n<p><img decoding=\"async\" src=\"https:\/\/ae01.alicdn.com\/kf\/S90aafbbe2a3d4349829f28c6df36d306g.jpg\" slate-data-type=\"image\"\/><img decoding=\"async\" src=\"https:\/\/ae01.alicdn.com\/kf\/Sbb2584604627454a9af21f3af33331cbo.jpg\" slate-data-type=\"image\"\/><img decoding=\"async\" src=\"https:\/\/ae01.alicdn.com\/kf\/S0b90f799bb6340489b0e541152922a18x.jpg\" slate-data-type=\"image\"\/><img decoding=\"async\" src=\"https:\/\/ae01.alicdn.com\/kf\/Sfb3ec2a1305144e085319f432cf90efbf.jpg\" slate-data-type=\"image\"\/><img decoding=\"async\" src=\"https:\/\/ae01.alicdn.com\/kf\/S814a16ddce724a33a33238981895ecdap.jpg\" slate-data-type=\"image\"\/><img decoding=\"async\" src=\"https:\/\/ae01.alicdn.com\/kf\/S241e64dc395f42dca9f70e268129c5e5K.jpg\" slate-data-type=\"image\"\/><\/p>\n<div style=\"background-color:rgb(240, 234, 255);margin:20px 0px 10px;margin-bottom:10px;margin-top:20px;margin-left:0px;margin-right:0px;width:100%;height:34px\"><span style=\"background-color:rgb(55, 139, 238);color:rgb(255, 255, 255);font-size:24px;font-family:Verdana, Arial\">Specifikacija<\/span><\/div>\n<div>\u00a0<\/div>\n<table style=\"border-collapse:collapse;font-family:&quot;Microsoft YaHei&quot;;width:1000px\" class=\"jbEidtTable\" border=\"1\" cellpadding=\"5\" cellspacing=\"0\">\n<tbody>\n<tr>\n<td style=\"text-align:left\" align=\"left\">\n<p><span style=\"font-size:16px;font-family:arial, helvetica, sans-serif\">Bendra<\/span><\/p>\n<\/td>\n<td style=\"text-align:left\" align=\"left\">\n<p><span style=\"font-size:16px;font-family:arial, helvetica, sans-serif\">Prek\u0117s \u017eenklas: Cloudenergy<br \/>Tipas: giluminio ciklo akumuliatoriaus modulis<br \/>Modelis: CL48-150A<br \/>Spalva: oran\u017ein\u0117<\/span><\/p>\n<\/td>\n<\/tr>\n<tr>\n<td style=\"text-align:left\" align=\"left\">\n<p><span style=\"font-size:16px;font-family:arial, helvetica, sans-serif\">Specifikacija<\/span><\/p>\n<\/td>\n<td style=\"text-align:left\" align=\"left\">\n<p><span style=\"font-size:16px;font-family:arial, helvetica, sans-serif\">Nominali \u012ftampa: 51,2 V<br \/>Nominali talpa: 150 Ah<br \/>Energija: 7680 Wh \u00a0 \u00a0<br \/>\u012ekrovimo \u012ftampa: 58,4 \u00b1 0,75 V<br \/>Rekomenduojama \u012fkrovimo srov\u0117: 45A (0,3C)<br \/>Baterij\u0173 valdymo sistemos plok\u0161t\u0117: 100A<br \/>Maksimali nuolatin\u0117 \u012fkrovimo \/ i\u0161krovimo srov\u0117: 110A<br \/>Maksimali i\u0161krovos srov\u0117 per 5 sekundes: 120A<br \/>Maksimali apkrova: 5120 W<br \/>Vidin\u0117 var\u017ea: \u226440m\u03a9<br \/>Baterijos korpusas: \u0161altai \u012fprasta plienin\u0117 plok\u0161t\u0117<br \/>Temperat\u016bros diapazonas:\u00a0<br \/>\u012ekrovimas: 0\u201350 Celsijaus \/ 32\u2013122 Farenheito;\u00a0<br \/>I\u0161krova: -20 - 60 Celsijaus \/ -4 - 140 Farenheito;<br \/>Sand\u0117liavimas: -10\u201350 Celsijaus \/ 14\u2013122 Farenheito<\/span><\/p>\n<\/td>\n<\/tr>\n<tr>\n<td style=\"text-align:left\" align=\"left\">\n<p><span style=\"font-size:16px;font-family:arial, helvetica, sans-serif\">Svoris ir dydis<\/span><\/p>\n<\/td>\n<td style=\"text-align:left\" align=\"left\">\n<p><span style=\"font-size:16px;font-family:arial, helvetica, sans-serif\">Produkto svoris: 57 kg<br \/>Pakuot\u0117s svoris: 62 kg<br \/>Gaminio matmenys (ilgis x plotis x auk\u0161tis): 49 \u00d7 51,5 \u00d7 16 cm<br \/>Pakuot\u0117s dydis (ilgis x plotis x auk\u0161tis): 64x66x31cm<\/span><\/p>\n<\/td>\n<\/tr>\n<tr>\n<td style=\"text-align:left\" align=\"left\">\n<p><span style=\"font-size:16px;font-family:arial, helvetica, sans-serif\">Pakuot\u0117s turinys<\/span><\/p>\n<\/td>\n<td style=\"text-align:left\" align=\"left\">\n<p><span style=\"font-size:16px;font-family:arial, helvetica, sans-serif\">1 x gilaus ciklo akumuliatoriaus modulis<br \/>1 x Naudotojo vadovas<\/span><\/p>\n<\/td>\n<\/tr>\n<\/tbody>\n<\/table>\n<\/div>\n<\/div>\n<p><\/p>","protected":false},"excerpt":{"rendered":"<p>Highlights Satisfy Home Energy Need Cloudenergy 48V 150Ah LiFePO4 Deep Cycle Battery Pack is perfect for residential energy storage battery systems and solar energy storage. It can satisfy most household<\/p>","protected":false},"featured_media":9257,"comment_status":"open","ping_status":"closed","template":"","meta":{"_acf_changed":false},"product_brand":[],"product_cat":[515],"product_tag":[],"class_list":{"0":"post-9256","1":"product","2":"type-product","3":"status-publish","4":"has-post-thumbnail","6":"product_cat-portable-power-stations","8":"first","9":"instock","10":"shipping-taxable","11":"purchasable","12":"product-type-simple"},"acf":[],"_links":{"self":[{"href":"https:\/\/electricstore.eu\/lt\/wp-json\/wp\/v2\/product\/9256","targetHints":{"allow":["GET"]}}],"collection":[{"href":"https:\/\/electricstore.eu\/lt\/wp-json\/wp\/v2\/product"}],"about":[{"href":"https:\/\/electricstore.eu\/lt\/wp-json\/wp\/v2\/types\/product"}],"replies":[{"embeddable":true,"href":"https:\/\/electricstore.eu\/lt\/wp-json\/wp\/v2\/comments?post=9256"}],"wp:featuredmedia":[{"embeddable":true,"href":"https:\/\/electricstore.eu\/lt\/wp-json\/wp\/v2\/media\/9257"}],"wp:attachment":[{"href":"https:\/\/electricstore.eu\/lt\/wp-json\/wp\/v2\/media?parent=9256"}],"wp:term":[{"taxonomy":"product_brand","embeddable":true,"href":"https:\/\/electricstore.eu\/lt\/wp-json\/wp\/v2\/product_brand?post=9256"},{"taxonomy":"product_cat","embeddable":true,"href":"https:\/\/electricstore.eu\/lt\/wp-json\/wp\/v2\/product_cat?post=9256"},{"taxonomy":"product_tag","embeddable":true,"href":"https:\/\/electricstore.eu\/lt\/wp-json\/wp\/v2\/product_tag?post=9256"}],"curies":[{"name":"wp","href":"https:\/\/api.w.org\/{rel}","templated":true}]}}