{"id":9148,"date":"2025-05-20T17:45:21","date_gmt":"2025-05-20T17:45:21","guid":{"rendered":"https:\/\/electricstore.eu\/p\/uncategorized\/oscal-powermax-3600-3600w-power-station-57600wh-max-battery-expanded-form-3-6-57-6-kwh-capacity\/"},"modified":"2025-05-20T17:45:39","modified_gmt":"2025-05-20T17:45:39","slug":"oscal-powermax-3600-3600w-power-station-57600wh-max-battery-expanded-form-3-6-57-6-kwh-capacity","status":"publish","type":"product","link":"https:\/\/electricstore.eu\/lt\/p\/batteries\/portable-power-stations\/oscal-powermax-3600-3600w-power-station-57600wh-max-battery-expanded-form-3-6-57-6-kwh-capacity\/","title":{"rendered":"\u201eOscal PowerMax 3600\u201c 3600 W galios stotis, 57 600 Wh maks. baterija, i\u0161pl\u0117sta nuo 3,6 iki 57,6 kWh talpos"},"content":{"rendered":"<div class=\"product-specs-list-container\">\n<ul class=\"product-specs-list util-clearfix\">\n<li class=\"product-prop line-limit-length\"><span\n                                        class=\"property-title\">Ekrano vaizdas:&nbsp;<\/span><span\n                                        class=\"property-desc line-limit-length\">Taip<\/span>\n                            <\/li>\n<li class=\"product-prop line-limit-length\"><span\n                                        class=\"property-title\">Nominali talpa:&nbsp;<\/span><span\n                                        class=\"property-desc line-limit-length\">&gt;3500 mAh<\/span>\n                            <\/li>\n<li class=\"product-prop line-limit-length\"><span\n                                        class=\"property-title\">Modelio numeris:&nbsp;<\/span><span\n                                        class=\"property-desc line-limit-length\">Oscal PowerMax3600<\/span>\n                            <\/li>\n<li class=\"product-prop line-limit-length\"><span\n                                        class=\"property-title\">Tipas:&nbsp;<\/span><span\n                                        class=\"property-desc line-limit-length\">LiFePO4<\/span>\n                            <\/li>\n<li class=\"product-prop line-limit-length\"><span\n                                        class=\"property-title\">Rinkinio tipas:&nbsp;<\/span><span\n                                        class=\"property-desc line-limit-length\">\u012ekrovikli\u0173 rinkiniai<\/span>\n                            <\/li>\n<\/ul><\/div>\n<div class=\"detailmodule_dynamic\"><kse:widget data-widget-type=\"customText\" id=\"1005000009406803\" type=\"relation\"><\/kse:widget><\/div>\n<div class=\"detailmodule_html\">\n<div class=\"detail-desc-decorate-richtext\">\n<p><\/p>\n<div style=\"background-color:rgb(240, 234, 255);margin:20px 0px 10px;margin-bottom:10px;margin-top:20px;margin-left:0px;margin-right:0px;width:100%;height:34px\"><span style=\"background-color:rgb(55, 139, 238);color:rgb(255, 255, 255);font-size:24px;font-family:Verdana, Arial\">Svarbiausi dalykai<\/span><\/div>\n<div class=\"detailmodule_text\">\n<div><span style=\"font-size:16px;font-family:arial, helvetica, sans-serif\">1, 14 Versatile Outlets;<\/span><\/div>\n<div><span style=\"font-size:16px;font-family:arial, helvetica, sans-serif\"><br \/>\n2, 57600Wh Max Battery;<br \/>\n<\/span><\/div>\n<div><span style=\"font-size:16px;font-family:arial, helvetica, sans-serif\">3, LED Light Modes &amp; Morse Code Signal;<br \/>\n<\/span><\/div>\n<div><span style=\"font-size:16px;font-family:arial, helvetica, sans-serif\">4, Anti-UV&amp;UL94V-0 Rated Fire-Retardant Case;<br \/>\n<\/span><\/div>\n<div><span style=\"font-size:16px;font-family:arial, helvetica, sans-serif\">5, 0.8M Vertically Drop-Proof Design;<br \/>\n<\/span><\/div>\n<div><span style=\"font-size:16px;font-family:arial, helvetica, sans-serif\">6, Splash-Proof &amp; Dust-Proof Body.<\/span><\/div>\n<\/div>\n<div style=\"background-color:rgb(240, 234, 255);margin:20px 0px 10px;margin-bottom:10px;margin-top:20px;margin-left:0px;margin-right:0px;width:100%;height:34px\"><span style=\"background-color:rgb(55, 139, 238);color:rgb(255, 255, 255);font-size:24px;font-family:Verdana, Arial\">Produkto informacija<\/span><\/div>\n<p><img decoding=\"async\" src=\"https:\/\/ae01.alicdn.com\/kf\/S8b89807ea3964ee78bf67ac986876c9c9.jpg\" slate-data-type=\"image\"\/><img decoding=\"async\" src=\"https:\/\/ae01.alicdn.com\/kf\/Sebb8b6d296ae44c0950533f4422df74d9.jpg\" slate-data-type=\"image\"\/><img decoding=\"async\" src=\"https:\/\/ae01.alicdn.com\/kf\/Sa4171cba66c74093ba92c30a1690a680z.jpg\" slate-data-type=\"image\"\/><img decoding=\"async\" src=\"https:\/\/ae01.alicdn.com\/kf\/Sb8076f4bb39d4c1fb4a8a39c04dc2305R.jpg\" slate-data-type=\"image\"\/><img decoding=\"async\" src=\"https:\/\/ae01.alicdn.com\/kf\/Sf49b920e6dc4485f829cc0bca9b4f563l.jpg\" slate-data-type=\"image\"\/><img decoding=\"async\" src=\"https:\/\/ae01.alicdn.com\/kf\/Sf71c942aa356491f9c811cc171715979y.jpg\" slate-data-type=\"image\"\/><img decoding=\"async\" src=\"https:\/\/ae01.alicdn.com\/kf\/Sfa2922293ba44555a2e7d54e56156dfbp.jpg\" slate-data-type=\"image\"\/><img decoding=\"async\" src=\"https:\/\/ae01.alicdn.com\/kf\/S82e2e08144f3414bbf0784ed8d8c2c7a9.jpg\" slate-data-type=\"image\"\/><img decoding=\"async\" src=\"https:\/\/ae01.alicdn.com\/kf\/Sc139dfd3f871469686dd0ca3620e70e5K.jpg\" slate-data-type=\"image\"\/><img decoding=\"async\" src=\"https:\/\/ae01.alicdn.com\/kf\/Sa625ccf34c524511907fc9a34f2bfd30h.jpg\" slate-data-type=\"image\"\/><img decoding=\"async\" src=\"https:\/\/ae01.alicdn.com\/kf\/Sbb4b4ad7cd73401198e16c2badb2fa16d.jpg\" slate-data-type=\"image\"\/><\/p>\n<div style=\"background-color:rgb(240, 234, 255);margin:20px 0px 10px;margin-bottom:10px;margin-top:20px;margin-left:0px;margin-right:0px;width:100%;height:34px\"><span style=\"background-color:rgb(55, 139, 238);color:rgb(255, 255, 255);font-size:24px;font-family:Verdana, Arial\">Specifikacija <\/span><\/div>\n<table style=\"border-collapse:collapse;font-family:&quot;Microsoft YaHei&quot;;width:1000px\" class=\"jbEidtTable\" border=\"1\" cellpadding=\"5\" cellspacing=\"0\">\n<tbody>\n<tr>\n<td style=\"text-align:left;width:373px;height:89px\" align=\"left\">\n<p><span style=\"font-size:16px;font-family:arial, helvetica, sans-serif\">Bendra<\/span><\/p>\n<\/td>\n<td style=\"text-align:left;width:603px;height:89px\" align=\"left\">\n<p><span style=\"font-size:16px;font-family:arial, helvetica, sans-serif\">Brand: Blackview\u00a0Oscal<br \/>Tipas: Tvirta elektrin\u0117<br \/>Modelis: PowerMax 3600 EU<br \/>Color: Grey+Red<\/span><\/p>\n<\/td>\n<\/tr>\n<tr>\n<td style=\"text-align:left;width:373px;height:646px\" align=\"left\">\n<p><span style=\"font-size:16px;font-family:arial, helvetica, sans-serif\">Specifikacija<\/span><\/p>\n<\/td>\n<td style=\"text-align:left;width:603px;height:646px\" align=\"left\">\n<div><span style=\"font-size:16px;font-family:arial, helvetica, sans-serif\">Baterija\u00a0<br \/>Baterijos talpa: 3600 Wh<br \/>Baterijos tipas: LiFePO4 baterija<br \/>Battery Life Cycles: 3500+ Cycles to 80% of Original Capacity<\/span><\/div>\n<p><span style=\"font-size:16px;font-family:arial, helvetica, sans-serif\">I\u0161vestis<br \/>Kintamosios srov\u0117s i\u0161vestis:<br \/>4 x 3600W Output (Max)<br \/>Inverterio tipas: gryna sinusin\u0117 banga<br \/>Vir\u0161\u012ftampio galia: 7200 W<br \/>USB-C prievadas: USB-C 100W x2<br \/>USB-A prievadas: USB-A 12 W x1, USB-A 18 W x3<br \/>Nuolatin\u0117s srov\u0117s i\u0161vestis: Anderson 378 W x1, nuolatin\u0117s srov\u0117s 5521 36 W x2<br \/>Cigare\u010di\u0173 \u017eiebtuv\u0117lio prievadas: 120 W cigare\u010di\u0173 \u017eiebtuv\u0117lis<\/span><\/p>\n<p><span style=\"font-size:16px;font-family:arial, helvetica, sans-serif\">\u012evestis<br \/>Kintamosios srov\u0117s adapterio \u012fvestis: 2200 W (maks.), \u012fkrovimo laikas: 1,96 val.<br \/>Saul\u0117s energijos tiekimas: 1600 W (maks.), \u012fkrovimo laikas: 2,25 val.<br \/>(Esant puikiam saul\u0117s spinduliui, idealiai orientacijai ir \u017eemai temperat\u016brai)<br \/>Automobilio \u012fvestis: 120 W (maks.), \u012fkrovimo laikas: 30 val.<br \/>Dvigubas \u012fkrovimas<br \/>-AC Charging+DC-Solar Charging 1.2h<br \/>-AC Charging+DC-Car Charging 1.86h<\/span><\/p>\n<p><span style=\"font-size:16px;font-family:arial, helvetica, sans-serif\">Charging Temperature: 0-50\u00b0C(32\u00b0F-122\u00b0F) Best under conditions from 0\u00b0C to 45\u00b0C. (32\u00b0F-113\u00b0F)<br \/>Discharging Temperature: -20-55\u00b0(-4\u00b0F-131\u00b0F) Best under conditions from -10\u00b0C to 45\u00b0C. (14\u00b0F-113\u00b0F)<br \/>Storage Temperature: -10\u00b0C-45\u00b0C (14\u00b0F-113\u00b0F)<br \/>Program\u0117l\u0117s valdymas: Taip, per \u201eWi-Fi\u201c ir \u201eBluetooth\u201c<\/span><\/p>\n<\/td>\n<\/tr>\n<tr>\n<td style=\"text-align:left;width:373px;height:89px\" align=\"left\">\n<p><span style=\"font-size:16px;font-family:arial, helvetica, sans-serif\">Svoris ir dydis<\/span><\/p>\n<\/td>\n<td style=\"text-align:left;width:603px;height:89px\" align=\"left\">\n<p><span style=\"font-size:16px;font-family:arial, helvetica, sans-serif\">Produkto svoris: 44,5 kg<br \/>Pakuot\u0117s svoris: 47,6 kg<br \/>Gaminio matmenys (ilgis x plotis x auk\u0161tis): 59 x 35 x 44,1 cm<br \/>Pakuot\u0117s dydis (ilgis x plotis x auk\u0161tis): 66 \u00d7 40,5 \u00d7 52,5 cm<\/span><\/p>\n<\/td>\n<\/tr>\n<tr>\n<td style=\"text-align:left;width:373px;height:44px\" align=\"left\">\n<p><span style=\"font-size:16px;font-family:arial, helvetica, sans-serif\">Pakuot\u0117s turinys<\/span><\/p>\n<\/td>\n<td style=\"text-align:left;width:603px;height:44px\" align=\"left\">\n<p><span style=\"font-size:16px;font-family:arial, helvetica, sans-serif\">1 x tvirta elektrin\u0117<br \/>1 x Naudotojo vadovas<\/span><\/p>\n<\/td>\n<\/tr>\n<\/tbody>\n<\/table>\n<div><\/div>\n<\/div>\n<\/div>\n<p><\/p>","protected":false},"excerpt":{"rendered":"<p>Display screen:&nbsp;Yes Nominal Capacity:&nbsp;&gt;3500mAh Model Number:&nbsp;Oscal PowerMax3600 Type:&nbsp;LiFePO4 Set Type:&nbsp;Charger Sets Highlights 1, 14 Versatile Outlets; 2, 57600Wh Max Battery; 3, LED Light Modes &amp; Morse Code Signal; 4, Anti-UV&amp;UL94V-0<\/p>","protected":false},"featured_media":9149,"comment_status":"open","ping_status":"closed","template":"","meta":{"_acf_changed":false},"product_brand":[],"product_cat":[515],"product_tag":[],"class_list":{"0":"post-9148","1":"product","2":"type-product","3":"status-publish","4":"has-post-thumbnail","6":"product_cat-portable-power-stations","8":"first","9":"instock","10":"shipping-taxable","11":"purchasable","12":"product-type-simple"},"acf":[],"_links":{"self":[{"href":"https:\/\/electricstore.eu\/lt\/wp-json\/wp\/v2\/product\/9148","targetHints":{"allow":["GET"]}}],"collection":[{"href":"https:\/\/electricstore.eu\/lt\/wp-json\/wp\/v2\/product"}],"about":[{"href":"https:\/\/electricstore.eu\/lt\/wp-json\/wp\/v2\/types\/product"}],"replies":[{"embeddable":true,"href":"https:\/\/electricstore.eu\/lt\/wp-json\/wp\/v2\/comments?post=9148"}],"wp:featuredmedia":[{"embeddable":true,"href":"https:\/\/electricstore.eu\/lt\/wp-json\/wp\/v2\/media\/9149"}],"wp:attachment":[{"href":"https:\/\/electricstore.eu\/lt\/wp-json\/wp\/v2\/media?parent=9148"}],"wp:term":[{"taxonomy":"product_brand","embeddable":true,"href":"https:\/\/electricstore.eu\/lt\/wp-json\/wp\/v2\/product_brand?post=9148"},{"taxonomy":"product_cat","embeddable":true,"href":"https:\/\/electricstore.eu\/lt\/wp-json\/wp\/v2\/product_cat?post=9148"},{"taxonomy":"product_tag","embeddable":true,"href":"https:\/\/electricstore.eu\/lt\/wp-json\/wp\/v2\/product_tag?post=9148"}],"curies":[{"name":"wp","href":"https:\/\/api.w.org\/{rel}","templated":true}]}}