{"id":9114,"date":"2025-05-20T17:45:02","date_gmt":"2025-05-20T17:45:02","guid":{"rendered":"https:\/\/electricstore.eu\/p\/uncategorized\/cloudenergy-12v-200ah-lifepo4-battery-pack-backup-power-2560wh-energy-6000-cycles-built-in-100a-bms-support-in-series-parallel\/"},"modified":"2025-05-20T17:45:02","modified_gmt":"2025-05-20T17:45:02","slug":"cloudenergy-12v-200ah-lifepo4-battery-pack-backup-power-2560wh-energy-6000-cycles-built-in-100a-bms-support-in-series-parallel","status":"publish","type":"product","link":"https:\/\/electricstore.eu\/lt\/p\/batteries\/lifepo4-batteries\/200ah-lifepo4-batteries\/cloudenergy-12v-200ah-lifepo4-battery-pack-backup-power-2560wh-energy-6000-cycles-built-in-100a-bms-support-in-series-parallel\/","title":{"rendered":"\u201eCloudenergy\u201c 12 V 200 Ah LiFePO4 akumuliatori\u0173 blokas, atsargin\u0117 maitinimo \u012ftampa 2560 Wh, energija 6000+ cikl\u0173, integruota 100 A BMS sistema, palaikanti nuosekl\u0173j\u012f \/ lygiagret\u0173j\u012f jungim\u0105."},"content":{"rendered":"<div class=\"product-specs-list-container\">\n<ul class=\"product-specs-list util-clearfix\">\n<li class=\"product-prop line-limit-length\"><span\n                                        class=\"property-title\">Ekrano vaizdas:&nbsp;<\/span><span\n                                        class=\"property-desc line-limit-length\">Taip<\/span>\n                            <\/li>\n<li class=\"product-prop line-limit-length\"><span\n                                        class=\"property-title\">Nominali talpa:&nbsp;<\/span><span\n                                        class=\"property-desc line-limit-length\">&gt;3500 mAh<\/span>\n                            <\/li>\n<li class=\"product-prop line-limit-length\"><span\n                                        class=\"property-title\">Modelio numeris:&nbsp;<\/span><span\n                                        class=\"property-desc line-limit-length\">CL12-200<\/span>\n                            <\/li>\n<li class=\"product-prop line-limit-length\"><span\n                                        class=\"property-title\">Tipas:&nbsp;<\/span><span\n                                        class=\"property-desc line-limit-length\">LiFePO4<\/span>\n                            <\/li>\n<li class=\"product-prop line-limit-length\"><span\n                                        class=\"property-title\">Rinkinio tipas:&nbsp;<\/span><span\n                                        class=\"property-desc line-limit-length\">\u012ekrovikli\u0173 rinkiniai<\/span>\n                            <\/li>\n<\/ul><\/div>\n<div class=\"detailmodule_dynamic\"><kse:widget data-widget-type=\"customText\" id=\"1005000009406803\" type=\"relation\"><\/kse:widget><\/div>\n<div class=\"detailmodule_html\">\n<div class=\"detail-desc-decorate-richtext\">\n<p><\/p>\n<div style=\"background-color:rgb(240, 234, 255);margin:20px 0px 10px;margin-bottom:10px;margin-top:20px;margin-left:0px;margin-right:0px;width:100%;height:34px\"><span style=\"background-color:rgb(55, 139, 238);color:rgb(255, 255, 255);font-size:24px;font-family:Verdana, Arial\">Svarbiausi dalykai<\/span><\/div>\n<div class=\"detailmodule_text\">\n<p style=\"font-family:&quot;Microsoft YaHei&quot;;letter-spacing:normal;text-align:start;white-space:normal;color:rgb(0, 0, 0)\" align=\"start\"><strong><span style=\"font-size:16px;font-family:arial, helvetica, sans-serif\">Patikimas automobiliams skirtas li\u010dio akumuliatorius<\/span><\/strong><\/p>\n<p style=\"font-family:&quot;Microsoft YaHei&quot;;font-size:medium;font-weight:400;letter-spacing:normal;text-align:start;white-space:normal;color:rgb(0, 0, 0)\" align=\"start\"><span style=\"font-size:16px;font-family:arial, helvetica, sans-serif\">\u201eCloudenegy LiFePO4\u201c akumuliatoriai pasi\u017eymi i\u0161skirtine kokybe, nes yra pagaminti i\u0161 automobiliams skirt\u0173 LiFePO4 element\u0173, pasi\u017eymin\u010di\u0173 didesniu energijos tankiu, stabilesniu veikimu ir didesne galia. Auk\u0161\u010diausias saugumo lygis pagr\u012fstas UL bandymo sertifikatu akumuliatoriaus viduje esan\u010diam elementui ir integruota 100 A BMS sistema, apsaugan\u010dia nuo perkrovos, per didelio i\u0161sikrovimo, per didel\u0117s srov\u0117s ir trumpojo jungimo, pasi\u017eymin\u010dia puikiu savaiminio i\u0161sikrovimo grei\u010diu. 100% \u2013 saugi, netoksi\u0161ka, atsinaujinanti energija.<\/span><\/p>\n<p><\/p>\n<p style=\"font-family:&quot;Microsoft YaHei&quot;;letter-spacing:normal;text-align:start;white-space:normal;color:rgb(0, 0, 0)\" align=\"start\"><strong><span style=\"font-size:16px;font-family:arial, helvetica, sans-serif\">Puikiai tinka naudoti neprisijungus prie tinklo ir lauke<\/span><\/strong><\/p>\n<p style=\"font-family:&quot;Microsoft YaHei&quot;;font-size:medium;font-weight:400;letter-spacing:normal;text-align:start;white-space:normal;color:rgb(0, 0, 0)\" align=\"start\"><span style=\"font-size:16px;font-family:arial, helvetica, sans-serif\">\u201eCloudenegy LiFePO4\u201c akumuliatorius galima jungti lygiagre\u010diai ir nuosekliai, kad b\u016bt\u0173 didesn\u0117 talpa (maks. 1200 Ah) ir auk\u0161tesn\u0117 \u012ftampa (24 V, 36 V, 48 V), tod\u0117l jis puikiai tinka autonomin\u0117ms saul\u0117s energijos sistemoms ir lauko s\u0105lygoms, tokioms kaip atsarginis energijos tiekimas namuose, kemperiuose, stovyklaviet\u0117se, burlaiviuose ir kt. Jums nereikia nerimauti, kad negal\u0117site \u012fkrauti akumuliatoriaus debesuotomis dienomis, nes ilgas akumuliatoriaus veikimo laikas u\u017etikrins patikim\u0105 energij\u0105 arba ilgesnes ir malonesnes keliones.<\/span><\/p>\n<\/div>\n<p style=\"background-color:rgb(240, 234, 255);margin:20px 0px 10px;margin-bottom:10px;margin-top:20px;margin-left:0px;margin-right:0px;width:100%;height:34px\"><span style=\"background-color:rgb(55, 139, 238);color:rgb(255, 255, 255);font-size:24px;font-family:arial, helvetica, sans-serif\">Produkto informacija<\/span><\/p>\n<p><img decoding=\"async\" src=\"https:\/\/ae01.alicdn.com\/kf\/S822ca4e687e94c8d919f098006b9f1dcQ.jpg\" slate-data-type=\"image\"\/><img decoding=\"async\" src=\"https:\/\/ae01.alicdn.com\/kf\/Sa01ef147b9d648e19ceab5cc2cd1eb99x.jpg\" slate-data-type=\"image\"\/><img decoding=\"async\" src=\"https:\/\/ae01.alicdn.com\/kf\/S60c16e941a244e4a8eee26ecf5c9efedp.jpg\" slate-data-type=\"image\"\/><img decoding=\"async\" src=\"https:\/\/ae01.alicdn.com\/kf\/S58d99ef8f4c24db5b42c435e4f3dbf18g.jpg\" slate-data-type=\"image\"\/><img decoding=\"async\" src=\"https:\/\/ae01.alicdn.com\/kf\/S484ac22225bc4b5391285e1a6e0ccbfcZ.jpg\" slate-data-type=\"image\"\/><img decoding=\"async\" src=\"https:\/\/ae01.alicdn.com\/kf\/S33aebde8eaba44fea230eb640473d6318.jpg\" slate-data-type=\"image\"\/><img decoding=\"async\" src=\"https:\/\/ae01.alicdn.com\/kf\/S2b2770b31d1b4d3981b94d65582a0533E.jpg\" slate-data-type=\"image\"\/><img decoding=\"async\" src=\"https:\/\/ae01.alicdn.com\/kf\/Sfbbc8adc32a04d33be55472718724c23e.jpg\" slate-data-type=\"image\"\/><img decoding=\"async\" src=\"https:\/\/ae01.alicdn.com\/kf\/Se0a2305d5e4e4aa693575eccfe0f2ec1A.jpg\" slate-data-type=\"image\"\/><img decoding=\"async\" src=\"https:\/\/ae01.alicdn.com\/kf\/S6feae6d3da7f4067bbfaebe5277d3b75d.jpg\" slate-data-type=\"image\"\/><\/p>\n<div style=\"background-color:rgb(240, 234, 255);margin:20px 0px 10px;margin-bottom:10px;margin-top:20px;margin-left:0px;margin-right:0px;width:100%;height:34px\"><span style=\"background-color:rgb(55, 139, 238);color:rgb(255, 255, 255);font-size:24px;font-family:Verdana, Arial\">Specifikacija<\/span><\/div>\n<div>\u00a0<\/div>\n<table style=\"border-collapse:collapse;font-family:&quot;Microsoft YaHei&quot;;width:1000px\" class=\"jbEidtTable\" border=\"1\" cellpadding=\"5\" cellspacing=\"0\">\n<tbody>\n<tr>\n<td style=\"text-align:left\" align=\"left\">\n<p><strong>Bendra<\/strong><\/p>\n<\/td>\n<td style=\"text-align:left\" align=\"left\">\n<p><span style=\"font-size:16px;font-family:arial, helvetica, sans-serif\">Prek\u0117s \u017eenklas: Cloudenergy<br \/>Tipas: LiFePO4 akumuliatori\u0173 blokas<br \/>Modelis: CL12-200<br \/>Spalva: oran\u017ein\u0117 + juoda<\/span><\/p>\n<\/td>\n<\/tr>\n<tr>\n<td style=\"text-align:left\" align=\"left\">\n<p><strong>Specifikacija<\/strong><\/p>\n<\/td>\n<td style=\"text-align:left\" align=\"left\">\n<p><span style=\"font-size:16px;font-family:arial, helvetica, sans-serif\">Nominali \u012ftampa: 12,8 V<br \/>Nominali talpa: 200 Ah<br \/>\u012ekrovimo \u012ftampa: 14,2\u201314,6 V<br \/>Energija: 2560 Wh<br \/>Maksimali nuolatin\u0117 \u012fkrovimo srov\u0117: 100A<br \/>Maksimali nuolatin\u0117 i\u0161krovimo srov\u0117: 100A<br \/>Rekomenduojama \u012fkrovimo srov\u0117: 40A (0,2C)<br \/>Maksimali apkrova \/ keitiklio galia: 1280 W<br \/>\u012ekrovimo temperat\u016bra: nuo 0 iki 50 Celsijaus (nuo 32 iki 122 Farenheito)<br \/>I\u0161leidimo temperat\u016bra: nuo -20 iki 60 Celsijaus (nuo -4 iki 140 Farenheito)<br \/>Laikymo temperat\u016bra: nuo -10 iki 50 Celsijaus (nuo 14 iki 122 Farenheito)<br \/>Atsparumas vandeniui: IP63<br \/>Terminalas: M8<\/span><\/p>\n<\/td>\n<\/tr>\n<tr>\n<td style=\"text-align:left\" align=\"left\">\n<p><strong>Svoris ir dydis<\/strong><\/p>\n<\/td>\n<td style=\"text-align:left\" align=\"left\">\n<p><span style=\"font-size:16px;font-family:arial, helvetica, sans-serif\">Produkto svoris: 19,5 kg<br \/>Pakuot\u0117s svoris: 21 kg<br \/>Gaminio matmenys (ilgis x plotis x auk\u0161tis): 53,2 \u00d7 20,7 \u00d7 21,5 cm<br \/>Pakuot\u0117s dydis (ilgis x plotis x auk\u0161tis): 56,2 \u00d7 24,7 \u00d7 24,5 cm<\/span><\/p>\n<\/td>\n<\/tr>\n<tr>\n<td style=\"text-align:left\" align=\"left\">\n<p><strong>Pakuot\u0117s turinys<\/strong><\/p>\n<\/td>\n<td style=\"text-align:left\" align=\"left\">\n<p>1 x LiFePO4 akumuliatori\u0173 blokas<br \/>1 x Naudotojo vadovas<\/p>\n<\/td>\n<\/tr>\n<\/tbody>\n<\/table>\n<\/div>\n<\/div>\n<p><\/p>","protected":false},"excerpt":{"rendered":"<p>Display screen:&nbsp;Yes Nominal Capacity:&nbsp;&gt;3500mAh Model Number:&nbsp;CL12-200 Type:&nbsp;LiFePO4 Set Type:&nbsp;Charger Sets Highlights Reliable Automotive Grade Lithium Battery Cloudenegy LiFePO4 batteries have exceptional quality since they are manufactured by automotive-grade LiFePO4 Cells<\/p>","protected":false},"featured_media":9115,"comment_status":"open","ping_status":"closed","template":"","meta":{"_acf_changed":false},"product_brand":[],"product_cat":[238],"product_tag":[],"class_list":{"0":"post-9114","1":"product","2":"type-product","3":"status-publish","4":"has-post-thumbnail","6":"product_cat-200ah-lifepo4-batteries","8":"first","9":"instock","10":"shipping-taxable","11":"purchasable","12":"product-type-simple"},"acf":[],"_links":{"self":[{"href":"https:\/\/electricstore.eu\/lt\/wp-json\/wp\/v2\/product\/9114","targetHints":{"allow":["GET"]}}],"collection":[{"href":"https:\/\/electricstore.eu\/lt\/wp-json\/wp\/v2\/product"}],"about":[{"href":"https:\/\/electricstore.eu\/lt\/wp-json\/wp\/v2\/types\/product"}],"replies":[{"embeddable":true,"href":"https:\/\/electricstore.eu\/lt\/wp-json\/wp\/v2\/comments?post=9114"}],"wp:featuredmedia":[{"embeddable":true,"href":"https:\/\/electricstore.eu\/lt\/wp-json\/wp\/v2\/media\/9115"}],"wp:attachment":[{"href":"https:\/\/electricstore.eu\/lt\/wp-json\/wp\/v2\/media?parent=9114"}],"wp:term":[{"taxonomy":"product_brand","embeddable":true,"href":"https:\/\/electricstore.eu\/lt\/wp-json\/wp\/v2\/product_brand?post=9114"},{"taxonomy":"product_cat","embeddable":true,"href":"https:\/\/electricstore.eu\/lt\/wp-json\/wp\/v2\/product_cat?post=9114"},{"taxonomy":"product_tag","embeddable":true,"href":"https:\/\/electricstore.eu\/lt\/wp-json\/wp\/v2\/product_tag?post=9114"}],"curies":[{"name":"wp","href":"https:\/\/api.w.org\/{rel}","templated":true}]}}