{"id":9090,"date":"2025-05-20T17:44:47","date_gmt":"2025-05-20T17:44:47","guid":{"rendered":"https:\/\/electricstore.eu\/p\/uncategorized\/flashfish-p63-portable-power-station-520wh-140400mah-lithium-battery-solar-generator-500w-ac-output-5xdc-ouputs-4xusb-outputs\/"},"modified":"2025-05-20T17:45:01","modified_gmt":"2025-05-20T17:45:01","slug":"flashfish-p63-portable-power-station-520wh-140400mah-lithium-battery-solar-generator-500w-ac-output-5xdc-ouputs-4xusb-outputs","status":"publish","type":"product","link":"https:\/\/electricstore.eu\/lt\/p\/batteries\/portable-power-stations\/flashfish-p63-portable-power-station-520wh-140400mah-lithium-battery-solar-generator-500w-ac-output-5xdc-ouputs-4xusb-outputs\/","title":{"rendered":"Ne\u0161iojama \u201eFlashfish P63\u201c \u012fkrovos stotel\u0117, 520 Wh \/ 140\u2013400 mAh li\u010dio baterij\u0173 saul\u0117s generatorius, 500 W kintamosios srov\u0117s i\u0161vestis, 5 nuolatin\u0117s srov\u0117s i\u0161\u0117jimai, 4 USB i\u0161\u0117jimai"},"content":{"rendered":"<div class=\"product-specs-list-container\">\n<ul class=\"product-specs-list util-clearfix\">\n<li class=\"product-prop line-limit-length\"><span\n                                        class=\"property-title\">Ekrano vaizdas:&nbsp;<\/span><span\n                                        class=\"property-desc line-limit-length\">Taip<\/span>\n                            <\/li>\n<li class=\"product-prop line-limit-length\"><span\n                                        class=\"property-title\">Nominali talpa:&nbsp;<\/span><span\n                                        class=\"property-desc line-limit-length\">&gt;3500 mAh<\/span>\n                            <\/li>\n<li class=\"product-prop line-limit-length\"><span\n                                        class=\"property-title\">Modelio numeris:&nbsp;<\/span><span\n                                        class=\"property-desc line-limit-length\">P63<\/span>\n                            <\/li>\n<li class=\"product-prop line-limit-length\"><span\n                                        class=\"property-title\">Tipas:&nbsp;<\/span><span\n                                        class=\"property-desc line-limit-length\">LiFePO4<\/span>\n                            <\/li>\n<li class=\"product-prop line-limit-length\"><span\n                                        class=\"property-title\">Rinkinio tipas:&nbsp;<\/span><span\n                                        class=\"property-desc line-limit-length\">\u012ekrovikli\u0173 rinkiniai<\/span>\n                            <\/li>\n<\/ul><\/div>\n<div class=\"detailmodule_dynamic\"><kse:widget data-widget-type=\"customText\" id=\"1005000009406803\" type=\"relation\"><\/kse:widget><\/div>\n<div class=\"detailmodule_html\">\n<div class=\"detail-desc-decorate-richtext\">\n<p><\/p>\n<div style=\"background-color:rgb(240, 234, 255);margin:20px 0px 10px;margin-bottom:10px;margin-top:20px;margin-left:0px;margin-right:0px;width:100%;height:34px\"><span style=\"background-color:rgb(55, 139, 238);color:rgb(255, 255, 255);font-size:24px;font-family:Verdana, Arial\">Svarbiausi dalykai<\/span><\/div>\n<div class=\"detailmodule_text\">\n<div class=\"detailmodule_html\">\n<div class=\"detail-desc-decorate-richtext\">\n<div class=\"detailmodule_text-image\">\n<div class=\"detailmodule_text-image\">\n<div class=\"detailmodule_text-image\">\n<div class=\"detailmodule_text-image\">\n<p><span style=\"color:rgb(0, 0, 0);font-size:16px;font-family:arial, helvetica, sans-serif\">Integruotos daugiafunkcin\u0117s apsaugos (plok\u0161t\u0117s lC temperat\u016bros valdymas)<br \/>1. Built-in high-power 18650 Lithium-ion battery;<br \/>2. Up to 520Wh battery power;<br \/>3. AC pure sine wave output for better power efficiency;<br \/>4. Up to 500W AC continuous output, 1000W of Max output;<br \/>5. Support 1*Type-C 5V-9V\/2A output;<br \/>6. Support 1*QC USB outputs, 2*USB 5V\/2A output;<br \/>7. Support 5*DC 12V10A outputs;<br \/>8. Apsauga, \u012fskaitant: trump\u0105j\u012f jungim\u0105, perkrov\u0105, perkaitim\u0105 ir kt.<br \/>9. Built-in smart fan for heat dissipation;<br \/>10. Off-grid power for CPAP;<\/span><\/p>\n<\/div>\n<\/div>\n<\/div>\n<\/div>\n<\/div>\n<\/div>\n<\/div>\n<div style=\"background-color:rgb(240, 234, 255);margin:20px 0px 10px;margin-bottom:10px;margin-top:20px;margin-left:0px;margin-right:0px;width:100%;height:34px\"><span style=\"background-color:rgb(55, 139, 238);color:rgb(255, 255, 255);font-size:24px;font-family:Verdana, Arial\">Produkto informacija<\/span><\/div>\n<p><img decoding=\"async\" src=\"https:\/\/ae01.alicdn.com\/kf\/S29ae8d171a7a4701b10c116a689be171m.jpg\" slate-data-type=\"image\"\/><img decoding=\"async\" src=\"https:\/\/ae01.alicdn.com\/kf\/S208fe539e6c0463cb36cf31adbe4edc0X.jpg\" slate-data-type=\"image\"\/><img decoding=\"async\" src=\"https:\/\/ae01.alicdn.com\/kf\/S096b1ea5ecf44e6487a041999866b9c1G.jpg\" slate-data-type=\"image\"\/><img decoding=\"async\" src=\"https:\/\/ae01.alicdn.com\/kf\/Sd84a5b22ec85414d840be0ab661fa2c06.jpg\" slate-data-type=\"image\"\/><img decoding=\"async\" src=\"https:\/\/ae01.alicdn.com\/kf\/Sd164a500a6b7460689dddd559b91f6dfA.jpg\" slate-data-type=\"image\"\/><img decoding=\"async\" src=\"https:\/\/ae01.alicdn.com\/kf\/Sb8b8bf08b9df44dda2dace8eea10d925T.jpg\" slate-data-type=\"image\"\/><img decoding=\"async\" src=\"https:\/\/ae01.alicdn.com\/kf\/Sf13c80a79b5d444a8a4be36127c52cceU.jpg\" slate-data-type=\"image\"\/><img decoding=\"async\" src=\"https:\/\/ae01.alicdn.com\/kf\/S5daa2c8bad004e7dbb16dd069936a088L.jpg\" slate-data-type=\"image\"\/><img decoding=\"async\" src=\"https:\/\/ae01.alicdn.com\/kf\/S828d5726c2764efaae1ebe35d76f56b7a.jpg\" slate-data-type=\"image\"\/><img decoding=\"async\" src=\"https:\/\/ae01.alicdn.com\/kf\/S4a744652bcb146c49280b7969fa9e8d8f.jpg\" slate-data-type=\"image\"\/><\/p>\n<div style=\"background-color:rgb(240, 234, 255);margin:20px 0px 10px;margin-bottom:10px;margin-top:20px;margin-left:0px;margin-right:0px;width:100%;height:34px\"><span style=\"background-color:rgb(55, 139, 238);color:rgb(255, 255, 255);font-size:24px;font-family:Verdana, Arial\">Specifikacija <\/span><\/div>\n<table style=\"border-collapse:collapse;font-family:&quot;Microsoft YaHei&quot;;width:1000px\" class=\"jbEidtTable\" border=\"1\" cellpadding=\"5\" cellspacing=\"0\">\n<tbody>\n<tr>\n<td style=\"text-align:left;height:93px\" align=\"left\">\n<p><span style=\"font-size:16px;font-family:arial, helvetica, sans-serif\">Bendra<\/span><\/p>\n<\/td>\n<td style=\"text-align:left;height:93px\" align=\"left\">\n<p><span style=\"font-size:16px;font-family:arial, helvetica, sans-serif\">Prek\u0117s \u017eenklas: Flashfish\u00a0<br \/>Tipas: Ne\u0161iojama li\u010dio jon\u0173 elektrin\u0117<br \/>Modelis: P63<br \/>Color: Black+Dark Gray<\/span><\/p>\n<\/td>\n<\/tr>\n<tr>\n<td style=\"text-align:left;height:10px\" align=\"left\">\n<p><span style=\"font-size:16px;font-family:arial, helvetica, sans-serif\">Specifikacija<\/span><\/p>\n<\/td>\n<td style=\"text-align:left;height:10px\" align=\"left\">\n<div><span style=\"font-size:16px;font-family:arial, helvetica, sans-serif\">Bendrieji parametrai<br \/>\u012emontuota baterija: 18650 li\u010dio baterija<br \/>Baterijos talpa: 520 Wh, 140\u2013400 mAh \/ 3,7 V<br \/>\u012ekrovimo \u012fvestis: DC 15V\/6.0A<br \/>Saul\u0117s baterij\u0173 \u012fkrovimas: 13\u201322 V \/ 6,0 A<br \/>Pilnai \u012fkrauto (adapterio) laikas: apie 8 val.<\/span><\/div>\n<p><span style=\"font-size:16px;font-family:arial, helvetica, sans-serif\">USB i\u0161vestis: bendra maks. 67 W.<br \/>USB QC3.0 (x1): 5V-9V\/2A, 18W maks.<br \/>C tipo QC3.0 (x1): 5\u20139 V \/ 2 A, maks. 18 W.<br \/>USB-A (x2): 5 V \/ 3,1 A, maks. 15,5 W.<\/span><\/p>\n<p><span style=\"font-size:16px;font-family:arial, helvetica, sans-serif\">Nuolatin\u0117s srov\u0117s i\u0161vestis: bendra maks. 126 W.<br \/>DC5521 i\u0161vestis (x4): 9\u201312,6 V \/ 10 A (i\u0161 viso maks. 12 A), maks. 126 W.<br \/>Cigare\u010di\u0173 \u017eiebtuv\u0117lio i\u0161vestis (x1): 9v-12.6v 10A, 126W maks.<\/span><\/p>\n<p><span style=\"font-size:16px;font-family:arial, helvetica, sans-serif\">Kintamosios srov\u0117s i\u0161vestis: 2 x grynos sinusin\u0117s bangos 230 V \/ 110 V kintamoji srov\u0117<br \/>Bendra nuolatin\u0117 kintamosios srov\u0117s i\u0161\u0117jimo galia: 500 W<br \/>Bendra maksimali kintamosios srov\u0117s i\u0161\u0117jimo galia: 1000 W<\/span><\/p>\n<p><span style=\"font-size:16px;font-family:arial, helvetica, sans-serif\">Operating temperature: -10\u2103-40\u2103<br \/>Gyvavimo ciklas: &gt;2000 kart\u0173<\/span><\/p>\n<p><span style=\"font-size:16px;font-family:arial, helvetica, sans-serif\">Produkto apsauga:<br \/>a. Short circuit protection<br \/>b. Overcurrent protection<br \/>c. Overvoltage protection<br \/>d. Undervoltage protection<br \/>e. Overload protection<br \/>f. Over temperature protection<\/span><\/p>\n<p><span style=\"font-size:16px;font-family:arial, helvetica, sans-serif\">Adapterio parametrai<br \/>I\u0161vestis: 15 V 6 A<br \/>Nuolatin\u0117s srov\u0117s s\u0105saja: Darbalaukis<br \/>Forma: Stalinis<\/p>\n<p>\u012evesties \u012fkrovimo funkcija<br \/>Palaikykite maitinimo adapterio \u012fkrovim\u0105: palaikymas<br \/>Palaikykite saul\u0117s baterij\u0173 \u012fkrovim\u0105: palaikymas<\/p>\n<p>Strukt\u016bra<br \/>Atsparumas ugniai: 94-V0<br \/>Med\u017eiaga: ABS plastikas + aliuminio korpusas, plastikinio korpuso atsparumo ugniai klas\u0117 94-V0<\/span><\/p>\n<p><span style=\"font-size:16px;font-family:arial, helvetica, sans-serif\">Naudokite scenos re\u017eim\u0105<br \/>Applicable to power outages, outdoor operations, night market electricity, emergency rescue, medical, household energy storage, etc.<\/span><\/p>\n<\/td>\n<\/tr>\n<tr>\n<td style=\"text-align:left;height:84px\" align=\"left\">\n<p><span style=\"font-size:16px;font-family:arial, helvetica, sans-serif\">Svoris ir dydis<\/span><\/p>\n<\/td>\n<td style=\"text-align:left;height:84px\" align=\"left\">\n<p><span style=\"font-size:16px;font-family:arial, helvetica, sans-serif\">Produkto svoris: 6,4 kg<br \/>Pakuot\u0117s svoris: 8,2 kg<br \/>Gaminio dydis (ilgis x plotis x auk\u0161tis): 30,6 * 20 * 17,6 cm<br \/>Pakuot\u0117s dydis (ilgis x plotis x auk\u0161tis): 40,8 * 28,5 * 28 cm<\/span><\/p>\n<\/td>\n<\/tr>\n<tr>\n<td style=\"text-align:left;height:55px\" align=\"left\">\n<p><span style=\"font-size:16px;font-family:arial, helvetica, sans-serif\">Pakuot\u0117s turinys<\/span><\/p>\n<\/td>\n<td style=\"text-align:left;height:55px\" align=\"left\">\n<p><span style=\"font-size:16px;font-family:arial, helvetica, sans-serif\">1 x Ne\u0161iojama elektrin\u0117<br \/>1 x Wall Plug Power Adapter<br \/>1 x automobilio \u012fkrovimo laidas<br \/>1 x Naudotojo vadovas<\/span><\/p>\n<\/td>\n<\/tr>\n<\/tbody>\n<\/table>\n<div><\/div>\n<\/div>\n<\/div>\n<p><\/p>","protected":false},"excerpt":{"rendered":"<p>Display screen:&nbsp;Yes Nominal Capacity:&nbsp;&gt;3500mAh Model Number:&nbsp;P63 Type:&nbsp;LiFePO4 Set Type:&nbsp;Charger Sets Highlights Built-in multi-safety protections(Circuit board lC temperature control)1. Built-in high-power 18650 Lithium-ion battery;2. Up to 520Wh battery power;3. AC pure<\/p>","protected":false},"featured_media":9091,"comment_status":"open","ping_status":"closed","template":"","meta":{"_acf_changed":false},"product_brand":[],"product_cat":[515],"product_tag":[],"class_list":{"0":"post-9090","1":"product","2":"type-product","3":"status-publish","4":"has-post-thumbnail","6":"product_cat-portable-power-stations","8":"first","9":"instock","10":"shipping-taxable","11":"purchasable","12":"product-type-simple"},"acf":[],"_links":{"self":[{"href":"https:\/\/electricstore.eu\/lt\/wp-json\/wp\/v2\/product\/9090","targetHints":{"allow":["GET"]}}],"collection":[{"href":"https:\/\/electricstore.eu\/lt\/wp-json\/wp\/v2\/product"}],"about":[{"href":"https:\/\/electricstore.eu\/lt\/wp-json\/wp\/v2\/types\/product"}],"replies":[{"embeddable":true,"href":"https:\/\/electricstore.eu\/lt\/wp-json\/wp\/v2\/comments?post=9090"}],"wp:featuredmedia":[{"embeddable":true,"href":"https:\/\/electricstore.eu\/lt\/wp-json\/wp\/v2\/media\/9091"}],"wp:attachment":[{"href":"https:\/\/electricstore.eu\/lt\/wp-json\/wp\/v2\/media?parent=9090"}],"wp:term":[{"taxonomy":"product_brand","embeddable":true,"href":"https:\/\/electricstore.eu\/lt\/wp-json\/wp\/v2\/product_brand?post=9090"},{"taxonomy":"product_cat","embeddable":true,"href":"https:\/\/electricstore.eu\/lt\/wp-json\/wp\/v2\/product_cat?post=9090"},{"taxonomy":"product_tag","embeddable":true,"href":"https:\/\/electricstore.eu\/lt\/wp-json\/wp\/v2\/product_tag?post=9090"}],"curies":[{"name":"wp","href":"https:\/\/api.w.org\/{rel}","templated":true}]}}