{"id":8954,"date":"2025-05-19T21:20:22","date_gmt":"2025-05-19T21:20:22","guid":{"rendered":"https:\/\/electricstore.eu\/product\/uncategorized\/isinwheel-u2-500w-13ah-city-commuter-electric-bike\/"},"modified":"2025-05-21T05:41:17","modified_gmt":"2025-05-21T05:41:17","slug":"isinwheel-u2-500w-13ah-city-commuter-electric-bike","status":"publish","type":"product","link":"https:\/\/electricstore.eu\/lt\/p\/bikes\/electric-city-bikes\/isinwheel-u2-500w-13ah-city-commuter-electric-bike\/","title":{"rendered":"\u201eisinwheel U2 500W 36V 13Ah\u201c 30\u201350 km\/h &gt;60 km 26 coli\u0173 miesto ir priemiestinis elektrinis dviratis"},"content":{"rendered":"<div class=\"product-specs-list-container\">\n<ul class=\"product-specs-list util-clearfix\">\n<li class=\"product-prop line-limit-length\"><span\n                                        class=\"property-title\">Modelio numeris:&nbsp;<\/span><span\n                                        class=\"property-desc line-limit-length\">isinwheel U2<\/span>\n                            <\/li>\n<li class=\"product-prop line-limit-length\"><span\n                                        class=\"property-title\">Nominali keleivi\u0173 talpa:&nbsp;<\/span><span\n                                        class=\"property-desc line-limit-length\">Dvi s\u0117dyn\u0117s<\/span>\n                            <\/li>\n<li class=\"product-prop line-limit-length\"><span\n                                        class=\"property-title\">Stilius:&nbsp;<\/span><span\n                                        class=\"property-desc line-limit-length\">Standartinis tipas<\/span>\n                            <\/li>\n<li class=\"product-prop line-limit-length\"><span\n                                        class=\"property-title\">Maksimalus greitis:&nbsp;<\/span><span\n                                        class=\"property-desc line-limit-length\">30\u201350 km\/val.<\/span>\n                            <\/li>\n<li class=\"product-prop line-limit-length\"><span\n                                        class=\"property-title\">Diapazonas pagal gali\u0105:&nbsp;<\/span><span\n                                        class=\"property-desc line-limit-length\">&gt; 60 km<\/span>\n                            <\/li>\n<li class=\"product-prop line-limit-length\"><span\n                                        class=\"property-title\">Galia:&nbsp;<\/span><span\n                                        class=\"property-desc line-limit-length\">&gt; 500 W<\/span>\n                            <\/li>\n<li class=\"product-prop line-limit-length\"><span\n                                        class=\"property-title\">Maitinimo \u0161altinis:&nbsp;<\/span><span\n                                        class=\"property-desc line-limit-length\">li\u010dio baterija<\/span>\n                            <\/li>\n<li class=\"product-prop line-limit-length\"><span\n                                        class=\"property-title\">\u012etampa:&nbsp;<\/span><span\n                                        class=\"property-desc line-limit-length\">36 V<\/span>\n                            <\/li>\n<li class=\"product-prop line-limit-length\"><span\n                                        class=\"property-title\">Maitinimo \u0161altinis:&nbsp;<\/span><span\n                                        class=\"property-desc line-limit-length\">li\u010dio baterija<\/span>\n                            <\/li>\n<li class=\"product-prop line-limit-length\"><span\n                                        class=\"property-title\">Kilm\u0117:&nbsp;<\/span><span\n                                        class=\"property-desc line-limit-length\">\u017demynin\u0117 Kinija<\/span>\n                            <\/li>\n<li class=\"product-prop line-limit-length\"><span\n                                        class=\"property-title\">Sulankstytas:&nbsp;<\/span><span\n                                        class=\"property-desc line-limit-length\">Ne<\/span>\n                            <\/li>\n<li class=\"product-prop line-limit-length\"><span\n                                        class=\"property-title\">Variklis:&nbsp;<\/span><span\n                                        class=\"property-desc line-limit-length\">Be\u0161epetis<\/span>\n                            <\/li>\n<li class=\"product-prop line-limit-length\"><span\n                                        class=\"property-title\">Rat\u0173 dydis:&nbsp;<\/span><span\n                                        class=\"property-desc line-limit-length\">26 coli\u0173<\/span>\n                            <\/li>\n<li class=\"product-prop line-limit-length\"><span\n                                        class=\"property-title\">R\u0117mo med\u017eiaga:&nbsp;<\/span><span\n                                        class=\"property-desc line-limit-length\">Aliuminio lydinys<\/span>\n                            <\/li>\n<\/ul><\/div>\n<p><span style=\"color:rgb(244, 78, 59)\"><u><\/u><\/span><img decoding=\"async\" src=\"https:\/\/ae01.alicdn.com\/kf\/S6d0c0c62b50c4fa0bd4eed1d47127d7ac.jpg\" slate-data-type=\"image\"\/><span style=\"color:rgb(244, 78, 59)\"><u><\/u><\/span><img decoding=\"async\" src=\"https:\/\/ae01.alicdn.com\/kf\/S541482cfb3ec4afc9ca6a83ad2a0f048y.jpg\" slate-data-type=\"image\"\/><span style=\"color:rgb(244, 78, 59)\"><u><\/u><\/span><img decoding=\"async\" src=\"https:\/\/ae01.alicdn.com\/kf\/S5a3bda3df17f46bd826e8618a313c8efR.jpg\" slate-data-type=\"image\"\/><span style=\"color:rgb(244, 78, 59)\"><u><\/u><\/span><img decoding=\"async\" src=\"https:\/\/ae01.alicdn.com\/kf\/Sf7d064ea0d4647dbbf3f64e477141bb04.jpg\" slate-data-type=\"image\"\/><span style=\"color:rgb(244, 78, 59)\"><u><\/u><\/span><img decoding=\"async\" src=\"https:\/\/ae01.alicdn.com\/kf\/S9d27c08997f9413292b41e5fd1adbd882.jpg\" slate-data-type=\"image\"\/><span style=\"color:rgb(244, 78, 59)\"><u><\/u><\/span><img decoding=\"async\" src=\"https:\/\/ae01.alicdn.com\/kf\/S145eabb3e9d54a37a9cc5c9f793f9566y.jpg\" slate-data-type=\"image\"\/><span style=\"color:rgb(244, 78, 59)\"><u><\/u><\/span><img decoding=\"async\" src=\"https:\/\/ae01.alicdn.com\/kf\/S0359ca780ae441349acb0af6fe37cd77F.jpg\" slate-data-type=\"image\"\/><span style=\"color:rgb(244, 78, 59)\"><u><\/u><\/span><img decoding=\"async\" src=\"https:\/\/ae01.alicdn.com\/kf\/Sfc53e313e0ec4c9489e0bfaf497072c9b.jpg\" slate-data-type=\"image\"\/><span style=\"color:rgb(244, 78, 59)\"><u><\/u><\/span><img decoding=\"async\" src=\"https:\/\/ae01.alicdn.com\/kf\/S8c5712bbfeef48869aeb0a71c9b5ac06K.jpg\" slate-data-type=\"image\"\/><span style=\"color:rgb(244, 78, 59)\"><u><\/u><\/span><img decoding=\"async\" src=\"https:\/\/ae01.alicdn.com\/kf\/S5e47be21fdbe41daa0cf06c242334bce5.jpg\" slate-data-type=\"image\"\/><span style=\"color:rgb(244, 78, 59)\"><u><\/u><\/span><img decoding=\"async\" src=\"https:\/\/ae01.alicdn.com\/kf\/S0cb2331b57c049b291b041f2482bdb708.jpg\" slate-data-type=\"image\"\/><span style=\"color:rgb(244, 78, 59)\"><u><\/u><\/span><img decoding=\"async\" src=\"https:\/\/ae01.alicdn.com\/kf\/Sb18488ee9c5e41d1835aaf6d2a211b1eU.jpg\" slate-data-type=\"image\"\/><span style=\"color:rgb(244, 78, 59)\"><u><\/u><\/span><img decoding=\"async\" src=\"https:\/\/ae01.alicdn.com\/kf\/S4306768d243a4bed97ba2f6c649f01631.jpg\" slate-data-type=\"image\"\/><span style=\"color:rgb(244, 78, 59)\"><u><\/u><\/span><img decoding=\"async\" src=\"https:\/\/ae01.alicdn.com\/kf\/S74e95179306b4b83bd6d878d5d4f366bi.jpg\" slate-data-type=\"image\"\/><span style=\"color:rgb(244, 78, 59)\"><u><\/u><\/span><img decoding=\"async\" src=\"https:\/\/ae01.alicdn.com\/kf\/S8bbd640e8506441c962fda16eed2c7f9I.jpg\" slate-data-type=\"image\"\/><span style=\"color:rgb(244, 78, 59)\"><u><\/u><\/span><img decoding=\"async\" src=\"https:\/\/ae01.alicdn.com\/kf\/S3333ebced00a4534a6ab6e43d2a194402.jpg\" slate-data-type=\"image\"\/><span style=\"color:rgb(244, 78, 59)\"><u><\/u><\/span><img decoding=\"async\" src=\"https:\/\/ae01.alicdn.com\/kf\/Sf9bf6ee522c24f798842d36c59c439f5E.jpg\" slate-data-type=\"image\"\/><span style=\"color:rgb(244, 78, 59)\"><u><\/u><\/span><img decoding=\"async\" src=\"https:\/\/ae01.alicdn.com\/kf\/Sc54c324beea045cea6c2c01e32b851fdb.jpg\" slate-data-type=\"image\"\/><span style=\"color:rgb(244, 78, 59)\"><u><\/u><\/span><img decoding=\"async\" src=\"https:\/\/ae01.alicdn.com\/kf\/S87805898e81e4f0aaff3bfea4e995f24o.jpg\" slate-data-type=\"image\"\/><span style=\"color:rgb(244, 78, 59)\"><u><\/u><\/span><img decoding=\"async\" src=\"https:\/\/ae01.alicdn.com\/kf\/S0546134753c24755bcd75bdc8caf1ec7d.jpg\" slate-data-type=\"image\"\/><span style=\"color:rgb(244, 78, 59)\"><u><\/u><\/span><img decoding=\"async\" src=\"https:\/\/ae01.alicdn.com\/kf\/Saf5ea9b32eb14dc2b5cde43dcc22cb9dA.jpg\" slate-data-type=\"image\"\/><span style=\"color:rgb(244, 78, 59)\"><u><\/u><\/span><img decoding=\"async\" src=\"https:\/\/ae01.alicdn.com\/kf\/Sbed70532f6c4481d9c455d33750d00502.jpg\" slate-data-type=\"image\"\/><span style=\"color:rgb(244, 78, 59)\"><u><\/u><\/span><img decoding=\"async\" src=\"https:\/\/ae01.alicdn.com\/kf\/Se03797310c4c44858f3221f0740a0006v.jpg\" slate-data-type=\"image\"\/><span style=\"color:rgb(244, 78, 59)\"><u><\/u><\/span><img decoding=\"async\" src=\"https:\/\/ae01.alicdn.com\/kf\/Sd70599a822934f27abdd5d6cf08f4797S.jpg\" slate-data-type=\"image\"\/><span style=\"color:rgb(244, 78, 59)\"><u><\/u><\/span><img decoding=\"async\" src=\"https:\/\/ae01.alicdn.com\/kf\/S11d61cc9783d457db0d573d2d4d700efc.jpg\" slate-data-type=\"image\"\/><span style=\"color:rgb(244, 78, 59)\"><u><\/u><\/span><img decoding=\"async\" src=\"https:\/\/ae01.alicdn.com\/kf\/S5756f2513b554ef5860875c9ae23e2d7c.jpg\" slate-data-type=\"image\"\/><span style=\"color:rgb(244, 78, 59)\"><u><\/u><\/span><img decoding=\"async\" src=\"https:\/\/ae01.alicdn.com\/kf\/Se4f3c61656a0489baac8a55a242a39209.jpg\" slate-data-type=\"image\"\/><span style=\"color:rgb(244, 78, 59)\"><u><\/u><\/span><img decoding=\"async\" src=\"https:\/\/ae01.alicdn.com\/kf\/Sc19698cd71c04f8994a880440caaf8075.jpg\" slate-data-type=\"image\"\/><span style=\"color:rgb(244, 78, 59)\"><u><\/u><\/span><img decoding=\"async\" src=\"https:\/\/ae01.alicdn.com\/kf\/Sc760442303d14acfbe5d1c8b03c587289.jpg\" slate-data-type=\"image\"\/><span style=\"color:rgb(244, 78, 59)\"><u><\/u><\/span><img decoding=\"async\" src=\"https:\/\/ae01.alicdn.com\/kf\/Sb3704abd69ff429dae658e6893207bb9s.jpg\" slate-data-type=\"image\"\/><span style=\"color:rgb(244, 78, 59)\"><u><\/u><\/span><img decoding=\"async\" src=\"https:\/\/ae01.alicdn.com\/kf\/Sbc4e0d77072c4f6d808abbecbb6ef98aI.jpg\" slate-data-type=\"image\"\/><span style=\"color:rgb(244, 78, 59)\"><u><\/u><\/span><img decoding=\"async\" src=\"https:\/\/ae01.alicdn.com\/kf\/S1bb31560b1e94c7c993ac1fd0753537cy.jpg\" slate-data-type=\"image\"\/><span style=\"color:rgb(244, 78, 59)\"><u>Mielas drauge,<\/u><\/span><\/p>\n<h3 style=\"font-family:&quot;TT Norms Pro&quot;, &quot;Open Sans&quot;, Roboto, Arial, Helvetica, sans-serif, SimSun;letter-spacing:normal;text-align:start;white-space:normal;color:rgb(34, 34, 34);box-sizing:border-box\" align=\"start\"><span style=\"color:rgb(244, 78, 59)\"><u>Lenkijoje turime profesionali\u0105 remonto komand\u0105 ir teikiame garantinio aptarnavimo paslaugas neprisijungus.<\/u><\/span><\/h3>\n<h3 style=\"font-family:&quot;TT Norms Pro&quot;, &quot;Open Sans&quot;, Roboto, Arial, Helvetica, sans-serif, SimSun;letter-spacing:normal;text-align:start;white-space:normal;color:rgb(34, 34, 34);box-sizing:border-box\" align=\"start\"><span style=\"color:rgb(244, 78, 59)\"><u>\u012esigytas elektrinis dviratis bus i\u0161si\u0173stas i\u0161 Lenkijos, u\u017e kur\u012f galime i\u0161ra\u0161yti s\u0105skait\u0105 fakt\u016br\u0105. Jei turite klausim\u0173, susisiekite su mumis.<\/u><\/span><\/h3>\n<h1 style=\"text-align:center\" align=\"center\"><strong>isinwheel U2 adult Electric Bicycle 500W Motor E-Bike13Ah Battery City Commuter Electric Cruiser Bike 26inch Tire Electric Bike<\/strong><\/h1>\n<p style=\"text-align:center\" align=\"center\"><\/p>","protected":false},"excerpt":{"rendered":"<p>Model Number:&nbsp;isinwheel U2 Rated Passenger Capacity:&nbsp;Two Seat Style:&nbsp;Standard Type Max Speed:&nbsp;30-50km\/h Range per Power:&nbsp;&gt; 60 km Wattage:&nbsp;&gt; 500w Power Supply:&nbsp;lithium battery Voltage:&nbsp;36V Power Source:&nbsp;lithium battery Origin:&nbsp;Mainland China Folded:&nbsp;No Motor:&nbsp;Brushless Wheel<\/p>","protected":false},"featured_media":8955,"comment_status":"open","ping_status":"closed","template":"","meta":{"_acf_changed":false},"product_brand":[],"product_cat":[298],"product_tag":[],"class_list":{"0":"post-8954","1":"product","2":"type-product","3":"status-publish","4":"has-post-thumbnail","6":"product_cat-electric-city-bikes","8":"first","9":"instock","10":"shipping-taxable","11":"purchasable","12":"product-type-variable"},"acf":[],"_links":{"self":[{"href":"https:\/\/electricstore.eu\/lt\/wp-json\/wp\/v2\/product\/8954","targetHints":{"allow":["GET"]}}],"collection":[{"href":"https:\/\/electricstore.eu\/lt\/wp-json\/wp\/v2\/product"}],"about":[{"href":"https:\/\/electricstore.eu\/lt\/wp-json\/wp\/v2\/types\/product"}],"replies":[{"embeddable":true,"href":"https:\/\/electricstore.eu\/lt\/wp-json\/wp\/v2\/comments?post=8954"}],"wp:featuredmedia":[{"embeddable":true,"href":"https:\/\/electricstore.eu\/lt\/wp-json\/wp\/v2\/media\/8955"}],"wp:attachment":[{"href":"https:\/\/electricstore.eu\/lt\/wp-json\/wp\/v2\/media?parent=8954"}],"wp:term":[{"taxonomy":"product_brand","embeddable":true,"href":"https:\/\/electricstore.eu\/lt\/wp-json\/wp\/v2\/product_brand?post=8954"},{"taxonomy":"product_cat","embeddable":true,"href":"https:\/\/electricstore.eu\/lt\/wp-json\/wp\/v2\/product_cat?post=8954"},{"taxonomy":"product_tag","embeddable":true,"href":"https:\/\/electricstore.eu\/lt\/wp-json\/wp\/v2\/product_tag?post=8954"}],"curies":[{"name":"wp","href":"https:\/\/api.w.org\/{rel}","templated":true}]}}