{"id":8717,"date":"2025-05-19T21:18:05","date_gmt":"2025-05-19T21:18:05","guid":{"rendered":"https:\/\/electricstore.eu\/product\/uncategorized\/kukirin-g2-master-1000w2-dual-motor-52v-20-8ah-70km-60km-h-escooter\/"},"modified":"2025-05-20T13:06:32","modified_gmt":"2025-05-20T13:06:32","slug":"kukirin-g2-master-1000w2-dual-motor-52v-20-8ah-70km-60km-h-escooter","status":"publish","type":"product","link":"https:\/\/electricstore.eu\/lt\/p\/scooters\/electric-off-road-scooter\/kukirin-g2-master-1000w2-dual-motor-52v-20-8ah-70km-60km-h-escooter\/","title":{"rendered":"\u201eKuKirin G2 Master 2000W 52V 20.8Ah\u201c 60 km\/h 70 km 9 coli\u0173 dviej\u0173 varikli\u0173 elektrinis paspirtukas"},"content":{"rendered":"<div class=\"product-specs-list-container\">\n<ul class=\"product-specs-list util-clearfix\">\n<li class=\"product-prop line-limit-length\"><span\n                                        class=\"property-title\">Padang\u0173 dydis:&nbsp;<\/span><span\n                                        class=\"property-desc line-limit-length\">9 coli\u0173<\/span>\n                            <\/li>\n<li class=\"product-prop line-limit-length\"><span\n                                        class=\"property-title\">Modelio numeris:&nbsp;<\/span><span\n                                        class=\"property-desc line-limit-length\">KuKirin G2 meistras<\/span>\n                            <\/li>\n<li class=\"product-prop line-limit-length\"><span\n                                        class=\"property-title\">Kategorija:&nbsp;<\/span><span\n                                        class=\"property-desc line-limit-length\">Dviratis motoroleris<\/span>\n                            <\/li>\n<li class=\"product-prop line-limit-length\"><span\n                                        class=\"property-title\">Taikomi \u017emon\u0117s:&nbsp;<\/span><span\n                                        class=\"property-desc line-limit-length\">Unisex<\/span>\n                            <\/li>\n<li class=\"product-prop line-limit-length\"><span\n                                        class=\"property-title\">Atstumas vienu \u012fkrovimu:&nbsp;<\/span><span\n                                        class=\"property-desc line-limit-length\">40\u201360 km<\/span>\n                            <\/li>\n<li class=\"product-prop line-limit-length\"><span\n                                        class=\"property-title\">\u012ekrovimo laikas:&nbsp;<\/span><span\n                                        class=\"property-desc line-limit-length\">6\u20138 val.<\/span>\n                            <\/li>\n<li class=\"product-prop line-limit-length\"><span\n                                        class=\"property-title\">\u012etampa:&nbsp;<\/span><span\n                                        class=\"property-desc line-limit-length\">48 V<\/span>\n                            <\/li>\n<li class=\"product-prop line-limit-length\"><span\n                                        class=\"property-title\">Sulankstytas:&nbsp;<\/span><span\n                                        class=\"property-desc line-limit-length\">TAIP<\/span>\n                            <\/li>\n<li class=\"product-prop line-limit-length\"><span\n                                        class=\"property-title\">Galia (W):&nbsp;<\/span><span\n                                        class=\"property-desc line-limit-length\">501\u20131000 W<\/span>\n                            <\/li>\n<li class=\"product-prop line-limit-length\"><span\n                                        class=\"property-title\">Kilm\u0117:&nbsp;<\/span><span\n                                        class=\"property-desc line-limit-length\">\u017demynin\u0117 Kinija<\/span>\n                            <\/li>\n<li class=\"product-prop line-limit-length\"><span\n                                        class=\"property-title\">Maksimalus variklis:&nbsp;<\/span><span\n                                        class=\"property-desc line-limit-length\">1200 W<\/span>\n                            <\/li>\n<li class=\"product-prop line-limit-length\"><span\n                                        class=\"property-title\">maksimalus diapazonas:&nbsp;<\/span><span\n                                        class=\"property-desc line-limit-length\">70 km<\/span>\n                            <\/li>\n<li class=\"product-prop line-limit-length\"><span\n                                        class=\"property-title\">maksimalus greitis:&nbsp;<\/span><span\n                                        class=\"property-desc line-limit-length\">60 km\/val.<\/span>\n                            <\/li>\n<li class=\"product-prop line-limit-length\"><span\n                                        class=\"property-title\">Maksimali apkrova:&nbsp;<\/span><span\n                                        class=\"property-desc line-limit-length\">120 kg<\/span>\n                            <\/li>\n<li class=\"product-prop line-limit-length\"><span\n                                        class=\"property-title\">1, 2, 3 (tu\u0161\u010di\u0105ja eiga):&nbsp;<\/span><span\n                                        class=\"property-desc line-limit-length\">20 km\/val., 40 km\/val., 60 km\/val.<\/span>\n                            <\/li>\n<li class=\"product-prop line-limit-length\"><span\n                                        class=\"property-title\">Lipimo geb\u0117jimas:&nbsp;<\/span><span\n                                        class=\"property-desc line-limit-length\">\u226428\u00b0 nuolydis<\/span>\n                            <\/li>\n<li class=\"product-prop line-limit-length\"><span\n                                        class=\"property-title\">Stabd\u017ei\u0173 sistema:&nbsp;<\/span><span\n                                        class=\"property-desc line-limit-length\">Priekiniai ir galiniai diskiniai stabd\u017eiai ir el. stabd\u017eiai<\/span>\n                            <\/li>\n<li class=\"product-prop line-limit-length\"><span\n                                        class=\"property-title\">Baterija:&nbsp;<\/span><span\n                                        class=\"property-desc line-limit-length\">48 V 20,8 Ah<\/span>\n                            <\/li>\n<li class=\"product-prop line-limit-length\"><span\n                                        class=\"property-title\">Priekinis amortizatorius:&nbsp;<\/span><span\n                                        class=\"property-desc line-limit-length\">Pavasario sm\u016bgio adsorbcija<\/span>\n                            <\/li>\n<li class=\"product-prop line-limit-length\"><span\n                                        class=\"property-title\">Galinis amortizatorius:&nbsp;<\/span><span\n                                        class=\"property-desc line-limit-length\">Pavasario sm\u016bgio adsorbcija<\/span>\n                            <\/li>\n<li class=\"product-prop line-limit-length\"><span\n                                        class=\"property-title\">Sertifikatas:&nbsp;<\/span><span\n                                        class=\"property-desc line-limit-length\"><\/span>\n                            <\/li>\n<\/ul><\/div>\n<h1 style=\"text-align:center\" align=\"center\"><strong>\u201eKukirin G2 Pro\u201c elektrinis paspirtukas suaugusiems, 45 km\/h greitis, 1000 W variklis, 48 V 15,6 Ah baterija, maksimalus nuva\u017eiuojamas atstumas, 9 coli\u0173 gumin\u0117s padangos, visureigio paspirtukas, nuimama s\u0117dyn\u0117.<\/strong><\/h1>\n<p><strong><span style=\"color:rgb(25, 25, 25);font-size:24px;font-family:&quot;TT Norms Pro&quot;, &quot;Open Sans&quot;, Roboto, Arial, Helvetica, sans-serif, SimSun\">Apra\u0161ymas:<\/span><\/strong><\/p>\n<p><span style=\"color:rgb(0, 0, 0);font-size:14px;font-family:OpenSans\">1, auk\u0161tos kokyb\u0117s li\u010dio baterija;<br \/>\n<\/span><\/p>\n<p><span style=\"color:rgb(0, 0, 0);font-size:14px;font-family:OpenSans\"><br \/>\n<\/span><\/p>\n<p><span style=\"color:rgb(0, 0, 0);font-size:14px;font-family:OpenSans\">2, didelio na\u0161umo dvigubos pavaros variklis;<br \/>\n<\/span><\/p>\n<p><span style=\"color:rgb(0, 0, 0);font-size:14px;font-family:OpenSans\"><br \/>\n<\/span><\/p>\n<p><span style=\"color:rgb(0, 0, 0);font-size:14px;font-family:OpenSans\">3, aliuminio lydinio med\u017eiaga;<br \/>\n<\/span><\/p>\n<p><span style=\"color:rgb(0, 0, 0);font-size:14px;font-family:OpenSans\"><br \/>\n<\/span><\/p>\n<p><span style=\"color:rgb(0, 0, 0);font-size:14px;font-family:OpenSans\">4, ypa\u010d didelis ekranas;<br \/>\n<\/span><\/p>\n<p><span style=\"color:rgb(0, 0, 0);font-size:14px;font-family:OpenSans\"><br \/>\n<\/span><\/p>\n<p><span style=\"color:rgb(0, 0, 0);font-size:14px;font-family:OpenSans\">5, reguliuojamas stulpas;<br \/>\n<\/span><\/p>\n<p><span style=\"color:rgb(0, 0, 0);font-size:14px;font-family:OpenSans\"><br \/>\n<\/span><\/p>\n<p><span style=\"color:rgb(0, 0, 0);font-size:14px;font-family:OpenSans\">6, hidraulin\u0117 amortizatori\u0173 sistema.<br \/>\n<\/span><\/p>\n<p><span style=\"color:rgb(0, 0, 0);font-size:14px;font-family:OpenSans\"><br \/>\n<\/span><\/p>\n<p><span style=\"color:rgb(0, 0, 0);font-size:14px;font-family:OpenSans\">7, priekiniai ir galiniai dvigubi diskiniai stabd\u017eiai;<br \/>\n<\/span><\/p>\n<p><span style=\"color:rgb(0, 0, 0);font-size:14px;font-family:OpenSans\"><br \/>\n<\/span><\/p>\n<p><span style=\"color:rgb(0, 0, 0);font-size:14px;font-family:OpenSans\">8. \u0160aunus aplinkos ap\u0161vietimo dizainas.<\/span><\/p>\n<p><\/p>\n<p><strong><span style=\"font-size:16px;font-family:arial, helvetica, sans-serif\">Greitis: 20 km\/val., 40 km\/val., 60 km\/val.<br \/>\n<\/span><\/strong><\/p>\n<p><strong><span style=\"font-size:16px;font-family:arial, helvetica, sans-serif\">Rida: \u226470km<br \/>\n<\/span><\/strong><\/p>\n<p><strong><span style=\"font-size:16px;font-family:arial, helvetica, sans-serif\">Kopimo geb\u0117jimas: &lt;20\u00b0<br \/>\n<\/span><\/strong><\/p>\n<p><strong><span style=\"font-size:16px;font-family:arial, helvetica, sans-serif\">Stabd\u017ei\u0173 sistema: Priekinis ir galinis diskiniai stabd\u017eiai<br \/>\n<\/span><\/strong><\/p>\n<p><strong><span style=\"font-size:16px;font-family:arial, helvetica, sans-serif\">Stabdymo kelias: 6\u20138 m<br \/>\n<\/span><\/strong><\/p>\n<p><strong><span style=\"font-size:16px;font-family:arial, helvetica, sans-serif\">Atsparumo vandeniui lygis: IPX4<br \/>\n<\/span><\/strong><\/p>\n<p><strong><span style=\"font-size:16px;font-family:arial, helvetica, sans-serif\">R\u0117mo med\u017eiaga: aliuminio lydinys<br \/>\n<\/span><\/strong><\/p>\n<p><strong><span style=\"font-size:16px;font-family:arial, helvetica, sans-serif\">Variklis: 1000 W * 2<br \/>\n<\/span><\/strong><\/p>\n<p><strong><span style=\"font-size:16px;font-family:arial, helvetica, sans-serif\">Akumuliatorius: 52 V 20,8 Ah<br \/>\n<\/span><\/strong><\/p>\n<p><strong><span style=\"font-size:16px;font-family:arial, helvetica, sans-serif\">\u012ekrovimo laikas: 10\u201311 valand\u0173<br \/>\n<\/span><\/strong><\/p>\n<p><strong><span style=\"font-size:16px;font-family:arial, helvetica, sans-serif\">Amortizavimo sistema: Priekinis ir galinis hidraulinis amortizatorius<br \/>\n<\/span><\/strong><\/p>\n<p><strong><span style=\"font-size:16px;font-family:arial, helvetica, sans-serif\">Padangos: 10 coli\u0173 * 2,75 pneumatin\u0117s padangos bekelei<\/span><\/strong><\/p>\n<p><strong><span style=\"font-size:16px;font-family:arial, helvetica, sans-serif\"><\/span><\/strong><img decoding=\"async\" src=\"https:\/\/ae01.alicdn.com\/kf\/S2f66fc0c0bfe458db9802a7eba92d8495.jpg\" slate-data-type=\"image\"\/><strong><span style=\"font-size:16px;font-family:arial, helvetica, sans-serif\"><\/span><\/strong><img decoding=\"async\" src=\"https:\/\/ae01.alicdn.com\/kf\/Sc948c578d89649128b0ad1a7b2973be5G.jpg\" slate-data-type=\"image\"\/><strong><span style=\"font-size:16px;font-family:arial, helvetica, sans-serif\"><\/span><\/strong><img decoding=\"async\" src=\"https:\/\/ae01.alicdn.com\/kf\/S5305bfdff52a4d6aa82c7b0e447d3b881.jpg\" slate-data-type=\"image\"\/><strong><span style=\"font-size:16px;font-family:arial, helvetica, sans-serif\"><\/span><\/strong><img decoding=\"async\" src=\"https:\/\/ae01.alicdn.com\/kf\/Sa5b26ca2963542a2bf3af0c613f47a21S.jpg\" slate-data-type=\"image\"\/><strong><span style=\"font-size:16px;font-family:arial, helvetica, sans-serif\"><\/span><\/strong><img decoding=\"async\" src=\"https:\/\/ae01.alicdn.com\/kf\/S311cb660b77c4ee0ba7dea4fb8ca4b1eP.jpg\" slate-data-type=\"image\"\/><strong><span style=\"font-size:16px;font-family:arial, helvetica, sans-serif\"><\/span><\/strong><img decoding=\"async\" src=\"https:\/\/ae01.alicdn.com\/kf\/Sf01d3b772faf44f0bfc1a98d6c6648a4P.jpg\" slate-data-type=\"image\"\/><strong><span style=\"font-size:16px;font-family:arial, helvetica, sans-serif\"><\/span><\/strong><img decoding=\"async\" src=\"https:\/\/ae01.alicdn.com\/kf\/S7b5efc681245422fbd1cb749c8faf11c2.jpg\" slate-data-type=\"image\"\/><strong><span style=\"font-size:16px;font-family:arial, helvetica, sans-serif\"><\/span><\/strong><img decoding=\"async\" src=\"https:\/\/ae01.alicdn.com\/kf\/Se0d9bbee17e14836b9a0cc8a70139b30R.jpg\" slate-data-type=\"image\"\/><strong><span style=\"font-size:16px;font-family:arial, helvetica, sans-serif\"><\/span><\/strong><img decoding=\"async\" src=\"https:\/\/ae01.alicdn.com\/kf\/Sa985a1f9ca7742b7a956ebd032a93689Z.jpg\" slate-data-type=\"image\"\/><strong><span style=\"font-size:16px;font-family:arial, helvetica, sans-serif\"><\/span><\/strong><img decoding=\"async\" src=\"https:\/\/ae01.alicdn.com\/kf\/Sfed208ae13b04e3cadba5acdf1486d3cB.jpg\" slate-data-type=\"image\"\/><strong><span style=\"font-size:16px;font-family:arial, helvetica, sans-serif\"><\/span><\/strong><img decoding=\"async\" src=\"https:\/\/ae01.alicdn.com\/kf\/S94518217773e42c98fb7cebd7d928640v.jpg\" slate-data-type=\"image\"\/><strong><span style=\"font-size:16px;font-family:arial, helvetica, sans-serif\"><\/span><\/strong><img decoding=\"async\" src=\"https:\/\/ae01.alicdn.com\/kf\/S76038c980df346de8c4a8ce58051f09f1.jpg\" slate-data-type=\"image\"\/><strong><span style=\"font-size:16px;font-family:arial, helvetica, sans-serif\"><\/span><\/strong><img decoding=\"async\" src=\"https:\/\/ae01.alicdn.com\/kf\/Sdd0fd4b195c4484caf9cf8a10b6c1c71o.jpg\" slate-data-type=\"image\"\/><strong><span style=\"font-size:16px;font-family:arial, helvetica, sans-serif\"><\/span><\/strong><img decoding=\"async\" src=\"https:\/\/ae01.alicdn.com\/kf\/Saefdd72a1ae14772a1870bbdfb41687az.jpg\" slate-data-type=\"image\"\/><strong><span style=\"font-size:16px;font-family:arial, helvetica, sans-serif\"><\/span><\/strong><img decoding=\"async\" src=\"https:\/\/ae01.alicdn.com\/kf\/Seddaaedcd58746e681da2fe9cb0625f1J.jpg\" slate-data-type=\"image\"\/><strong><span style=\"font-size:16px;font-family:arial, helvetica, sans-serif\"><\/span><\/strong><img decoding=\"async\" src=\"https:\/\/ae01.alicdn.com\/kf\/S1897b486580144e2b9d64dd1844e59d8C.jpg\" slate-data-type=\"image\"\/><strong><span style=\"font-size:16px;font-family:arial, helvetica, sans-serif\"><\/span><\/strong><img decoding=\"async\" src=\"https:\/\/ae01.alicdn.com\/kf\/S7e712c9f22ed4f9b8b8b256aab8bf511S.jpg\" slate-data-type=\"image\"\/><strong><span style=\"font-size:16px;font-family:arial, helvetica, sans-serif\"><\/span><\/strong><img decoding=\"async\" src=\"https:\/\/ae01.alicdn.com\/kf\/S6a63a6824893427aacbe853a4779f6dcY.jpg\" slate-data-type=\"image\"\/><strong><span style=\"font-size:16px;font-family:arial, helvetica, sans-serif\"><\/span><\/strong><img decoding=\"async\" src=\"https:\/\/ae01.alicdn.com\/kf\/Sc669ea87fb3a435dba51fe17fb16f6e46.jpg\" slate-data-type=\"image\"\/><strong><span style=\"font-size:16px;font-family:arial, helvetica, sans-serif\"><\/span><\/strong><img decoding=\"async\" src=\"https:\/\/ae01.alicdn.com\/kf\/S8c7bb2f92ce0471ab8571caa96ed3a00t.jpg\" slate-data-type=\"image\"\/><strong><span style=\"font-size:16px;font-family:arial, helvetica, sans-serif\"><\/span><\/strong><img decoding=\"async\" src=\"https:\/\/ae01.alicdn.com\/kf\/S3729a3d41dc2439089455034ee9d13acU.jpg\" slate-data-type=\"image\"\/><strong><span style=\"font-size:16px;font-family:arial, helvetica, sans-serif\"><\/span><\/strong><\/p>","protected":false},"excerpt":{"rendered":"<p>Tire Size:&nbsp;9 inch Model Number:&nbsp;KuKirin G2 Master Category:&nbsp;Two-wheel Scooter Applicable People:&nbsp;Unisex Range Per Charge:&nbsp;40-60km Charging Time:&nbsp;6-8h Voltage:&nbsp;48v Folded:&nbsp;YES Power (W):&nbsp;501-1000w Origin:&nbsp;Mainland China max motor:&nbsp;1200W max range:&nbsp;70 KM max speed:&nbsp;60 km\/h<\/p>","protected":false},"featured_media":8718,"comment_status":"open","ping_status":"closed","template":"","meta":{"_acf_changed":false},"product_brand":[],"product_cat":[468],"product_tag":[],"class_list":{"0":"post-8717","1":"product","2":"type-product","3":"status-publish","4":"has-post-thumbnail","6":"product_cat-electric-off-road-scooter","8":"first","9":"instock","10":"shipping-taxable","11":"purchasable","12":"product-type-simple"},"acf":[],"_links":{"self":[{"href":"https:\/\/electricstore.eu\/lt\/wp-json\/wp\/v2\/product\/8717","targetHints":{"allow":["GET"]}}],"collection":[{"href":"https:\/\/electricstore.eu\/lt\/wp-json\/wp\/v2\/product"}],"about":[{"href":"https:\/\/electricstore.eu\/lt\/wp-json\/wp\/v2\/types\/product"}],"replies":[{"embeddable":true,"href":"https:\/\/electricstore.eu\/lt\/wp-json\/wp\/v2\/comments?post=8717"}],"wp:featuredmedia":[{"embeddable":true,"href":"https:\/\/electricstore.eu\/lt\/wp-json\/wp\/v2\/media\/8718"}],"wp:attachment":[{"href":"https:\/\/electricstore.eu\/lt\/wp-json\/wp\/v2\/media?parent=8717"}],"wp:term":[{"taxonomy":"product_brand","embeddable":true,"href":"https:\/\/electricstore.eu\/lt\/wp-json\/wp\/v2\/product_brand?post=8717"},{"taxonomy":"product_cat","embeddable":true,"href":"https:\/\/electricstore.eu\/lt\/wp-json\/wp\/v2\/product_cat?post=8717"},{"taxonomy":"product_tag","embeddable":true,"href":"https:\/\/electricstore.eu\/lt\/wp-json\/wp\/v2\/product_tag?post=8717"}],"curies":[{"name":"wp","href":"https:\/\/api.w.org\/{rel}","templated":true}]}}