{"id":8712,"date":"2025-05-19T21:18:02","date_gmt":"2025-05-19T21:18:02","guid":{"rendered":"https:\/\/electricstore.eu\/product\/uncategorized\/kukirin-g4-max-21600w-motor-60v-35-2ah-95km-86km-h-foldable-kick-escooter\/"},"modified":"2025-05-20T13:06:36","modified_gmt":"2025-05-20T13:06:36","slug":"kukirin-g4-max-21600w-motor-60v-35-2ah-95km-86km-h-foldable-kick-escooter","status":"publish","type":"product","link":"https:\/\/electricstore.eu\/lt\/p\/scooters\/electric-off-road-scooter\/kukirin-g4-max-21600w-motor-60v-35-2ah-95km-86km-h-foldable-kick-escooter\/","title":{"rendered":"\u201eKuKirin G4 Max\u201c 3200 W 60 V 35,2 Ah 86 km\/h 95 km 12 coli\u0173 sulankstomas elektrinis paspirtukas"},"content":{"rendered":"<div class=\"product-specs-list-container\">\n<ul class=\"product-specs-list util-clearfix\">\n<li class=\"product-prop line-limit-length\"><span\n                                        class=\"property-title\">Modelio numeris:&nbsp;<\/span><span\n                                        class=\"property-desc line-limit-length\">KuKirin G4 Max<\/span>\n                            <\/li>\n<li class=\"product-prop line-limit-length\"><span\n                                        class=\"property-title\">Kategorija:&nbsp;<\/span><span\n                                        class=\"property-desc line-limit-length\">Dviratis motoroleris<\/span>\n                            <\/li>\n<li class=\"product-prop line-limit-length\"><span\n                                        class=\"property-title\">Taikomi \u017emon\u0117s:&nbsp;<\/span><span\n                                        class=\"property-desc line-limit-length\">Unisex<\/span>\n                            <\/li>\n<li class=\"product-prop line-limit-length\"><span\n                                        class=\"property-title\">Atstumas vienu \u012fkrovimu:&nbsp;<\/span><span\n                                        class=\"property-desc line-limit-length\">60\u201380 km<\/span>\n                            <\/li>\n<li class=\"product-prop line-limit-length\"><span\n                                        class=\"property-title\">\u012ekrovimo laikas:&nbsp;<\/span><span\n                                        class=\"property-desc line-limit-length\">6\u20138 val.<\/span>\n                            <\/li>\n<li class=\"product-prop line-limit-length\"><span\n                                        class=\"property-title\">\u012etampa:&nbsp;<\/span><span\n                                        class=\"property-desc line-limit-length\">48 V<\/span>\n                            <\/li>\n<li class=\"product-prop line-limit-length\"><span\n                                        class=\"property-title\">Galia:&nbsp;<\/span><span\n                                        class=\"property-desc line-limit-length\">1001\u20132000 W<\/span>\n                            <\/li>\n<li class=\"product-prop line-limit-length\"><span\n                                        class=\"property-title\">Sulankstytas:&nbsp;<\/span><span\n                                        class=\"property-desc line-limit-length\">TAIP<\/span>\n                            <\/li>\n<li class=\"product-prop line-limit-length\"><span\n                                        class=\"property-title\">Kilm\u0117:&nbsp;<\/span><span\n                                        class=\"property-desc line-limit-length\">\u017demynin\u0117 Kinija<\/span>\n                            <\/li>\n<li class=\"product-prop line-limit-length\"><span\n                                        class=\"property-title\">Maksimalus variklis:&nbsp;<\/span><span\n                                        class=\"property-desc line-limit-length\">2000 W<\/span>\n                            <\/li>\n<li class=\"product-prop line-limit-length\"><span\n                                        class=\"property-title\">maksimalus diapazonas:&nbsp;<\/span><span\n                                        class=\"property-desc line-limit-length\">95 KM<\/span>\n                            <\/li>\n<li class=\"product-prop line-limit-length\"><span\n                                        class=\"property-title\">maksimalus greitis:&nbsp;<\/span><span\n                                        class=\"property-desc line-limit-length\">86 km\/h<\/span>\n                            <\/li>\n<li class=\"product-prop line-limit-length\"><span\n                                        class=\"property-title\">Maksimali apkrova:&nbsp;<\/span><span\n                                        class=\"property-desc line-limit-length\">120 kg<\/span>\n                            <\/li>\n<li class=\"product-prop line-limit-length\"><span\n                                        class=\"property-title\">1, 2, 3 (tu\u0161\u010di\u0105ja eiga):&nbsp;<\/span><span\n                                        class=\"property-desc line-limit-length\">39km\/h, 70km\/h, 86km\/h<\/span>\n                            <\/li>\n<li class=\"product-prop line-limit-length\"><span\n                                        class=\"property-title\">Lipimo geb\u0117jimas:&nbsp;<\/span><span\n                                        class=\"property-desc line-limit-length\">\u226438\u00b0 slope<\/span>\n                            <\/li>\n<li class=\"product-prop line-limit-length\"><span\n                                        class=\"property-title\">Stabd\u017ei\u0173 sistema:&nbsp;<\/span><span\n                                        class=\"property-desc line-limit-length\">Priekiniai ir galiniai diskiniai stabd\u017eiai ir el. stabd\u017eiai<\/span>\n                            <\/li>\n<li class=\"product-prop line-limit-length\"><span\n                                        class=\"property-title\">Baterija:&nbsp;<\/span><span\n                                        class=\"property-desc line-limit-length\">48 V 20,8 Ah<\/span>\n                            <\/li>\n<li class=\"product-prop line-limit-length\"><span\n                                        class=\"property-title\">Priekinis amortizatorius:&nbsp;<\/span><span\n                                        class=\"property-desc line-limit-length\">Oil brakes<\/span>\n                            <\/li>\n<li class=\"product-prop line-limit-length\"><span\n                                        class=\"property-title\">Galinis amortizatorius:&nbsp;<\/span><span\n                                        class=\"property-desc line-limit-length\">Power off brake<\/span>\n                            <\/li>\n<li class=\"product-prop line-limit-length\"><span\n                                        class=\"property-title\">Sertifikatas:&nbsp;<\/span><span\n                                        class=\"property-desc line-limit-length\"><\/span>\n                            <\/li>\n<\/ul><\/div>\n<h1 style=\"text-align:center\" align=\"center\"><strong>Original KuKirin G4 Max Off-Road Electric Scooter 2*1600W Motor 60V 35.2Ah 95km Max Range 86km\/h Speed foldable Kick EScooter  <\/strong><\/h1>\n<p><strong><span style=\"color:rgb(25, 25, 25);font-size:24px;font-family:&quot;TT Norms Pro&quot;, &quot;Open Sans&quot;, Roboto, Arial, Helvetica, sans-serif, SimSun\">Apra\u0161ymas:<\/span><\/strong><\/p>\n<p style=\"font-family:&quot;Open Sans&quot;, Arial, Helvetica, sans-serif, Heiti;font-size:14px;font-weight:400;letter-spacing:normal;line-height:inherit;text-align:start;white-space:normal;color:rgb(0, 0, 0);background-color:rgb(255, 255, 255);margin:0px;margin-bottom:0px;margin-top:0px;margin-left:0px;margin-right:0px;padding:0px;padding-bottom:0px;padding-top:0px;padding-left:0px;padding-right:0px;box-sizing:border-box\" align=\"start\"><span style=\"font-size:16px;font-family:arial, helvetica, sans-serif\">1, 1600W*2 High-Performance Dual-drive Motor;<\/span><\/p>\n<p style=\"font-family:&quot;Open Sans&quot;, Arial, Helvetica, sans-serif, Heiti;font-size:14px;font-weight:400;letter-spacing:normal;line-height:inherit;text-align:start;white-space:normal;color:rgb(0, 0, 0);background-color:rgb(255, 255, 255);margin:0px;margin-bottom:0px;margin-top:0px;margin-left:0px;margin-right:0px;padding:0px;padding-bottom:0px;padding-top:0px;padding-left:0px;padding-right:0px;box-sizing:border-box\" align=\"start\"><span style=\"font-size:16px;font-family:arial, helvetica, sans-serif\">2, Removable Lithium Battery;<\/span><\/p>\n<p style=\"font-family:&quot;Open Sans&quot;, Arial, Helvetica, sans-serif, Heiti;font-size:14px;font-weight:400;letter-spacing:normal;line-height:inherit;text-align:start;white-space:normal;color:rgb(0, 0, 0);background-color:rgb(255, 255, 255);margin:0px;margin-bottom:0px;margin-top:0px;margin-left:0px;margin-right:0px;padding:0px;padding-bottom:0px;padding-top:0px;padding-left:0px;padding-right:0px;box-sizing:border-box\" align=\"start\"><span style=\"font-size:16px;font-family:arial, helvetica, sans-serif\">3, Multifunctional Intelligent Display;<\/span><\/p>\n<p style=\"font-family:&quot;Open Sans&quot;, Arial, Helvetica, sans-serif, Heiti;font-size:14px;font-weight:400;letter-spacing:normal;line-height:inherit;text-align:start;white-space:normal;color:rgb(0, 0, 0);background-color:rgb(255, 255, 255);margin:0px;margin-bottom:0px;margin-top:0px;margin-left:0px;margin-right:0px;padding:0px;padding-bottom:0px;padding-top:0px;padding-left:0px;padding-right:0px;box-sizing:border-box\" align=\"start\"><span style=\"font-size:16px;font-family:arial, helvetica, sans-serif\">4, Front &amp; Rear Four-piston Oil Brakes;<\/span><\/p>\n<p style=\"font-family:&quot;Open Sans&quot;, Arial, Helvetica, sans-serif, Heiti;font-size:14px;font-weight:400;letter-spacing:normal;line-height:inherit;text-align:start;white-space:normal;color:rgb(0, 0, 0);background-color:rgb(255, 255, 255);margin:0px;margin-bottom:0px;margin-top:0px;margin-left:0px;margin-right:0px;padding:0px;padding-bottom:0px;padding-top:0px;padding-left:0px;padding-right:0px;box-sizing:border-box\" align=\"start\"><span style=\"font-size:16px;font-family:arial, helvetica, sans-serif\">5, Fast Charging;<br \/>6, Cool Lighting System;<\/span><\/p>\n<p style=\"font-family:&quot;Open Sans&quot;, Arial, Helvetica, sans-serif, Heiti;font-size:14px;font-weight:400;letter-spacing:normal;line-height:inherit;text-align:start;white-space:normal;color:rgb(0, 0, 0);background-color:rgb(255, 255, 255);margin:0px;margin-bottom:0px;margin-top:0px;margin-left:0px;margin-right:0px;padding:0px;padding-bottom:0px;padding-top:0px;padding-left:0px;padding-right:0px;box-sizing:border-box\" align=\"start\"><span style=\"font-size:16px;font-family:arial, helvetica, sans-serif\">7, Front &amp; Rear Dual Hydraulic Damping Shock Absorption;<\/span><\/p>\n<p style=\"font-family:&quot;Open Sans&quot;, Arial, Helvetica, sans-serif, Heiti;font-size:14px;font-weight:400;letter-spacing:normal;line-height:inherit;text-align:start;white-space:normal;color:rgb(0, 0, 0);background-color:rgb(255, 255, 255);margin:0px;margin-bottom:0px;margin-top:0px;margin-left:0px;margin-right:0px;padding:0px;padding-bottom:0px;padding-top:0px;padding-left:0px;padding-right:0px;box-sizing:border-box\" align=\"start\"><span style=\"font-size:16px;font-family:arial, helvetica, sans-serif\">8, 12-inch Off-road Pneumatic Tire.<\/span><\/p>\n<p><strong><span style=\"color:rgb(25, 25, 25);font-size:24px;font-family:&quot;TT Norms Pro&quot;, &quot;Open Sans&quot;, Roboto, Arial, Helvetica, sans-serif, SimSun\"><\/span><\/strong><img decoding=\"async\" src=\"https:\/\/ae01.alicdn.com\/kf\/S11852d20752f4fedbd63787b024f52b3K.jpg\" slate-data-type=\"image\"\/><strong><span style=\"color:rgb(25, 25, 25);font-size:24px;font-family:&quot;TT Norms Pro&quot;, &quot;Open Sans&quot;, Roboto, Arial, Helvetica, sans-serif, SimSun\"><\/span><\/strong><img decoding=\"async\" src=\"https:\/\/ae01.alicdn.com\/kf\/S239781babbc9455eb9bbf838a76999263.jpg\" slate-data-type=\"image\"\/><strong><span style=\"color:rgb(25, 25, 25);font-size:24px;font-family:&quot;TT Norms Pro&quot;, &quot;Open Sans&quot;, Roboto, Arial, Helvetica, sans-serif, SimSun\"><\/span><\/strong><img decoding=\"async\" src=\"https:\/\/ae01.alicdn.com\/kf\/S76fe9180bce645698da11bf6bf1b7edd1.jpg\" slate-data-type=\"image\"\/><strong><span style=\"color:rgb(25, 25, 25);font-size:24px;font-family:&quot;TT Norms Pro&quot;, &quot;Open Sans&quot;, Roboto, Arial, Helvetica, sans-serif, SimSun\"><\/span><\/strong><img decoding=\"async\" src=\"https:\/\/ae01.alicdn.com\/kf\/Sb3934fdc50ab4c34b532245103e72557N.jpg\" slate-data-type=\"image\"\/><strong><span style=\"color:rgb(25, 25, 25);font-size:24px;font-family:&quot;TT Norms Pro&quot;, &quot;Open Sans&quot;, Roboto, Arial, Helvetica, sans-serif, SimSun\"><\/span><\/strong><img decoding=\"async\" src=\"https:\/\/ae01.alicdn.com\/kf\/Sea77fa53fbb04258ad856a89fde15a17U.jpg\" slate-data-type=\"image\"\/><strong><span style=\"color:rgb(25, 25, 25);font-size:24px;font-family:&quot;TT Norms Pro&quot;, &quot;Open Sans&quot;, Roboto, Arial, Helvetica, sans-serif, SimSun\"><\/span><\/strong><img decoding=\"async\" src=\"https:\/\/ae01.alicdn.com\/kf\/Sea2accef164846a8832af4f3506c91ba7.jpg\" slate-data-type=\"image\"\/><strong><span style=\"color:rgb(25, 25, 25);font-size:24px;font-family:&quot;TT Norms Pro&quot;, &quot;Open Sans&quot;, Roboto, Arial, Helvetica, sans-serif, SimSun\"><\/span><\/strong><img decoding=\"async\" src=\"https:\/\/ae01.alicdn.com\/kf\/Sd025fc14104942099361671e94a9d838Z.jpg\" slate-data-type=\"image\"\/><strong><span style=\"color:rgb(25, 25, 25);font-size:24px;font-family:&quot;TT Norms Pro&quot;, &quot;Open Sans&quot;, Roboto, Arial, Helvetica, sans-serif, SimSun\"><\/span><\/strong><img decoding=\"async\" src=\"https:\/\/ae01.alicdn.com\/kf\/S4777b95567084401acf7afc015211617w.jpg\" slate-data-type=\"image\"\/><strong><span style=\"color:rgb(25, 25, 25);font-size:24px;font-family:&quot;TT Norms Pro&quot;, &quot;Open Sans&quot;, Roboto, Arial, Helvetica, sans-serif, SimSun\"><\/span><\/strong><img decoding=\"async\" src=\"https:\/\/ae01.alicdn.com\/kf\/S5f6feebc959644088f9626dc5b1b05d7K.jpg\" slate-data-type=\"image\"\/><strong><span style=\"color:rgb(25, 25, 25);font-size:24px;font-family:&quot;TT Norms Pro&quot;, &quot;Open Sans&quot;, Roboto, Arial, Helvetica, sans-serif, SimSun\"><\/span><\/strong><img decoding=\"async\" src=\"https:\/\/ae01.alicdn.com\/kf\/Se0c21a42b4ca4643a113a62ecb980ee0q.jpg\" slate-data-type=\"image\"\/><strong><span style=\"color:rgb(25, 25, 25);font-size:24px;font-family:&quot;TT Norms Pro&quot;, &quot;Open Sans&quot;, Roboto, Arial, Helvetica, sans-serif, SimSun\"><\/span><\/strong><img decoding=\"async\" src=\"https:\/\/ae01.alicdn.com\/kf\/Sc043545ffb1e46eba79f990fe26159f4r.jpg\" slate-data-type=\"image\"\/><strong><span style=\"color:rgb(25, 25, 25);font-size:24px;font-family:&quot;TT Norms Pro&quot;, &quot;Open Sans&quot;, Roboto, Arial, Helvetica, sans-serif, SimSun\"><\/span><\/strong><img decoding=\"async\" src=\"https:\/\/ae01.alicdn.com\/kf\/Sd3f74b9b11304a98b05d19e8ffa60053A.jpg\" slate-data-type=\"image\"\/><strong><span style=\"color:rgb(25, 25, 25);font-size:24px;font-family:&quot;TT Norms Pro&quot;, &quot;Open Sans&quot;, Roboto, Arial, Helvetica, sans-serif, SimSun\"><\/span><\/strong><img decoding=\"async\" src=\"https:\/\/ae01.alicdn.com\/kf\/Seff82a9238a34abeaee632b3ecc2912cc.jpg\" slate-data-type=\"image\"\/><strong><span style=\"color:rgb(25, 25, 25);font-size:24px;font-family:&quot;TT Norms Pro&quot;, &quot;Open Sans&quot;, Roboto, Arial, Helvetica, sans-serif, SimSun\"><\/span><\/strong><img decoding=\"async\" src=\"https:\/\/ae01.alicdn.com\/kf\/S6bc39ede9363493d9fad588b308413d8Q.jpg\" slate-data-type=\"image\"\/><strong><span style=\"color:rgb(25, 25, 25);font-size:24px;font-family:&quot;TT Norms Pro&quot;, &quot;Open Sans&quot;, Roboto, Arial, Helvetica, sans-serif, SimSun\"><\/span><\/strong><img decoding=\"async\" src=\"https:\/\/ae01.alicdn.com\/kf\/Sd4a93c44c66c4f7eaa0dd2a32b6a7430s.jpg\" slate-data-type=\"image\"\/><strong><span style=\"color:rgb(25, 25, 25);font-size:24px;font-family:&quot;TT Norms Pro&quot;, &quot;Open Sans&quot;, Roboto, Arial, Helvetica, sans-serif, SimSun\"><\/span><\/strong><img decoding=\"async\" src=\"https:\/\/ae01.alicdn.com\/kf\/Scef0cf0d641b4ac2aac5b280a6b6a38bM.jpg\" slate-data-type=\"image\"\/><strong><span style=\"color:rgb(25, 25, 25);font-size:24px;font-family:&quot;TT Norms Pro&quot;, &quot;Open Sans&quot;, Roboto, Arial, Helvetica, sans-serif, SimSun\"><\/span><\/strong><img decoding=\"async\" src=\"https:\/\/ae01.alicdn.com\/kf\/S1aff9c312a834b8085ea84887c349b011.jpg\" slate-data-type=\"image\"\/><strong><span style=\"color:rgb(25, 25, 25);font-size:24px;font-family:&quot;TT Norms Pro&quot;, &quot;Open Sans&quot;, Roboto, Arial, Helvetica, sans-serif, SimSun\"><\/span><\/strong><img decoding=\"async\" src=\"https:\/\/ae01.alicdn.com\/kf\/Sdbc4336a8de24604bd671ed81f4180a2h.jpg\" slate-data-type=\"image\"\/><strong><span style=\"color:rgb(25, 25, 25);font-size:24px;font-family:&quot;TT Norms Pro&quot;, &quot;Open Sans&quot;, Roboto, Arial, Helvetica, sans-serif, SimSun\"><\/span><\/strong><img decoding=\"async\" src=\"https:\/\/ae01.alicdn.com\/kf\/S0b485011b7e94858915ef26228b5f393W.jpg\" slate-data-type=\"image\"\/><strong><span style=\"color:rgb(25, 25, 25);font-size:24px;font-family:&quot;TT Norms Pro&quot;, &quot;Open Sans&quot;, Roboto, Arial, Helvetica, sans-serif, SimSun\"><\/span><\/strong><\/p>\n<p><span style=\"background-color:rgb(255, 255, 255);color:rgb(0, 0, 0);font-size:14px;font-family:OpenSans\">1, 1600W*2 High-Performance Dual-drive Motor;<br \/>\n<\/span><\/p>\n<p><span style=\"background-color:rgb(255, 255, 255);color:rgb(0, 0, 0);font-size:14px;font-family:OpenSans\"><br \/>\n<\/span><\/p>\n<p><span style=\"background-color:rgb(255, 255, 255);color:rgb(0, 0, 0);font-size:14px;font-family:OpenSans\">2, Removable Lithium Battery;<br \/>\n<\/span><\/p>\n<p><span style=\"background-color:rgb(255, 255, 255);color:rgb(0, 0, 0);font-size:14px;font-family:OpenSans\"><br \/>\n<\/span><\/p>\n<p><span style=\"background-color:rgb(255, 255, 255);color:rgb(0, 0, 0);font-size:14px;font-family:OpenSans\">3, Multifunctional Intelligent Display;<br \/>\n<\/span><\/p>\n<p><span style=\"background-color:rgb(255, 255, 255);color:rgb(0, 0, 0);font-size:14px;font-family:OpenSans\"><br \/>\n<\/span><\/p>\n<p><span style=\"background-color:rgb(255, 255, 255);color:rgb(0, 0, 0);font-size:14px;font-family:OpenSans\">4, Front &amp; Rear Four-piston Oil Brakes;<br \/>\n<\/span><\/p>\n<p><span style=\"background-color:rgb(255, 255, 255);color:rgb(0, 0, 0);font-size:14px;font-family:OpenSans\"><br \/>\n<\/span><\/p>\n<p><span style=\"background-color:rgb(255, 255, 255);color:rgb(0, 0, 0);font-size:14px;font-family:OpenSans\">5, Fast Charging;<br \/>\n<\/span><\/p>\n<p><span style=\"background-color:rgb(255, 255, 255);color:rgb(0, 0, 0);font-size:14px;font-family:OpenSans\">6, Cool Lighting System;<br \/>\n<\/span><\/p>\n<p><span style=\"background-color:rgb(255, 255, 255);color:rgb(0, 0, 0);font-size:14px;font-family:OpenSans\"><br \/>\n<\/span><\/p>\n<p><span style=\"background-color:rgb(255, 255, 255);color:rgb(0, 0, 0);font-size:14px;font-family:OpenSans\">7, Front &amp; Rear Dual Hydraulic Damping Shock Absorption;<br \/>\n<\/span><\/p>\n<p><span style=\"background-color:rgb(255, 255, 255);color:rgb(0, 0, 0);font-size:14px;font-family:OpenSans\"><br \/>\n<\/span><\/p>\n<p><span style=\"background-color:rgb(255, 255, 255);color:rgb(0, 0, 0);font-size:14px;font-family:OpenSans\">8, 12-inch Off-road Pneumatic Tire.<\/span><\/p>","protected":false},"excerpt":{"rendered":"<p>Model Number:&nbsp;KuKirin G4 Max Category:&nbsp;Two-wheel Scooter Applicable People:&nbsp;Unisex Range Per Charge:&nbsp;60-80km Charging Time:&nbsp;6-8h Voltage:&nbsp;48v Power:&nbsp;1001-2000w Folded:&nbsp;YES Origin:&nbsp;Mainland China max motor:&nbsp;2000W max range:&nbsp;95 KM max speed:&nbsp;86 km\/h max Load:&nbsp;120kg 1st, 2nd,<\/p>","protected":false},"featured_media":8714,"comment_status":"open","ping_status":"closed","template":"","meta":{"_acf_changed":false},"product_brand":[],"product_cat":[468],"product_tag":[],"class_list":{"0":"post-8712","1":"product","2":"type-product","3":"status-publish","4":"has-post-thumbnail","6":"product_cat-electric-off-road-scooter","8":"first","9":"instock","10":"shipping-taxable","11":"purchasable","12":"product-type-simple"},"acf":[],"_links":{"self":[{"href":"https:\/\/electricstore.eu\/lt\/wp-json\/wp\/v2\/product\/8712","targetHints":{"allow":["GET"]}}],"collection":[{"href":"https:\/\/electricstore.eu\/lt\/wp-json\/wp\/v2\/product"}],"about":[{"href":"https:\/\/electricstore.eu\/lt\/wp-json\/wp\/v2\/types\/product"}],"replies":[{"embeddable":true,"href":"https:\/\/electricstore.eu\/lt\/wp-json\/wp\/v2\/comments?post=8712"}],"wp:featuredmedia":[{"embeddable":true,"href":"https:\/\/electricstore.eu\/lt\/wp-json\/wp\/v2\/media\/8714"}],"wp:attachment":[{"href":"https:\/\/electricstore.eu\/lt\/wp-json\/wp\/v2\/media?parent=8712"}],"wp:term":[{"taxonomy":"product_brand","embeddable":true,"href":"https:\/\/electricstore.eu\/lt\/wp-json\/wp\/v2\/product_brand?post=8712"},{"taxonomy":"product_cat","embeddable":true,"href":"https:\/\/electricstore.eu\/lt\/wp-json\/wp\/v2\/product_cat?post=8712"},{"taxonomy":"product_tag","embeddable":true,"href":"https:\/\/electricstore.eu\/lt\/wp-json\/wp\/v2\/product_tag?post=8712"}],"curies":[{"name":"wp","href":"https:\/\/api.w.org\/{rel}","templated":true}]}}