{"id":8561,"date":"2025-05-19T20:32:07","date_gmt":"2025-05-19T20:32:07","guid":{"rendered":"https:\/\/electricstore.eu\/product\/uncategorized\/l12-48v-500w-45-mph-35-45-km-electric-scooter\/"},"modified":"2025-05-21T05:41:25","modified_gmt":"2025-05-21T05:41:25","slug":"l12-48v-500w-45-mph-35-45-km-electric-scooter","status":"publish","type":"product","link":"https:\/\/electricstore.eu\/lt\/p\/scooters\/electric-off-road-scooter\/l12-48v-500w-45-mph-35-45-km-electric-scooter\/","title":{"rendered":"\u201eGeofought L12\u201c 500 W 48 V 13 Ah 45 km\/h 35\u201345 km 10 coli\u0173 elektrinis paspirtukas"},"content":{"rendered":"<div class=\"product-specs-list-container\">\n<ul class=\"product-specs-list util-clearfix\">\n<li class=\"product-prop line-limit-length\"><span\n                                        class=\"property-title\">Padang\u0173 dydis:&nbsp;<\/span><span\n                                        class=\"property-desc line-limit-length\">10 coli\u0173<\/span>\n                            <\/li>\n<li class=\"product-prop line-limit-length\"><span\n                                        class=\"property-title\">Modelio numeris:&nbsp;<\/span><span\n                                        class=\"property-desc line-limit-length\">L12<\/span>\n                            <\/li>\n<li class=\"product-prop line-limit-length\"><span\n                                        class=\"property-title\">Kategorija:&nbsp;<\/span><span\n                                        class=\"property-desc line-limit-length\">Dviratis motoroleris<\/span>\n                            <\/li>\n<li class=\"product-prop line-limit-length\"><span\n                                        class=\"property-title\">Taikomi \u017emon\u0117s:&nbsp;<\/span><span\n                                        class=\"property-desc line-limit-length\">Unisex<\/span>\n                            <\/li>\n<li class=\"product-prop line-limit-length\"><span\n                                        class=\"property-title\">Atstumas vienu \u012fkrovimu:&nbsp;<\/span><span\n                                        class=\"property-desc line-limit-length\">40\u201360 km<\/span>\n                            <\/li>\n<li class=\"product-prop line-limit-length\"><span\n                                        class=\"property-title\">\u012ekrovimo laikas:&nbsp;<\/span><span\n                                        class=\"property-desc line-limit-length\">6\u20138 val.<\/span>\n                            <\/li>\n<li class=\"product-prop line-limit-length\"><span\n                                        class=\"property-title\">\u012etampa:&nbsp;<\/span><span\n                                        class=\"property-desc line-limit-length\">48 V<\/span>\n                            <\/li>\n<li class=\"product-prop line-limit-length\"><span\n                                        class=\"property-title\">Sulankstytas:&nbsp;<\/span><span\n                                        class=\"property-desc line-limit-length\">Ne<\/span>\n                            <\/li>\n<li class=\"product-prop line-limit-length\"><span\n                                        class=\"property-title\">Kilm\u0117:&nbsp;<\/span><span\n                                        class=\"property-desc line-limit-length\">\u017demynin\u0117 Kinija<\/span>\n                            <\/li>\n<li class=\"product-prop line-limit-length\"><span\n                                        class=\"property-title\">Galia (W):&nbsp;<\/span><span\n                                        class=\"property-desc line-limit-length\">201\u2013500 W<\/span>\n                            <\/li>\n<li class=\"product-prop line-limit-length\"><span\n                                        class=\"property-title\">Kilm\u0117s vieta:&nbsp;<\/span><span\n                                        class=\"property-desc line-limit-length\">Jiangsu, Kinija<\/span>\n                            <\/li>\n<li class=\"product-prop line-limit-length\"><span\n                                        class=\"property-title\">Prek\u0117s \u017eenklas:&nbsp;<\/span><span\n                                        class=\"property-desc line-limit-length\">Geofought<\/span>\n                            <\/li>\n<li class=\"product-prop line-limit-length\"><span\n                                        class=\"property-title\">Modelio numeris:&nbsp;<\/span><span\n                                        class=\"property-desc line-limit-length\">L12<\/span>\n                            <\/li>\n<li class=\"product-prop line-limit-length\"><span\n                                        class=\"property-title\">Galia:&nbsp;<\/span><span\n                                        class=\"property-desc line-limit-length\">500 W, 500 W variklis<\/span>\n                            <\/li>\n<li class=\"product-prop line-limit-length\"><span\n                                        class=\"property-title\">\u012etampa:&nbsp;<\/span><span\n                                        class=\"property-desc line-limit-length\">48 V<\/span>\n                            <\/li>\n<li class=\"product-prop line-limit-length\"><span\n                                        class=\"property-title\">\u012ekrovimo laikas:&nbsp;<\/span><span\n                                        class=\"property-desc line-limit-length\">6\u201310 val.<\/span>\n                            <\/li>\n<li class=\"product-prop line-limit-length\"><span\n                                        class=\"property-title\">Sulankstomas:&nbsp;<\/span><span\n                                        class=\"property-desc line-limit-length\">Taip<\/span>\n                            <\/li>\n<li class=\"product-prop line-limit-length\"><span\n                                        class=\"property-title\">Atstumas vienu \u012fkrovimu:&nbsp;<\/span><span\n                                        class=\"property-desc line-limit-length\">35\u201345 km<\/span>\n                            <\/li>\n<li class=\"product-prop line-limit-length\"><span\n                                        class=\"property-title\">Maksimalus greitis:&nbsp;<\/span><span\n                                        class=\"property-desc line-limit-length\">41\u201350 km\/val., 45 km\/val.<\/span>\n                            <\/li>\n<li class=\"product-prop line-limit-length\"><span\n                                        class=\"property-title\">Kategorija:&nbsp;<\/span><span\n                                        class=\"property-desc line-limit-length\">Dviratis motoroleris<\/span>\n                            <\/li>\n<li class=\"product-prop line-limit-length\"><span\n                                        class=\"property-title\">Taikoma miniai:&nbsp;<\/span><span\n                                        class=\"property-desc line-limit-length\">Unisex<\/span>\n                            <\/li>\n<li class=\"product-prop line-limit-length\"><span\n                                        class=\"property-title\">I\u0161manusis tipas:&nbsp;<\/span><span\n                                        class=\"property-desc line-limit-length\">Elektroninis<\/span>\n                            <\/li>\n<li class=\"product-prop line-limit-length\"><span\n                                        class=\"property-title\">Baterijos talpa:&nbsp;<\/span><span\n                                        class=\"property-desc line-limit-length\">13AH<\/span>\n                            <\/li>\n<li class=\"product-prop line-limit-length\"><span\n                                        class=\"property-title\">Prek\u0117s \u017eenklas:&nbsp;<\/span><span\n                                        class=\"property-desc line-limit-length\">\u201eGeofought\u201c paspirtukas<\/span>\n                            <\/li>\n<li class=\"product-prop line-limit-length\"><span\n                                        class=\"property-title\">Padanga:&nbsp;<\/span><span\n                                        class=\"property-desc line-limit-length\">10 coli\u0173<\/span>\n                            <\/li>\n<li class=\"product-prop line-limit-length\"><span\n                                        class=\"property-title\">Diapazonas:&nbsp;<\/span><span\n                                        class=\"property-desc line-limit-length\">35\u201345 km<\/span>\n                            <\/li>\n<li class=\"product-prop line-limit-length\"><span\n                                        class=\"property-title\">Baterijos tipas:&nbsp;<\/span><span\n                                        class=\"property-desc line-limit-length\">Li\u010dio baterija<\/span>\n                            <\/li>\n<li class=\"product-prop line-limit-length\"><span\n                                        class=\"property-title\">Baterija:&nbsp;<\/span><span\n                                        class=\"property-desc line-limit-length\">13 val.<\/span>\n                            <\/li>\n<li class=\"product-prop line-limit-length\"><span\n                                        class=\"property-title\">Maks. apkrova (KG):&nbsp;<\/span><span\n                                        class=\"property-desc line-limit-length\">150 kg<\/span>\n                            <\/li>\n<li class=\"product-prop line-limit-length\"><span\n                                        class=\"property-title\">\u012eranga:&nbsp;<\/span><span\n                                        class=\"property-desc line-limit-length\">3 pavaros<\/span>\n                            <\/li>\n<li class=\"product-prop line-limit-length\"><span\n                                        class=\"property-title\">Pakuot\u0117s dydis:&nbsp;<\/span><span\n                                        class=\"property-desc line-limit-length\">128 * 28 * 52 cm<\/span>\n                            <\/li>\n<li class=\"product-prop line-limit-length\"><span\n                                        class=\"property-title\">Sertifikatas:&nbsp;<\/span><span\n                                        class=\"property-desc line-limit-length\"><\/span>\n                            <\/li>\n<\/ul><\/div>\n<div class=\"detailmodule_html\">\n<div class=\"detail-desc-decorate-richtext\">\n<div id=\"detail_decorate_root\">\n<div>&nbsp;<\/div>\n<div>\n<div id=\"ali-anchor-AliMagic-gzf72v\">Produkt\u0173 apra\u0161ymas<\/div>\n<\/div>\n<div>\n<div>\n<div>\n<div>\n<div>\n<div>\n<div><strong>ES sand\u0117lyje elektrinis paspirtukas su laipteliais, 10 coli\u0173, 500 W, maksimalus greitis, 45 km\/h, pakei\u010diamas akumuliatorius, elektrinis paspirtukas <\/strong><\/div>\n<div>\n<div><span>48 V 500 W vieno cilindro variklis <\/span><\/div>\n<div><span>Tipas: 10 coli\u0173 plento padanga Akumuliatoriaus talpa: 48 V 13 Ah Greitis: 45 km\/h, 3 pavaros Nuva\u017eiuojamas atstumas: 35\u201345 km<\/span><\/div>\n<\/div>\n<\/div>\n<\/div>\n<\/div>\n<\/div>\n<\/div>\n<\/div>\n<div>\n<div>\n<div>\n<div>\n<div>\n<div><img decoding=\"async\" class=\"magic-8\" slate-data-type=\"image\" src=\"https:\/\/ae01.alicdn.com\/kf\/S7b681820608043099c3aed1e4d840a95I.jpg?width=1000&#038;height=1000&#038;hash=2000\"><\/div>\n<\/div>\n<\/div>\n<\/div>\n<\/div>\n<\/div>\n<div>&nbsp;<\/div>\n<div>\n<div>\n<table class=\"has-title all magic-10\" style=\"border-collapse:collapse\">\n<tbody>\n<tr>\n<td colspan=\"1\" rowspan=\"1\">\n<div>produkto pavadinimas<\/div>\n<\/td>\n<td colspan=\"1\" rowspan=\"1\">\n<div>Geofought L12<\/div>\n<\/td>\n<\/tr>\n<tr>\n<td colspan=\"1\" rowspan=\"1\">\n<div>Variklio vardin\u0117 galia<\/div>\n<\/td>\n<td colspan=\"1\" rowspan=\"1\">\n<div>500 W<\/div>\n<\/td>\n<\/tr>\n<tr>\n<td colspan=\"1\" rowspan=\"1\">\n<div>Atstumas (KM)<\/div>\n<\/td>\n<td colspan=\"1\" rowspan=\"1\">\n<div>35\u201345 km<\/div>\n<\/td>\n<\/tr>\n<tr>\n<td colspan=\"1\" rowspan=\"1\">\n<div>Baterijos tipas<\/div>\n<\/td>\n<td colspan=\"1\" rowspan=\"1\">\n<div>Li\u010dio baterija<\/div>\n<\/td>\n<\/tr>\n<tr>\n<td colspan=\"1\" rowspan=\"1\">\n<div>Baterijos talpa (AH)<\/div>\n<\/td>\n<td colspan=\"1\" rowspan=\"1\">\n<div><span class=\"magic-13\">48 V 13 Ah<\/span><\/div>\n<\/td>\n<\/tr>\n<tr>\n<td colspan=\"1\" rowspan=\"1\">\n<div>Did\u017eiausias greitis (KM\/H)<\/div>\n<\/td>\n<td colspan=\"1\" rowspan=\"1\">\n<div>45 km\/val.<\/div>\n<\/td>\n<\/tr>\n<tr>\n<td colspan=\"1\" rowspan=\"1\">\n<div>Maksimali apkrova (KG)<\/div>\n<\/td>\n<td colspan=\"1\" rowspan=\"1\">\n<div>150 kg<\/div>\n<\/td>\n<\/tr>\n<tr>\n<td colspan=\"1\" rowspan=\"1\">\n<div>Padang\u0173 dydis<\/div>\n<\/td>\n<td colspan=\"1\" rowspan=\"1\">\n<div>10 coli\u0173&nbsp;<\/div>\n<\/td>\n<\/tr>\n<tr>\n<td colspan=\"1\" rowspan=\"1\">\n<div>Stabdys<\/div>\n<\/td>\n<td colspan=\"1\" rowspan=\"1\">\n<div>Diskinis stabdys&nbsp;<\/div>\n<\/td>\n<\/tr>\n<tr>\n<td colspan=\"1\" rowspan=\"1\">\n<div>K\u016bno dydis<\/div>\n<\/td>\n<td colspan=\"1\" rowspan=\"1\">\n<div>128*28*54<\/div>\n<\/td>\n<\/tr>\n<\/tbody>\n<\/table>\n<\/div>\n<\/div>\n<div>\n<div>\n<div>\n<div>\n<div>\n<div><span><strong>Detalus paveiksl\u0117lis<\/strong><\/span><\/div>\n<\/div>\n<\/div>\n<\/div>\n<\/div>\n<\/div>\n<div>\n<div>\n<div>\n<div>\n<div>\n<div><img decoding=\"async\" class=\"magic-16\" slate-data-type=\"image\" src=\"https:\/\/ae01.alicdn.com\/kf\/S5ab03688cbf44a7b931f40e5e72e85ecj.jpg?width=750&#038;height=1200&#038;hash=1950\"><\/div>\n<\/div>\n<\/div>\n<\/div>\n<\/div>\n<\/div>\n<div>\n<div>\n<div>\n<div>\n<div>\n<div><img decoding=\"async\" class=\"magic-18\" slate-data-type=\"image\" src=\"https:\/\/ae01.alicdn.com\/kf\/S8d4c0019aff84cab8c6d3d3133dac535K.jpg?width=750&#038;height=1258&#038;hash=2008\"><\/div>\n<\/div>\n<\/div>\n<\/div>\n<\/div>\n<\/div>\n<div>\n<div>\n<div>\n<div>\n<div>\n<div><img decoding=\"async\" class=\"magic-20\" slate-data-type=\"image\" src=\"https:\/\/ae01.alicdn.com\/kf\/S3d239ead230745ef944dd7bde601126bI.jpg?width=1920&#038;height=1080&#038;hash=3000\"><\/div>\n<\/div>\n<\/div>\n<\/div>\n<\/div>\n<\/div>\n<div>\n<div>\n<div>\n<div>\n<div>\n<div><img decoding=\"async\" class=\"magic-22\" slate-data-type=\"image\" src=\"https:\/\/ae01.alicdn.com\/kf\/Se12a5b00a8c1494daf98b4d47b2ad2a5r.jpg?width=1440&#038;height=1080&#038;hash=2520\"><\/div>\n<\/div>\n<\/div>\n<\/div>\n<\/div>\n<\/div>\n<div>\n<div id=\"ali-anchor-AliMagic-s22dnq\">Klient\u0173 atsiliepimai<\/div>\n<\/div>\n<div>\n<div>\n<div>\n<div>\n<div>\n<div><img decoding=\"async\" class=\"magic-24\" slate-data-type=\"image\" src=\"https:\/\/ae01.alicdn.com\/kf\/S4064f1924e3740a2be7bb532e50bad4b3.jpg?width=540&#038;height=1200&#038;hash=1740\"><\/div>\n<div><img decoding=\"async\" class=\"magic-24\" slate-data-type=\"image\" src=\"https:\/\/ae01.alicdn.com\/kf\/Sd1227447f1fb41a8806364479aaf7273d.jpg?width=1080&#038;height=2400&#038;hash=3480\"><\/div>\n<\/div>\n<\/div>\n<\/div>\n<\/div>\n<\/div>\n<div>\n<div>\n<div>\n<div>\n<div>\n<div><img decoding=\"async\" class=\"magic-27\" slate-data-type=\"image\" src=\"https:\/\/ae01.alicdn.com\/kf\/S285ad5ab65cb4bc7856364d0221e9e41A.jpg?width=476&#038;height=460&#038;hash=936\"><\/div>\n<div><img decoding=\"async\" class=\"magic-29\" slate-data-type=\"image\" src=\"https:\/\/ae01.alicdn.com\/kf\/Sab77106c630b48d7bccfbf13e9b25b3by.jpg?width=476&#038;height=507&#038;hash=983\"><\/div>\n<\/div>\n<\/div>\n<\/div>\n<\/div>\n<\/div>\n<div>\n<div id=\"ali-anchor-AliMagic-xj7rlm\">Paruo\u0161ta i\u0161si\u0173sti<\/div>\n<\/div>\n<div>\n<div>\n<div>\n<div>\n<div>\n<div><img decoding=\"async\" class=\"magic-31\" slate-data-type=\"image\" src=\"https:\/\/ae01.alicdn.com\/kf\/Sad37cad5854e468688d517a182680231u.jpg?width=3648&#038;height=2736&#038;hash=6384\"><\/div>\n<div><img decoding=\"async\" class=\"magic-31\" slate-data-type=\"image\" src=\"https:\/\/ae01.alicdn.com\/kf\/Sacba179c7bc942b588bf20eea36108b67.jpg?width=1440&#038;height=1080&#038;hash=2520\"><\/div>\n<\/div>\n<\/div>\n<\/div>\n<\/div>\n<\/div>\n<div>\n<div>\n<div>\n<div>\n<div>\n<div><img decoding=\"async\" class=\"magic-31\" slate-data-type=\"image\" src=\"https:\/\/ae01.alicdn.com\/kf\/Sbae4285941e64ebf90f361eb1f677081W.jpg?width=1440&#038;height=1080&#038;hash=2520\"><\/div>\n<div><img decoding=\"async\" class=\"magic-31\" slate-data-type=\"image\" src=\"https:\/\/ae01.alicdn.com\/kf\/Sd2087dfa5c1245cf950164c70893e211R.jpg?width=1440&#038;height=1080&#038;hash=2520\"><\/div>\n<\/div>\n<\/div>\n<\/div>\n<\/div>\n<\/div>\n<div>\n<div id=\"ali-anchor-AliMagic-vgy8yv\">Rekomenduojami produktai<\/div>\n<\/div>\n<div>&nbsp;<\/div>\n<div>\n<div id=\"ali-anchor-AliMagic-iwf6hj\">\u012emon\u0117s profilis<\/div>\n<\/div>\n<div>\n<div>\n<div>\n<div>\n<div>\n<div><img decoding=\"async\" class=\"magic-20\" slate-data-type=\"image\" src=\"https:\/\/ae01.alicdn.com\/kf\/S57346615a5164666bb2cb15d9bed01f2V.jpg?width=1920&#038;height=1080&#038;hash=3000\"><\/div>\n<\/div>\n<\/div>\n<\/div>\n<\/div>\n<\/div>\n<div>\n<div>\n<div>\n<div>\n<div>\n<div><img decoding=\"async\" class=\"magic-34\" slate-data-type=\"image\" src=\"https:\/\/ae01.alicdn.com\/kf\/S2acfc9af3dc1459d9926f92a40fe29ce1.jpg?width=830&#038;height=499&#038;hash=1329\"><\/div>\n<\/div>\n<\/div>\n<\/div>\n<\/div>\n<\/div>\n<div>\n<div>\n<div>\n<div>\n<div>\n<div><img decoding=\"async\" class=\"magic-36\" slate-data-type=\"image\" src=\"https:\/\/ae01.alicdn.com\/kf\/S21da1ffdf7fb4cb1bd18a7ef651fdf221.jpg?width=750&#038;height=810&#038;hash=1560\"><\/div>\n<\/div>\n<\/div>\n<\/div>\n<\/div>\n<\/div>\n<div>\n<div id=\"ali-anchor-AliMagic-09s5h7\">Produkto pakuot\u0117<\/div>\n<\/div>\n<div>\n<div>\n<div>\n<div>\n<div>\n<div><img decoding=\"async\" class=\"magic-31\" slate-data-type=\"image\" src=\"https:\/\/ae01.alicdn.com\/kf\/S8a78daddaa7e423e93769cda4b5eed91B.jpg?width=1440&#038;height=1080&#038;hash=2520\"><\/div>\n<div><img decoding=\"async\" class=\"magic-31\" slate-data-type=\"image\" src=\"https:\/\/ae01.alicdn.com\/kf\/Sa38e98837f77475084395011507cabe4L.jpg?width=1440&#038;height=1080&#038;hash=2520\"><\/div>\n<\/div>\n<\/div>\n<\/div>\n<\/div>\n<\/div>\n<div>\n<div id=\"ali-anchor-AliMagic-nsikbv\">DUK<\/div>\n<\/div>\n<div>\n<div>\n<div>\n<div>\n<div>\n<div>\n<div><span><strong>1. Kod\u0117l verta rinktis mus?<\/strong><\/span> <span><br \/>\nProfesional\u016bs pardav\u0117jai ir tyrim\u0173 komanda;<br \/>\nPriimti prekybos u\u017etikrinimo \u012fsakym\u0105, siekiant apsaugoti pirk\u0117j\u0105;<br \/>\nGalime pagaminti OEM\/ODM produktus;<br \/>\nPristatymas laiku.<\/span><br \/>\n<span><strong>2. Kaip gauti pavyzd\u012f ir sutaupyti i\u0161laid\u0173?<\/strong><\/span> <span><br \/>\nPavyzdin\u0117 kortel\u0117 gali b\u016bti teikiama nemokamai, pateikiamos tik krovini\u0173 gabenimo i\u0161laidos.<br \/>\nD\u0117l individualaus pavyzd\u017eio susisiekite su mumis d\u0117l pavyzd\u017eio kainos.<br \/>\nJei u\u017esakote tiesiogiai, galime pateikti nemokam\u0105 pavyzd\u012f, kad patikrintume kokyb\u0119.<\/span><br \/>\n<span><strong>3. Koks j\u016bs\u0173 mok\u0117jimo terminas?<\/strong><\/span> <span><br \/>\n30% u\u017estatas ir 70% liku\u010dio mok\u0117jimas.<\/span><br \/>\n<span><strong>4. Kaip vyksta j\u016bs\u0173 kokyb\u0117s kontrol\u0117?<\/strong><\/span> <span><br \/>\nTurime profesionali\u0105 kokyb\u0117s kontrol\u0117s komand\u0105, kuri kontroliuos preki\u0173 kokyb\u0119 visos masin\u0117s gamybos metu.<\/span><br \/>\n<span><strong>5. Jei Kinijoje neturime jokio ekspeditoriaus, ar gal\u0117tum\u0117te tai padaryti u\u017e mus?<\/strong><\/span> <span><br \/>\nPalaikome labai gerus santykius su ekspeditori\u0173 \u012fmone, galime atsi\u0173sti jums geriausi\u0105 siuntimo kain\u0105 ir puik\u0173 aptarnavim\u0105.<\/span><\/div>\n<div><span>Jei jus domina koks nors tipas, pra\u0161ome atsi\u0173sti mums i\u0161sami\u0105 informacij\u0105 el. pa\u0161tu arba internetu. Mes jums pasi\u016blysime geriausi\u0105 kain\u0105.<br \/>\nauk\u0161\u010diausios standartin\u0117s \u017einios. Ir mes nuo\u0161ird\u017eiai sveikiname draugus i\u0161 viso pasaulio apsilankyti m\u016bs\u0173 gamyklose verslo reikalais. <\/span><\/div>\n<\/div>\n<\/div>\n<\/div>\n<\/div>\n<\/div>\n<\/div>\n<\/div>\n<p>&nbsp;<\/p>\n<\/div>\n<\/div>","protected":false},"excerpt":{"rendered":"<p>Tire Size:&nbsp;10 inch Model Number:&nbsp;L12 Category:&nbsp;Two-wheel Scooter Applicable People:&nbsp;Unisex Range Per Charge:&nbsp;40-60km Charging Time:&nbsp;6-8h Voltage:&nbsp;48v Folded:&nbsp;No Origin:&nbsp;Mainland China Power (W):&nbsp;201-500W Place of Origin:&nbsp;Jiangsu, China Brand:&nbsp;Geofought Model Number:&nbsp;L12 Power:&nbsp;500W, 500w motor<\/p>","protected":false},"featured_media":8562,"comment_status":"open","ping_status":"closed","template":"","meta":{"_acf_changed":false},"product_brand":[],"product_cat":[468,297],"product_tag":[],"class_list":{"0":"post-8561","1":"product","2":"type-product","3":"status-publish","4":"has-post-thumbnail","6":"product_cat-electric-off-road-scooter","7":"product_cat-scooters","9":"first","10":"instock","11":"shipping-taxable","12":"purchasable","13":"product-type-variable"},"acf":[],"_links":{"self":[{"href":"https:\/\/electricstore.eu\/lt\/wp-json\/wp\/v2\/product\/8561","targetHints":{"allow":["GET"]}}],"collection":[{"href":"https:\/\/electricstore.eu\/lt\/wp-json\/wp\/v2\/product"}],"about":[{"href":"https:\/\/electricstore.eu\/lt\/wp-json\/wp\/v2\/types\/product"}],"replies":[{"embeddable":true,"href":"https:\/\/electricstore.eu\/lt\/wp-json\/wp\/v2\/comments?post=8561"}],"wp:featuredmedia":[{"embeddable":true,"href":"https:\/\/electricstore.eu\/lt\/wp-json\/wp\/v2\/media\/8562"}],"wp:attachment":[{"href":"https:\/\/electricstore.eu\/lt\/wp-json\/wp\/v2\/media?parent=8561"}],"wp:term":[{"taxonomy":"product_brand","embeddable":true,"href":"https:\/\/electricstore.eu\/lt\/wp-json\/wp\/v2\/product_brand?post=8561"},{"taxonomy":"product_cat","embeddable":true,"href":"https:\/\/electricstore.eu\/lt\/wp-json\/wp\/v2\/product_cat?post=8561"},{"taxonomy":"product_tag","embeddable":true,"href":"https:\/\/electricstore.eu\/lt\/wp-json\/wp\/v2\/product_tag?post=8561"}],"curies":[{"name":"wp","href":"https:\/\/api.w.org\/{rel}","templated":true}]}}