{"id":8544,"date":"2025-05-19T20:31:56","date_gmt":"2025-05-19T20:31:56","guid":{"rendered":"https:\/\/electricstore.eu\/product\/uncategorized\/folding-electric-scooter-two-seater-adult-mobility\/"},"modified":"2025-05-21T05:41:25","modified_gmt":"2025-05-21T05:41:25","slug":"folding-electric-scooter-two-seater-adult-mobility","status":"publish","type":"product","link":"https:\/\/electricstore.eu\/lt\/p\/electric-mobility-scooters\/folding-electric-scooter-two-seater-adult-mobility\/","title":{"rendered":"Elektrinis DH0305 500W 36V 15.6Ah 18km\/h 40km 10 coli\u0173 keturratis elektrinis paspirtukas"},"content":{"rendered":"<div class=\"product-specs-list-container\">\n<ul class=\"product-specs-list util-clearfix\">\n<li class=\"product-prop line-limit-length\"><span\n                                        class=\"property-title\">Padang\u0173 dydis:&nbsp;<\/span><span\n                                        class=\"property-desc line-limit-length\">10 coli\u0173<\/span>\n                            <\/li>\n<li class=\"product-prop line-limit-length\"><span\n                                        class=\"property-title\">Modelio numeris:&nbsp;<\/span><span\n                                        class=\"property-desc line-limit-length\">DH0305<\/span>\n                            <\/li>\n<li class=\"product-prop line-limit-length\"><span\n                                        class=\"property-title\">Kategorija:&nbsp;<\/span><span\n                                        class=\"property-desc line-limit-length\">Keturratis motoroleris<\/span>\n                            <\/li>\n<li class=\"product-prop line-limit-length\"><span\n                                        class=\"property-title\">Taikomi \u017emon\u0117s:&nbsp;<\/span><span\n                                        class=\"property-desc line-limit-length\">Unisex<\/span>\n                            <\/li>\n<li class=\"product-prop line-limit-length\"><span\n                                        class=\"property-title\">Atstumas vienu \u012fkrovimu:&nbsp;<\/span><span\n                                        class=\"property-desc line-limit-length\">40 km<\/span>\n                            <\/li>\n<li class=\"product-prop line-limit-length\"><span\n                                        class=\"property-title\">\u012ekrovimo laikas:&nbsp;<\/span><span\n                                        class=\"property-desc line-limit-length\">6\u20138 val.<\/span>\n                            <\/li>\n<li class=\"product-prop line-limit-length\"><span\n                                        class=\"property-title\">\u012etampa:&nbsp;<\/span><span\n                                        class=\"property-desc line-limit-length\">36 V<\/span>\n                            <\/li>\n<li class=\"product-prop line-limit-length\"><span\n                                        class=\"property-title\">Sulankstytas:&nbsp;<\/span><span\n                                        class=\"property-desc line-limit-length\">TAIP<\/span>\n                            <\/li>\n<li class=\"product-prop line-limit-length\"><span\n                                        class=\"property-title\">Kilm\u0117:&nbsp;<\/span><span\n                                        class=\"property-desc line-limit-length\">\u017demynin\u0117 Kinija<\/span>\n                            <\/li>\n<li class=\"product-prop line-limit-length\"><span\n                                        class=\"property-title\">Galia (W):&nbsp;<\/span><span\n                                        class=\"property-desc line-limit-length\">201\u2013500 W<\/span>\n                            <\/li>\n<li class=\"product-prop line-limit-length\"><span\n                                        class=\"property-title\">Vardas:&nbsp;<\/span><span\n                                        class=\"property-desc line-limit-length\">Sulankstomas elektrinis paspirtukas<\/span>\n                            <\/li>\n<li class=\"product-prop line-limit-length\"><span\n                                        class=\"property-title\">Greitis:&nbsp;<\/span><span\n                                        class=\"property-desc line-limit-length\">6\u201312\u201318 km\/val.<\/span>\n                            <\/li>\n<li class=\"product-prop line-limit-length\"><span\n                                        class=\"property-title\">Maksimali apkrova:&nbsp;<\/span><span\n                                        class=\"property-desc line-limit-length\">120 kg<\/span>\n                            <\/li>\n<li class=\"product-prop line-limit-length\"><span\n                                        class=\"property-title\">Variklis:&nbsp;<\/span><span\n                                        class=\"property-desc line-limit-length\">250 W dvigubas variklis<\/span>\n                            <\/li>\n<li class=\"product-prop line-limit-length\"><span\n                                        class=\"property-title\">Baterija:&nbsp;<\/span><span\n                                        class=\"property-desc line-limit-length\">36 V 15,6 Ah li\u010dio baterija<\/span>\n                            <\/li>\n<li class=\"product-prop line-limit-length\"><span\n                                        class=\"property-title\">Med\u017eiaga:&nbsp;<\/span><span\n                                        class=\"property-desc line-limit-length\">Plienas<\/span>\n                            <\/li>\n<li class=\"product-prop line-limit-length\"><span\n                                        class=\"property-title\">Pasirinktinai:&nbsp;<\/span><span\n                                        class=\"property-desc line-limit-length\">Priekinis\/galinis krep\u0161ys ir nugaros atrama<\/span>\n                            <\/li>\n<li class=\"product-prop line-limit-length\"><span\n                                        class=\"property-title\">Sertifikatas:&nbsp;<\/span><span\n                                        class=\"property-desc line-limit-length\"><\/span>\n                            <\/li>\n<\/ul><\/div>\n<div class=\"detailmodule_html\">\n<div class=\"detail-desc-decorate-richtext\">\n<div>\n<p style=\"font-family:OpenSans;font-size:20px;font-weight:900;line-height:28px;white-space:pre-wrap;color:rgb(0, 0, 0);margin-bottom:12px\" class=\"detail-desc-decorate-title\">Produkto informacija<\/p>\n<p style=\"font-family:OpenSans;font-size:14px;font-weight:300;line-height:20px;white-space:pre-wrap;color:rgb(0, 0, 0);margin-bottom:12px\" class=\"detail-desc-decorate-content\">Variklis: 250 Wx2 be\u0161epet\u0117linis galinis variklis<br \/>Baterija: 36V15.6Ah li\u010dio baterija<br \/>Ekranas: LED ekranas<br \/>Priekinis \u017eibintas: LED lemput\u0117<br \/>Galinis \u017eibintas: LED lemput\u0117<br \/>R\u0117mas: auk\u0161tos kokyb\u0117s anglinis plienas<br \/>Galin\u0117 pakaba: spyruoklin\u0117 pakaba<br \/>Priekin\u0117s\/galin\u0117s padangos: 10\/8 coli\u0173 padangos<br \/>Maksimalus greitis: 18 km\/val.<br \/>Va\u017eiavimo atstumas: 40 km<br \/>\u012ekrovimo laikas: 6\u20138 valandos<br \/>Maksimali apkrova: 120 kg<\/p>\n<\/div>\n<div>\n<p style=\"font-family:OpenSans;font-size:20px;font-weight:900;line-height:28px;white-space:pre-wrap;color:rgb(0, 0, 0);margin-bottom:12px\" class=\"detail-desc-decorate-title\">Produkto apra\u0161ymas<\/p>\n<div><img decoding=\"async\" class=\"detail-desc-decorate-image\" src=\"https:\/\/ae01.alicdn.com\/kf\/S65346f3ff9684171bdb54084884cf8b4u.jpg?width=1007&amp;height=997&amp;hash=2004\" slate-data-type=\"image\"\/><\/div>\n<\/div>\n<div>\n<p style=\"font-family:OpenSans;font-size:20px;font-weight:900;line-height:28px;white-space:pre-wrap;color:rgb(0, 0, 0);margin-bottom:12px\" class=\"detail-desc-decorate-title\">Produkto nuotraukos<\/p>\n<\/div>\n<div><img decoding=\"async\" style=\"margin-bottom:10px\" class=\"detail-desc-decorate-image\" src=\"https:\/\/ae01.alicdn.com\/kf\/Se1e040235e9846b8bb063af2468f694c2.jpg?width=631&amp;height=631&amp;hash=1262\" slate-data-type=\"image\"\/> <img decoding=\"async\" style=\"margin-bottom:10px\" class=\"detail-desc-decorate-image\" src=\"https:\/\/ae01.alicdn.com\/kf\/S83038089d7754648a1ad5da0f52d9250d.jpg?width=1000&amp;height=1000&amp;hash=2000\" slate-data-type=\"image\"\/> <img decoding=\"async\" style=\"margin-bottom:10px\" class=\"detail-desc-decorate-image\" src=\"https:\/\/ae01.alicdn.com\/kf\/Sd693c35bab9244c99387d997345e8628Z.jpg?width=1080&amp;height=1080&amp;hash=2160\" slate-data-type=\"image\"\/> <img decoding=\"async\" style=\"margin-bottom:10px\" class=\"detail-desc-decorate-image\" src=\"https:\/\/ae01.alicdn.com\/kf\/Sa1e201577d0c41738afe597fda3e75e6v.jpg?width=1000&amp;height=973&amp;hash=1973\" slate-data-type=\"image\"\/> <img decoding=\"async\" style=\"margin-bottom:10px\" class=\"detail-desc-decorate-image\" src=\"https:\/\/ae01.alicdn.com\/kf\/Sc0b35cd613cb4e05972c8103d46975393.jpg?width=950&amp;height=686&amp;hash=1636\" slate-data-type=\"image\"\/> <img decoding=\"async\" style=\"margin-bottom:10px\" class=\"detail-desc-decorate-image\" src=\"https:\/\/ae01.alicdn.com\/kf\/S21fa0acbf32a4c21a2e938ab0fc9cdadA.jpg?width=750&amp;height=750&amp;hash=1500\" slate-data-type=\"image\"\/> <img decoding=\"async\" style=\"margin-bottom:10px\" class=\"detail-desc-decorate-image\" src=\"https:\/\/ae01.alicdn.com\/kf\/S1287910cbe074b9d9345f0e3588c3ea0Z.jpg?width=750&amp;height=750&amp;hash=1500\" slate-data-type=\"image\"\/> <img decoding=\"async\" style=\"margin-bottom:10px\" class=\"detail-desc-decorate-image\" src=\"https:\/\/ae01.alicdn.com\/kf\/Sfcd8cac80d4d488694e89b7c6a675aa3H.jpg?width=1000&amp;height=869&amp;hash=1869\" slate-data-type=\"image\"\/> <img decoding=\"async\" style=\"margin-bottom:10px\" class=\"detail-desc-decorate-image\" src=\"https:\/\/ae01.alicdn.com\/kf\/S39b065c6f1d74e399d9cf2b611ab0de1G.jpg?width=1000&amp;height=863&amp;hash=1863\" slate-data-type=\"image\"\/> <img decoding=\"async\" style=\"margin-bottom:10px\" class=\"detail-desc-decorate-image\" src=\"https:\/\/ae01.alicdn.com\/kf\/S4049d841e93a480e9abff8422df4f25dX.jpg?width=1000&amp;height=742&amp;hash=1742\" slate-data-type=\"image\"\/> <img decoding=\"async\" style=\"margin-bottom:10px\" class=\"detail-desc-decorate-image\" src=\"https:\/\/ae01.alicdn.com\/kf\/S1d377bf8801e49b68cb4bba4103a3de1P.jpg?width=1000&amp;height=664&amp;hash=1664\" slate-data-type=\"image\"\/><\/div>\n<div>\n<p style=\"font-family:OpenSans;font-size:20px;font-weight:900;line-height:28px;white-space:pre-wrap;color:rgb(0, 0, 0);margin-bottom:12px\" class=\"detail-desc-decorate-title\">Daugiau informacijos<\/p>\n<\/div>\n<div><img decoding=\"async\" style=\"margin-bottom:10px\" class=\"detail-desc-decorate-image\" src=\"https:\/\/ae01.alicdn.com\/kf\/Sd1d88d90c8814370b9a5a1f4a0b62b36y.jpg?width=958&amp;height=674&amp;hash=1632\" slate-data-type=\"image\"\/> <img decoding=\"async\" style=\"margin-bottom:10px\" class=\"detail-desc-decorate-image\" src=\"https:\/\/ae01.alicdn.com\/kf\/See3fc9536b0b4c9087d1533c9bf98269O.jpg?width=1000&amp;height=667&amp;hash=1667\" slate-data-type=\"image\"\/> <img decoding=\"async\" style=\"margin-bottom:10px\" class=\"detail-desc-decorate-image\" src=\"https:\/\/ae01.alicdn.com\/kf\/Sa8ce11385d124fa79ca40f97a485785at.jpg?width=731&amp;height=497&amp;hash=1228\" slate-data-type=\"image\"\/> <img decoding=\"async\" style=\"margin-bottom:10px\" class=\"detail-desc-decorate-image\" src=\"https:\/\/ae01.alicdn.com\/kf\/S5261d6d32a7947d4b2e65aca6e2f6fa9j.jpg?width=738&amp;height=303&amp;hash=1041\" slate-data-type=\"image\"\/> <img decoding=\"async\" style=\"margin-bottom:10px\" class=\"detail-desc-decorate-image\" src=\"https:\/\/ae01.alicdn.com\/kf\/Sde2c4ac3d2604856b3f490e715495deb9.jpg?width=985&amp;height=424&amp;hash=1409\" slate-data-type=\"image\"\/> <img decoding=\"async\" style=\"margin-bottom:10px\" class=\"detail-desc-decorate-image\" src=\"https:\/\/ae01.alicdn.com\/kf\/Seb314ec11829493b812ae54fe3a9b401u.jpg?width=780&amp;height=537&amp;hash=1317\" slate-data-type=\"image\"\/> <img decoding=\"async\" style=\"margin-bottom:10px\" class=\"detail-desc-decorate-image\" src=\"https:\/\/ae01.alicdn.com\/kf\/S3c59e6961b6247fab676516ec374720eI.jpg?width=872&amp;height=594&amp;hash=1466\" slate-data-type=\"image\"\/> <img decoding=\"async\" style=\"margin-bottom:10px\" class=\"detail-desc-decorate-image\" src=\"https:\/\/ae01.alicdn.com\/kf\/S35bc711fd5774d93a3bed0eb5d6d7b1fB.jpg?width=689&amp;height=447&amp;hash=1136\" slate-data-type=\"image\"\/> <img decoding=\"async\" style=\"margin-bottom:10px\" class=\"detail-desc-decorate-image\" src=\"https:\/\/ae01.alicdn.com\/kf\/Se0252fa02ad6456496993114fb6da7b9Z.jpg?width=526&amp;height=488&amp;hash=1014\" slate-data-type=\"image\"\/> <img decoding=\"async\" style=\"margin-bottom:10px\" class=\"detail-desc-decorate-image\" src=\"https:\/\/ae01.alicdn.com\/kf\/S20c89c4b38d34cfc98d269d65d297a5bB.jpg?width=670&amp;height=550&amp;hash=1220\" slate-data-type=\"image\"\/><\/div>\n<div>\n<p style=\"font-family:OpenSans;font-size:20px;font-weight:900;line-height:28px;white-space:pre-wrap;color:rgb(0, 0, 0);margin-bottom:12px\" class=\"detail-desc-decorate-title\">M\u016bs\u0173 gamykla<\/p>\n<\/div>\n<div><img decoding=\"async\" style=\"margin-bottom:10px\" class=\"detail-desc-decorate-image\" src=\"https:\/\/ae01.alicdn.com\/kf\/Sd170a460f94d4e4bb3b45cfeda76be39B.jpg?width=1000&amp;height=750&amp;hash=1750\" slate-data-type=\"image\"\/> <img decoding=\"async\" class=\"detail-desc-decorate-image\" src=\"https:\/\/ae01.alicdn.com\/kf\/S8eebd2859e0148cf8bdf8038a9a73969Y.jpg?width=1440&amp;height=1080&amp;hash=2520\" slate-data-type=\"image\"\/> <img decoding=\"async\" style=\"margin-bottom:10px\" class=\"detail-desc-decorate-image\" src=\"https:\/\/ae01.alicdn.com\/kf\/S132d19d4769a42468225cccfa38f40a4L.jpg?width=1000&amp;height=750&amp;hash=1750\" slate-data-type=\"image\"\/> <img decoding=\"async\" style=\"margin-bottom:10px\" class=\"detail-desc-decorate-image\" src=\"https:\/\/ae01.alicdn.com\/kf\/Sf67f349779354345aadbadb7ddcb403fU.jpg?width=750&amp;height=750&amp;hash=1500\" slate-data-type=\"image\"\/> <img decoding=\"async\" style=\"margin-bottom:10px\" class=\"detail-desc-decorate-image\" src=\"https:\/\/ae01.alicdn.com\/kf\/S304f32d83d334ec4b72d6f6e883edbf9d.jpg?width=2448&amp;height=3264&amp;hash=5712\" slate-data-type=\"image\"\/><\/div>\n<div>\n<p style=\"font-family:OpenSans;font-size:20px;font-weight:900;line-height:28px;white-space:pre-wrap;color:rgb(0, 0, 0);margin-bottom:12px\" class=\"detail-desc-decorate-title\">Atsargumo priemon\u0117s prie\u0161 perkant.<\/p>\n<p style=\"font-family:OpenSans;font-size:14px;font-weight:300;line-height:20px;white-space:pre-wrap;color:rgb(0, 0, 0);margin-bottom:12px\" class=\"detail-desc-decorate-content\">1. Kadangi tai elektriniai paspirtukai su li\u010dio baterijomis, tai yra tarptautiniu mastu draud\u017eiamos prek\u0117s. Turime jas pristatyti specialiu b\u016bdu. Paprastai n\u0117ra jokio b\u016bdo j\u0173 transportuoti, tod\u0117l pirmiausia siun\u010diame jas \u012f \u0160end\u017een\u0105, tada \u012f Honkong\u0105, o tada \u012f Europ\u0105 \/ Rusij\u0105 \/ JAV \/ Australij\u0105 \/ Kanad\u0105 ir kt. Paprastai \u012f Europ\u0105 \/ Rusij\u0105 siun\u010diame traukiniu, o \u012f JAV \u2013 j\u016bra. Tada pristatome UPS \/ FedEx ir kitomis logistikos \u012fmon\u0117mis. Jei norite, kad siunttume oru, tur\u0117site sumok\u0117ti daug didesnius papildomus mokes\u010dius.<\/p>\n<p>2. Sekimo numerio negalima atsekti, kol nebus baigtas muitin\u0117s formalum\u0173 tvarkymas. Jei galite j\u012f atsekti, tai rei\u0161kia, kad paspirtuk\u0105 gausite po keli\u0173 dien\u0173, prie\u0161 tai kantriai palaukite. Paprastai tai \u012fvyksta po ma\u017edaug 35\u201340 dien\u0173. Sekimo informacija bus atnaujinta. Siunta paprastai bus i\u0161si\u0173sta \u012f j\u016bs\u0173 namus ma\u017edaug per 40\u201360 dien\u0173.<\/p>\n<p>3. Nurodytas apytikslis pristatymo laikas, pagr\u012fstas m\u016bs\u0173 patirtimi. Stengsim\u0117s u\u017etikrinti patikim\u0105 siuntimo paslaug\u0105 ir tikim\u0117s, kad prek\u0117s bus pristatytos laiku. Ta\u010diau pristatymas gali v\u0117luoti d\u0117l muitin\u0117s formalum\u0173, valstybini\u0173 \u0161ven\u010di\u0173, blogo oro, oro linij\u0173 streiko, uragano \u201eSandy\u201c ir pan. D\u0117kojame u\u017e supratingum\u0105!<\/p>\n<\/div>\n<div><\/div>\n<\/div>\n<\/div>\n<p><\/p>","protected":false},"excerpt":{"rendered":"<p>Tire Size:&nbsp;10 inch Model Number:&nbsp;DH0305 Category:&nbsp;Four-wheel Scooter Applicable People:&nbsp;Unisex Range Per Charge:&nbsp;40km Charging Time:&nbsp;6-8h Voltage:&nbsp;36v Folded:&nbsp;YES Origin:&nbsp;Mainland China Power (W):&nbsp;201-500W Name:&nbsp;Folding electric scooter Speed:&nbsp;6-12-18km\/h Max loading:&nbsp;120kg Motor:&nbsp;250w double motor Battery:&nbsp;36V15.6AH<\/p>","protected":false},"featured_media":8546,"comment_status":"open","ping_status":"closed","template":"","meta":{"_acf_changed":false},"product_brand":[],"product_cat":[301],"product_tag":[],"class_list":{"0":"post-8544","1":"product","2":"type-product","3":"status-publish","4":"has-post-thumbnail","6":"product_cat-electric-mobility-scooters","8":"first","9":"instock","10":"shipping-taxable","11":"purchasable","12":"product-type-variable"},"acf":[],"_links":{"self":[{"href":"https:\/\/electricstore.eu\/lt\/wp-json\/wp\/v2\/product\/8544","targetHints":{"allow":["GET"]}}],"collection":[{"href":"https:\/\/electricstore.eu\/lt\/wp-json\/wp\/v2\/product"}],"about":[{"href":"https:\/\/electricstore.eu\/lt\/wp-json\/wp\/v2\/types\/product"}],"replies":[{"embeddable":true,"href":"https:\/\/electricstore.eu\/lt\/wp-json\/wp\/v2\/comments?post=8544"}],"wp:featuredmedia":[{"embeddable":true,"href":"https:\/\/electricstore.eu\/lt\/wp-json\/wp\/v2\/media\/8546"}],"wp:attachment":[{"href":"https:\/\/electricstore.eu\/lt\/wp-json\/wp\/v2\/media?parent=8544"}],"wp:term":[{"taxonomy":"product_brand","embeddable":true,"href":"https:\/\/electricstore.eu\/lt\/wp-json\/wp\/v2\/product_brand?post=8544"},{"taxonomy":"product_cat","embeddable":true,"href":"https:\/\/electricstore.eu\/lt\/wp-json\/wp\/v2\/product_cat?post=8544"},{"taxonomy":"product_tag","embeddable":true,"href":"https:\/\/electricstore.eu\/lt\/wp-json\/wp\/v2\/product_tag?post=8544"}],"curies":[{"name":"wp","href":"https:\/\/api.w.org\/{rel}","templated":true}]}}