{"id":8486,"date":"2025-05-19T20:31:26","date_gmt":"2025-05-19T20:31:26","guid":{"rendered":"https:\/\/electricstore.eu\/product\/uncategorized\/e5b-6000w60v40ah-folding-85-km-h-electric-scooter\/"},"modified":"2025-05-20T13:07:46","modified_gmt":"2025-05-20T13:07:46","slug":"e5b-6000w60v40ah-folding-85-km-h-electric-scooter","status":"publish","type":"product","link":"https:\/\/electricstore.eu\/lt\/p\/scooters\/electric-off-road-scooter\/e5b-6000w60v40ah-folding-85-km-h-electric-scooter\/","title":{"rendered":"Elektrinis E5B 6000W 60V 40Ah 85km\/h 150km 11 coli\u0173 sulankstomas elektrinis paspirtukas"},"content":{"rendered":"<div class=\"product-specs-list-container\">\n<ul class=\"product-specs-list util-clearfix\">\n<li class=\"product-prop line-limit-length\"><span\n                                        class=\"property-title\">Modelio numeris:&nbsp;<\/span><span\n                                        class=\"property-desc line-limit-length\">E5B<\/span>\n                            <\/li>\n<li class=\"product-prop line-limit-length\"><span\n                                        class=\"property-title\">Kategorija:&nbsp;<\/span><span\n                                        class=\"property-desc line-limit-length\">Dviratis motoroleris<\/span>\n                            <\/li>\n<li class=\"product-prop line-limit-length\"><span\n                                        class=\"property-title\">Taikomi \u017emon\u0117s:&nbsp;<\/span><span\n                                        class=\"property-desc line-limit-length\">Unisex<\/span>\n                            <\/li>\n<li class=\"product-prop line-limit-length\"><span\n                                        class=\"property-title\">Atstumas vienu \u012fkrovimu:&nbsp;<\/span><span\n                                        class=\"property-desc line-limit-length\">60\u201380 km<\/span>\n                            <\/li>\n<li class=\"product-prop line-limit-length\"><span\n                                        class=\"property-title\">\u012ekrovimo laikas:&nbsp;<\/span><span\n                                        class=\"property-desc line-limit-length\">6\u20138 val.<\/span>\n                            <\/li>\n<li class=\"product-prop line-limit-length\"><span\n                                        class=\"property-title\">\u012etampa:&nbsp;<\/span><span\n                                        class=\"property-desc line-limit-length\">60 V<\/span>\n                            <\/li>\n<li class=\"product-prop line-limit-length\"><span\n                                        class=\"property-title\">Sulankstytas:&nbsp;<\/span><span\n                                        class=\"property-desc line-limit-length\">TAIP<\/span>\n                            <\/li>\n<li class=\"product-prop line-limit-length\"><span\n                                        class=\"property-title\">Kilm\u0117:&nbsp;<\/span><span\n                                        class=\"property-desc line-limit-length\">\u017demynin\u0117 Kinija<\/span>\n                            <\/li>\n<li class=\"product-prop line-limit-length\"><span\n                                        class=\"property-title\">Galia (W):&nbsp;<\/span><span\n                                        class=\"property-desc line-limit-length\">6000 W<\/span>\n                            <\/li>\n<li class=\"product-prop line-limit-length\"><span\n                                        class=\"property-title\">kilm\u0117s \u0161alis:&nbsp;<\/span><span\n                                        class=\"property-desc line-limit-length\">Anhui, Kinija<\/span>\n                            <\/li>\n<li class=\"product-prop line-limit-length\"><span\n                                        class=\"property-title\">prek\u0117s \u017eenklas:&nbsp;<\/span><span\n                                        class=\"property-desc line-limit-length\">WO YU<\/span>\n                            <\/li>\n<li class=\"product-prop line-limit-length\"><span\n                                        class=\"property-title\">Modelis:&nbsp;<\/span><span\n                                        class=\"property-desc line-limit-length\">E5B<\/span>\n                            <\/li>\n<li class=\"product-prop line-limit-length\"><span\n                                        class=\"property-title\">\u012fkrovimo laikas:&nbsp;<\/span><span\n                                        class=\"property-desc line-limit-length\">8\u201310 valand\u0173<\/span>\n                            <\/li>\n<li class=\"product-prop line-limit-length\"><span\n                                        class=\"property-title\">Ar sulankstyti:&nbsp;<\/span><span\n                                        class=\"property-desc line-limit-length\">Taip<\/span>\n                            <\/li>\n<li class=\"product-prop line-limit-length\"><span\n                                        class=\"property-title\">kilometrai \/ vienkartinis \u012fkrovimas:&nbsp;<\/span><span\n                                        class=\"property-desc line-limit-length\">150 km<\/span>\n                            <\/li>\n<li class=\"product-prop line-limit-length\"><span\n                                        class=\"property-title\">Maksimalus greitis:&nbsp;<\/span><span\n                                        class=\"property-desc line-limit-length\">85 km\/val.<\/span>\n                            <\/li>\n<li class=\"product-prop line-limit-length\"><span\n                                        class=\"property-title\">klasifikacija:&nbsp;<\/span><span\n                                        class=\"property-desc line-limit-length\">dviratis paspirtukas<\/span>\n                            <\/li>\n<li class=\"product-prop line-limit-length\"><span\n                                        class=\"property-title\">taikytina populiacija:&nbsp;<\/span><span\n                                        class=\"property-desc line-limit-length\">Unisex<\/span>\n                            <\/li>\n<li class=\"product-prop line-limit-length\"><span\n                                        class=\"property-title\">Protingas:&nbsp;<\/span><span\n                                        class=\"property-desc line-limit-length\">elektroninis<\/span>\n                            <\/li>\n<li class=\"product-prop line-limit-length\"><span\n                                        class=\"property-title\">Baterijos talpa:&nbsp;<\/span><span\n                                        class=\"property-desc line-limit-length\">40 Ah<\/span>\n                            <\/li>\n<li class=\"product-prop line-limit-length\"><span\n                                        class=\"property-title\">patentuotas produktas:&nbsp;<\/span><span\n                                        class=\"property-desc line-limit-length\">I\u0161vaizdos patentai, i\u0161radim\u0173 patentai, naudingojo modelio patentai<\/span>\n                            <\/li>\n<li class=\"product-prop line-limit-length\"><span\n                                        class=\"property-title\">Produkto pavadinimas:&nbsp;<\/span><span\n                                        class=\"property-desc line-limit-length\">Dviratis elektrinis paspirtukas<\/span>\n                            <\/li>\n<li class=\"product-prop line-limit-length\"><span\n                                        class=\"property-title\">Baterija:&nbsp;<\/span><span\n                                        class=\"property-desc line-limit-length\">60 V 40 Ah<\/span>\n                            <\/li>\n<li class=\"product-prop line-limit-length\"><span\n                                        class=\"property-title\">padanga:&nbsp;<\/span><span\n                                        class=\"property-desc line-limit-length\">Vienuolika coli\u0173.<\/span>\n                            <\/li>\n<li class=\"product-prop line-limit-length\"><span\n                                        class=\"property-title\">spalva:&nbsp;<\/span><span\n                                        class=\"property-desc line-limit-length\">juoda<\/span>\n                            <\/li>\n<li class=\"product-prop line-limit-length\"><span\n                                        class=\"property-title\">Stabdys:&nbsp;<\/span><span\n                                        class=\"property-desc line-limit-length\">Galinis diskinis stabdys<\/span>\n                            <\/li>\n<li class=\"product-prop line-limit-length\"><span\n                                        class=\"property-title\">raktinis \u017eodis:&nbsp;<\/span><span\n                                        class=\"property-desc line-limit-length\">Sulankstomas elektrinis paspirtukas<\/span>\n                            <\/li>\n<li class=\"product-prop line-limit-length\"><span\n                                        class=\"property-title\">Maksimali apkrova:&nbsp;<\/span><span\n                                        class=\"property-desc line-limit-length\">150 kg<\/span>\n                            <\/li>\n<li class=\"product-prop line-limit-length\"><span\n                                        class=\"property-title\">med\u017eiaga:&nbsp;<\/span><span\n                                        class=\"property-desc line-limit-length\">Aliuminio lydinys<\/span>\n                            <\/li>\n<li class=\"product-prop line-limit-length\"><span\n                                        class=\"property-title\">variklis:&nbsp;<\/span><span\n                                        class=\"property-desc line-limit-length\">6000 W<\/span>\n                            <\/li>\n<li class=\"product-prop line-limit-length\"><span\n                                        class=\"property-title\">taikymo sritis:&nbsp;<\/span><span\n                                        class=\"property-desc line-limit-length\">170 km<\/span>\n                            <\/li>\n<li class=\"product-prop line-limit-length\"><span\n                                        class=\"property-title\">Sertifikatas:&nbsp;<\/span><span\n                                        class=\"property-desc line-limit-length\"><\/span>\n                            <\/li>\n<\/ul><\/div>\n<div class=\"detailmodule_html\">\n<div class=\"detail-desc-decorate-richtext\">\n<div id=\"detail_decorate_root\">\n<div>&nbsp;<\/div>\n<div class=\"J_module\">\n<div class=\"magic-0\" id=\"ali-anchor-AliMagic-nsq3f0\">Specifikacija<\/div>\n<\/div>\n<div class=\"J_module\">\n<div class=\"ife-detail-decorate-table\">\n<table class=\"all magic-1\" style=\"border-collapse:collapse\">\n<tbody>\n<tr>\n<td colspan=\"1\" rowspan=\"1\">\n<div class=\"magic-2\">Baterija<\/div>\n<\/td>\n<td colspan=\"1\" rowspan=\"1\">\n<div class=\"magic-3\">60 V 40 Ah<\/div>\n<\/td>\n<\/tr>\n<tr>\n<td colspan=\"1\" rowspan=\"1\">\n<div class=\"magic-2\">Maksimali apkrova<\/div>\n<\/td>\n<td colspan=\"1\" rowspan=\"1\">\n<div class=\"magic-3\">150 kg<\/div>\n<\/td>\n<\/tr>\n<tr>\n<td colspan=\"1\" rowspan=\"1\">\n<div class=\"magic-2\">Med\u017eiaga<\/div>\n<\/td>\n<td colspan=\"1\" rowspan=\"1\">\n<div class=\"magic-3\">Aliuminio lydinys<\/div>\n<\/td>\n<\/tr>\n<tr>\n<td colspan=\"1\" rowspan=\"1\">\n<div class=\"magic-2\">Variklis<\/div>\n<\/td>\n<td colspan=\"1\" rowspan=\"1\">\n<div class=\"magic-3\">6000 W<\/div>\n<\/td>\n<\/tr>\n<\/tbody>\n<\/table>\n<\/div>\n<\/div>\n<div class=\"J_module\">\n<div class=\"magic-0\" id=\"ali-anchor-AliMagic-of90id\">Produkt\u0173 apra\u0161ymas<\/div>\n<\/div>\n<div class=\"J_module\">\n<div class=\"icbu-pc-detailManyImage magic-4\">\n<div class=\"magic-5\"><img decoding=\"async\" class=\"magic-6\" slate-data-type=\"image\" src=\"https:\/\/ae01.alicdn.com\/kf\/S65820a7038f74ae2962d6fa7dd49633cU.jpg?width=515&#038;height=486&#038;hash=1001\"><\/div>\n<div class=\"magic-5\"><img decoding=\"async\" class=\"magic-6\" slate-data-type=\"image\" src=\"https:\/\/ae01.alicdn.com\/kf\/S18a0638a27494cbcb2b027fb8e402defR.jpg?width=750&#038;height=500&#038;hash=1250\"><\/div>\n<div class=\"magic-5\"><img decoding=\"async\" class=\"magic-6\" slate-data-type=\"image\" src=\"https:\/\/ae01.alicdn.com\/kf\/Sfb8b0d08a8ba43f0a3dbaa62e1121c2aY.jpg?width=1200&#038;height=1200&#038;hash=2400\"><\/div>\n<div class=\"magic-5\"><img decoding=\"async\" class=\"magic-6\" slate-data-type=\"image\" src=\"https:\/\/ae01.alicdn.com\/kf\/Scc990049c36d4b37b24dad34dad1ec3cy.jpg?width=1200&#038;height=1200&#038;hash=2400\"><\/div>\n<div class=\"magic-5\"><img decoding=\"async\" class=\"magic-6\" slate-data-type=\"image\" src=\"https:\/\/ae01.alicdn.com\/kf\/S634a46af9b3d487b88a9aaff14bf8170J.jpg?width=1200&#038;height=1200&#038;hash=2400\"><\/div>\n<div class=\"magic-5\"><img decoding=\"async\" class=\"magic-6\" slate-data-type=\"image\" src=\"https:\/\/ae01.alicdn.com\/kf\/S5945295c1a9e46d1bff322cec005f4edG.jpg?width=750&#038;height=510&#038;hash=1260\"><\/div>\n<\/div>\n<\/div>\n<div class=\"J_module\">\n<div class=\"magic-0\" id=\"ali-anchor-AliMagic-6h2bwz\">Produkto pakuot\u0117<\/div>\n<\/div>\n<div class=\"J_module\">\n<div class=\"icbu-pc-images magic-7\">\n<div>\n<div class=\"flex-layout-h\">\n<div class=\"flex-layout-v magic-8\">\n<div class=\"magic-9\"><img decoding=\"async\" class=\"magic-10\" slate-data-type=\"image\" src=\"https:\/\/ae01.alicdn.com\/kf\/Se230d80ee316434eb1ab9ed49ecceefcf.jpg?width=1280&#038;height=960&#038;hash=2240\"><\/div>\n<div class=\"magic-11\"><img decoding=\"async\" class=\"magic-12\" slate-data-type=\"image\" src=\"https:\/\/ae01.alicdn.com\/kf\/S931dedc708334ca2a5c3db969308fbe3G.jpg?width=800&#038;height=800&#038;hash=1600\"><\/div>\n<\/div>\n<div class=\"magic-13\"><img decoding=\"async\" class=\"magic-14\" slate-data-type=\"image\" src=\"https:\/\/ae01.alicdn.com\/kf\/S927640a021c846eea487f0093ab20dd7C.jpg?width=600&#038;height=800&#038;hash=1400\"><\/div>\n<\/div>\n<\/div>\n<\/div>\n<\/div>\n<div class=\"J_module\">\n<div class=\"icbu-pc-images magic-7\">\n<div>\n<div class=\"flex-layout-h\">\n<div class=\"flex-layout-v magic-15\">\n<div class=\"magic-16\"><img decoding=\"async\" class=\"magic-17\" slate-data-type=\"image\" src=\"https:\/\/ae01.alicdn.com\/kf\/S6c36c4e783784b24ae8e7c7eb35646f8U.jpg?width=600&#038;height=800&#038;hash=1400\"><\/div>\n<\/div>\n<div class=\"text-wrapper magic-18\">\n<div class=\"text-wrapper-right text-theme-light text-align-left\">\n<div class=\"text-content\">\n<div>&nbsp;<\/div>\n<div>&nbsp;<\/div>\n<div>&nbsp;<\/div>\n<div>&nbsp;<\/div>\n<div><span><strong>To better ensure the safety of&nbsp; your goods, professional,&nbsp; environmentally friendly,&nbsp; &nbsp;convenient and efficient&nbsp;packaging services<br \/>\nbus pateikta<\/strong><\/span><\/div>\n<\/div>\n<\/div>\n<\/div>\n<\/div>\n<\/div>\n<\/div>\n<\/div>\n<div class=\"J_module\">\n<div class=\"icbu-pc-images magic-7\">\n<div>\n<div class=\"flex-layout-v\">\n<div class=\"magic-19\">Paroda<\/div>\n<\/div>\n<\/div>\n<\/div>\n<\/div>\n<div class=\"J_module\">\n<div class=\"icbu-pc-images magic-7\">\n<div class=\"flex-layout-h\">\n<div class=\"text-wrapper magic-18\">\n<div class=\"text-wrapper-right text-theme-light text-align-left\">\n<div class=\"text-title\">\n<div class=\"magic-29\">&nbsp;<\/div>\n<\/div>\n<div class=\"text-content\">\u201eE-ONE\u201c yra \u012fmon\u0117, daugiausia u\u017esiimanti nauj\u0173 energetikos produkt\u0173 eksportu. Bendrov\u0117 yra \u012fsik\u016brusi Anhui provincijos sostin\u0117je Hef\u0117juje. <strong>buvo oficialiai \u012fgaliotas <\/strong>per tuos gerai \u017einomus pramon\u0117s prek\u0117s \u017eenklus, tokius kaip <strong>Segway-Ninebot, Intex, DYU, HIMO, Kugoo<\/strong> ir kai kurie kiti \u017einomi. I\u0161 esm\u0117s m\u016bs\u0173 platus tvari\u0173, ekologi\u0161k\u0173 ir \u0161vari\u0173 produkt\u0173 asortimentas apima nuo <strong>elektriniai paspirtukai, elektriniai savaime balansuojantys paspirtukai, elektriniai vienra\u010diai,<\/strong> <span><strong>elektriniai kartingai<\/strong><\/span> <strong>, elektriniai dvira\u010diai, elektriniai motociklai<\/strong>Turime visus susijusius sertifikatus, tod\u0117l savo kokyb\u0119 u\u017etikrinan\u010dius produktus galime parduoti visame pasaulyje.<\/div>\n<\/div>\n<\/div>\n<\/div>\n<\/div>\n<\/div>\n<div class=\"J_module\">\n<div class=\"magic-0\" id=\"ali-anchor-AliMagic-9cjdi5\">DUK<\/div>\n<\/div>\n<div class=\"J_module\">\n<div class=\"detail-decorate-json-renderer-container\">\n<div class=\"magic-30\">\n<h3 class=\"magic-31\">&nbsp;<\/h3>\n<div class=\"magic-32\">\n<div class=\"magic-33\">\n<div class=\"magic-34\"><strong>Q<\/strong>: Ar esate gamintojas? <strong>A<\/strong>Taip, mes esame gamintojai. Galime teikti OEM \/ ODM pritaikytas paslaugas pagal \u012fvairias m\u016bs\u0173 klient\u0173 pritaikymo galimybes ir poreikius. Visi m\u016bs\u0173 produktai yra visi\u0161kai patentuoti, dizain\u0105, technin\u0119 ir programin\u0119 \u012frang\u0105, liejim\u0105, surinkim\u0105 atlieka m\u016bs\u0173 pa\u010di\u0173 komanda. <strong>Q<\/strong>: Koks yra minimalus u\u017esakymas (MOQ)? <strong>A<\/strong>Standartiniams gaminiams priimame vien\u0105 vienet\u0105. Prireikus galime juos pritaikyti pagal j\u016bs\u0173 logotip\u0105. Jei reik\u0117s OEM, m\u016bs\u0173 pardavim\u0173 skyrius pateiks i\u0161samius reikalavimus ir patvirtins jums MOQ. <strong>Q<\/strong>: Ar galime gauti nemokam\u0105 pavyzd\u012f? <strong>A<\/strong>Atsipra\u0161ome, paprastai nemokamo pavyzd\u017eio neteikiame. Jei klientas patvirtina specifikacij\u0105 ir kain\u0105, jis pirmiausia gali u\u017esisakyti pavyzd\u012f bandymui ir \u012fvertinimui. <strong>Q<\/strong>: Kaip u\u017esisakyti ir apmok\u0117ti? <strong>A<\/strong>Priimame T\/T (banko pavedim\u0105), \u201eAlibaba\u201c internetu, \u201eWestern Union 1 Trade Assurance\u201c <strong>Q<\/strong>: What&#8217;s Your Products Warranty? <strong>A<\/strong>: Suteikiame 24 m\u0117nesi\u0173 garantij\u0105 po i\u0161siuntimo. <strong>Q<\/strong>: Kiek laiko u\u017etruks pristatymas? <strong>A<\/strong>Gamybos trukm\u0117 apie 3\u201310 dien\u0173, priklausomai nuo poreikio, ir pristatymo laikas DHL\/UPS\/FEDEX\/TNT, pristatymo laikas b\u016bt\u0173 apie 3\u20137 darbo dienas. Kai kuriose atokiose vietose pristatymo laikas gali b\u016bti \u0161iek tiek ilgesnis. <strong>Q<\/strong> :Kaip sutaisyti \u012frengin\u012f, jei kyla problem\u0173? <strong>A<\/strong>: Mes teiksime technin\u0119 pagalb\u0105 internetu, kad i\u0161spr\u0119stume problem\u0105; Jei d\u0117l aparatin\u0117s \u012frangos problemos gal\u0117tume atsi\u0173sti dalis ar komponentus ir i\u0161mokyti klient\u0105 juos pritaikyti, jei jie turi technik\u0105, arba taip pat gali atsi\u0173sti mums, kad j\u0105 i\u0161spr\u0119stume. <strong>Q<\/strong>: Ar galite pritaikyti ir platinti m\u016bs\u0173 produkt\u0105? <strong>A<\/strong>: Esame profesional\u016bs el. dvira\u010di\u0173 gamintojai, turintys 8 met\u0173 gamybos patirt\u012f. Palaikome bet kok\u012f produkt\u0173 pritaikym\u0105, platinim\u0105 ir didmenin\u0119 prekyb\u0105.<\/div>\n<\/div>\n<\/div>\n<\/div>\n<\/div>\n<\/div>\n<\/div>\n<p>&nbsp;<\/p>\n<\/div>\n<\/div>","protected":false},"excerpt":{"rendered":"<p>Model Number:&nbsp;E5B Category:&nbsp;Two-wheel Scooter Applicable People:&nbsp;Unisex Range Per Charge:&nbsp;60-80km Charging Time:&nbsp;6-8h Voltage:&nbsp;60v Folded:&nbsp;YES Origin:&nbsp;Mainland China Power (W):&nbsp;6000W country of origin:&nbsp;Anhui, China brand:&nbsp;WO YU Model:&nbsp;E5B charging time:&nbsp;8-10 hours Whether to fold:&nbsp;Yes<\/p>","protected":false},"featured_media":8487,"comment_status":"open","ping_status":"closed","template":"","meta":{"_acf_changed":false},"product_brand":[],"product_cat":[468,297],"product_tag":[],"class_list":{"0":"post-8486","1":"product","2":"type-product","3":"status-publish","4":"has-post-thumbnail","6":"product_cat-electric-off-road-scooter","7":"product_cat-scooters","9":"first","10":"instock","11":"shipping-taxable","12":"purchasable","13":"product-type-simple"},"acf":[],"_links":{"self":[{"href":"https:\/\/electricstore.eu\/lt\/wp-json\/wp\/v2\/product\/8486","targetHints":{"allow":["GET"]}}],"collection":[{"href":"https:\/\/electricstore.eu\/lt\/wp-json\/wp\/v2\/product"}],"about":[{"href":"https:\/\/electricstore.eu\/lt\/wp-json\/wp\/v2\/types\/product"}],"replies":[{"embeddable":true,"href":"https:\/\/electricstore.eu\/lt\/wp-json\/wp\/v2\/comments?post=8486"}],"wp:featuredmedia":[{"embeddable":true,"href":"https:\/\/electricstore.eu\/lt\/wp-json\/wp\/v2\/media\/8487"}],"wp:attachment":[{"href":"https:\/\/electricstore.eu\/lt\/wp-json\/wp\/v2\/media?parent=8486"}],"wp:term":[{"taxonomy":"product_brand","embeddable":true,"href":"https:\/\/electricstore.eu\/lt\/wp-json\/wp\/v2\/product_brand?post=8486"},{"taxonomy":"product_cat","embeddable":true,"href":"https:\/\/electricstore.eu\/lt\/wp-json\/wp\/v2\/product_cat?post=8486"},{"taxonomy":"product_tag","embeddable":true,"href":"https:\/\/electricstore.eu\/lt\/wp-json\/wp\/v2\/product_tag?post=8486"}],"curies":[{"name":"wp","href":"https:\/\/api.w.org\/{rel}","templated":true}]}}