{"id":8437,"date":"2025-05-19T20:30:55","date_gmt":"2025-05-19T20:30:55","guid":{"rendered":"https:\/\/electricstore.eu\/product\/uncategorized\/hx-x6-250w36v5ah\/"},"modified":"2025-05-20T13:08:17","modified_gmt":"2025-05-20T13:08:17","slug":"hx-x6-250w36v5ah","status":"publish","type":"product","link":"https:\/\/electricstore.eu\/lt\/p\/scooters\/electric-city-scooters\/hx-x6-250w36v5ah\/","title":{"rendered":"WOYU X6 250W 36V 5Ah 25km\/h 40-60km sulankstomas dviratis paspirtukas"},"content":{"rendered":"<div class=\"product-specs-list-container\">\n<ul class=\"product-specs-list util-clearfix\">\n<li class=\"product-prop line-limit-length\"><span\n                                        class=\"property-title\">Modelio numeris:&nbsp;<\/span><span\n                                        class=\"property-desc line-limit-length\">X6<\/span>\n                            <\/li>\n<li class=\"product-prop line-limit-length\"><span\n                                        class=\"property-title\">Kategorija:&nbsp;<\/span><span\n                                        class=\"property-desc line-limit-length\">Dviratis motoroleris<\/span>\n                            <\/li>\n<li class=\"product-prop line-limit-length\"><span\n                                        class=\"property-title\">Taikomi \u017emon\u0117s:&nbsp;<\/span><span\n                                        class=\"property-desc line-limit-length\">Unisex<\/span>\n                            <\/li>\n<li class=\"product-prop line-limit-length\"><span\n                                        class=\"property-title\">Atstumas vienu \u012fkrovimu:&nbsp;<\/span><span\n                                        class=\"property-desc line-limit-length\">40\u201360 km<\/span>\n                            <\/li>\n<li class=\"product-prop line-limit-length\"><span\n                                        class=\"property-title\">\u012ekrovimo laikas:&nbsp;<\/span><span\n                                        class=\"property-desc line-limit-length\">1\u20132 val.<\/span>\n                            <\/li>\n<li class=\"product-prop line-limit-length\"><span\n                                        class=\"property-title\">\u012etampa:&nbsp;<\/span><span\n                                        class=\"property-desc line-limit-length\">36 V<\/span>\n                            <\/li>\n<li class=\"product-prop line-limit-length\"><span\n                                        class=\"property-title\">Sulankstytas:&nbsp;<\/span><span\n                                        class=\"property-desc line-limit-length\">TAIP<\/span>\n                            <\/li>\n<li class=\"product-prop line-limit-length\"><span\n                                        class=\"property-title\">Kilm\u0117:&nbsp;<\/span><span\n                                        class=\"property-desc line-limit-length\">\u017demynin\u0117 Kinija<\/span>\n                            <\/li>\n<li class=\"product-prop line-limit-length\"><span\n                                        class=\"property-title\">Galia (W):&nbsp;<\/span><span\n                                        class=\"property-desc line-limit-length\">201\u2013500 W<\/span>\n                            <\/li>\n<li class=\"product-prop line-limit-length\"><span\n                                        class=\"property-title\">Kilm\u0117s vieta:&nbsp;<\/span><span\n                                        class=\"property-desc line-limit-length\">Anhui, Kinija<\/span>\n                            <\/li>\n<li class=\"product-prop line-limit-length\"><span\n                                        class=\"property-title\">Prek\u0117s \u017eenklas:&nbsp;<\/span><span\n                                        class=\"property-desc line-limit-length\">WOYU<\/span>\n                            <\/li>\n<li class=\"product-prop line-limit-length\"><span\n                                        class=\"property-title\">Modelio numeris:&nbsp;<\/span><span\n                                        class=\"property-desc line-limit-length\">X6<\/span>\n                            <\/li>\n<li class=\"product-prop line-limit-length\"><span\n                                        class=\"property-title\">\u012ekrovimo laikas:&nbsp;<\/span><span\n                                        class=\"property-desc line-limit-length\">2-3h<\/span>\n                            <\/li>\n<li class=\"product-prop line-limit-length\"><span\n                                        class=\"property-title\">Sulankstomas:&nbsp;<\/span><span\n                                        class=\"property-desc line-limit-length\">Taip<\/span>\n                            <\/li>\n<li class=\"product-prop line-limit-length\"><span\n                                        class=\"property-title\">Atstumas vienu \u012fkrovimu:&nbsp;<\/span><span\n                                        class=\"property-desc line-limit-length\">15\u201325 km<\/span>\n                            <\/li>\n<li class=\"product-prop line-limit-length\"><span\n                                        class=\"property-title\">Maksimalus greitis:&nbsp;<\/span><span\n                                        class=\"property-desc line-limit-length\">25KM\/h<\/span>\n                            <\/li>\n<li class=\"product-prop line-limit-length\"><span\n                                        class=\"property-title\">Kategorija:&nbsp;<\/span><span\n                                        class=\"property-desc line-limit-length\">Dviratis motoroleris<\/span>\n                            <\/li>\n<li class=\"product-prop line-limit-length\"><span\n                                        class=\"property-title\">Taikoma miniai:&nbsp;<\/span><span\n                                        class=\"property-desc line-limit-length\">Unisex<\/span>\n                            <\/li>\n<li class=\"product-prop line-limit-length\"><span\n                                        class=\"property-title\">I\u0161manusis tipas:&nbsp;<\/span><span\n                                        class=\"property-desc line-limit-length\">Elektroninis<\/span>\n                            <\/li>\n<li class=\"product-prop line-limit-length\"><span\n                                        class=\"property-title\">Baterijos talpa:&nbsp;<\/span><span\n                                        class=\"property-desc line-limit-length\">5Ah<\/span>\n                            <\/li>\n<li class=\"product-prop line-limit-length\"><span\n                                        class=\"property-title\">Patentuotas produktas:&nbsp;<\/span><span\n                                        class=\"property-desc line-limit-length\">NE<\/span>\n                            <\/li>\n<li class=\"product-prop line-limit-length\"><span\n                                        class=\"property-title\">Sertifikatas:&nbsp;<\/span><span\n                                        class=\"property-desc line-limit-length\"><\/span>\n                            <\/li>\n<\/ul><\/div>\n<div class=\"detailmodule_html\">\n<div class=\"detail-desc-decorate-richtext\">\n<div id=\"detail_decorate_root\">\n<div>\u00a0<\/div>\n<div>\n<div id=\"ali-anchor-AliMagic-r9fewk\">Specifikacija<\/div>\n<\/div>\n<div>\n<div>\n<table style=\"border-collapse:collapse\" class=\"all magic-1\">\n<tbody>\n<tr>\n<td rowspan=\"1\" colspan=\"1\">\n<div>Product Name<\/div>\n<\/td>\n<td rowspan=\"1\" colspan=\"1\">\n<div>X6 Foldable Electric Scooter<\/div>\n<\/td>\n<\/tr>\n<tr>\n<td rowspan=\"1\" colspan=\"1\">\n<div>Sukamoji \u012ftampa<\/div>\n<\/td>\n<td rowspan=\"1\" colspan=\"1\">\n<div>DC25.2V<\/div>\n<\/td>\n<\/tr>\n<tr>\n<td rowspan=\"1\" colspan=\"1\">\n<div>Variklis<\/div>\n<\/td>\n<td rowspan=\"1\" colspan=\"1\">\n<div>250W<\/div>\n<\/td>\n<\/tr>\n<tr>\n<td rowspan=\"1\" colspan=\"1\">\n<div>Med\u017eiaga<\/div>\n<\/td>\n<td rowspan=\"1\" colspan=\"1\">\n<div>Aliuminio lydinys<\/div>\n<\/td>\n<\/tr>\n<tr>\n<td rowspan=\"1\" colspan=\"1\">\n<div>Stabd\u017ei\u0173 sistema<\/div>\n<\/td>\n<td rowspan=\"1\" colspan=\"1\">\n<div>Foot brake\/electric brake<\/div>\n<\/td>\n<\/tr>\n<tr>\n<td rowspan=\"1\" colspan=\"1\">\n<div>Maksimalus greitis<\/div>\n<\/td>\n<td rowspan=\"1\" colspan=\"1\">\n<div>25 km\/val.<\/div>\n<\/td>\n<\/tr>\n<tr>\n<td rowspan=\"1\" colspan=\"1\">\n<div>Va\u017eiavimo rida<\/div>\n<\/td>\n<td rowspan=\"1\" colspan=\"1\">\n<div>10-20Km<\/div>\n<\/td>\n<\/tr>\n<tr>\n<td rowspan=\"1\" colspan=\"1\">\n<div>Maksimali apkrova<\/div>\n<\/td>\n<td rowspan=\"1\" colspan=\"1\">\n<div>100-120 KG<\/div>\n<\/td>\n<\/tr>\n<\/tbody>\n<\/table>\n<\/div>\n<\/div>\n<div>\n<div id=\"ali-anchor-AliMagic-q46x71\">Produkt\u0173 apra\u0161ymas<\/div>\n<\/div>\n<div>\n<div>\n<div><img decoding=\"async\" class=\"magic-6\" src=\"https:\/\/ae01.alicdn.com\/kf\/S36d3973e15ed4356948b6da5d2136ab6P.jpg?width=1000&amp;height=599&amp;hash=1599\" slate-data-type=\"image\"\/><\/div>\n<div><img decoding=\"async\" class=\"magic-6\" src=\"https:\/\/ae01.alicdn.com\/kf\/Sc0b2a428a141494b8753f1a74f366430D.jpg?width=1000&amp;height=600&amp;hash=1600\" slate-data-type=\"image\"\/><\/div>\n<div><img decoding=\"async\" class=\"magic-6\" src=\"https:\/\/ae01.alicdn.com\/kf\/Se88d0293175c4e6091f4b97c58a6d6289.jpg?width=1000&amp;height=600&amp;hash=1600\" slate-data-type=\"image\"\/><\/div>\n<div><img decoding=\"async\" class=\"magic-6\" src=\"https:\/\/ae01.alicdn.com\/kf\/S60c03cde4565400999b731dbf1bfc1a3f.jpg?width=1000&amp;height=600&amp;hash=1600\" slate-data-type=\"image\"\/><\/div>\n<div><img decoding=\"async\" class=\"magic-6\" src=\"https:\/\/ae01.alicdn.com\/kf\/S3ec6b44fcb5c4d288c1a6669cc7554b4H.jpg?width=589&amp;height=600&amp;hash=1189\" slate-data-type=\"image\"\/><\/div>\n<div><img decoding=\"async\" class=\"magic-6\" src=\"https:\/\/ae01.alicdn.com\/kf\/S8a9433f09f924c71a407b200602e8687m.jpg?width=1000&amp;height=601&amp;hash=1601\" slate-data-type=\"image\"\/><\/div>\n<div><img decoding=\"async\" class=\"magic-6\" src=\"https:\/\/ae01.alicdn.com\/kf\/Sfd2920eee88f4e5f8b8198bf1ccca7b6N.jpg?width=1000&amp;height=600&amp;hash=1600\" slate-data-type=\"image\"\/><\/div>\n<div><img decoding=\"async\" class=\"magic-6\" src=\"https:\/\/ae01.alicdn.com\/kf\/S606047fbcda74fa09dc7f473e3099c2bh.jpg?width=1000&amp;height=600&amp;hash=1600\" slate-data-type=\"image\"\/><\/div>\n<\/div>\n<\/div>\n<div>\n<div id=\"ali-anchor-AliMagic-gt2oye\">Produkto pakuot\u0117<\/div>\n<\/div>\n<div>\n<div>\n<div>\n<div>\n<div>\n<div><img decoding=\"async\" class=\"magic-10\" src=\"https:\/\/ae01.alicdn.com\/kf\/S603c352f31ec4ee7928249922cde2535G.jpg?width=1280&amp;height=960&amp;hash=2240\" slate-data-type=\"image\"\/><\/div>\n<div><img decoding=\"async\" class=\"magic-12\" src=\"https:\/\/ae01.alicdn.com\/kf\/S95bfd1d7a07f4f3d9b400cf282483639t.jpg?width=800&amp;height=800&amp;hash=1600\" slate-data-type=\"image\"\/><\/div>\n<\/div>\n<div><img decoding=\"async\" class=\"magic-14\" src=\"https:\/\/ae01.alicdn.com\/kf\/Sf819f886e9ee42da834170d7fbd1b7ach.jpg?width=600&amp;height=800&amp;hash=1400\" slate-data-type=\"image\"\/><\/div>\n<\/div>\n<\/div>\n<\/div>\n<\/div>\n<div>\n<div>\n<div>\n<div>\n<div>\n<div><img decoding=\"async\" class=\"magic-17\" src=\"https:\/\/ae01.alicdn.com\/kf\/S84939f2b10d24bd89ebbf28984b35e9cV.jpg?width=600&amp;height=800&amp;hash=1400\" slate-data-type=\"image\"\/><\/div>\n<\/div>\n<div>\n<div>\n<div>\n<div>\u00a0<\/div>\n<div>\u00a0<\/div>\n<div>\u00a0<\/div>\n<div>\u00a0<\/div>\n<div><span><strong>Siekdami geriau u\u017etikrinti j\u016bs\u0173 preki\u0173 saugum\u0105, si\u016blome profesionalias, aplinkai nekenksmingas, patogias ir efektyvias pakavimo paslaugas.<br \/>bus pateikta.<\/strong><\/span><\/div>\n<\/div>\n<\/div>\n<\/div>\n<\/div>\n<\/div>\n<\/div>\n<\/div>\n<div>\n<div>\u00a0<\/div>\n<div>\n<div><img decoding=\"async\" class=\"magic-22\" src=\"https:\/\/ae01.alicdn.com\/kf\/Sd01d98a5d2e34d649f49394465343dbe4.jpg?width=693&amp;height=978&amp;hash=1671\" slate-data-type=\"image\"\/><\/div>\n<div><img decoding=\"async\" class=\"magic-24\" src=\"https:\/\/ae01.alicdn.com\/kf\/S3674a5ba838d4dd18bd1e5064ce9acd0Y.jpg?width=696&amp;height=980&amp;hash=1676\" slate-data-type=\"image\"\/><\/div>\n<\/div>\n<\/div>\n<div>\n<div id=\"ali-anchor-AliMagic-08we1r\">Paroda<\/div>\n<\/div>\n<div>\n<div>\n<div>\n<div>\n<div>\n<div><img decoding=\"async\" class=\"magic-26\" src=\"https:\/\/ae01.alicdn.com\/kf\/Scc76444e41d347fbad43d728c374f28cx.jpg?width=940&amp;height=562&amp;hash=1502\" slate-data-type=\"image\"\/><\/div>\n<\/div>\n<\/div>\n<\/div>\n<\/div>\n<\/div>\n<div>\n<div id=\"ali-anchor-AliMagic-zzqent\">\u012emon\u0117s profilis<\/div>\n<\/div>\n<div>\n<div>\u00a0<\/div>\n<div>\n<div>\n<div>\u00a0<\/div>\n<div>\u201eE-ONE\u201c yra \u012fmon\u0117, daugiausia u\u017esiimanti nauj\u0173 energetikos produkt\u0173 eksportu. Bendrov\u0117 yra \u012fsik\u016brusi Anhui provincijos sostin\u0117je Hef\u0117juje. <strong>buvo oficialiai \u012fgaliotas <\/strong>per tuos gerai \u017einomus pramon\u0117s prek\u0117s \u017eenklus, tokius kaip <strong>Segway-Ninebot, Intex, DYU, HIMO, Kugoo<\/strong> ir kai kurie kiti \u017einomi. I\u0161 esm\u0117s m\u016bs\u0173 platus tvari\u0173, ekologi\u0161k\u0173 ir \u0161vari\u0173 produkt\u0173 asortimentas apima nuo <strong>elektriniai paspirtukai, elektriniai savaime balansuojantys paspirtukai, elektriniai vienra\u010diai,<\/strong> <span><strong>elektriniai kartingai<\/strong><\/span> <strong>, elektriniai dvira\u010diai, elektriniai motociklai<\/strong>Turime visus susijusius sertifikatus, tod\u0117l savo kokyb\u0119 u\u017etikrinan\u010dius produktus galime parduoti visame pasaulyje.<\/div>\n<\/div>\n<\/div>\n<\/div>\n<div>\n<div id=\"ali-anchor-AliMagic-fpcuhm\">DUK<\/div>\n<\/div>\n<div>\n<div>\n<div>\n<h3 class=\"magic-31\"><\/h3>\n<div>\n<div>\n<div><strong>Q<\/strong>: Ar esate gamintojas? <strong>A<\/strong>Taip, mes esame gamintojai. Galime teikti OEM \/ ODM pritaikytas paslaugas pagal \u012fvairias m\u016bs\u0173 klient\u0173 pritaikymo galimybes ir poreikius. Visi m\u016bs\u0173 produktai yra visi\u0161kai patentuoti, dizain\u0105, technin\u0119 ir programin\u0119 \u012frang\u0105, liejim\u0105, surinkim\u0105 atlieka m\u016bs\u0173 pa\u010di\u0173 komanda. <strong>Q<\/strong>: Koks yra minimalus u\u017esakymas (MOQ)? <strong>A<\/strong>Standartiniams gaminiams priimame vien\u0105 vienet\u0105. Prireikus galime juos pritaikyti pagal j\u016bs\u0173 logotip\u0105. Jei reik\u0117s OEM, m\u016bs\u0173 pardavim\u0173 skyrius pateiks i\u0161samius reikalavimus ir patvirtins jums MOQ. <strong>Q<\/strong>: Ar galime gauti nemokam\u0105 pavyzd\u012f? <strong>A<\/strong>Atsipra\u0161ome, paprastai nemokamo pavyzd\u017eio neteikiame. Jei klientas patvirtina specifikacij\u0105 ir kain\u0105, jis pirmiausia gali u\u017esisakyti pavyzd\u012f bandymui ir \u012fvertinimui. <strong>Q<\/strong>: Kaip u\u017esisakyti ir apmok\u0117ti? <strong>A<\/strong>Priimame T\/T (banko pavedim\u0105), \u201eAlibaba\u201c internetu, \u201eWestern Union 1 Trade Assurance\u201c <strong>Q<\/strong>: Kokia j\u016bs\u0173 produkt\u0173 garantija? <strong>A<\/strong>: Suteikiame 24 m\u0117nesi\u0173 garantij\u0105 po i\u0161siuntimo. <strong>Q<\/strong>: Kiek laiko u\u017etruks pristatymas? <strong>A<\/strong>Gamybos trukm\u0117 apie 3\u201310 dien\u0173, priklausomai nuo poreikio, ir pristatymo laikas DHL\/UPS\/FEDEX\/TNT, pristatymo laikas b\u016bt\u0173 apie 3\u20137 darbo dienas. Kai kuriose atokiose vietose pristatymo laikas gali b\u016bti \u0161iek tiek ilgesnis. <strong>Q<\/strong> :Kaip sutaisyti \u012frengin\u012f, jei kyla problem\u0173? <strong>A<\/strong>: Mes teiksime technin\u0119 pagalb\u0105 internetu, kad i\u0161spr\u0119stume problem\u0105; Jei d\u0117l aparatin\u0117s \u012frangos problemos gal\u0117tume atsi\u0173sti dalis ar komponentus ir i\u0161mokyti klient\u0105 juos pritaikyti, jei jie turi technik\u0105, arba taip pat gali atsi\u0173sti mums, kad j\u0105 i\u0161spr\u0119stume. <strong>Q<\/strong>: Ar galite pritaikyti ir platinti m\u016bs\u0173 produkt\u0105? <strong>A<\/strong>: Esame profesional\u016bs el. dvira\u010di\u0173 gamintojai, turintys 8 met\u0173 gamybos patirt\u012f. Palaikome bet kok\u012f produkt\u0173 pritaikym\u0105, platinim\u0105 ir didmenin\u0119 prekyb\u0105.<\/div>\n<\/div>\n<\/div>\n<\/div>\n<\/div>\n<\/div>\n<\/div>\n<div><\/div>\n<\/div>\n<\/div>\n<p><\/p>","protected":false},"excerpt":{"rendered":"<p>Model Number:&nbsp;X6 Category:&nbsp;Two-wheel Scooter Applicable People:&nbsp;Unisex Range Per Charge:&nbsp;40-60km Charging Time:&nbsp;1-2h Voltage:&nbsp;36v Folded:&nbsp;YES Origin:&nbsp;Mainland China Power (W):&nbsp;201-500W Place of Origin:&nbsp;Anhui, China Brand:&nbsp;WOYU Model Number:&nbsp;X6 Charging Time:&nbsp;2-3h Foldable:&nbsp;Yes Range Per Charge:&nbsp;15-25KM<\/p>","protected":false},"featured_media":8438,"comment_status":"open","ping_status":"closed","template":"","meta":{"_acf_changed":false},"product_brand":[],"product_cat":[469],"product_tag":[],"class_list":{"0":"post-8437","1":"product","2":"type-product","3":"status-publish","4":"has-post-thumbnail","6":"product_cat-electric-city-scooters","8":"first","9":"instock","10":"shipping-taxable","11":"purchasable","12":"product-type-simple"},"acf":[],"_links":{"self":[{"href":"https:\/\/electricstore.eu\/lt\/wp-json\/wp\/v2\/product\/8437","targetHints":{"allow":["GET"]}}],"collection":[{"href":"https:\/\/electricstore.eu\/lt\/wp-json\/wp\/v2\/product"}],"about":[{"href":"https:\/\/electricstore.eu\/lt\/wp-json\/wp\/v2\/types\/product"}],"replies":[{"embeddable":true,"href":"https:\/\/electricstore.eu\/lt\/wp-json\/wp\/v2\/comments?post=8437"}],"wp:featuredmedia":[{"embeddable":true,"href":"https:\/\/electricstore.eu\/lt\/wp-json\/wp\/v2\/media\/8438"}],"wp:attachment":[{"href":"https:\/\/electricstore.eu\/lt\/wp-json\/wp\/v2\/media?parent=8437"}],"wp:term":[{"taxonomy":"product_brand","embeddable":true,"href":"https:\/\/electricstore.eu\/lt\/wp-json\/wp\/v2\/product_brand?post=8437"},{"taxonomy":"product_cat","embeddable":true,"href":"https:\/\/electricstore.eu\/lt\/wp-json\/wp\/v2\/product_cat?post=8437"},{"taxonomy":"product_tag","embeddable":true,"href":"https:\/\/electricstore.eu\/lt\/wp-json\/wp\/v2\/product_tag?post=8437"}],"curies":[{"name":"wp","href":"https:\/\/api.w.org\/{rel}","templated":true}]}}