{"id":8322,"date":"2025-05-19T20:30:00","date_gmt":"2025-05-19T20:30:00","guid":{"rendered":"https:\/\/electricstore.eu\/product\/uncategorized\/humsienk-12v-100ah-lifepo4-battery\/"},"modified":"2025-05-21T05:39:59","modified_gmt":"2025-05-21T05:39:59","slug":"humsienk-12v-100ah-lifepo4-battery","status":"publish","type":"product","link":"https:\/\/electricstore.eu\/lt\/p\/batteries\/lifepo4-batteries\/100-200ah-lifepo4-batteries\/humsienk-12v-100ah-lifepo4-battery\/","title":{"rendered":"\u201eHumsienk\u201c 100Ah 12V li\u010dio jon\u0173 akumuliatorius"},"content":{"rendered":"<div class=\"product-specs-list-container\">\n<ul class=\"product-specs-list util-clearfix\">\n<li class=\"product-prop line-limit-length\"><span\n                                        class=\"property-title\">Labai susir\u016bpinim\u0105 kelianti chemin\u0117 med\u017eiaga:&nbsp;<\/span><span\n                                        class=\"property-desc line-limit-length\">N\u0117ra<\/span>\n                            <\/li>\n<li class=\"product-prop line-limit-length\"><span\n                                        class=\"property-title\">Nominali talpa:&nbsp;<\/span><span\n                                        class=\"property-desc line-limit-length\">100 Ah<\/span>\n                            <\/li>\n<li class=\"product-prop line-limit-length\"><span\n                                        class=\"property-title\">Svoris:&nbsp;<\/span><span\n                                        class=\"property-desc line-limit-length\">23,15 svaro \/ 10,5 kg<\/span>\n                            <\/li>\n<li class=\"product-prop line-limit-length\"><span\n                                        class=\"property-title\">\u012etampa:&nbsp;<\/span><span\n                                        class=\"property-desc line-limit-length\">12,8 V<\/span>\n                            <\/li>\n<li class=\"product-prop line-limit-length\"><span\n                                        class=\"property-title\">Dydis:&nbsp;<\/span><span\n                                        class=\"property-desc line-limit-length\">260 x 168 x 209 mm \/ 10,2 x 6,6 x 8,2 colio<\/span>\n                            <\/li>\n<li class=\"product-prop line-limit-length\"><span\n                                        class=\"property-title\">Taikymas:&nbsp;<\/span><span\n                                        class=\"property-desc line-limit-length\">Nam\u0173 saugykla \/ lauko maitinimo \u0161altinis<\/span>\n                            <\/li>\n<li class=\"product-prop line-limit-length\"><span\n                                        class=\"property-title\">Modelio numeris:&nbsp;<\/span><span\n                                        class=\"property-desc line-limit-length\">12V100AH<\/span>\n                            <\/li>\n<li class=\"product-prop line-limit-length\"><span\n                                        class=\"property-title\">Tipas:&nbsp;<\/span><span\n                                        class=\"property-desc line-limit-length\">LiFePO4<\/span>\n                            <\/li>\n<li class=\"product-prop line-limit-length\"><span\n                                        class=\"property-title\">Prek\u0117s \u017eenklas:&nbsp;<\/span><span\n                                        class=\"property-desc line-limit-length\">Humsienkas<\/span>\n                            <\/li>\n<li class=\"product-prop line-limit-length\"><span\n                                        class=\"property-title\">Kilm\u0117:&nbsp;<\/span><span\n                                        class=\"property-desc line-limit-length\">\u017demynin\u0117 Kinija<\/span>\n                            <\/li>\n<li class=\"product-prop line-limit-length\"><span\n                                        class=\"property-title\">Nominali \u012ftampa:&nbsp;<\/span><span\n                                        class=\"property-desc line-limit-length\">Kiti<\/span>\n                            <\/li>\n<li class=\"product-prop line-limit-length\"><span\n                                        class=\"property-title\">L\u0105stel\u0117:&nbsp;<\/span><span\n                                        class=\"property-desc line-limit-length\">A+ klas\u0117s LiFePO4 elementai<\/span>\n                            <\/li>\n<li class=\"product-prop line-limit-length\"><span\n                                        class=\"property-title\">Garantija:&nbsp;<\/span><span\n                                        class=\"property-desc line-limit-length\">5 metai<\/span>\n                            <\/li>\n<\/ul><\/div>\n<p style=\"font-family:&quot;TT Norms Pro&quot;, &quot;Open Sans&quot;, Roboto, Arial, Helvetica, sans-serif, SimSun;font-size:14px;font-weight:400;letter-spacing:normal;line-height:inherit;text-align:start;white-space:normal;color:rgb(34, 34, 34);margin:0px;margin-bottom:0px;margin-top:0px;margin-left:0px;margin-right:0px;padding:0px;padding-bottom:0px;padding-top:0px;padding-left:0px;padding-right:0px;box-sizing:border-box\" align=\"start\"><span style=\"color:rgb(244, 78, 59);font-size:20px;font-family:arial, helvetica, sans-serif\"><strong>Pastaba:<\/strong><\/span><\/p>\n<p style=\"font-family:&quot;TT Norms Pro&quot;, &quot;Open Sans&quot;, Roboto, Arial, Helvetica, sans-serif, SimSun;font-size:14px;font-weight:400;letter-spacing:normal;line-height:inherit;text-align:start;white-space:normal;color:rgb(34, 34, 34);margin:0px;margin-bottom:0px;margin-top:0px;margin-left:0px;margin-right:0px;padding:0px;padding-bottom:0px;padding-top:0px;padding-left:0px;padding-right:0px;box-sizing:border-box\" align=\"start\"><span style=\"color:rgb(244, 78, 59);font-size:20px;font-family:arial, helvetica, sans-serif\"><u><strong>\u0160iuo metu mes NEPRISTATOME preki\u0173 \u012f Aliask\u0105, Havajus ir Puerto Rik\u0105!!<\/strong><\/u><\/span><\/p>\n<p><\/p>\n<p><strong><span style=\"color:rgb(77, 77, 77);font-size:18px;font-family:arial, helvetica, sans-serif\">Didelis na\u0161umas: <\/span><\/strong><span style=\"color:rgb(77, 77, 77);font-size:18px;font-family:arial, helvetica, sans-serif\">\u201eHumsiENK LiFePO4\u201c akumuliatorius pasi\u017eymi 100 Ah talpa ir standartine 12,8 V \u012ftampa. Su A+ klas\u0117s elementais jis gali pasigirti \u012fsp\u016bdingu tarnavimo laiku <\/span><span style=\"color:rgb(244, 78, 59);font-size:18px;font-family:arial, helvetica, sans-serif\">iki 20 000 cikl\u0173<\/span><span style=\"color:rgb(77, 77, 77);font-size:18px;font-family:arial, helvetica, sans-serif\">.<\/span><\/p>\n<p><\/p>\n<p><strong><span style=\"color:rgb(77, 77, 77);font-size:18px;font-family:arial, helvetica, sans-serif\">Sertifikatai:<\/span><\/strong><span style=\"color:rgb(77, 77, 77);font-size:18px;font-family:arial, helvetica, sans-serif\"> SDS\/UN38.3\/FCC\/CE\/ROHS sertifikatai u\u017etikrina jo kokyb\u0119 ir saug\u0105.<\/span><\/p>\n<p><\/p>\n<p><strong><span style=\"color:rgb(77, 77, 77);font-size:18px;font-family:arial, helvetica, sans-serif\">Integruota BMS apsauga:<\/span><\/strong><span style=\"color:rgb(77, 77, 77);font-size:18px;font-family:arial, helvetica, sans-serif\"> \u0160ios li\u010dio baterijos turi \u012fmontuot\u0105 <\/span><span style=\"color:rgb(244, 78, 59);font-size:18px;font-family:arial, helvetica, sans-serif\">100A BMS<\/span><span style=\"color:rgb(77, 77, 77);font-size:18px;font-family:arial, helvetica, sans-serif\"> Apsaugin\u0117 plok\u0161t\u0117, kuri automati\u0161kai atsijungia, jei i\u0161krovos srov\u0117 vir\u0161ija 300 \u00b1 50 A, taip u\u017etikrindama didesn\u012f saugum\u0105.<\/span><\/p>\n<p><\/p>\n<p><strong><span style=\"color:rgb(77, 77, 77);font-size:18px;font-family:arial, helvetica, sans-serif\">Kompakti\u0161kas dizainas:<\/span><\/strong><span style=\"color:rgb(77, 77, 77);font-size:18px;font-family:arial, helvetica, sans-serif\"> Tik dyd\u017eio matavimas <\/span><span style=\"color:rgb(244, 78, 59);font-size:18px;font-family:arial, helvetica, sans-serif\">10,2 \u00d7 6,6 \u00d7 8,2 colio (26 \u00d7 17 \u00d7 21 cm)<\/span><span style=\"color:rgb(77, 77, 77);font-size:18px;font-family:arial, helvetica, sans-serif\"> ir tik svoris <\/span><span style=\"color:rgb(244, 78, 59);font-size:18px;font-family:arial, helvetica, sans-serif\">23,2 svaro (10,5 kg)<\/span><span style=\"color:rgb(77, 77, 77);font-size:18px;font-family:arial, helvetica, sans-serif\">M\u016bs\u0173 baterija maksimaliai padidina energijos tank\u012f, i\u0161laikydama na\u0161um\u0105. D\u0117l kompakti\u0161kos formos taupo viet\u0105 ir suteikia montavimo lankstumo.<\/span><\/p>\n<p><\/p>\n<p><strong><span style=\"color:rgb(77, 77, 77);font-size:18px;font-family:arial, helvetica, sans-serif\">Temperat\u016bros atsparumas: <\/span><\/strong><span style=\"color:rgb(77, 77, 77);font-size:18px;font-family:arial, helvetica, sans-serif\">Sklandus veikimas<\/span><span style=\"color:rgb(244, 78, 59);font-size:18px;font-family:arial, helvetica, sans-serif\"> nuo -4 \u00b0F (-20 \u2103) iki 158 \u00b0F (70 \u2103)<\/span><span style=\"color:rgb(77, 77, 77);font-size:18px;font-family:arial, helvetica, sans-serif\">Baterijoje yra automatinis i\u0161sijungimas \u017eemesn\u0117je nei -20 \u00b0C temperat\u016broje, kad b\u016bt\u0173 u\u017etikrinta papildoma apsauga ir ilgaam\u017ei\u0161kumas.<\/span><\/p>\n<p><\/p>\n<p><strong><span style=\"color:rgb(77, 77, 77);font-size:18px;font-family:arial, helvetica, sans-serif\">Nuoseklusis arba lygiagretusis jungimas:<\/span><\/strong><span style=\"color:rgb(77, 77, 77);font-size:18px;font-family:arial, helvetica, sans-serif\"> Lengvai prijunkite iki 4 akumuliatori\u0173 nuosekliai arba lygiagre\u010diai, pasiekdami bendr\u0105 talp\u0105 <\/span><span style=\"color:rgb(244, 78, 59);font-size:18px;font-family:arial, helvetica, sans-serif\">iki 20,48 kWh<\/span><span style=\"color:rgb(77, 77, 77);font-size:18px;font-family:arial, helvetica, sans-serif\">Pritaikykite savo energijos tiekimo sprendim\u0105 pagal savo poreikius.<\/span><\/p>\n<p><\/p>\n<p><strong><span style=\"color:rgb(77, 77, 77);font-size:18px;font-family:arial, helvetica, sans-serif\">Puikiai tinka:<\/span><\/strong><span style=\"color:rgb(77, 77, 77);font-size:18px;font-family:arial, helvetica, sans-serif\"> Sukurta taip, kad nepriekai\u0161tingai priglust\u0173 prie <\/span><span style=\"color:rgb(244, 78, 59);font-size:18px;font-family:arial, helvetica, sans-serif\">24 grup\u0117<\/span><span style=\"color:rgb(77, 77, 77);font-size:18px;font-family:arial, helvetica, sans-serif\"> Akumuliatoriaus d\u0117\u017eut\u0117, m\u016bs\u0173 100 Ah LiFePO4 akumuliatorius panaikina didesn\u0117s d\u0117\u017eut\u0117s poreik\u012f, tod\u0117l montavimas supaprast\u0117ja.<\/span><\/p>\n<p><\/p>\n<p><span style=\"color:rgb(244, 78, 59);font-size:18px;font-family:arial, helvetica, sans-serif\"><strong>5 met\u0173 garantija ir palaikymas<\/strong><\/span><strong><span style=\"color:rgb(77, 77, 77);font-size:18px;font-family:arial, helvetica, sans-serif\">: <\/span><\/strong><span style=\"color:rgb(77, 77, 77);font-size:18px;font-family:arial, helvetica, sans-serif\">J\u016bs\u0173 pasitenkinimas mums yra prioritetas. Jei turite klausim\u0173 ar abejoni\u0173, susisiekite su mumis. J\u016bs\u0173 ramybei m\u016bs\u0173 gaminiams suteikiama 5 met\u0173 garantija.<\/span><\/p>\n<p><img decoding=\"async\" src=\"https:\/\/ae01.alicdn.com\/kf\/Se276861c5c014f5db652d77b80308820I.jpg\" slate-data-type=\"image\"\/><img decoding=\"async\" src=\"https:\/\/ae01.alicdn.com\/kf\/S13c7cdac675b4cb1ac03a0c6ebf5173b3.jpg\" slate-data-type=\"image\"\/><img decoding=\"async\" src=\"https:\/\/ae01.alicdn.com\/kf\/S74b8553b5c204ad19baabc10fd6abe88w.jpg\" slate-data-type=\"image\"\/><img decoding=\"async\" src=\"https:\/\/ae01.alicdn.com\/kf\/S5f24b361bdd547368a896e1347c7a2d22.jpg\" slate-data-type=\"image\"\/><img decoding=\"async\" src=\"https:\/\/ae01.alicdn.com\/kf\/S2e123029ad8a46be95d3de60d6a83d81b.jpg\" slate-data-type=\"image\"\/><img decoding=\"async\" src=\"https:\/\/ae01.alicdn.com\/kf\/S76d786f1a11d4ba599c78abd29fb8ba8f.jpg\" slate-data-type=\"image\"\/><\/p>","protected":false},"excerpt":{"rendered":"<p>Hign-concerned Chemical:&nbsp;None Nominal Capacity:&nbsp;100Ah Weight:&nbsp;23.15 lbs \/ 10.5 kg Voltage:&nbsp;12.8V Size:&nbsp;260 x 168 x 209 mm \/ 10.2 x 6.6 x 8.2 inches Application:&nbsp;Home Storage \/ Outdoor Power Supply Model<\/p>","protected":false},"featured_media":8323,"comment_status":"open","ping_status":"closed","template":"","meta":{"_acf_changed":false},"product_brand":[],"product_cat":[237],"product_tag":[],"class_list":{"0":"post-8322","1":"product","2":"type-product","3":"status-publish","4":"has-post-thumbnail","6":"product_cat-100-200ah-lifepo4-batteries","8":"first","9":"instock","10":"shipping-taxable","11":"purchasable","12":"product-type-variable"},"acf":[],"_links":{"self":[{"href":"https:\/\/electricstore.eu\/lt\/wp-json\/wp\/v2\/product\/8322","targetHints":{"allow":["GET"]}}],"collection":[{"href":"https:\/\/electricstore.eu\/lt\/wp-json\/wp\/v2\/product"}],"about":[{"href":"https:\/\/electricstore.eu\/lt\/wp-json\/wp\/v2\/types\/product"}],"replies":[{"embeddable":true,"href":"https:\/\/electricstore.eu\/lt\/wp-json\/wp\/v2\/comments?post=8322"}],"wp:featuredmedia":[{"embeddable":true,"href":"https:\/\/electricstore.eu\/lt\/wp-json\/wp\/v2\/media\/8323"}],"wp:attachment":[{"href":"https:\/\/electricstore.eu\/lt\/wp-json\/wp\/v2\/media?parent=8322"}],"wp:term":[{"taxonomy":"product_brand","embeddable":true,"href":"https:\/\/electricstore.eu\/lt\/wp-json\/wp\/v2\/product_brand?post=8322"},{"taxonomy":"product_cat","embeddable":true,"href":"https:\/\/electricstore.eu\/lt\/wp-json\/wp\/v2\/product_cat?post=8322"},{"taxonomy":"product_tag","embeddable":true,"href":"https:\/\/electricstore.eu\/lt\/wp-json\/wp\/v2\/product_tag?post=8322"}],"curies":[{"name":"wp","href":"https:\/\/api.w.org\/{rel}","templated":true}]}}