{"id":8082,"date":"2025-05-19T17:35:13","date_gmt":"2025-05-19T17:35:13","guid":{"rendered":"https:\/\/electricstore.eu\/product\/uncategorized\/rose-building-block-bouquet-small-brick-assembly-tanabata-valentines-day-surprise-gift-stall-creativity\/"},"modified":"2025-05-21T05:40:05","modified_gmt":"2025-05-21T05:40:05","slug":"rose-building-block-bouquet-small-brick-assembly-tanabata-valentines-day-surprise-gift-stall-creativity","status":"publish","type":"product","link":"https:\/\/electricstore.eu\/lt\/p\/o\/rose-building-block-bouquet-small-brick-assembly-tanabata-valentines-day-surprise-gift-stall-creativity\/","title":{"rendered":"Elektrin\u0117 ro\u017ei\u0173 puok\u0161t\u0117, dekoratyvin\u0117 surinkimo dovana, 0 W, 0 V, 0 Ah, 0 km\/h, 0 km, 0 coli\u0173"},"content":{"rendered":"","protected":false},"excerpt":{"rendered":"","protected":false},"featured_media":8084,"comment_status":"open","ping_status":"closed","template":"","meta":{"_acf_changed":false},"product_brand":[],"product_cat":[15],"product_tag":[],"class_list":{"0":"post-8082","1":"product","2":"type-product","3":"status-publish","4":"has-post-thumbnail","6":"product_cat-o","8":"first","9":"instock","10":"shipping-taxable","11":"purchasable","12":"product-type-variable"},"acf":[],"_links":{"self":[{"href":"https:\/\/electricstore.eu\/lt\/wp-json\/wp\/v2\/product\/8082","targetHints":{"allow":["GET"]}}],"collection":[{"href":"https:\/\/electricstore.eu\/lt\/wp-json\/wp\/v2\/product"}],"about":[{"href":"https:\/\/electricstore.eu\/lt\/wp-json\/wp\/v2\/types\/product"}],"replies":[{"embeddable":true,"href":"https:\/\/electricstore.eu\/lt\/wp-json\/wp\/v2\/comments?post=8082"}],"wp:featuredmedia":[{"embeddable":true,"href":"https:\/\/electricstore.eu\/lt\/wp-json\/wp\/v2\/media\/8084"}],"wp:attachment":[{"href":"https:\/\/electricstore.eu\/lt\/wp-json\/wp\/v2\/media?parent=8082"}],"wp:term":[{"taxonomy":"product_brand","embeddable":true,"href":"https:\/\/electricstore.eu\/lt\/wp-json\/wp\/v2\/product_brand?post=8082"},{"taxonomy":"product_cat","embeddable":true,"href":"https:\/\/electricstore.eu\/lt\/wp-json\/wp\/v2\/product_cat?post=8082"},{"taxonomy":"product_tag","embeddable":true,"href":"https:\/\/electricstore.eu\/lt\/wp-json\/wp\/v2\/product_tag?post=8082"}],"curies":[{"name":"wp","href":"https:\/\/api.w.org\/{rel}","templated":true}]}}