{"id":7723,"date":"2025-05-15T19:52:37","date_gmt":"2025-05-15T19:52:37","guid":{"rendered":"https:\/\/electricstore.eu\/product\/electric-mobility-scooter\/"},"modified":"2025-05-21T05:40:10","modified_gmt":"2025-05-21T05:40:10","slug":"electric-mobility-scooter","status":"publish","type":"product","link":"https:\/\/electricstore.eu\/lt\/p\/electric-mobility-scooters\/electric-mobility-scooter\/","title":{"rendered":"ZHANGU DH0305 500W 36V 10.5Ah &lt;30km\/h 40-60km 10&quot; keturratis elektrinis paspirtukas"},"content":{"rendered":"<div class=\"product-specs-list-container\">\n<ul class=\"product-specs-list util-clearfix\">\n<li class=\"product-prop line-limit-length\"><span\n                                        class=\"property-title\">Kategorija:&nbsp;<\/span><span\n                                        class=\"property-desc line-limit-length\">Keturratis motoroleris<\/span>\n                            <\/li>\n<li class=\"product-prop line-limit-length\"><span\n                                        class=\"property-title\">Taikomi \u017emon\u0117s:&nbsp;<\/span><span\n                                        class=\"property-desc line-limit-length\">Unisex<\/span>\n                            <\/li>\n<li class=\"product-prop line-limit-length\"><span\n                                        class=\"property-title\">Atstumas vienu \u012fkrovimu:&nbsp;<\/span><span\n                                        class=\"property-desc line-limit-length\">40\u201360 km<\/span>\n                            <\/li>\n<li class=\"product-prop line-limit-length\"><span\n                                        class=\"property-title\">\u012ekrovimo laikas:&nbsp;<\/span><span\n                                        class=\"property-desc line-limit-length\">1\u20132 val.<\/span>\n                            <\/li>\n<li class=\"product-prop line-limit-length\"><span\n                                        class=\"property-title\">\u012etampa:&nbsp;<\/span><span\n                                        class=\"property-desc line-limit-length\">36 V<\/span>\n                            <\/li>\n<li class=\"product-prop line-limit-length\"><span\n                                        class=\"property-title\">Sulankstytas:&nbsp;<\/span><span\n                                        class=\"property-desc line-limit-length\">Ne<\/span>\n                            <\/li>\n<li class=\"product-prop line-limit-length\"><span\n                                        class=\"property-title\">Kilm\u0117:&nbsp;<\/span><span\n                                        class=\"property-desc line-limit-length\">\u017demynin\u0117 Kinija<\/span>\n                            <\/li>\n<li class=\"product-prop line-limit-length\"><span\n                                        class=\"property-title\">Galia (W):&nbsp;<\/span><span\n                                        class=\"property-desc line-limit-length\">201\u2013500 W<\/span>\n                            <\/li>\n<li class=\"product-prop line-limit-length\"><span\n                                        class=\"property-title\">Prek\u0117s \u017eenklas:&nbsp;<\/span><span\n                                        class=\"property-desc line-limit-length\">D\u017dANGU<\/span>\n                            <\/li>\n<li class=\"product-prop line-limit-length\"><span\n                                        class=\"property-title\">Kilm\u0117s vieta:&nbsp;<\/span><span\n                                        class=\"property-desc line-limit-length\">D\u017eedziangas, Kinija<\/span>\n                            <\/li>\n<li class=\"product-prop line-limit-length\"><span\n                                        class=\"property-title\">Modelio numeris:&nbsp;<\/span><span\n                                        class=\"property-desc line-limit-length\">DH0305<\/span>\n                            <\/li>\n<li class=\"product-prop line-limit-length\"><span\n                                        class=\"property-title\">Pavaros:&nbsp;<\/span><span\n                                        class=\"property-desc line-limit-length\">3 grei\u010diai<\/span>\n                            <\/li>\n<li class=\"product-prop line-limit-length\"><span\n                                        class=\"property-title\">Diapazonas pagal gali\u0105:&nbsp;<\/span><span\n                                        class=\"property-desc line-limit-length\">31\u201360 km<\/span>\n                            <\/li>\n<li class=\"product-prop line-limit-length\"><span\n                                        class=\"property-title\">R\u0117mo med\u017eiaga:&nbsp;<\/span><span\n                                        class=\"property-desc line-limit-length\">Plienas<\/span>\n                            <\/li>\n<li class=\"product-prop line-limit-length\"><span\n                                        class=\"property-title\">Rat\u0173 dydis:&nbsp;<\/span><span\n                                        class=\"property-desc line-limit-length\">10 coli\u0173<\/span>\n                            <\/li>\n<li class=\"product-prop line-limit-length\"><span\n                                        class=\"property-title\">Maksimalus greitis:&nbsp;<\/span><span\n                                        class=\"property-desc line-limit-length\">&lt;30 km\/val.<\/span>\n                            <\/li>\n<li class=\"product-prop line-limit-length\"><span\n                                        class=\"property-title\">Maitinimo \u0161altinis:&nbsp;<\/span><span\n                                        class=\"property-desc line-limit-length\">li\u010dio baterija<\/span>\n                            <\/li>\n<li class=\"product-prop line-limit-length\"><span\n                                        class=\"property-title\">Stabd\u017ei\u0173 sistema:&nbsp;<\/span><span\n                                        class=\"property-desc line-limit-length\">Diskinis stabdys<\/span>\n                            <\/li>\n<li class=\"product-prop line-limit-length\"><span\n                                        class=\"property-title\">Sukimo momentas:&nbsp;<\/span><span\n                                        class=\"property-desc line-limit-length\">30\u201350 Nm<\/span>\n                            <\/li>\n<li class=\"product-prop line-limit-length\"><span\n                                        class=\"property-title\">\u012ekrovimo laikas:&nbsp;<\/span><span\n                                        class=\"property-desc line-limit-length\">&gt;3 valandos<\/span>\n                            <\/li>\n<li class=\"product-prop line-limit-length\"><span\n                                        class=\"property-title\">Variklio pad\u0117tis:&nbsp;<\/span><span\n                                        class=\"property-desc line-limit-length\">Galinio stebul\u0117s variklis<\/span>\n                            <\/li>\n<li class=\"product-prop line-limit-length\"><span\n                                        class=\"property-title\">Baterijos pad\u0117tis:&nbsp;<\/span><span\n                                        class=\"property-desc line-limit-length\">Integruota baterija<\/span>\n                            <\/li>\n<li class=\"product-prop line-limit-length\"><span\n                                        class=\"property-title\">Baterijos talpa:&nbsp;<\/span><span\n                                        class=\"property-desc line-limit-length\">10,5 Ah<\/span>\n                            <\/li>\n<li class=\"product-prop line-limit-length\"><span\n                                        class=\"property-title\">Produkto pavadinimas:&nbsp;<\/span><span\n                                        class=\"property-desc line-limit-length\">Elektrinis motociklas<\/span>\n                            <\/li>\n<li class=\"product-prop line-limit-length\"><span\n                                        class=\"property-title\">Variklio galia:&nbsp;<\/span><span\n                                        class=\"property-desc line-limit-length\">250 W dvigubas galinis variklis<\/span>\n                            <\/li>\n<li class=\"product-prop line-limit-length\"><span\n                                        class=\"property-title\">Baterija:&nbsp;<\/span><span\n                                        class=\"property-desc line-limit-length\">Nuo 36 V 10,4 Ah iki 36 V 45 Ah<\/span>\n                            <\/li>\n<li class=\"product-prop line-limit-length\"><span\n                                        class=\"property-title\">Variklis:&nbsp;<\/span><span\n                                        class=\"property-desc line-limit-length\">Be\u0161epetis<\/span>\n                            <\/li>\n<li class=\"product-prop line-limit-length\"><span\n                                        class=\"property-title\">Maksimali apkrova:&nbsp;<\/span><span\n                                        class=\"property-desc line-limit-length\">120 kg<\/span>\n                            <\/li>\n<li class=\"product-prop line-limit-length\"><span\n                                        class=\"property-title\">Diapazonas:&nbsp;<\/span><span\n                                        class=\"property-desc line-limit-length\">25 km<\/span>\n                            <\/li>\n<li class=\"product-prop line-limit-length\"><span\n                                        class=\"property-title\">Valdiklis:&nbsp;<\/span><span\n                                        class=\"property-desc line-limit-length\">I\u0161manusis valdiklis<\/span>\n                            <\/li>\n<li class=\"product-prop line-limit-length\"><span\n                                        class=\"property-title\">Med\u017eiaga:&nbsp;<\/span><span\n                                        class=\"property-desc line-limit-length\">Didelio tempimo plienas<\/span>\n                            <\/li>\n<li class=\"product-prop line-limit-length\"><span\n                                        class=\"property-title\">Sertifikavimas:&nbsp;<\/span><span\n                                        class=\"property-desc line-limit-length\">ce<\/span>\n                            <\/li>\n<li class=\"product-prop line-limit-length\"><span\n                                        class=\"property-title\">Sertifikatas:&nbsp;<\/span><span\n                                        class=\"property-desc line-limit-length\"><\/span>\n                            <\/li>\n<\/ul><\/div>\n<div class=\"detailmodule_html\">\n<div class=\"detail-desc-decorate-richtext\">\n<div>\n<div>\n<div>\u00a0<\/div>\n<div id=\"detail_decorate_root\">\n<div>\n<div id=\"ali-anchor-AliMagic-5d4zru\">Produkto apra\u0161ymas<\/div>\n<\/div>\n<div>\n<div>\n<div>\n<div>\n<div>\n<div><img decoding=\"async\" class=\"magic-3\" src=\"https:\/\/ae01.alicdn.com\/kf\/S65346f3ff9684171bdb54084884cf8b4u.jpg?width=1007&amp;height=997&amp;hash=2004\" slate-data-type=\"image\"\/><\/div>\n<\/div>\n<\/div>\n<\/div>\n<\/div>\n<\/div>\n<div>\n<div>\n<table style=\"border-collapse:collapse\" class=\"has-title all magic-4\">\n<tbody>\n<tr>\n<td>\n<div><strong>Modelio numeris\u00a0<\/strong><\/div>\n<\/td>\n<td>\n<div>DH0305<\/div>\n<\/td>\n<td>\n<div>\u00a0<\/div>\n<\/td>\n<td>\n<div>\u00a0<\/div>\n<\/td>\n<\/tr>\n<tr>\n<td>\n<div><strong>Variklis<\/strong><\/div>\n<\/td>\n<td>\n<div>500 W be\u0161epetis galinis variklis<\/div>\n<\/td>\n<td>\n<div><strong>R\u0117mas<\/strong><\/div>\n<\/td>\n<td>\n<div>Auk\u0161tos kokyb\u0117s anglinis plienas<\/div>\n<\/td>\n<\/tr>\n<tr>\n<td>\n<div><strong>Baterija<\/strong><\/div>\n<\/td>\n<td>\n<div>36 V 10 Ah\u201315,6 Ah li\u010dio akumuliatorius<\/div>\n<\/td>\n<td>\n<div><strong>Priekin\u0117s\/galin\u0117s padangos<\/strong><\/div>\n<\/td>\n<td>\n<div>10\/8 coli\u0173 padangos<\/div>\n<\/td>\n<\/tr>\n<tr>\n<td>\n<div><strong>\u012ekroviklis<\/strong><\/div>\n<\/td>\n<td>\n<div>100\u2013240 V, 50\u201360 Hz, i\u0161manusis \u012fkroviklis<\/div>\n<\/td>\n<td>\n<div><strong>Vairas<\/strong><\/div>\n<\/td>\n<td>\n<div>Aliuminio lydinys<\/div>\n<\/td>\n<\/tr>\n<tr>\n<td>\n<div><strong>Valdiklis<\/strong><\/div>\n<\/td>\n<td>\n<div>Didelio efektyvumo i\u0161manusis valdiklis<\/div>\n<\/td>\n<td>\n<div><strong>Sukibimas<\/strong><\/div>\n<\/td>\n<td>\n<div>Patogi rankena<\/div>\n<\/td>\n<\/tr>\n<tr>\n<td>\n<div><strong>Ekranas<\/strong><\/div>\n<\/td>\n<td>\n<div>LED ekranas<\/div>\n<\/td>\n<td>\n<div><strong>Balnas<\/strong><\/div>\n<\/td>\n<td>\n<div>Mink\u0161tas dvigubas balnelis<\/div>\n<\/td>\n<\/tr>\n<tr>\n<td>\n<div><strong>\u0160viesa<\/strong><\/div>\n<\/td>\n<td>\n<div>LED lemput\u0117\u00a0<\/div>\n<\/td>\n<td>\n<div><strong>Spalva<\/strong><\/div>\n<\/td>\n<td>\n<div>Atidaryti<\/div>\n<\/td>\n<\/tr>\n<tr>\n<td colspan=\"4\">\n<div>\u00a0<\/div>\n<\/td>\n<td class=\"magic-11\">\n<div>\u00a0<\/div>\n<\/td>\n<td class=\"magic-11\">\n<div>\u00a0<\/div>\n<\/td>\n<td class=\"magic-11\">\n<div>\u00a0<\/div>\n<\/td>\n<\/tr>\n<tr>\n<td>\n<div><strong>Maksimalus greitis<\/strong><\/div>\n<\/td>\n<td>\n<div>18 km\/val.<\/div>\n<\/td>\n<td>\n<div><strong>Produkto dydis<\/strong><\/div>\n<\/td>\n<td>\n<div>980 * 550 * 830 mm<\/div>\n<\/td>\n<\/tr>\n<tr>\n<td>\n<div><strong>Va\u017eiavimo atstumas<\/strong><\/div>\n<\/td>\n<td>\n<div>25 km<\/div>\n<\/td>\n<td>\n<div><strong>Pakuot\u0117s dydis<\/strong><\/div>\n<\/td>\n<td>\n<div>575 * 400 * 720 mm<\/div>\n<\/td>\n<\/tr>\n<tr>\n<td>\n<div><strong>\u012ekrovimo laikas<\/strong><\/div>\n<\/td>\n<td>\n<div>5 valandos<\/div>\n<\/td>\n<td>\n<div>\u00a0<\/div>\n<\/td>\n<td>\n<div>\u00a0<\/div>\n<\/td>\n<\/tr>\n<tr>\n<td>\n<div><strong>Maksimali apkrova<\/strong><\/div>\n<\/td>\n<td>\n<div>120 kg<\/div>\n<\/td>\n<td>\n<div>\u00a0<\/div>\n<\/td>\n<td>\n<div>\u00a0<\/div>\n<\/td>\n<\/tr>\n<\/tbody>\n<\/table>\n<\/div>\n<\/div>\n<div>\n<div id=\"ali-anchor-AliMagic-o1csom\">Produkto vaizdai<\/div>\n<\/div>\n<div>\n<div>\n<div>\n<div>\n<div>\n<div><img decoding=\"async\" class=\"magic-14\" src=\"https:\/\/ae01.alicdn.com\/kf\/Se1e040235e9846b8bb063af2468f694c2.jpg?width=631&amp;height=631&amp;hash=1262\" slate-data-type=\"image\"\/><\/div>\n<\/div>\n<\/div>\n<\/div>\n<\/div>\n<\/div>\n<div>\n<div>\n<div>\n<div>\n<div>\n<div><img decoding=\"async\" class=\"magic-15\" src=\"https:\/\/ae01.alicdn.com\/kf\/S76a2495475da433e8ed55ec374928a3fF.jpg?width=1000&amp;height=1000&amp;hash=2000\" slate-data-type=\"image\"\/><\/div>\n<\/div>\n<\/div>\n<\/div>\n<\/div>\n<\/div>\n<div>\n<div>\n<div>\n<div>\n<div>\n<div><img decoding=\"async\" class=\"magic-17\" src=\"https:\/\/ae01.alicdn.com\/kf\/S616be776d11341b7864980594822f8a1Q.jpg?width=649&amp;height=650&amp;hash=1299\" slate-data-type=\"image\"\/><\/div>\n<div><img decoding=\"async\" class=\"magic-19\" src=\"https:\/\/ae01.alicdn.com\/kf\/S73267641890a4d88ae4e3f39032cd597m.jpg?width=650&amp;height=649&amp;hash=1299\" slate-data-type=\"image\"\/><\/div>\n<\/div>\n<\/div>\n<\/div>\n<\/div>\n<\/div>\n<div>\n<div>\n<div>\n<div>\n<div>\n<div><img decoding=\"async\" class=\"magic-21\" src=\"https:\/\/ae01.alicdn.com\/kf\/S1cd4cd6aa0a5496c889f1933cfd987cbe.jpg?width=970&amp;height=1500&amp;hash=2470\" slate-data-type=\"image\"\/><\/div>\n<\/div>\n<\/div>\n<\/div>\n<\/div>\n<\/div>\n<div>\n<div>\n<div>\n<div>\n<div>\n<div><img decoding=\"async\" class=\"magic-23\" src=\"https:\/\/ae01.alicdn.com\/kf\/S9a4792b775d54a9498ae331261cca280e.jpg?width=1265&amp;height=1500&amp;hash=2765\" slate-data-type=\"image\"\/><\/div>\n<\/div>\n<\/div>\n<\/div>\n<\/div>\n<\/div>\n<div>\n<div>\n<div>\n<div>\n<div>\n<div><img decoding=\"async\" class=\"magic-25\" src=\"https:\/\/ae01.alicdn.com\/kf\/Se434e2a48d80405d990cb55432385d948.jpg?width=1352&amp;height=1500&amp;hash=2852\" slate-data-type=\"image\"\/><\/div>\n<\/div>\n<\/div>\n<\/div>\n<\/div>\n<\/div>\n<div>\n<div>\n<div>\n<div>\n<div>\n<div><img decoding=\"async\" class=\"magic-27\" src=\"https:\/\/ae01.alicdn.com\/kf\/S32ea4943f3924d5584b71dd45e45df53S.jpg?width=1000&amp;height=750&amp;hash=1750\" slate-data-type=\"image\"\/><\/div>\n<\/div>\n<\/div>\n<\/div>\n<\/div>\n<\/div>\n<div>\n<div id=\"ali-anchor-AliMagic-qqhum3\">M\u016bs\u0173 \u012fmon\u0117<\/div>\n<\/div>\n<div>\n<div>\n<div>\n<div>\n<div>\n<div><img decoding=\"async\" class=\"magic-29\" src=\"https:\/\/ae01.alicdn.com\/kf\/Sb0b0449c0dcf4df0aa0e69a41b0dbb92S.jpg?width=750&amp;height=400&amp;hash=1150\" slate-data-type=\"image\"\/><\/div>\n<\/div>\n<\/div>\n<\/div>\n<\/div>\n<\/div>\n<div>\n<div>\n<div>\n<div>\n<div>\n<div><img decoding=\"async\" class=\"magic-30\" src=\"https:\/\/ae01.alicdn.com\/kf\/S164111958a284dd08f5012fa8fb1ed21q.jpg?width=4032&amp;height=3024&amp;hash=7056\" slate-data-type=\"image\"\/><\/div>\n<\/div>\n<\/div>\n<\/div>\n<\/div>\n<\/div>\n<div>\n<div>\n<div>\n<div>\n<div>\n<div>\n<div>\u00a0<\/div>\n<div><span> \u201eYongkang Dahai Industry and Trade Co., LTD.\u201c buvo \u012fkurta 2011 m. ir turi didel\u0119 patirt\u012f elektromobili\u0173 pramon\u0117je, tod\u0117l Jums tieksime patikimus elektromobili\u0173 sprendimus, tokius kaip elektriniai paspirtukai ir elektriniai motociklai. Teikiame OEM ir ODM paslaugas; M\u016bs\u0173 produktai parduodami daugiau nei 50 \u0161ali\u0173 ir region\u0173 visame pasaulyje; Turime CE, ROSH, FCC ir kitus tarptautinius sertifikatus bei daugyb\u0119 gamini\u0173 patent\u0173; Turime stiprias gamini\u0173 projektavimo ir k\u016brimo galimybes, grie\u017etas valdymo ir kokyb\u0117s kontrol\u0117s sistemas; M\u016bs\u0173 profesionali u\u017esienio prekybos komanda entuziastingai aptarnauja klientus ir siekia tobul\u0117jimo bei meistri\u0161kumo konkurencin\u0117je kovoje; Tikim\u0117s tur\u0117ti galimyb\u0119 u\u017emegzti ilgalaik\u012f bendradarbiavim\u0105 ir abipusiai nauding\u0105 rezultat\u0105 su Jumis!<\/span><\/div>\n<div>\u00a0<\/div>\n<\/div>\n<\/div>\n<\/div>\n<\/div>\n<\/div>\n<\/div>\n<div>\u00a0<\/div>\n<div>\n<div id=\"ali-anchor-AliMagic-22j5mo\">Sertifikatai<\/div>\n<\/div>\n<div>\n<div>\n<div>\n<div>\n<div>\n<div><img decoding=\"async\" class=\"magic-41\" src=\"https:\/\/ae01.alicdn.com\/kf\/S6dfa9042940d4bd79773e8c3f2e3d3acI.jpg?width=790&amp;height=953&amp;hash=1743\" slate-data-type=\"image\"\/><\/div>\n<\/div>\n<\/div>\n<\/div>\n<\/div>\n<\/div>\n<div>\n<div id=\"ali-anchor-AliMagic-uhh5q1\">Pirk\u0117j\u0173 atsiliepimai<\/div>\n<\/div>\n<div>\u00a0<\/div>\n<div>\n<div id=\"ali-anchor-AliMagic-kpnqam\">Pakavimas ir pristatymas<\/div>\n<\/div>\n<div>\n<div>\n<div>\n<div>\n<div>\n<div><img decoding=\"async\" class=\"magic-47\" src=\"https:\/\/ae01.alicdn.com\/kf\/S32ea4943f3924d5584b71dd45e45df53S.jpg?width=1000&amp;height=750&amp;hash=1750\" slate-data-type=\"image\"\/><\/div>\n<\/div>\n<div>\u00a0<\/div>\n<div>\u00a0<\/div>\n<\/div>\n<div>\n<div>\n<div><img decoding=\"async\" class=\"magic-50\" src=\"https:\/\/ae01.alicdn.com\/kf\/S09841dbaae10458eba8ca805856c4f68a.jpg?width=1440&amp;height=1080&amp;hash=2520\" slate-data-type=\"image\"\/><\/div>\n<\/div>\n<div>\u00a0<\/div>\n<div>\u00a0<\/div>\n<\/div>\n<div>\n<div>\n<div><img decoding=\"async\" class=\"magic-50\" src=\"https:\/\/ae01.alicdn.com\/kf\/S6f3348679c394569902e96ab82057e0b1.jpg?width=1440&amp;height=1080&amp;hash=2520\" slate-data-type=\"image\"\/><\/div>\n<\/div>\n<div>\u00a0<\/div>\n<div>\u00a0<\/div>\n<\/div>\n<\/div>\n<\/div>\n<\/div>\n<div>\n<div id=\"ali-anchor-AliMagic-yqexns\">M\u016bs\u0173 paslauga<\/div>\n<\/div>\n<div>\n<div>\n<div>\n<div>\n<div>\n<div>\n<div>1. OEM leid\u017eiama<\/p>\n<p>2. U\u017esakymo pavyzdys<\/p>\n<p>3. \u012e j\u016bs\u0173 u\u017eklaus\u0105 atsakysime per 24 valandas.<\/p>\n<p>4. I\u0161siunt\u0119 prekes, mes jas steb\u0117sime kas dvi dienas, kol jas gausite. Kai gausite prekes, i\u0161bandykite jas ir pateikite atsiliepim\u0105. Jei turite klausim\u0173 apie problem\u0105, susisiekite su mumis, mes pasi\u016blysime jums sprendimo b\u016bd\u0105.<\/p>\n<p><span>5. M\u016bs\u0173 garantinis laikas yra toks:<br \/>\u25c612 m\u0117nesi\u0173 elektros varikliui<br \/>\u25c612 m\u0117nesi\u0173 li\u010dio jon\u0173 akumuliatoriui<br \/>\u25c6 24 m\u0117nesiai r\u0117mui.<br \/>\u25c612 m\u0117nesi\u0173 valdikliui.<br \/>\u25c612 m\u0117nesi\u0173 \u012fkrovikliui.<br \/>\u25c66 m\u0117nesiai kitoms dalims.<\/span><\/div>\n<p class=\"magic-35\">.<\/p>\n<\/div>\n<\/div>\n<\/div>\n<\/div>\n<\/div>\n<\/div>\n<div>\n<div id=\"ali-anchor-AliMagic-yvqitf\">DUK<\/div>\n<\/div>\n<div>\n<div>\n<div>\n<div>\n<div>\n<div>\n<p class=\"magic-35\"><strong>1 klausimas. Kokios yra j\u016bs\u0173 pakavimo s\u0105lygos? <\/strong><br \/>A: Paprastai savo prekes pakuojame \u012f neutralias baltas d\u0117\u017ees ir rudas d\u0117\u017ees. Jei turite teisi\u0161kai \u012fregistruot\u0105 patent\u0105, gav\u0119 j\u016bs\u0173 \u012fgaliojimus, galime supakuoti prekes \u012f j\u016bs\u0173 firmines d\u0117\u017ees.<\/p>\n<p><strong>2 klausimas. Kokios yra j\u016bs\u0173 mok\u0117jimo s\u0105lygos?<\/strong><br \/>A: T\/T 30% kaip u\u017estatas ir 70% prie\u0161 pristatym\u0105. Prie\u0161 sumok\u0117dami likut\u012f, parodysime jums produkt\u0173 ir pakuo\u010di\u0173 nuotraukas.<\/p>\n<p><strong>3 klausimas. Kokios yra j\u016bs\u0173 pristatymo s\u0105lygos?<\/strong><br \/>A: EXW, FOB, CIF.<\/p>\n<p><strong>4 klausimas. O kaip d\u0117l j\u016bs\u0173 pristatymo laiko?<\/strong><br \/>A: Paprastai tai u\u017etruks nuo 30 iki 60 dien\u0173 nuo i\u0161ankstinio mok\u0117jimo gavimo. Konkretus pristatymo laikas priklauso nuo preki\u0173 ir u\u017esakymo kiekio.<\/p>\n<p><strong>5 klausimas. Ar galite pagaminti pagal pavyzd\u017eius?<\/strong><br \/>A: Taip, galime pagaminti pagal j\u016bs\u0173 pavyzd\u017eius arba techninius br\u0117\u017einius. Galime pagaminti formas ir armat\u016br\u0105.<\/p>\n<p><strong>6 klausimas. Kokia j\u016bs\u0173 pavyzdin\u0117 politika?<\/strong><br \/>A: Mes galime pateikti pavyzd\u012f, jei turime paruo\u0161t\u0173 dali\u0173 sand\u0117lyje, ta\u010diau klientai turi sumok\u0117ti m\u0117ginio ir kurjerio i\u0161laidas.<\/p>\n<p><strong>7 klausimas. Ar prie\u0161 pristatym\u0105 i\u0161bandote visas savo prekes?<\/strong><br \/>A: Taip, prie\u0161 pristatym\u0105 turime 100% test\u0105<\/p>\n<p><strong>8 klausimas: Kaip j\u016bs u\u017emezgate ilgalaikius ir gerus m\u016bs\u0173 verslo santykius?<\/strong><br \/>A: 1. Mes u\u017etikriname ger\u0105 kokyb\u0119 ir konkurencing\u0105 kain\u0105, kad u\u017etikrintume naud\u0105 m\u016bs\u0173 klientams; 2. Mes gerbiame kiekvien\u0105 klient\u0105 kaip savo draug\u0105 ir nuo\u0161ird\u017eiai bendradarbiaujame su jais, nesvarbu, i\u0161 kur jie kil\u0119.<\/p>\n<p><strong>9 klausimas: Ar galime ant motociklo u\u017ed\u0117ti savo logotip\u0105 ar prek\u0117s \u017eenkl\u0105?<\/strong><br \/>A: Taip, mes priimame OEM.<\/p>\n<\/div>\n<\/div>\n<\/div>\n<\/div>\n<\/div>\n<\/div>\n<\/div>\n<\/div>\n<\/div>\n<div><\/div>\n<\/div>\n<\/div>\n<p><\/p>","protected":false},"excerpt":{"rendered":"<p>Category:&nbsp;Four-wheel Scooter Applicable People:&nbsp;Unisex Range Per Charge:&nbsp;40-60km Charging Time:&nbsp;1-2h Voltage:&nbsp;36V Folded:&nbsp;No Origin:&nbsp;Mainland China Power (W):&nbsp;201-500W Brand Name:&nbsp;ZHANGU Place of Origin:&nbsp;Zhejiang, China Model Number:&nbsp;DH0305 Gears:&nbsp;3 Speed Range per Power:&nbsp;31 &#8211; 60<\/p>","protected":false},"featured_media":7724,"comment_status":"open","ping_status":"closed","template":"","meta":{"_acf_changed":false},"product_brand":[],"product_cat":[301],"product_tag":[],"class_list":{"0":"post-7723","1":"product","2":"type-product","3":"status-publish","4":"has-post-thumbnail","6":"product_cat-electric-mobility-scooters","8":"first","9":"instock","10":"shipping-taxable","11":"purchasable","12":"product-type-variable"},"acf":[],"_links":{"self":[{"href":"https:\/\/electricstore.eu\/lt\/wp-json\/wp\/v2\/product\/7723","targetHints":{"allow":["GET"]}}],"collection":[{"href":"https:\/\/electricstore.eu\/lt\/wp-json\/wp\/v2\/product"}],"about":[{"href":"https:\/\/electricstore.eu\/lt\/wp-json\/wp\/v2\/types\/product"}],"replies":[{"embeddable":true,"href":"https:\/\/electricstore.eu\/lt\/wp-json\/wp\/v2\/comments?post=7723"}],"wp:featuredmedia":[{"embeddable":true,"href":"https:\/\/electricstore.eu\/lt\/wp-json\/wp\/v2\/media\/7724"}],"wp:attachment":[{"href":"https:\/\/electricstore.eu\/lt\/wp-json\/wp\/v2\/media?parent=7723"}],"wp:term":[{"taxonomy":"product_brand","embeddable":true,"href":"https:\/\/electricstore.eu\/lt\/wp-json\/wp\/v2\/product_brand?post=7723"},{"taxonomy":"product_cat","embeddable":true,"href":"https:\/\/electricstore.eu\/lt\/wp-json\/wp\/v2\/product_cat?post=7723"},{"taxonomy":"product_tag","embeddable":true,"href":"https:\/\/electricstore.eu\/lt\/wp-json\/wp\/v2\/product_tag?post=7723"}],"curies":[{"name":"wp","href":"https:\/\/api.w.org\/{rel}","templated":true}]}}