{"id":7702,"date":"2025-05-15T19:44:18","date_gmt":"2025-05-15T19:44:18","guid":{"rendered":"https:\/\/electricstore.eu\/product\/cmacewheel-ac16-48v-18ah-foldable-electric-bicycle\/"},"modified":"2025-05-20T13:11:09","modified_gmt":"2025-05-20T13:11:09","slug":"cmacewheel-ac16-48v-18ah-foldable-electric-bicycle","status":"publish","type":"product","link":"https:\/\/electricstore.eu\/lt\/p\/bikes\/folding-bikes\/cmacewheel-ac16-48v-18ah-foldable-electric-bicycle\/","title":{"rendered":"CMACEWHEEL AC16 250W 48V 18Ah 25km\/h 31-60km 20 coli\u0173 sulankstomas elektrinis dviratis"},"content":{"rendered":"<div class=\"product-specs-list-container\">\n<ul class=\"product-specs-list util-clearfix\">\n<li class=\"product-prop line-limit-length\"><span\n                                        class=\"property-title\">Modelio numeris:&nbsp;<\/span><span\n                                        class=\"property-desc line-limit-length\">AC16<\/span>\n                            <\/li>\n<li class=\"product-prop line-limit-length\"><span\n                                        class=\"property-title\">Nominali keleivi\u0173 talpa:&nbsp;<\/span><span\n                                        class=\"property-desc line-limit-length\">Viena s\u0117dyn\u0117<\/span>\n                            <\/li>\n<li class=\"product-prop line-limit-length\"><span\n                                        class=\"property-title\">Stilius:&nbsp;<\/span><span\n                                        class=\"property-desc line-limit-length\">Daugiafunkcinis tipas<\/span>\n                            <\/li>\n<li class=\"product-prop line-limit-length\"><span\n                                        class=\"property-title\">Diapazonas pagal gali\u0105:&nbsp;<\/span><span\n                                        class=\"property-desc line-limit-length\">31\u201360 km<\/span>\n                            <\/li>\n<li class=\"product-prop line-limit-length\"><span\n                                        class=\"property-title\">Galia:&nbsp;<\/span><span\n                                        class=\"property-desc line-limit-length\">200\u2013250 W<\/span>\n                            <\/li>\n<li class=\"product-prop line-limit-length\"><span\n                                        class=\"property-title\">Maitinimo \u0161altinis:&nbsp;<\/span><span\n                                        class=\"property-desc line-limit-length\">li\u010dio baterija<\/span>\n                            <\/li>\n<li class=\"product-prop line-limit-length\"><span\n                                        class=\"property-title\">\u012etampa:&nbsp;<\/span><span\n                                        class=\"property-desc line-limit-length\">48 V<\/span>\n                            <\/li>\n<li class=\"product-prop line-limit-length\"><span\n                                        class=\"property-title\">Kilm\u0117:&nbsp;<\/span><span\n                                        class=\"property-desc line-limit-length\">\u017demynin\u0117 Kinija<\/span>\n                            <\/li>\n<li class=\"product-prop line-limit-length\"><span\n                                        class=\"property-title\">Sulankstytas:&nbsp;<\/span><span\n                                        class=\"property-desc line-limit-length\">Taip<\/span>\n                            <\/li>\n<li class=\"product-prop line-limit-length\"><span\n                                        class=\"property-title\">Variklis:&nbsp;<\/span><span\n                                        class=\"property-desc line-limit-length\">Be\u0161epetis<\/span>\n                            <\/li>\n<li class=\"product-prop line-limit-length\"><span\n                                        class=\"property-title\">Rat\u0173 dydis:&nbsp;<\/span><span\n                                        class=\"property-desc line-limit-length\">20 coli\u0173<\/span>\n                            <\/li>\n<li class=\"product-prop line-limit-length\"><span\n                                        class=\"property-title\">R\u0117mo med\u017eiaga:&nbsp;<\/span><span\n                                        class=\"property-desc line-limit-length\">Aliuminio lydinys<\/span>\n                            <\/li>\n<li class=\"product-prop line-limit-length\"><span\n                                        class=\"property-title\">\u0160viesa:&nbsp;<\/span><span\n                                        class=\"property-desc line-limit-length\">LED priekinis \u017eibintas<\/span>\n                            <\/li>\n<li class=\"product-prop line-limit-length\"><span\n                                        class=\"property-title\">\u016agis:&nbsp;<\/span><span\n                                        class=\"property-desc line-limit-length\">155-200cm<\/span>\n                            <\/li>\n<li class=\"product-prop line-limit-length\"><span\n                                        class=\"property-title\">Maksimali apkrova:&nbsp;<\/span><span\n                                        class=\"property-desc line-limit-length\">150Kg<\/span>\n                            <\/li>\n<li class=\"product-prop line-limit-length\"><span\n                                        class=\"property-title\">Grynasis svoris:&nbsp;<\/span><span\n                                        class=\"property-desc line-limit-length\">28.7Kg<\/span>\n                            <\/li>\n<li class=\"product-prop line-limit-length\"><span\n                                        class=\"property-title\">Pakaba:&nbsp;<\/span><span\n                                        class=\"property-desc line-limit-length\">Priekin\u0117s \u0161ak\u0117s amortizatoriaus pakaba<\/span>\n                            <\/li>\n<li class=\"product-prop line-limit-length\"><span\n                                        class=\"property-title\">U\u017ekrato perne\u0161imas:&nbsp;<\/span><span\n                                        class=\"property-desc line-limit-length\">7 grei\u010di\u0173<\/span>\n                            <\/li>\n<li class=\"product-prop line-limit-length\"><span\n                                        class=\"property-title\">Sukimo momentas:&nbsp;<\/span><span\n                                        class=\"property-desc line-limit-length\">60N.m<\/span>\n                            <\/li>\n<li class=\"product-prop line-limit-length\"><span\n                                        class=\"property-title\">Stabd\u017ei\u0173 sistema:&nbsp;<\/span><span\n                                        class=\"property-desc line-limit-length\">Dual Disc Hydraulic Brake<\/span>\n                            <\/li>\n<li class=\"product-prop line-limit-length\"><span\n                                        class=\"property-title\">Baterijos talpa:&nbsp;<\/span><span\n                                        class=\"property-desc line-limit-length\">18 Ah<\/span>\n                            <\/li>\n<li class=\"product-prop line-limit-length\"><span\n                                        class=\"property-title\">3 va\u017eiavimo re\u017eimai:&nbsp;<\/span><span\n                                        class=\"property-desc line-limit-length\">\u012eprastas \/ Pagalbinis pedalas \/ Elektrinis<\/span>\n                            <\/li>\n<li class=\"product-prop line-limit-length\"><span\n                                        class=\"property-title\">Galinis \u017eibintas:&nbsp;<\/span><span\n                                        class=\"property-desc line-limit-length\">With turn taillight<\/span>\n                            <\/li>\n<\/ul><\/div>\n<div class=\"detailmodule_html\">\n<div class=\"detail-desc-decorate-richtext\">\n<div>\n<div>\n<div>\u00a0<\/div>\n<div><span style=\"color:rgb(211, 49, 21);font-family:arial, helvetica, sans-serif\">AC16 About Shipping<\/span><\/div>\n<\/div>\n<p style=\"font-family:OpenSans;font-size:14px;font-weight:300;line-height:20px;white-space:pre-wrap;color:rgb(0, 0, 0);margin-bottom:12px\" class=\"detail-desc-decorate-content\"><span style=\"font-family:arial, helvetica, sans-serif\">1.When you place an order we will arrange the shipping within 12-72 hours.As ebike is a large parcel,normally speaking the delivery time is about 3-10 days. Please wait for the delivery patiently.<br \/>2.The transaction price is the final price, the customs duty is included, you don&#x27;t need to pay the tax separately.<br \/>Jei turite klausim\u0173, nedvejodami kreipkit\u0117s \u012f m\u016bs\u0173 parduotuv\u0117s klient\u0173 aptarnavimo tarnyb\u0105, mielai jums pad\u0117sime!<\/span><\/p>\n<\/div>\n<div><img decoding=\"async\" class=\"detail-desc-decorate-image\" src=\"https:\/\/ae01.alicdn.com\/kf\/S4c34ef766bc949b8acd42cfef5b3db03X.jpg\" slate-data-type=\"image\"\/><\/div>\n<div>\n<p style=\"font-family:OpenSans;font-size:20px;font-weight:900;line-height:28px;text-align:left;white-space:pre-wrap;color:rgb(0, 0, 0);margin-bottom:12px\" class=\"detail-desc-decorate-title\" align=\"left\"><span style=\"font-family:arial, helvetica, sans-serif\">AC16 Specifications<\/span><\/p>\n<p style=\"font-family:OpenSans;font-size:14px;font-weight:300;line-height:20px;white-space:pre-wrap;color:rgb(0, 0, 0);margin-bottom:12px\" class=\"detail-desc-decorate-content\"><span style=\"font-family:arial, helvetica, sans-serif\">Frame material: Aluminium Alloy<br \/>Weight: 28.7Kg<br \/>Tyre: 16*3.0&quot; Fat Tyre<br \/>Suspension: Front Fock Shock Suspension<br \/>3 Riding Modes: Normal Riding Mode\/Pedal Assist Mode\/Electric Mode<br \/>Transmission: 7-Speed<br \/>Motor: High-Speed Brushless Motor<br \/>Torque: 60N.m<br \/>Battery voltage\/capacitance: 48V\/18Ah removable batteryCharging time: 6-8 hours<br \/>Brake System: Dual Disc Hydraulicl Brake<\/span><\/p>\n<\/div>\n<div><img decoding=\"async\" class=\"detail-desc-decorate-image\" src=\"https:\/\/ae01.alicdn.com\/kf\/S7e254803644549b6b6dae0f6c53469afT.jpg?width=1600&amp;height=1600&amp;hash=3200\" slate-data-type=\"image\"\/> <img decoding=\"async\" class=\"detail-desc-decorate-image\" src=\"https:\/\/ae01.alicdn.com\/kf\/Sa45dd9b197a641a3b90b29928e419296j.jpg?width=1600&amp;height=1600&amp;hash=3200\" slate-data-type=\"image\"\/> <img decoding=\"async\" class=\"detail-desc-decorate-image\" src=\"https:\/\/ae01.alicdn.com\/kf\/S0545bf17471b4c3689248b15f2aece0eX.jpg?width=1600&amp;height=1600&amp;hash=3200\" slate-data-type=\"image\"\/> <img decoding=\"async\" class=\"detail-desc-decorate-image\" src=\"https:\/\/ae01.alicdn.com\/kf\/S40e2fc0cf5544f31a1e08b15cc2c3c7aA.jpg?width=1600&amp;height=1600&amp;hash=3200\" slate-data-type=\"image\"\/> <img decoding=\"async\" class=\"detail-desc-decorate-image\" src=\"https:\/\/ae01.alicdn.com\/kf\/Sa4e48645c2c448108751b3fcc568fc3dC.jpg?width=1600&amp;height=1600&amp;hash=3200\" slate-data-type=\"image\"\/> <img decoding=\"async\" class=\"detail-desc-decorate-image\" src=\"https:\/\/ae01.alicdn.com\/kf\/S7f901f7b101f4ed7b0b8be12bcaf3d4ci.jpg?width=1600&amp;height=1600&amp;hash=3200\" slate-data-type=\"image\"\/> <img decoding=\"async\" class=\"detail-desc-decorate-image\" src=\"https:\/\/ae01.alicdn.com\/kf\/Sb696e45852a243fc828fc50a440cffbdh.jpg?width=1600&amp;height=1600&amp;hash=3200\" slate-data-type=\"image\"\/> <img decoding=\"async\" class=\"detail-desc-decorate-image\" src=\"https:\/\/ae01.alicdn.com\/kf\/Sa603c7edb21b4ba3b828bec0d2bf1e68e.jpg?width=1600&amp;height=1600&amp;hash=3200\" slate-data-type=\"image\"\/> <img decoding=\"async\" class=\"detail-desc-decorate-image\" src=\"https:\/\/ae01.alicdn.com\/kf\/S469006b1cde84c3799ea05238b205e86G.jpg?width=1600&amp;height=1600&amp;hash=3200\" slate-data-type=\"image\"\/><\/div>\n<div><img decoding=\"async\" class=\"detail-desc-decorate-image\" src=\"https:\/\/ae01.alicdn.com\/kf\/S1db992319421459089f56f17e3b51608P.jpg\" slate-data-type=\"image\"\/> <img decoding=\"async\" class=\"detail-desc-decorate-image\" src=\"https:\/\/ae01.alicdn.com\/kf\/Sb00c2b0413a24147809ac03af7b77e76x.jpg\" slate-data-type=\"image\"\/> <img decoding=\"async\" class=\"detail-desc-decorate-image\" src=\"https:\/\/ae01.alicdn.com\/kf\/S403d8a20d88642bbb0b26593e00b962ep.jpg\" slate-data-type=\"image\"\/> <img decoding=\"async\" class=\"detail-desc-decorate-image\" src=\"https:\/\/ae01.alicdn.com\/kf\/S059123569061424790f25b8dc3e26175S.jpg\" slate-data-type=\"image\"\/><\/div>\n<div><\/div>\n<\/div>\n<\/div>\n<p><\/p>","protected":false},"excerpt":{"rendered":"<p>Model Number:&nbsp;AC16 Rated Passenger Capacity:&nbsp;One Seat Style:&nbsp;Multifunctional Type Range per Power:&nbsp;31 &#8211; 60 km Wattage:&nbsp;200 &#8211; 250w Power Supply:&nbsp;lithium battery Voltage:&nbsp;48V Origin:&nbsp;Mainland China Folded:&nbsp;Yes Motor:&nbsp;Brushless Wheel Size:&nbsp;20\u201c Frame Material:&nbsp;Aluminum alloy<\/p>","protected":false},"featured_media":7703,"comment_status":"open","ping_status":"closed","template":"","meta":{"_acf_changed":false},"product_brand":[],"product_cat":[296],"product_tag":[304],"class_list":{"0":"post-7702","1":"product","2":"type-product","3":"status-publish","4":"has-post-thumbnail","6":"product_cat-folding-bikes","7":"product_tag-cmacewheel","9":"first","10":"instock","11":"shipping-taxable","12":"purchasable","13":"product-type-simple"},"acf":[],"_links":{"self":[{"href":"https:\/\/electricstore.eu\/lt\/wp-json\/wp\/v2\/product\/7702","targetHints":{"allow":["GET"]}}],"collection":[{"href":"https:\/\/electricstore.eu\/lt\/wp-json\/wp\/v2\/product"}],"about":[{"href":"https:\/\/electricstore.eu\/lt\/wp-json\/wp\/v2\/types\/product"}],"replies":[{"embeddable":true,"href":"https:\/\/electricstore.eu\/lt\/wp-json\/wp\/v2\/comments?post=7702"}],"wp:featuredmedia":[{"embeddable":true,"href":"https:\/\/electricstore.eu\/lt\/wp-json\/wp\/v2\/media\/7703"}],"wp:attachment":[{"href":"https:\/\/electricstore.eu\/lt\/wp-json\/wp\/v2\/media?parent=7702"}],"wp:term":[{"taxonomy":"product_brand","embeddable":true,"href":"https:\/\/electricstore.eu\/lt\/wp-json\/wp\/v2\/product_brand?post=7702"},{"taxonomy":"product_cat","embeddable":true,"href":"https:\/\/electricstore.eu\/lt\/wp-json\/wp\/v2\/product_cat?post=7702"},{"taxonomy":"product_tag","embeddable":true,"href":"https:\/\/electricstore.eu\/lt\/wp-json\/wp\/v2\/product_tag?post=7702"}],"curies":[{"name":"wp","href":"https:\/\/api.w.org\/{rel}","templated":true}]}}