{"id":7695,"date":"2025-05-15T19:43:27","date_gmt":"2025-05-15T19:43:27","guid":{"rendered":"https:\/\/electricstore.eu\/product\/hx-c1-200w-21-6v-5-2ah-childrens-electric-scooter-pink\/"},"modified":"2025-05-20T13:11:12","modified_gmt":"2025-05-20T13:11:12","slug":"hx-c1-200w-21-6v-5-2ah-childrens-electric-scooter-pink","status":"publish","type":"product","link":"https:\/\/electricstore.eu\/lt\/p\/scooters\/electric-children-scooters\/hx-c1-200w-21-6v-5-2ah-childrens-electric-scooter-pink\/","title":{"rendered":"HX C1 200W 24V 5Ah 15km\/h 10-15km 8 coli\u0173 vaiki\u0161kas elektrinis paspirtukas"},"content":{"rendered":"<div class=\"product-specs-list-container\">\n<ul class=\"product-specs-list util-clearfix\">\n<li class=\"product-prop line-limit-length\"><span\n                                        class=\"property-title\">Padang\u0173 dydis:&nbsp;<\/span><span\n                                        class=\"property-desc line-limit-length\">8 coli\u0173<\/span>\n                            <\/li>\n<li class=\"product-prop line-limit-length\"><span\n                                        class=\"property-title\">Modelio numeris:&nbsp;<\/span><span\n                                        class=\"property-desc line-limit-length\">C1<\/span>\n                            <\/li>\n<li class=\"product-prop line-limit-length\"><span\n                                        class=\"property-title\">Kategorija:&nbsp;<\/span><span\n                                        class=\"property-desc line-limit-length\">Dviratis motoroleris<\/span>\n                            <\/li>\n<li class=\"product-prop line-limit-length\"><span\n                                        class=\"property-title\">Taikomi \u017emon\u0117s:&nbsp;<\/span><span\n                                        class=\"property-desc line-limit-length\">MEN<\/span>\n                            <\/li>\n<li class=\"product-prop line-limit-length\"><span\n                                        class=\"property-title\">Atstumas vienu \u012fkrovimu:&nbsp;<\/span><span\n                                        class=\"property-desc line-limit-length\">40\u201360 km<\/span>\n                            <\/li>\n<li class=\"product-prop line-limit-length\"><span\n                                        class=\"property-title\">\u012ekrovimo laikas:&nbsp;<\/span><span\n                                        class=\"property-desc line-limit-length\">6\u20138 val.<\/span>\n                            <\/li>\n<li class=\"product-prop line-limit-length\"><span\n                                        class=\"property-title\">\u012etampa:&nbsp;<\/span><span\n                                        class=\"property-desc line-limit-length\">24v<\/span>\n                            <\/li>\n<li class=\"product-prop line-limit-length\"><span\n                                        class=\"property-title\">Sulankstytas:&nbsp;<\/span><span\n                                        class=\"property-desc line-limit-length\">TAIP<\/span>\n                            <\/li>\n<li class=\"product-prop line-limit-length\"><span\n                                        class=\"property-title\">Kilm\u0117:&nbsp;<\/span><span\n                                        class=\"property-desc line-limit-length\">\u017demynin\u0117 Kinija<\/span>\n                            <\/li>\n<li class=\"product-prop line-limit-length\"><span\n                                        class=\"property-title\">Galia (W):&nbsp;<\/span><span\n                                        class=\"property-desc line-limit-length\">100-200w<\/span>\n                            <\/li>\n<li class=\"product-prop line-limit-length\"><span\n                                        class=\"property-title\">Kilm\u0117s vieta:&nbsp;<\/span><span\n                                        class=\"property-desc line-limit-length\">Anhui, Kinija<\/span>\n                            <\/li>\n<li class=\"product-prop line-limit-length\"><span\n                                        class=\"property-title\">Prek\u0117s \u017eenklas:&nbsp;<\/span><span\n                                        class=\"property-desc line-limit-length\">kixin<\/span>\n                            <\/li>\n<li class=\"product-prop line-limit-length\"><span\n                                        class=\"property-title\">Modelio numeris:&nbsp;<\/span><span\n                                        class=\"property-desc line-limit-length\">C1<\/span>\n                            <\/li>\n<li class=\"product-prop line-limit-length\"><span\n                                        class=\"property-title\">\u012ekrovimo laikas:&nbsp;<\/span><span\n                                        class=\"property-desc line-limit-length\">5\u20136 val.<\/span>\n                            <\/li>\n<li class=\"product-prop line-limit-length\"><span\n                                        class=\"property-title\">Sulankstomas:&nbsp;<\/span><span\n                                        class=\"property-desc line-limit-length\">Taip<\/span>\n                            <\/li>\n<li class=\"product-prop line-limit-length\"><span\n                                        class=\"property-title\">Atstumas vienu \u012fkrovimu:&nbsp;<\/span><span\n                                        class=\"property-desc line-limit-length\">10-15km<\/span>\n                            <\/li>\n<li class=\"product-prop line-limit-length\"><span\n                                        class=\"property-title\">Maksimalus greitis:&nbsp;<\/span><span\n                                        class=\"property-desc line-limit-length\">15km\/h<\/span>\n                            <\/li>\n<li class=\"product-prop line-limit-length\"><span\n                                        class=\"property-title\">Kategorija:&nbsp;<\/span><span\n                                        class=\"property-desc line-limit-length\">E-Wheel Scooter<\/span>\n                            <\/li>\n<li class=\"product-prop line-limit-length\"><span\n                                        class=\"property-title\">Taikoma miniai:&nbsp;<\/span><span\n                                        class=\"property-desc line-limit-length\">Child<\/span>\n                            <\/li>\n<li class=\"product-prop line-limit-length\"><span\n                                        class=\"property-title\">I\u0161manusis tipas:&nbsp;<\/span><span\n                                        class=\"property-desc line-limit-length\">Elektroninis<\/span>\n                            <\/li>\n<li class=\"product-prop line-limit-length\"><span\n                                        class=\"property-title\">Baterijos talpa:&nbsp;<\/span><span\n                                        class=\"property-desc line-limit-length\">5Ah<\/span>\n                            <\/li>\n<li class=\"product-prop line-limit-length\"><span\n                                        class=\"property-title\">Patentuotas produktas:&nbsp;<\/span><span\n                                        class=\"property-desc line-limit-length\">NE<\/span>\n                            <\/li>\n<li class=\"product-prop line-limit-length\"><span\n                                        class=\"property-title\">Med\u017eiaga:&nbsp;<\/span><span\n                                        class=\"property-desc line-limit-length\">Structural Steel<\/span>\n                            <\/li>\n<li class=\"product-prop line-limit-length\"><span\n                                        class=\"property-title\">Padang\u0173 dydis:&nbsp;<\/span><span\n                                        class=\"property-desc line-limit-length\">8 coli\u0173<\/span>\n                            <\/li>\n<li class=\"product-prop line-limit-length\"><span\n                                        class=\"property-title\">Variklis:&nbsp;<\/span><span\n                                        class=\"property-desc line-limit-length\">200W<\/span>\n                            <\/li>\n<li class=\"product-prop line-limit-length\"><span\n                                        class=\"property-title\">N.W:&nbsp;<\/span><span\n                                        class=\"property-desc line-limit-length\">10kg<\/span>\n                            <\/li>\n<li class=\"product-prop line-limit-length\"><span\n                                        class=\"property-title\">Diapazonas:&nbsp;<\/span><span\n                                        class=\"property-desc line-limit-length\">10-15 km<\/span>\n                            <\/li>\n<li class=\"product-prop line-limit-length\"><span\n                                        class=\"property-title\">Baterija:&nbsp;<\/span><span\n                                        class=\"property-desc line-limit-length\">24V 5AH<\/span>\n                            <\/li>\n<li class=\"product-prop line-limit-length\"><span\n                                        class=\"property-title\">Maksimali apkrova:&nbsp;<\/span><span\n                                        class=\"property-desc line-limit-length\">100 kg<\/span>\n                            <\/li>\n<li class=\"product-prop line-limit-length\"><span\n                                        class=\"property-title\">Open Size:&nbsp;<\/span><span\n                                        class=\"property-desc line-limit-length\">94*47.5*103cm<\/span>\n                            <\/li>\n<li class=\"product-prop line-limit-length\"><span\n                                        class=\"property-title\">Applicable height:&nbsp;<\/span><span\n                                        class=\"property-desc line-limit-length\">120-16cm<\/span>\n                            <\/li>\n<li class=\"product-prop line-limit-length\"><span\n                                        class=\"property-title\">Laipiojimo paj\u0117gumas:&nbsp;<\/span><span\n                                        class=\"property-desc line-limit-length\">10\u00b0<\/span>\n                            <\/li>\n<li class=\"product-prop line-limit-length\"><span\n                                        class=\"property-title\">Sertifikatas:&nbsp;<\/span><span\n                                        class=\"property-desc line-limit-length\"><\/span>\n                            <\/li>\n<\/ul><\/div>\n<div class=\"detailmodule_html\">\n<div class=\"detail-desc-decorate-richtext\">\n<div id=\"detail_decorate_root\">\n<div>\u00a0<\/div>\n<div>\n<div id=\"ali-anchor-AliMagic-fdtnlw\">Produkto apra\u0161ymas<\/div>\n<\/div>\n<div>\n<div>\n<div><img decoding=\"async\" class=\"magic-3\" src=\"https:\/\/ae01.alicdn.com\/kf\/S0920da7b96cd41acb1c945a14301ede90.jpg?width=1080&amp;height=2127&amp;hash=3207\" slate-data-type=\"image\"\/><\/div>\n<div><img decoding=\"async\" class=\"magic-3\" src=\"https:\/\/ae01.alicdn.com\/kf\/S6b0e1e0d498f4418951d2636885d64c1x.jpg?width=1080&amp;height=1932&amp;hash=3012\" slate-data-type=\"image\"\/><\/div>\n<div><img decoding=\"async\" class=\"magic-3\" src=\"https:\/\/ae01.alicdn.com\/kf\/Se70ebd0e0d59408ab480463e9ddb5774u.jpg?width=1080&amp;height=1700&amp;hash=2780\" slate-data-type=\"image\"\/><\/div>\n<div><img decoding=\"async\" class=\"magic-3\" src=\"https:\/\/ae01.alicdn.com\/kf\/S9b3fd279eca34ecb8aa55857a01d7659c.jpg?width=1080&amp;height=2245&amp;hash=3325\" slate-data-type=\"image\"\/><\/div>\n<div><img decoding=\"async\" class=\"magic-3\" src=\"https:\/\/ae01.alicdn.com\/kf\/S3ba39dc8d2104df5923af37eb5730d11g.jpg?width=1080&amp;height=1757&amp;hash=2837\" slate-data-type=\"image\"\/><\/div>\n<div><img decoding=\"async\" class=\"magic-3\" src=\"https:\/\/ae01.alicdn.com\/kf\/Sa5c9b90d0c5045198beda021557772493.jpg?width=1080&amp;height=1633&amp;hash=2713\" slate-data-type=\"image\"\/><\/div>\n<div><img decoding=\"async\" class=\"magic-3\" src=\"https:\/\/ae01.alicdn.com\/kf\/S2d97091d1ca5403291b1c84b7336fe3bB.jpg?width=1080&amp;height=1918&amp;hash=2998\" slate-data-type=\"image\"\/><\/div>\n<div><img decoding=\"async\" class=\"magic-3\" src=\"https:\/\/ae01.alicdn.com\/kf\/S25077da84ef34b9aa3898b794009dfc4Y.jpg?width=1080&amp;height=1983&amp;hash=3063\" slate-data-type=\"image\"\/><\/div>\n<div><img decoding=\"async\" class=\"magic-3\" src=\"https:\/\/ae01.alicdn.com\/kf\/S7e584ede0ea44775a8a29c8a6cd19b36l.jpg?width=1080&amp;height=2195&amp;hash=3275\" slate-data-type=\"image\"\/><\/div>\n<div><img decoding=\"async\" class=\"magic-3\" src=\"https:\/\/ae01.alicdn.com\/kf\/Scee143e0027e4c9bbe2c94e7aaa06097L.jpg?width=1080&amp;height=1439&amp;hash=2519\" slate-data-type=\"image\"\/><\/div>\n<\/div>\n<\/div>\n<div>\n<div id=\"ali-anchor-AliMagic-bbu3j8\">Specifikacija<\/div>\n<\/div>\n<div>\n<div>\n<table style=\"border-collapse:collapse\" class=\"all magic-4\">\n<tbody>\n<tr>\n<td rowspan=\"1\" colspan=\"1\">\n<div>Baterijos talpa<\/div>\n<\/td>\n<td rowspan=\"1\" colspan=\"1\">\n<div>5Ah<\/div>\n<\/td>\n<\/tr>\n<tr>\n<td rowspan=\"1\" colspan=\"1\">\n<div>Variklis<\/div>\n<\/td>\n<td rowspan=\"1\" colspan=\"1\">\n<div>24 V<\/div>\n<\/td>\n<\/tr>\n<tr>\n<td rowspan=\"1\" colspan=\"1\">\n<div>\u012ekrovimo laikas<\/div>\n<\/td>\n<td rowspan=\"1\" colspan=\"1\">\n<div>5-6 hours<\/div>\n<\/td>\n<\/tr>\n<tr>\n<td rowspan=\"1\" colspan=\"1\">\n<div>Maksimali apkrova<\/div>\n<\/td>\n<td rowspan=\"1\" colspan=\"1\">\n<div>100 kg<\/div>\n<\/td>\n<\/tr>\n<tr>\n<td rowspan=\"1\" colspan=\"1\">\n<div>Max range<\/div>\n<\/td>\n<td rowspan=\"1\" colspan=\"1\">\n<div>15KM<\/div>\n<\/td>\n<\/tr>\n<tr>\n<td rowspan=\"1\" colspan=\"1\">\n<div>Padanga<\/div>\n<\/td>\n<td rowspan=\"1\" colspan=\"1\">\n<div>8 Inch\u00a0<\/div>\n<\/td>\n<\/tr>\n<\/tbody>\n<\/table>\n<\/div>\n<\/div>\n<div>\n<div id=\"ali-anchor-AliMagic-6tg71n\">\u012emon\u0117s profilis<\/div>\n<\/div>\n<div>\n<div>\n<div>\n<div>\n<div>\n<div><img decoding=\"async\" class=\"magic-10\" src=\"https:\/\/ae01.alicdn.com\/kf\/S4e793c0de76f4b88a482a65c00b9d101n.jpg?width=2342&amp;height=2242&amp;hash=4584\" slate-data-type=\"image\"\/><\/div>\n<\/div>\n<div>\n<div>\n<div>\u00a0<\/div>\n<div>\u201eE-ONE\u201c yra \u012fmon\u0117, daugiausia u\u017esiimanti nauj\u0173 energetikos produkt\u0173 eksportu. Bendrov\u0117 yra \u012fsik\u016brusi Anhui provincijos sostin\u0117je Hef\u0117juje. <strong>buvo oficialiai \u012fgaliotas <\/strong>per tuos gerai \u017einomus pramon\u0117s prek\u0117s \u017eenklus, tokius kaip <strong>Segway-Ninebot, Intex, DYU, HIMO, Kugoo<\/strong> ir kai kurie kiti \u017einomi. I\u0161 esm\u0117s m\u016bs\u0173 platus tvari\u0173, ekologi\u0161k\u0173 ir \u0161vari\u0173 produkt\u0173 asortimentas apima nuo <strong>elektriniai paspirtukai, elektriniai savaime balansuojantys paspirtukai, elektriniai vienra\u010diai,<\/strong> <span><strong>elektriniai kartingai<\/strong><\/span> <strong>, elektriniai dvira\u010diai, elektriniai motociklai<\/strong>Turime visus susijusius sertifikatus, tod\u0117l savo kokyb\u0119 u\u017etikrinan\u010dius produktus galime parduoti visame pasaulyje.<\/div>\n<\/div>\n<\/div>\n<\/div>\n<\/div>\n<\/div>\n<\/div>\n<div>\n<div>\n<div>\n<div>\n<div><img decoding=\"async\" class=\"magic-14\" src=\"https:\/\/ae01.alicdn.com\/kf\/S68ac18a75b094e669ae761d7495416f8w.jpg?width=1200&amp;height=450&amp;hash=1650\" slate-data-type=\"image\"\/><\/div>\n<div>\n<div><img decoding=\"async\" class=\"magic-16\" src=\"https:\/\/ae01.alicdn.com\/kf\/Sd01d98a5d2e34d649f49394465343dbe4.jpg?width=693&amp;height=978&amp;hash=1671\" slate-data-type=\"image\"\/><\/div>\n<div><img decoding=\"async\" class=\"magic-18\" src=\"https:\/\/ae01.alicdn.com\/kf\/S3674a5ba838d4dd18bd1e5064ce9acd0Y.jpg?width=696&amp;height=980&amp;hash=1676\" slate-data-type=\"image\"\/><\/div>\n<\/div>\n<\/div>\n<\/div>\n<\/div>\n<\/div>\n<div>\n<div id=\"ali-anchor-AliMagic-tx58ux\">Paroda<\/div>\n<\/div>\n<div>\n<div>\n<div>\n<div>\n<div>\n<div><img decoding=\"async\" class=\"magic-20\" src=\"https:\/\/ae01.alicdn.com\/kf\/Scc76444e41d347fbad43d728c374f28cx.jpg?width=940&amp;height=562&amp;hash=1502\" slate-data-type=\"image\"\/><\/div>\n<\/div>\n<\/div>\n<\/div>\n<\/div>\n<\/div>\n<div>\n<div id=\"ali-anchor-AliMagic-pyg24g\">Produkto pakuot\u0117<\/div>\n<\/div>\n<div>\n<div>\n<div>\n<div>\n<div>\n<div><img decoding=\"async\" class=\"magic-23\" src=\"https:\/\/ae01.alicdn.com\/kf\/S603c352f31ec4ee7928249922cde2535G.jpg?width=1280&amp;height=960&amp;hash=2240\" slate-data-type=\"image\"\/><\/div>\n<div><img decoding=\"async\" class=\"magic-25\" src=\"https:\/\/ae01.alicdn.com\/kf\/S95bfd1d7a07f4f3d9b400cf282483639t.jpg?width=800&amp;height=800&amp;hash=1600\" slate-data-type=\"image\"\/><\/div>\n<\/div>\n<div><img decoding=\"async\" class=\"magic-27\" src=\"https:\/\/ae01.alicdn.com\/kf\/Sf819f886e9ee42da834170d7fbd1b7ach.jpg?width=600&amp;height=800&amp;hash=1400\" slate-data-type=\"image\"\/><\/div>\n<\/div>\n<\/div>\n<\/div>\n<\/div>\n<div>\n<div>\n<div>\n<div>\n<div>\n<div><img decoding=\"async\" class=\"magic-29\" src=\"https:\/\/ae01.alicdn.com\/kf\/S84939f2b10d24bd89ebbf28984b35e9cV.jpg?width=600&amp;height=800&amp;hash=1400\" slate-data-type=\"image\"\/><\/div>\n<\/div>\n<div>\n<div>\n<div>\n<div>\u00a0<\/div>\n<div>\u00a0<\/div>\n<div>\u00a0<\/div>\n<div>\u00a0<\/div>\n<div><span><strong>Siekdami geriau u\u017etikrinti j\u016bs\u0173 preki\u0173 saugum\u0105, si\u016blome profesionalias, aplinkai nekenksmingas, patogias ir efektyvias pakavimo paslaugas.<br \/>bus pateikta.<\/strong><\/span><\/div>\n<\/div>\n<\/div>\n<\/div>\n<\/div>\n<\/div>\n<\/div>\n<\/div>\n<div>\n<div id=\"ali-anchor-AliMagic-5xyhcf\">DUK<\/div>\n<\/div>\n<div>\n<div>\n<div>\n<h3 class=\"magic-31\"><\/h3>\n<div>\n<div>\n<div><strong>Q<\/strong>: Ar esate gamintojas? <strong>A<\/strong>Taip, mes esame gamintojai. Galime teikti OEM \/ ODM pritaikytas paslaugas pagal \u012fvairias m\u016bs\u0173 klient\u0173 pritaikymo galimybes ir poreikius. Visi m\u016bs\u0173 produktai yra visi\u0161kai patentuoti, dizain\u0105, technin\u0119 ir programin\u0119 \u012frang\u0105, liejim\u0105, surinkim\u0105 atlieka m\u016bs\u0173 pa\u010di\u0173 komanda. <strong>Q<\/strong>: Koks yra minimalus u\u017esakymas (MOQ)? <strong>A<\/strong>Standartiniams gaminiams priimame vien\u0105 vienet\u0105. Prireikus galime juos pritaikyti pagal j\u016bs\u0173 logotip\u0105. Jei reik\u0117s OEM, m\u016bs\u0173 pardavim\u0173 skyrius pateiks i\u0161samius reikalavimus ir patvirtins jums MOQ. <strong>Q<\/strong>: Ar galime gauti nemokam\u0105 pavyzd\u012f? <strong>A<\/strong>Atsipra\u0161ome, paprastai nemokamo pavyzd\u017eio neteikiame. Jei klientas patvirtina specifikacij\u0105 ir kain\u0105, jis pirmiausia gali u\u017esisakyti pavyzd\u012f bandymui ir \u012fvertinimui. <strong>Q<\/strong>: Kaip u\u017esisakyti ir apmok\u0117ti? <strong>A<\/strong>Priimame T\/T (banko pavedim\u0105), \u201eAlibaba\u201c internetu, \u201eWestern Union 1 Trade Assurance\u201c <strong>Q<\/strong>: Kokia j\u016bs\u0173 produkt\u0173 garantija? <strong>A<\/strong>: Suteikiame 24 m\u0117nesi\u0173 garantij\u0105 po i\u0161siuntimo. <strong>Q<\/strong>: Kiek laiko u\u017etruks pristatymas? <strong>A<\/strong>Gamybos trukm\u0117 apie 3\u201310 dien\u0173, priklausomai nuo poreikio, ir pristatymo laikas DHL\/UPS\/FEDEX\/TNT, pristatymo laikas b\u016bt\u0173 apie 3\u20137 darbo dienas. Kai kuriose atokiose vietose pristatymo laikas gali b\u016bti \u0161iek tiek ilgesnis. <strong>Q<\/strong> :Kaip sutaisyti \u012frengin\u012f, jei kyla problem\u0173? <strong>A<\/strong>: Mes teiksime technin\u0119 pagalb\u0105 internetu, kad i\u0161spr\u0119stume problem\u0105; Jei d\u0117l aparatin\u0117s \u012frangos problemos gal\u0117tume atsi\u0173sti dalis ar komponentus ir i\u0161mokyti klient\u0105 juos pritaikyti, jei jie turi technik\u0105, arba taip pat gali atsi\u0173sti mums, kad j\u0105 i\u0161spr\u0119stume. <strong>Q<\/strong>: Ar galite pritaikyti ir platinti m\u016bs\u0173 produkt\u0105? <strong>A<\/strong>: Esame profesional\u016bs el. dvira\u010di\u0173 gamintojai, turintys 8 met\u0173 gamybos patirt\u012f. Palaikome bet kok\u012f produkt\u0173 pritaikym\u0105, platinim\u0105 ir didmenin\u0119 prekyb\u0105.<\/div>\n<\/div>\n<\/div>\n<\/div>\n<\/div>\n<\/div>\n<div id=\"42229223123\"><\/div>\n<div>\u00a0<\/div>\n<\/div>\n<div><\/div>\n<\/div>\n<\/div>\n<p><\/p>","protected":false},"excerpt":{"rendered":"<p>Tire Size:&nbsp;8 inch Model Number:&nbsp;C1 Category:&nbsp;Two-wheel Scooter Applicable People:&nbsp;MEN Range Per Charge:&nbsp;40-60km Charging Time:&nbsp;6-8h Voltage:&nbsp;24v Folded:&nbsp;YES Origin:&nbsp;Mainland China Power (W):&nbsp;100-200w Place of Origin:&nbsp;Anhui, China Brand:&nbsp;kixin Model Number:&nbsp;C1 Charging Time:&nbsp;5-6h Foldable:&nbsp;Yes<\/p>","protected":false},"featured_media":7696,"comment_status":"open","ping_status":"closed","template":"","meta":{"_acf_changed":false},"product_brand":[],"product_cat":[302],"product_tag":[303],"class_list":{"0":"post-7695","1":"product","2":"type-product","3":"status-publish","4":"has-post-thumbnail","6":"product_cat-electric-children-scooters","7":"product_tag-hx","9":"first","10":"instock","11":"shipping-taxable","12":"purchasable","13":"product-type-simple"},"acf":[],"_links":{"self":[{"href":"https:\/\/electricstore.eu\/lt\/wp-json\/wp\/v2\/product\/7695","targetHints":{"allow":["GET"]}}],"collection":[{"href":"https:\/\/electricstore.eu\/lt\/wp-json\/wp\/v2\/product"}],"about":[{"href":"https:\/\/electricstore.eu\/lt\/wp-json\/wp\/v2\/types\/product"}],"replies":[{"embeddable":true,"href":"https:\/\/electricstore.eu\/lt\/wp-json\/wp\/v2\/comments?post=7695"}],"wp:featuredmedia":[{"embeddable":true,"href":"https:\/\/electricstore.eu\/lt\/wp-json\/wp\/v2\/media\/7696"}],"wp:attachment":[{"href":"https:\/\/electricstore.eu\/lt\/wp-json\/wp\/v2\/media?parent=7695"}],"wp:term":[{"taxonomy":"product_brand","embeddable":true,"href":"https:\/\/electricstore.eu\/lt\/wp-json\/wp\/v2\/product_brand?post=7695"},{"taxonomy":"product_cat","embeddable":true,"href":"https:\/\/electricstore.eu\/lt\/wp-json\/wp\/v2\/product_cat?post=7695"},{"taxonomy":"product_tag","embeddable":true,"href":"https:\/\/electricstore.eu\/lt\/wp-json\/wp\/v2\/product_tag?post=7695"}],"curies":[{"name":"wp","href":"https:\/\/api.w.org\/{rel}","templated":true}]}}