{"id":7670,"date":"2025-05-15T19:33:41","date_gmt":"2025-05-15T19:33:41","guid":{"rendered":"https:\/\/electricstore.eu\/product\/gaiary-eve-3-2v-105ah-battery-cells\/"},"modified":"2025-05-21T05:40:10","modified_gmt":"2025-05-21T05:40:10","slug":"gaiary-eve-3-2v-105ah-battery-cells","status":"publish","type":"product","link":"https:\/\/electricstore.eu\/lt\/p\/batteries\/lifepo4-batteries\/lifepo4-battery-cells\/gaiary-eve-3-2v-105ah-battery-cells\/","title":{"rendered":"\u201eGaiaRay\u201c 105 Ah 3,2 V li\u010dio jon\u0173 akumuliatorius"},"content":{"rendered":"<div class=\"product-specs-list-container\">\n<ul class=\"product-specs-list util-clearfix\">\n<li class=\"product-prop line-limit-length\"><span\n                                        class=\"property-title\">Labai susir\u016bpinim\u0105 kelianti chemin\u0117 med\u017eiaga:&nbsp;<\/span><span\n                                        class=\"property-desc line-limit-length\">N\u0117ra<\/span>\n                            <\/li>\n<li class=\"product-prop line-limit-length\"><span\n                                        class=\"property-title\">Nominali talpa:&nbsp;<\/span><span\n                                        class=\"property-desc line-limit-length\">105AH<\/span>\n                            <\/li>\n<li class=\"product-prop line-limit-length\"><span\n                                        class=\"property-title\">Svoris:&nbsp;<\/span><span\n                                        class=\"property-desc line-limit-length\">2<\/span>\n                            <\/li>\n<li class=\"product-prop line-limit-length\"><span\n                                        class=\"property-title\">\u012etampa:&nbsp;<\/span><span\n                                        class=\"property-desc line-limit-length\">3,2 V<\/span>\n                            <\/li>\n<li class=\"product-prop line-limit-length\"><span\n                                        class=\"property-title\">Dydis:&nbsp;<\/span><span\n                                        class=\"property-desc line-limit-length\">200 * 130 * 36,7 mm<\/span>\n                            <\/li>\n<li class=\"product-prop line-limit-length\"><span\n                                        class=\"property-title\">Modelio numeris:&nbsp;<\/span><span\n                                        class=\"property-desc line-limit-length\">CP4442<\/span>\n                            <\/li>\n<li class=\"product-prop line-limit-length\"><span\n                                        class=\"property-title\">Tipas:&nbsp;<\/span><span\n                                        class=\"property-desc line-limit-length\">LiFePO4<\/span>\n                            <\/li>\n<li class=\"product-prop line-limit-length\"><span\n                                        class=\"property-title\">Prek\u0117s \u017eenklas:&nbsp;<\/span><span\n                                        class=\"property-desc line-limit-length\">GaiaRay<\/span>\n                            <\/li>\n<li class=\"product-prop line-limit-length\"><span\n                                        class=\"property-title\">Kilm\u0117:&nbsp;<\/span><span\n                                        class=\"property-desc line-limit-length\">\u017demynin\u0117 Kinija<\/span>\n                            <\/li>\n<li class=\"product-prop line-limit-length\"><span\n                                        class=\"property-title\">Nominali \u012ftampa:&nbsp;<\/span><span\n                                        class=\"property-desc line-limit-length\">Kiti<\/span>\n                            <\/li>\n<li class=\"product-prop line-limit-length\"><span\n                                        class=\"property-title\">Nominali talpa:&nbsp;<\/span><span\n                                        class=\"property-desc line-limit-length\">105AH\/120AH<\/span>\n                            <\/li>\n<li class=\"product-prop line-limit-length\"><span\n                                        class=\"property-title\">Svoris:&nbsp;<\/span><span\n                                        class=\"property-desc line-limit-length\">1980+50g<\/span>\n                            <\/li>\n<li class=\"product-prop line-limit-length\"><span\n                                        class=\"property-title\">Matmuo:&nbsp;<\/span><span\n                                        class=\"property-desc line-limit-length\">200 * 130 * 36,7 mm<\/span>\n                            <\/li>\n<li class=\"product-prop line-limit-length\"><span\n                                        class=\"property-title\">\u012ekrovimo\/i\u0161krovimo ribin\u0117 \u012ftampa::&nbsp;<\/span><span\n                                        class=\"property-desc line-limit-length\">3,65 V \/ 2,5 V<\/span>\n                            <\/li>\n<li class=\"product-prop line-limit-length\"><span\n                                        class=\"property-title\">Var\u017eto dydis:&nbsp;<\/span><span\n                                        class=\"property-desc line-limit-length\">M6<\/span>\n                            <\/li>\n<li class=\"product-prop line-limit-length\"><span\n                                        class=\"property-title\">Ciklo gyvavimo laikas:&nbsp;<\/span><span\n                                        class=\"property-desc line-limit-length\">6000 Cycle<\/span>\n                            <\/li>\n<li class=\"product-prop line-limit-length\"><span\n                                        class=\"property-title\">Tinka sistemai:&nbsp;<\/span><span\n                                        class=\"property-desc line-limit-length\">12 V 24 V 48 V 72 V 96 V 108 V saul\u0117s energijos kaupimo sistema<\/span>\n                            <\/li>\n<li class=\"product-prop line-limit-length\"><span\n                                        class=\"property-title\">Parai\u0161ka:&nbsp;<\/span><span\n                                        class=\"property-desc line-limit-length\">Kemperiai Mikroautobusai Kemperiai Elektromobiliai Valtys Jachtos Golfo ve\u017eim\u0117liai \u0160akiniai krautuvai Saul\u0117s baterijos<\/span>\n                            <\/li>\n<\/ul><\/div>\n<div class=\"detailmodule_text\">\n<p style=\"text-align:center\" align=\"center\"><span style=\"color:rgb(250, 40, 255);font-size:24px\"><strong>Produkto parametras<\/strong><\/span><\/p>\n<p style=\"text-align:left\" align=\"left\"><strong><span style=\"font-size:20px\">Modelis: LF105Ah<\/span><\/strong><\/p>\n<p style=\"text-align:left\" align=\"left\"><strong><span style=\"font-size:20px\">Maksimali \u012fkrovimo \u012ftampa: 3,65 V<\/span><\/strong><\/p>\n<p style=\"text-align:left\" align=\"left\"><strong><span style=\"font-size:20px\">Svoris: 1980+50 g<\/span><\/strong><\/p>\n<p style=\"text-align:left\" align=\"left\"><strong><span style=\"font-size:20px\">Maksimali i\u0161krovos srov\u0117: 315A<\/span><\/strong><\/p>\n<p style=\"text-align:left\" align=\"left\"><strong><span style=\"font-size:20px\">I\u0161krovimo temperat\u016bra: -30&#039;C~60\u00b0<\/span><\/strong><\/p>\n<p style=\"text-align:left\" align=\"left\"><strong><span style=\"font-size:20px\">Nominali \u012ftampa: 3,2 V<\/span><\/strong><\/p>\n<p style=\"text-align:left\" align=\"left\"><strong><span style=\"font-size:20px\">\u012ekrovimo temperat\u016bra: -5&#039;C-60\u00b0<\/span><\/strong><\/p>\n<p style=\"text-align:left\" align=\"left\"><strong><span style=\"font-size:20px\">Tikroji talpa: 105Ah<\/span><\/strong><\/p>\n<p style=\"text-align:left\" align=\"left\"><strong><span style=\"font-size:20px\">Kintamosios srov\u0117s var\u017eos var\u017ea: \u22640,5 mQ<\/span><\/strong><\/p>\n<p style=\"text-align:left\" align=\"left\"><strong><span style=\"font-size:20px\">Matmenys (I * P * A): 200 * 130 * 36,7 mm<\/span><\/strong><\/p>\n<div><span style=\"color:rgb(123, 100, 255)\"><strong>Gaiary EVE 3.2V 105AH Lifepo4 Battery CATL 120AH Rechargeable Busbar New 6000 Cycles For Solar 12V 24V 48V Lithium Batter<\/strong><\/span><\/div>\n<div><strong><span style=\"background-color:rgb(255, 255, 255);color:rgb(0, 0, 0);font-size:20px\">Turime sand\u0117lius Lenkijoje ir Ukrainoje, Europoje. Prekes \u012f Europos \u0161alis galime pristatyti per 3\u20137 dienas.<\/span><\/strong><\/div>\n<p><strong><span style=\"background-color:rgb(255, 255, 255);color:rgb(0, 0, 0);font-size:20px\">Patarimai: Europoje laikinai n\u0117ra preki\u0173 sand\u0117lyje, galite pasirinkti si\u0173sti i\u0161 Kinijos!<\/span><\/strong><\/p>\n<p><strong><span style=\"background-color:rgb(255, 255, 255);color:rgb(0, 0, 0);font-size:20px\">Pasirinkite siuntim\u0105 i\u0161 Kinijos nemok\u0117dami mokes\u010di\u0173<\/span><\/strong><\/p>\n<p><strong><span style=\"background-color:rgb(255, 255, 255);color:rgb(0, 0, 0);font-size:20px\">Pristatymo laikas<\/span><\/strong><\/p>\n<p><strong><span style=\"background-color:rgb(255, 255, 255);color:rgb(0, 0, 0);font-size:20px\">Kinijos \u012f Europ\u0105: 50\u201360 dien\u0173<\/span><\/strong><\/p>\n<p><strong><span style=\"background-color:rgb(255, 255, 255);color:rgb(0, 0, 0);font-size:20px\">Japonija: 7\u201315 dien\u0173<\/span><\/strong><\/p>\n<p><strong><span style=\"background-color:rgb(255, 255, 255);color:rgb(0, 0, 0);font-size:20px\">Kor\u0117ja: 7\u201315 dien\u0173<\/span><\/strong><\/p>\n<p><strong><span style=\"background-color:rgb(255, 255, 255);color:rgb(0, 0, 0);font-size:20px\">Rusija: 40\u201350 dien\u0173<\/span><\/strong><\/p>\n<p><strong><span style=\"background-color:rgb(255, 255, 255);color:rgb(0, 0, 0);font-size:20px\">JAV: 50\u201360 dien\u0173<\/span><\/strong><\/p>\n<p><strong><span style=\"background-color:rgb(255, 255, 255);color:rgb(0, 0, 0);font-size:20px\">Kanada Kanada: 50\u201360 dien\u0173<\/span><\/strong><\/p>\n<p><strong><span style=\"background-color:rgb(255, 255, 255);color:rgb(0, 0, 0);font-size:20px\">Australija: 50\u201360 dien\u0173<\/span><\/strong><\/p>\n<p><strong><span style=\"background-color:rgb(255, 255, 255);color:rgb(0, 0, 0);font-size:20px\">Ukraina: 60\u201370 dien\u0173<\/span><\/strong><\/p>\n<p><strong><span style=\"background-color:rgb(255, 255, 255);color:rgb(0, 0, 0);font-size:20px\">\u0160iltas patarimas: Ukraina rinkit\u0117s oro transport\u0105 ir atvykite per 7\u201315 dien\u0173!<\/span><\/strong><\/p>\n<p><img decoding=\"async\" src=\"https:\/\/ae01.alicdn.com\/kf\/S370497360d374b5a8d429bc1590c1568o.jpg\" slate-data-type=\"image\"\/><\/p>\n<p><img decoding=\"async\" src=\"https:\/\/ae01.alicdn.com\/kf\/S9ecd6cccf952482cbff40e3d530a1576R.jpg\" slate-data-type=\"image\"\/><img decoding=\"async\" src=\"https:\/\/ae01.alicdn.com\/kf\/S2c4ce4ee36af47078eb2b086e0b6369cg.jpg\" slate-data-type=\"image\"\/><img decoding=\"async\" src=\"https:\/\/ae01.alicdn.com\/kf\/S87af4c416cef4db8a1529bff44940aa9U.jpg\" slate-data-type=\"image\"\/><img decoding=\"async\" src=\"https:\/\/ae01.alicdn.com\/kf\/S6204808dc371413caebffccd6c6e52001.jpg\" slate-data-type=\"image\"\/><img decoding=\"async\" src=\"https:\/\/ae01.alicdn.com\/kf\/S432e0912b4b64b519cfaf3e47ee9af9bR.jpg\" slate-data-type=\"image\"\/><img decoding=\"async\" src=\"https:\/\/ae01.alicdn.com\/kf\/S4a8d41f8d0704f32aa6e1d0ca8af6a06r.jpg\" slate-data-type=\"image\"\/><img decoding=\"async\" src=\"https:\/\/ae01.alicdn.com\/kf\/S2e2eac5ceb2d4c0b809771f0f9ee9529U.jpg\" slate-data-type=\"image\"\/><img decoding=\"async\" src=\"https:\/\/ae01.alicdn.com\/kf\/S1e0276134b9a4dc1bdf9d72a8ee80fccr.jpg\" slate-data-type=\"image\"\/><img decoding=\"async\" src=\"https:\/\/ae01.alicdn.com\/kf\/S38671a3ca21442099a860e3f1f42f6adW.jpg\" slate-data-type=\"image\"\/><img decoding=\"async\" src=\"https:\/\/ae01.alicdn.com\/kf\/S8ff204c0788640de948dfbd443fbddeb1.jpg\" slate-data-type=\"image\"\/><img decoding=\"async\" src=\"https:\/\/ae01.alicdn.com\/kf\/Scef16ebcfa004a86aaf167c55d1b4c26i.jpg\" slate-data-type=\"image\"\/><img fetchpriority=\"high\" decoding=\"async\" width=\"1000\" height=\"1349\" src=\"https:\/\/ae01.alicdn.com\/kf\/S93798ecd936542e79002467516643b9fh.jpg\" slate-data-type=\"image\"\/><img decoding=\"async\" width=\"1000\" height=\"1792\" src=\"https:\/\/ae01.alicdn.com\/kf\/Sc368c8588aed4f0e9d14c7a9b6375c1al.jpg\" slate-data-type=\"image\"\/><img decoding=\"async\" src=\"https:\/\/ae01.alicdn.com\/kf\/S13a69f7bae12424783781bad86b04841U.jpg\" slate-data-type=\"image\"\/><\/p>\n<\/div>\n<p><\/p>","protected":false},"excerpt":{"rendered":"<p>Hign-concerned Chemical:&nbsp;None Nominal Capacity:&nbsp;105AH Weight:&nbsp;2 Voltage:&nbsp;3.2v Size:&nbsp;200*130*36.7mm Model Number:&nbsp;CP4442 Type:&nbsp;LiFePO4 Brand Name:&nbsp;GaiaRay Origin:&nbsp;Mainland China Rated Voltage:&nbsp;Others Nominal Capacity:&nbsp;105AH\/120AH Weight:&nbsp;1980+50g Dimension:&nbsp;200*130*36.7mm Charge\/discharge cut-off voltage::&nbsp;3.65 V\/2.5 V Screw Size:&nbsp;M6 Cycle life:&nbsp;6000 Cycle<\/p>","protected":false},"featured_media":7671,"comment_status":"open","ping_status":"closed","template":"","meta":{"_acf_changed":false},"product_brand":[],"product_cat":[235],"product_tag":[271],"class_list":{"0":"post-7670","1":"product","2":"type-product","3":"status-publish","4":"has-post-thumbnail","6":"product_cat-lifepo4-battery-cells","7":"product_tag-gaiary","9":"first","10":"instock","11":"shipping-taxable","12":"purchasable","13":"product-type-variable"},"acf":[],"_links":{"self":[{"href":"https:\/\/electricstore.eu\/lt\/wp-json\/wp\/v2\/product\/7670","targetHints":{"allow":["GET"]}}],"collection":[{"href":"https:\/\/electricstore.eu\/lt\/wp-json\/wp\/v2\/product"}],"about":[{"href":"https:\/\/electricstore.eu\/lt\/wp-json\/wp\/v2\/types\/product"}],"replies":[{"embeddable":true,"href":"https:\/\/electricstore.eu\/lt\/wp-json\/wp\/v2\/comments?post=7670"}],"wp:featuredmedia":[{"embeddable":true,"href":"https:\/\/electricstore.eu\/lt\/wp-json\/wp\/v2\/media\/7671"}],"wp:attachment":[{"href":"https:\/\/electricstore.eu\/lt\/wp-json\/wp\/v2\/media?parent=7670"}],"wp:term":[{"taxonomy":"product_brand","embeddable":true,"href":"https:\/\/electricstore.eu\/lt\/wp-json\/wp\/v2\/product_brand?post=7670"},{"taxonomy":"product_cat","embeddable":true,"href":"https:\/\/electricstore.eu\/lt\/wp-json\/wp\/v2\/product_cat?post=7670"},{"taxonomy":"product_tag","embeddable":true,"href":"https:\/\/electricstore.eu\/lt\/wp-json\/wp\/v2\/product_tag?post=7670"}],"curies":[{"name":"wp","href":"https:\/\/api.w.org\/{rel}","templated":true}]}}