{"id":7565,"date":"2025-05-15T19:32:42","date_gmt":"2025-05-15T19:32:42","guid":{"rendered":"https:\/\/electricstore.eu\/product\/usamr-100ah-48v-lifepo4-battery\/"},"modified":"2025-05-20T13:41:12","modified_gmt":"2025-05-20T13:41:12","slug":"usamr-100ah-48v-lifepo4-battery","status":"publish","type":"product","link":"https:\/\/electricstore.eu\/lt\/p\/batteries\/lifepo4-batteries\/100-200ah-lifepo4-batteries\/usamr-100ah-48v-lifepo4-battery\/","title":{"rendered":"USAMR 100Ah 48V LiFePO4 akumuliatorius"},"content":{"rendered":"<div class=\"product-specs-list-container\">\n<ul class=\"product-specs-list util-clearfix\">\n<li class=\"product-prop line-limit-length\"><span\n                                        class=\"property-title\">Nominali talpa:&nbsp;<\/span><span\n                                        class=\"property-desc line-limit-length\">100AH<\/span>\n                            <\/li>\n<li class=\"product-prop line-limit-length\"><span\n                                        class=\"property-title\">Svoris:&nbsp;<\/span><span\n                                        class=\"property-desc line-limit-length\">Apie 44 kg<\/span>\n                            <\/li>\n<li class=\"product-prop line-limit-length\"><span\n                                        class=\"property-title\">Dydis:&nbsp;<\/span><span\n                                        class=\"property-desc line-limit-length\">460 x 445 x 155 mm<\/span>\n                            <\/li>\n<li class=\"product-prop line-limit-length\"><span\n                                        class=\"property-title\">Modelio numeris:&nbsp;<\/span><span\n                                        class=\"property-desc line-limit-length\">48 V \u201eLiferpo4\u201c akumuliatorius<\/span>\n                            <\/li>\n<li class=\"product-prop line-limit-length\"><span\n                                        class=\"property-title\">Tipas:&nbsp;<\/span><span\n                                        class=\"property-desc line-limit-length\">LiFePO4<\/span>\n                            <\/li>\n<li class=\"product-prop line-limit-length\"><span\n                                        class=\"property-title\">Prek\u0117s \u017eenklas:&nbsp;<\/span><span\n                                        class=\"property-desc line-limit-length\">Likctt<\/span>\n                            <\/li>\n<li class=\"product-prop line-limit-length\"><span\n                                        class=\"property-title\">Kilm\u0117:&nbsp;<\/span><span\n                                        class=\"property-desc line-limit-length\">\u017demynin\u0117 Kinija<\/span>\n                            <\/li>\n<\/ul><\/div>\n<div class=\"detailmodule_html\">\n<div class=\"detail-desc-decorate-richtext\">\n<p style=\"text-align:left;color:#ff0000;font-size:13px;\">Transportas Europos S\u0105jungoje, Jungtin\u0117je Karalyst\u0117je, Jungtin\u0117se Amerikos Valstijose, Kanadoje ir Azijos \u0161alyse BE PVM.<\/p>\n<p style=\"text-align:left;color:#434649;font-size:13px;\">Atvyko ES sand\u0117lis (Lenkijos sand\u0117lis). Draugai, kuriems to reikia, gali pateikti u\u017esakym\u0105 dabar. Pirmiausia pateikite u\u017esakym\u0105 ir pirmiausia pasir\u016bpinkite siunta. Prekes galite gauti per 3\u20137 dienas nuo i\u0161siuntimo.<\/p>\n<p style=\"text-align:left;color:#434649;font-size:13px;\">Baterijos tipas:<\/p>\n<p style=\"text-align:left;color:#434649;font-size:13px;\">Nominali talpa: 100 Ah<\/p>\n<p style=\"text-align:left;color:#434649;font-size:13px;\">Baterijos dydis: 460 x 445 x 155 mm (+\/- 10 mm)<\/p>\n<p style=\"text-align:left;color:#434649;font-size:13px;\">Svoris: 44 kg (+\/- 0,5 kg)<\/p>\n<p style=\"text-align:left;color:#434649;font-size:13px;\">\u012emontuota: 3,2 V LiFePO4 baterija<\/p>\n<p style=\"text-align:left;color:#434649;font-size:13px;\">Gyvenimas: 6000 cikl\u0173 ar daugiau<\/p>\n<p style=\"text-align:left;color:#434649;font-size:13px;\">Atsparumas vandeniui ir dulk\u0117ms: IP5<\/p>\n<p style=\"text-align:left;color:#434649;font-size:13px;\">Korpuso med\u017eiaga: metalas<\/p>\n<p style=\"text-align:left;color:#434649;font-size:13px;\">Nominali \u012ftampa: 51,2 V<\/p>\n<p style=\"text-align:left;color:#434649;font-size:13px;\">Ry\u0161io protokolas: CAN RS485<\/p>\n<p style=\"text-align:left;color:#434649;font-size:13px;\">Integruota BMS: 16S 100A maks. 32 lygiagre\u010diai<\/p>\n<p style=\"text-align:left;color:#434649;font-size:13px;\">Energija: 5120 Wh<\/p>\n<p style=\"text-align:left;color:#434649;font-size:13px;\">Maksimali \u012fkrovimo srov\u0117: 100A<\/p>\n<p style=\"text-align:left;color:#434649;font-size:13px;\">Maksimali i\u0161krovimo srov\u0117: 100A<\/p>\n<p style=\"text-align:left;color:#434649;font-size:13px;\">\u012ekrovimo \u012ftampa: 58,4 \u00b1 0,4 V<\/p>\n<p style=\"text-align:left;color:#434649;font-size:13px;\">I\u0161krovimo ribin\u0117 \u012ftampa: 40,0 V<\/p>\n<p style=\"text-align:left;color:#434649;font-size:13px;\">\u012ekrovimo temperat\u016bra: 0\u201345 \u00b0C<\/p>\n<p style=\"text-align:left;color:#434649;font-size:13px;\">I\u0161leidimo temperat\u016bra: -20~60\u00b0C<\/p>\n<p style=\"text-align:left;color:#434649;font-size:13px;\">Laikymo temperat\u016bra: -20~65 \u00b0C<\/p>\n<p style=\"text-align:left;color:#434649;font-size:13px;\">Apsaugokite akumuliatoriaus temperat\u016br\u0105: 60 \u00b0C plius 5 \u00b0C<\/p>\n<p style=\"text-align:left;color:#434649;font-size:13px;\">Terminalo tipas: dvigubas M6<\/p>\n<p><img fetchpriority=\"high\" decoding=\"async\" height=\"1000\" referrerpolicy=\"no-referrer\" src=\"https:\/\/ae01.alicdn.com\/kf\/S2751643d63f3471da40b116e2ca3cc34x.jpg\" style=\"width: 100%; height: auto; vertical-align: middle;\" width=\"1000\"><img decoding=\"async\" height=\"1000\" referrerpolicy=\"no-referrer\" src=\"https:\/\/ae01.alicdn.com\/kf\/S0bab5217e0bb4d6b9a12565d0e282e914.jpg?width=1000&amp;height=1000&amp;hash=2000\" style=\"width: 100%; height: auto; vertical-align: middle;\" width=\"1000\"><img decoding=\"async\" height=\"1000\" referrerpolicy=\"no-referrer\" src=\"https:\/\/ae01.alicdn.com\/kf\/S4b0b641c78df4535b9c63a0132580a40L.jpg?width=1000&amp;height=1000&amp;hash=2000\" style=\"width: 100%; height: auto; vertical-align: middle;\" width=\"1000\"><img loading=\"lazy\" decoding=\"async\" height=\"1000\" referrerpolicy=\"no-referrer\" src=\"https:\/\/ae01.alicdn.com\/kf\/Sc03cafde504443098b22854922d14e160.jpg?width=1000&amp;height=1000&amp;hash=2000\" style=\"width: 100%; height: auto; vertical-align: middle;\" width=\"1000\"><img loading=\"lazy\" decoding=\"async\" height=\"1000\" referrerpolicy=\"no-referrer\" src=\"https:\/\/ae01.alicdn.com\/kf\/Sa15980aaeba44c51bb1089ad57fedc73z.jpg?width=1000&amp;height=1000&amp;hash=2000\" style=\"width: 100%; height: auto; vertical-align: middle;\" width=\"1000\"><img loading=\"lazy\" decoding=\"async\" height=\"1000\" referrerpolicy=\"no-referrer\" src=\"https:\/\/ae01.alicdn.com\/kf\/S7912bf068e5b4534b22f351332a7a5c3Z.jpg?width=1000&amp;height=1000&amp;hash=2000\" style=\"width: 100%; height: auto; vertical-align: middle;\" width=\"1000\"><img loading=\"lazy\" decoding=\"async\" height=\"1000\" referrerpolicy=\"no-referrer\" src=\"https:\/\/ae01.alicdn.com\/kf\/Sbd6aff1f41ee478db668b2fa01043621S.jpg?width=1000&amp;height=1000&amp;hash=2000\" style=\"width: 100%; height: auto; vertical-align: middle;\" width=\"1000\"><img loading=\"lazy\" decoding=\"async\" height=\"1000\" referrerpolicy=\"no-referrer\" src=\"https:\/\/ae01.alicdn.com\/kf\/S6c220a68b8734d9cbf94d38a7215bd13p.jpg?width=1000&amp;height=1000&amp;hash=2000\" style=\"width: 100%; height: auto; vertical-align: middle;\" width=\"1000\"><img loading=\"lazy\" decoding=\"async\" height=\"1000\" referrerpolicy=\"no-referrer\" src=\"https:\/\/ae01.alicdn.com\/kf\/Sfceba208366b4705974812258f2796cai.jpg\" style=\"width: 100%; height: auto; vertical-align: middle;\" width=\"1000\"><\/p>\n<p style=\"text-align:left;color:#434649;font-size:13px;\">Tarpstrukt\u016brin\u0117 diagrama<\/p>\n<p style=\"text-align:left;color:#434649;font-size:13px;\">Vidin\u0117s strukt\u016bros diagramos analiz\u0117, u\u017etikrinanti geresn\u0119 kokyb\u0119 ir patikimesn\u012f naudojim\u0105<\/p>\n<p style=\"text-align:left;color:#434649;font-size:13px;\">*Plienin\u0117 akumuliatori\u0173 d\u0117\u017eut\u0117<\/p>\n<p style=\"text-align:left;color:#434649;font-size:13px;\">Geresn\u0117 akumuliatoriaus elemento apsauga<\/p>\n<p style=\"text-align:left;color:#434649;font-size:13px;\">*LiFePO4 prizminis akumuliatorius<\/p>\n<p style=\"text-align:left;color:#434649;font-size:13px;\">Saugumas, didelis energijos tankis<\/p>\n<p style=\"text-align:left;color:#434649;font-size:13px;\">*16S 100A i\u0161manioji BMS sistema<\/p>\n<p style=\"text-align:left;color:#434649;font-size:13px;\">Akumuliatori\u0173 valdymo sistema (BMS) u\u017etikrina visapusi\u0161k\u0105 akumuliatoriaus apsaug\u0105 ir<\/p>\n<p style=\"text-align:left;color:#434649;font-size:13px;\">*Ry\u0161io prievadas<\/p>\n<p style=\"text-align:left;color:#434649;font-size:13px;\">CAN RS485 ir RS232 ry\u0161ys. Tinka pla\u010diam keitikliui<\/p>\n<p style=\"text-align:left;color:#434649;font-size:13px;\">*M8 P+\/P- gnybtai<\/p>\n<p style=\"text-align:left;color:#434649;font-size:13px;\">Prijunkite prie \u012frangos. Prijunkite lygiagre\u010diai kit\u0105 akumuliatori\u0173 blok\u0105, kad padidintum\u0117te talp\u0105.<\/p>\n<p style=\"text-align:left;color:#434649;font-size:13px;\">*LCD ekranas<\/p>\n<p style=\"text-align:left;color:#434649;font-size:13px;\">Nor\u0117dami rodyti informacij\u0105 apie akumuliatori\u0173<\/p>\n<p style=\"text-align:left;color:#434649;font-size:13px;\">*Grandin\u0117s pertraukiklis<\/p>\n<p style=\"text-align:left;color:#434649;font-size:13px;\">Automati\u0161kai nutraukia grandin\u0119, kai atsiranda gedim\u0173<\/p>\n<p style=\"text-align:left;color:#434649;font-size:13px;\">*Paj\u0117gumo b\u016bsena<\/p>\n<p style=\"text-align:left;color:#434649;font-size:13px;\">Keturios \u017ealios LED lemput\u0117s rodo akumuliatoriaus talpos b\u016bsen\u0105<\/p>\n<p style=\"text-align:left;color:#434649;font-size:13px;\">*Sulankstoma ner\u016bdijan\u010dio plieno rankena<\/p>\n<p style=\"text-align:left;color:#434649;font-size:13px;\">Lengviau ne\u0161iotis ar perkelti<\/p>\n<p><img loading=\"lazy\" decoding=\"async\" height=\"1553\" referrerpolicy=\"no-referrer\" src=\"https:\/\/ae01.alicdn.com\/kf\/Sfc41fb0862da4211833e9da7521029d4r.jpg?width=750&amp;height=1553&amp;hash=2303\" style=\"width: 100%; height: auto; vertical-align: middle;\" width=\"750\"><img loading=\"lazy\" decoding=\"async\" height=\"1099\" referrerpolicy=\"no-referrer\" src=\"https:\/\/ae01.alicdn.com\/kf\/S908efa1a3cd34b5698a2347e388b5506P.jpg?width=1179&amp;height=1099&amp;hash=2278\" style=\"width: 100%; height: auto; vertical-align: middle;\" width=\"1179\"><img loading=\"lazy\" decoding=\"async\" height=\"1230\" referrerpolicy=\"no-referrer\" src=\"https:\/\/ae01.alicdn.com\/kf\/S1db011a6b38f489f891d0321d8dfe170A.jpg?width=750&amp;height=1230&amp;hash=1980\" style=\"width: 100%; height: auto; vertical-align: middle;\" width=\"750\"><\/div>\n<\/div>","protected":false},"excerpt":{"rendered":"<p>Nominal Capacity:&nbsp;100AH Weight:&nbsp;About 44KG Size:&nbsp;460x445x155mm Model Number:&nbsp;48V Liferpo4 Battery Type:&nbsp;LiFePO4 Brand Name:&nbsp;Likctt Origin:&nbsp;Mainland China Transportation in the European Union, United Kingdom,the United States, Canada, and Asian TAX FREE. The EU<\/p>","protected":false},"featured_media":7566,"comment_status":"open","ping_status":"closed","template":"","meta":{"_acf_changed":false},"product_brand":[],"product_cat":[237],"product_tag":[243],"class_list":{"0":"post-7565","1":"product","2":"type-product","3":"status-publish","4":"has-post-thumbnail","6":"product_cat-100-200ah-lifepo4-batteries","7":"product_tag-usamr","9":"first","10":"instock","11":"shipping-taxable","12":"purchasable","13":"product-type-simple"},"acf":[],"_links":{"self":[{"href":"https:\/\/electricstore.eu\/lt\/wp-json\/wp\/v2\/product\/7565","targetHints":{"allow":["GET"]}}],"collection":[{"href":"https:\/\/electricstore.eu\/lt\/wp-json\/wp\/v2\/product"}],"about":[{"href":"https:\/\/electricstore.eu\/lt\/wp-json\/wp\/v2\/types\/product"}],"replies":[{"embeddable":true,"href":"https:\/\/electricstore.eu\/lt\/wp-json\/wp\/v2\/comments?post=7565"}],"wp:featuredmedia":[{"embeddable":true,"href":"https:\/\/electricstore.eu\/lt\/wp-json\/wp\/v2\/media\/7566"}],"wp:attachment":[{"href":"https:\/\/electricstore.eu\/lt\/wp-json\/wp\/v2\/media?parent=7565"}],"wp:term":[{"taxonomy":"product_brand","embeddable":true,"href":"https:\/\/electricstore.eu\/lt\/wp-json\/wp\/v2\/product_brand?post=7565"},{"taxonomy":"product_cat","embeddable":true,"href":"https:\/\/electricstore.eu\/lt\/wp-json\/wp\/v2\/product_cat?post=7565"},{"taxonomy":"product_tag","embeddable":true,"href":"https:\/\/electricstore.eu\/lt\/wp-json\/wp\/v2\/product_tag?post=7565"}],"curies":[{"name":"wp","href":"https:\/\/api.w.org\/{rel}","templated":true}]}}