{"id":7516,"date":"2025-05-15T19:32:09","date_gmt":"2025-05-15T19:32:09","guid":{"rendered":"https:\/\/electricstore.eu\/product\/usamr-600ah-12v-lifepo4-battery-3\/"},"modified":"2025-05-20T13:42:29","modified_gmt":"2025-05-20T13:42:29","slug":"usamr-600ah-12v-lifepo4-battery-3","status":"publish","type":"product","link":"https:\/\/electricstore.eu\/lt\/p\/batteries\/lifepo4-batteries\/200ah-lifepo4-batteries\/usamr-600ah-12v-lifepo4-battery-3\/","title":{"rendered":"USAMR 600Ah 12V LiFePO4 akumuliatorius"},"content":{"rendered":"<div class=\"product-specs-list-container\">\n<ul class=\"product-specs-list util-clearfix\">\n<li class=\"product-prop line-limit-length\"><span\n                                        class=\"property-title\">Nominali talpa:&nbsp;<\/span><span\n                                        class=\"property-desc line-limit-length\">600AH<\/span>\n                            <\/li>\n<li class=\"product-prop line-limit-length\"><span\n                                        class=\"property-title\">Svoris:&nbsp;<\/span><span\n                                        class=\"property-desc line-limit-length\">Apie 50,4 kg<\/span>\n                            <\/li>\n<li class=\"product-prop line-limit-length\"><span\n                                        class=\"property-title\">\u012etampa:&nbsp;<\/span><span\n                                        class=\"property-desc line-limit-length\">12 V<\/span>\n                            <\/li>\n<li class=\"product-prop line-limit-length\"><span\n                                        class=\"property-title\">Dydis:&nbsp;<\/span><span\n                                        class=\"property-desc line-limit-length\">430x310x270mm<\/span>\n                            <\/li>\n<li class=\"product-prop line-limit-length\"><span\n                                        class=\"property-title\">Modelio numeris:&nbsp;<\/span><span\n                                        class=\"property-desc line-limit-length\">12 V \u201eLiferpo4\u201c akumuliatorius<\/span>\n                            <\/li>\n<li class=\"product-prop line-limit-length\"><span\n                                        class=\"property-title\">Tipas:&nbsp;<\/span><span\n                                        class=\"property-desc line-limit-length\">LiFePO4<\/span>\n                            <\/li>\n<li class=\"product-prop line-limit-length\"><span\n                                        class=\"property-title\">Prek\u0117s \u017eenklas:&nbsp;<\/span><span\n                                        class=\"property-desc line-limit-length\">Likctt<\/span>\n                            <\/li>\n<li class=\"product-prop line-limit-length\"><span\n                                        class=\"property-title\">Kilm\u0117:&nbsp;<\/span><span\n                                        class=\"property-desc line-limit-length\">\u017demynin\u0117 Kinija<\/span>\n                            <\/li>\n<\/ul><\/div>\n<div class=\"detailmodule_html\">\n<div class=\"detail-desc-decorate-richtext\">\n<p style=\"font-size:20px;font-weight:bold;text-align:left;color:rgb(255, 0, 0)\" align=\"left\">Transportas Europos S\u0105jungoje, Jungtin\u0117je Karalyst\u0117je, Jungtin\u0117se Amerikos Valstijose, Kanadoje ir Azijos \u0161alyse BE PVM.<\/p>\n<p style=\"font-size:13px;text-align:left;color:rgb(67, 70, 73)\" align=\"left\">Atvyko ES sand\u0117lis (Lenkijos sand\u0117lis). Draugai, kuriems to reikia, gali pateikti u\u017esakym\u0105 dabar. Pirmiausia pateikite u\u017esakym\u0105 ir pirmiausia pasir\u016bpinkite siunta. Prekes galite gauti per 3\u20137 dienas nuo i\u0161siuntimo.<br \/>Baterijos tipas:<br \/>Akumuliatoriaus talpa: 600 ah<br \/>Battery size:430*310*270mm (+\/-10mm)<br \/>Svoris: 50,4 kg (+\/- 0,5 kg)<br \/>\u012emontuota: 3,2 V LiFePO4 baterija<br \/>Nominali \u012ftampa: 12,8 V<br \/>Maksimali \u012fkrovimo srov\u0117: 50A<br \/>Momentin\u0117 i\u0161krovos srov\u0117: 200A<br \/>Nuolatin\u0117 i\u0161krovimo srov\u0117: 100A<br \/>Gyvenimas: 6000 cikl\u0173 ar daugiau<br \/>Korpuso med\u017eiaga: Matel<br \/>\u012ekrovimo temperat\u016bra: 0\u201345 \u00b0C<br \/>I\u0161leidimo temperat\u016bra: -20~60\u00b0C<br \/>Laikymo temperat\u016bra: -20~65 \u00b0C<br \/>Darbin\u0117s \u012ftampos diapazonas: 8,0 V\u201314,6 V<br \/>Apsaugos nuo perkrovos \u012ftampa: 14,6 V \u00b1 0,05 V<br \/>Apsaugos \u012ftampa nuo perkrovos: 8,0 V \u00b1 0,05 V<br \/>Apsaugokite akumuliatoriaus temperat\u016br\u0105: 60 \u00b0C plius 5 \u00b0C<br \/>I\u0161vestis ir parametrai: didel\u0117s srov\u0117s teigiamas \/ neigiamas jungties stulpelis (raudonas teigiamas, juodas neigiamas)<\/p>\n<div><img decoding=\"async\" style=\"width:100%;height:auto\" width=\"100%\" height=\"auto\" src=\"https:\/\/ae01.alicdn.com\/kf\/S23c1d7b5797d4845845a3c736fb66b689.jpg\" slate-data-type=\"image\"\/><img decoding=\"async\" style=\"width:100%;height:auto\" width=\"100%\" height=\"auto\" src=\"https:\/\/ae01.alicdn.com\/kf\/S252a329e7df74ac982a61897c8aaa46ay.jpg\" slate-data-type=\"image\"\/><img decoding=\"async\" style=\"width:100%;height:auto\" width=\"100%\" height=\"auto\" src=\"https:\/\/ae01.alicdn.com\/kf\/S78a70a9793244904a68897a04c367ba0C.jpg?width=1000&amp;height=1000&amp;hash=2000\" slate-data-type=\"image\"\/><img decoding=\"async\" style=\"width:100%;height:auto\" width=\"100%\" height=\"auto\" src=\"https:\/\/ae01.alicdn.com\/kf\/S47846d325fa746d1b8838ed8f67d4826m.jpg?width=1000&amp;height=1000&amp;hash=2000\" slate-data-type=\"image\"\/><img decoding=\"async\" style=\"width:100%;height:auto\" width=\"100%\" height=\"auto\" src=\"https:\/\/ae01.alicdn.com\/kf\/S7dfa761837cd4db996c9096a04e71b13N.jpg?width=1000&amp;height=1000&amp;hash=2000\" slate-data-type=\"image\"\/><img decoding=\"async\" style=\"width:100%;height:auto\" width=\"100%\" height=\"auto\" src=\"https:\/\/ae01.alicdn.com\/kf\/Sf3183bee04f042edb56f6693202892dbp.jpg?width=1000&amp;height=1000&amp;hash=2000\" slate-data-type=\"image\"\/><img decoding=\"async\" style=\"width:100%;height:auto\" width=\"100%\" height=\"auto\" src=\"https:\/\/ae01.alicdn.com\/kf\/S559209be39524e6190b59d24ba79b677n.jpg?width=1000&amp;height=1000&amp;hash=2000\" slate-data-type=\"image\"\/><img decoding=\"async\" style=\"width:100%;height:auto\" width=\"100%\" height=\"auto\" src=\"https:\/\/ae01.alicdn.com\/kf\/S1dd2bfb17ba6429f8e2b5739caf1913bZ.jpg?width=1000&amp;height=1000&amp;hash=2000\" slate-data-type=\"image\"\/><img decoding=\"async\" style=\"width:100%;height:auto\" width=\"100%\" height=\"auto\" src=\"https:\/\/ae01.alicdn.com\/kf\/Sa3c63795cbd34f198df6cadc6646a1ddN.jpg?width=1000&amp;height=1000&amp;hash=2000\" slate-data-type=\"image\"\/><\/div>\n<p style=\"font-size:13px;text-align:left;color:rgb(67, 70, 73)\" align=\"left\">Elektros energijos taikymas<\/p>\n<p style=\"font-size:13px;text-align:left;color:rgb(67, 70, 73)\" align=\"left\">\u25cf U\u017eveskite akumuliatoriaus varikl\u012f<\/p>\n<p style=\"font-size:13px;text-align:left;color:rgb(67, 70, 73)\" align=\"left\">\u25cf Komerciniai autobusai ir autobusai:<\/p>\n<p style=\"font-size:13px;text-align:left;color:rgb(67, 70, 73)\" align=\"left\">Elektriniai automobiliai, elektriniai autobusai, golfo ve\u017eim\u0117liai \/ elektriniai dvira\u010diai, motoroleriai, nameliai ant rat\u0173, savaeig\u0117s transporto priemon\u0117s, j\u016br\u0173 p\u0117stininkai, autobusai, nameliai ant rat\u0173, ne\u012fgali\u0173j\u0173 ve\u017eim\u0117liai,<\/p>\n<p style=\"font-size:13px;text-align:left;color:rgb(67, 70, 73)\" align=\"left\">Elektroniniai sunkve\u017eimiai, elektronin\u0117s \u0161lavimo ma\u0161inos, grind\u0173 valikliai, elektronin\u0117s vaik\u0161tyn\u0117s ir kt.<\/p>\n<p style=\"font-size:13px;text-align:left;color:rgb(67, 70, 73)\" align=\"left\">\u25cf I\u0161manus robotas<\/p>\n<p style=\"font-size:13px;text-align:left;color:rgb(67, 70, 73)\" align=\"left\">\u25cf Elektriniai \u012frankiai: elektriniai gr\u0105\u017etai, \u017eaislai<\/p>\n<p style=\"font-size:13px;text-align:left;color:rgb(67, 70, 73)\" align=\"left\">Energijos kaupimas<\/p>\n<p style=\"font-size:13px;text-align:left;color:rgb(67, 70, 73)\" align=\"left\">\u25cf Saul\u0117s v\u0117jo j\u0117gaini\u0173 sistema<\/p>\n<p style=\"font-size:13px;text-align:left;color:rgb(67, 70, 73)\" align=\"left\">\u25cf Miesto tinklelis (\u012fjungtas \/ i\u0161jungtas)<\/p>\n<p style=\"font-size:13px;text-align:left;color:rgb(67, 70, 73)\" align=\"left\">Atsargin\u0117 sistema ir UPS<\/p>\n<p style=\"font-size:13px;text-align:left;color:rgb(67, 70, 73)\" align=\"left\">\u25cf Telekomunikacij\u0173 baz\u0117, kabelin\u0117s televizijos sistema, kompiuteri\u0173 serveri\u0173 centras, medicinos \u012franga, karin\u0117 \u012franga<\/p>\n<p style=\"font-size:13px;text-align:left;color:rgb(67, 70, 73)\" align=\"left\">kitos programos<\/p>\n<p style=\"font-size:13px;text-align:left;color:rgb(67, 70, 73)\" align=\"left\">\u25cf Sauga ir elektronika, mobil\u016bs pardavimo ta\u0161kai, kasybos ap\u0161vietimas \/ \u017eibintuv\u0117liai \/ LED \u017eibintai \/ avariniai \u017eibintai<\/p>\n<p style=\"font-size:13px;text-align:left;color:rgb(67, 70, 73)\" align=\"left\">Produkto privalumai:<\/p>\n<p style=\"font-size:13px;text-align:left;color:rgb(67, 70, 73)\" align=\"left\">Lengvai ne\u0161iojama, didel\u0117 talpa, didelio atpalaidavimo platforma, ilgas darbo laikas, ilgas tarnavimo laikas, sauga ir aplinkos apsauga<\/p>\n<div><img decoding=\"async\" style=\"width:100%;height:auto\" width=\"100%\" height=\"auto\" src=\"https:\/\/ae01.alicdn.com\/kf\/S27b23c2fe70a4c37899b54c92940cb610.jpg\" slate-data-type=\"image\"\/><\/div>\n<\/div>\n<\/div>\n<p><\/p>","protected":false},"excerpt":{"rendered":"<p>Nominal Capacity:&nbsp;600AH Weight:&nbsp;About 50.4kg Voltage:&nbsp;12V Size:&nbsp;430x310x270mm Model Number:&nbsp;12V Liferpo4 Battery Type:&nbsp;LiFePO4 Brand Name:&nbsp;Likctt Origin:&nbsp;Mainland China Transportation in the European Union, United Kingdom,the United States, Canada, and Asian TAX FREE. The<\/p>","protected":false},"featured_media":7517,"comment_status":"open","ping_status":"closed","template":"","meta":{"_acf_changed":false},"product_brand":[],"product_cat":[238],"product_tag":[243],"class_list":{"0":"post-7516","1":"product","2":"type-product","3":"status-publish","4":"has-post-thumbnail","6":"product_cat-200ah-lifepo4-batteries","7":"product_tag-usamr","9":"first","10":"instock","11":"shipping-taxable","12":"purchasable","13":"product-type-simple"},"acf":[],"_links":{"self":[{"href":"https:\/\/electricstore.eu\/lt\/wp-json\/wp\/v2\/product\/7516","targetHints":{"allow":["GET"]}}],"collection":[{"href":"https:\/\/electricstore.eu\/lt\/wp-json\/wp\/v2\/product"}],"about":[{"href":"https:\/\/electricstore.eu\/lt\/wp-json\/wp\/v2\/types\/product"}],"replies":[{"embeddable":true,"href":"https:\/\/electricstore.eu\/lt\/wp-json\/wp\/v2\/comments?post=7516"}],"wp:featuredmedia":[{"embeddable":true,"href":"https:\/\/electricstore.eu\/lt\/wp-json\/wp\/v2\/media\/7517"}],"wp:attachment":[{"href":"https:\/\/electricstore.eu\/lt\/wp-json\/wp\/v2\/media?parent=7516"}],"wp:term":[{"taxonomy":"product_brand","embeddable":true,"href":"https:\/\/electricstore.eu\/lt\/wp-json\/wp\/v2\/product_brand?post=7516"},{"taxonomy":"product_cat","embeddable":true,"href":"https:\/\/electricstore.eu\/lt\/wp-json\/wp\/v2\/product_cat?post=7516"},{"taxonomy":"product_tag","embeddable":true,"href":"https:\/\/electricstore.eu\/lt\/wp-json\/wp\/v2\/product_tag?post=7516"}],"curies":[{"name":"wp","href":"https:\/\/api.w.org\/{rel}","templated":true}]}}