{"id":25729,"date":"2025-05-20T19:00:53","date_gmt":"2025-05-20T19:00:53","guid":{"rendered":"https:\/\/electricstore.eu\/p\/uncategorized\/wltoys-c8805-114-rc-car-4wd-brushless-electric-70km-h-high-speed-off-road-2-4g-remote-control-cars-drift-monster-truck-for-kids\/"},"modified":"2025-05-20T19:06:33","modified_gmt":"2025-05-20T19:06:33","slug":"wltoys-c8805-114-rc-car-4wd-brushless-electric-70km-h-high-speed-off-road-2-4g-remote-control-cars-drift-monster-truck-for-kids","status":"publish","type":"product","link":"https:\/\/electricstore.eu\/lt\/p\/rc\/rc-cars\/wltoys-c8805-114-rc-car-4wd-brushless-electric-70km-h-high-speed-off-road-2-4g-remote-control-cars-drift-monster-truck-for-kids\/","title":{"rendered":"Wltoys C8805 1:14 RC automobilis 4WD be\u0161epetis elektrinis 70km\/h didelio grei\u010dio visureigis 2.4G nuotolinio valdymo automobiliai dreifuojantis monstr\u0173 sunkve\u017eimis vaikams"},"content":{"rendered":"<div class=\"product-specs-list-container\">\n<ul class=\"product-specs-list util-clearfix\">\n<li class=\"product-prop line-limit-length\"><span\n                                        class=\"property-title\">Labai susir\u016bpinim\u0105 kelianti chemin\u0117 med\u017eiaga:&nbsp;<\/span><span\n                                        class=\"property-desc line-limit-length\">N\u0117ra<\/span>\n                            <\/li>\n<li class=\"product-prop line-limit-length\"><span\n                                        class=\"property-title\">CE:&nbsp;<\/span><span\n                                        class=\"property-desc line-limit-length\">sertifikatas<\/span>\n                            <\/li>\n<li class=\"product-prop line-limit-length\"><span\n                                        class=\"property-title\">Ar elektrinis:&nbsp;<\/span><span\n                                        class=\"property-desc line-limit-length\">li\u010dio baterija<\/span>\n                            <\/li>\n<li class=\"product-prop line-limit-length\"><span\n                                        class=\"property-title\">Br\u016bk\u0161ninis kodas:&nbsp;<\/span><span\n                                        class=\"property-desc line-limit-length\">Ne<\/span>\n                            <\/li>\n<li class=\"product-prop line-limit-length\"><span\n                                        class=\"property-title\">Droselio servo:&nbsp;<\/span><span\n                                        class=\"property-desc line-limit-length\">2847 be\u0161epetis variklis (4000 kV vert\u0117s)<\/span>\n                            <\/li>\n<li class=\"product-prop line-limit-length\"><span\n                                        class=\"property-title\">Vairo stiprintuvas:&nbsp;<\/span><span\n                                        class=\"property-desc line-limit-length\">Trij\u0173 laid\u0173 17G skaitmeninis servo<\/span>\n                            <\/li>\n<li class=\"product-prop line-limit-length\"><span\n                                        class=\"property-title\">Galia:&nbsp;<\/span><span\n                                        class=\"property-desc line-limit-length\">70 km\/val.<\/span>\n                            <\/li>\n<li class=\"product-prop line-limit-length\"><span\n                                        class=\"property-title\">Asambl\u0117jos b\u016bsena:&nbsp;<\/span><span\n                                        class=\"property-desc line-limit-length\">Paruo\u0161tas naudoti<\/span>\n                            <\/li>\n<li class=\"product-prop line-limit-length\"><span\n                                        class=\"property-title\">Skryd\u017eio laikas:&nbsp;<\/span><span\n                                        class=\"property-desc line-limit-length\">15\u201318 minu\u010di\u0173 (nuolatinis b\u0117gimas visu grei\u010diu)<\/span>\n                            <\/li>\n<li class=\"product-prop line-limit-length\"><span\n                                        class=\"property-title\">Nuotolinis atstumas:&nbsp;<\/span><span\n                                        class=\"property-desc line-limit-length\">\u2265120 m<\/span>\n                            <\/li>\n<li class=\"product-prop line-limit-length\"><span\n                                        class=\"property-title\">Mastelis:&nbsp;<\/span><span\n                                        class=\"property-desc line-limit-length\">1:14<\/span>\n                            <\/li>\n<li class=\"product-prop line-limit-length\"><span\n                                        class=\"property-title\">Matmenys:&nbsp;<\/span><span\n                                        class=\"property-desc line-limit-length\">34,5 * 20,5 * 14,8 CM<\/span>\n                            <\/li>\n<li class=\"product-prop line-limit-length\"><span\n                                        class=\"property-title\">Modelio numeris:&nbsp;<\/span><span\n                                        class=\"property-desc line-limit-length\">C8805;MJX 140209\/14210<\/span>\n                            <\/li>\n<li class=\"product-prop line-limit-length\"><span\n                                        class=\"property-title\">\u012e komplekt\u0105 \u012feina:&nbsp;<\/span><span\n                                        class=\"property-desc line-limit-length\">Originali d\u0117\u017eut\u0117, baterijos, naudojimo instrukcija, \u012fkroviklis, nuotolinio valdymo pultas, USB laidas<\/span>\n                            <\/li>\n<li class=\"product-prop line-limit-length\"><span\n                                        class=\"property-title\">Valdymo kanalai:&nbsp;<\/span><span\n                                        class=\"property-desc line-limit-length\">4 kanalai<\/span>\n                            <\/li>\n<li class=\"product-prop line-limit-length\"><span\n                                        class=\"property-title\">Valdiklio re\u017eimas:&nbsp;<\/span><span\n                                        class=\"property-desc line-limit-length\">RE\u017dIMAS2<\/span>\n                            <\/li>\n<li class=\"product-prop line-limit-length\"><span\n                                        class=\"property-title\">Nuotolinio valdymo pultas:&nbsp;<\/span><span\n                                        class=\"property-desc line-limit-length\">Taip<\/span>\n                            <\/li>\n<li class=\"product-prop line-limit-length\"><span\n                                        class=\"property-title\">Med\u017eiaga:&nbsp;<\/span><span\n                                        class=\"property-desc line-limit-length\">Metalas, plastikas, guma<\/span>\n                            <\/li>\n<li class=\"product-prop line-limit-length\"><span\n                                        class=\"property-title\">Prek\u0117s \u017eenklas:&nbsp;<\/span><span\n                                        class=\"property-desc line-limit-length\">WDSZKMYF<\/span>\n                            <\/li>\n<li class=\"product-prop line-limit-length\"><span\n                                        class=\"property-title\">Rekomenduojamas am\u017eius:&nbsp;<\/span><span\n                                        class=\"property-desc line-limit-length\">14+ met\u0173<\/span>\n                            <\/li>\n<li class=\"product-prop line-limit-length\"><span\n                                        class=\"property-title\">Kilm\u0117:&nbsp;<\/span><span\n                                        class=\"property-desc line-limit-length\">\u017demynin\u0117 Kinija<\/span>\n                            <\/li>\n<li class=\"product-prop line-limit-length\"><span\n                                        class=\"property-title\">Dizainas:&nbsp;<\/span><span\n                                        class=\"property-desc line-limit-length\">Purvo motociklas<\/span>\n                            <\/li>\n<li class=\"product-prop line-limit-length\"><span\n                                        class=\"property-title\">Tipas:&nbsp;<\/span><span\n                                        class=\"property-desc line-limit-length\">Automobilis<\/span>\n                            <\/li>\n<li class=\"product-prop line-limit-length\"><span\n                                        class=\"property-title\">Savyb\u0117s:&nbsp;<\/span><span\n                                        class=\"property-desc line-limit-length\">NUOTOLINIS VALDYMAS<\/span>\n                            <\/li>\n<\/ul><\/div>\n<p><span style=\"color:rgba(244,78,59,255);font-size:18px\"><strong>d\u0117mesio reikalaujantys dalykai:<\/strong><\/span><\/p>\n<p><span style=\"color:rgba(244,78,59,255)\">1: Apsauga nuo \u012fkrovimo: Nuolatin\u0117s srov\u0117s ir nuolatin\u0117s \u012ftampos subalansuotas \u012fkrovimas, apsaugantis nuo perkrovimo ir akumuliatoriaus vir\u0161srov\u0117s.<\/span><\/p>\n<p><span style=\"color:rgba(244,78,59,255)\">2: Variklio apsauga nuo u\u017estrigimo: perkrovus varikl\u012f, jis nustoja veikti.<\/span><\/p>\n<p><span style=\"color:rgba(244,78,59,255)\">3: Apsauga nuo auk\u0161tos temperat\u016bros: Kai darbin\u0117 temperat\u016bra vir\u0161ija nustatyt\u0105j\u0105, pavaros valdymo grandin\u0117 nustoja veikti ir v\u0117l pradeda veikti, kai temperat\u016bra nukrenta iki saugios vert\u0117s.<\/span><\/p>\n<p><span style=\"color:rgba(244,78,59,255)\">4: \u012etampos ma\u017einimo ir maitinimo i\u0161jungimo funkcija automati\u0161kai i\u0161sijungia, kai akumuliatoriaus \u012ftampa nukrenta \u017eemiau 6,3\u20136,4 V, kad b\u016bt\u0173 i\u0161vengta \u017ealos d\u0117l per didelio i\u0161sikrovimo.<\/span><\/p>\n<p><\/p>\n<p><span style=\"color:rgb(244, 78, 59);font-size:20px\"><strong>JJRC C8805 1:16 RC automobilis 4WD Thunder didelio grei\u010dio visureigis be\u0161epetis keturi\u0173 rat\u0173 pavara Thunder visureigis RC \u017eaislas<\/strong><\/span><\/p>\n<p><span style=\"color:rgb(0, 0, 0);font-size:14px;font-family:OpenSans\">Did\u017eiausias greitis: 70 km\/val.<\/span><br \/><span style=\"color:rgb(0, 0, 0);font-size:14px;font-family:OpenSans\">Naudojimo laikas: apie 15\u201318 minu\u010di\u0173<\/span><br \/><span style=\"color:rgb(0, 0, 0);font-size:14px;font-family:OpenSans\">\u012ekrovimo laikas: apie 1,5 valandos<\/span><br \/><span style=\"color:rgb(0, 0, 0);font-size:14px;font-family:OpenSans\">Nuotolinio valdymo re\u017eimas: 2.4G nuotolinio valdymo pultas<\/span><br \/><span style=\"color:rgb(0, 0, 0);font-size:14px;font-family:OpenSans\">Nuotolinio valdymo pulto atstumas: \u2265120 m<\/span><br \/><span style=\"color:rgb(0, 0, 0);font-size:14px;font-family:OpenSans\">Pavaros variklis: 2847 be\u0161epetis variklis (4000 kV vert\u0117s)<\/span><br \/><span style=\"color:rgb(0, 0, 0);font-size:14px;font-family:OpenSans\">Baterija: 7,4 V 1500 mAh 15C<\/span><br \/><span style=\"color:rgb(0, 0, 0);font-size:14px;font-family:OpenSans\">Nuotolinio valdymo pulto baterijos: \u201eAA\u201c baterijos *3 (nepridedamos)<\/span><br \/><span style=\"color:rgb(0, 0, 0);font-size:14px;font-family:OpenSans\">Va\u017eiuokl\u0117s baz\u0117: 188 mm<\/span><br \/><span style=\"color:rgb(0, 0, 0);font-size:14px;font-family:OpenSans\">Rat\u0173 skersmuo: 85 mm<\/span><br \/><span style=\"color:rgb(0, 0, 0);font-size:14px;font-family:OpenSans\">K\u016bno dydis: 34,5 * 20,5 * 14,8 cm<\/span><\/p>\n<p><\/p>\n<p><strong>Funkcija<\/strong>:<\/p>\n<p>1. Pri\u0117mus modeliavimo konstrukcijos dizain\u0105, jis suteikia tikr\u0105 automobilio valdymo poj\u016bt\u012f, pasiekdamas visi\u0161k\u0105 proporcing\u0105 nuolat kintam\u0105 transmisij\u0105, va\u017eiavim\u0105 dideliu grei\u010diu, greit\u0105 pagreit\u012f, l\u0117t\u0117jim\u0105, stabdym\u0105, va\u017eiavim\u0105 atbuline eiga, pos\u016bk\u012f \u012f kair\u0119, pos\u016bk\u012f \u012f de\u0161in\u0119;<\/p>\n<p>2. Taikomos vietos: lygi \u017eem\u0117, sm\u0117l\u0117ta \u017eem\u0117, dumbl\u0117ta \u017eem\u0117, pievos.<\/p>\n<p>3. Keturi\u0173 varan\u010di\u0173j\u0173 rat\u0173 pavara: priekini\u0173 ir galini\u0173 vertikali\u0173 spyruokli\u0173 amortizacija, dviguba nepriklausoma pakabos sistema;<\/p>\n<p>4. 2.4G pilno masto sinchronin\u0117 nuotolinio valdymo sistema. Visi\u0161kai proporcingas droselis\/vairavimas;<\/p>\n<p>5. 2.4G atsparus vandens purslams keturi\u0173 kryp\u010di\u0173 30A integruotas elektrinis valdymas \/ imtuvas;<\/p>\n<p>6. Priekinio rato skersinio rutulinio \u0161arnyro universalus varantysis velenas, galinio rato padalintas varantysis velenas su \u0161uns kaulo formos \u0161arnyru;<\/p>\n<p>7. Trij\u0173 laid\u0173 17G servovariklis;<\/p>\n<p>8. Itin stipri akumuliatoriaus galia: 7,4 V, 18650\u20131500 mAh li\u010dio jon\u0173 akumuliatorius (T ki\u0161tukas), i\u0161krovos greitis 10 \u00b0C;<\/p>\n<p>9. Visame automobilyje yra 16 rutulini\u0173 guoli\u0173;<\/p>\n<p>10. Metalin\u0117 antro auk\u0161to plok\u0161t\u0117, metalinis priekinis ir galinis svir\u010di\u0173 kodas, metalinis vidurinis transmisijos velenas;<\/p>\n<p>11. Automobilio korpusas pagamintas i\u0161 didelio atsparumo sprogimui atsparaus PVC korpuso;<\/p>\n<p>12. Automobilio korpuse \u012frengti LED priekiniai \u017eibintai, LED stogo \u017eibintai ir LED galiniai \u017eibintai; (trys re\u017eimai: nuolatinis ap\u0161vietimas, l\u0117tas mirks\u0117jimas, mirks\u0117jimas);<\/p>\n<p>13. Imituojamos visureigi\u0173 padangos su stipriu sukibimu; 14. Automobilio karkasas yra visi\u0161kai u\u017edaros konstrukcijos, kuri u\u017etikrina geresn\u012f amortizavim\u0105, kai automobilis patiria sm\u016bg\u012f i\u0161 priekio, ir apsaugo rat\u0173 komponentus nuo stipri\u0173 sm\u016bgio j\u0117g\u0173 sukelt\u0173 pa\u017eeidim\u0173.<\/p>\n<p>15. Nuotolinio valdymo vairas turi perjungimo svirt\u012f, leid\u017eian\u010di\u0105 \u017eaid\u0117jams valdyti vair\u0105 viena ranka, visi\u0161kai panaikinant rankinio valdymo apribojimus.<\/p>\n<p>16. Apr\u016bpinta 3,2 colio visureigio ratlankiais ir pakelta va\u017eiuokle, pagerintas transporto priemon\u0117s prava\u017eumas, leid\u017eiantis \u012fveikti \u012fvairesnes kelio s\u0105lygas.<\/p>\n<p>17. Nuotolinio valdymo pulte yra sukamoji vairo mechanizmo tikslaus reguliavimo ranken\u0117l\u0117 ir grei\u010dio ribojimo tikslaus reguliavimo ranken\u0117l\u0117, kurios leid\u017eia tiksliau ir subtiliau reguliuoti.<\/p>\n<p>18. Vairo pasukimo kampas didesnis, tod\u0117l automobilis lankstesnis pos\u016bkiuose ir geriau jau\u010diamas sm\u016bgis.<\/p>\n<p>19. ESC\/akumuliatoriaus prijungimo ki\u0161tukas yra T formos, tod\u0117l srov\u0117s i\u0161vestis yra stabilesn\u0117.<\/p>\n<p><\/p>\n<p><strong>i\u0161samus s\u0105ra\u0161as:<\/strong><\/p>\n<p>1) Visa transporto priemon\u0117; 2) Nuotolinio valdymo pultas; 3) Kin\u0173 ir angl\u0173 kalbomis parengti vadovai; 4) Li\u010dio baterijos; 5) USB subalansuotas \u012fkrovimas; 6) Galinis sparnas; 7) Vairas su pak\u0117limo mechanizmu; 8) Amortizavimo reguliavimo sagties \u017eiedas; 9) Metalinis kai\u0161tis; 10) \u0160e\u0161iakampis lizdas; 11) Kreipiamasis \u012fd\u0117klas<\/p>\n<p><\/p>\n<p><img decoding=\"async\" src=\"https:\/\/ae01.alicdn.com\/kf\/Sc71dfb64a76a46a19018596500a83a0fV.jpg\" slate-data-type=\"image\"\/><img decoding=\"async\" src=\"https:\/\/ae01.alicdn.com\/kf\/S88beb12314a841d396bf94e10f36ad05z.jpg\" slate-data-type=\"image\"\/><img decoding=\"async\" src=\"https:\/\/ae01.alicdn.com\/kf\/Sb87684194a074c389e5cedb2d37cdb3aH.jpg\" slate-data-type=\"image\"\/><img decoding=\"async\" src=\"https:\/\/ae01.alicdn.com\/kf\/Sdcfacccc86574ccda4f79bf7af7a47d4S.jpg\" slate-data-type=\"image\"\/><img decoding=\"async\" src=\"https:\/\/ae01.alicdn.com\/kf\/Sf16c8c8650db4f73ab2423c185ccc338b.jpg\" slate-data-type=\"image\"\/><img decoding=\"async\" src=\"https:\/\/ae01.alicdn.com\/kf\/S1a0e070fdce545b3b9437d6836b6c1b1g.jpg\" slate-data-type=\"image\"\/><img decoding=\"async\" src=\"https:\/\/ae01.alicdn.com\/kf\/S6012b61ef46a4acbaf97a6bf0007175cY.jpg\" slate-data-type=\"image\"\/><img decoding=\"async\" src=\"https:\/\/ae01.alicdn.com\/kf\/S24a8a52693bb40bd93be9abdbc20382br.jpg\" slate-data-type=\"image\"\/><img decoding=\"async\" src=\"https:\/\/ae01.alicdn.com\/kf\/S2be97ade9015493985ba27745309130d8.jpg\" slate-data-type=\"image\"\/><img decoding=\"async\" src=\"https:\/\/ae01.alicdn.com\/kf\/S3fb7280a9b6e429db582306ebb2ccef52.jpg\" slate-data-type=\"image\"\/><img decoding=\"async\" src=\"https:\/\/ae01.alicdn.com\/kf\/S4dc0d4a040024f2ca8813e87b693c093q.jpg\" slate-data-type=\"image\"\/><img decoding=\"async\" src=\"https:\/\/ae01.alicdn.com\/kf\/Sf1951f138a3c4cc79b27f371d883feefa.jpg\" slate-data-type=\"image\"\/><img decoding=\"async\" src=\"https:\/\/ae01.alicdn.com\/kf\/Sb4b4601642444883a6a5d4fe32508187x.jpg\" slate-data-type=\"image\"\/><img decoding=\"async\" src=\"https:\/\/ae01.alicdn.com\/kf\/S2772c61e4b1f4192804a41f464ce92d2R.jpg\" slate-data-type=\"image\"\/><img decoding=\"async\" src=\"https:\/\/ae01.alicdn.com\/kf\/S87a5498d2efb45adb52a39d6875fee0bf.jpg\" slate-data-type=\"image\"\/><img decoding=\"async\" src=\"https:\/\/ae01.alicdn.com\/kf\/S155407d4d5d0402a94811b78984f69e3B.jpg\" slate-data-type=\"image\"\/><\/p>\n<p><\/p>\n<p><\/p>","protected":false},"excerpt":{"rendered":"<p>Hign-concerned Chemical:&nbsp;None CE:&nbsp;Certificate Is Electric:&nbsp;lithium battery Barcode:&nbsp;No Throttle servo:&nbsp;2847 brushless motor (4000 KV value) Steering servo:&nbsp;Three wire 17G digital servo Power:&nbsp;70km\/h State of Assembly:&nbsp;Ready-to-Go Flight Time:&nbsp;15-18 minutes (continuous full speed<\/p>","protected":false},"featured_media":25731,"comment_status":"open","ping_status":"closed","template":"","meta":{"_acf_changed":false},"product_brand":[],"product_cat":[519],"product_tag":[],"class_list":{"0":"post-25729","1":"product","2":"type-product","3":"status-publish","4":"has-post-thumbnail","6":"product_cat-rc-cars","8":"first","9":"instock","10":"shipping-taxable","11":"purchasable","12":"product-type-variable"},"acf":[],"_links":{"self":[{"href":"https:\/\/electricstore.eu\/lt\/wp-json\/wp\/v2\/product\/25729","targetHints":{"allow":["GET"]}}],"collection":[{"href":"https:\/\/electricstore.eu\/lt\/wp-json\/wp\/v2\/product"}],"about":[{"href":"https:\/\/electricstore.eu\/lt\/wp-json\/wp\/v2\/types\/product"}],"replies":[{"embeddable":true,"href":"https:\/\/electricstore.eu\/lt\/wp-json\/wp\/v2\/comments?post=25729"}],"wp:featuredmedia":[{"embeddable":true,"href":"https:\/\/electricstore.eu\/lt\/wp-json\/wp\/v2\/media\/25731"}],"wp:attachment":[{"href":"https:\/\/electricstore.eu\/lt\/wp-json\/wp\/v2\/media?parent=25729"}],"wp:term":[{"taxonomy":"product_brand","embeddable":true,"href":"https:\/\/electricstore.eu\/lt\/wp-json\/wp\/v2\/product_brand?post=25729"},{"taxonomy":"product_cat","embeddable":true,"href":"https:\/\/electricstore.eu\/lt\/wp-json\/wp\/v2\/product_cat?post=25729"},{"taxonomy":"product_tag","embeddable":true,"href":"https:\/\/electricstore.eu\/lt\/wp-json\/wp\/v2\/product_tag?post=25729"}],"curies":[{"name":"wp","href":"https:\/\/api.w.org\/{rel}","templated":true}]}}