{"id":25714,"date":"2025-05-20T19:00:43","date_gmt":"2025-05-20T19:00:43","guid":{"rendered":"https:\/\/electricstore.eu\/p\/uncategorized\/hyper-go-mjx-genuine-license-16208-16210-1-16-4wd-rc-car-55km-h-brushless-rc-racing-car-remote-control-cars-off-road-truck-toys\/"},"modified":"2025-05-20T19:06:11","modified_gmt":"2025-05-20T19:06:11","slug":"hyper-go-mjx-genuine-license-16208-16210-1-16-4wd-rc-car-55km-h-brushless-rc-racing-car-remote-control-cars-off-road-truck-toys","status":"publish","type":"product","link":"https:\/\/www.electricstore.eu\/lt\/p\/rc\/rc-cars\/hyper-go-mjx-genuine-license-16208-16210-1-16-4wd-rc-car-55km-h-brushless-rc-racing-car-remote-control-cars-off-road-truck-toys\/","title":{"rendered":"\u201eHyper Go MJX\u201c originali licencija 16208 16210 1\/16 4WD RC automobilis 55KM\/H be\u0161epetis RC lenktyninis automobilis nuotolinio valdymo automobiliai visureigiai sunkve\u017eimiai \u017eaislai"},"content":{"rendered":"<div class=\"product-specs-list-container\">\n<ul class=\"product-specs-list util-clearfix\">\n<li class=\"product-prop line-limit-length\"><span\n                                        class=\"property-title\">Labai susir\u016bpinim\u0105 kelianti chemin\u0117 med\u017eiaga:&nbsp;<\/span><span\n                                        class=\"property-desc line-limit-length\">N\u0117ra<\/span>\n                            <\/li>\n<li class=\"product-prop line-limit-length\"><span\n                                        class=\"property-title\">CE:&nbsp;<\/span><span\n                                        class=\"property-desc line-limit-length\">sertifikatas<\/span>\n                            <\/li>\n<li class=\"product-prop line-limit-length\"><span\n                                        class=\"property-title\">Ar elektrinis:&nbsp;<\/span><span\n                                        class=\"property-desc line-limit-length\">li\u010dio baterija<\/span>\n                            <\/li>\n<li class=\"product-prop line-limit-length\"><span\n                                        class=\"property-title\">Br\u016bk\u0161ninis kodas:&nbsp;<\/span><span\n                                        class=\"property-desc line-limit-length\">Ne<\/span>\n                            <\/li>\n<li class=\"product-prop line-limit-length\"><span\n                                        class=\"property-title\">Droselio servo:&nbsp;<\/span><span\n                                        class=\"property-desc line-limit-length\">17 g skaitmeninis servo variklis<\/span>\n                            <\/li>\n<li class=\"product-prop line-limit-length\"><span\n                                        class=\"property-title\">Vairo stiprintuvas:&nbsp;<\/span><span\n                                        class=\"property-desc line-limit-length\">17 g skaitmeninis servo variklis<\/span>\n                            <\/li>\n<li class=\"product-prop line-limit-length\"><span\n                                        class=\"property-title\">Asambl\u0117jos b\u016bsena:&nbsp;<\/span><span\n                                        class=\"property-desc line-limit-length\">Paruo\u0161tas naudoti<\/span>\n                            <\/li>\n<li class=\"product-prop line-limit-length\"><span\n                                        class=\"property-title\">Skryd\u017eio laikas:&nbsp;<\/span><span\n                                        class=\"property-desc line-limit-length\">12,5 min.<\/span>\n                            <\/li>\n<li class=\"product-prop line-limit-length\"><span\n                                        class=\"property-title\">Padang\u0173 takelis:&nbsp;<\/span><span\n                                        class=\"property-desc line-limit-length\">182 mm<\/span>\n                            <\/li>\n<li class=\"product-prop line-limit-length\"><span\n                                        class=\"property-title\">Va\u017eiuokl\u0117s baz\u0117:&nbsp;<\/span><span\n                                        class=\"property-desc line-limit-length\">175 mm<\/span>\n                            <\/li>\n<li class=\"product-prop line-limit-length\"><span\n                                        class=\"property-title\">Nuotolinis atstumas:&nbsp;<\/span><span\n                                        class=\"property-desc line-limit-length\">60\u201380 m<\/span>\n                            <\/li>\n<li class=\"product-prop line-limit-length\"><span\n                                        class=\"property-title\">Garantija:&nbsp;<\/span><span\n                                        class=\"property-desc line-limit-length\">N\u0117ra<\/span>\n                            <\/li>\n<li class=\"product-prop line-limit-length\"><span\n                                        class=\"property-title\">Mastelis:&nbsp;<\/span><span\n                                        class=\"property-desc line-limit-length\">1:16<\/span>\n                            <\/li>\n<li class=\"product-prop line-limit-length\"><span\n                                        class=\"property-title\">Matmenys:&nbsp;<\/span><span\n                                        class=\"property-desc line-limit-length\">25,2 * 20,5 * 10 cm<\/span>\n                            <\/li>\n<li class=\"product-prop line-limit-length\"><span\n                                        class=\"property-title\">Sukimo momentas:&nbsp;<\/span><span\n                                        class=\"property-desc line-limit-length\">Kaip rodo<\/span>\n                            <\/li>\n<li class=\"product-prop line-limit-length\"><span\n                                        class=\"property-title\">Modelio numeris:&nbsp;<\/span><span\n                                        class=\"property-desc line-limit-length\">MJX Hyper Go 16207 16208 16210 16210<\/span>\n                            <\/li>\n<li class=\"product-prop line-limit-length\"><span\n                                        class=\"property-title\">\u012e komplekt\u0105 \u012feina:&nbsp;<\/span><span\n                                        class=\"property-desc line-limit-length\">Originali d\u0117\u017eut\u0117, baterijos, naudojimo instrukcija, \u012fkroviklis, nuotolinio valdymo pultas, USB laidas<\/span>\n                            <\/li>\n<li class=\"product-prop line-limit-length\"><span\n                                        class=\"property-title\">Valdymo kanalai:&nbsp;<\/span><span\n                                        class=\"property-desc line-limit-length\">4 kanalai<\/span>\n                            <\/li>\n<li class=\"product-prop line-limit-length\"><span\n                                        class=\"property-title\">Valdiklio re\u017eimas:&nbsp;<\/span><span\n                                        class=\"property-desc line-limit-length\">RE\u017dIMAS2<\/span>\n                            <\/li>\n<li class=\"product-prop line-limit-length\"><span\n                                        class=\"property-title\">\u012ekrovimo \u012ftampa:&nbsp;<\/span><span\n                                        class=\"property-desc line-limit-length\">11,1 V 1050 mAh<\/span>\n                            <\/li>\n<li class=\"product-prop line-limit-length\"><span\n                                        class=\"property-title\">Nuotolinio valdymo pultas:&nbsp;<\/span><span\n                                        class=\"property-desc line-limit-length\">Taip<\/span>\n                            <\/li>\n<li class=\"product-prop line-limit-length\"><span\n                                        class=\"property-title\">Med\u017eiaga:&nbsp;<\/span><span\n                                        class=\"property-desc line-limit-length\">Metalas, plastikas, guma<\/span>\n                            <\/li>\n<li class=\"product-prop line-limit-length\"><span\n                                        class=\"property-title\">Prek\u0117s \u017eenklas:&nbsp;<\/span><span\n                                        class=\"property-desc line-limit-length\">WDSZKMYF<\/span>\n                            <\/li>\n<li class=\"product-prop line-limit-length\"><span\n                                        class=\"property-title\">Rekomenduojamas am\u017eius:&nbsp;<\/span><span\n                                        class=\"property-desc line-limit-length\">14+ met\u0173<\/span>\n                            <\/li>\n<li class=\"product-prop line-limit-length\"><span\n                                        class=\"property-title\">Kilm\u0117:&nbsp;<\/span><span\n                                        class=\"property-desc line-limit-length\">\u017demynin\u0117 Kinija<\/span>\n                            <\/li>\n<li class=\"product-prop line-limit-length\"><span\n                                        class=\"property-title\">Dizainas:&nbsp;<\/span><span\n                                        class=\"property-desc line-limit-length\">Purvo motociklas<\/span>\n                            <\/li>\n<li class=\"product-prop line-limit-length\"><span\n                                        class=\"property-title\">Tipas:&nbsp;<\/span><span\n                                        class=\"property-desc line-limit-length\">Automobilis<\/span>\n                            <\/li>\n<li class=\"product-prop line-limit-length\"><span\n                                        class=\"property-title\">Savyb\u0117s:&nbsp;<\/span><span\n                                        class=\"property-desc line-limit-length\">NUOTOLINIS VALDYMAS<\/span>\n                            <\/li>\n<\/ul><\/div>\n<p><\/p>\n<div class=\"detailmodule_html\">\n<div class=\"detail-desc-decorate-richtext\">\n<p><span style=\"color:rgb(244, 78, 59);font-size:16px\"><strong>Pastaba:<\/strong><\/span><\/p>\n<p><span style=\"color:rgb(244, 78, 59);font-size:16px\">1. \u017daislinio automobilio 70 km\/greitis yra idealios b\u016bsenos tu\u0161\u010diosios eigos greitis, o tikr\u0105j\u012f automobilio greit\u012f veikia kiti veiksniai, pavyzd\u017eiui, vieta.<\/span><\/p>\n<p><span style=\"color:rgb(244, 78, 59);font-size:16px\">2. 16207 gali naudoti tik 3S baterij\u0105, 16208 ir 16210 gali naudoti 2S ir 3S baterijas<\/span><\/p>\n<p><span style=\"color:rgb(244, 78, 59);font-size:16px\">3.16208,16209,16210 Pakeitus 3S baterij\u0105, maksimalus greitis siekia 70 km\/val., o nuva\u017eiuojamas atstumas \u2013 daugiau nei 20 minu\u010di\u0173. \u0160i 3S baterija yra modifikuota, o \u012fkrovimo laikas \u2013 apie 4 valandas.<\/span><\/p>\n<p><span style=\"color:rgb(244, 78, 59);font-size:16px\"><\/span><\/p>\n<div class=\"detailmodule_media\">\n<div class=\"video-container-5000210508095\">\n<div class=\"detail-video\" id=\"5000210508095\" data-previewurl=\"https:\/\/ae01.alicdn.com\/kf\/Sdb446eb188794ab7a48383720b5b791aP.jpg\"><\/div>\n<\/div>\n<\/div>\n<p><span style=\"color:rgb(244, 78, 59);font-size:16px\"><\/span><\/p>\n<div>\n<div><span style=\"font-size:20px\"><strong>\u201eHyper Go MJX\u201c originali licencija 16208 16210 1\/16 4WD RC automobilis 55KM\/H be\u0161epetis RC lenktyninis automobilis nuotolinio valdymo automobiliai visureigiai sunkve\u017eimiai \u017eaislai<\/strong><\/span><\/div>\n<\/div>\n<p><strong><span style=\"color:rgb(0, 0, 0);font-size:16px\">Naudojant baterij\u0105, atkreipkite d\u0117mes\u012f:<\/span><\/strong><\/p>\n<p><span style=\"color:rgb(0, 0, 0);font-size:16px\">1. Kai akumuliatorius i\u0161sikrauna, j\u012f reikia laiku \u012fkrauti, kad b\u016bt\u0173 u\u017etikrintas akumuliatoriaus energijos perteklius. Jei akumuliatorius visi\u0161kai i\u0161sikrov\u0119s, jo \u012fkrauti nepavyks.<\/span><\/p>\n<p><span style=\"color:rgb(0, 0, 0);font-size:16px\">2. \u012ekraudami baterij\u0105, atjunkite jungt\u012f nuo nuotolinio valdymo automobilio. B\u016btinai i\u0161imkite baterij\u0105, kad j\u0105 \u012fkrautum\u0117te atskirai.<\/span><\/p>\n<p><span style=\"color:rgb(0, 0, 0);font-size:16px\">3. Jei nenaudojate nuotolinio valdymo automobilio, atjunkite baterij\u0105 nuo nuotolinio valdymo automobilio laido, jokiu b\u016bdu nejunkite ir visi\u0161kai \u012fkraukite baterij\u0105, kitaip ji bus pa\u017eeista.<\/span><\/p>\n<p><strong><span style=\"color:rgb(0, 0, 0);font-size:16px\">MJX 16207 16208 16210 70KM\/H be\u0161epetis RC automobilis 4WD elektrinis didelio grei\u010dio visureigis nuotolinio valdymo dreifuojantis monstr\u0173 sunkve\u017eimis vaikams<\/span><\/strong><\/p>\n<p><span style=\"color:rgb(0, 0, 0);font-size:16px\">Pastaba: Prie\u0161 pirkdami, atkreipkite d\u0117mes\u012f \u012f modelio nustatym\u0105. Modelio parametrai yra \u0161ie:<\/span><\/p>\n<p><span style=\"color:rgb(0, 0, 0);font-size:16px\">1.<\/span><\/p>\n<p><span style=\"color:rgb(0, 0, 0);font-size:16px\">Produkto pavadinimas: 16207<\/span><\/p>\n<p><span style=\"color:rgb(0, 0, 0);font-size:16px\">Dydis: 25,2 * 20,5 * 10 cm<\/span><\/p>\n<p><span style=\"color:rgb(0, 0, 0);font-size:16px\">Maksimalus greitis: 70 km\/val.<\/span><\/p>\n<p><span style=\"color:rgb(0, 0, 0);font-size:16px\">Baterija: 3S 11.1V 1050mAh<\/span><\/p>\n<p><span style=\"color:rgb(0, 0, 0);font-size:16px\">Pavaros variklis: 2845 keturi\u0173 poli\u0173 be\u0161epetis variklis<\/span><\/p>\n<p><span style=\"color:rgb(0, 0, 0);font-size:16px\">Svoris: 1030 g<\/span><\/p>\n<p><span style=\"color:rgb(0, 0, 0);font-size:16px\">Darbo laikas: 12,5 minut\u0117s<\/span><\/p>\n<p><span style=\"color:rgb(0, 0, 0);font-size:16px\">2.<\/span><\/p>\n<p><span style=\"color:rgb(0, 0, 0);font-size:16px\">Produkto pavadinimas: 16708<\/span><\/p>\n<p><span style=\"color:rgb(0, 0, 0);font-size:16px\">Dydis: 31 * 22,2 * 13 cm<\/span><\/p>\n<p><span style=\"color:rgb(0, 0, 0);font-size:16px\">Maksimalus greitis: 55 km\/val.<\/span><\/p>\n<p><span style=\"color:rgb(0, 0, 0);font-size:16px\">Baterija: 2S 7.4V 1050mAh<\/span><\/p>\n<p><span style=\"color:rgb(0, 0, 0);font-size:16px\">Pavaros variklis: 2845 keturi\u0173 poli\u0173 be\u0161epetis variklis<\/span><\/p>\n<p><span style=\"color:rgb(0, 0, 0);font-size:16px\">Svoris: 1070 g<\/span><\/p>\n<p><span style=\"color:rgb(0, 0, 0);font-size:16px\">Darbo laikas: 10 minu\u010di\u0173<\/span><\/p>\n<p><span style=\"color:rgb(0, 0, 0);font-size:16px\">3.<\/span><\/p>\n<p><span style=\"color:rgb(0, 0, 0);font-size:16px\">Produkto pavadinimas: 16210<\/span><\/p>\n<p><span style=\"color:rgb(0, 0, 0);font-size:16px\">Dydis: 31 * 22,2 * 11 cm<\/span><\/p>\n<p><span style=\"color:rgb(0, 0, 0);font-size:16px\">Maksimalus greitis: 55 km\/val.<\/span><\/p>\n<p><span style=\"color:rgb(0, 0, 0);font-size:16px\">Baterija: 2S 7.4V 1050mAh<\/span><\/p>\n<p><span style=\"color:rgb(0, 0, 0);font-size:16px\">Pavaros variklis: 2845 keturi\u0173 poli\u0173 be\u0161epetis variklis<\/span><\/p>\n<p><span style=\"color:rgb(0, 0, 0);font-size:16px\">Svoris: 1030 g<\/span><\/p>\n<p><span style=\"color:rgb(0, 0, 0);font-size:16px\">Darbo laikas: 10 minu\u010di\u0173<\/span><\/p>\n<p><strong><span style=\"color:rgb(0, 0, 0);font-size:16px\">Savyb\u0117s<\/span><\/strong><\/p>\n<p><span style=\"color:rgb(0, 0, 0);font-size:16px\">1. Vis\u0173 metal\u0173 hidraulinis amortizatorius;<\/span><\/p>\n<p><span style=\"color:rgb(0, 0, 0);font-size:16px\">2. Standartin\u0117 3S baterija 65 km\/val.<\/span><\/p>\n<p><span style=\"color:rgb(0, 0, 0);font-size:16px\">3. 45A nepriklausomas be\u0161epetis ESC + 2845 keturi\u0173 poli\u0173 be\u0161epetis variklis;<\/span><\/p>\n<p><span style=\"color:rgb(0, 0, 0);font-size:16px\">4. Metalin\u0117 apsaugos nuo susid\u016brimo galvut\u0117;<\/span><\/p>\n<p><span style=\"color:rgb(0, 0, 0);font-size:16px\">5. Nemetalin\u0117 transmisijos sistema (metalinis krumpliaratis diferencialas);<\/span><\/p>\n<p><span style=\"color:rgb(0, 0, 0);font-size:16px\">6. Standartinis nepriklausomas imtuvas, lengvai modifikuojamas.<\/span><\/p>\n<p><img decoding=\"async\" src=\"https:\/\/ae01.alicdn.com\/kf\/S9873c018f78e447aa5ff885e1955d332y.jpg\" slate-data-type=\"image\"\/><img decoding=\"async\" src=\"https:\/\/ae01.alicdn.com\/kf\/S7acc5a7aa71d4704a6056ffc85c520c02.jpg\" slate-data-type=\"image\"\/><img decoding=\"async\" src=\"https:\/\/ae01.alicdn.com\/kf\/Sd9273ce101384bbca7e6b58d757da007b.jpg\" slate-data-type=\"image\"\/><img decoding=\"async\" src=\"https:\/\/ae01.alicdn.com\/kf\/Se054621738da4d049d194d1f391227b7H.jpg\" slate-data-type=\"image\"\/><img decoding=\"async\" src=\"https:\/\/ae01.alicdn.com\/kf\/S033dbd62692d46d0a50a52ca9affdef9o.jpg\" slate-data-type=\"image\"\/><img decoding=\"async\" src=\"https:\/\/ae01.alicdn.com\/kf\/Scb37f1d083e44e73bca9fda8d9670d3f7.jpg\" slate-data-type=\"image\"\/><\/p>\n<div>\n<\/div>\n<\/div>\n<\/div>\n<p><\/p>","protected":false},"excerpt":{"rendered":"<p>Hign-concerned Chemical:&nbsp;None CE:&nbsp;Certificate Is Electric:&nbsp;lithium battery Barcode:&nbsp;No Throttle servo:&nbsp;17g digital servo Steering servo:&nbsp;17g digital servo State of Assembly:&nbsp;Ready-to-Go Flight Time:&nbsp;12.5min Tire Track:&nbsp;182mm Wheelbase:&nbsp;175mm Remote Distance:&nbsp;60-80m Warranty:&nbsp;None Scale:&nbsp;1:16 Dimensions:&nbsp;25.2*20.5*10cm Torque:&nbsp;As Show<\/p>","protected":false},"featured_media":25715,"comment_status":"open","ping_status":"closed","template":"","meta":{"_acf_changed":false},"product_brand":[],"product_cat":[519],"product_tag":[],"class_list":{"0":"post-25714","1":"product","2":"type-product","3":"status-publish","4":"has-post-thumbnail","6":"product_cat-rc-cars","8":"first","9":"instock","10":"shipping-taxable","11":"purchasable","12":"product-type-variable"},"acf":[],"_links":{"self":[{"href":"https:\/\/www.electricstore.eu\/lt\/wp-json\/wp\/v2\/product\/25714","targetHints":{"allow":["GET"]}}],"collection":[{"href":"https:\/\/www.electricstore.eu\/lt\/wp-json\/wp\/v2\/product"}],"about":[{"href":"https:\/\/www.electricstore.eu\/lt\/wp-json\/wp\/v2\/types\/product"}],"replies":[{"embeddable":true,"href":"https:\/\/www.electricstore.eu\/lt\/wp-json\/wp\/v2\/comments?post=25714"}],"wp:featuredmedia":[{"embeddable":true,"href":"https:\/\/www.electricstore.eu\/lt\/wp-json\/wp\/v2\/media\/25715"}],"wp:attachment":[{"href":"https:\/\/www.electricstore.eu\/lt\/wp-json\/wp\/v2\/media?parent=25714"}],"wp:term":[{"taxonomy":"product_brand","embeddable":true,"href":"https:\/\/www.electricstore.eu\/lt\/wp-json\/wp\/v2\/product_brand?post=25714"},{"taxonomy":"product_cat","embeddable":true,"href":"https:\/\/www.electricstore.eu\/lt\/wp-json\/wp\/v2\/product_cat?post=25714"},{"taxonomy":"product_tag","embeddable":true,"href":"https:\/\/www.electricstore.eu\/lt\/wp-json\/wp\/v2\/product_tag?post=25714"}],"curies":[{"name":"wp","href":"https:\/\/api.w.org\/{rel}","templated":true}]}}