{"id":25696,"date":"2025-05-20T19:00:35","date_gmt":"2025-05-20T19:00:35","guid":{"rendered":"https:\/\/electricstore.eu\/p\/uncategorized\/q130-114-70km-h-4wd-rc-car-with-light-brushless-motor-remote-control-cars-high-speed-drift-monster-truck-toys-for-adults-kids\/"},"modified":"2025-05-20T19:05:50","modified_gmt":"2025-05-20T19:05:50","slug":"q130-114-70km-h-4wd-rc-car-with-light-brushless-motor-remote-control-cars-high-speed-drift-monster-truck-toys-for-adults-kids","status":"publish","type":"product","link":"https:\/\/electricstore.eu\/lt\/p\/rc\/rc-cars\/q130-114-70km-h-4wd-rc-car-with-light-brushless-motor-remote-control-cars-high-speed-drift-monster-truck-toys-for-adults-kids\/","title":{"rendered":"Q130 1:14 70KM\/H 4WD RC automobilis su lengvu be\u0161epet\u0117liniu varikliu, nuotolinio valdymo automobiliai, didelio grei\u010dio dreifuojantis monstr\u0173 sunkve\u017eimis, \u017eaislai suaugusiems ir vaikams"},"content":{"rendered":"<div class=\"product-specs-list-container\">\n<ul class=\"product-specs-list util-clearfix\">\n<li class=\"product-prop line-limit-length\"><span\n                                        class=\"property-title\">Sertifikato numeris:&nbsp;<\/span><span\n                                        class=\"property-desc line-limit-length\">Kaip rodo<\/span>\n                            <\/li>\n<li class=\"product-prop line-limit-length\"><span\n                                        class=\"property-title\">CE:&nbsp;<\/span><span\n                                        class=\"property-desc line-limit-length\">sertifikatas<\/span>\n                            <\/li>\n<li class=\"product-prop line-limit-length\"><span\n                                        class=\"property-title\">Ar elektrinis:&nbsp;<\/span><span\n                                        class=\"property-desc line-limit-length\">li\u010dio baterija<\/span>\n                            <\/li>\n<li class=\"product-prop line-limit-length\"><span\n                                        class=\"property-title\">Br\u016bk\u0161ninis kodas:&nbsp;<\/span><span\n                                        class=\"property-desc line-limit-length\">Ne<\/span>\n                            <\/li>\n<li class=\"product-prop line-limit-length\"><span\n                                        class=\"property-title\">Droselio servo:&nbsp;<\/span><span\n                                        class=\"property-desc line-limit-length\">2847 be\u0161epetis variklis \/ 390 anglies \u0161epet\u0117li\u0173 stiprus magnetinis variklis<\/span>\n                            <\/li>\n<li class=\"product-prop line-limit-length\"><span\n                                        class=\"property-title\">Vairo stiprintuvas:&nbsp;<\/span><span\n                                        class=\"property-desc line-limit-length\">\u0160epet\u0117linis: penki\u0173 laid\u0173 17G vairo stiprintuvas \/ Be\u0161epet\u0117linis: trij\u0173 laid\u0173 17G skaitmeninis<\/span>\n                            <\/li>\n<li class=\"product-prop line-limit-length\"><span\n                                        class=\"property-title\">Galia:&nbsp;<\/span><span\n                                        class=\"property-desc line-limit-length\">70 km\/val. arba 50 km\/val.<\/span>\n                            <\/li>\n<li class=\"product-prop line-limit-length\"><span\n                                        class=\"property-title\">Asambl\u0117jos b\u016bsena:&nbsp;<\/span><span\n                                        class=\"property-desc line-limit-length\">Paruo\u0161tas naudoti<\/span>\n                            <\/li>\n<li class=\"product-prop line-limit-length\"><span\n                                        class=\"property-title\">Skryd\u017eio laikas:&nbsp;<\/span><span\n                                        class=\"property-desc line-limit-length\">15\u201318 minu\u010di\u0173 (nuolatinis b\u0117gimas visu grei\u010diu)<\/span>\n                            <\/li>\n<li class=\"product-prop line-limit-length\"><span\n                                        class=\"property-title\">Padang\u0173 takelis:&nbsp;<\/span><span\n                                        class=\"property-desc line-limit-length\">188 mm<\/span>\n                            <\/li>\n<li class=\"product-prop line-limit-length\"><span\n                                        class=\"property-title\">Va\u017eiuokl\u0117s baz\u0117:&nbsp;<\/span><span\n                                        class=\"property-desc line-limit-length\">185 mm<\/span>\n                            <\/li>\n<li class=\"product-prop line-limit-length\"><span\n                                        class=\"property-title\">\u012esp\u0117jimas:&nbsp;<\/span><span\n                                        class=\"property-desc line-limit-length\">Toli ugnis<\/span>\n                            <\/li>\n<li class=\"product-prop line-limit-length\"><span\n                                        class=\"property-title\">Nuotolinis atstumas:&nbsp;<\/span><span\n                                        class=\"property-desc line-limit-length\">120 m<\/span>\n                            <\/li>\n<li class=\"product-prop line-limit-length\"><span\n                                        class=\"property-title\">Garantija:&nbsp;<\/span><span\n                                        class=\"property-desc line-limit-length\">N\u0117ra<\/span>\n                            <\/li>\n<li class=\"product-prop line-limit-length\"><span\n                                        class=\"property-title\">Mastelis:&nbsp;<\/span><span\n                                        class=\"property-desc line-limit-length\">1:14<\/span>\n                            <\/li>\n<li class=\"product-prop line-limit-length\"><span\n                                        class=\"property-title\">Matmenys:&nbsp;<\/span><span\n                                        class=\"property-desc line-limit-length\">34,5 * 20,5 * 14,8 CM<\/span>\n                            <\/li>\n<li class=\"product-prop line-limit-length\"><span\n                                        class=\"property-title\">Sukimo momentas:&nbsp;<\/span><span\n                                        class=\"property-desc line-limit-length\">Kaip rodo<\/span>\n                            <\/li>\n<li class=\"product-prop line-limit-length\"><span\n                                        class=\"property-title\">Modelio numeris:&nbsp;<\/span><span\n                                        class=\"property-desc line-limit-length\">S344<\/span>\n                            <\/li>\n<li class=\"product-prop line-limit-length\"><span\n                                        class=\"property-title\">Dizainas:&nbsp;<\/span><span\n                                        class=\"property-desc line-limit-length\">Purvo motociklas<\/span>\n                            <\/li>\n<li class=\"product-prop line-limit-length\"><span\n                                        class=\"property-title\">\u012e komplekt\u0105 \u012feina:&nbsp;<\/span><span\n                                        class=\"property-desc line-limit-length\">Baterijos, naudojimo instrukcijos, nuotolinio valdymo pultas, USB laidas<\/span>\n                            <\/li>\n<li class=\"product-prop line-limit-length\"><span\n                                        class=\"property-title\">Valdymo kanalai:&nbsp;<\/span><span\n                                        class=\"property-desc line-limit-length\">4 kanalai<\/span>\n                            <\/li>\n<li class=\"product-prop line-limit-length\"><span\n                                        class=\"property-title\">Valdiklio re\u017eimas:&nbsp;<\/span><span\n                                        class=\"property-desc line-limit-length\">RE\u017dIMAS2<\/span>\n                            <\/li>\n<li class=\"product-prop line-limit-length\"><span\n                                        class=\"property-title\">\u012ekrovimo \u012ftampa:&nbsp;<\/span><span\n                                        class=\"property-desc line-limit-length\">5 V<\/span>\n                            <\/li>\n<li class=\"product-prop line-limit-length\"><span\n                                        class=\"property-title\">Nuotolinio valdymo pultas:&nbsp;<\/span><span\n                                        class=\"property-desc line-limit-length\">Taip<\/span>\n                            <\/li>\n<li class=\"product-prop line-limit-length\"><span\n                                        class=\"property-title\">Med\u017eiaga:&nbsp;<\/span><span\n                                        class=\"property-desc line-limit-length\">Metalas, plastikas<\/span>\n                            <\/li>\n<li class=\"product-prop line-limit-length\"><span\n                                        class=\"property-title\">Prek\u0117s \u017eenklas:&nbsp;<\/span><span\n                                        class=\"property-desc line-limit-length\">WDSZKMYF<\/span>\n                            <\/li>\n<li class=\"product-prop line-limit-length\"><span\n                                        class=\"property-title\">Rekomenduojamas am\u017eius:&nbsp;<\/span><span\n                                        class=\"property-desc line-limit-length\">14+ met\u0173<\/span>\n                            <\/li>\n<li class=\"product-prop line-limit-length\"><span\n                                        class=\"property-title\">Kilm\u0117:&nbsp;<\/span><span\n                                        class=\"property-desc line-limit-length\">\u017demynin\u0117 Kinija<\/span>\n                            <\/li>\n<li class=\"product-prop line-limit-length\"><span\n                                        class=\"property-title\">Tipas:&nbsp;<\/span><span\n                                        class=\"property-desc line-limit-length\">Automobilis<\/span>\n                            <\/li>\n<li class=\"product-prop line-limit-length\"><span\n                                        class=\"property-title\">Savyb\u0117s:&nbsp;<\/span><span\n                                        class=\"property-desc line-limit-length\">NUOTOLINIS VALDYMAS<\/span>\n                            <\/li>\n<\/ul><\/div>\n<div class=\"detailmodule_html\">\n<div class=\"detail-desc-decorate-richtext\">\n<p><\/p>\n<div>\u00a0<\/div>\n<p><span style=\"background-color:rgb(252, 220, 0);color:rgb(244, 78, 59);font-size:18px\"><strong>PASTABA:<\/strong><\/span><\/p>\n<p><span style=\"color:rgb(244, 78, 59);font-size:18px\">1. Tai n\u0117ra \u012fprastas \u017eaislinis nuotolinio valdymo automobilis, nes nuotolinio valdymo automobilis yra per greitas, rekomenduojama j\u012f naudoti atvirose vietose, kad nesusidurtum\u0117te su kli\u016btimis.<\/span><\/p>\n<p><span style=\"color:rgb(244, 78, 59);font-size:18px\">2. Ma\u017emenin\u0117s prekybos pakuot\u0117 pagaminta i\u0161 putplas\u010dio d\u0117\u017ei\u0173, kurios gali suma\u017einti gaminio pa\u017eeidimus transportavimo metu. Originalios d\u0117\u017e\u0117s ne\u012ftrauktos.<\/span><\/p>\n<p><\/p>\n<p><\/p>\n<p><strong><span style=\"font-size:18px\">Naudojant baterij\u0105, atkreipkite d\u0117mes\u012f: (parduodamos atskiros baterijos, prireikus susisiekite su manimi)<\/span><\/strong><\/p>\n<p><span style=\"font-size:18px\">1. Kai akumuliatorius i\u0161sikrauna, j\u012f reikia laiku \u012fkrauti, kad b\u016bt\u0173 u\u017etikrintas akumuliatoriaus energijos perteklius. Jei akumuliatorius visi\u0161kai i\u0161sikrov\u0119s, jo \u012fkrauti nepavyks.<\/span><\/p>\n<p><span style=\"font-size:18px\">2. \u012ekraudami baterij\u0105, atjunkite jungt\u012f nuo nuotolinio valdymo automobilio. B\u016btinai i\u0161imkite baterij\u0105, kad j\u0105 \u012fkrautum\u0117te atskirai.<\/span><\/p>\n<p><span style=\"font-size:18px\">3. Jei nenaudojate nuotolinio valdymo automobilio, atjunkite baterij\u0105 nuo nuotolinio valdymo automobilio laido, jokiu b\u016bdu nejunkite ir visi\u0161kai \u012fkraukite baterij\u0105, kitaip ji bus pa\u017eeista.<\/span><\/p>\n<p><\/p>\n<p><\/p>\n<p><strong><span style=\"font-size:18px\">1:14 70KM\/H 4WD RC automobilis su LED \u0161viesomis ir nuotolinio valdymo pultu, didelio grei\u010dio dreifuojantis monstr\u0173 sunkve\u017eimis vaikams<\/span><\/strong><\/p>\n<p><\/p>\n<p><\/p>\n<p><span style=\"font-size:18px\">Pastaba: Prie\u0161 pirkdami, atkreipkite d\u0117mes\u012f \u012f modelio nustatym\u0105. Modelio parametrai yra \u0161ie:<\/span><\/p>\n<p><\/p>\n<p><\/p>\n<p><span style=\"font-size:18px\">Produkto konfig\u016bracija: Elektrinis keturiais ratais varomas visureigis (UDR)<\/span><\/p>\n<p><span style=\"font-size:18px\">Gaminio med\u017eiaga: technin\u0117 \u012franga; elektronika; plastikas<\/span><\/p>\n<p><span style=\"font-size:18px\">Produkto dydis: 34,5 * 20,5 * 14,8 CM<\/span><\/p>\n<p><span style=\"font-size:18px\">Spalva: m\u0117lyna \/ raudona (su \u0161epet\u0117liu), oran\u017ein\u0117 (be \u0161epet\u0117lio)<\/span><\/p>\n<p><span style=\"font-size:18px\">K\u0117bulo baterija: \u0161epet\u0117lin\u0117: 7,4 V 1300 mAh 15C li\u010dio jon\u0173 baterija (T ki\u0161tukas) Be\u0161epet\u0117lin\u0117: 7,4 V 1500 mAh 15C li\u010dio jon\u0173 baterija (T ki\u0161tukas)<\/span><\/p>\n<p><span style=\"font-size:18px\">Veikimo laikas: 15\u201318 minu\u010di\u0173 (nuolatinis veikimas visu grei\u010diu)<\/span><\/p>\n<p><span style=\"font-size:18px\">Nuotolinio valdymo pulto baterijos: 3 AA (ne pakuot\u0117je)<\/span><\/p>\n<p><span style=\"font-size:18px\">\u012ekrovimo laikas: 3\u20133,5 valandos (USB likutinis \u012fkrovimas)<\/span><\/p>\n<p><span style=\"font-size:18px\">Da\u017enis: 2,4 GHz (palaiko kelis automobilius tame pa\u010diame lauke)<\/span><\/p>\n<p><span style=\"font-size:18px\">Nuotolinio valdymo kategorija: pilno masto sinchronin\u0117 valdymo sistema (pistoleto valdymas)<\/span><\/p>\n<p><span style=\"font-size:18px\">ESC\/imtuvas: 35A ESC\/imtuvo integruotas valdymas (apsaugotas nuo vandens pursl\u0173)<\/span><\/p>\n<p><span style=\"font-size:18px\">Greitis: \u0160epetinis: 50 km\/h (did\u017eiausias greitis) Be\u0161epetinis: 70 km\/h<\/span><\/p>\n<p><span style=\"font-size:18px\">\u0160vies\u0173 konfig\u016bracija: LED priekinis \u017eibintas, LED salono \u017eibintas, LED galinis salono \u017eibintas<\/span><\/p>\n<p><span style=\"font-size:18px\">Nuotolinio valdymo pulto atstumas (m): \u2265120 m<\/span><\/p>\n<p><span style=\"font-size:18px\">Variklis: \u0161epetinis: RC390 didel\u0117s spartos anglies \u0161epet\u0117lis, stiprus magnetinis (magnetin\u0117 apsauga + \u0161ilumos kriaukl\u0117) be\u0161epetis: 2847 be\u0161epetis variklis (4000 kV vert\u0117s)<\/span><\/p>\n<p><span style=\"font-size:18px\">Servo: \u0161epetinis: penki\u0173 laid\u0173 17G vairo servo, be\u0161epetinis: trij\u0173 laid\u0173 17G skaitmeninis servo<\/span><\/p>\n<p><span style=\"font-size:18px\">Va\u017eiuokl\u0117s baz\u0117s parametrai: va\u017eiuokl\u0117s baz\u0117: 185 mm; va\u017eiuokl\u0117s baz\u0117: 188 mm; rato skersmuo: 85 mm<\/span><\/p>\n<p><span style=\"font-size:18px\">Diferencialo strukt\u016bra: planetin\u0117s pavaros diferencialas<\/span><\/p>\n<p><\/p>\n<p><span style=\"font-size:18px\">Apsaugos funkcijos: 1. \u012fkrovimas; 2. u\u017estrigimas; 3. auk\u0161ta temperat\u016bra; 4. \u017eemas sl\u0117gis<\/span><\/p>\n<p><\/p>\n<p><\/p>\n<p><strong><span style=\"font-size:18px\">Funkcija:<\/span><\/strong><\/p>\n<p><\/p>\n<p><span style=\"font-size:18px\">1. Modeliavimo konstrukcijos projektavimo panaudojimas, u\u017etikrinant real\u0173 automobilio valdymo poj\u016bt\u012f, siekiant visi\u0161ko proporcingo bepakopio grei\u010dio, va\u017eiavimo dideliu grei\u010diu, greito pagrei\u010dio, l\u0117t\u0117jimo, stabdymo, va\u017eiavimo atbuline eiga, pos\u016bkio \u012f kair\u0119, pos\u016bkio \u012f de\u0161in\u0119.<\/span><\/p>\n<p><span style=\"font-size:18px\">2. Taikomos vietos: lyguma, sm\u0117lis, purvas, \u017eol\u0117.<\/span><\/p>\n<p><span style=\"font-size:18px\">3. 4WD pavara: priekin\u0117 ir galin\u0117 vertikalios spyruokl\u0117s su amortizacija, nepriklausoma pakabos sistema su dvigubomis svirtimis.<\/span><\/p>\n<p><span style=\"font-size:18px\">4. 2.4G pilnai proporcinga sinchronizuota nuotolinio valdymo sistema. Pilnai proporcingas droselis\/vairavimas.<\/span><\/p>\n<p><span style=\"font-size:18px\">5. 2.4G atsparus vandens purslams, keturi\u0173 kryp\u010di\u0173 30A integruotas ESC\/imtuvas.<\/span><\/p>\n<p><span style=\"font-size:18px\">6. Priekinio rato skersinio rutulinio \u0161arnyro kardaninis velenas, galinio rato padalintas kardaninis velenas su \u0161uns kaulo formos \u0161arnyru.<\/span><\/p>\n<p><span style=\"font-size:18px\">7. Penki\u0173 laid\u0173 17G servo.<\/span><\/p>\n<p><span style=\"font-size:18px\">8. Super akumuliatoriaus galia: 7,4 V, 18650\u20131500\/1300 mAh li\u010dio jon\u0173 akumuliatorius (T ki\u0161tukas), i\u0161krovos greitis 10 \u00b0C.<\/span><\/p>\n<p><span style=\"font-size:18px\">9. Visas automobilis su 16 rutulini\u0173 guoli\u0173.<\/span><\/p>\n<p><span style=\"font-size:18px\">10. Metalin\u0117 antro auk\u0161to plok\u0161t\u0117, metalinis priekin\u0117s ir galin\u0117s svirties kodas, metalinis vidurinis varantysis velenas.<\/span><\/p>\n<p><span style=\"font-size:18px\">11. Korpusas pagamintas i\u0161 didelio atsparumo sprogimui atsparaus PVC korpuso.<\/span><\/p>\n<p><span style=\"font-size:18px\">12. Korpusas apr\u016bpintas LED priekiniais \u017eibintais, LED salono \u017eibintu, LED galiniu salono \u017eibintu; (trys re\u017eimai: nuolatinis ap\u0161vietimas, l\u0117tas mirks\u0117jimas, greitas mirks\u0117jimas).<\/span><\/p>\n<p><span style=\"font-size:18px\">13. Visureigio padang\u0173 imitacija, stiprus sukibimas.<\/span><\/p>\n<p><\/p>\n<p><\/p>\n<p><span style=\"font-size:18px\">Priedai: 1) visas automobilis; 2) nuotolinio valdymo pultas; 3) instrukcijos kin\u0173 ir angl\u0173 kalbomis; 4) li\u010dio baterija; 5) USB balansinis \u012fkroviklis; 6) galin\u0117 dalis; 7) vairas su projekcija; 8) amortizatoriaus reguliavimo sagtis; 9) metaliniai kai\u0161\u010diai; 10) \u0161e\u0161iakamp\u0117 \u012fvor\u0117; 11) be\u0161epet\u0117lin\u0117 instrukcij\u0173 knygel\u0117s \u012fd\u0117klo versija<\/span><\/p>\n<p><\/p>\n<p><\/p>\n<p><strong><span style=\"font-size:18px\">Pastaba:<\/span><\/strong><\/p>\n<p><span style=\"font-size:18px\">1: Apsauga nuo \u012fkrovimo: pastovi srov\u0117 ir \u012ftampa subalansuotas \u012fkrovimas, apsaugos funkcija nuo akumuliatoriaus perkrovos ir vir\u0161srov\u0117s.<\/span><\/p>\n<p><span style=\"font-size:18px\">2: Variklio apsauga nuo u\u017estrigimo: variklis nustoja veikti, kai yra perkraunamas<\/span><\/p>\n<p><span style=\"font-size:18px\">3: apsauga nuo auk\u0161tos temperat\u016bros: kai darbin\u0117 temperat\u016bra vir\u0161ija nustatyt\u0105 vert\u0119, pavaros valdymo grandin\u0117 nustoja veikti ir v\u0117l pradeda veikti, kai temperat\u016bra nukrenta iki saugios vert\u0117s.<\/span><\/p>\n<p><span style=\"font-size:18px\">4: ESC \u017eemos \u012ftampos i\u0161jungimo funkcija, kai akumuliatoriaus \u012ftampa ma\u017eesn\u0117 nei 6,3\u20136,4 V, automatinis i\u0161sijungimas, siekiant i\u0161vengti akumuliatoriaus pa\u017eeidimo per didel\u012f i\u0161sikrovim\u0105. <\/span><\/p>\n<p><img decoding=\"async\" src=\"https:\/\/ae01.alicdn.com\/kf\/Se567db099fec4a92bd20ebfba3621e3bl.jpg?width=1000&amp;height=563&amp;hash=1563\" slate-data-type=\"image\"\/><img decoding=\"async\" src=\"https:\/\/ae01.alicdn.com\/kf\/S53c3d7c524304dd79a1886aa2584f3efC.jpg?width=1920&amp;height=1080&amp;hash=3000\" slate-data-type=\"image\"\/><img decoding=\"async\" src=\"https:\/\/ae01.alicdn.com\/kf\/S9510f83b39cc44f0bbdf6cedf30b7c3c9.jpg?width=1000&amp;height=563&amp;hash=1563\" slate-data-type=\"image\"\/><img decoding=\"async\" src=\"https:\/\/ae01.alicdn.com\/kf\/S9ef33f0694c14d4a9f811426034ff526f.jpg?width=1000&amp;height=1441&amp;hash=2441\" slate-data-type=\"image\"\/><img decoding=\"async\" src=\"https:\/\/ae01.alicdn.com\/kf\/S61f050d298fe420195142a9333e3f435u.jpg?width=1000&amp;height=1400&amp;hash=2400\" slate-data-type=\"image\"\/><img decoding=\"async\" src=\"https:\/\/ae01.alicdn.com\/kf\/S3c618fa993be4c0fb97db5009d3fde1fN.jpg?width=1000&amp;height=1405&amp;hash=2405\" slate-data-type=\"image\"\/><img decoding=\"async\" src=\"https:\/\/ae01.alicdn.com\/kf\/S4c644255151e434392918fb12bcefd9f1.jpg?width=1000&amp;height=1399&amp;hash=2399\" slate-data-type=\"image\"\/><img decoding=\"async\" src=\"https:\/\/ae01.alicdn.com\/kf\/Sa9ab599225c14e41a1e95825a3ebbf8de.jpg?width=1000&amp;height=1397&amp;hash=2397\" slate-data-type=\"image\"\/><img decoding=\"async\" src=\"https:\/\/ae01.alicdn.com\/kf\/Secd4dda439db4628abbe77ce4db4a9ebN.jpg?width=1000&amp;height=1404&amp;hash=2404\" slate-data-type=\"image\"\/><img decoding=\"async\" src=\"https:\/\/ae01.alicdn.com\/kf\/S47a9cbcfd5e54669bda823cf0ac5a039V.jpg?width=1000&amp;height=1397&amp;hash=2397\" slate-data-type=\"image\"\/><img decoding=\"async\" src=\"https:\/\/ae01.alicdn.com\/kf\/Sa76f77c19e0b47f4af0c3be2e78d05bfL.jpg?width=1000&amp;height=1397&amp;hash=2397\" slate-data-type=\"image\"\/><img decoding=\"async\" src=\"https:\/\/ae01.alicdn.com\/kf\/S77000bbb2bf94ed59306cab7def97382g.jpg?width=1000&amp;height=1397&amp;hash=2397\" slate-data-type=\"image\"\/><img decoding=\"async\" src=\"https:\/\/ae01.alicdn.com\/kf\/Scf3666ab514040df8464cccd282a6da95.jpg?width=1000&amp;height=1385&amp;hash=2385\" slate-data-type=\"image\"\/><img decoding=\"async\" src=\"https:\/\/ae01.alicdn.com\/kf\/S9e2e5d55c3424102a3f6b3137de8a594M.jpg?width=1000&amp;height=1449&amp;hash=2449\" slate-data-type=\"image\"\/><img decoding=\"async\" src=\"https:\/\/ae01.alicdn.com\/kf\/S4dfcff3ac53e4d67a744f11cc0708bd8C.jpg?width=1000&amp;height=1761&amp;hash=2761\" slate-data-type=\"image\"\/><img decoding=\"async\" src=\"https:\/\/ae01.alicdn.com\/kf\/S19fc1169693c44a399265a91c9455a2dz.jpg?width=1000&amp;height=1928&amp;hash=2928\" slate-data-type=\"image\"\/><img decoding=\"async\" src=\"https:\/\/ae01.alicdn.com\/kf\/S0ba84fbb3176483396415be9ef4133b3N.jpg?width=1000&amp;height=1080&amp;hash=2080\" slate-data-type=\"image\"\/><img decoding=\"async\" src=\"https:\/\/ae01.alicdn.com\/kf\/S2b682f577c8b494c92ac54f1aec56d32z.jpg?width=1000&amp;height=1639&amp;hash=2639\" slate-data-type=\"image\"\/><img decoding=\"async\" src=\"https:\/\/ae01.alicdn.com\/kf\/S6be2c491d0754d85b25534db2dce6db5E.jpg?width=1000&amp;height=1820&amp;hash=2820\" slate-data-type=\"image\"\/><img decoding=\"async\" src=\"https:\/\/ae01.alicdn.com\/kf\/Saa56d418672947e2bcbafa0cfc1120a1A.jpg?width=1000&amp;height=2258&amp;hash=3258\" slate-data-type=\"image\"\/><img decoding=\"async\" src=\"https:\/\/ae01.alicdn.com\/kf\/S66c5f994236b46929dbcfd1289e1eb141.jpg?width=1000&amp;height=1963&amp;hash=2963\" slate-data-type=\"image\"\/><img decoding=\"async\" src=\"https:\/\/ae01.alicdn.com\/kf\/S9299c24b12654ad5b0a25aec88462a69Y.jpg?width=1000&amp;height=2037&amp;hash=3037\" slate-data-type=\"image\"\/><img decoding=\"async\" src=\"https:\/\/ae01.alicdn.com\/kf\/S8ac5907d9f30484da270822a42d2822cR.jpg?width=1000&amp;height=2072&amp;hash=3072\" slate-data-type=\"image\"\/><img decoding=\"async\" src=\"https:\/\/ae01.alicdn.com\/kf\/Sd5f7a02f4e14434ba3f7335c9a267524K.jpg?width=1000&amp;height=1456&amp;hash=2456\" slate-data-type=\"image\"\/><img decoding=\"async\" src=\"https:\/\/ae01.alicdn.com\/kf\/S81362050aba64a44953c2ec135c0f34bu.jpg?width=1000&amp;height=2296&amp;hash=3296\" slate-data-type=\"image\"\/><img decoding=\"async\" src=\"https:\/\/ae01.alicdn.com\/kf\/S7e943d06e7304a77a66facc4ee541992N.jpg?width=1000&amp;height=1632&amp;hash=2632\" slate-data-type=\"image\"\/><img decoding=\"async\" src=\"https:\/\/ae01.alicdn.com\/kf\/S2c1f060449dc44078676b395f1db3487a.jpg?width=1000&amp;height=1120&amp;hash=2120\" slate-data-type=\"image\"\/><img decoding=\"async\" src=\"https:\/\/ae01.alicdn.com\/kf\/S96c2af7ccf384397a23d085c99f9152b2.jpg?width=1000&amp;height=1099&amp;hash=2099\" slate-data-type=\"image\"\/><img decoding=\"async\" src=\"https:\/\/ae01.alicdn.com\/kf\/S1a23ecc43dfa45f2b167e0d57a62586e3.jpg?width=1000&amp;height=1163&amp;hash=2163\" slate-data-type=\"image\"\/><img decoding=\"async\" src=\"https:\/\/ae01.alicdn.com\/kf\/Sc407db5976c144ccb639172761b2b061O.jpg?width=1000&amp;height=1203&amp;hash=2203\" slate-data-type=\"image\"\/><img decoding=\"async\" src=\"https:\/\/ae01.alicdn.com\/kf\/Sf1a233edfa63481685584aae710cd82fd.jpg?width=1000&amp;height=1495&amp;hash=2495\" slate-data-type=\"image\"\/><\/p>\n<p><\/div>\n<\/div>\n<p><\/p>","protected":false},"excerpt":{"rendered":"<p>Certificate Number:&nbsp;As Show CE:&nbsp;Certificate Is Electric:&nbsp;lithium battery Barcode:&nbsp;No Throttle servo:&nbsp;2847 brushless motor\/390 carbon brush strong magnetic motor Steering servo:&nbsp;Brushed: five-wire 17G steering servo \/ Brushless: three-wire 17G digi Power:&nbsp;70KM\/H or<\/p>","protected":false},"featured_media":25697,"comment_status":"open","ping_status":"closed","template":"","meta":{"_acf_changed":false},"product_brand":[],"product_cat":[519],"product_tag":[],"class_list":{"0":"post-25696","1":"product","2":"type-product","3":"status-publish","4":"has-post-thumbnail","6":"product_cat-rc-cars","8":"first","9":"instock","10":"shipping-taxable","11":"purchasable","12":"product-type-variable"},"acf":[],"_links":{"self":[{"href":"https:\/\/electricstore.eu\/lt\/wp-json\/wp\/v2\/product\/25696","targetHints":{"allow":["GET"]}}],"collection":[{"href":"https:\/\/electricstore.eu\/lt\/wp-json\/wp\/v2\/product"}],"about":[{"href":"https:\/\/electricstore.eu\/lt\/wp-json\/wp\/v2\/types\/product"}],"replies":[{"embeddable":true,"href":"https:\/\/electricstore.eu\/lt\/wp-json\/wp\/v2\/comments?post=25696"}],"wp:featuredmedia":[{"embeddable":true,"href":"https:\/\/electricstore.eu\/lt\/wp-json\/wp\/v2\/media\/25697"}],"wp:attachment":[{"href":"https:\/\/electricstore.eu\/lt\/wp-json\/wp\/v2\/media?parent=25696"}],"wp:term":[{"taxonomy":"product_brand","embeddable":true,"href":"https:\/\/electricstore.eu\/lt\/wp-json\/wp\/v2\/product_brand?post=25696"},{"taxonomy":"product_cat","embeddable":true,"href":"https:\/\/electricstore.eu\/lt\/wp-json\/wp\/v2\/product_cat?post=25696"},{"taxonomy":"product_tag","embeddable":true,"href":"https:\/\/electricstore.eu\/lt\/wp-json\/wp\/v2\/product_tag?post=25696"}],"curies":[{"name":"wp","href":"https:\/\/api.w.org\/{rel}","templated":true}]}}