{"id":25643,"date":"2025-05-20T19:00:23","date_gmt":"2025-05-20T19:00:23","guid":{"rendered":"https:\/\/electricstore.eu\/p\/uncategorized\/wltoys-16101-4wd-remote-control-car-with-led-off-road-4x4-rc-50km-h-high-speed-buggy-truck-super-desert-racing-toy-kids-adults\/"},"modified":"2025-05-20T19:05:28","modified_gmt":"2025-05-20T19:05:28","slug":"wltoys-16101-4wd-remote-control-car-with-led-off-road-4x4-rc-50km-h-high-speed-buggy-truck-super-desert-racing-toy-kids-adults","status":"publish","type":"product","link":"https:\/\/electricstore.eu\/lt\/p\/rc\/rc-cars\/wltoys-16101-4wd-remote-control-car-with-led-off-road-4x4-rc-50km-h-high-speed-buggy-truck-super-desert-racing-toy-kids-adults\/","title":{"rendered":"WLtoys 16101 4WD nuotolinio valdymo automobilis su LED visureigiu 4\u00d74 RC 50KM\/H didelio grei\u010dio bagis, super dykum\u0173 lenktyni\u0173 \u017eaislas, vaikams ir suaugusiems"},"content":{"rendered":"<div class=\"product-specs-list-container\">\n<ul class=\"product-specs-list util-clearfix\">\n<li class=\"product-prop line-limit-length\"><span\n                                        class=\"property-title\">Labai susir\u016bpinim\u0105 kelianti chemin\u0117 med\u017eiaga:&nbsp;<\/span><span\n                                        class=\"property-desc line-limit-length\">N\u0117ra<\/span>\n                            <\/li>\n<li class=\"product-prop line-limit-length\"><span\n                                        class=\"property-title\">Sertifikato numeris:&nbsp;<\/span><span\n                                        class=\"property-desc line-limit-length\">Kaip rodo<\/span>\n                            <\/li>\n<li class=\"product-prop line-limit-length\"><span\n                                        class=\"property-title\">CE:&nbsp;<\/span><span\n                                        class=\"property-desc line-limit-length\">sertifikatas<\/span>\n                            <\/li>\n<li class=\"product-prop line-limit-length\"><span\n                                        class=\"property-title\">Ar elektrinis:&nbsp;<\/span><span\n                                        class=\"property-desc line-limit-length\">li\u010dio baterija<\/span>\n                            <\/li>\n<li class=\"product-prop line-limit-length\"><span\n                                        class=\"property-title\">Br\u016bk\u0161ninis kodas:&nbsp;<\/span><span\n                                        class=\"property-desc line-limit-length\">Ne<\/span>\n                            <\/li>\n<li class=\"product-prop line-limit-length\"><span\n                                        class=\"property-title\">Droselio servo:&nbsp;<\/span><span\n                                        class=\"property-desc line-limit-length\">Kaip rodo<\/span>\n                            <\/li>\n<li class=\"product-prop line-limit-length\"><span\n                                        class=\"property-title\">Vairo stiprintuvas:&nbsp;<\/span><span\n                                        class=\"property-desc line-limit-length\">5 lines,17g<\/span>\n                            <\/li>\n<li class=\"product-prop line-limit-length\"><span\n                                        class=\"property-title\">Galia:&nbsp;<\/span><span\n                                        class=\"property-desc line-limit-length\">RC390 high-speed motor<\/span>\n                            <\/li>\n<li class=\"product-prop line-limit-length\"><span\n                                        class=\"property-title\">Asambl\u0117jos b\u016bsena:&nbsp;<\/span><span\n                                        class=\"property-desc line-limit-length\">Paruo\u0161tas naudoti<\/span>\n                            <\/li>\n<li class=\"product-prop line-limit-length\"><span\n                                        class=\"property-title\">Skryd\u017eio laikas:&nbsp;<\/span><span\n                                        class=\"property-desc line-limit-length\">15\u201318 minu\u010di\u0173 (nuolatinis b\u0117gimas visu grei\u010diu)<\/span>\n                            <\/li>\n<li class=\"product-prop line-limit-length\"><span\n                                        class=\"property-title\">Padang\u0173 takelis:&nbsp;<\/span><span\n                                        class=\"property-desc line-limit-length\">172mm<\/span>\n                            <\/li>\n<li class=\"product-prop line-limit-length\"><span\n                                        class=\"property-title\">Va\u017eiuokl\u0117s baz\u0117:&nbsp;<\/span><span\n                                        class=\"property-desc line-limit-length\">185 mm<\/span>\n                            <\/li>\n<li class=\"product-prop line-limit-length\"><span\n                                        class=\"property-title\">\u012esp\u0117jimas:&nbsp;<\/span><span\n                                        class=\"property-desc line-limit-length\">N\u0117ra<\/span>\n                            <\/li>\n<li class=\"product-prop line-limit-length\"><span\n                                        class=\"property-title\">Nuotolinis atstumas:&nbsp;<\/span><span\n                                        class=\"property-desc line-limit-length\">80m<\/span>\n                            <\/li>\n<li class=\"product-prop line-limit-length\"><span\n                                        class=\"property-title\">Garantija:&nbsp;<\/span><span\n                                        class=\"property-desc line-limit-length\">N\u0117ra<\/span>\n                            <\/li>\n<li class=\"product-prop line-limit-length\"><span\n                                        class=\"property-title\">Mastelis:&nbsp;<\/span><span\n                                        class=\"property-desc line-limit-length\">1:16<\/span>\n                            <\/li>\n<li class=\"product-prop line-limit-length\"><span\n                                        class=\"property-title\">Matmenys:&nbsp;<\/span><span\n                                        class=\"property-desc line-limit-length\">32*20.5*14 CM<\/span>\n                            <\/li>\n<li class=\"product-prop line-limit-length\"><span\n                                        class=\"property-title\">Sukimo momentas:&nbsp;<\/span><span\n                                        class=\"property-desc line-limit-length\">Kaip rodo<\/span>\n                            <\/li>\n<li class=\"product-prop line-limit-length\"><span\n                                        class=\"property-title\">Modelio numeris:&nbsp;<\/span><span\n                                        class=\"property-desc line-limit-length\">S386<\/span>\n                            <\/li>\n<li class=\"product-prop line-limit-length\"><span\n                                        class=\"property-title\">\u012e komplekt\u0105 \u012feina:&nbsp;<\/span><span\n                                        class=\"property-desc line-limit-length\">Baterijos, naudojimo instrukcijos, nuotolinio valdymo pultas, USB laidas<\/span>\n                            <\/li>\n<li class=\"product-prop line-limit-length\"><span\n                                        class=\"property-title\">Valdymo kanalai:&nbsp;<\/span><span\n                                        class=\"property-desc line-limit-length\">4 kanalai<\/span>\n                            <\/li>\n<li class=\"product-prop line-limit-length\"><span\n                                        class=\"property-title\">Valdiklio re\u017eimas:&nbsp;<\/span><span\n                                        class=\"property-desc line-limit-length\">RE\u017dIMAS2<\/span>\n                            <\/li>\n<li class=\"product-prop line-limit-length\"><span\n                                        class=\"property-title\">\u012ekrovimo \u012ftampa:&nbsp;<\/span><span\n                                        class=\"property-desc line-limit-length\">5 V<\/span>\n                            <\/li>\n<li class=\"product-prop line-limit-length\"><span\n                                        class=\"property-title\">Nuotolinio valdymo pultas:&nbsp;<\/span><span\n                                        class=\"property-desc line-limit-length\">Taip<\/span>\n                            <\/li>\n<li class=\"product-prop line-limit-length\"><span\n                                        class=\"property-title\">Med\u017eiaga:&nbsp;<\/span><span\n                                        class=\"property-desc line-limit-length\">Metalas, plastikas<\/span>\n                            <\/li>\n<li class=\"product-prop line-limit-length\"><span\n                                        class=\"property-title\">Prek\u0117s \u017eenklas:&nbsp;<\/span><span\n                                        class=\"property-desc line-limit-length\">WDSZKMYF<\/span>\n                            <\/li>\n<li class=\"product-prop line-limit-length\"><span\n                                        class=\"property-title\">Rekomenduojamas am\u017eius:&nbsp;<\/span><span\n                                        class=\"property-desc line-limit-length\">14+ met\u0173<\/span>\n                            <\/li>\n<li class=\"product-prop line-limit-length\"><span\n                                        class=\"property-title\">Kilm\u0117:&nbsp;<\/span><span\n                                        class=\"property-desc line-limit-length\">\u017demynin\u0117 Kinija<\/span>\n                            <\/li>\n<li class=\"product-prop line-limit-length\"><span\n                                        class=\"property-title\">Dizainas:&nbsp;<\/span><span\n                                        class=\"property-desc line-limit-length\">Purvo motociklas<\/span>\n                            <\/li>\n<li class=\"product-prop line-limit-length\"><span\n                                        class=\"property-title\">Tipas:&nbsp;<\/span><span\n                                        class=\"property-desc line-limit-length\">Automobilis<\/span>\n                            <\/li>\n<li class=\"product-prop line-limit-length\"><span\n                                        class=\"property-title\">Savyb\u0117s:&nbsp;<\/span><span\n                                        class=\"property-desc line-limit-length\">NUOTOLINIS VALDYMAS<\/span>\n                            <\/li>\n<\/ul><\/div>\n<div class=\"detailmodule_html\">\n<div class=\"detail-desc-decorate-richtext\">\n<div><span style=\"color:rgba(244,78,59,255)\"><strong>Dear friend, you can choose between single battery or dual battery<br \/><\/strong><\/span><\/div>\n<p><strong><span style=\"color:rgb(0, 0, 0)\">Q&amp;A<\/span><\/strong><\/p>\n<p><span style=\"color:rgb(0, 0, 0)\">1 klausimas: Kod\u0117l nuotolinio valdymo automobilio padangos yra atviros?<\/span><\/p>\n<p><span style=\"color:rgb(0, 0, 0)\">A: [Specialus dizainas] Pir\u0161t\u0173 sukibimas yra stiprus ir nelengvai slysta, o tai padeda pagerinti k\u0117bulo stabilum\u0105 ir padangos sukibim\u0105 pos\u016bkiuose.<\/span><\/p>\n<p><span style=\"color:rgb(0, 0, 0)\">2 klausimas: Kaip reguliuoti nuotolinio valdymo automobilio padang\u0173 pasvirimo kamp\u0105?<\/span><\/p>\n<p><span style=\"color:rgb(0, 0, 0)\">A: J\u012f galima reguliuoti nuotolinio valdymo pulto tikslaus reguliavimo ir droselio tikslaus reguliavimo mygtukais.<\/span><\/p>\n<p><span style=\"color:rgb(0, 0, 0)\">3 klausimas: K\u0105 daryti, jei nerandu savo pried\u0173?<\/span><\/p>\n<p><span style=\"color:rgb(0, 0, 0)\">A: Pirmiausia atid\u017eiai patikrinkite pakuot\u0119; jei jos nerandate, pad\u0117kite mums sukurti piln\u0105 i\u0161pakavimo vaizdo \u012fra\u0161\u0105, ir mes patikrinsime \u0161i\u0105 problem\u0105 savo sand\u0117lyje bei pateiksime atitinkam\u0105 sprendim\u0105.<\/span><\/p>\n<p><span style=\"color:rgb(0, 0, 0)\">Q4: Q: What should I do if I have any after-sales problems?<\/span><\/p>\n<p><span style=\"color:rgb(0, 0, 0)\">A: Please rest assured, if there is any problem, we are always at your service, in order to solve your problem more effectively, for professional help.They will respond to your questions within 24 hours.<\/span><\/p>\n<p><span style=\"color:rgb(0, 0, 0)\">Q5: What should I do when my remote control cannot be connected to RC?<\/span><\/p>\n<p><span style=\"color:rgb(0, 0, 0)\">A: \u012esitikinkite, kad baterija visi\u0161kai \u012fkrauta. Tada rankiniu b\u016bdu suporuokite \u017eaislin\u012f automobil\u012f ir nuotolinio valdymo pult\u0105. I\u0161samesn\u0117s informacijos apie \u017eaislinio automobilio suporavim\u0105 galite rasti naudotojo vadove. Galite patikrinti pagrindin\u0117s plok\u0161t\u0117s \u012ftamp\u0105, kad gal\u0117tum\u0117te i\u0161analizuoti problem\u0105.<\/span><\/p>\n<p><span style=\"color:rgb(0, 0, 0)\">Q6: What should I do when the toy car can turn and cannot move forward or backward after my remote control is connected to RC?<\/span><\/p>\n<p><span style=\"color:rgb(0, 0, 0)\">A: Pirmiausia patikrinkite, ar akumuliatorius yra visi\u0161kai \u012fkrautas, tada patikrinkite pagrindin\u0117s plok\u0161t\u0117s ir variklio \u012ftamp\u0105, kad gal\u0117tum\u0117te i\u0161analizuoti problem\u0105.<\/span><\/p>\n<p><span style=\"background-color:rgb(252, 220, 0);color:rgb(244, 78, 59)\"><strong>PASTABA:<\/strong><\/span><\/p>\n<p><span style=\"color:rgb(244, 78, 59)\">1. The ideal speed of SCY-16106 is 50KM\/H, but the actual speed will be affected by other factors such as the site. The actual speed of SCY-16106 is about 38KM\/H.<\/span><\/p>\n<p><span style=\"color:rgb(244, 78, 59)\">2. Ma\u017emenin\u0117s prekybos pakuot\u0117 pagaminta i\u0161 putplas\u010dio d\u0117\u017ei\u0173, kurios gali suma\u017einti gaminio pa\u017eeidimus transportavimo metu. Originalios d\u0117\u017e\u0117s ne\u012ftrauktos.<\/span><\/p>\n<p><strong>Naudojant baterij\u0105, atkreipkite d\u0117mes\u012f:<\/strong><\/p>\n<p>After receiving the product, please remove the battery and charge it, and then use it after charging.<\/p>\n<p>1. Kai akumuliatorius i\u0161sikrauna, j\u012f reikia laiku \u012fkrauti, kad b\u016bt\u0173 u\u017etikrintas akumuliatoriaus energijos perteklius. Jei akumuliatorius visi\u0161kai i\u0161sikrov\u0119s, jo \u012fkrauti nepavyks.<\/p>\n<p>2. \u012ekraudami baterij\u0105, atjunkite jungt\u012f nuo nuotolinio valdymo automobilio. B\u016btinai i\u0161imkite baterij\u0105, kad j\u0105 \u012fkrautum\u0117te atskirai.<\/p>\n<p>3. Jei nenaudojate nuotolinio valdymo automobilio, atjunkite baterij\u0105 nuo nuotolinio valdymo automobilio laido, jokiu b\u016bdu nejunkite ir visi\u0161kai \u012fkraukite baterij\u0105, kitaip ji bus pa\u017eeista.<\/p>\n<p>4.Battery purchase link:https:\/\/www.aliexpress.us\/item\/3256805004857810.html?spm=5261.ProductManageOnline.0.0.65ca4edfQ08pDK&amp;gatewayAdapt=glo2usa4itemAdapt&amp;_randl_shipto=US<\/p>\n<p><strong>We recommend: that you watch the video and read our description carefully before you buy<\/strong><\/p>\n<p>Ltem Name:SCY-16106<\/p>\n<p>Size:32*20.5*14 CM<\/p>\n<p>Maximum speed:50KM\/H<\/p>\n<p>Battery:7.4V 1300mAh<\/p>\n<p>Driving motor:RC390 high-speed carbon brush strong magnetic (magnetic protection + heat sink) motor<\/p>\n<p>Working time:15-18Mins<\/p>\n<p><strong>Savyb\u0117s<\/strong><\/p>\n<p>1. The use of simulation structure design, with real car control feeling, to achieve full scale stepless speed, high-speed driving, rapid acceleration, deceleration, braking, reversing, left turn, right turn.<\/p>\n<p>2. Applicable sites: flat land, sand, mud, grass.<\/p>\n<p>3. 4WD pavara: priekin\u0117 ir galin\u0117 vertikalios spyruokl\u0117s su amortizacija, nepriklausoma pakabos sistema su dvigubomis svirtimis.<\/p>\n<p>4. 2.4G pilnai proporcinga sinchronizuota nuotolinio valdymo sistema. Pilnai proporcingas droselis\/vairavimas.<\/p>\n<p>5. 2.4G atsparus vandens purslams, keturi\u0173 kryp\u010di\u0173 30A integruotas ESC\/imtuvas.<\/p>\n<p>6. Priekinio rato skersinio rutulinio \u0161arnyro kardaninis velenas, galinio rato padalintas kardaninis velenas su \u0161uns kaulo formos \u0161arnyru.<\/p>\n<p>7. Penki\u0173 laid\u0173 17G servo.<\/p>\n<p>8. Super battery power: 7.4V, 18650-1300mAh Li-ion battery (T plug), discharge rate 10C.<\/p>\n<p>9. 16 ball bearings throughout the vehicle.<\/p>\n<p>10. Metal second floor plate, metal front and rear arm code, metal mid-drive shaft.<\/p>\n<p>The shell adopts high toughness explosion-proof PVC shell + high strength anti-roll skeleton.<\/p>\n<p>11. The shell is equipped with LED headlights, LED roof headlights, LED roof rear lights; (three modes: constant light, slow flash, fast flash)<\/p>\n<p>12. Simulation of off-road tires, strong grip.<\/p>\n<p><img decoding=\"async\" src=\"https:\/\/ae01.alicdn.com\/kf\/Sb380b75922034046853d0a7e094248631.jpg?width=1000&amp;height=1441&amp;hash=2441\" slate-data-type=\"image\"\/><img decoding=\"async\" src=\"https:\/\/ae01.alicdn.com\/kf\/S78e5fd6623c448abb866844b09f51dd8P.jpg?width=1000&amp;height=1400&amp;hash=2400\" slate-data-type=\"image\"\/><img decoding=\"async\" src=\"https:\/\/ae01.alicdn.com\/kf\/S74cf5551c3dd46c589b1000e469d8ef5L.jpg?width=1000&amp;height=1405&amp;hash=2405\" slate-data-type=\"image\"\/><img decoding=\"async\" src=\"https:\/\/ae01.alicdn.com\/kf\/Sfd93e3740d334489b426303a395c52fdF.jpg?width=1000&amp;height=1399&amp;hash=2399\" slate-data-type=\"image\"\/><img decoding=\"async\" src=\"https:\/\/ae01.alicdn.com\/kf\/S15141754318b454c8825f46c5c420e8eX.jpg?width=1000&amp;height=1397&amp;hash=2397\" slate-data-type=\"image\"\/><img decoding=\"async\" src=\"https:\/\/ae01.alicdn.com\/kf\/S8a29c57ba47f48119928241c8f39c157o.jpg?width=1000&amp;height=1404&amp;hash=2404\" slate-data-type=\"image\"\/><img decoding=\"async\" src=\"https:\/\/ae01.alicdn.com\/kf\/Sf773cc710b8048e7b73a0c365d81e1b9q.jpg?width=1000&amp;height=1397&amp;hash=2397\" slate-data-type=\"image\"\/><img decoding=\"async\" src=\"https:\/\/ae01.alicdn.com\/kf\/Sab54b4a3686744f384dac0714f51e72fp.jpg?width=1000&amp;height=1799&amp;hash=2799\" slate-data-type=\"image\"\/><img decoding=\"async\" src=\"https:\/\/ae01.alicdn.com\/kf\/Sf734bd064e4f49619411c9f6f2252e4aP.jpg?width=1000&amp;height=1944&amp;hash=2944\" slate-data-type=\"image\"\/><img decoding=\"async\" src=\"https:\/\/ae01.alicdn.com\/kf\/Sa384ea5a78c24d49988ad89359e9b23aT.jpg?width=1000&amp;height=1677&amp;hash=2677\" slate-data-type=\"image\"\/><img decoding=\"async\" src=\"https:\/\/ae01.alicdn.com\/kf\/S5852843b625748a3a014ae5d00f4cc382.jpg?width=1000&amp;height=1851&amp;hash=2851\" slate-data-type=\"image\"\/><img decoding=\"async\" src=\"https:\/\/ae01.alicdn.com\/kf\/Sd8fd64d2b79441c8b7e3c339ee2f311bk.jpg?width=1000&amp;height=2209&amp;hash=3209\" slate-data-type=\"image\"\/><img decoding=\"async\" src=\"https:\/\/ae01.alicdn.com\/kf\/S4f92581c5f844f238eaf4e54b6144661I.jpg?width=1000&amp;height=2011&amp;hash=3011\" slate-data-type=\"image\"\/><img decoding=\"async\" src=\"https:\/\/ae01.alicdn.com\/kf\/S71ffc064cc14406a985585e5361a096cF.jpg?width=1000&amp;height=2039&amp;hash=3039\" slate-data-type=\"image\"\/><img decoding=\"async\" src=\"https:\/\/ae01.alicdn.com\/kf\/S9af29e92d1594a22ac323d1aca4530298.jpg?width=1000&amp;height=1886&amp;hash=2886\" slate-data-type=\"image\"\/><img decoding=\"async\" src=\"https:\/\/ae01.alicdn.com\/kf\/S687e21b96c734a3fa6d1bdda5e1eac80p.jpg?width=1000&amp;height=1616&amp;hash=2616\" slate-data-type=\"image\"\/><img decoding=\"async\" src=\"https:\/\/ae01.alicdn.com\/kf\/S692b55ae25dd4471a1f128ff2de7a0c43.jpg?width=1000&amp;height=2206&amp;hash=3206\" slate-data-type=\"image\"\/><img decoding=\"async\" src=\"https:\/\/ae01.alicdn.com\/kf\/S8a740a41cc01481598e908eae186adbfl.jpg?width=1000&amp;height=1265&amp;hash=2265\" slate-data-type=\"image\"\/><img decoding=\"async\" src=\"https:\/\/ae01.alicdn.com\/kf\/Sdcc86a84a58743c99171b3abeabd13aam.jpg?width=1000&amp;height=1156&amp;hash=2156\" slate-data-type=\"image\"\/><img decoding=\"async\" src=\"https:\/\/ae01.alicdn.com\/kf\/Sf6f0ef33372b4f4896805a193b5b1c14Y.jpg?width=1000&amp;height=1097&amp;hash=2097\" slate-data-type=\"image\"\/><img decoding=\"async\" src=\"https:\/\/ae01.alicdn.com\/kf\/S86e992edd3a54719ac9b4d504e2eb39e9.jpg?width=1000&amp;height=1162&amp;hash=2162\" slate-data-type=\"image\"\/><img decoding=\"async\" src=\"https:\/\/ae01.alicdn.com\/kf\/S7d53844b6e82444faca8781650a8ff74F.jpg?width=1000&amp;height=1197&amp;hash=2197\" slate-data-type=\"image\"\/><img decoding=\"async\" src=\"https:\/\/ae01.alicdn.com\/kf\/S0cd8f57d7dd14de19cb293da8455b1c01.jpg?width=1000&amp;height=1500&amp;hash=2500\" slate-data-type=\"image\"\/><\/p>\n<div>\n<\/div>\n<div><\/div>\n<\/div>\n<\/div>\n<p><\/p>","protected":false},"excerpt":{"rendered":"<p>Hign-concerned Chemical:&nbsp;None Certificate Number:&nbsp;As Show CE:&nbsp;Certificate Is Electric:&nbsp;lithium battery Barcode:&nbsp;No Throttle servo:&nbsp;As Show Steering servo:&nbsp;5 lines,17g Power:&nbsp;RC390 high-speed motor State of Assembly:&nbsp;Ready-to-Go Flight Time:&nbsp;15-18 minutes (continuous full speed running) Tire<\/p>","protected":false},"featured_media":25644,"comment_status":"open","ping_status":"closed","template":"","meta":{"_acf_changed":false},"product_brand":[],"product_cat":[519],"product_tag":[],"class_list":{"0":"post-25643","1":"product","2":"type-product","3":"status-publish","4":"has-post-thumbnail","6":"product_cat-rc-cars","8":"first","9":"instock","10":"shipping-taxable","11":"purchasable","12":"product-type-variable"},"acf":[],"_links":{"self":[{"href":"https:\/\/electricstore.eu\/lt\/wp-json\/wp\/v2\/product\/25643","targetHints":{"allow":["GET"]}}],"collection":[{"href":"https:\/\/electricstore.eu\/lt\/wp-json\/wp\/v2\/product"}],"about":[{"href":"https:\/\/electricstore.eu\/lt\/wp-json\/wp\/v2\/types\/product"}],"replies":[{"embeddable":true,"href":"https:\/\/electricstore.eu\/lt\/wp-json\/wp\/v2\/comments?post=25643"}],"wp:featuredmedia":[{"embeddable":true,"href":"https:\/\/electricstore.eu\/lt\/wp-json\/wp\/v2\/media\/25644"}],"wp:attachment":[{"href":"https:\/\/electricstore.eu\/lt\/wp-json\/wp\/v2\/media?parent=25643"}],"wp:term":[{"taxonomy":"product_brand","embeddable":true,"href":"https:\/\/electricstore.eu\/lt\/wp-json\/wp\/v2\/product_brand?post=25643"},{"taxonomy":"product_cat","embeddable":true,"href":"https:\/\/electricstore.eu\/lt\/wp-json\/wp\/v2\/product_cat?post=25643"},{"taxonomy":"product_tag","embeddable":true,"href":"https:\/\/electricstore.eu\/lt\/wp-json\/wp\/v2\/product_tag?post=25643"}],"curies":[{"name":"wp","href":"https:\/\/api.w.org\/{rel}","templated":true}]}}