{"id":25506,"date":"2025-05-20T18:59:41","date_gmt":"2025-05-20T18:59:41","guid":{"rendered":"https:\/\/electricstore.eu\/p\/uncategorized\/vevor-epp-foam-rc-plane-2-4g-3ch-radio-control-aircraft-sea-and-air-rc-glider-water-land-flying-airplane-toys-gift-for-boys\/"},"modified":"2025-05-20T19:03:40","modified_gmt":"2025-05-20T19:03:40","slug":"vevor-epp-foam-rc-plane-2-4g-3ch-radio-control-aircraft-sea-and-air-rc-glider-water-land-flying-airplane-toys-gift-for-boys","status":"publish","type":"product","link":"https:\/\/electricstore.eu\/lt\/p\/rc\/rc-cars\/vevor-epp-foam-rc-plane-2-4g-3ch-radio-control-aircraft-sea-and-air-rc-glider-water-land-flying-airplane-toys-gift-for-boys\/","title":{"rendered":"VEVOR EPP putplas\u010dio RC l\u0117ktuvas 2.4G 3CH radijo bangomis valdomas orlaivis j\u016bra ir oras RC sklandytuvas vanduo sausuma skraidantis l\u0117ktuvas \u017eaislai dovana berniukams"},"content":{"rendered":"<div class=\"product-specs-list-container\">\n<ul class=\"product-specs-list util-clearfix\">\n<li class=\"product-prop line-limit-length\"><span\n                                        class=\"property-title\">Labai susir\u016bpinim\u0105 kelianti chemin\u0117 med\u017eiaga:&nbsp;<\/span><span\n                                        class=\"property-desc line-limit-length\">N\u0117ra<\/span>\n                            <\/li>\n<li class=\"product-prop line-limit-length\"><span\n                                        class=\"property-title\">Ar elektrinis:&nbsp;<\/span><span\n                                        class=\"property-desc line-limit-length\">N\u0117ra baterijos<\/span>\n                            <\/li>\n<li class=\"product-prop line-limit-length\"><span\n                                        class=\"property-title\">Apsauga nuo v\u0117jo:&nbsp;<\/span><span\n                                        class=\"property-desc line-limit-length\">Taip<\/span>\n                            <\/li>\n<li class=\"product-prop line-limit-length\"><span\n                                        class=\"property-title\">Drono svoris:&nbsp;<\/span><span\n                                        class=\"property-desc line-limit-length\">\/<\/span>\n                            <\/li>\n<li class=\"product-prop line-limit-length\"><span\n                                        class=\"property-title\">Pakilimo svoris:&nbsp;<\/span><span\n                                        class=\"property-desc line-limit-length\">\/<\/span>\n                            <\/li>\n<li class=\"product-prop line-limit-length\"><span\n                                        class=\"property-title\">Tranzito laikas (dienomis):&nbsp;<\/span><span\n                                        class=\"property-desc line-limit-length\">\/<\/span>\n                            <\/li>\n<li class=\"product-prop line-limit-length\"><span\n                                        class=\"property-title\">Vaizdo \u012fra\u0161ymo rai\u0161ka:&nbsp;<\/span><span\n                                        class=\"property-desc line-limit-length\">kita<\/span>\n                            <\/li>\n<li class=\"product-prop line-limit-length\"><span\n                                        class=\"property-title\">Operatoriaus \u012fg\u016bd\u017ei\u0173 lygis:&nbsp;<\/span><span\n                                        class=\"property-desc line-limit-length\">Pradedantysis<\/span>\n                            <\/li>\n<li class=\"product-prop line-limit-length\"><span\n                                        class=\"property-title\">Naudojimas viduje \/ lauke:&nbsp;<\/span><span\n                                        class=\"property-desc line-limit-length\">Lauko<\/span>\n                            <\/li>\n<li class=\"product-prop line-limit-length\"><span\n                                        class=\"property-title\">Kameros tvirtinimo tipas:&nbsp;<\/span><span\n                                        class=\"property-desc line-limit-length\">kita<\/span>\n                            <\/li>\n<li class=\"product-prop line-limit-length\"><span\n                                        class=\"property-title\">Br\u016bk\u0161ninis kodas:&nbsp;<\/span><span\n                                        class=\"property-desc line-limit-length\">Ne<\/span>\n                            <\/li>\n<li class=\"product-prop line-limit-length\"><span\n                                        class=\"property-title\">Modelio numeris:&nbsp;<\/span><span\n                                        class=\"property-desc line-limit-length\">Z62<\/span>\n                            <\/li>\n<li class=\"product-prop line-limit-length\"><span\n                                        class=\"property-title\">Valdiklio re\u017eimas:&nbsp;<\/span><span\n                                        class=\"property-desc line-limit-length\">RE\u017dIMAS1<\/span>\n                            <\/li>\n<li class=\"product-prop line-limit-length\"><span\n                                        class=\"property-title\">Skryd\u017eio laikas:&nbsp;<\/span><span\n                                        class=\"property-desc line-limit-length\">10~20<\/span>\n                            <\/li>\n<li class=\"product-prop line-limit-length\"><span\n                                        class=\"property-title\">Valdymo kanalai:&nbsp;<\/span><span\n                                        class=\"property-desc line-limit-length\">3 kanalai<\/span>\n                            <\/li>\n<li class=\"product-prop line-limit-length\"><span\n                                        class=\"property-title\">Valdiklio baterija:&nbsp;<\/span><span\n                                        class=\"property-desc line-limit-length\">3*AAA (ne\u012fskai\u010diuotos)<\/span>\n                            <\/li>\n<li class=\"product-prop line-limit-length\"><span\n                                        class=\"property-title\">Nuotolinis atstumas:&nbsp;<\/span><span\n                                        class=\"property-desc line-limit-length\">150 m<\/span>\n                            <\/li>\n<li class=\"product-prop line-limit-length\"><span\n                                        class=\"property-title\">\u012ekrovimo laikas:&nbsp;<\/span><span\n                                        class=\"property-desc line-limit-length\">90 min.<\/span>\n                            <\/li>\n<li class=\"product-prop line-limit-length\"><span\n                                        class=\"property-title\">\u012ekrovimo \u012ftampa:&nbsp;<\/span><span\n                                        class=\"property-desc line-limit-length\">5 V<\/span>\n                            <\/li>\n<li class=\"product-prop line-limit-length\"><span\n                                        class=\"property-title\">Maitinimo \u0161altinis:&nbsp;<\/span><span\n                                        class=\"property-desc line-limit-length\">Elektrinis<\/span>\n                            <\/li>\n<li class=\"product-prop line-limit-length\"><span\n                                        class=\"property-title\">Nuotolinio valdymo pultas:&nbsp;<\/span><span\n                                        class=\"property-desc line-limit-length\">Taip<\/span>\n                            <\/li>\n<li class=\"product-prop line-limit-length\"><span\n                                        class=\"property-title\">\u012e komplekt\u0105 \u012feina:&nbsp;<\/span><span\n                                        class=\"property-desc line-limit-length\">Nuotolinio valdymo pultas<\/span>\n                            <\/li>\n<li class=\"product-prop line-limit-length\"><span\n                                        class=\"property-title\">Med\u017eiaga:&nbsp;<\/span><span\n                                        class=\"property-desc line-limit-length\">Plastikas<\/span>\n                            <\/li>\n<li class=\"product-prop line-limit-length\"><span\n                                        class=\"property-title\">Savyb\u0117s:&nbsp;<\/span><span\n                                        class=\"property-desc line-limit-length\">kita<\/span>\n                            <\/li>\n<li class=\"product-prop line-limit-length\"><span\n                                        class=\"property-title\">Rekomenduojamas am\u017eius:&nbsp;<\/span><span\n                                        class=\"property-desc line-limit-length\">14+ met\u0173<\/span>\n                            <\/li>\n<li class=\"product-prop line-limit-length\"><span\n                                        class=\"property-title\">Kilm\u0117:&nbsp;<\/span><span\n                                        class=\"property-desc line-limit-length\">\u017demynin\u0117 Kinija<\/span>\n                            <\/li>\n<li class=\"product-prop line-limit-length\"><span\n                                        class=\"property-title\">Aerofotografija:&nbsp;<\/span><span\n                                        class=\"property-desc line-limit-length\">Ne<\/span>\n                            <\/li>\n<li class=\"product-prop line-limit-length\"><span\n                                        class=\"property-title\">Tipas:&nbsp;<\/span><span\n                                        class=\"property-desc line-limit-length\">L\u0117ktuvas<\/span>\n                            <\/li>\n<li class=\"product-prop line-limit-length\"><span\n                                        class=\"property-title\">Prek\u0117s \u017eenklas:&nbsp;<\/span><span\n                                        class=\"property-desc line-limit-length\">VEVOR<\/span>\n                            <\/li>\n<li class=\"product-prop line-limit-length\"><span\n                                        class=\"property-title\">Tipas:&nbsp;<\/span><span\n                                        class=\"property-desc line-limit-length\">RC l\u0117ktuvas<\/span>\n                            <\/li>\n<li class=\"product-prop line-limit-length\"><span\n                                        class=\"property-title\">Dizainas:&nbsp;<\/span><span\n                                        class=\"property-desc line-limit-length\">Amfibinis<\/span>\n                            <\/li>\n<li class=\"product-prop line-limit-length\"><span\n                                        class=\"property-title\">Propelerio med\u017eiaga:&nbsp;<\/span><span\n                                        class=\"property-desc line-limit-length\">ABS<\/span>\n                            <\/li>\n<li class=\"product-prop line-limit-length\"><span\n                                        class=\"property-title\">K\u0117bulo med\u017eiaga:&nbsp;<\/span><span\n                                        class=\"property-desc line-limit-length\">ELP<\/span>\n                            <\/li>\n<li class=\"product-prop line-limit-length\"><span\n                                        class=\"property-title\">Vienos baterijos talpa:&nbsp;<\/span><span\n                                        class=\"property-desc line-limit-length\">800 mAh<\/span>\n                            <\/li>\n<li class=\"product-prop line-limit-length\"><span\n                                        class=\"property-title\">Funkcija:&nbsp;<\/span><span\n                                        class=\"property-desc line-limit-length\">Trifibi\u0161kas j\u016broje, sausumoje ir ore, 2 grei\u010di\u0173<\/span>\n                            <\/li>\n<li class=\"product-prop line-limit-length\"><span\n                                        class=\"property-title\">Spalva:&nbsp;<\/span><span\n                                        class=\"property-desc line-limit-length\">Balta<\/span>\n                            <\/li>\n<\/ul><\/div>\n<div class=\"detailmodule_html\">\n<div class=\"detail-desc-decorate-richtext\">\n<div style=\"font-family:&quot;Open sans&quot;, Arial, Helvetica, sans-serif\">\n<div><img decoding=\"async\" style=\"width:100%\" width=\"100%\" src=\"https:\/\/d2qc09rl1gfuof.cloudfront.net\/vevor\/boutique-banner\/pc\/banner-en.jpg\" slate-data-type=\"image\"\/><\/div>\n<div>\n<div style=\"font-size:16px;font-weight:bold;text-align:center;color:rgb(34, 34, 34);margin:24px 0px;margin-bottom:24px;margin-top:24px;margin-left:0px;margin-right:0px\" align=\"center\">VEVOR RC l\u0117ktuvas \u2013 \u012fvaldyk dang\u0173 su malonumu<\/div>\n<div><img decoding=\"async\" style=\"width:100%\" width=\"100%\" src=\"https:\/\/d2qc09rl1gfuof.cloudfront.net\/product\/YKFJLTD2532CRJINZ\/rc-airplane-a100-1.4-pt.jpg\" slate-data-type=\"image\"\/><\/div>\n<div style=\"font-size:14px;text-align:center;color:rgb(34, 34, 34);margin:16px 0px 24px;margin-bottom:24px;margin-top:16px;margin-left:0px;margin-right:0px\" align=\"center\">Pristatome nuotoliniu b\u016bdu valdom\u0105 l\u0117ktuv\u0105, sukurt\u0105 interaktyvioms pramogoms tarp suaugusi\u0173j\u0173 ir vaik\u0173. J\u012f itin lengva valdyti \u2013 vaikai gal\u0117s j\u012f u\u017etikrintai pilotuoti vos po keli\u0173 valand\u0173 praktikos. Realistinis dizainas suteikia papildomo d\u017eiaugsmo skryd\u017eio nuotykiams.<\/div>\n<\/div>\n<div>\n<div style=\"margin:8px 0px;margin-bottom:8px;margin-top:8px;margin-left:0px;margin-right:0px\"><img decoding=\"async\" style=\"width:100%\" width=\"100%\" src=\"https:\/\/d2qc09rl1gfuof.cloudfront.net\/product\/YKFJLTD2532CRJINZ\/rc-airplane-a100-2.2-pt.jpg\" slate-data-type=\"image\"\/><\/div>\n<div style=\"font-size:14px;text-align:center;color:rgb(34, 34, 34);margin:16px 0px 24px;margin-bottom:24px;margin-top:16px;margin-left:0px;margin-right:0px\" align=\"center\">Valdykite nuotoliniu b\u016bdu valdom\u0105 l\u0117ktuv\u0105 belaid\u017eiu valdikliu \u2013 lengvai valdykite kair\u0117n, de\u0161in\u0117n, auk\u0161tyn ir \u017eemyn. M\u0117gaukit\u0117s patikimu ry\u0161iu iki 150 m atstumu su 2,4 GHz da\u017eniu, u\u017etikrinan\u010diu skland\u017eius skryd\u017eius be trukd\u017ei\u0173 \u2013 puikiai tinka \u012fvairaus am\u017eiaus pilotams.<\/div>\n<\/div>\n<div>\n<div style=\"margin:8px 0px;margin-bottom:8px;margin-top:8px;margin-left:0px;margin-right:0px\"><img decoding=\"async\" style=\"width:100%\" width=\"100%\" src=\"https:\/\/d2qc09rl1gfuof.cloudfront.net\/product\/YKFJLTD2532CRJINZ\/rc-airplane-a100-2.3-pt.jpg\" slate-data-type=\"image\"\/><\/div>\n<div style=\"font-size:14px;text-align:center;color:rgb(34, 34, 34);margin:16px 0px 24px;margin-bottom:24px;margin-top:16px;margin-left:0px;margin-right:0px\" align=\"center\">M\u016bs\u0173 nuotolinio valdymo l\u0117ktuv\u0117lis skrenda ilgiau su dviem komplektais baterij\u0173. Pakeiskite jas, kad gal\u0117tum\u0117te nuolat m\u0117gautis skryd\u017eiu be da\u017eno \u012fkrovimo ar ilg\u0173 prastov\u0173.<\/div>\n<\/div>\n<div>\n<div style=\"margin:8px 0px;margin-bottom:8px;margin-top:8px;margin-left:0px;margin-right:0px\"><img decoding=\"async\" style=\"width:100%\" width=\"100%\" src=\"https:\/\/d2qc09rl1gfuof.cloudfront.net\/product\/YKFJLTD2532CRJINZ\/rc-airplane-a100-2.4-pt.jpg\" slate-data-type=\"image\"\/><\/div>\n<div style=\"font-size:14px;text-align:center;color:rgb(34, 34, 34);margin:16px 0px 24px;margin-bottom:24px;margin-top:16px;margin-left:0px;margin-right:0px\" align=\"center\">Lengvai \u012fvaldykite kilim\u0105. Tiesiog viena ranka suimkite nuotolinio valdymo pult\u0105, padidinkite greit\u012f ir paleiskite l\u0117ktuv\u0105 tiesiai. Arba pad\u0117kite j\u012f ant lygaus pavir\u0161iaus, padidinkite greit\u012f, kad jis slyst\u0173 10 metr\u0173, ir steb\u0117kite, kaip jis kyla.<\/div>\n<\/div>\n<div>\n<div style=\"margin:8px 0px;margin-bottom:8px;margin-top:8px;margin-left:0px;margin-right:0px\"><img decoding=\"async\" style=\"width:100%\" width=\"100%\" src=\"https:\/\/d2qc09rl1gfuof.cloudfront.net\/product\/YKFJLTD2532CRJINZ\/rc-airplane-a100-2.5-pt.jpg\" slate-data-type=\"image\"\/><\/div>\n<div style=\"font-size:14px;text-align:center;color:rgb(34, 34, 34);margin:16px 0px 24px;margin-bottom:24px;margin-top:16px;margin-left:0px;margin-right:0px\" align=\"center\">\u0160is pradedan\u010di\u0173j\u0173 nuotoliniu b\u016bdu valdomas l\u0117ktuvas turi atsargines baterijas ir propelerius, kad pramogos b\u016bt\u0173 nepertraukiamos. Pamet\u0117te dal\u012f? Nesijaudinkite \u2013 nedelsdami j\u0105 pakeiskite ir nepraleiskite progos.<\/div>\n<\/div>\n<div style=\"margin:16px 0px 24px;margin-bottom:24px;margin-top:16px;margin-left:0px;margin-right:0px\"><\/div>\n<div style=\"margin:24px 0px;margin-bottom:24px;margin-top:24px;margin-left:0px;margin-right:0px\">\n<div style=\"font-size:16px;font-weight:bold;color:rgb(34, 34, 34);margin:24px 0px 16px;margin-bottom:16px;margin-top:24px;margin-left:0px;margin-right:0px\">Savyb\u0117s ir informacija<\/div>\n<ul style=\"margin:16px 0px 24px;margin-bottom:24px;margin-top:16px;margin-left:0px;margin-right:0px\">\n<li style=\"font-size:14px;color:rgb(34, 34, 34)\">\n<p>Daugiafunkcis dizainas: \u0161is nuotoliniu b\u016bdu valdomas l\u0117ktuvas, turintis amfibijos galimybes, 3 kanalus ir 2 grei\u010di\u0173 re\u017eimus, gali pakilti nuo \u017eem\u0117s, pakilti \u012f or\u0105 rankiniu b\u016bdu arba skland\u017eiai slysti nuo vandens. M\u0117gaukit\u0117s neribotomis pramogomis lauke ir padidintu manevringumu. Nesvarbu, ar esate pradedantysis, ar patyr\u0119s pilotas, jis u\u017etikrina tobul\u0105 skryd\u017eio ritm\u0105.<\/p>\n<\/li>\n<li style=\"font-size:14px;color:rgb(34, 34, 34)\">\n<p>Lengvas ir patvarus: Pagamintas i\u0161 auk\u0161tos kokyb\u0117s EPP med\u017eiagos, m\u016bs\u0173 nuotoliniu b\u016bdu valdomas l\u0117ktuv\u0117lis yra lengvas, ta\u010diau pakankamai tvirtas, kad atlaikyt\u0173 sm\u016bgius ir kritimus. Tvirta konstrukcija padidina patvarum\u0105 ir u\u017etikrina, kad jis atlaikyt\u0173 lauko s\u0105lygas. Net jei l\u0117ktuvas apvirst\u0173 ant vandens, \u012fmontuotos funkcijos ir valdikliai u\u017etikrina, kad j\u012f b\u016bt\u0173 galima manevruoti atgal.<\/p>\n<\/li>\n<li style=\"font-size:14px;color:rgb(34, 34, 34)\">\n<p>2,4 GHz belaid\u0117 valdymo sistema: visi\u0161kai valdykite \u012frengin\u012f naudodami lengvai naudojam\u0105 nuotolinio valdymo pult\u0105. Skriskite auk\u0161tyn, \u017eemyn, \u012f kair\u0119, \u012f de\u0161in\u0119, pirmyn ir atgal iki 150 m atstumu. 2,4 GHz da\u017enis u\u017etikrina patikim\u0105 ry\u0161\u012f, leid\u017eiant\u012f keliems nuotolinio valdymo l\u0117ktuvams be vargo skristi kartu \u2013 idealiai tinka draugi\u0161koms var\u017eyboms! \u012esp\u0117jimas apie i\u0161sikrovus\u012f akumuliatori\u0173 prane\u0161 jums gr\u012f\u017eus arba nusileidus, kad skryd\u017eio metu b\u016bt\u0173 i\u0161vengta nereikalingo akumuliatoriaus i\u0161sikrovimo.<\/p>\n<\/li>\n<li style=\"font-size:14px;color:rgb(34, 34, 34)\">\n<p>Ilgesnis skryd\u017eio laikas: \u0160is nuotolinio valdymo l\u0117ktuvas turi du 800 mAh baterij\u0173 rinkinius, u\u017etikrinan\u010dius iki 30 minu\u010di\u0173 skryd\u017eio laik\u0105. Tiesiog pakeiskite i\u0161sikrovusi\u0105 baterij\u0105 antruoju rinkiniu ir m\u0117gaukit\u0117s nepertraukiamu skryd\u017eiu \u2013 nebereik\u0117s laukti \u012fkrovimo.<\/p>\n<\/li>\n<li style=\"font-size:14px;color:rgb(34, 34, 34)\">\n<p>Lengvas skraidymo malonumas: sukurtas interaktyvioms pramogoms tarp vaik\u0173 ir suaugusi\u0173j\u0173, m\u016bs\u0173 nuotoliniu b\u016bdu valdomas l\u0117ktuvas yra itin lengvai valdomas. Jame yra \u012fmontuotas 6 a\u0161i\u0173 giroskopinis stabilizatorius stabiliems skryd\u017eiams. Vaikai skris u\u017etikrintai vos po keli\u0173 praktikos seans\u0173. Jis puikiai tinka suaugusiesiems, vaikams, pradedantiesiems ir visiems, kurie m\u0117gsta aviacijos pramogas. Atsargin\u0117s dalys, tokios kaip baterijos ir propeleriai, u\u017etikrina, kad pramogos t\u0119st\u0173si be pertrauk\u0173.<\/p>\n<\/li>\n<\/ul>\n<\/div>\n<div>\n<div>\n<div style=\"margin:16px 0px 24px;margin-bottom:24px;margin-top:16px;margin-left:0px;margin-right:0px\"><img decoding=\"async\" style=\"width:100%\" width=\"100%\" src=\"https:\/\/d2qc09rl1gfuof.cloudfront.net\/product\/YKFJLTD2532CRJINZ\/rc-airplane-a100-1.11-pt.jpg\" slate-data-type=\"image\"\/><\/div>\n<\/div>\n<\/div>\n<\/div>\n<\/div>\n<\/div>\n<p><\/p>","protected":false},"excerpt":{"rendered":"<p>Hign-concerned Chemical:&nbsp;None Is Electric:&nbsp;No battery Anti-wind Ability:&nbsp;Yes Drone Weight:&nbsp;\/ Takeoff Weight:&nbsp;\/ Transit Time (Days):&nbsp;\/ Video Capture Resolution:&nbsp;other Operator Skill Level:&nbsp;Beginner Indoor\/Outdoor Use:&nbsp;Outdoor Camera Mount Type:&nbsp;other Barcode:&nbsp;No Model Number:&nbsp;Z62 Controller Mode:&nbsp;MODE1<\/p>","protected":false},"featured_media":25507,"comment_status":"open","ping_status":"closed","template":"","meta":{"_acf_changed":false},"product_brand":[],"product_cat":[519],"product_tag":[],"class_list":{"0":"post-25506","1":"product","2":"type-product","3":"status-publish","4":"has-post-thumbnail","6":"product_cat-rc-cars","8":"first","9":"instock","10":"shipping-taxable","11":"purchasable","12":"product-type-variable"},"acf":[],"_links":{"self":[{"href":"https:\/\/electricstore.eu\/lt\/wp-json\/wp\/v2\/product\/25506","targetHints":{"allow":["GET"]}}],"collection":[{"href":"https:\/\/electricstore.eu\/lt\/wp-json\/wp\/v2\/product"}],"about":[{"href":"https:\/\/electricstore.eu\/lt\/wp-json\/wp\/v2\/types\/product"}],"replies":[{"embeddable":true,"href":"https:\/\/electricstore.eu\/lt\/wp-json\/wp\/v2\/comments?post=25506"}],"wp:featuredmedia":[{"embeddable":true,"href":"https:\/\/electricstore.eu\/lt\/wp-json\/wp\/v2\/media\/25507"}],"wp:attachment":[{"href":"https:\/\/electricstore.eu\/lt\/wp-json\/wp\/v2\/media?parent=25506"}],"wp:term":[{"taxonomy":"product_brand","embeddable":true,"href":"https:\/\/electricstore.eu\/lt\/wp-json\/wp\/v2\/product_brand?post=25506"},{"taxonomy":"product_cat","embeddable":true,"href":"https:\/\/electricstore.eu\/lt\/wp-json\/wp\/v2\/product_cat?post=25506"},{"taxonomy":"product_tag","embeddable":true,"href":"https:\/\/electricstore.eu\/lt\/wp-json\/wp\/v2\/product_tag?post=25506"}],"curies":[{"name":"wp","href":"https:\/\/api.w.org\/{rel}","templated":true}]}}