{"id":25461,"date":"2025-05-20T18:59:30","date_gmt":"2025-05-20T18:59:30","guid":{"rendered":"https:\/\/electricstore.eu\/p\/uncategorized\/vevor-rc-plane-2-4g-4ch-remote-control-airplane-with-6-axis-gyro-stabilizer-aircraft-toy-rc-glider-for-kids-beginners-boys-gifts\/"},"modified":"2025-05-20T19:02:57","modified_gmt":"2025-05-20T19:02:57","slug":"vevor-rc-plane-2-4g-4ch-remote-control-airplane-with-6-axis-gyro-stabilizer-aircraft-toy-rc-glider-for-kids-beginners-boys-gifts","status":"publish","type":"product","link":"https:\/\/electricstore.eu\/lt\/p\/rc\/rc-cars\/vevor-rc-plane-2-4g-4ch-remote-control-airplane-with-6-axis-gyro-stabilizer-aircraft-toy-rc-glider-for-kids-beginners-boys-gifts\/","title":{"rendered":"VEVOR RC l\u0117ktuvas 2.4G 4CH nuotolinio valdymo l\u0117ktuvas su 6 a\u0161i\u0173 giroskopiniu stabilizatoriumi, \u017eaislinis RC sklandytuvas vaikams, pradedantiesiems, berniukams, dovanos"},"content":{"rendered":"<div class=\"product-specs-list-container\">\n<ul class=\"product-specs-list util-clearfix\">\n<li class=\"product-prop line-limit-length\"><span\n                                        class=\"property-title\">Labai susir\u016bpinim\u0105 kelianti chemin\u0117 med\u017eiaga:&nbsp;<\/span><span\n                                        class=\"property-desc line-limit-length\">N\u0117ra<\/span>\n                            <\/li>\n<li class=\"product-prop line-limit-length\"><span\n                                        class=\"property-title\">Ar elektrinis:&nbsp;<\/span><span\n                                        class=\"property-desc line-limit-length\">N\u0117ra baterijos<\/span>\n                            <\/li>\n<li class=\"product-prop line-limit-length\"><span\n                                        class=\"property-title\">Apsauga nuo v\u0117jo:&nbsp;<\/span><span\n                                        class=\"property-desc line-limit-length\">Taip<\/span>\n                            <\/li>\n<li class=\"product-prop line-limit-length\"><span\n                                        class=\"property-title\">Drono svoris:&nbsp;<\/span><span\n                                        class=\"property-desc line-limit-length\">\/<\/span>\n                            <\/li>\n<li class=\"product-prop line-limit-length\"><span\n                                        class=\"property-title\">Pakilimo svoris:&nbsp;<\/span><span\n                                        class=\"property-desc line-limit-length\">\/<\/span>\n                            <\/li>\n<li class=\"product-prop line-limit-length\"><span\n                                        class=\"property-title\">Tranzito laikas (dienomis):&nbsp;<\/span><span\n                                        class=\"property-desc line-limit-length\">\/<\/span>\n                            <\/li>\n<li class=\"product-prop line-limit-length\"><span\n                                        class=\"property-title\">Vaizdo \u012fra\u0161ymo rai\u0161ka:&nbsp;<\/span><span\n                                        class=\"property-desc line-limit-length\">kita<\/span>\n                            <\/li>\n<li class=\"product-prop line-limit-length\"><span\n                                        class=\"property-title\">Operatoriaus \u012fg\u016bd\u017ei\u0173 lygis:&nbsp;<\/span><span\n                                        class=\"property-desc line-limit-length\">Pradedantysis<\/span>\n                            <\/li>\n<li class=\"product-prop line-limit-length\"><span\n                                        class=\"property-title\">Naudojimas viduje \/ lauke:&nbsp;<\/span><span\n                                        class=\"property-desc line-limit-length\">Lauko<\/span>\n                            <\/li>\n<li class=\"product-prop line-limit-length\"><span\n                                        class=\"property-title\">Kameros tvirtinimo tipas:&nbsp;<\/span><span\n                                        class=\"property-desc line-limit-length\">kita<\/span>\n                            <\/li>\n<li class=\"product-prop line-limit-length\"><span\n                                        class=\"property-title\">Br\u016bk\u0161ninis kodas:&nbsp;<\/span><span\n                                        class=\"property-desc line-limit-length\">Ne<\/span>\n                            <\/li>\n<li class=\"product-prop line-limit-length\"><span\n                                        class=\"property-title\">Modelio numeris:&nbsp;<\/span><span\n                                        class=\"property-desc line-limit-length\">A210<\/span>\n                            <\/li>\n<li class=\"product-prop line-limit-length\"><span\n                                        class=\"property-title\">Valdiklio re\u017eimas:&nbsp;<\/span><span\n                                        class=\"property-desc line-limit-length\">RE\u017dIMAS1<\/span>\n                            <\/li>\n<li class=\"product-prop line-limit-length\"><span\n                                        class=\"property-title\">Skryd\u017eio laikas:&nbsp;<\/span><span\n                                        class=\"property-desc line-limit-length\">5~10<\/span>\n                            <\/li>\n<li class=\"product-prop line-limit-length\"><span\n                                        class=\"property-title\">Valdymo kanalai:&nbsp;<\/span><span\n                                        class=\"property-desc line-limit-length\">4 kanalai<\/span>\n                            <\/li>\n<li class=\"product-prop line-limit-length\"><span\n                                        class=\"property-title\">Valdiklio baterija:&nbsp;<\/span><span\n                                        class=\"property-desc line-limit-length\">4 * AA (nepridedamos)<\/span>\n                            <\/li>\n<li class=\"product-prop line-limit-length\"><span\n                                        class=\"property-title\">Nuotolinis atstumas:&nbsp;<\/span><span\n                                        class=\"property-desc line-limit-length\">200 m<\/span>\n                            <\/li>\n<li class=\"product-prop line-limit-length\"><span\n                                        class=\"property-title\">\u012ekrovimo laikas:&nbsp;<\/span><span\n                                        class=\"property-desc line-limit-length\">60\u201370 min.<\/span>\n                            <\/li>\n<li class=\"product-prop line-limit-length\"><span\n                                        class=\"property-title\">\u012ekrovimo \u012ftampa:&nbsp;<\/span><span\n                                        class=\"property-desc line-limit-length\">5 V<\/span>\n                            <\/li>\n<li class=\"product-prop line-limit-length\"><span\n                                        class=\"property-title\">Maitinimo \u0161altinis:&nbsp;<\/span><span\n                                        class=\"property-desc line-limit-length\">Elektrinis<\/span>\n                            <\/li>\n<li class=\"product-prop line-limit-length\"><span\n                                        class=\"property-title\">Nuotolinio valdymo pultas:&nbsp;<\/span><span\n                                        class=\"property-desc line-limit-length\">Taip<\/span>\n                            <\/li>\n<li class=\"product-prop line-limit-length\"><span\n                                        class=\"property-title\">\u012e komplekt\u0105 \u012feina:&nbsp;<\/span><span\n                                        class=\"property-desc line-limit-length\">Nuotolinio valdymo pultas<\/span>\n                            <\/li>\n<li class=\"product-prop line-limit-length\"><span\n                                        class=\"property-title\">Med\u017eiaga:&nbsp;<\/span><span\n                                        class=\"property-desc line-limit-length\">Putos<\/span>\n                            <\/li>\n<li class=\"product-prop line-limit-length\"><span\n                                        class=\"property-title\">Savyb\u0117s:&nbsp;<\/span><span\n                                        class=\"property-desc line-limit-length\">kita<\/span>\n                            <\/li>\n<li class=\"product-prop line-limit-length\"><span\n                                        class=\"property-title\">Rekomenduojamas am\u017eius:&nbsp;<\/span><span\n                                        class=\"property-desc line-limit-length\">14+ met\u0173<\/span>\n                            <\/li>\n<li class=\"product-prop line-limit-length\"><span\n                                        class=\"property-title\">Kilm\u0117:&nbsp;<\/span><span\n                                        class=\"property-desc line-limit-length\">\u017demynin\u0117 Kinija<\/span>\n                            <\/li>\n<li class=\"product-prop line-limit-length\"><span\n                                        class=\"property-title\">Aerofotografija:&nbsp;<\/span><span\n                                        class=\"property-desc line-limit-length\">Ne<\/span>\n                            <\/li>\n<li class=\"product-prop line-limit-length\"><span\n                                        class=\"property-title\">Tipas:&nbsp;<\/span><span\n                                        class=\"property-desc line-limit-length\">L\u0117ktuvas<\/span>\n                            <\/li>\n<\/ul><\/div>\n<div class=\"detailmodule_html\">\n<div class=\"detail-desc-decorate-richtext\">\n<div style=\"font-family:&quot;Open sans&quot;, Arial, Helvetica, sans-serif\">\n<div><img decoding=\"async\" style=\"width:100%\" width=\"100%\" src=\"https:\/\/d2qc09rl1gfuof.cloudfront.net\/vevor\/boutique-banner\/pc\/banner-en.jpg\" slate-data-type=\"image\"\/><\/div>\n<div>\n<div style=\"font-size:16px;font-weight:bold;text-align:center;color:rgb(34, 34, 34);margin:24px 0px;margin-bottom:24px;margin-top:24px;margin-left:0px;margin-right:0px\" align=\"center\">VEVOR RC l\u0117ktuvas \u2013 \u012fvaldyk dang\u0173 su malonumu<\/div>\n<div><img decoding=\"async\" style=\"width:100%\" width=\"100%\" src=\"https:\/\/d2qc09rl1gfuof.cloudfront.net\/product\/YKFJFJSTD40CYM1PO\/rc-airplane-a100-1.4-pt.jpg\" slate-data-type=\"image\"\/><\/div>\n<div style=\"font-size:14px;text-align:center;color:rgb(34, 34, 34);margin:16px 0px 24px;margin-bottom:24px;margin-top:16px;margin-left:0px;margin-right:0px\" align=\"center\">Pristatome nuotoliniu b\u016bdu valdom\u0105 l\u0117ktuv\u0105, sukurt\u0105 interaktyvioms pramogoms tarp suaugusi\u0173j\u0173 ir vaik\u0173. J\u012f itin lengva valdyti \u2013 vaikai gal\u0117s j\u012f u\u017etikrintai pilotuoti vos po keli\u0173 valand\u0173 praktikos. Realistinis dizainas suteikia papildomo d\u017eiaugsmo skryd\u017eio nuotykiams.<\/div>\n<\/div>\n<div>\n<div style=\"margin:8px 0px;margin-bottom:8px;margin-top:8px;margin-left:0px;margin-right:0px\"><img decoding=\"async\" style=\"width:100%\" width=\"100%\" src=\"https:\/\/d2qc09rl1gfuof.cloudfront.net\/product\/YKFJFJSTD40CYM1PO\/rc-airplane-a100-2.2-pt.jpg\" slate-data-type=\"image\"\/><\/div>\n<div style=\"font-size:14px;text-align:center;color:rgb(34, 34, 34);margin:16px 0px 24px;margin-bottom:24px;margin-top:16px;margin-left:0px;margin-right:0px\" align=\"center\">\u0160is nuotoliniu b\u016bdu valdomas l\u0117ktuvas su 4 kanal\u0173 sistema ir 3D\/6G re\u017eimais suteikia daugyb\u0119 triuk\u0173 atlikimo galimybi\u0173. M\u0117gaukit\u0117s ried\u0117jimais, skryd\u017eiais apverstais ratais ir kitais triukais naudodami paprast\u0105 valdym\u0105 vienu paspaudimu, kad jums ir j\u016bs\u0173 vaikams b\u016bt\u0173 lengva \u012fvaldyti \u0161\u012f triuk\u0105.<\/div>\n<\/div>\n<div>\n<div style=\"margin:8px 0px;margin-bottom:8px;margin-top:8px;margin-left:0px;margin-right:0px\"><img decoding=\"async\" style=\"width:100%\" width=\"100%\" src=\"https:\/\/d2qc09rl1gfuof.cloudfront.net\/product\/YKFJFJSTD40CYM1PO\/rc-airplane-a100-2.3-pt.jpg\" slate-data-type=\"image\"\/><\/div>\n<div style=\"font-size:14px;text-align:center;color:rgb(34, 34, 34);margin:16px 0px 24px;margin-bottom:24px;margin-top:16px;margin-left:0px;margin-right:0px\" align=\"center\">\u0160is nuotolinio valdymo l\u0117ktuv\u0117lis, apr\u016bpintas 6 a\u0161i\u0173 giroskopiniu stabilizatoriumi, u\u017etikrina stabil\u0173 skryd\u012f atliekant triukus. Jis \u012fsp\u0117ja apie i\u0161sikrovus\u012f akumuliatori\u0173 ir skryd\u017eius u\u017e diapazono rib\u0173, u\u017etikrindamas saug\u0173 ir kontroliuojam\u0105 skryd\u012f kiekvien\u0105 kart\u0105.<\/div>\n<\/div>\n<div>\n<div style=\"margin:8px 0px;margin-bottom:8px;margin-top:8px;margin-left:0px;margin-right:0px\"><img decoding=\"async\" style=\"width:100%\" width=\"100%\" src=\"https:\/\/d2qc09rl1gfuof.cloudfront.net\/product\/YKFJFJSTD40CYM1PO\/rc-airplane-a100-2.4-pt.jpg\" slate-data-type=\"image\"\/><\/div>\n<div style=\"font-size:14px;text-align:center;color:rgb(34, 34, 34);margin:16px 0px 24px;margin-bottom:24px;margin-top:16px;margin-left:0px;margin-right:0px\" align=\"center\">Lengvai \u012fvaldykite kilim\u0105. Tiesiog viena ranka suimkite nuotolinio valdymo pult\u0105, padidinkite greit\u012f ir paleiskite l\u0117ktuv\u0105 tiesiai. Arba pad\u0117kite j\u012f ant lygaus pavir\u0161iaus, padidinkite greit\u012f, kad jis slyst\u0173 10 metr\u0173, ir steb\u0117kite, kaip jis kyla.<\/div>\n<\/div>\n<div>\n<div style=\"margin:8px 0px;margin-bottom:8px;margin-top:8px;margin-left:0px;margin-right:0px\"><img decoding=\"async\" style=\"width:100%\" width=\"100%\" src=\"https:\/\/d2qc09rl1gfuof.cloudfront.net\/product\/YKFJFJSTD40CYM1PO\/rc-airplane-a100-2.5-pt.jpg\" slate-data-type=\"image\"\/><\/div>\n<div style=\"font-size:14px;text-align:center;color:rgb(34, 34, 34);margin:16px 0px 24px;margin-bottom:24px;margin-top:16px;margin-left:0px;margin-right:0px\" align=\"center\">\u0160is pradedan\u010di\u0173j\u0173 nuotoliniu b\u016bdu valdomas l\u0117ktuvas turi atsargines baterijas ir propelerius, kad pramogos b\u016bt\u0173 nepertraukiamos. Pamet\u0117te dal\u012f? Nesijaudinkite \u2013 nedelsdami j\u0105 pakeiskite ir nepraleiskite progos.<\/div>\n<\/div>\n<div style=\"margin:16px 0px 24px;margin-bottom:24px;margin-top:16px;margin-left:0px;margin-right:0px\"><\/div>\n<div style=\"margin:24px 0px;margin-bottom:24px;margin-top:24px;margin-left:0px;margin-right:0px\">\n<div style=\"font-size:16px;font-weight:bold;color:rgb(34, 34, 34);margin:24px 0px 16px;margin-bottom:16px;margin-top:24px;margin-left:0px;margin-right:0px\">Savyb\u0117s ir informacija<\/div>\n<ul style=\"margin:16px 0px 24px;margin-bottom:24px;margin-top:16px;margin-left:0px;margin-right:0px\">\n<li style=\"font-size:14px;color:rgb(34, 34, 34)\">\n<p>Universalus 4 kanal\u0173 valdymas: \u0161is nuotoliniu b\u016bdu valdomas l\u0117ktuvas veikia kaip tikras orlaivis su visi\u0161ku 4 kanal\u0173 valdymu: propelerio, vairo, auk\u0161\u010dio vairo ir elerono. Visus keturis lengvai valdykite belaid\u017eiu nuotolinio valdymo pultu. Puikiai tinka manevrams ant \u017eem\u0117s naudojant droselio ir vairo valdym\u0105 prie\u0161 pakilim\u0105. M\u0117gaukit\u0117s lengvais triukais, tokiais kaip apsivertimai, salto, kilpos ir skryd\u017eiai apverstais pavir\u0161iais, naudodami 3D\/6G re\u017eimus, u\u017etikrinan\u010dius smagi\u0105 skryd\u017eio patirt\u012f tiek pradedantiesiems, tiek ekspertams.<\/p>\n<\/li>\n<li style=\"font-size:14px;color:rgb(34, 34, 34)\">\n<p>Lengvas ir patvarus: Pagamintas i\u0161 auk\u0161tos kokyb\u0117s EPP med\u017eiagos, m\u016bs\u0173 nuotoliniu b\u016bdu valdomas l\u0117ktuv\u0117lis yra lengvas, ta\u010diau pakankamai tvirtas, kad atlaikyt\u0173 sm\u016bgius ir avarijas. Tvirta konstrukcija padidina ilgaam\u017ei\u0161kum\u0105, u\u017etikrindama, kad jis atlaikyt\u0173 lauko s\u0105lygas be nuolatinio remonto.<\/p>\n<\/li>\n<li style=\"font-size:14px;color:rgb(34, 34, 34)\">\n<p>Stabilus skryd\u017eio poj\u016btis: patirkite stabilum\u0105 su m\u016bs\u0173 nuotolinio valdymo l\u0117ktuvo pa\u017eangiu 6 a\u0161i\u0173 giroskopiniu stabilizatoriumi ir galingu 1020 varikliu su puikia galios ma\u017einimo pavara. Valdykite kelis orlaivius vienu metu be signalo trukd\u017ei\u0173 d\u0117l patikimos 2,4 GHz belaid\u0117s valdymo sistemos. Idealiai tinka demonstruoti oro triukus draugi\u0161k\u0173 var\u017eyb\u0173 su draugais ir \u0161eima metu.<\/p>\n<\/li>\n<li style=\"font-size:14px;color:rgb(34, 34, 34)\">\n<p>Padidintas skryd\u017eio atstumas: \u0161is nuotolinio valdymo l\u0117ktuvas, kurio maksimalus valdymo atstumas yra 200 m, \u012fsp\u0117ja jus, jei vir\u0161ijate \u0161\u012f atstum\u0105, ir prane\u0161a apie i\u0161sikrovus\u012f akumuliatori\u0173, kad gal\u0117tum\u0117te saugiai gr\u012f\u017eti. Dvi 500 mAh baterijos u\u017etikrina iki 20 minu\u010di\u0173 skryd\u017eio laik\u0105, u\u017etikrindamos nepertraukiam\u0105 malonum\u0105 be da\u017eno \u012fkrovimo ar v\u0117lavim\u0173.<\/p>\n<\/li>\n<li style=\"font-size:14px;color:rgb(34, 34, 34)\">\n<p>Lengvas skraidymo malonumas: sukurtas interaktyvioms pramogoms tarp vaik\u0173 ir suaugusi\u0173j\u0173, m\u016bs\u0173 nuotoliniu b\u016bdu valdomas l\u0117ktuvas yra itin lengvai valdomas. Jame yra \u012fmontuotas 6 a\u0161i\u0173 giroskopinis stabilizatorius stabiliems skryd\u017eiams. Vaikai skris u\u017etikrintai vos po keli\u0173 praktikos seans\u0173. Jis puikiai tinka suaugusiesiems, vaikams, pradedantiesiems ir visiems, kurie m\u0117gsta aviacijos pramogas. Atsargin\u0117s dalys, tokios kaip baterijos ir propeleriai, u\u017etikrina, kad pramogos t\u0119st\u0173si be pertrauk\u0173.<\/p>\n<\/li>\n<\/ul>\n<\/div>\n<div>\n<div>\n<div style=\"margin:16px 0px 24px;margin-bottom:24px;margin-top:16px;margin-left:0px;margin-right:0px\"><img decoding=\"async\" style=\"width:100%\" width=\"100%\" src=\"https:\/\/d2qc09rl1gfuof.cloudfront.net\/product\/YKFJFJSTD40CYM1PO\/rc-airplane-a100-1.11-pt.jpg\" slate-data-type=\"image\"\/><\/div>\n<\/div>\n<\/div>\n<\/div>\n<div><\/div>\n<\/div>\n<\/div>\n<p><\/p>","protected":false},"excerpt":{"rendered":"<p>Hign-concerned Chemical:&nbsp;None Is Electric:&nbsp;No battery Anti-wind Ability:&nbsp;Yes Drone Weight:&nbsp;\/ Takeoff Weight:&nbsp;\/ Transit Time (Days):&nbsp;\/ Video Capture Resolution:&nbsp;other Operator Skill Level:&nbsp;Beginner Indoor\/Outdoor Use:&nbsp;Outdoor Camera Mount Type:&nbsp;other Barcode:&nbsp;No Model Number:&nbsp;A210 Controller Mode:&nbsp;MODE1<\/p>","protected":false},"featured_media":25462,"comment_status":"open","ping_status":"closed","template":"","meta":{"_acf_changed":false},"product_brand":[],"product_cat":[519],"product_tag":[],"class_list":{"0":"post-25461","1":"product","2":"type-product","3":"status-publish","4":"has-post-thumbnail","6":"product_cat-rc-cars","8":"first","9":"instock","10":"shipping-taxable","11":"purchasable","12":"product-type-variable"},"acf":[],"_links":{"self":[{"href":"https:\/\/electricstore.eu\/lt\/wp-json\/wp\/v2\/product\/25461","targetHints":{"allow":["GET"]}}],"collection":[{"href":"https:\/\/electricstore.eu\/lt\/wp-json\/wp\/v2\/product"}],"about":[{"href":"https:\/\/electricstore.eu\/lt\/wp-json\/wp\/v2\/types\/product"}],"replies":[{"embeddable":true,"href":"https:\/\/electricstore.eu\/lt\/wp-json\/wp\/v2\/comments?post=25461"}],"wp:featuredmedia":[{"embeddable":true,"href":"https:\/\/electricstore.eu\/lt\/wp-json\/wp\/v2\/media\/25462"}],"wp:attachment":[{"href":"https:\/\/electricstore.eu\/lt\/wp-json\/wp\/v2\/media?parent=25461"}],"wp:term":[{"taxonomy":"product_brand","embeddable":true,"href":"https:\/\/electricstore.eu\/lt\/wp-json\/wp\/v2\/product_brand?post=25461"},{"taxonomy":"product_cat","embeddable":true,"href":"https:\/\/electricstore.eu\/lt\/wp-json\/wp\/v2\/product_cat?post=25461"},{"taxonomy":"product_tag","embeddable":true,"href":"https:\/\/electricstore.eu\/lt\/wp-json\/wp\/v2\/product_tag?post=25461"}],"curies":[{"name":"wp","href":"https:\/\/api.w.org\/{rel}","templated":true}]}}