{"id":25354,"date":"2025-05-20T18:58:49","date_gmt":"2025-05-20T18:58:49","guid":{"rendered":"https:\/\/electricstore.eu\/p\/uncategorized\/vevor-1320-lbs-electric-hoist-crane-with-328-ft-wireless-40-ft-single-cable-lifting-height-electric-winch-lift-hoist-for-factory\/"},"modified":"2025-05-20T19:00:25","modified_gmt":"2025-05-20T19:00:25","slug":"vevor-1320-lbs-electric-hoist-crane-with-328-ft-wireless-40-ft-single-cable-lifting-height-electric-winch-lift-hoist-for-factory","status":"publish","type":"product","link":"https:\/\/electricstore.eu\/lt\/p\/o\/electric-lifting-hoists\/vevor-1320-lbs-electric-hoist-crane-with-328-ft-wireless-40-ft-single-cable-lifting-height-electric-winch-lift-hoist-for-factory\/","title":{"rendered":"VEVOR 1320 svar\u0173 elektrinis keltuvas su 328 p\u0117d\u0173 belaid\u017eiu 40 p\u0117d\u0173 vieno lyno k\u0117limo auk\u0161\u010diu, elektrine gerve gamyklai"},"content":{"rendered":"<div class=\"product-specs-list-container\">\n<ul class=\"product-specs-list util-clearfix\">\n<li class=\"product-prop line-limit-length\"><span\n                                        class=\"property-title\">Labai susir\u016bpinim\u0105 kelianti chemin\u0117 med\u017eiaga:&nbsp;<\/span><span\n                                        class=\"property-desc line-limit-length\">N\u0117ra<\/span>\n                            <\/li>\n<li class=\"product-prop line-limit-length\"><span\n                                        class=\"property-title\">Modelio numeris:&nbsp;<\/span><span\n                                        class=\"property-desc line-limit-length\">PA600<\/span>\n                            <\/li>\n<li class=\"product-prop line-limit-length\"><span\n                                        class=\"property-title\">Kilm\u0117:&nbsp;<\/span><span\n                                        class=\"property-desc line-limit-length\">\u017demynin\u0117 Kinija<\/span>\n                            <\/li>\n<li class=\"product-prop line-limit-length\"><span\n                                        class=\"property-title\">Prek\u0117s \u017eenklas:&nbsp;<\/span><span\n                                        class=\"property-desc line-limit-length\">VEVOR<\/span>\n                            <\/li>\n<\/ul><\/div>\n<div class=\"detailmodule_html\">\n<div class=\"detail-desc-decorate-richtext\">\n<div style=\"font-family:&quot;Open sans&quot;, Arial, Helvetica, sans-serif\">\n<div><img decoding=\"async\" style=\"width:100%\" width=\"100%\" src=\"https:\/\/d2qc09rl1gfuof.cloudfront.net\/vevor\/boutique-banner\/pc\/banner-en.jpg\" slate-data-type=\"image\"\/><\/div>\n<div>\n<div style=\"font-size:16px;font-weight:bold;text-align:center;color:rgb(34, 34, 34);margin:24px 0px;margin-bottom:24px;margin-top:24px;margin-left:0px;margin-right:0px\" align=\"center\">VEVOR elektrinis keltuvas \u2013 pakelkite krovin\u012f be joki\u0173 pastang\u0173<\/div>\n<div><img decoding=\"async\" style=\"width:100%\" width=\"100%\" src=\"https:\/\/d2qc09rl1gfuof.cloudfront.net\/product\/DDGSSHLYXWXS5L5MU\/electric-hoist-a100-1.4-pt.jpg\" slate-data-type=\"image\"\/><\/div>\n<div style=\"font-size:14px;text-align:center;color:rgb(34, 34, 34);margin:16px 0px 24px;margin-bottom:24px;margin-top:16px;margin-left:0px;margin-right:0px\" align=\"center\">\u0160is elektrinis keltuvas su patikimu oru au\u0161inamu variniu varikliu leid\u017eia lengvai ir tolygiai kelti. Jo au\u0161inimo sistema ir ventiliatorius padeda i\u0161vengti perkaitimo, tod\u0117l galite dirbti ilgiau be joki\u0173 nesklandum\u0173.<\/div>\n<\/div>\n<div>\n<div style=\"margin:8px 0px;margin-bottom:8px;margin-top:8px;margin-left:0px;margin-right:0px\"><img decoding=\"async\" style=\"width:100%\" width=\"100%\" src=\"https:\/\/d2qc09rl1gfuof.cloudfront.net\/product\/DDGSSHLYXWXS5L5MU\/electric-hoist-a100-2.2-pt.jpg\" slate-data-type=\"image\"\/><\/div>\n<div style=\"font-size:14px;text-align:center;color:rgb(34, 34, 34);margin:16px 0px 24px;margin-bottom:24px;margin-top:16px;margin-left:0px;margin-right:0px\" align=\"center\">Reikia grei\u010dio ar j\u0117gos? Perjunkite vieno lyno re\u017eim\u0105 greitesniems k\u0117limams su lengvesniais kroviniais arba dviej\u0173 lyn\u0173 re\u017eim\u0105 sunkesniems darbams. M\u016bs\u0173 elektrin\u0117 gerv\u0117 sukurta taip, kad atlaikyt\u0173 bet kokius i\u0161\u0161\u016bkius.<\/div>\n<\/div>\n<div>\n<div style=\"margin:8px 0px;margin-bottom:8px;margin-top:8px;margin-left:0px;margin-right:0px\"><img decoding=\"async\" style=\"width:100%\" width=\"100%\" src=\"https:\/\/d2qc09rl1gfuof.cloudfront.net\/product\/DDGSSHLYXWXS5L5MU\/electric-hoist-a100-2.3-pt.jpg\" slate-data-type=\"image\"\/><\/div>\n<div style=\"font-size:14px;text-align:center;color:rgb(34, 34, 34);margin:16px 0px 24px;margin-bottom:24px;margin-top:16px;margin-left:0px;margin-right:0px\" align=\"center\">Nesvarbu, ar esate arti, ar toli, \u0161is lubinis keltuvas turi tiek laidin\u012f, tiek belaid\u012f valdym\u0105. Belaid\u017eio veikimo atstumas iki 100 m (328 p\u0117d\u0173) ir avarinio stabdymo jungiklis suteikia jums ramyb\u0117s ir lankstumo, kad darb\u0105 atliktum\u0117te tinkamai.<\/div>\n<\/div>\n<div>\n<div style=\"margin:8px 0px;margin-bottom:8px;margin-top:8px;margin-left:0px;margin-right:0px\"><img decoding=\"async\" style=\"width:100%\" width=\"100%\" src=\"https:\/\/d2qc09rl1gfuof.cloudfront.net\/product\/DDGSSHLYXWXS5L5MU\/electric-hoist-a100-2.4-pt.jpg\" slate-data-type=\"image\"\/><\/div>\n<div style=\"font-size:14px;text-align:center;color:rgb(34, 34, 34);margin:16px 0px 24px;margin-bottom:24px;margin-top:16px;margin-left:0px;margin-right:0px\" align=\"center\">Pagamintas i\u0161 patvaraus legiruotojo plieno ir dengto plieninio lyno, m\u016bs\u0173 gara\u017eo keltuvas yra stabilus. Storas lynas ir apsauga nuo apvirtimo rei\u0161kia, kad jis gali saugiai valdyti sunkius krovinius, o apsauga nuo perkaitimo u\u017etikrina skland\u0173 veikim\u0105.<\/div>\n<\/div>\n<div>\n<div style=\"margin:8px 0px;margin-bottom:8px;margin-top:8px;margin-left:0px;margin-right:0px\"><img decoding=\"async\" style=\"width:100%\" width=\"100%\" src=\"https:\/\/d2qc09rl1gfuof.cloudfront.net\/product\/DDGSSHLYXWXS5L5MU\/electric-hoist-a100-2.5-pt.jpg\" slate-data-type=\"image\"\/><\/div>\n<div style=\"font-size:14px;text-align:center;color:rgb(34, 34, 34);margin:16px 0px 24px;margin-bottom:24px;margin-top:16px;margin-left:0px;margin-right:0px\" align=\"center\">Nesvarbu, ar dirbate gara\u017ee, sand\u0117lyje, ar dirbtuv\u0117se, \u0161is elektrinis lyninis keltuvas prisitaiko prie \u012fvairi\u0173 u\u017eduo\u010di\u0173, tod\u0117l yra idealus \u012frankis bet kokiam projektui.<\/div>\n<\/div>\n<div style=\"margin:16px 0px 24px;margin-bottom:24px;margin-top:16px;margin-left:0px;margin-right:0px\"><\/div>\n<div style=\"margin:24px 0px;margin-bottom:24px;margin-top:24px;margin-left:0px;margin-right:0px\">\n<div style=\"font-size:16px;font-weight:bold;color:rgb(34, 34, 34);margin:24px 0px 16px;margin-bottom:16px;margin-top:24px;margin-left:0px;margin-right:0px\">Savyb\u0117s ir informacija<\/div>\n<ul style=\"margin:16px 0px 24px;margin-bottom:24px;margin-top:16px;margin-left:0px;margin-right:0px\">\n<li style=\"font-size:14px;color:rgb(34, 34, 34)\">\n<p>1320 svar\u0173 keliamoji galia: \u0160is elektrinis keltuvas gali lengvai pakelti ma\u017eus variklius, transmisijas, didelius dirbtuvi\u0173 \u012frankius ar statybines med\u017eiagas. Keliamoji galia: 660 svar\u0173 \/ 300 kg (vienas lynas), 1320 svar\u0173 \/ 600 kg (dvigubas lynas).<\/p>\n<\/li>\n<li style=\"font-size:14px;color:rgb(34, 34, 34)\">\n<p>Galingas variklis: auk\u0161tos kokyb\u0117s varinis variklis u\u017etikrina didel\u0119 gali\u0105, kuri gali atlaikyti dideles j\u0117gas nesukeldamas elektrin\u0117s gerv\u0117s deformacijos. Be to, didelis au\u0161inimo ventiliatorius gali greitai atv\u0117sinti \u012frengin\u012f, kad b\u016bt\u0173 i\u0161vengta perkaitimo. Tod\u0117l \u0161is galingas variklis u\u017etikrina efektyv\u0173 veikim\u0105 ir taupo j\u016bs\u0173 laik\u0105 bei energij\u0105.<\/p>\n<\/li>\n<li style=\"font-size:14px;color:rgb(34, 34, 34)\">\n<p>Patogus montavimas: M\u016bs\u0173 gara\u017eo keltuv\u0105 galima tiesiogiai pakabinti ant lub\u0173 naudojant metalines arba tvirtas medines lenteles. Be to, jis turi avarinio stabdymo jungikl\u012f ir elektromagnetin\u0119 stabd\u017ei\u0173 sistem\u0105, kad b\u016bt\u0173 i\u0161vengta nenormalaus slydimo.<\/p>\n<\/li>\n<li style=\"font-size:14px;color:rgb(34, 34, 34)\">\n<p>Dvigubo valdymo parinktys: \u0160is lubinis keltuvas, turintis laidin\u012f ir belaid\u012f nuotolinio valdymo pultus, suteikia jums galimyb\u0119 valdyti \u012frengin\u012f. Laidinis nuotolinio valdymo pultas pasiekia 4,2 m atstum\u0105, o belaidis \u2013 iki 100 m atstumu. Jis turi puiki\u0105 jungiklio funkcij\u0105, leid\u017eian\u010di\u0105 \u012frang\u0105 pakelti, nuleisti ir pastatyti viena ranka.<\/p>\n<\/li>\n<li style=\"font-size:14px;color:rgb(34, 34, 34)\">\n<p>\u012evair\u016bs panaudojimo b\u016bdai: \u0160is elektrinis lyninis keltuvas pla\u010diai naudojamas gara\u017euose, gamyklose, sand\u0117liuose, \u0161eimose, taip pat tiek profesional\u0173, tiek m\u0117g\u0117j\u0173. Jis tinka laiv\u0173, automobili\u0173, vejapjovi\u0173, golfo ve\u017eim\u0117li\u0173, nam\u0173 dekoro, varikli\u0173, rieduli\u0173, med\u017ei\u0173 ir kt. remontui.<\/p>\n<\/li>\n<\/ul>\n<\/div>\n<div>\n<div>\n<div style=\"margin:16px 0px 24px;margin-bottom:24px;margin-top:16px;margin-left:0px;margin-right:0px\"><img decoding=\"async\" style=\"width:100%\" width=\"100%\" src=\"https:\/\/d2qc09rl1gfuof.cloudfront.net\/product\/DDGSSHLYXWXS5L5MU\/electric-hoist-a100-1.11-pt.jpg\" slate-data-type=\"image\"\/><\/div>\n<\/div>\n<\/div>\n<\/div>\n<div><\/div>\n<\/div>\n<\/div>\n<p><\/p>","protected":false},"excerpt":{"rendered":"<p>Hign-concerned Chemical:&nbsp;None Model Number:&nbsp;PA600 Origin:&nbsp;Mainland China Brand Name:&nbsp;VEVOR VEVOR Electric Hoist \u2013 Lift Your Cargo with No Effort Equipped with a reliable air-cooled copper motor, this electric hoist makes lifting<\/p>","protected":false},"featured_media":25356,"comment_status":"open","ping_status":"closed","template":"","meta":{"_acf_changed":false},"product_brand":[],"product_cat":[517],"product_tag":[],"class_list":{"0":"post-25354","1":"product","2":"type-product","3":"status-publish","4":"has-post-thumbnail","6":"product_cat-electric-lifting-hoists","8":"first","9":"instock","10":"shipping-taxable","11":"purchasable","12":"product-type-variable"},"acf":[],"_links":{"self":[{"href":"https:\/\/electricstore.eu\/lt\/wp-json\/wp\/v2\/product\/25354","targetHints":{"allow":["GET"]}}],"collection":[{"href":"https:\/\/electricstore.eu\/lt\/wp-json\/wp\/v2\/product"}],"about":[{"href":"https:\/\/electricstore.eu\/lt\/wp-json\/wp\/v2\/types\/product"}],"replies":[{"embeddable":true,"href":"https:\/\/electricstore.eu\/lt\/wp-json\/wp\/v2\/comments?post=25354"}],"wp:featuredmedia":[{"embeddable":true,"href":"https:\/\/electricstore.eu\/lt\/wp-json\/wp\/v2\/media\/25356"}],"wp:attachment":[{"href":"https:\/\/electricstore.eu\/lt\/wp-json\/wp\/v2\/media?parent=25354"}],"wp:term":[{"taxonomy":"product_brand","embeddable":true,"href":"https:\/\/electricstore.eu\/lt\/wp-json\/wp\/v2\/product_brand?post=25354"},{"taxonomy":"product_cat","embeddable":true,"href":"https:\/\/electricstore.eu\/lt\/wp-json\/wp\/v2\/product_cat?post=25354"},{"taxonomy":"product_tag","embeddable":true,"href":"https:\/\/electricstore.eu\/lt\/wp-json\/wp\/v2\/product_tag?post=25354"}],"curies":[{"name":"wp","href":"https:\/\/api.w.org\/{rel}","templated":true}]}}