{"id":25347,"date":"2025-05-20T18:58:45","date_gmt":"2025-05-20T18:58:45","guid":{"rendered":"https:\/\/electricstore.eu\/p\/uncategorized\/vevor-18000lbs-electric-winch-car-truck-steel-cable-winch-with-85ft-wire-rope-wireless-remote-control-for-towing-off-road-suv\/"},"modified":"2025-05-20T19:00:25","modified_gmt":"2025-05-20T19:00:25","slug":"vevor-18000lbs-electric-winch-car-truck-steel-cable-winch-with-85ft-wire-rope-wireless-remote-control-for-towing-off-road-suv","status":"publish","type":"product","link":"https:\/\/electricstore.eu\/lt\/p\/o\/electric-winches\/vevor-18000lbs-electric-winch-car-truck-steel-cable-winch-with-85ft-wire-rope-wireless-remote-control-for-towing-off-road-suv\/","title":{"rendered":"VEVOR 18000lbs elektrin\u0117 gerv\u0117 automobiliams ir sunkve\u017eimiams su plieniniu kabeliu ir 85 p\u0117d\u0173 vieliniu lynu, belaid\u017eiu nuotolinio valdymo pultu, skirta visureigi\u0173 vilkimui"},"content":{"rendered":"<div class=\"product-specs-list-container\">\n<ul class=\"product-specs-list util-clearfix\">\n<li class=\"product-prop line-limit-length\"><span\n                                        class=\"property-title\">Labai susir\u016bpinim\u0105 kelianti chemin\u0117 med\u017eiaga:&nbsp;<\/span><span\n                                        class=\"property-desc line-limit-length\">N\u0117ra<\/span>\n                            <\/li>\n<li class=\"product-prop line-limit-length\"><span\n                                        class=\"property-title\">Modelio numeris:&nbsp;<\/span><span\n                                        class=\"property-desc line-limit-length\">SEC16800T<\/span>\n                            <\/li>\n<li class=\"product-prop line-limit-length\"><span\n                                        class=\"property-title\">Kilm\u0117:&nbsp;<\/span><span\n                                        class=\"property-desc line-limit-length\">\u017demynin\u0117 Kinija<\/span>\n                            <\/li>\n<li class=\"product-prop line-limit-length\"><span\n                                        class=\"property-title\">Prek\u0117s \u017eenklas:&nbsp;<\/span><span\n                                        class=\"property-desc line-limit-length\">VEVOR<\/span>\n                            <\/li>\n<li class=\"product-prop line-limit-length\"><span\n                                        class=\"property-title\">Tipas:&nbsp;<\/span><span\n                                        class=\"property-desc line-limit-length\">Galia<\/span>\n                            <\/li>\n<li class=\"product-prop line-limit-length\"><span\n                                        class=\"property-title\">Prek\u0117s \u017eenklas:&nbsp;<\/span><span\n                                        class=\"property-desc line-limit-length\">VEVOR<\/span>\n                            <\/li>\n<li class=\"product-prop line-limit-length\"><span\n                                        class=\"property-title\">Med\u017eiaga:&nbsp;<\/span><span\n                                        class=\"property-desc line-limit-length\">Aliuminio, plieno, vario, plastiko (PPS ir PA ir kt.) lydiniai<\/span>\n                            <\/li>\n<li class=\"product-prop line-limit-length\"><span\n                                        class=\"property-title\">Nominali linijos traukos galia:&nbsp;<\/span><span\n                                        class=\"property-desc line-limit-length\">18000 svar\u0173<\/span>\n                            <\/li>\n<li class=\"product-prop line-limit-length\"><span\n                                        class=\"property-title\">Kabelio med\u017eiaga:&nbsp;<\/span><span\n                                        class=\"property-desc line-limit-length\">Plienas, 19 vij\u0173<\/span>\n                            <\/li>\n<li class=\"product-prop line-limit-length\"><span\n                                        class=\"property-title\">\u012etampa \/ arklio galia:&nbsp;<\/span><span\n                                        class=\"property-desc line-limit-length\">12 V nuolatin\u0117 srov\u0117 \/ 5,7 AG<\/span>\n                            <\/li>\n<li class=\"product-prop line-limit-length\"><span\n                                        class=\"property-title\">Grynasis svoris:&nbsp;<\/span><span\n                                        class=\"property-desc line-limit-length\">96,8 svaro \/ 43,9 kg<\/span>\n                            <\/li>\n<li class=\"product-prop line-limit-length\"><span\n                                        class=\"property-title\">Tipas:&nbsp;<\/span><span\n                                        class=\"property-desc line-limit-length\">Elektrin\u0117 gerv\u0117<\/span>\n                            <\/li>\n<li class=\"product-prop line-limit-length\"><span\n                                        class=\"property-title\">Nuotolinio valdymo pultas:&nbsp;<\/span><span\n                                        class=\"property-desc line-limit-length\">Belaidis + laidinis nuotolinio valdymo pultas<\/span>\n                            <\/li>\n<li class=\"product-prop line-limit-length\"><span\n                                        class=\"property-title\">Belaid\u017eio nuotolinio valdymo pulto atstumas:&nbsp;<\/span><span\n                                        class=\"property-desc line-limit-length\">65,61 p\u0117dos \/ 20 m<\/span>\n                            <\/li>\n<li class=\"product-prop line-limit-length\"><span\n                                        class=\"property-title\">Kabelio specifikacijos:&nbsp;<\/span><span\n                                        class=\"property-desc line-limit-length\">7\/16 col. x 85 p\u0117d\u0173 \/ 1,1 x 2590,8 cm<\/span>\n                            <\/li>\n<\/ul><\/div>\n<div class=\"detailmodule_html\">\n<div class=\"detail-desc-decorate-richtext\">\n<div style=\"font-family:&quot;Open sans&quot;, Arial, Helvetica, sans-serif\">\n<div><img decoding=\"async\" style=\"width:100%\" width=\"100%\" src=\"https:\/\/d2qc09rl1gfuof.cloudfront.net\/vevor\/boutique-banner\/pc\/banner-en.jpg\" slate-data-type=\"image\"\/><\/div>\n<div>\n<div style=\"font-size:16px;font-weight:bold;text-align:center;color:rgb(34, 34, 34);margin:24px 0px;margin-bottom:24px;margin-top:24px;margin-left:0px;margin-right:0px\" align=\"center\">18 000 svar\u0173 elektrin\u0117 gerv\u0117, u\u017etikrintai \u012fveikite bekel\u0117s nuotykius<\/div>\n<div><img decoding=\"async\" style=\"width:100%\" width=\"100%\" src=\"https:\/\/d2qc09rl1gfuof.cloudfront.net\/product\/DDGSSJPYXWXYMXBC5\/electric-winch-a100-1.4-pt.jpg\" slate-data-type=\"image\"\/><\/div>\n<div style=\"font-size:14px;text-align:center;color:rgb(34, 34, 34);margin:16px 0px 24px;margin-bottom:24px;margin-top:16px;margin-left:0px;margin-right:0px\" align=\"center\">M\u016bs\u0173 galinga sunkve\u017eimio gerv\u0117 gali atlaikyti 8000 kg tempimo gali\u0105 ir yra atspari vandeniui (IP55), tod\u0117l puikiai tinka i\u0161laisvinti visureigius ar visureigius i\u0161 lipni\u0173 purvo duobi\u0173 ar stipraus lietaus. Su 12 V nuolatin\u0117s srov\u0117s \/ 5,7 AG variniu varikliu, 312,4:1 pavar\u0173 santykiu ir plieniniu trosu, j\u016bs visada b\u016bsite pasiruo\u0161\u0119.<\/div>\n<\/div>\n<div>\n<div style=\"margin:8px 0px;margin-bottom:8px;margin-top:8px;margin-left:0px;margin-right:0px\"><img decoding=\"async\" style=\"width:100%\" width=\"100%\" src=\"https:\/\/d2qc09rl1gfuof.cloudfront.net\/product\/DDGSSJPYXWXYMXBC5\/electric-winch-a100-2.2-pt.jpg\" slate-data-type=\"image\"\/><\/div>\n<div style=\"font-size:14px;text-align:center;color:rgb(34, 34, 34);margin:16px 0px 24px;margin-bottom:24px;margin-top:16px;margin-left:0px;margin-right:0px\" align=\"center\">M\u016bs\u0173 elektrin\u0117 gerv\u0117 maitinama galingu 12 V nuolatin\u0117s srov\u0117s \/ 5,7 AG variniu varikliu, kuris kaskart u\u017etikrina pastovi\u0105 ir efektyvi\u0105 gali\u0105. D\u0117l pa\u017eangios planetin\u0117s pavaros sistemos ir 312,4:1 pavar\u0173 perdavimo skai\u010diaus gal\u0117site m\u0117gautis skland\u017eiu ir patikimu lyno tempimu net ir at\u0161iauriomis oro s\u0105lygomis ar giliame purve.<\/div>\n<\/div>\n<div>\n<div style=\"margin:8px 0px;margin-bottom:8px;margin-top:8px;margin-left:0px;margin-right:0px\"><img decoding=\"async\" style=\"width:100%\" width=\"100%\" src=\"https:\/\/d2qc09rl1gfuof.cloudfront.net\/product\/DDGSSJPYXWXYMXBC5\/electric-winch-a100-2.3-pt.jpg\" slate-data-type=\"image\"\/><\/div>\n<div style=\"font-size:14px;text-align:center;color:rgb(34, 34, 34);margin:16px 0px 24px;margin-bottom:24px;margin-top:16px;margin-left:0px;margin-right:0px\" align=\"center\">M\u016bs\u0173 elektrin\u0117 sunkve\u017eimio gerv\u0117 pagaminta su auk\u0161tos kokyb\u0117s trosu, kurio paskutiniai 5 ritin\u0117liai yra pa\u017eym\u0117ti raudonai, kad b\u016bt\u0173 u\u017etikrintas papildomas saugumas. Ji pasi\u017eymi IP55 atsparumu vandeniui ir tvirta juoda matine apdaila, tod\u0117l be joki\u0173 problem\u0173 atlaiko stipr\u0173 liet\u0173 ir at\u0161iaurias s\u0105lygas.<\/div>\n<\/div>\n<div>\n<div style=\"margin:8px 0px;margin-bottom:8px;margin-top:8px;margin-left:0px;margin-right:0px\"><img decoding=\"async\" style=\"width:100%\" width=\"100%\" src=\"https:\/\/d2qc09rl1gfuof.cloudfront.net\/product\/DDGSSJPYXWXYMXBC5\/electric-winch-a100-2.4-pt.jpg\" slate-data-type=\"image\"\/><\/div>\n<div style=\"font-size:14px;text-align:center;color:rgb(34, 34, 34);margin:16px 0px 24px;margin-bottom:24px;margin-top:16px;margin-left:0px;margin-right:0px\" align=\"center\">Sukurtas atlaikyti sunkius i\u0161\u0161\u016bkius, m\u016bs\u0173 sunkve\u017eimio gerv\u0117s trosas atsparus at\u0161iaurioms gamtos stichijoms ir ekstremalioms temperat\u016broms, tod\u0117l leid\u017eia atlikti \u012fvairias traukimo u\u017eduotis esant nominaliam tempimo paj\u0117gumui nenutr\u016bkdamas. Be to, ai\u0161k\u016bs apkrovos \u017eym\u0117jimai ant kiekvieno sluoksnio u\u017etikrina puik\u0173 med\u017eiagos tvirtum\u0105 ir traukimo saugum\u0105.<\/div>\n<\/div>\n<div>\n<div style=\"margin:8px 0px;margin-bottom:8px;margin-top:8px;margin-left:0px;margin-right:0px\"><img decoding=\"async\" style=\"width:100%\" width=\"100%\" src=\"https:\/\/d2qc09rl1gfuof.cloudfront.net\/product\/DDGSSJPYXWXYMXBC5\/electric-winch-a100-2.5-pt.jpg\" slate-data-type=\"image\"\/><\/div>\n<div style=\"font-size:14px;text-align:center;color:rgb(34, 34, 34);margin:16px 0px 24px;margin-bottom:24px;margin-top:16px;margin-left:0px;margin-right:0px\" align=\"center\">M\u016bs\u0173 12 volt\u0173 gerv\u0117 turi spalvomis koduojamus maitinimo laidus, kad b\u016bt\u0173 galima greitai ir be klaid\u0173 j\u0105 nustatyti. Belaidis nuotolinio valdymo pultas padeda valdyti transporto priemon\u0117s gelb\u0117jimosi sistem\u0105 be kli\u016b\u010di\u0173 20 m atstumu. Taip pat turime laidin\u012f nuotolinio valdymo pult\u0105, suteikiant\u012f vis\u0105 reikiam\u0105 valdym\u0105.<\/div>\n<\/div>\n<div style=\"margin:16px 0px 24px;margin-bottom:24px;margin-top:16px;margin-left:0px;margin-right:0px\"><\/div>\n<div style=\"margin:24px 0px;margin-bottom:24px;margin-top:24px;margin-left:0px;margin-right:0px\">\n<div style=\"font-size:16px;font-weight:bold;color:rgb(34, 34, 34);margin:24px 0px 16px;margin-bottom:16px;margin-top:24px;margin-left:0px;margin-right:0px\">Savyb\u0117s ir informacija<\/div>\n<ul style=\"margin:16px 0px 24px;margin-bottom:24px;margin-top:16px;margin-left:0px;margin-right:0px\">\n<li style=\"font-size:14px;color:rgb(34, 34, 34)\">\n<p>J\u016bs\u0173 transporto priemon\u0117s atsargin\u0117 galia: specialiai sukurta gelb\u0117jimo darbams bekel\u0117je, m\u016bs\u0173 galinga elektrin\u0117 gerv\u0117 padidina lyno tempimo gali\u0105 iki 18 000 svar\u0173. Kai j\u016bs\u0173 transporto priemon\u0117 \u012fstringa purve ar patenka \u012f li\u016bt\u012f, \u0161i gerv\u0117 suteikia papildom\u0105 pavar\u0105, kurios jums reikia, kad greitai gr\u012f\u017etum\u0117te \u012f keli\u0105. Ji skirta ne tik visureigiams ir visureigiams, bet ir puikiai tinka sunkiems kroviniams, pavyzd\u017eiui, medienai, gabenti. \u012eveikite bet koki\u0105 kli\u016bt\u012f u\u017etikrintai ir galingai!<\/p>\n<\/li>\n<li style=\"font-size:14px;color:rgb(34, 34, 34)\">\n<p>Galia, kuri pad\u0117s i\u0161bristi i\u0161 bet kokios kli\u016bties: m\u016bs\u0173 sunkve\u017eimio gerv\u0117 varoma 12 V nuolatin\u0117s srov\u0117s \/ 5,7 AG variniu varikliu, kuris u\u017etikrina pastovi\u0105 gali\u0105, kai jos labiausiai reikia. D\u0117l pa\u017eangios 3 pakop\u0173 planetin\u0117s pavar\u0173 sistemos ir 312,4:1 pavar\u0173 perdavimo skai\u010diaus \u0161i gerv\u0117 u\u017etikrina galing\u0105 traukos gali\u0105 net at\u0161iauriu oru ir giliame purve. Pasiruo\u0161kite u\u017etikrintai \u012fveikti bet kok\u012f i\u0161\u0161\u016bk\u012f!<\/p>\n<\/li>\n<li style=\"font-size:14px;color:rgb(34, 34, 34)\">\n<p>Tvirtas plieninis lynas: patirkite tvirt\u0105 na\u0161um\u0105 su m\u016bs\u0173 19 gij\u0173 tvirtu plieniniu lynu. Sukurtas atlaikyti at\u0161iaurias gamtos stichijas ir auk\u0161t\u0105 temperat\u016br\u0105, \u0161is plieninis lynas yra tvirtas, kad atlaikyt\u0173 bet kokius i\u0161\u0161\u016bkius. Be to, ry\u0161kiai raudoni \u017eym\u0117jimai ant paskutini\u0173 5 ritin\u0117li\u0173 u\u017etikrina ger\u0105 matomum\u0105, saugum\u0105 ir ilgaam\u017ei\u0161kum\u0105, kad ir koks sunkus b\u016bt\u0173 darbas.<\/p>\n<\/li>\n<li style=\"font-size:14px;color:rgb(34, 34, 34)\">\n<p>Paprastas naudojimas, valdymas be r\u016bpes\u010di\u0173: m\u016bs\u0173 12 volt\u0173 gerv\u0117 si\u016blo tiek belaid\u017eio, tiek laidinio nuotolinio valdymo parinktis, kad atitikt\u0173 j\u016bs\u0173 poreikius. Paprastas naudoti belaidis nuotolinio valdymo pultas leid\u017eia lengvai valdyti transporto priemon\u0119 20 m atstumu, o laidinis nuotolinio valdymo pultas yra patikima alternatyva tiksliam valdymui rankomis. M\u0117gaukit\u0117s lankstumu ir patogumu naudodami abu valdymo re\u017eimus, kad transporto priemon\u0117s evakuacija b\u016bt\u0173 kuo sklandesn\u0117.<\/p>\n<\/li>\n<li style=\"font-size:14px;color:rgb(34, 34, 34)\">\n<p>Ramyb\u0117 d\u0117l vilkimo na\u0161umo: At\u0161iaurus oras? Joki\u0173 problem\u0173! M\u016bs\u0173 elektrin\u0117 gerv\u0117 pagaminta pagal IP55 atsparumo vandeniui klas\u0119 ir pasi\u017eymi eleganti\u0161ka juoda matine apdaila, kuri padidina atsparum\u0105 r\u016bdijimui ir izoliacij\u0105. Ji pasirengusi susidoroti su stipriu lietumi, purvu ar kitomis at\u0161iauriomis s\u0105lygomis. Spalvomis koduoti maitinimo laidai ir lengvai suprantamos instrukcijos rei\u0161kia, kad gal\u0117site j\u0105 paruo\u0161ti be joki\u0173 kli\u016b\u010di\u0173 ir v\u0117l m\u0117gautis kelione.<\/p>\n<\/li>\n<\/ul>\n<\/div>\n<div>\n<div>\n<div style=\"margin:16px 0px 24px;margin-bottom:24px;margin-top:16px;margin-left:0px;margin-right:0px\"><img decoding=\"async\" style=\"width:100%\" width=\"100%\" src=\"https:\/\/d2qc09rl1gfuof.cloudfront.net\/product\/DDGSSJPYXWXYMXBC5\/electric-winch-a100-1.11-pt.jpg\" slate-data-type=\"image\"\/><\/div>\n<\/div>\n<\/div>\n<\/div>\n<\/div>\n<\/div>\n<p><\/p>","protected":false},"excerpt":{"rendered":"<p>Hign-concerned Chemical:&nbsp;None Model Number:&nbsp;SEC16800T Origin:&nbsp;Mainland China Brand Name:&nbsp;VEVOR Type:&nbsp;Power Brand:&nbsp;VEVOR Material:&nbsp;Alloy Aluminum, Steel, Copper, Plastic (PPS and PA, etc.) Rated Line Pull Capacity:&nbsp;18000 lbs Cable Material:&nbsp;Steel, 19 Strands Voltage\/Horsepower:&nbsp;12V DC\/5.7<\/p>","protected":false},"featured_media":25348,"comment_status":"open","ping_status":"closed","template":"","meta":{"_acf_changed":false},"product_brand":[],"product_cat":[522],"product_tag":[],"class_list":{"0":"post-25347","1":"product","2":"type-product","3":"status-publish","4":"has-post-thumbnail","6":"product_cat-electric-winches","8":"first","9":"instock","10":"shipping-taxable","11":"purchasable","12":"product-type-variable"},"acf":[],"_links":{"self":[{"href":"https:\/\/electricstore.eu\/lt\/wp-json\/wp\/v2\/product\/25347","targetHints":{"allow":["GET"]}}],"collection":[{"href":"https:\/\/electricstore.eu\/lt\/wp-json\/wp\/v2\/product"}],"about":[{"href":"https:\/\/electricstore.eu\/lt\/wp-json\/wp\/v2\/types\/product"}],"replies":[{"embeddable":true,"href":"https:\/\/electricstore.eu\/lt\/wp-json\/wp\/v2\/comments?post=25347"}],"wp:featuredmedia":[{"embeddable":true,"href":"https:\/\/electricstore.eu\/lt\/wp-json\/wp\/v2\/media\/25348"}],"wp:attachment":[{"href":"https:\/\/electricstore.eu\/lt\/wp-json\/wp\/v2\/media?parent=25347"}],"wp:term":[{"taxonomy":"product_brand","embeddable":true,"href":"https:\/\/electricstore.eu\/lt\/wp-json\/wp\/v2\/product_brand?post=25347"},{"taxonomy":"product_cat","embeddable":true,"href":"https:\/\/electricstore.eu\/lt\/wp-json\/wp\/v2\/product_cat?post=25347"},{"taxonomy":"product_tag","embeddable":true,"href":"https:\/\/electricstore.eu\/lt\/wp-json\/wp\/v2\/product_tag?post=25347"}],"curies":[{"name":"wp","href":"https:\/\/api.w.org\/{rel}","templated":true}]}}