{"id":25319,"date":"2025-05-20T18:58:37","date_gmt":"2025-05-20T18:58:37","guid":{"rendered":"https:\/\/electricstore.eu\/p\/uncategorized\/vevor-1700lbs-2200lbs-wired-electric-hoist-crane-with-trolley-portable-lifter-overhead-winch-effort-elevator-for-garage-lifting\/"},"modified":"2025-05-20T18:59:43","modified_gmt":"2025-05-20T18:59:43","slug":"vevor-1700lbs-2200lbs-wired-electric-hoist-crane-with-trolley-portable-lifter-overhead-winch-effort-elevator-for-garage-lifting","status":"publish","type":"product","link":"https:\/\/electricstore.eu\/lt\/p\/o\/electric-lifting-hoists\/vevor-1700lbs-2200lbs-wired-electric-hoist-crane-with-trolley-portable-lifter-overhead-winch-effort-elevator-for-garage-lifting\/","title":{"rendered":"VEVOR 1700LBS\/2200LBS laidinis elektrinis keltuvas su ve\u017eim\u0117liu, ne\u0161iojamu keltuvu, vir\u0161utine gerve, pastang\u0173 liftu gara\u017eo k\u0117limui"},"content":{"rendered":"<div class=\"product-specs-list-container\">\n<ul class=\"product-specs-list util-clearfix\">\n<li class=\"product-prop line-limit-length\"><span\n                                        class=\"property-title\">Labai susir\u016bpinim\u0105 kelianti chemin\u0117 med\u017eiaga:&nbsp;<\/span><span\n                                        class=\"property-desc line-limit-length\">N\u0117ra<\/span>\n                            <\/li>\n<li class=\"product-prop line-limit-length\"><span\n                                        class=\"property-title\">Kilm\u0117:&nbsp;<\/span><span\n                                        class=\"property-desc line-limit-length\">\u017demynin\u0117 Kinija<\/span>\n                            <\/li>\n<li class=\"product-prop line-limit-length\"><span\n                                        class=\"property-title\">Prek\u0117s \u017eenklas:&nbsp;<\/span><span\n                                        class=\"property-desc line-limit-length\">VEVOR<\/span>\n                            <\/li>\n<li class=\"product-prop line-limit-length\"><span\n                                        class=\"property-title\">Vieno \/ dvigubo kabelio talpa:&nbsp;<\/span><span\n                                        class=\"property-desc line-limit-length\">1700 svar\u0173 \/ 220 svar\u0173<\/span>\n                            <\/li>\n<li class=\"product-prop line-limit-length\"><span\n                                        class=\"property-title\">1700 svar\u0173 galia:&nbsp;<\/span><span\n                                        class=\"property-desc line-limit-length\">1300 W<\/span>\n                            <\/li>\n<li class=\"product-prop line-limit-length\"><span\n                                        class=\"property-title\">2200 svar\u0173 galia:&nbsp;<\/span><span\n                                        class=\"property-desc line-limit-length\">1800 W<\/span>\n                            <\/li>\n<li class=\"product-prop line-limit-length\"><span\n                                        class=\"property-title\">Med\u017eiaga:&nbsp;<\/span><span\n                                        class=\"property-desc line-limit-length\">Plienas, ketus ir aliuminis<\/span>\n                            <\/li>\n<\/ul><\/div>\n<div class=\"detailmodule_html\">\n<div class=\"detail-desc-decorate-richtext\"><\/p>\n<div class=\"detailmodule_html\">\n<div class=\"detail-desc-decorate-richtext\">\n<div style=\"padding:20px;padding-bottom:20px;padding-top:20px;padding-left:20px;padding-right:20px\">\n<div style=\"text-align:center;width:100%\" align=\"center\"><img decoding=\"async\" src=\"https:\/\/vevor-bmp-prm.s3.ap-east-1.amazonaws.com\/default\/vevor-1.png\" slate-data-type=\"image\"\/><\/div>\n<div style=\"font-size:16px;font-weight:bold;line-height:36px\">Produkto apra\u0161ymas<\/div>\n<div style=\"width:100%\"><img decoding=\"async\" src=\"https:\/\/d2qc09rl1gfuof.cloudfront.net\/product\/DDHL800KGXCZH0001\/lift-electric-hoist-a100-1.4.jpg\" slate-data-type=\"image\"\/><\/div>\n<div style=\"margin-top:15px;display:flex\">\n<div style=\"width:33%\"><img decoding=\"async\" style=\"width:100%\" width=\"100%\" src=\"https:\/\/d2qc09rl1gfuof.cloudfront.net\/product\/DDHL800KGXCZH0001\/lift-electric-hoist-x1.jpg\" slate-data-type=\"image\"\/><\/div>\n<div style=\"padding:0px 15px;padding-bottom:0px;padding-top:0px;padding-left:15px;padding-right:15px;width:33%\">\n<div style=\"font-size:16px;font-weight:bold;line-height:36px\">1700 svar\u0173 elektrinis keltuvas su ve\u017eim\u0117liu<\/div>\n<div style=\"font-size:14px\"><\/div>\n<div style=\"font-size:14px\">1300 W varinis variklis, anti-sukimo plienin\u0117 viela ir didelis saugumas<\/div>\n<p>\u0160is universalus elektrinis keltuvas skirtas sunkiems kroviniams kelti ir perkelti. Plienin\u0117 konstrukcija ir gryno vario variklis u\u017etikrina jo patvarum\u0105 ir efektyvum\u0105. B\u0117gi\u0173 kelio plot\u012f galima reguliuoti pover\u017ele ir auk\u0161\u010diausios kokyb\u0117s ver\u017el\u0117mis. Tai idealus med\u017eiag\u0173 tvarkymo \u012frankis gamykloms, kasyklose, dokuose, sand\u0117liuose, preki\u0173 k\u0117limo aik\u0161tel\u0117se, statybviet\u0117se ir kitose vietose, kur reikia kelti ir perkelti sunkius krovinius.<\/p>\n<ul style=\"font-size:14px;background-color:rgb(243, 243, 243);border:1px solid rgb(204, 204, 204);margin-top:8px;padding:10px 40px;padding-bottom:10px;padding-top:10px;padding-left:40px;padding-right:40px\">\n<li>\n<p>Draugi\u0161kas ra\u0161telis<\/p>\n<\/li>\n<li>\n<p>Elektrinis keltuvas ir ve\u017eim\u0117lis gali b\u016bti skirtingose pakuot\u0117se ir pristatomi atskirai.<\/p>\n<\/li>\n<li>\n<p>Nesijaudinkite, VISAS siuntas gausite per pastar\u0105sias dienas po u\u017esakymo pateikimo.<\/p>\n<\/li>\n<li>\n<p>Premium klas\u0117s ve\u017eim\u0117lis<\/p>\n<\/li>\n<li>\n<p>1700 svar\u0173 keliamoji galia<\/p>\n<\/li>\n<li>\n<p>1300 W galingas variklis<\/p>\n<\/li>\n<li>\n<p>4,6 p\u0117d\u0173 valdymo laidas<\/p>\n<\/li>\n<li>\n<p>Saugi strukt\u016bra<\/p>\n<\/li>\n<\/ul>\n<\/div>\n<div style=\"border-left:1px solid rgb(204, 204, 204);padding:0px 15px;padding-bottom:0px;padding-top:0px;padding-left:15px;padding-right:15px;width:33%\">\n<div> <\/div>\n<div style=\"padding:0px 15px;padding-bottom:0px;padding-top:0px;padding-left:15px;padding-right:15px\">\n<div><img decoding=\"async\" style=\"width:100%\" width=\"100%\" src=\"https:\/\/www.jinlantrade.com\/ebay\/VEVOR\/vevor-2.png\" slate-data-type=\"image\"\/><\/div>\n<div style=\"font-size:14px;font-weight:bold;line-height:24px\">Tvirta \u012franga ir \u012frankiai, mok\u0117kite ma\u017eiau<\/div>\n<div style=\"font-size:12px;margin:8px 0px;margin-bottom:8px;margin-top:8px;margin-left:0px;margin-right:0px\">\u201eVEVOR\u201c yra pirmaujantis prek\u0117s \u017eenklas, kurio specializacija \u2013 \u012franga ir \u012frankiai. Tur\u0117dama t\u016bkstan\u010dius motyvuot\u0173 darbuotoj\u0173, \u201eVEVOR\u201c yra pasiry\u017eusi tiekti savo klientams tvirt\u0105 \u012frang\u0105 ir \u012frankius ne\u012ftik\u0117tinai ma\u017eomis kainomis. \u0160iandien \u201eVEVOR\u201c produktai parduodami daugiau nei 200 \u0161ali\u0173 ir region\u0173, o visame pasaulyje yra daugiau nei 10 milijon\u0173 nari\u0173.<\/div>\n<div style=\"font-size:14px;font-weight:bold;line-height:24px\">Kod\u0117l verta rinktis VEVOR?<\/div>\n<ul style=\"font-size:14px;background-color:rgb(243, 243, 243);border:1px solid rgb(204, 204, 204);margin-top:8px;padding:10px 40px;padding-bottom:10px;padding-top:10px;padding-left:40px;padding-right:40px\">\n<li>\n<p>Auk\u0161\u010diausios kokyb\u0117s tvirta kokyb\u0117<\/p>\n<\/li>\n<li>\n<p>Ne\u012ftik\u0117tinai ma\u017eos kainos<\/p>\n<\/li>\n<li>\n<p>Greitas ir saugus pristatymas<\/p>\n<\/li>\n<li>\n<p>30 dien\u0173 nemokamas gr\u0105\u017einimas<\/p>\n<\/li>\n<li>\n<p>D\u0117mesingas aptarnavimas vis\u0105 par\u0105<\/p>\n<\/li>\n<\/ul>\n<\/div>\n<\/div>\n<\/div>\n<div style=\"margin-top:30px\">\n<div style=\"font-size:16px;font-weight:bold;line-height:36px\">Pagrindin\u0117s savyb\u0117s<\/div>\n<div style=\"padding:30px;padding-bottom:30px;padding-top:30px;padding-left:30px;padding-right:30px\">\n<div>\n<div style=\"margin-top:15px;padding:0px 15px;padding-bottom:0px;padding-top:0px;padding-left:15px;padding-right:15px;display:inline-block;width:33%;box-sizing:border-box\">\n<div><img decoding=\"async\" style=\"width:100%\" width=\"100%\" src=\"https:\/\/d2qc09rl1gfuof.cloudfront.net\/product\/DDHL800KGXCZH0001\/lift-electric-hoist-m100-2.jpg\" slate-data-type=\"image\"\/> <\/div>\n<div style=\"font-size:16px;font-weight:bold;line-height:36px\">Didelio efektyvumo ve\u017eim\u0117lis<\/div>\n<div style=\"font-size:14px\">Elektrinis ve\u017eim\u0117lis turi kelias pover\u017eles b\u0117gi\u0173 plo\u010diui reguliuoti. Keturi gr\u016bdinti ratai yra tvirti ir patvar\u016bs, o sandar\u016bs guoliai u\u017etikrina ilg\u0105 tarnavimo laik\u0105 ir ma\u017eesn\u0119 prie\u017ei\u016bros poreik\u012f. Tinkamas plotis yra nuo 80 iki 110 mm (3\u20134,3 colio), darbinis greitis \u2013 13 m\/min (42,7 p\u0117dos\/min.).<\/div>\n<\/div>\n<div style=\"margin-top:15px;padding:0px 15px;padding-bottom:0px;padding-top:0px;padding-left:15px;padding-right:15px;display:inline-block;width:33%;box-sizing:border-box\">\n<div><img decoding=\"async\" style=\"width:100%\" width=\"100%\" src=\"https:\/\/d2qc09rl1gfuof.cloudfront.net\/product\/DDHL800KGXCZH0001\/lift-electric-hoist-m100-3.jpg\" slate-data-type=\"image\"\/> <\/div>\n<div style=\"font-size:16px;font-weight:bold;line-height:36px\">Gryno vario variklis<\/div>\n<div style=\"font-size:14px\">1300 W variniai varikliai, padengti aliuminio lydinio korpusu, yra patvar\u016bs ir atspar\u016bs korozijai, tod\u0117l elektrin\u0117 gerv\u0117 pasi\u017eymi dideliu efektyvumu ir ma\u017eu triuk\u0161mo lygiu. Be to, elektrin\u0117 gerv\u0117 gali nepertraukiamai dirbti ilg\u0105 laik\u0105, greitai spinduliuodama energij\u0105.<\/div>\n<\/div>\n<div style=\"margin-top:15px;padding:0px 15px;padding-bottom:0px;padding-top:0px;padding-left:15px;padding-right:15px;display:inline-block;width:33%;box-sizing:border-box\">\n<div><img decoding=\"async\" style=\"width:100%\" width=\"100%\" src=\"https:\/\/d2qc09rl1gfuof.cloudfront.net\/product\/DDHL800KGXCZH0001\/lift-electric-hoist-m100-4.jpg\" slate-data-type=\"image\"\/> <\/div>\n<div style=\"font-size:16px;font-weight:bold;line-height:36px\">Didel\u0117 apkrova<\/div>\n<div style=\"font-size:14px\">M\u016bs\u0173 elektrinis keltuvas atitinka \u012fvairius j\u016bs\u0173 tvirtumo ir kietumo reikalavimus. Keliamoji galia ir k\u0117limo greitis yra 1700 svar\u0173 \/ 800 kg, 880 svar\u0173 \/ 400 kg. Auk\u0161ta kokyb\u0117 patenkins j\u016bs\u0173 \u012fvairius poreikius.<\/div>\n<\/div>\n<div style=\"margin-top:15px;padding:0px 15px;padding-bottom:0px;padding-top:0px;padding-left:15px;padding-right:15px;display:inline-block;width:33%;box-sizing:border-box\">\n<div><img decoding=\"async\" style=\"width:100%\" width=\"100%\" src=\"https:\/\/d2qc09rl1gfuof.cloudfront.net\/product\/DDHL800KGXCZH0001\/lift-electric-hoist-m100-5.jpg\" slate-data-type=\"image\"\/> <\/div>\n<div style=\"font-size:16px;font-weight:bold;line-height:36px\">Nuotolinio valdymo pultas<\/div>\n<div style=\"font-size:14px\">Laidinis nuotolinio valdymo pultas turi mygtukus \u201eauk\u0161tyn\/\u017eemyn\u201c ir \u201ekair\u0117n\/de\u0161in\u0117n\u201c, skirtus valdyti keltuv\u0105 dideliu atstumu. Be to, yra avarinio stabdymo mygtukas, skirtas pagerinti saugum\u0105 veikimo metu.<\/div>\n<\/div>\n<div style=\"margin-top:15px;padding:0px 15px;padding-bottom:0px;padding-top:0px;padding-left:15px;padding-right:15px;display:inline-block;width:33%;box-sizing:border-box\">\n<div><img decoding=\"async\" style=\"width:100%\" width=\"100%\" src=\"https:\/\/d2qc09rl1gfuof.cloudfront.net\/product\/DDHL800KGXCZH0001\/lift-electric-hoist-m100-6.jpg\" slate-data-type=\"image\"\/> <\/div>\n<div style=\"font-size:16px;font-weight:bold;line-height:36px\">Saugumo dizainas<\/div>\n<div style=\"font-size:14px\">Ribinis jungiklis yra sumontuotas taip, kad variklis automati\u0161kai sustot\u0173 ir grandin\u0117s neper\u017eengt\u0173 ribos, tod\u0117l yra saugu. Mn plieno kablis su skl\u0105s\u010diu ir cinkuota plienine viela u\u017etikrina dvigub\u0105 apsaug\u0105.<\/div>\n<\/div>\n<div style=\"margin-top:15px;padding:0px 15px;padding-bottom:0px;padding-top:0px;padding-left:15px;padding-right:15px;display:inline-block;width:33%;box-sizing:border-box\">\n<div><img decoding=\"async\" style=\"width:100%\" width=\"100%\" src=\"https:\/\/d2qc09rl1gfuof.cloudfront.net\/product\/DDHL800KGXCZH0001\/lift-electric-hoist-m100-7.jpg\" slate-data-type=\"image\"\/> <\/div>\n<div style=\"font-size:16px;font-weight:bold;line-height:36px\">Platus naudojimas<\/div>\n<div style=\"font-size:14px\">\u0160is elektrinis keltuvas puikiai tinka kelti taisyklingos arba netaisyklingos formos daiktus, tokius kaip akmenys, med\u017eiai, vejapjov\u0117s, varikliai ir pan. Tod\u0117l jis pla\u010diai naudojamas automobili\u0173 gamyklose, statybviet\u0117se, logistikoje, sand\u0117liuose ir kt.<\/div>\n<\/div>\n<\/div>\n<\/div>\n<\/div>\n<div style=\"margin-top:15px;display:flex\">\n<div style=\"width:33%\"><img decoding=\"async\" style=\"width:100%\" width=\"100%\" src=\"https:\/\/d2qc09rl1gfuof.cloudfront.net\/product\/DDHL800KGXCZH0001\/lift-electric-hoist-a100-2.jpg\" slate-data-type=\"image\"\/><\/div>\n<div style=\"padding:0px 15px;padding-bottom:0px;padding-top:0px;padding-left:15px;padding-right:15px;width:33%\">\n<div style=\"font-size:16px;font-weight:bold;line-height:36px\">Specifikacijos<\/div>\n<ul style=\"font-size:14px;border:1px solid rgb(204, 204, 204);margin-top:8px;padding:10px 40px;padding-bottom:10px;padding-top:10px;padding-left:40px;padding-right:40px\">\n<li>\n<p>Elektrinis keltuvas<\/p>\n<\/li>\n<li>\n<p>Modelis: PA800<\/p>\n<\/li>\n<li>\n<p>Med\u017eiaga: ketus ir aliuminis<\/p>\n<\/li>\n<li>\n<p>\u012etampa: 220 V \/ 50 Hz<\/p>\n<\/li>\n<li>\n<p>Galia: 1300 W<\/p>\n<\/li>\n<li>\n<p>Nuotolinio valdymo pulto laidas: 1,4 m<\/p>\n<\/li>\n<li>\n<p>Valo skersmuo: 0,2 colio \/ 5,1 mm<\/p>\n<\/li>\n<li>\n<p>Kabelio ilgis: 12 m, 6 m<\/p>\n<\/li>\n<li>\n<p>Kabelio greitis: 40 p\u0117d\u0173\/min. (12 m\/min.), 20 p\u0117d\u0173\/min. (6 m\/min.)<\/p>\n<\/li>\n<li>\n<p>Nominali keliamoji galia: dviguba virv\u0117 1700 svar\u0173 \/ 800 kg, viena virv\u0117 880 svar\u0173 \/ 400 kg<\/p>\n<\/li>\n<li>\n<p>Gaminio dydis: 15,8 x 6 x 13,8 col. \/ 40 x 15 x 35 cm<\/p>\n<\/li>\n<li>\n<p>Grynasis svoris: 75 svarai \/ 34 kg<\/p>\n<\/li>\n<li>\n<p>Ve\u017eim\u0117lis<\/p>\n<\/li>\n<li>\n<p>Nominali apkrova: 2200 svar\u0173 \/ 1 t<\/p>\n<\/li>\n<li>\n<p>Darbinis greitis: 42,7 p\u0117d.\/min. (13 m\/min.)<\/p>\n<\/li>\n<li>\n<p>Standartinis darbinis auk\u0161tis: 3 m \/ 10 p\u0117d\u0173<\/p>\n<\/li>\n<li>\n<p>Tinkamas plotis: 80\u2013110 mm (3\u20134,3 colio)<\/p>\n<\/li>\n<\/ul>\n<\/div>\n<div style=\"border-left:1px solid rgb(204, 204, 204);padding:0px 15px;padding-bottom:0px;padding-top:0px;padding-left:15px;padding-right:15px;width:33%\">\n<div style=\"width:100%\"><img decoding=\"async\" style=\"width:100%\" width=\"100%\" src=\"https:\/\/d2qc09rl1gfuof.cloudfront.net\/product\/DDHL800KGXCZH0001\/lift-electric-hoist-a100-3.jpg\" slate-data-type=\"image\"\/><\/div>\n<div style=\"font-size:14px;font-weight:bold;line-height:24px\">Pakuot\u0117s turinys<\/div>\n<ul style=\"font-size:14px;background-color:rgb(243, 243, 243);border:1px solid rgb(204, 204, 204);margin-top:8px;padding:10px 40px;padding-bottom:10px;padding-top:10px;padding-left:40px;padding-right:40px\">\n<li>\n<p>1 x elektrinis keltuvas<\/p>\n<\/li>\n<li>\n<p>1 x Ve\u017eim\u0117lis<\/p>\n<\/li>\n<\/ul>\n<\/div>\n<\/div>\n<div> <\/div>\n<div>\n<div style=\"font-size:16px;font-weight:bold;line-height:36px\">Savyb\u0117s ir informacija<\/div>\n<ul style=\"font-size:14px;padding-left:40px\">\n<li>\n<p>Auk\u0161\u010diausios kokyb\u0117s ve\u017eim\u0117lis: komplektuojamas su elektriniu keltuvu ir ve\u017eim\u0117liu. \u0160is universalus gaminys puikiai tinka kelti ma\u017eus variklius, transmisijas, didelius dirbtuvi\u0173 \u012frankius ar statybines med\u017eiagas. Keturi\u0173 rat\u0173 ve\u017eim\u0117lis pagamintas i\u0161 Q235 plieno, kuris yra atsparus korozijai ir tvirtesnis. Reguliuojamas v\u0117\u017e\u0117s plotis be vargo atitinka \u012fvairius j\u016bs\u0173 poreikius. Tinkamas plotis yra nuo 80 iki 110 mm (3\u20134,3 colio).<\/p>\n<\/li>\n<li>\n<p>1700 svar\u0173 keliamoji galia: K\u0117limo ve\u017eim\u0117lis turi pakankamai keliamosios galios \u012fvairiems daiktams pakelti. Vienos virv\u0117s keliamoji galia: 880 svar\u0173 \/ 400 kg, 40 p\u0117d\u0173\/min. (12 m\/min.). Dviej\u0173 virvi\u0173 keliamoji galia: 1700 svar\u0173 \/ 800 kg, 20 p\u0117d\u0173\/min. (6 m\/min.). Ribinis jungiklis ir mangano plieno kablys sukurti taip, kad i\u0161vengt\u0173 staigaus kritimo. Dviguba virv\u0117 1700 svar\u0173 \/ 800 kg, viena virv\u0117 880 svar\u0173 \/ 400 kg.<\/p>\n<\/li>\n<li>\n<p>1300 W galingas variklis: auk\u0161tos kokyb\u0117s varinis variklis u\u017etikrina 1800 W gali\u0105, kad atlaikyt\u0173 didel\u0119 j\u0117g\u0105 be deformacijos ir pa\u017eeidim\u0173. Be to, didelis radiatoriaus ventiliatorius greitai au\u0161ina \u012frengin\u012f naudodamas apsaug\u0105 nuo perkaitimo. Taigi, \u0161is galingas variklis u\u017etikrina didel\u012f efektyvum\u0105 ir ma\u017e\u0105 triuk\u0161m\u0105.<\/p>\n<\/li>\n<li>\n<p>4,6 p\u0117dos valdymo laidas: M\u016bs\u0173 elektrinis keltuvas su nuotolinio valdymo pultu valdomas rankenos jungikliu. Laido ilgis: 4,6 p\u0117dos \/ 1,4 m. Valdykite keltuv\u0105 kilimo ir kritimo mygtukais dideliu atstumu. Be to, \u0161is jungiklis turi papildom\u0105 avarinio stabdymo mygtuk\u0105 saugumui u\u017etikrinti.<\/p>\n<\/li>\n<li>\n<p>Saugi konstrukcija: \u0160i elektrin\u0117 keltuvo gerv\u0117 pagaminta i\u0161 aliuminio lydinio korpuso ir cinkuotos plienin\u0117s vielos, tod\u0117l yra atspari erozijai, r\u016bdims ir lietui. Plienin\u0117s virv\u0117s ilgis: 30 m; skersmuo: 5,1 mm. D\u0117l \u0161ios patogios konstrukcijos \u012frengin\u012f galite naudoti ilg\u0105 laik\u0105.<\/p>\n<\/li>\n<\/ul>\n<\/div>\n<\/div>\n<\/div>\n<\/div>\n<p><\/p>\n<\/div>\n<\/div>\n<p><\/p>","protected":false},"excerpt":{"rendered":"<p>Hign-concerned Chemical:&nbsp;None Origin:&nbsp;Mainland China Brand Name:&nbsp;VEVOR Capacity of Single\/Double Cable:&nbsp;1700 lbs\/220 LBS 1700 LBS Power:&nbsp;1300W 2200 LBS Power:&nbsp;1800W Material:&nbsp;Steel,Cast Iron &amp; Aluminum Product Description 1700lbs Electric Hoist With Trolley 1300W<\/p>","protected":false},"featured_media":25321,"comment_status":"open","ping_status":"closed","template":"","meta":{"_acf_changed":false},"product_brand":[],"product_cat":[517],"product_tag":[],"class_list":{"0":"post-25319","1":"product","2":"type-product","3":"status-publish","4":"has-post-thumbnail","6":"product_cat-electric-lifting-hoists","8":"first","9":"instock","10":"shipping-taxable","11":"purchasable","12":"product-type-variable"},"acf":[],"_links":{"self":[{"href":"https:\/\/electricstore.eu\/lt\/wp-json\/wp\/v2\/product\/25319","targetHints":{"allow":["GET"]}}],"collection":[{"href":"https:\/\/electricstore.eu\/lt\/wp-json\/wp\/v2\/product"}],"about":[{"href":"https:\/\/electricstore.eu\/lt\/wp-json\/wp\/v2\/types\/product"}],"replies":[{"embeddable":true,"href":"https:\/\/electricstore.eu\/lt\/wp-json\/wp\/v2\/comments?post=25319"}],"wp:featuredmedia":[{"embeddable":true,"href":"https:\/\/electricstore.eu\/lt\/wp-json\/wp\/v2\/media\/25321"}],"wp:attachment":[{"href":"https:\/\/electricstore.eu\/lt\/wp-json\/wp\/v2\/media?parent=25319"}],"wp:term":[{"taxonomy":"product_brand","embeddable":true,"href":"https:\/\/electricstore.eu\/lt\/wp-json\/wp\/v2\/product_brand?post=25319"},{"taxonomy":"product_cat","embeddable":true,"href":"https:\/\/electricstore.eu\/lt\/wp-json\/wp\/v2\/product_cat?post=25319"},{"taxonomy":"product_tag","embeddable":true,"href":"https:\/\/electricstore.eu\/lt\/wp-json\/wp\/v2\/product_tag?post=25319"}],"curies":[{"name":"wp","href":"https:\/\/api.w.org\/{rel}","templated":true}]}}