{"id":25293,"date":"2025-05-20T18:58:30","date_gmt":"2025-05-20T18:58:30","guid":{"rendered":"https:\/\/electricstore.eu\/p\/uncategorized\/vevor-1100lbs-1500w-electric-hoist-winch-3-in-1-portable-power-winch-crane-with-wireless-remote-control-for-overload-protection\/"},"modified":"2025-05-20T18:59:22","modified_gmt":"2025-05-20T18:59:22","slug":"vevor-1100lbs-1500w-electric-hoist-winch-3-in-1-portable-power-winch-crane-with-wireless-remote-control-for-overload-protection","status":"publish","type":"product","link":"https:\/\/electricstore.eu\/lt\/p\/o\/electric-lifting-hoists\/vevor-1100lbs-1500w-electric-hoist-winch-3-in-1-portable-power-winch-crane-with-wireless-remote-control-for-overload-protection\/","title":{"rendered":"VEVOR 1100lbs 1500W elektrinis keltuvas 3 viename ne\u0161iojamas elektrinis kranas su belaid\u017eiu nuotolinio valdymo pultu apsaugai nuo perkrovos"},"content":{"rendered":"<div class=\"product-specs-list-container\">\n<ul class=\"product-specs-list util-clearfix\">\n<li class=\"product-prop line-limit-length\"><span\n                                        class=\"property-title\">Labai susir\u016bpinim\u0105 kelianti chemin\u0117 med\u017eiaga:&nbsp;<\/span><span\n                                        class=\"property-desc line-limit-length\">N\u0117ra<\/span>\n                            <\/li>\n<li class=\"product-prop line-limit-length\"><span\n                                        class=\"property-title\">Kilm\u0117:&nbsp;<\/span><span\n                                        class=\"property-desc line-limit-length\">\u017demynin\u0117 Kinija<\/span>\n                            <\/li>\n<li class=\"product-prop line-limit-length\"><span\n                                        class=\"property-title\">Prek\u0117s \u017eenklas:&nbsp;<\/span><span\n                                        class=\"property-desc line-limit-length\">VEVOR<\/span>\n                            <\/li>\n<\/ul><\/div>\n<p><\/p>\n<div class=\"detailmodule_html\">\n<div class=\"detail-desc-decorate-richtext\">\n<div style=\"font-family:&quot;Open sans&quot;, Arial, Helvetica, sans-serif\">\n<div style=\"font-family:&quot;Open sans&quot;, Arial, Helvetica, sans-serif\"><img decoding=\"async\" style=\"width:100%\" width=\"100%\" src=\"https:\/\/d2qc09rl1gfuof.cloudfront.net\/vevor\/boutique-banner\/pc\/banner-en.jpg\" slate-data-type=\"image\"\/><\/div>\n<div style=\"font-family:&quot;Open sans&quot;, Arial, Helvetica, sans-serif\">\n<div style=\"font-size:16px;font-weight:bold;text-align:center;color:rgb(34, 34, 34);margin:24px 0px;margin-bottom:24px;margin-top:24px;margin-left:0px;margin-right:0px\" align=\"center\">VEVOR ne\u0161iojama elektrin\u0117 keltuvo gerv\u0117<\/div>\n<div><img decoding=\"async\" style=\"width:100%\" width=\"100%\" src=\"https:\/\/d2qc09rl1gfuof.cloudfront.net\/product\/BXSDDHL1100BE27PC\/electric-hoist-a100-1.4.jpg\" slate-data-type=\"image\"\/><\/div>\n<div style=\"font-size:14px;text-align:center;color:rgb(34, 34, 34);margin:16px 0px 24px;margin-bottom:24px;margin-top:16px;margin-left:0px;margin-right:0px\" align=\"center\">M\u016bs\u0173 elektrin\u0117 gerv\u0117 sukurta patogumui. Tiesiog paimkite j\u0105, prijunkite ir galite kelti! Nesvarbu, ar esate viduje, ar lauke, ji lengvai pakelia iki 1100 svar\u0173 sverian\u010dius krovinius.<\/div>\n<\/div>\n<div style=\"font-family:&quot;Open sans&quot;, Arial, Helvetica, sans-serif\">\n<div>\u00a0<\/div>\n<div style=\"margin:8px 0px;margin-bottom:8px;margin-top:8px;margin-left:0px;margin-right:0px\"><img decoding=\"async\" style=\"width:100%\" width=\"100%\" src=\"https:\/\/d2qc09rl1gfuof.cloudfront.net\/product\/BXSDDHL1100BE27PC\/electric-hoist-a100-2.2.jpg\" slate-data-type=\"image\"\/><\/div>\n<div style=\"font-size:14px;text-align:center;color:rgb(34, 34, 34);margin:16px 0px 24px;margin-bottom:24px;margin-top:16px;margin-left:0px;margin-right:0px\" align=\"center\">Rinkit\u0117s i\u0161 3 m\u016bs\u0173 ne\u0161iojamos elektrin\u0117s gerv\u0117s valdymo variant\u0173. Rankin\u012f valdym\u0105 naudokite greitiems darbams netoliese atlikti, 19 p\u0117d\u0173 laidin\u012f nuotolinio valdymo pult\u0105 \u2013 vidutinio nuotolio darbams arba pasinaudokite m\u016bs\u0173 200 p\u0117d\u0173 belaid\u017eio valdymo laisve.<\/div>\n<\/div>\n<div style=\"font-family:&quot;Open sans&quot;, Arial, Helvetica, sans-serif\">\n<div>\u00a0<\/div>\n<div style=\"margin:8px 0px;margin-bottom:8px;margin-top:8px;margin-left:0px;margin-right:0px\"><img decoding=\"async\" style=\"width:100%\" width=\"100%\" src=\"https:\/\/d2qc09rl1gfuof.cloudfront.net\/product\/BXSDDHL1100BE27PC\/electric-hoist-a100-2.3.jpg\" slate-data-type=\"image\"\/><\/div>\n<div style=\"font-size:14px;text-align:center;color:rgb(34, 34, 34);margin:16px 0px 24px;margin-bottom:24px;margin-top:16px;margin-left:0px;margin-right:0px\" align=\"center\">Padidinkite efektyvum\u0105 su m\u016bs\u0173 krano su gerve auk\u0161\u010diausios kokyb\u0117s variniu varikliu ir aliuminio pavar\u0173 d\u0117\u017ee. Svarbu ne tik galia \u2013 tai apie 1500 W skland\u017eiai veikian\u010dios, v\u0117siai veikian\u010dios j\u0117gos, puikiai tinkan\u010dios ilgiems k\u0117limo seansams.<\/div>\n<\/div>\n<div style=\"font-family:&quot;Open sans&quot;, Arial, Helvetica, sans-serif\">\n<div>\u00a0<\/div>\n<div style=\"margin:8px 0px;margin-bottom:8px;margin-top:8px;margin-left:0px;margin-right:0px\"><img decoding=\"async\" style=\"width:100%\" width=\"100%\" src=\"https:\/\/d2qc09rl1gfuof.cloudfront.net\/product\/BXSDDHL1100BE27PC\/electric-hoist-a100-2.4.jpg\" slate-data-type=\"image\"\/><\/div>\n<div style=\"font-size:14px;text-align:center;color:rgb(34, 34, 34);margin:16px 0px 24px;margin-bottom:24px;margin-top:16px;margin-left:0px;margin-right:0px\" align=\"center\">Kurdami elektrin\u012f keltuvo lyn\u0105, nu\u0117jome dar toliau. Joki\u0173 \u012fprast\u0173 vingi\u0173 \u2013 m\u016bs\u0173 storas, cinkuotas plieninis lynas sukurtas stabilumui ir saugumui u\u017etikrinti, u\u017etikrinant, kad j\u016bs\u0173 kroviniai kilt\u0173 skland\u017eiai.<\/div>\n<\/div>\n<div style=\"font-family:&quot;Open sans&quot;, Arial, Helvetica, sans-serif\">\n<div>\u00a0<\/div>\n<div style=\"margin:8px 0px;margin-bottom:8px;margin-top:8px;margin-left:0px;margin-right:0px\"><img decoding=\"async\" style=\"width:100%\" width=\"100%\" src=\"https:\/\/d2qc09rl1gfuof.cloudfront.net\/product\/BXSDDHL1100BE27PC\/electric-hoist-a100-2.5.jpg\" slate-data-type=\"image\"\/><\/div>\n<div style=\"font-size:14px;text-align:center;color:rgb(34, 34, 34);margin:16px 0px 24px;margin-bottom:24px;margin-top:16px;margin-left:0px;margin-right:0px\" align=\"center\">Viduje, lauke, auk\u0161tai ar skersai \u2013 m\u016bs\u0173 ne\u0161iojama gerv\u0117 yra j\u016bs\u0173 pasirinkimas, norint lengvai perkelti bet k\u0105 ir bet kur. Atsisveikinkite su sunkiu darbu ir pasisveikinkite su lengvu k\u0117limu.<\/div>\n<\/div>\n<div style=\"margin:16px 0px 24px;margin-bottom:24px;margin-top:16px;margin-left:0px;margin-right:0px\"><\/div>\n<div style=\"margin:24px 0px;margin-bottom:24px;margin-top:24px;margin-left:0px;margin-right:0px\">\n<div style=\"font-size:16px;font-weight:bold;color:rgb(34, 34, 34);margin:24px 0px 16px;margin-bottom:16px;margin-top:24px;margin-left:0px;margin-right:0px\">Savyb\u0117s ir informacija<\/div>\n<ul style=\"margin:16px 0px 24px;margin-bottom:24px;margin-top:16px;margin-left:0px;margin-right:0px\">\n<li style=\"font-size:14px;color:rgb(34, 34, 34)\">\n<p>3 viename valdymo metodai: susipa\u017einkite su m\u016bs\u0173 universaliu elektriniu keltuvu su 3 valdymo re\u017eimais. I\u0161bandykite rankin\u012f valdym\u0105, kad gal\u0117tum\u0117te greitai pakelti sunkius krovinius trumpais atstumais. 19 p\u0117d\u0173 laidinis nuotolinio valdymo pultas yra j\u016bs\u0173 patikimas pagalbininkas kelti sunkius krovinius netoliese. Arba galite pakelti didelius atstumus su m\u016bs\u0173 200 p\u0117d\u0173 belaid\u017eiu nuotolinio valdymo pultu \u2013 puikiai tinkantis auk\u0161tiems keliamiems darbams. PASTABA: Pirm\u0105 kart\u0105 naudojant, neva\u017eiuokite be krovinio!<\/p>\n<\/li>\n<li style=\"font-size:14px;color:rgb(34, 34, 34)\">\n<p>200 p\u0117d\u0173 belaidis nuotolinio valdymo pultas: m\u016bs\u0173 elektrin\u0117s keltuvo gerv\u0117s belaidis nuotolinio valdymo pultas pasiekia \u012fsp\u016bding\u0105 200 p\u0117d\u0173 atstum\u0105. Turint du pridedamus valdiklius (ir galimyb\u0119 prid\u0117ti dar tris), komandinis k\u0117limas dar niekada nebuvo toks paprastas. Nesvarbu, ar keliate variklius, ar prekes sand\u0117liuose, mes pasir\u016bpinsime jumis tomis auk\u0161tai ir toli esan\u010diomis u\u017eduotimis.<\/p>\n<\/li>\n<li style=\"font-size:14px;color:rgb(34, 34, 34)\">\n<p>1500 W didel\u0117 galia: Pasinaudokite m\u016bs\u0173 ne\u0161iojamos elektrin\u0117s gerv\u0117s 1500 W varikliu \u2013 tai j\u0117gos ir grei\u010dio balansas. \u0160is keltuvas, galintis kelti iki 13 p\u0117d\u0173\/min. grei\u010diu ir pasiekti 22,9 p\u0117d\u0173 auk\u0161t\u012f, pasi\u017eymi efektyvia galia. Be to, m\u016bs\u0173 v\u0117siai veikianti pavar\u0173 d\u0117\u017e\u0117 rei\u0161kia, kad esate pasiruo\u0161\u0119 ilgam ir patvariam transportavimui.<\/p>\n<\/li>\n<li style=\"font-size:14px;color:rgb(34, 34, 34)\">\n<p>Kosmoso klas\u0117s med\u017eiaga: M\u016bs\u0173 krano su gerve tvirtumas dera su rafinuotumu \u2013 tai aviacijos ir kosmoso klas\u0117s cinkuotas plieninis lynas. Atsisveikinkite su susisukimais ir raizginiais ir pasisveikinkite su patvarumu, kuris gali atlaikyti iki 1520 MPa tempiam\u0105j\u012f stipr\u012f. Svarbiausia \u2013 kelti u\u017etikrintai ir ramiai.<\/p>\n<\/li>\n<li style=\"font-size:14px;color:rgb(34, 34, 34)\">\n<p>Didelio stiprumo k\u0117limo kablys: M\u016bs\u0173 ne\u0161iojamosios gerv\u0117s didelio stiprumo k\u0117limo kablys kei\u010dia \u017eaidimo taisykles. Galintis pakelti iki 1100 svar\u0173 (apie 530 kg), jis yra nepaprastai tvirtas. Su 360\u00b0 sukimosi kampu ir tvirtu apsauginiu fiksatoriumi j\u016bs\u0173 kroviniai i\u0161lieka saug\u016bs ir manevringi. Tad pirmyn, kelkite t\u0105 jaut\u012f (ar bet k\u0105 kit\u0105) lengvai!<\/p>\n<\/li>\n<\/ul>\n<\/div>\n<div>\n<div>\u00a0<\/div>\n<div>\n<div>\u00a0<\/div>\n<div style=\"margin:16px 0px 24px;margin-bottom:24px;margin-top:16px;margin-left:0px;margin-right:0px\"><strong>500-A rankinis \/ laidinis \/ belaidis<\/strong><\/div>\n<div style=\"margin:16px 0px 24px;margin-bottom:24px;margin-top:16px;margin-left:0px;margin-right:0px\"><img decoding=\"async\" style=\"width:100%\" width=\"100%\" src=\"https:\/\/d2qc09rl1gfuof.cloudfront.net\/product\/BXSDDHL1100BE27PC\/electric-hoist-a100-1.11.jpg\" slate-data-type=\"image\"\/><\/div>\n<\/div>\n<\/div>\n<div style=\"font-family:&quot;Open sans&quot;, Arial, Helvetica, sans-serif\">\n<div>\u00a0<\/div>\n<div>\n<div style=\"margin:16px 0px 24px;margin-bottom:24px;margin-top:16px;margin-left:0px;margin-right:0px\"><span style=\"font-family:&quot;Microsoft YaHei&quot;\"><span style=\"font-family:&quot;Open sans&quot;, Arial, Helvetica, sans-serif\"><strong>500-B <\/strong><\/span><\/span><span style=\"font-family:&quot;Microsoft YaHei&quot;\"><strong>Rankinis \/ belaidis<\/strong><\/span><\/div>\n<div style=\"margin:16px 0px 24px;margin-bottom:24px;margin-top:16px;margin-left:0px;margin-right:0px\"><img decoding=\"async\" style=\"width:100%\" width=\"100%\" src=\"https:\/\/d2qc09rl1gfuof.cloudfront.net\/product\/BXSDDHL1100BF7XB2\/electric-hoist-a100-1.11.jpg\" slate-data-type=\"image\"\/><\/div>\n<\/div>\n<\/div>\n<div style=\"font-family:&quot;Open sans&quot;, Arial, Helvetica, sans-serif\">\n<div>\u00a0<\/div>\n<div>\n<div style=\"margin:16px 0px 24px;margin-bottom:24px;margin-top:16px;margin-left:0px;margin-right:0px\"><span style=\"font-family:&quot;Microsoft YaHei&quot;\"><span style=\"font-family:&quot;Open sans&quot;, Arial, Helvetica, sans-serif\"><strong>500-C <\/strong><\/span><\/span><span style=\"font-family:&quot;Microsoft YaHei&quot;\"><strong>Rankinis\/laidinis<\/strong><\/span><\/div>\n<div style=\"margin:16px 0px 24px;margin-bottom:24px;margin-top:16px;margin-left:0px;margin-right:0px\"><img decoding=\"async\" style=\"width:100%\" width=\"100%\" src=\"https:\/\/d2qc09rl1gfuof.cloudfront.net\/product\/BXSDDHL1100BSJQDB\/electric-hoist-a100-1.11.jpg\" slate-data-type=\"image\"\/><\/div>\n<\/div>\n<\/div>\n<\/div>\n<p><\/div>\n<\/div>\n<p><\/p>","protected":false},"excerpt":{"rendered":"<p>Hign-concerned Chemical:&nbsp;None Origin:&nbsp;Mainland China Brand Name:&nbsp;VEVOR VEVOR Portable Electric Hoist Winch Our electric hoist winch is all about convenience. Grab it, plug it, and you&#x27;re set to lift! Whether you&#x27;re<\/p>","protected":false},"featured_media":25294,"comment_status":"open","ping_status":"closed","template":"","meta":{"_acf_changed":false},"product_brand":[],"product_cat":[517],"product_tag":[],"class_list":{"0":"post-25293","1":"product","2":"type-product","3":"status-publish","4":"has-post-thumbnail","6":"product_cat-electric-lifting-hoists","8":"first","9":"instock","10":"shipping-taxable","11":"purchasable","12":"product-type-variable"},"acf":[],"_links":{"self":[{"href":"https:\/\/electricstore.eu\/lt\/wp-json\/wp\/v2\/product\/25293","targetHints":{"allow":["GET"]}}],"collection":[{"href":"https:\/\/electricstore.eu\/lt\/wp-json\/wp\/v2\/product"}],"about":[{"href":"https:\/\/electricstore.eu\/lt\/wp-json\/wp\/v2\/types\/product"}],"replies":[{"embeddable":true,"href":"https:\/\/electricstore.eu\/lt\/wp-json\/wp\/v2\/comments?post=25293"}],"wp:featuredmedia":[{"embeddable":true,"href":"https:\/\/electricstore.eu\/lt\/wp-json\/wp\/v2\/media\/25294"}],"wp:attachment":[{"href":"https:\/\/electricstore.eu\/lt\/wp-json\/wp\/v2\/media?parent=25293"}],"wp:term":[{"taxonomy":"product_brand","embeddable":true,"href":"https:\/\/electricstore.eu\/lt\/wp-json\/wp\/v2\/product_brand?post=25293"},{"taxonomy":"product_cat","embeddable":true,"href":"https:\/\/electricstore.eu\/lt\/wp-json\/wp\/v2\/product_cat?post=25293"},{"taxonomy":"product_tag","embeddable":true,"href":"https:\/\/electricstore.eu\/lt\/wp-json\/wp\/v2\/product_tag?post=25293"}],"curies":[{"name":"wp","href":"https:\/\/api.w.org\/{rel}","templated":true}]}}