{"id":25283,"date":"2025-05-20T18:58:26","date_gmt":"2025-05-20T18:58:26","guid":{"rendered":"https:\/\/electricstore.eu\/p\/uncategorized\/vevor-300kg-electric-hoist-lifting-crane-cable-hoist-winch-for-boat-car-garage-elevator-with-wired-remote-control-lifter\/"},"modified":"2025-05-20T18:59:06","modified_gmt":"2025-05-20T18:59:06","slug":"vevor-300kg-electric-hoist-lifting-crane-cable-hoist-winch-for-boat-car-garage-elevator-with-wired-remote-control-lifter","status":"publish","type":"product","link":"https:\/\/electricstore.eu\/lt\/p\/o\/electric-lifting-hoists\/vevor-300kg-electric-hoist-lifting-crane-cable-hoist-winch-for-boat-car-garage-elevator-with-wired-remote-control-lifter\/","title":{"rendered":"VEVOR 300 kg elektrinis keltuvas, k\u0117limo kranas, trosinis keltuvas val\u010di\u0173, automobili\u0173 gara\u017e\u0173 liftams su laidiniu nuotolinio valdymo pultu"},"content":{"rendered":"<div class=\"product-specs-list-container\">\n<ul class=\"product-specs-list util-clearfix\">\n<li class=\"product-prop line-limit-length\"><span\n                                        class=\"property-title\">Labai susir\u016bpinim\u0105 kelianti chemin\u0117 med\u017eiaga:&nbsp;<\/span><span\n                                        class=\"property-desc line-limit-length\">N\u0117ra<\/span>\n                            <\/li>\n<li class=\"product-prop line-limit-length\"><span\n                                        class=\"property-title\">Kilm\u0117:&nbsp;<\/span><span\n                                        class=\"property-desc line-limit-length\">\u017demynin\u0117 Kinija<\/span>\n                            <\/li>\n<li class=\"product-prop line-limit-length\"><span\n                                        class=\"property-title\">Prek\u0117s \u017eenklas:&nbsp;<\/span><span\n                                        class=\"property-desc line-limit-length\">VEVOR<\/span>\n                            <\/li>\n<\/ul><\/div>\n<div class=\"detailmodule_dynamic\"><kse:widget data-widget-type=\"customText\" id=\"1005000000572806\" type=\"relation\"><\/kse:widget><\/div>\n<div class=\"detailmodule_html\">\n<div class=\"detail-desc-decorate-richtext\">\n<div style=\"padding:20px;padding-bottom:20px;padding-top:20px;padding-left:20px;padding-right:20px\">\n<div style=\"text-align:center;width:100%\" align=\"center\"><img decoding=\"async\" src=\"https:\/\/vevor-bmp-prm.s3.ap-east-1.amazonaws.com\/default\/vevor-1.png\" slate-data-type=\"image\"\/><\/div>\n<div style=\"font-size:16px;font-weight:bold;line-height:36px\">Produkto apra\u0161ymas<\/div>\n<div style=\"width:100%\"><img decoding=\"async\" src=\"https:\/\/d2qc09rl1gfuof.cloudfront.net\/product\/DDHLPA30000000001\/lift-electric-hoist-a100-1.4.jpg\" slate-data-type=\"image\"\/><\/div>\n<div style=\"margin-top:15px;display:flex\">\n<div style=\"width:33%\"><img decoding=\"async\" style=\"width:100%\" width=\"100%\" src=\"https:\/\/d2qc09rl1gfuof.cloudfront.net\/product\/DDHLPA30000000001\/lift-electric-hoist-x1.jpg\" slate-data-type=\"image\"\/><\/div>\n<div style=\"padding:0px 15px;padding-bottom:0px;padding-top:0px;padding-left:15px;padding-right:15px;width:33%\">\n<div style=\"font-size:16px;font-weight:bold;line-height:36px\">660LBS elektrinis keltuvas<\/div>\n<div style=\"font-size:14px\"><\/div>\n<div style=\"font-size:14px\">550 W varinis variklis, anti-sukimo plienin\u0117 viela ir didelis saugumas<\/div>\n<ul style=\"font-size:14px;background-color:rgb(243, 243, 243);border:1px solid rgb(204, 204, 204);margin-top:8px;padding:10px 40px;padding-bottom:10px;padding-top:10px;padding-left:40px;padding-right:40px\">\n<li>\n<p>\u0160is elektrinis keltuvas skirtas sunkiems kroviniams kelti ir perkelti. Plienin\u0117 konstrukcija ir gryno vario variklis u\u017etikrina jo patvarum\u0105 ir efektyvum\u0105. Keltuv\u0105 galima naudoti su vienos virv\u0117s 150 kg keliam\u0105ja galia arba su dviem virv\u0117mis, kuri\u0173 keliamoji galia yra 300 kg. Tai idealus \u012frankis gamykloms, dokams, sand\u0117liams, preki\u0173 k\u0117limui, statybviet\u0117ms ir kitoms vietoms.<\/p>\n<\/li>\n<li>\n<p>660 svar\u0173 keliamoji galia<\/p>\n<\/li>\n<li>\n<p>550 W galingas variklis<\/p>\n<\/li>\n<li>\n<p>3,9 p\u0117d\u0173 valdymo laidas<\/p>\n<\/li>\n<li>\n<p>Auk\u0161\u010diausios kokyb\u0117s strukt\u016bra<\/p>\n<\/li>\n<\/ul>\n<\/div>\n<div style=\"border-left:1px solid rgb(204, 204, 204);padding:0px 15px;padding-bottom:0px;padding-top:0px;padding-left:15px;padding-right:15px;width:33%\">\n<div>\u00a0<\/div>\n<div style=\"padding:0px 15px;padding-bottom:0px;padding-top:0px;padding-left:15px;padding-right:15px\">\n<div><img decoding=\"async\" style=\"width:100%\" width=\"100%\" src=\"https:\/\/vevor-bmp-prm.s3.ap-east-1.amazonaws.com\/default\/vevor-2.jpg\" slate-data-type=\"image\"\/><\/div>\n<div style=\"font-size:14px;font-weight:bold;line-height:24px\">Tvirta \u012franga ir \u012frankiai, mok\u0117kite ma\u017eiau<\/div>\n<div style=\"font-size:12px;margin:8px 0px;margin-bottom:8px;margin-top:8px;margin-left:0px;margin-right:0px\">\u201eVEVOR\u201c yra pirmaujantis prek\u0117s \u017eenklas, kurio specializacija \u2013 \u012franga ir \u012frankiai. Tur\u0117dama t\u016bkstan\u010dius motyvuot\u0173 darbuotoj\u0173, \u201eVEVOR\u201c yra pasiry\u017eusi tiekti savo klientams tvirt\u0105 \u012frang\u0105 ir \u012frankius ne\u012ftik\u0117tinai ma\u017eomis kainomis. \u0160iandien \u201eVEVOR\u201c produktai parduodami daugiau nei 200 \u0161ali\u0173 ir region\u0173, o visame pasaulyje yra daugiau nei 10 milijon\u0173 nari\u0173.<\/div>\n<div style=\"font-size:14px;font-weight:bold;line-height:24px\">Kod\u0117l verta rinktis VEVOR?<\/div>\n<ul style=\"font-size:14px;background-color:rgb(243, 243, 243);border:1px solid rgb(204, 204, 204);margin-top:8px;padding:10px 40px;padding-bottom:10px;padding-top:10px;padding-left:40px;padding-right:40px\">\n<li>\n<p>Auk\u0161\u010diausios kokyb\u0117s tvirta kokyb\u0117<\/p>\n<\/li>\n<li>\n<p>Ne\u012ftik\u0117tinai ma\u017eos kainos<\/p>\n<\/li>\n<li>\n<p>Greitas ir saugus pristatymas<\/p>\n<\/li>\n<li>\n<p>30 dien\u0173 nemokamas gr\u0105\u017einimas<\/p>\n<\/li>\n<li>\n<p>D\u0117mesingas aptarnavimas vis\u0105 par\u0105<\/p>\n<\/li>\n<\/ul>\n<\/div>\n<\/div>\n<\/div>\n<div style=\"margin-top:30px\">\n<div style=\"font-size:16px;font-weight:bold;line-height:36px\">Pagrindin\u0117s savyb\u0117s<\/div>\n<div style=\"padding:30px;padding-bottom:30px;padding-top:30px;padding-left:30px;padding-right:30px\">\n<div>\n<div style=\"margin-top:15px;padding:0px 15px;padding-bottom:0px;padding-top:0px;padding-left:15px;padding-right:15px;display:inline-block;width:33%;box-sizing:border-box\">\n<div><img decoding=\"async\" style=\"width:100%\" width=\"100%\" src=\"https:\/\/d2qc09rl1gfuof.cloudfront.net\/product\/DDHLPA30000000001\/lift-electric-hoist-m100-2.jpg\" slate-data-type=\"image\"\/><\/div>\n<div style=\"font-size:16px;font-weight:bold;line-height:36px\">Didel\u0117 apkrova<\/div>\n<div style=\"font-size:14px\">M\u016bs\u0173 elektrinis keltuvas atitinka \u012fvairius j\u016bs\u0173 tvirtumo ir kietumo reikalavimus. Vienos linijos keliamoji galia ir greitis yra 330 svar\u0173 \/ 150 kg, 32,8 p\u0117dos\/min. (10 m\/min.). Dviej\u0173 linij\u0173 keliamoji galia ir greitis yra 660 svar\u0173 \/ 300 kg, 16,4 p\u0117dos\/min. (5 m\/min.).<\/div>\n<\/div>\n<div style=\"margin-top:15px;padding:0px 15px;padding-bottom:0px;padding-top:0px;padding-left:15px;padding-right:15px;display:inline-block;width:33%;box-sizing:border-box\">\n<div><img decoding=\"async\" style=\"width:100%\" width=\"100%\" src=\"https:\/\/d2qc09rl1gfuof.cloudfront.net\/product\/DDHLPA30000000001\/lift-electric-hoist-m100-3.jpg\" slate-data-type=\"image\"\/><\/div>\n<div style=\"font-size:16px;font-weight:bold;line-height:36px\">Rankenos jungiklis<\/div>\n<div style=\"font-size:14px\">\u0160io keltuvo laidinis nuotolinio valdymo pultas valdomas ranken\u0117l\u0117s jungikliu. Paspaudus auk\u0161tyn, keltuvas juda auk\u0161tyn, o atvirk\u0161\u010diai \u2013 \u017eemyn. Ma\u017edaug 1,2 m ilgio kabelis leid\u017eia valdyti keltuv\u0105 tam tikru atstumu.<\/div>\n<\/div>\n<div style=\"margin-top:15px;padding:0px 15px;padding-bottom:0px;padding-top:0px;padding-left:15px;padding-right:15px;display:inline-block;width:33%;box-sizing:border-box\">\n<div><img decoding=\"async\" style=\"width:100%\" width=\"100%\" src=\"https:\/\/d2qc09rl1gfuof.cloudfront.net\/product\/DDHLPA30000000001\/lift-electric-hoist-m100-4.jpg\" slate-data-type=\"image\"\/><\/div>\n<div style=\"font-size:16px;font-weight:bold;line-height:36px\">Auk\u0161tos kokyb\u0117s varinis variklis<\/div>\n<div style=\"font-size:14px\">Elektrin\u0117 gerv\u0117 turi 550 W gryno vario varikl\u012f, kuris pasi\u017eymi dideliu efektyvumu ir ma\u017eu triuk\u0161mo lygiu. Be to, d\u0117l greito spinduliavimo elektrin\u0117 gerv\u0117 gali dirbti nepertraukiamai ilg\u0105 laik\u0105.<\/div>\n<\/div>\n<div style=\"margin-top:15px;padding:0px 15px;padding-bottom:0px;padding-top:0px;padding-left:15px;padding-right:15px;display:inline-block;width:33%;box-sizing:border-box\">\n<div><img decoding=\"async\" style=\"width:100%\" width=\"100%\" src=\"https:\/\/d2qc09rl1gfuof.cloudfront.net\/product\/DDHLPA30000000001\/lift-electric-hoist-m100-5.jpg\" slate-data-type=\"image\"\/><\/div>\n<div style=\"font-size:16px;font-weight:bold;line-height:36px\">Saugumo dizainas<\/div>\n<div style=\"font-size:14px\">Kai raudonas blokelis palie\u010dia ribin\u012f jungikl\u012f, variklis automati\u0161kai sustoja, kad grandin\u0117s neb\u016bt\u0173 perkrautos. Be to, cinkuota plienin\u0117 viela ir kabliukas su skl\u0105s\u010diu u\u017etikrina dvigub\u0105 apsaug\u0105.<\/div>\n<\/div>\n<div style=\"margin-top:15px;padding:0px 15px;padding-bottom:0px;padding-top:0px;padding-left:15px;padding-right:15px;display:inline-block;width:33%;box-sizing:border-box\">\n<div><img decoding=\"async\" style=\"width:100%\" width=\"100%\" src=\"https:\/\/d2qc09rl1gfuof.cloudfront.net\/product\/DDHLPA30000000001\/lift-electric-hoist-m100-6.jpg\" slate-data-type=\"image\"\/><\/div>\n<div style=\"font-size:16px;font-weight:bold;line-height:36px\">Lengva \u012fdiegti<\/div>\n<div style=\"font-size:14px\">Siekdami patenkinti j\u016bs\u0173 poreikius, m\u016bs\u0173 elektrinis keltuvas turi metalin\u012f tvirtinimo \u017eied\u0105, kur\u012f lengva sumontuoti. Tik atminkite, kad strypo plotis ir auk\u0161tis neturi vir\u0161yti tvirtinimo laikikli\u0173 vidinio dyd\u017eio. \u017diedo plotis: 5 cm; auk\u0161tis: 4,5 cm.<\/div>\n<\/div>\n<div style=\"margin-top:15px;padding:0px 15px;padding-bottom:0px;padding-top:0px;padding-left:15px;padding-right:15px;display:inline-block;width:33%;box-sizing:border-box\">\n<div><img decoding=\"async\" style=\"width:100%\" width=\"100%\" src=\"https:\/\/d2qc09rl1gfuof.cloudfront.net\/product\/DDHLPA30000000001\/lift-electric-hoist-m100-7.jpg\" slate-data-type=\"image\"\/><\/div>\n<div style=\"font-size:16px;font-weight:bold;line-height:36px\">Platus naudojimas<\/div>\n<div style=\"font-size:14px\">\u0160is elektrinis keltuvas puikiai tinka kelti taisyklingos arba netaisyklingos formos daiktus, tokius kaip akmenys, med\u017eiai, vejapjov\u0117s, varikliai ir pan. Tod\u0117l jis pla\u010diai naudojamas automobili\u0173 gamyklose, statybviet\u0117se, logistikoje, sand\u0117liuose ir kt.<\/div>\n<\/div>\n<\/div>\n<\/div>\n<\/div>\n<div style=\"margin-top:15px;display:flex\">\n<div style=\"width:33%\"><img decoding=\"async\" style=\"width:100%\" width=\"100%\" src=\"https:\/\/d2qc09rl1gfuof.cloudfront.net\/product\/DDHLPA30000000001\/lift-electric-hoist-a100-2.jpg\" slate-data-type=\"image\"\/><\/div>\n<div style=\"padding:0px 15px;padding-bottom:0px;padding-top:0px;padding-left:15px;padding-right:15px;width:33%\">\n<div style=\"font-size:16px;font-weight:bold;line-height:36px\">300 kg<\/div>\n<ul style=\"font-size:14px;border:1px solid rgb(204, 204, 204);margin-top:8px;padding:10px 40px;padding-bottom:10px;padding-top:10px;padding-left:40px;padding-right:40px\">\n<li>\n<p>Modelis: PA300<\/p>\n<\/li>\n<li>\n<p>Med\u017eiaga: aliuminio lydinys ir legiruotas plienas<\/p>\n<\/li>\n<li>\n<p>\u012etampa: 110 V \/ 60 Hz<\/p>\n<\/li>\n<li>\n<p>Galia: 550 W<\/p>\n<\/li>\n<li>\n<p>Keliamoji galia: 150 kg, 300 kg<\/p>\n<\/li>\n<li>\n<p>K\u0117limo auk\u0161tis: 12 m \/ 39,4 p\u0117dos, 6 m \/ 19,7 p\u0117dos<\/p>\n<\/li>\n<li>\n<p>K\u0117limo greitis: 32,8 p\u0117d.\/min. \/ 10 m\/min., 16,4 p\u0117d.\/min. \/ 5 m\/min.<\/p>\n<\/li>\n<li>\n<p>Plienin\u0117s linijos ilgis: 12 m<\/p>\n<\/li>\n<li>\n<p>Maitinimo laido ilgis: 2,1 p\u0117dos \/ 0,65 m<\/p>\n<\/li>\n<li>\n<p>Nuotolinio valdymo pulto laido ilgis: 1,2 m<\/p>\n<\/li>\n<li>\n<p>\u017diedo plotis: 2 coliai \/ 5 cm<\/p>\n<\/li>\n<li>\n<p>\u017diedo auk\u0161tis: 1,8 colio \/ 4,5 cm<\/p>\n<\/li>\n<li>\n<p>Prek\u0117s dydis: 13,5 x 5,5 x 7,8 col. \/ 34,3 x 14 x 19,8 cm<\/p>\n<\/li>\n<li>\n<p>Prek\u0117s svoris: 24,3 svaro \/ 11 kg<\/p>\n<\/li>\n<\/ul>\n<\/div>\n<div style=\"border-left:1px solid rgb(204, 204, 204);padding:0px 15px;padding-bottom:0px;padding-top:0px;padding-left:15px;padding-right:15px;width:33%\">\n<div style=\"width:100%\"><img decoding=\"async\" style=\"width:100%\" width=\"100%\" src=\"https:\/\/d2qc09rl1gfuof.cloudfront.net\/product\/DDHLPA30000000001\/lift-electric-hoist-a100-3.jpg\" slate-data-type=\"image\"\/><\/div>\n<div style=\"font-size:14px;font-weight:bold;line-height:24px\">Pakuot\u0117s turinys<\/div>\n<ul style=\"font-size:14px;background-color:rgb(243, 243, 243);border:1px solid rgb(204, 204, 204);margin-top:8px;padding:10px 40px;padding-bottom:10px;padding-top:10px;padding-left:40px;padding-right:40px\">\n<li>\n<p>1 x elektrinis keltuvas<\/p>\n<\/li>\n<li>\n<p>2 x k\u0117limo kilpos<\/p>\n<\/li>\n<li>\n<p>1 x Judinamas skriemulys<\/p>\n<\/li>\n<li>\n<p>1 x Var\u017et\u0173 mai\u0161elis<\/p>\n<\/li>\n<\/ul>\n<\/div>\n<\/div>\n<div style=\"margin-top:15px;display:flex\">\n<div style=\"width:33%\"><img decoding=\"async\" style=\"width:100%\" width=\"100%\" src=\"https:\/\/d2qc09rl1gfuof.cloudfront.net\/product\/DDHLPA25000000001\/lift-electric-hoist-a100-2.jpg\" slate-data-type=\"image\"\/><\/div>\n<div style=\"padding:0px 15px;padding-bottom:0px;padding-top:0px;padding-left:15px;padding-right:15px;width:33%\">\n<div style=\"font-size:16px;font-weight:bold;line-height:36px\">250 kg<\/div>\n<ul style=\"font-size:14px;border:1px solid rgb(204, 204, 204);margin-top:8px;padding:10px 40px;padding-bottom:10px;padding-top:10px;padding-left:40px;padding-right:40px\">\n<li>\n<p>Modelis: PA250<\/p>\n<\/li>\n<li>\n<p>Med\u017eiaga: aliuminio lydinys ir legiruotas plienas<\/p>\n<\/li>\n<li>\n<p>\u012etampa: 110 V \/ 60 Hz<\/p>\n<\/li>\n<li>\n<p>Galia: 500 W<\/p>\n<\/li>\n<li>\n<p>Keliamoji galia: 125 kg, 250 kg<\/p>\n<\/li>\n<li>\n<p>K\u0117limo auk\u0161tis: 12 m \/ 39,4 p\u0117dos, 6 m \/ 19,7 p\u0117dos<\/p>\n<\/li>\n<li>\n<p>K\u0117limo greitis: 32,8 p\u0117d.\/min. \/ 10 m\/min., 16,4 p\u0117d.\/min. \/ 5 m\/min.<\/p>\n<\/li>\n<li>\n<p>Plienin\u0117s linijos ilgis: 12 m<\/p>\n<\/li>\n<li>\n<p>Maitinimo laido ilgis: 2,1 p\u0117dos \/ 0,65 m<\/p>\n<\/li>\n<li>\n<p>Nuotolinio valdymo pulto laido ilgis: 1,5 m<\/p>\n<\/li>\n<li>\n<p>\u017diedo plotis: 2 coliai \/ 5 cm<\/p>\n<\/li>\n<li>\n<p>\u017diedo auk\u0161tis: 1,8 colio \/ 4,5 cm<\/p>\n<\/li>\n<li>\n<p>Prek\u0117s dydis: 13,5 x 5,5 x 7,8 col. \/ 34,3 x 14 x 19,8 cm<\/p>\n<\/li>\n<li>\n<p>Prek\u0117s svoris: 24,3 svaro \/ 11 kg<\/p>\n<\/li>\n<\/ul>\n<\/div>\n<div style=\"border-left:1px solid rgb(204, 204, 204);padding:0px 15px;padding-bottom:0px;padding-top:0px;padding-left:15px;padding-right:15px;width:33%\">\n<div style=\"width:100%\"><img decoding=\"async\" style=\"width:100%\" width=\"100%\" src=\"https:\/\/d2qc09rl1gfuof.cloudfront.net\/product\/DDHLPA25000000001\/lift-electric-hoist-a100-3.jpg\" slate-data-type=\"image\"\/><\/div>\n<div style=\"font-size:14px;font-weight:bold;line-height:24px\">Pakuot\u0117s turinys<\/div>\n<ul style=\"font-size:14px;background-color:rgb(243, 243, 243);border:1px solid rgb(204, 204, 204);margin-top:8px;padding:10px 40px;padding-bottom:10px;padding-top:10px;padding-left:40px;padding-right:40px\">\n<li>\n<p>1 x elektrinis keltuvas<\/p>\n<\/li>\n<li>\n<p>2 x k\u0117limo kilpos<\/p>\n<\/li>\n<li>\n<p>1 x Judinamas skriemulys<\/p>\n<\/li>\n<li>\n<p>1 x Var\u017et\u0173 mai\u0161elis<\/p>\n<\/li>\n<\/ul>\n<\/div>\n<\/div>\n<div style=\"margin-top:15px;display:flex\">\n<div style=\"width:33%\"><img decoding=\"async\" style=\"width:100%\" width=\"100%\" src=\"https:\/\/d2qc09rl1gfuof.cloudfront.net\/product\/DDHLPA50000000001\/lift-electric-hoist-a100-2.jpg\" slate-data-type=\"image\"\/><\/div>\n<div style=\"padding:0px 15px;padding-bottom:0px;padding-top:0px;padding-left:15px;padding-right:15px;width:33%\">\n<div style=\"font-size:16px;font-weight:bold;line-height:36px\">500 kg<\/div>\n<ul style=\"font-size:14px;border:1px solid rgb(204, 204, 204);margin-top:8px;padding:10px 40px;padding-bottom:10px;padding-top:10px;padding-left:40px;padding-right:40px\">\n<li>\n<p>Modelis: PA500<\/p>\n<\/li>\n<li>\n<p>Med\u017eiaga: aliuminio lydinys ir legiruotas plienas<\/p>\n<\/li>\n<li>\n<p>\u012etampa: 110 V \/ 60 Hz<\/p>\n<\/li>\n<li>\n<p>Galia: 900 W<\/p>\n<\/li>\n<li>\n<p>Keliamoji galia: 250 kg, 500 kg<\/p>\n<\/li>\n<li>\n<p>K\u0117limo auk\u0161tis: 12 m \/ 39,4 p\u0117dos, 6 m \/ 19,7 p\u0117dos<\/p>\n<\/li>\n<li>\n<p>K\u0117limo greitis: 32,8 p\u0117d.\/min. \/ 10 m\/min., 16,4 p\u0117d.\/min. \/ 5 m\/min.<\/p>\n<\/li>\n<li>\n<p>Plienin\u0117s linijos ilgis: 12 m<\/p>\n<\/li>\n<li>\n<p>Maitinimo laido ilgis: 2,1 p\u0117dos \/ 0,65 m<\/p>\n<\/li>\n<li>\n<p>Nuotolinio valdymo pulto laido ilgis: 1,3 m<\/p>\n<\/li>\n<li>\n<p>\u017diedo plotis: 2,2 colio \/ 5,5 cm<\/p>\n<\/li>\n<li>\n<p>\u017diedo auk\u0161tis: 2 coliai \/ 5 cm<\/p>\n<\/li>\n<li>\n<p>Prek\u0117s dydis: 15 x 5,7 x 9,1 col. \/ 38 x 14 x 23 cm<\/p>\n<\/li>\n<li>\n<p>Prek\u0117s svoris: 15 kg<\/p>\n<\/li>\n<\/ul>\n<\/div>\n<div style=\"border-left:1px solid rgb(204, 204, 204);padding:0px 15px;padding-bottom:0px;padding-top:0px;padding-left:15px;padding-right:15px;width:33%\">\n<div style=\"width:100%\"><img decoding=\"async\" style=\"width:100%\" width=\"100%\" src=\"https:\/\/d2qc09rl1gfuof.cloudfront.net\/product\/DDHLPA50000000001\/lift-electric-hoist-a100-3.jpg\" slate-data-type=\"image\"\/><\/div>\n<div style=\"font-size:14px;font-weight:bold;line-height:24px\">Pakuot\u0117s turinys<\/div>\n<ul style=\"font-size:14px;background-color:rgb(243, 243, 243);border:1px solid rgb(204, 204, 204);margin-top:8px;padding:10px 40px;padding-bottom:10px;padding-top:10px;padding-left:40px;padding-right:40px\">\n<li>\n<p>1 x elektrinis keltuvas<\/p>\n<\/li>\n<li>\n<p>2 x k\u0117limo kilpos<\/p>\n<\/li>\n<li>\n<p>1 x Judinamas skriemulys<\/p>\n<\/li>\n<li>\n<p>1 x Var\u017et\u0173 mai\u0161elis<\/p>\n<\/li>\n<\/ul>\n<\/div>\n<\/div>\n<div>\n<div style=\"font-size:16px;font-weight:bold;line-height:36px\">Savyb\u0117s ir informacija<\/div>\n<ul style=\"font-size:14px;padding-left:40px\">\n<li>\n<p>660 svar\u0173 keliamoji galia: elektrinis keltuvas lengvai pakelia ma\u017eus variklius, transmisijas ar statybines med\u017eiagas. Jis palaiko du k\u0117limo re\u017eimus su apsauginiu plieniniu kabliu. Vienos virv\u0117s keliamoji galia ir greitis yra 330 svar\u0173 \/ 150 kg, 32,8 p\u0117d.\/min. (10 m\/min.). Dvigubos virv\u0117s keliamoji galia ir greitis yra 660 svar\u0173 \/ 300 kg, 16,4 p\u0117d.\/min. (5 m\/min.).<\/p>\n<\/li>\n<li>\n<p>550 W galingas variklis: auk\u0161tos kokyb\u0117s varinis variklis u\u017etikrina 550 W gali\u0105, kuri gali atlaikyti didel\u0119 j\u0117g\u0105 be deformacijos. Be to, didelis radiatoriaus ventiliatorius greitai au\u0161ina ma\u0161in\u0105 naudodamas apsaug\u0105 nuo perkaitimo. Taigi, \u0161is galingas variklis u\u017etikrina didel\u012f darbo efektyvum\u0105 ir taupo daugiau energijos.<\/p>\n<\/li>\n<li>\n<p>1,3 m valdymo laidas: m\u016bs\u0173 elektrinis keltuvas su nuotolinio valdymo pultu valdomas ranken\u0117l\u0117s jungikliu, kuris yra sumontuotas ant ma\u0161inos, kad b\u016bt\u0173 galima valdyti saugiu atstumu. Be to, m\u016bs\u0173 keltuvas turi ribin\u012f jungikl\u012f ir buferin\u0119 spyruokl\u0119, kad ma\u0161ina automati\u0161kai sustot\u0173 ir i\u0161vengt\u0173 nukarimo.<\/p>\n<\/li>\n<li>\n<p>Auk\u0161\u010diausios kokyb\u0117s konstrukcija: \u0161i elektrin\u0117 keltuvo gerv\u0117 pagaminta i\u0161 legiruotojo korpuso ir cinkuotos plienin\u0117s vielos, tod\u0117l apsaugo nuo korozijos, r\u016bd\u017ei\u0173 ir lietaus. Plienin\u0117s virv\u0117s ilgis: 12 m; skersmuo: 3 mm. Be to, metalinis tvirtinimo \u017eiedas yra reguliuojamas pagal j\u016bs\u0173 poreikius ir lengvai montuojamas.<\/p>\n<\/li>\n<li>\n<p>Platus pritaikymas: elektrinis keltuvas tinka gamykloms, sand\u0117liams, statybviet\u0117ms, automobili\u0173 gamykloms, gele\u017einkelio statyboms ir kt. Tai idealus \u012frankis darbui at\u0161iauriomis patalp\u0173 ar lauko s\u0105lygomis. Naudokite j\u012f tokioje pad\u0117tyje, kad strypo plotis ir auk\u0161tis atitikt\u0173 vidinius tvirtinimo laikikli\u0173 dyd\u017eius.<\/p>\n<\/li>\n<\/ul>\n<\/div>\n<\/div>\n<div><\/div>\n<\/div>\n<\/div>\n<div class=\"detailmodule_dynamic\"><kse:widget data-widget-type=\"customText\" id=\"1005000000397265\" type=\"custom\"><\/kse:widget><\/div>\n<p><\/p>","protected":false},"excerpt":{"rendered":"<p>Hign-concerned Chemical:&nbsp;None Origin:&nbsp;Mainland China Brand Name:&nbsp;VEVOR Product Description 660LBS Lift Electric Hoist 550W Copper Motor &amp; Anti-Rotate Steel Wire &amp; High Security This lift electric hoist is designed for lifting<\/p>","protected":false},"featured_media":25285,"comment_status":"open","ping_status":"closed","template":"","meta":{"_acf_changed":false},"product_brand":[],"product_cat":[517],"product_tag":[],"class_list":{"0":"post-25283","1":"product","2":"type-product","3":"status-publish","4":"has-post-thumbnail","6":"product_cat-electric-lifting-hoists","8":"first","9":"instock","10":"shipping-taxable","11":"purchasable","12":"product-type-variable"},"acf":[],"_links":{"self":[{"href":"https:\/\/electricstore.eu\/lt\/wp-json\/wp\/v2\/product\/25283","targetHints":{"allow":["GET"]}}],"collection":[{"href":"https:\/\/electricstore.eu\/lt\/wp-json\/wp\/v2\/product"}],"about":[{"href":"https:\/\/electricstore.eu\/lt\/wp-json\/wp\/v2\/types\/product"}],"replies":[{"embeddable":true,"href":"https:\/\/electricstore.eu\/lt\/wp-json\/wp\/v2\/comments?post=25283"}],"wp:featuredmedia":[{"embeddable":true,"href":"https:\/\/electricstore.eu\/lt\/wp-json\/wp\/v2\/media\/25285"}],"wp:attachment":[{"href":"https:\/\/electricstore.eu\/lt\/wp-json\/wp\/v2\/media?parent=25283"}],"wp:term":[{"taxonomy":"product_brand","embeddable":true,"href":"https:\/\/electricstore.eu\/lt\/wp-json\/wp\/v2\/product_brand?post=25283"},{"taxonomy":"product_cat","embeddable":true,"href":"https:\/\/electricstore.eu\/lt\/wp-json\/wp\/v2\/product_cat?post=25283"},{"taxonomy":"product_tag","embeddable":true,"href":"https:\/\/electricstore.eu\/lt\/wp-json\/wp\/v2\/product_tag?post=25283"}],"curies":[{"name":"wp","href":"https:\/\/api.w.org\/{rel}","templated":true}]}}