{"id":25274,"date":"2025-05-20T18:58:22","date_gmt":"2025-05-20T18:58:22","guid":{"rendered":"https:\/\/electricstore.eu\/p\/uncategorized\/vevor-hj819-rc-boat-2-4ghz-12-km-h-high-speed-remote-control-racing-boat-waterproof-electric-radio-toys-for-boys-14y-gifts\/"},"modified":"2025-05-20T18:58:59","modified_gmt":"2025-05-20T18:58:59","slug":"vevor-hj819-rc-boat-2-4ghz-12-km-h-high-speed-remote-control-racing-boat-waterproof-electric-radio-toys-for-boys-14y-gifts","status":"publish","type":"product","link":"https:\/\/electricstore.eu\/lt\/p\/rc\/rc-cars\/vevor-hj819-rc-boat-2-4ghz-12-km-h-high-speed-remote-control-racing-boat-waterproof-electric-radio-toys-for-boys-14y-gifts\/","title":{"rendered":"VEVOR HJ819 RC valtis 2.4GHz 12 km\/h didelio grei\u010dio nuotolinio valdymo lenktynin\u0117 valtis vandeniui atspari elektrin\u0117 radijo bangomis valdoma \u017eaisl\u0173 parduotuv\u0117 berniukams nuo 14 met\u0173 ir vyresniems. Dovanos."},"content":{"rendered":"<div class=\"product-specs-list-container\">\n<ul class=\"product-specs-list util-clearfix\">\n<li class=\"product-prop line-limit-length\"><span\n                                        class=\"property-title\">Labai susir\u016bpinim\u0105 kelianti chemin\u0117 med\u017eiaga:&nbsp;<\/span><span\n                                        class=\"property-desc line-limit-length\">N\u0117ra<\/span>\n                            <\/li>\n<li class=\"product-prop line-limit-length\"><span\n                                        class=\"property-title\">Ar elektrinis:&nbsp;<\/span><span\n                                        class=\"property-desc line-limit-length\">li\u010dio baterija<\/span>\n                            <\/li>\n<li class=\"product-prop line-limit-length\"><span\n                                        class=\"property-title\">Br\u016bk\u0161ninis kodas:&nbsp;<\/span><span\n                                        class=\"property-desc line-limit-length\">Ne<\/span>\n                            <\/li>\n<li class=\"product-prop line-limit-length\"><span\n                                        class=\"property-title\">Maitinimo \u0161altinis:&nbsp;<\/span><span\n                                        class=\"property-desc line-limit-length\">Elektrinis<\/span>\n                            <\/li>\n<li class=\"product-prop line-limit-length\"><span\n                                        class=\"property-title\">Modelio numeris:&nbsp;<\/span><span\n                                        class=\"property-desc line-limit-length\">HJ819<\/span>\n                            <\/li>\n<li class=\"product-prop line-limit-length\"><span\n                                        class=\"property-title\">Maksimalus greitis:&nbsp;<\/span><span\n                                        class=\"property-desc line-limit-length\">12 km\/val.<\/span>\n                            <\/li>\n<li class=\"product-prop line-limit-length\"><span\n                                        class=\"property-title\">Asambl\u0117jos b\u016bsena:&nbsp;<\/span><span\n                                        class=\"property-desc line-limit-length\">Nesurinktas rinkinys<\/span>\n                            <\/li>\n<li class=\"product-prop line-limit-length\"><span\n                                        class=\"property-title\">Nuotolinio valdymo pultas:&nbsp;<\/span><span\n                                        class=\"property-desc line-limit-length\">Taip<\/span>\n                            <\/li>\n<li class=\"product-prop line-limit-length\"><span\n                                        class=\"property-title\">Med\u017eiaga:&nbsp;<\/span><span\n                                        class=\"property-desc line-limit-length\">Plastikas<\/span>\n                            <\/li>\n<li class=\"product-prop line-limit-length\"><span\n                                        class=\"property-title\">Rekomenduojamas am\u017eius:&nbsp;<\/span><span\n                                        class=\"property-desc line-limit-length\">6\u201312 met\u0173<\/span>\n                            <\/li>\n<li class=\"product-prop line-limit-length\"><span\n                                        class=\"property-title\">Kilm\u0117:&nbsp;<\/span><span\n                                        class=\"property-desc line-limit-length\">\u017demynin\u0117 Kinija<\/span>\n                            <\/li>\n<li class=\"product-prop line-limit-length\"><span\n                                        class=\"property-title\">Dizainas:&nbsp;<\/span><span\n                                        class=\"property-desc line-limit-length\">Greitaeigis kateris<\/span>\n                            <\/li>\n<li class=\"product-prop line-limit-length\"><span\n                                        class=\"property-title\">Tipas:&nbsp;<\/span><span\n                                        class=\"property-desc line-limit-length\">Valtis ir laivas<\/span>\n                            <\/li>\n<li class=\"product-prop line-limit-length\"><span\n                                        class=\"property-title\">Savyb\u0117s:&nbsp;<\/span><span\n                                        class=\"property-desc line-limit-length\">NUOTOLINIS VALDYMAS<\/span>\n                            <\/li>\n<li class=\"product-prop line-limit-length\"><span\n                                        class=\"property-title\">Prek\u0117s \u017eenklas:&nbsp;<\/span><span\n                                        class=\"property-desc line-limit-length\">VEVOR<\/span>\n                            <\/li>\n<li class=\"product-prop line-limit-length\"><span\n                                        class=\"property-title\">Produkto svoris:&nbsp;<\/span><span\n                                        class=\"property-desc line-limit-length\">0,92 svaro \/ 0,42 kg<\/span>\n                            <\/li>\n<li class=\"product-prop line-limit-length\"><span\n                                        class=\"property-title\">Produkto dydis:&nbsp;<\/span><span\n                                        class=\"property-desc line-limit-length\">9,84 x 3,14 x 2,75 colio<\/span>\n                            <\/li>\n<li class=\"product-prop line-limit-length\"><span\n                                        class=\"property-title\">Funkcija:&nbsp;<\/span><span\n                                        class=\"property-desc line-limit-length\">Lengvas \u012fkrovimas<\/span>\n                            <\/li>\n<li class=\"product-prop line-limit-length\"><span\n                                        class=\"property-title\">Tipas:&nbsp;<\/span><span\n                                        class=\"property-desc line-limit-length\">RC Boat<\/span>\n                            <\/li>\n<li class=\"product-prop line-limit-length\"><span\n                                        class=\"property-title\">Spalva:&nbsp;<\/span><span\n                                        class=\"property-desc line-limit-length\">\u017dalia<\/span>\n                            <\/li>\n<\/ul><\/div>\n<div class=\"detailmodule_html\">\n<div class=\"detail-desc-decorate-richtext\">\n<div style=\"font-family:&quot;Open sans&quot;, Arial, Helvetica, sans-serif\">\n<div><img decoding=\"async\" style=\"width:100%\" width=\"100%\" src=\"https:\/\/d2qc09rl1gfuof.cloudfront.net\/vevor\/boutique-banner\/pc\/banner-en.jpg\" slate-data-type=\"image\"\/><\/div>\n<div>\n<div style=\"font-size:16px;font-weight:bold;text-align:center;color:rgb(34, 34, 34);margin:24px 0px;margin-bottom:24px;margin-top:24px;margin-left:0px;margin-right:0px\" align=\"center\">Pasiplaukiokite bangomis \u2013 neprarandi malonumo plaukiant VEVOR RC laivu<\/div>\n<div><img decoding=\"async\" style=\"width:100%\" width=\"100%\" src=\"https:\/\/d2qc09rl1gfuof.cloudfront.net\/product\/SSYKCLSCJ30KFZ1PG\/rc-boat-a100-1.4-pt.jpg\" slate-data-type=\"image\"\/><\/div>\n<div style=\"font-size:14px;text-align:center;color:rgb(34, 34, 34);margin:16px 0px 24px;margin-bottom:24px;margin-top:16px;margin-left:0px;margin-right:0px\" align=\"center\">Eleganti\u0161kas ir stilingas, \u0161is nuotoliniu b\u016bdu valdomas kateris pasi\u017eymi lenktyni\u0173 \u012fkv\u0117ptu dizainu. D\u0117l vandens i\u0161metimo i\u0161jungimo sistemos ir visi\u0161kai nepralaid\u017eios vandeniui konstrukcijos vaikams saugu ir smagu m\u0117gautis juo be joki\u0173 r\u016bpes\u010di\u0173.<\/div>\n<\/div>\n<div>\n<div style=\"margin:8px 0px;margin-bottom:8px;margin-top:8px;margin-left:0px;margin-right:0px\"><img decoding=\"async\" style=\"width:100%\" width=\"100%\" src=\"https:\/\/d2qc09rl1gfuof.cloudfront.net\/product\/SSYKCLSCJ30KFZ1PG\/rc-boat-a100-2.2-pt.jpg\" slate-data-type=\"image\"\/><\/div>\n<div style=\"font-size:14px;text-align:center;color:rgb(34, 34, 34);margin:16px 0px 24px;margin-bottom:24px;margin-top:16px;margin-left:0px;margin-right:0px\" align=\"center\">D\u0117l dviej\u0173 varikli\u0173 ir sraigt\u0173 \u0161i nuotolinio valdymo valtis u\u017etikrina stipr\u0173 ir stabil\u0173 na\u0161um\u0105, pasiekdama iki 12 km\/h greit\u012f. Ji puikiai tinka norint suteikti jaudulio ir pramog\u0173 bet kokiai vandens veiklai.<\/div>\n<\/div>\n<div>\n<div style=\"margin:8px 0px;margin-bottom:8px;margin-top:8px;margin-left:0px;margin-right:0px\"><img decoding=\"async\" style=\"width:100%\" width=\"100%\" src=\"https:\/\/d2qc09rl1gfuof.cloudfront.net\/product\/SSYKCLSCJ30KFZ1PG\/rc-boat-a100-2.3-pt.jpg\" slate-data-type=\"image\"\/><\/div>\n<div style=\"font-size:14px;text-align:center;color:rgb(34, 34, 34);margin:16px 0px 24px;margin-bottom:24px;margin-top:16px;margin-left:0px;margin-right:0px\" align=\"center\">Pagaminta i\u0161 patvaraus ABS plastiko ir visi\u0161kai atspari vandeniui, \u0161i nuotoliniu b\u016bdu valdoma greitaeig\u0117 valtis sukurta at\u0161iaurioms s\u0105lygoms ir sm\u016bgiams. Ji patikima tiek kieme, tiek lauke.<\/div>\n<\/div>\n<div>\n<div style=\"margin:8px 0px;margin-bottom:8px;margin-top:8px;margin-left:0px;margin-right:0px\"><img decoding=\"async\" style=\"width:100%\" width=\"100%\" src=\"https:\/\/d2qc09rl1gfuof.cloudfront.net\/product\/SSYKCLSCJ30KFZ1PG\/rc-boat-a100-2.4-pt.jpg\" slate-data-type=\"image\"\/><\/div>\n<div style=\"font-size:14px;text-align:center;color:rgb(34, 34, 34);margin:16px 0px 24px;margin-bottom:24px;margin-top:16px;margin-left:0px;margin-right:0px\" align=\"center\">Nuotolinio valdymo valtis turi 2.4G technologij\u0105, u\u017etikrinan\u010di\u0105 skland\u0173 valdym\u0105 iki 50 m atstumu. Ji puikiai tinka kelioms val\u010di\u0173 lenktyn\u0117ms ir turi atstumo \u012fsp\u0117jim\u0105, kad valtis b\u016bt\u0173 saugiai pasiekiama.<\/div>\n<\/div>\n<div>\n<div style=\"margin:8px 0px;margin-bottom:8px;margin-top:8px;margin-left:0px;margin-right:0px\"><img decoding=\"async\" style=\"width:100%\" width=\"100%\" src=\"https:\/\/d2qc09rl1gfuof.cloudfront.net\/product\/SSYKCLSCJ30KFZ1PG\/rc-boat-a100-2.5-pt.jpg\" slate-data-type=\"image\"\/><\/div>\n<div style=\"font-size:14px;text-align:center;color:rgb(34, 34, 34);margin:16px 0px 24px;margin-bottom:24px;margin-top:16px;margin-left:0px;margin-right:0px\" align=\"center\">D\u0117l USB \u012fkrovimo ir dviej\u0173 baterij\u0173 sistemos \u0161is nuotoliniu b\u016bdu valdomas laivas gali \u017eaisti daugiau nei 90 minu\u010di\u0173. Pasiimkite i\u0161orin\u0119 baterij\u0105, kad gal\u0117tum\u0117te nesibaigti linksmyb\u0117mis nuotyki\u0173 metu lauke.<\/div>\n<\/div>\n<div style=\"margin:16px 0px 24px;margin-bottom:24px;margin-top:16px;margin-left:0px;margin-right:0px\"><\/div>\n<div style=\"margin:24px 0px;margin-bottom:24px;margin-top:24px;margin-left:0px;margin-right:0px\">\n<div style=\"font-size:16px;font-weight:bold;color:rgb(34, 34, 34);margin:24px 0px 16px;margin-bottom:16px;margin-top:24px;margin-left:0px;margin-right:0px\">Savyb\u0117s ir informacija<\/div>\n<ul style=\"margin:16px 0px 24px;margin-bottom:24px;margin-top:16px;margin-left:0px;margin-right:0px\">\n<li style=\"font-size:14px;color:rgb(34, 34, 34)\">\n<p>Spindinti nuotoliniu b\u016bdu valdoma valtis: patirkite naktinio buriavimo malonumus su \u0161ia eleganti\u0161ka, stilinga nuotolinio valdymo valtimi! Sukurta taip, kad b\u016bt\u0173 visi\u0161kai atspari vandeniui ir patvari, ji puikiai tinka saugiems vasaros nuotykiams. Speciali automatinio i\u0161sijungimo funkcija, kai laivas i\u0161nyra i\u0161 vandens, u\u017etikrina daikt\u0173 saugum\u0105. Leiskite savo vaikams m\u0117gautis jaudinan\u010diais vandens \u017eaidimais vis\u0105 nakt\u012f!<\/p>\n<\/li>\n<li style=\"font-size:14px;color:rgb(34, 34, 34)\">\n<p>Greitos pramogos: \u0160is nuotoliniu b\u016bdu valdomas laivas plaukia vandeniu iki 12 km\/h grei\u010diu d\u0117l dviej\u0173 varikli\u0173 ir sraigt\u0173. Nesvarbu, ar lenktyniaujate, ar tyrin\u0117jate, jis yra stabilus ir galingas, suteikdamas jaudulio kiekvienam vandens nuotykiui.<\/p>\n<\/li>\n<li style=\"font-size:14px;color:rgb(34, 34, 34)\">\n<p>Universalus buriavimas: Nuo kiemo basein\u0173 iki gyvybing\u0173 vandens park\u0173 ir vaizding\u0173 e\u017eer\u0173 \u2013 \u0161is nuotoliniu b\u016bdu valdomas laivas yra paruo\u0161tas bet kokiai aplinkai. Jo vandeniui ir sm\u016bgiams atsparus dizainas u\u017etikrina ner\u016bpesting\u0105 pramog\u0105, kad ir kur \u017eaistum\u0117te.<\/p>\n<\/li>\n<li style=\"font-size:14px;color:rgb(34, 34, 34)\">\n<p>Didelio nuotolio valdymas: D\u0117l 2.4G technologijos nuotoliniu b\u016bdu valdom\u0105 greitaeig\u0119 valt\u012f galima valdyti iki 50 m atstumu. Ji gerai susidoroja su trikd\u017eiais ir leid\u017eia dalyvauti keliose val\u010di\u0173 lenktyn\u0117se. Be to, nuotolinio valdymo pultas turi diapazono \u012fsp\u0117jim\u0105, kuris prane\u0161a, jei valtis i\u0161eina u\u017e diapazono rib\u0173, tod\u0117l \u017eaidimas i\u0161lieka saugus.<\/p>\n<\/li>\n<li style=\"font-size:14px;color:rgb(34, 34, 34)\">\n<p>Lengvas \u012fkrovimas ir ilgas \u017eaidimo laikas: \u0160is vaikams skirtas nuotolinio valdymo laivas su USB \u012fkrovimu ir 1200 mAh dviej\u0173 baterij\u0173 sistema u\u017etikrina iki 90 minu\u010di\u0173 \u017eaidimo laiko. Puikiai tinka pramogoms lauke \u2013 tereikia pasiimkite i\u0161orin\u0119 baterij\u0105, kad nuotykiai t\u0119st\u0173si vis\u0105 dien\u0105!<\/p>\n<\/li>\n<\/ul>\n<\/div>\n<div>\n<div>\n<div style=\"margin:16px 0px 24px;margin-bottom:24px;margin-top:16px;margin-left:0px;margin-right:0px\"><img decoding=\"async\" style=\"width:100%\" width=\"100%\" src=\"https:\/\/d2qc09rl1gfuof.cloudfront.net\/product\/SSYKCLSCJ30KFZ1PG\/rc-boat-a100-1.11-pt.jpg\" slate-data-type=\"image\"\/><\/div>\n<\/div>\n<\/div>\n<\/div>\n<div><\/div>\n<\/div>\n<\/div>\n<p><\/p>","protected":false},"excerpt":{"rendered":"<p>Hign-concerned Chemical:&nbsp;None Is Electric:&nbsp;lithium battery Barcode:&nbsp;No Power Source:&nbsp;Electric Model Number:&nbsp;HJ819 Max Speed:&nbsp;12 km\/h State of Assembly:&nbsp;Unassembled Kit Remote Control:&nbsp;Yes Material:&nbsp;Plastic Recommend Age:&nbsp;6-12Y Origin:&nbsp;Mainland China Design:&nbsp;Speedboat Type:&nbsp;Boat &amp; Ship Features:&nbsp;REMOTE CONTROL<\/p>","protected":false},"featured_media":25275,"comment_status":"open","ping_status":"closed","template":"","meta":{"_acf_changed":false},"product_brand":[],"product_cat":[519],"product_tag":[],"class_list":{"0":"post-25274","1":"product","2":"type-product","3":"status-publish","4":"has-post-thumbnail","6":"product_cat-rc-cars","8":"first","9":"instock","10":"shipping-taxable","11":"purchasable","12":"product-type-variable"},"acf":[],"_links":{"self":[{"href":"https:\/\/electricstore.eu\/lt\/wp-json\/wp\/v2\/product\/25274","targetHints":{"allow":["GET"]}}],"collection":[{"href":"https:\/\/electricstore.eu\/lt\/wp-json\/wp\/v2\/product"}],"about":[{"href":"https:\/\/electricstore.eu\/lt\/wp-json\/wp\/v2\/types\/product"}],"replies":[{"embeddable":true,"href":"https:\/\/electricstore.eu\/lt\/wp-json\/wp\/v2\/comments?post=25274"}],"wp:featuredmedia":[{"embeddable":true,"href":"https:\/\/electricstore.eu\/lt\/wp-json\/wp\/v2\/media\/25275"}],"wp:attachment":[{"href":"https:\/\/electricstore.eu\/lt\/wp-json\/wp\/v2\/media?parent=25274"}],"wp:term":[{"taxonomy":"product_brand","embeddable":true,"href":"https:\/\/electricstore.eu\/lt\/wp-json\/wp\/v2\/product_brand?post=25274"},{"taxonomy":"product_cat","embeddable":true,"href":"https:\/\/electricstore.eu\/lt\/wp-json\/wp\/v2\/product_cat?post=25274"},{"taxonomy":"product_tag","embeddable":true,"href":"https:\/\/electricstore.eu\/lt\/wp-json\/wp\/v2\/product_tag?post=25274"}],"curies":[{"name":"wp","href":"https:\/\/api.w.org\/{rel}","templated":true}]}}