{"id":25236,"date":"2025-05-20T18:58:08","date_gmt":"2025-05-20T18:58:08","guid":{"rendered":"https:\/\/electricstore.eu\/p\/uncategorized\/vevor-hand-winch-boat-trailer-winch-heavy-duty-rope-crank-polyester-strap-and-two-way-ratchet-manual-operated-hand-crank-winch\/"},"modified":"2025-05-20T18:58:37","modified_gmt":"2025-05-20T18:58:37","slug":"vevor-hand-winch-boat-trailer-winch-heavy-duty-rope-crank-polyester-strap-and-two-way-ratchet-manual-operated-hand-crank-winch","status":"publish","type":"product","link":"https:\/\/electricstore.eu\/lt\/p\/o\/electric-winches\/vevor-hand-winch-boat-trailer-winch-heavy-duty-rope-crank-polyester-strap-and-two-way-ratchet-manual-operated-hand-crank-winch\/","title":{"rendered":"VEVOR rankin\u0117 valties priekabos gerv\u0117, tvirta virv\u0117, poliesterio dir\u017eas ir dvikryptis reketas, rankiniu b\u016bdu valdoma rankin\u0117 gerv\u0117"},"content":{"rendered":"<div class=\"product-specs-list-container\">\n<ul class=\"product-specs-list util-clearfix\">\n<li class=\"product-prop line-limit-length\"><span\n                                        class=\"property-title\">Labai susir\u016bpinim\u0105 kelianti chemin\u0117 med\u017eiaga:&nbsp;<\/span><span\n                                        class=\"property-desc line-limit-length\">N\u0117ra<\/span>\n                            <\/li>\n<li class=\"product-prop line-limit-length\"><span\n                                        class=\"property-title\">Kilm\u0117:&nbsp;<\/span><span\n                                        class=\"property-desc line-limit-length\">\u017demynin\u0117 Kinija<\/span>\n                            <\/li>\n<li class=\"product-prop line-limit-length\"><span\n                                        class=\"property-title\">Prek\u0117s \u017eenklas:&nbsp;<\/span><span\n                                        class=\"property-desc line-limit-length\">VEVOR<\/span>\n                            <\/li>\n<li class=\"product-prop line-limit-length\"><span\n                                        class=\"property-title\">Prek\u0117s modelio numeris:&nbsp;<\/span><span\n                                        class=\"property-desc line-limit-length\">KW3500<\/span>\n                            <\/li>\n<li class=\"product-prop line-limit-length\"><span\n                                        class=\"property-title\">Maksimali traukimo galia:&nbsp;<\/span><span\n                                        class=\"property-desc line-limit-length\">3500 svar\u0173 \/ 2000 svar\u0173 \/ 1600 svar\u0173 \/ 1200 svar\u0173<\/span>\n                            <\/li>\n<li class=\"product-prop line-limit-length\"><span\n                                        class=\"property-title\">Produkto svoris:&nbsp;<\/span><span\n                                        class=\"property-desc line-limit-length\">11,35 svaro \/ 7,6 svaro \/ 8,59 svaro \/ 6,28 svaro<\/span>\n                            <\/li>\n<li class=\"product-prop line-limit-length\"><span\n                                        class=\"property-title\">3500 svar\u0173 produkto dydis:&nbsp;<\/span><span\n                                        class=\"property-desc line-limit-length\">10,23 x 6,29 x 7,08 col. \/ 260 x 160 x 180 mm<\/span>\n                            <\/li>\n<li class=\"product-prop line-limit-length\"><span\n                                        class=\"property-title\">2000 svar\u0173 produkto dydis:&nbsp;<\/span><span\n                                        class=\"property-desc line-limit-length\">8,18 x 4,13 x 5,94 col. \/ 208 x 105 x 151 mm<\/span>\n                            <\/li>\n<li class=\"product-prop line-limit-length\"><span\n                                        class=\"property-title\">1600 svar\u0173 produkto dydis:&nbsp;<\/span><span\n                                        class=\"property-desc line-limit-length\">8,81 x 5,94 x 6,96 col. \/ 224 x 151 x 177 mm<\/span>\n                            <\/li>\n<li class=\"product-prop line-limit-length\"><span\n                                        class=\"property-title\">1200 svar\u0173 produkto dydis:&nbsp;<\/span><span\n                                        class=\"property-desc line-limit-length\">8,18 x 5,43 x 5,86 col. \/ 208 x 138 x 149 mm<\/span>\n                            <\/li>\n<\/ul><\/div>\n<div class=\"detailmodule_dynamic\"><kse:widget data-widget-type=\"customText\" id=\"1005000000790434\" type=\"relation\"><\/kse:widget><\/div>\n<div class=\"detailmodule_html\">\n<div class=\"detail-desc-decorate-richtext\">\n<div style=\"font-family:&quot;Open sans&quot;, Arial, Helvetica, sans-serif\">\n<div><img decoding=\"async\" style=\"width:100%\" width=\"100%\" src=\"https:\/\/d2qc09rl1gfuof.cloudfront.net\/vevor\/boutique-banner\/pc\/banner-en.jpg\" slate-data-type=\"image\"\/><\/div>\n<div>\n<div style=\"font-size:16px;font-weight:bold;text-align:center;color:rgb(34, 34, 34);margin:24px 0px;margin-bottom:24px;margin-top:24px;margin-left:0px;margin-right:0px\" align=\"center\">VEVOR rankin\u0117 gerv\u0117 \u2013 viskas apie traukos j\u0117g\u0105 ir lengvum\u0105<\/div>\n<div><img decoding=\"async\" style=\"width:100%\" width=\"100%\" src=\"https:\/\/d2qc09rl1gfuof.cloudfront.net\/product\/CYSDJP3500BDRD94X\/hand-winch-a100-1.4.jpg\" slate-data-type=\"image\"\/><\/div>\n<div style=\"font-size:14px;text-align:center;color:rgb(34, 34, 34);margin:16px 0px 24px;margin-bottom:24px;margin-top:16px;margin-left:0px;margin-right:0px\" align=\"center\">J\u016bs\u0173 naujas pagalbininkas sunkiems tempimams \u2013 m\u016bs\u0173 rankin\u0117 gerv\u0117. Su 3500 svar\u0173 keliam\u0105ja galia, 33 p\u0117d\u0173 dir\u017eu, 4:1\/8:1 dviej\u0173 grei\u010di\u0173 dvikryp\u010diu reketu ir 10 coli\u0173 patogia rankena, ji paruo\u0161ta tapti j\u016bs\u0173 traukos profesionalu kelyje.<\/div>\n<div style=\"font-size:14px;text-align:center;color:rgb(34, 34, 34);margin:16px 0px 24px;margin-bottom:24px;margin-top:16px;margin-left:0px;margin-right:0px\" align=\"center\"><img decoding=\"async\" src=\"https:\/\/d2qc09rl1gfuof.cloudfront.net\/product\/CYSDJP2000BDI2OUW\/hand-winch-a100-1.4.jpg\" slate-data-type=\"image\"\/><\/div>\n<div style=\"font-size:14px;text-align:center;color:rgb(34, 34, 34);margin:16px 0px 24px;margin-bottom:24px;margin-top:16px;margin-left:0px;margin-right:0px\" align=\"center\"><span style=\"background-color:rgb(255, 255, 255);color:rgb(13, 17, 17);font-family:&quot;Roboto Condensed&quot;\">J\u016bs\u0173 naujas pagalbininkas sunkiems tempimams \u2013 m\u016bs\u0173 rankin\u0117 gerv\u0117. Su 900 kg keliam\u0105ja galia, 7,8 m ilgio dir\u017eu, 4:1 vienos pavaros dviej\u0173 kryp\u010di\u0173 reketu ir 20 cm patogia rankena, ji paruo\u0161ta tapti j\u016bs\u0173 traukos profesionalu kelyje.<\/span><\/div>\n<div style=\"font-size:14px;text-align:center;color:rgb(34, 34, 34);margin:16px 0px 24px;margin-bottom:24px;margin-top:16px;margin-left:0px;margin-right:0px\" align=\"center\"><img decoding=\"async\" src=\"https:\/\/d2qc09rl1gfuof.cloudfront.net\/product\/CYSDJP1600BDKMHDE\/hand-winch-a100-1.4.jpg\" slate-data-type=\"image\"\/><\/div>\n<div style=\"font-size:14px;text-align:center;color:rgb(34, 34, 34);margin:16px 0px 24px;margin-bottom:24px;margin-top:16px;margin-left:0px;margin-right:0px\" align=\"center\"><span style=\"background-color:rgb(255, 255, 255);color:rgb(13, 17, 17);font-family:&quot;Roboto Condensed&quot;\">J\u016bs\u0173 naujas pagalbininkas sunkiems tempimams \u2013 m\u016bs\u0173 rankin\u0117 gerv\u0117. Su 727 kg keliam\u0105ja galia, 10 m ilgio dir\u017eu, 4:1 vienos pavaros dviej\u0173 kryp\u010di\u0173 reketu ir 20 cm patogia rankena, ji paruo\u0161ta tapti j\u016bs\u0173 traukos profesionalu kelyje.<\/span><\/div>\n<div style=\"font-size:14px;text-align:center;color:rgb(34, 34, 34);margin:16px 0px 24px;margin-bottom:24px;margin-top:16px;margin-left:0px;margin-right:0px\" align=\"center\"><img decoding=\"async\" src=\"https:\/\/d2qc09rl1gfuof.cloudfront.net\/product\/CYSDJP1200BDE18BE\/hand-winch-a100-1.4.jpg\" slate-data-type=\"image\"\/><\/div>\n<div style=\"font-size:14px;text-align:center;color:rgb(34, 34, 34);margin:16px 0px 24px;margin-bottom:24px;margin-top:16px;margin-left:0px;margin-right:0px\" align=\"center\"><span style=\"background-color:rgb(255, 255, 255);color:rgb(13, 17, 17);font-family:&quot;Roboto Condensed&quot;\">J\u016bs\u0173 naujas pagalbininkas sunkiems tempimams \u2013 m\u016bs\u0173 rankin\u0117 gerv\u0117. Su 1200 svar\u0173 keliam\u0105ja galia, 23 p\u0117d\u0173 dir\u017eu, 4:1 vienos pavaros dviej\u0173 kryp\u010di\u0173 reketu ir 8 coli\u0173 patogia rankena, ji paruo\u0161ta tapti j\u016bs\u0173 traukos profesionalu kelyje.<\/span><\/div>\n<\/div>\n<div>\n<div>\u00a0<\/div>\n<div style=\"margin:8px 0px;margin-bottom:8px;margin-top:8px;margin-left:0px;margin-right:0px\"><img decoding=\"async\" style=\"width:100%\" width=\"100%\" src=\"https:\/\/d2qc09rl1gfuof.cloudfront.net\/product\/CYSDJP3500BDRD94X\/hand-winch-a100-2.2.jpg\" slate-data-type=\"image\"\/><\/div>\n<div style=\"font-size:14px;text-align:center;color:rgb(34, 34, 34);margin:16px 0px 24px;margin-bottom:24px;margin-top:16px;margin-left:0px;margin-right:0px\" align=\"center\">Susid\u016br\u0117te su \u012fstrigusia transporto priemone ar valtimi, kuri tiesiog nejuda i\u0161 vietos? M\u016bs\u0173 valties gerv\u0117 pad\u0117s jums! Ji sukurta lengvai \u012fveikti sud\u0117tingiausius tempimo darbus, si\u016blydama 3500 svar\u0173 traukos gali\u0105 visiems j\u016bs\u0173 kasdieniams i\u0161\u0161\u016bkiams.<\/div>\n<div style=\"font-size:14px;text-align:center;color:rgb(34, 34, 34);margin:16px 0px 24px;margin-bottom:24px;margin-top:16px;margin-left:0px;margin-right:0px\" align=\"center\"><img decoding=\"async\" src=\"https:\/\/d2qc09rl1gfuof.cloudfront.net\/product\/CYSDJP2000BDI2OUW\/hand-winch-a100-2.2.jpg\" slate-data-type=\"image\"\/><\/div>\n<div style=\"font-size:14px;text-align:center;color:rgb(34, 34, 34);margin:16px 0px 24px;margin-bottom:24px;margin-top:16px;margin-left:0px;margin-right:0px\" align=\"center\"><span style=\"background-color:rgb(255, 255, 255);color:rgb(13, 17, 17);font-family:&quot;Roboto Condensed&quot;\">Susid\u016br\u0117te su \u012fstrigusia transporto priemone ar valtimi, kuri tiesiog nejuda i\u0161 vietos? M\u016bs\u0173 valties gerv\u0117 pad\u0117s jums! Ji sukurta lengvai \u012fveikti sud\u0117tingiausius tempimo darbus, si\u016blydama 2000 svar\u0173 traukos gali\u0105 visiems j\u016bs\u0173 kasdieniams i\u0161\u0161\u016bkiams.<\/span><\/div>\n<div style=\"font-size:14px;text-align:center;color:rgb(34, 34, 34);margin:16px 0px 24px;margin-bottom:24px;margin-top:16px;margin-left:0px;margin-right:0px\" align=\"center\"><img decoding=\"async\" src=\"https:\/\/d2qc09rl1gfuof.cloudfront.net\/product\/CYSDJP1600BDKMHDE\/hand-winch-a100-2.2.jpg\" slate-data-type=\"image\"\/><\/div>\n<div style=\"font-size:14px;text-align:center;color:rgb(34, 34, 34);margin:16px 0px 24px;margin-bottom:24px;margin-top:16px;margin-left:0px;margin-right:0px\" align=\"center\"><span style=\"background-color:rgb(255, 255, 255);color:rgb(13, 17, 17);font-family:&quot;Roboto Condensed&quot;\">Susid\u016br\u0117te su \u012fstrigusia transporto priemone ar valtimi, kuri tiesiog nejuda i\u0161 vietos? M\u016bs\u0173 valties gerv\u0117 pad\u0117s jums! Ji sukurta lengvai \u012fveikti sud\u0117tingiausius tempimo darbus, si\u016blydama 1600 svar\u0173 traukos gali\u0105 visiems j\u016bs\u0173 kasdieniams i\u0161\u0161\u016bkiams.<\/span><\/div>\n<div style=\"font-size:14px;text-align:center;color:rgb(34, 34, 34);margin:16px 0px 24px;margin-bottom:24px;margin-top:16px;margin-left:0px;margin-right:0px\" align=\"center\"><img decoding=\"async\" src=\"https:\/\/d2qc09rl1gfuof.cloudfront.net\/product\/CYSDJP1200BDE18BE\/hand-winch-a100-2.2.jpg\" slate-data-type=\"image\"\/><\/div>\n<div style=\"font-size:14px;text-align:center;color:rgb(34, 34, 34);margin:16px 0px 24px;margin-bottom:24px;margin-top:16px;margin-left:0px;margin-right:0px\" align=\"center\"><span style=\"background-color:rgb(255, 255, 255);color:rgb(13, 17, 17);font-family:&quot;Roboto Condensed&quot;\">Susid\u016br\u0117te su \u012fstrigusia transporto priemone ar valtimi, kuri tiesiog nejuda i\u0161 vietos? M\u016bs\u0173 valties gerv\u0117 pad\u0117s jums! Ji sukurta lengvai \u012fveikti sud\u0117tingiausius tempimo darbus, si\u016blydama 1200 svar\u0173 (apie 527 kg) traukos gali\u0105 visiems j\u016bs\u0173 kasdieniams i\u0161\u0161\u016bkiams.<\/span><\/div>\n<\/div>\n<div>\n<div>\u00a0<\/div>\n<div style=\"margin:8px 0px;margin-bottom:8px;margin-top:8px;margin-left:0px;margin-right:0px\"><img decoding=\"async\" style=\"width:100%\" width=\"100%\" src=\"https:\/\/d2qc09rl1gfuof.cloudfront.net\/product\/CYSDJP3500BDRD94X\/hand-winch-a100-2.3.jpg\" slate-data-type=\"image\"\/><\/div>\n<div style=\"font-size:14px;text-align:center;color:rgb(34, 34, 34);margin:16px 0px 24px;margin-bottom:24px;margin-top:16px;margin-left:0px;margin-right:0px\" align=\"center\">Pamir\u0161kite krumpliara\u010dius, kurie sugenda vos tik prasid\u0117jus orui. M\u016bs\u0173 valties lyno alk\u016bninio veleno krumpliara\u010diai yra termi\u0161kai apdoroti, kad atlaikyt\u0173 bet k\u0105 \u2013 ar tai b\u016bt\u0173 p\u016bga, ar saul\u0117ta diena. \u0160ie krumpliara\u010diai yra atspar\u016bs r\u016bdims ir skland\u017eiai veikia \u2013 visa tai susij\u0119 su patikimumu.<\/div>\n<\/div>\n<div>\n<div>\u00a0<\/div>\n<div style=\"margin:8px 0px;margin-bottom:8px;margin-top:8px;margin-left:0px;margin-right:0px\"><img decoding=\"async\" style=\"width:100%\" width=\"100%\" src=\"https:\/\/d2qc09rl1gfuof.cloudfront.net\/product\/CYSDJP3500BDRD94X\/hand-winch-a100-2.4.jpg\" slate-data-type=\"image\"\/><\/div>\n<div style=\"font-size:14px;text-align:center;color:rgb(34, 34, 34);margin:16px 0px 24px;margin-bottom:24px;margin-top:16px;margin-left:0px;margin-right:0px\" align=\"center\">M\u016bs\u0173 rankin\u0117 alk\u016bnin\u0117 gerv\u0117 turi tvirt\u0105, vientis\u0105 kaltin\u012f kabl\u012f, kuris yra pakankamai tvirtas sunkiausiems kroviniams. Plati jos anga tinka net ir storiausiems lynams ar priekabos kabliams, o savaime u\u017esifiksuojantis apsauginis skl\u0105stis u\u017etikrina, kad j\u016bs\u0173 krovinys likt\u0173 saugus.<\/div>\n<\/div>\n<div>\n<div>\u00a0<\/div>\n<div style=\"margin:8px 0px;margin-bottom:8px;margin-top:8px;margin-left:0px;margin-right:0px\"><img decoding=\"async\" style=\"width:100%\" width=\"100%\" src=\"https:\/\/d2qc09rl1gfuof.cloudfront.net\/product\/CYSDJP3500BDRD94X\/hand-winch-a100-2.5.jpg\" slate-data-type=\"image\"\/><\/div>\n<div style=\"font-size:14px;text-align:center;color:rgb(34, 34, 34);margin:16px 0px 24px;margin-bottom:24px;margin-top:16px;margin-left:0px;margin-right:0px\" align=\"center\">Jums nereikia b\u016bti \u012franki\u0173 meistru, kad sumontuotum\u0117te \u0161i\u0105 sunkiasvor\u0119 rankin\u0119 gerv\u0119. Tiesiog pritvirtinkite j\u0105, nustatykite ranken\u0105, sureguliuokite reket\u0105 ir viskas paruo\u0161ta. Greita, paprasta ir be r\u016bpes\u010di\u0173 \u2013 taip paprasta.<\/div>\n<\/div>\n<div style=\"margin:16px 0px 24px;margin-bottom:24px;margin-top:16px;margin-left:0px;margin-right:0px\"><\/div>\n<div style=\"margin:24px 0px;margin-bottom:24px;margin-top:24px;margin-left:0px;margin-right:0px\">\n<div style=\"font-size:16px;font-weight:bold;color:rgb(34, 34, 34);margin:24px 0px 16px;margin-bottom:16px;margin-top:24px;margin-left:0px;margin-right:0px\">Savyb\u0117s ir informacija<\/div>\n<ul style=\"margin:16px 0px 24px;margin-bottom:24px;margin-top:16px;margin-left:0px;margin-right:0px\">\n<li style=\"font-size:14px;color:rgb(34, 34, 34)\">\n<p>Tvirtas dir\u017eas, tvirtesnis veikimas: M\u016bs\u0173 rankin\u0117 gerv\u0117 turi 33 p\u0117d\u0173 (10 m) ilgio, didelio stiprumo poliesterio dir\u017e\u0105, kurio tempimo j\u0117ga siekia iki 3500 svar\u0173 (1529 kg). Pamir\u0161kite trapius, l\u016b\u017etan\u010dius lynus. \u0160i gerv\u0117 skirta ilgoms kelion\u0117ms, pasiruo\u0161usi \u012fveikti net sunkiausias transporto priemones ir valtis.<\/p>\n<\/li>\n<li style=\"font-size:14px;color:rgb(34, 34, 34)\">\n<p>Dviej\u0173 kryp\u010di\u0173 reketas: \u0160is valties lyno \u0161vaistiklis apr\u016bpintas auk\u0161\u010diausios klas\u0117s anglinio plieno dviej\u0173 kryp\u010di\u0173 reketu. Su 4:1\/8:1 dvigubu grei\u010diu, skirtu rankenos pad\u0117\u010diai reguliuoti, viskas priklauso nuo kontrol\u0117s \u2013 \u012fvyniojimas, i\u0161vyniojimas, j\u016bs\u0173 pasirinkimas. D\u0117l auk\u0161tos temperat\u016bros gr\u016bdinimo proceso \u0161ie krumpliara\u010diai yra tvirti, paruo\u0161ti atlaikyti lauko gyvenimo sunkumus.<\/p>\n<\/li>\n<li style=\"font-size:14px;color:rgb(34, 34, 34)\">\n<p>Kaltinis kabliukas: Svarbu ne tik valties gerv\u0117s dir\u017eas. Svarbus ir pats kabliukas. Kalame apie 26 mm plo\u010dio ang\u0105, kalt\u0105 tvirtumui u\u017etikrinti, kad be vargo atlaikyt\u0173 sunkius krovinius. D\u0117l atsparumo korozijai ir \u012ftr\u016bkimams jis i\u0161laiko savo form\u0105 ir po naudojimo. Be to, apsauginis u\u017eraktas suteikia jums ramyb\u0117s.<\/p>\n<\/li>\n<li style=\"font-size:14px;color:rgb(34, 34, 34)\">\n<p>Lengvas valdymas: M\u016bs\u0173 rankin\u0117 alk\u016bnin\u0117 gerv\u0117 pasi\u017eymi ergonomi\u0161ka, puikaus dyd\u017eio 10 coli\u0173 rankena. Svarbiausia yra sukibimas ir patogumas, o tvirtas cinkuotas r\u0117mas \u2013 greitas montavimas ir dar greitesnis naudojimas. \u0160is ma\u017eas galingas \u012frenginys leid\u017eia lengvai traukti sunkias transporto priemones ir valtis.<\/p>\n<\/li>\n<li style=\"font-size:14px;color:rgb(34, 34, 34)\">\n<p>Pasiruo\u0161usi viskam, bet kur: paprasta surinkti, lengva naudoti \u2013 m\u016bs\u0173 tvirta rankin\u0117 gerv\u0117 yra j\u016bs\u0173 pasirinkimas horizontaliam tempimui, kad ir kur beb\u016btum\u0117te. Patalpose, lauke, ant vandens ar sausumos \u2013 prikabinkite j\u0105 prie motorini\u0173 val\u010di\u0173, priekab\u0173 ar visureigi\u0173 ir steb\u0117kite, kaip ji atlieka savo stebuklus.<\/p>\n<\/li>\n<li style=\"font-size:14px;color:rgb(34, 34, 34)\">\n<p><span style=\"color:rgb(0, 0, 0);font-size:medium\"><strong><span style=\"font-size:24px\"><span style=\"color:rgb(186, 55, 42)\">3500 svar\u0173<\/span><\/span><\/strong><\/span><span style=\"color:rgb(0, 0, 0);font-size:medium\"><strong><span style=\"font-size:24px\">\u00a0Specifikacijos<\/span><\/strong><\/span><\/p>\n<\/li>\n<\/ul>\n<\/div>\n<div>\n<div>\u00a0<\/div>\n<div>\n<div>\u00a0<\/div>\n<div style=\"margin:16px 0px 24px;margin-bottom:24px;margin-top:16px;margin-left:0px;margin-right:0px\"><img decoding=\"async\" style=\"width:100%\" width=\"100%\" src=\"https:\/\/d2qc09rl1gfuof.cloudfront.net\/product\/CYSDJP3500BDRD94X\/hand-winch-a100-1.11.jpg\" slate-data-type=\"image\"\/><\/div>\n<div style=\"margin:16px 0px 24px;margin-bottom:24px;margin-top:16px;margin-left:0px;margin-right:0px\">\n<ul style=\"margin:16px 0px 24px;margin-bottom:24px;margin-top:16px;margin-left:0px;margin-right:0px\">\n<li style=\"font-size:14px;color:rgb(34, 34, 34)\">\n<p><span style=\"color:rgb(0, 0, 0);font-size:medium\"><strong><span style=\"font-size:24px\"><span style=\"color:rgb(186, 55, 42)\">2000 svar\u0173<\/span><\/span><\/strong><\/span><span style=\"color:rgb(0, 0, 0);font-size:medium\"><strong><span style=\"font-size:24px\"> Specifikacijos<\/span><\/strong><\/span><\/p>\n<\/li>\n<\/ul>\n<\/div>\n<\/div>\n<\/div>\n<div>\n<div>\u00a0<\/div>\n<div>\n<div>\u00a0<\/div>\n<div style=\"margin:16px 0px 24px;margin-bottom:24px;margin-top:16px;margin-left:0px;margin-right:0px\"><img decoding=\"async\" style=\"width:100%\" width=\"100%\" src=\"https:\/\/d2qc09rl1gfuof.cloudfront.net\/product\/CYSDJP2000BDI2OUW\/hand-winch-a100-1.11.jpg\" slate-data-type=\"image\"\/><\/div>\n<div style=\"margin:16px 0px 24px;margin-bottom:24px;margin-top:16px;margin-left:0px;margin-right:0px\">\n<ul style=\"margin:16px 0px 24px;margin-bottom:24px;margin-top:16px;margin-left:0px;margin-right:0px\">\n<li style=\"font-size:14px;color:rgb(34, 34, 34)\">\n<p><span style=\"color:rgb(0, 0, 0);font-size:medium\"><strong><span style=\"font-size:24px\"><span style=\"color:rgb(186, 55, 42)\">1600 svar\u0173<\/span><\/span><\/strong><\/span><span style=\"color:rgb(0, 0, 0);font-size:medium\"><strong><span style=\"font-size:24px\"> Specifikacijos<\/span><\/strong><\/span><\/p>\n<\/li>\n<\/ul>\n<\/div>\n<\/div>\n<\/div>\n<div>\n<div>\u00a0<\/div>\n<div>\n<div>\u00a0<\/div>\n<div style=\"margin:16px 0px 24px;margin-bottom:24px;margin-top:16px;margin-left:0px;margin-right:0px\"><img decoding=\"async\" style=\"width:100%\" width=\"100%\" src=\"https:\/\/d2qc09rl1gfuof.cloudfront.net\/product\/CYSDJP1600BDKMHDE\/hand-winch-a100-1.11.jpg\" slate-data-type=\"image\"\/><\/div>\n<div style=\"margin:16px 0px 24px;margin-bottom:24px;margin-top:16px;margin-left:0px;margin-right:0px\">\n<ul style=\"margin:16px 0px 24px;margin-bottom:24px;margin-top:16px;margin-left:0px;margin-right:0px\">\n<li style=\"font-size:14px;color:rgb(34, 34, 34)\">\n<p><span style=\"color:rgb(0, 0, 0);font-size:medium\"><strong><span style=\"font-size:24px\"><span style=\"color:rgb(186, 55, 42)\">1200 svar\u0173<\/span><\/span><\/strong><\/span><span style=\"color:rgb(0, 0, 0);font-size:medium\"><strong><span style=\"font-size:24px\"> Specifikacijos<\/span><\/strong><\/span><\/p>\n<\/li>\n<\/ul>\n<\/div>\n<\/div>\n<\/div>\n<div>\n<div>\u00a0<\/div>\n<div>\n<div>\u00a0<\/div>\n<div style=\"margin:16px 0px 24px;margin-bottom:24px;margin-top:16px;margin-left:0px;margin-right:0px\"><img decoding=\"async\" style=\"width:100%\" width=\"100%\" src=\"https:\/\/d2qc09rl1gfuof.cloudfront.net\/product\/CYSDJP1200BDE18BE\/hand-winch-a100-1.11.jpg\" slate-data-type=\"image\"\/><\/div>\n<\/div>\n<\/div>\n<\/div>\n<p><\/p>\n<\/div>\n<\/div>\n<div class=\"detailmodule_dynamic\"><kse:widget data-widget-type=\"customText\" id=\"1005000000397265\" type=\"custom\"><\/kse:widget><\/div>\n<p><\/p>","protected":false},"excerpt":{"rendered":"<p>Hign-concerned Chemical:&nbsp;None Origin:&nbsp;Mainland China Brand Name:&nbsp;VEVOR Item Model Number:&nbsp;KW3500 Max Pulling Capacity:&nbsp;3500 lbs\/2000 lbs\/1600 lbs\/1200 lbs Product Weight:&nbsp;11.35 lbs\/7.6 lbs\/8.59 lbs\/6.28 lbs 3500lbs Product Size:&nbsp;10.23 x 6.29 x 7.08 in\/260<\/p>","protected":false},"featured_media":25237,"comment_status":"open","ping_status":"closed","template":"","meta":{"_acf_changed":false},"product_brand":[],"product_cat":[522],"product_tag":[],"class_list":{"0":"post-25236","1":"product","2":"type-product","3":"status-publish","4":"has-post-thumbnail","6":"product_cat-electric-winches","8":"first","9":"instock","10":"shipping-taxable","11":"purchasable","12":"product-type-variable"},"acf":[],"_links":{"self":[{"href":"https:\/\/electricstore.eu\/lt\/wp-json\/wp\/v2\/product\/25236","targetHints":{"allow":["GET"]}}],"collection":[{"href":"https:\/\/electricstore.eu\/lt\/wp-json\/wp\/v2\/product"}],"about":[{"href":"https:\/\/electricstore.eu\/lt\/wp-json\/wp\/v2\/types\/product"}],"replies":[{"embeddable":true,"href":"https:\/\/electricstore.eu\/lt\/wp-json\/wp\/v2\/comments?post=25236"}],"wp:featuredmedia":[{"embeddable":true,"href":"https:\/\/electricstore.eu\/lt\/wp-json\/wp\/v2\/media\/25237"}],"wp:attachment":[{"href":"https:\/\/electricstore.eu\/lt\/wp-json\/wp\/v2\/media?parent=25236"}],"wp:term":[{"taxonomy":"product_brand","embeddable":true,"href":"https:\/\/electricstore.eu\/lt\/wp-json\/wp\/v2\/product_brand?post=25236"},{"taxonomy":"product_cat","embeddable":true,"href":"https:\/\/electricstore.eu\/lt\/wp-json\/wp\/v2\/product_cat?post=25236"},{"taxonomy":"product_tag","embeddable":true,"href":"https:\/\/electricstore.eu\/lt\/wp-json\/wp\/v2\/product_tag?post=25236"}],"curies":[{"name":"wp","href":"https:\/\/api.w.org\/{rel}","templated":true}]}}