{"id":25039,"date":"2025-05-20T18:44:05","date_gmt":"2025-05-20T18:44:05","guid":{"rendered":"https:\/\/electricstore.eu\/p\/uncategorized\/vevor-come-along-winch-2-4-5-ton-pulling-capacity-heavy-duty-ratchet-automotive-hoist-power-cable-puller-for-vehicle-rescue\/"},"modified":"2025-05-20T18:48:06","modified_gmt":"2025-05-20T18:48:06","slug":"vevor-come-along-winch-2-4-5-ton-pulling-capacity-heavy-duty-ratchet-automotive-hoist-power-cable-puller-for-vehicle-rescue","status":"publish","type":"product","link":"https:\/\/electricstore.eu\/lt\/p\/o\/electric-lifting-hoists\/vevor-come-along-winch-2-4-5-ton-pulling-capacity-heavy-duty-ratchet-automotive-hoist-power-cable-puller-for-vehicle-rescue\/","title":{"rendered":"VEVOR \u201eCome Along Winch\u201c 2\/4\/5 ton\u0173 traukos galios sunki\u0173j\u0173 reketini\u0173 automobili\u0173 keltuv\u0173 maitinimo kabeli\u0173 traukiklis transporto priemoni\u0173 gelb\u0117jimui"},"content":{"rendered":"<div class=\"product-specs-list-container\">\n<ul class=\"product-specs-list util-clearfix\">\n<li class=\"product-prop line-limit-length\"><span\n                                        class=\"property-title\">Labai susir\u016bpinim\u0105 kelianti chemin\u0117 med\u017eiaga:&nbsp;<\/span><span\n                                        class=\"property-desc line-limit-length\">N\u0117ra<\/span>\n                            <\/li>\n<li class=\"product-prop line-limit-length\"><span\n                                        class=\"property-title\">Kilm\u0117:&nbsp;<\/span><span\n                                        class=\"property-desc line-limit-length\">\u017demynin\u0117 Kinija<\/span>\n                            <\/li>\n<li class=\"product-prop line-limit-length\"><span\n                                        class=\"property-title\">Prek\u0117s \u017eenklas:&nbsp;<\/span><span\n                                        class=\"property-desc line-limit-length\">VEVOR<\/span>\n                            <\/li>\n<li class=\"product-prop line-limit-length\"><span\n                                        class=\"property-title\">Prek\u0117s \u017eenklas:&nbsp;<\/span><span\n                                        class=\"property-desc line-limit-length\">VEVOR<\/span>\n                            <\/li>\n<li class=\"product-prop line-limit-length\"><span\n                                        class=\"property-title\">Maksimali apkrova:&nbsp;<\/span><span\n                                        class=\"property-desc line-limit-length\">2\/4\/5T<\/span>\n                            <\/li>\n<li class=\"product-prop line-limit-length\"><span\n                                        class=\"property-title\">1 funkcija:&nbsp;<\/span><span\n                                        class=\"property-desc line-limit-length\">Su 2 kabliukais<\/span>\n                            <\/li>\n<li class=\"product-prop line-limit-length\"><span\n                                        class=\"property-title\">2 funkcija:&nbsp;<\/span><span\n                                        class=\"property-desc line-limit-length\">Ateikite kartu Winch<\/span>\n                            <\/li>\n<li class=\"product-prop line-limit-length\"><span\n                                        class=\"property-title\">3 funkcija:&nbsp;<\/span><span\n                                        class=\"property-desc line-limit-length\">Reketinis automobili\u0173 keltuvo maitinimo kabelio traukiklis<\/span>\n                            <\/li>\n<li class=\"product-prop line-limit-length\"><span\n                                        class=\"property-title\">4 funkcija:&nbsp;<\/span><span\n                                        class=\"property-desc line-limit-length\">transporto priemoni\u0173 gelb\u0117jimui<\/span>\n                            <\/li>\n<\/ul><\/div>\n<div class=\"detailmodule_html\">\n<div class=\"detail-desc-decorate-richtext\">\n<div class=\"detailmodule_dynamic\"><kse:widget data-widget-type=\"customText\" id=\"1005000000572806\" type=\"relation\"><\/kse:widget><\/div>\n<div style=\"font-family:&quot;Open sans&quot;, Arial, Helvetica, sans-serif\">\n<div><img decoding=\"async\" style=\"width:100%\" width=\"100%\" src=\"https:\/\/d2qc09rl1gfuof.cloudfront.net\/vevor\/boutique-banner\/pc\/banner-en.jpg\" slate-data-type=\"image\"\/><\/div>\n<div>\n<div><\/div>\n<p style=\"text-align:center\" align=\"center\"><span style=\"color:rgb(15, 17, 17);font-size:26px;font-family:Arial\">J\u016bs\u0173 pasirinktas vilkimo ir perve\u017eimo paslaug\u0173 teik\u0117jas<\/span><\/p>\n<div><img decoding=\"async\" style=\"width:100%\" width=\"100%\" src=\"https:\/\/d2qc09rl1gfuof.cloudfront.net\/product\/GSSJXQ2T13YCZS88W\/power-puller-a100-1.4.jpg\" slate-data-type=\"image\"\/><\/div>\n<div style=\"font-size:14px;text-align:center;color:rgb(34, 34, 34);margin:16px 0px 24px;margin-bottom:24px;margin-top:16px;margin-left:0px;margin-right:0px\" align=\"center\"><span style=\"color:rgb(15, 17, 17);font-size:20px;font-family:Arial\">Reikia rimtos traukimo j\u0117gos? VEVOR traukimo \u012frankis turi tai, ko jums reikia. D\u0117l tvirtos, vientisos krumpliara\u010dio konstrukcijos jis lengvai slysta ir pritvirtina visk\u0105, k\u0105 perkeliate. Idealiai tinka transporto priemoni\u0173 gelb\u0117jimui, med\u017eiag\u0173 perk\u0117limui, kelm\u0173 \u0161alinimui ar bald\u0173 perve\u017eimui \u2013 mes pasir\u016bpinsime j\u016bs\u0173 skubiais poreikiais!<\/span><\/div>\n<\/div>\n<div>\n<div style=\"margin:8px 0px;margin-bottom:8px;margin-top:8px;margin-left:0px;margin-right:0px\"><img decoding=\"async\" style=\"width:100%\" width=\"100%\" src=\"https:\/\/d2qc09rl1gfuof.cloudfront.net\/product\/GSSJXQ2T13YCZS88W\/power-puller-a100-2.2.jpg\" slate-data-type=\"image\"\/><\/div>\n<div style=\"font-size:14px;text-align:center;color:rgb(34, 34, 34);margin:16px 0px 24px;margin-bottom:24px;margin-top:16px;margin-left:0px;margin-right:0px\" align=\"center\"><span style=\"color:rgb(15, 17, 17);font-size:20px;font-family:Arial\">\u0160is reketinis traukiklis turi pramonin\u0117s klas\u0117s anglinio plieno tros\u0105. Jis sukurtas didesniam patvarumui ir atsparumui dilimui, o tai rei\u0161kia, kad trauksite ir tempsite ilgus metus.<\/span><\/div>\n<\/div>\n<div>\n<div style=\"margin:8px 0px;margin-bottom:8px;margin-top:8px;margin-left:0px;margin-right:0px\"><img decoding=\"async\" style=\"width:100%\" width=\"100%\" src=\"https:\/\/d2qc09rl1gfuof.cloudfront.net\/product\/GSSJXQ2T13YCZS88W\/power-puller-a100-2.3.jpg\" slate-data-type=\"image\"\/><\/div>\n<\/div>\n<div>\n<div style=\"text-align:center;margin:8px 0px;margin-bottom:8px;margin-top:8px;margin-left:0px;margin-right:0px\" align=\"center\"><span style=\"color:rgb(15, 17, 17);font-size:20px;font-family:Arial\">Atsisveikinkite su tradicin\u0117mis daugiapakop\u0117mis pavaromis, kurios stringa ir r\u016bdija. M\u016bs\u0173 i\u0161traukiklio vientisa dviej\u0173 pavar\u0173 konstrukcija u\u017etikrina skland\u0173 troso atleidim\u0105 ir ilgalaik\u012f tvirtum\u0105. \u0160tai k\u0105 mes vadiname efektyvumu!<\/span><\/div>\n<div style=\"margin:8px 0px;margin-bottom:8px;margin-top:8px;margin-left:0px;margin-right:0px\"><img decoding=\"async\" style=\"width:100%\" width=\"100%\" src=\"https:\/\/d2qc09rl1gfuof.cloudfront.net\/product\/GSSJXQ2T13YCZS88W\/power-puller-a100-2.4.jpg\" slate-data-type=\"image\"\/><\/div>\n<\/div>\n<div>\n<div style=\"text-align:center;margin:8px 0px;margin-bottom:8px;margin-top:8px;margin-left:0px;margin-right:0px\" align=\"center\"><span style=\"color:rgb(15, 17, 17);font-size:20px;font-family:Arial\">Sudarytas i\u0161 tvirt\u0173, itin sunki\u0173 komponent\u0173, \u0161is reketinis elektrinis nu\u0117m\u0117jas suteikia saugesn\u012f ir ilgaam\u017ei\u0161kesn\u012f sprendim\u0105 visiems j\u016bs\u0173 vilkimo ir transportavimo poreikiams.<\/span><\/div>\n<div style=\"margin:8px 0px;margin-bottom:8px;margin-top:8px;margin-left:0px;margin-right:0px\"><img decoding=\"async\" style=\"width:100%\" width=\"100%\" src=\"https:\/\/d2qc09rl1gfuof.cloudfront.net\/product\/GSSJXQ2T13YCZS88W\/power-puller-a100-2.5.jpg\" slate-data-type=\"image\"\/><\/div>\n<\/div>\n<div style=\"margin:24px 0px;margin-bottom:24px;margin-top:24px;margin-left:0px;margin-right:0px\">\n<div style=\"font-size:16px;font-weight:bold;text-align:center;color:rgb(34, 34, 34);margin:24px 0px 16px;margin-bottom:16px;margin-top:24px;margin-left:0px;margin-right:0px\" align=\"center\"><span style=\"color:rgb(15, 17, 17);font-size:20px;font-family:Arial\">Kam vargti, kai galite slysti? M\u016bs\u0173 rankin\u0117s gerv\u0117s prailginta rankena leid\u017eia \u012ftempti virv\u0119 minimaliomis pastangomis \u2013 visa tai viena ranka! Neslystanti rankena u\u017etikrina, kad atliksite u\u017eduot\u012f, o ne bla\u0161kysite.<\/span><\/div>\n<div style=\"font-size:16px;font-weight:bold;color:rgb(34, 34, 34);margin:24px 0px 16px;margin-bottom:16px;margin-top:24px;margin-left:0px;margin-right:0px\">Savyb\u0117s ir informacija<\/div>\n<ul style=\"margin:16px 0px 24px;margin-bottom:24px;margin-top:16px;margin-left:0px;margin-right:0px\">\n<li style=\"font-size:14px;color:rgb(34, 34, 34)\">\n<p>2 ton\u0173 keliamoji galia: Pasiruo\u0161\u0119 sunkioms u\u017eduotims? Patirkite saug\u0173 ir galing\u0105 tempim\u0105 su m\u016bs\u0173 4 409 svar\u0173 \/ 2 t keliamosios galios elektriniu trauktuvu. \u0160is \u012frankis puikiai tinka bet kam \u2013 nuo transporto priemoni\u0173 gelb\u0117jimo iki bald\u0173 perk\u0117limo \u2013 tai daugiafunkcinio \u017emogaus svajon\u0117!<\/p>\n<\/li>\n<li style=\"font-size:14px;color:rgb(34, 34, 34)\">\n<p>12 p\u0117d\u0173 plieninis trosas: m\u016bs\u0173 reketinio trauktuvo trosas pagamintas i\u0161 auk\u0161\u010diausios kokyb\u0117s plieno ir susuktas \u012f kelias gijas, kad b\u016bt\u0173 tvirtas ir ilgaam\u017eis. Jis ne tik atlaiko intensyv\u0173 tempim\u0105 ir tempim\u0105, bet ir neatsipalaiduoja, nesusisuka ir nesusipainioja \u2013 tai labai palengvina j\u016bs\u0173 gyvenim\u0105!<\/p>\n<\/li>\n<li style=\"font-size:14px;color:rgb(34, 34, 34)\">\n<p>Integruota dviej\u0173 pavar\u0173 konstrukcija: Sklandus ir be strigim\u0173 veikiantis veikimas? \u017dinoma! M\u016bs\u0173 trosinis trauktuvas pasi\u017eymi unikalia, vientisa dviej\u0173 pavar\u0173 konstrukcija. Atsisveikinkite su erzinan\u010diais strigimais ir r\u016bdimis, kurie b\u016bdingi tradicin\u0117ms pavar\u0173 sistemoms.<\/p>\n<\/li>\n<li style=\"font-size:14px;color:rgb(34, 34, 34)\">\n<p>Daugiau joki\u0173 lyn\u0173 praslydim\u0173: m\u016bs\u0173 trauktuvo atbulin\u0117s eigos apsaugos mechanizmas u\u017etikrina, kad j\u016bs\u0173 darbai vykt\u0173 pagal plan\u0105, be jokio atgalinio slydimo ar lyn\u0173 atsilaisvinimo. O tie \u012fmontuoti spyruokliniai fiksatoriai ant kabli\u0173? Jie yra tarsi vy\u0161nia ant vir\u0161aus, u\u017etikrinanti, kad viskas, k\u0105 traukiate, likt\u0173 vietoje.<\/p>\n<\/li>\n<li style=\"font-size:14px;color:rgb(34, 34, 34)\">\n<p>Vienos rankos stebuklas: Pavargote vargti su sud\u0117tingais mechanizmais? M\u016bs\u0173 reketinis elektrinis i\u0161traukiklis turi pailgint\u0105 ranken\u0105, kad i\u0161traukimas b\u016bt\u0173 vienas juokas \u2013 tereikia greito pajudinimo pirmyn ir atgal viena ranka ir viskas! Be to, m\u016bs\u0173 rankena yra gumuota, kad b\u016bt\u0173 patogu ir saugu.<\/p>\n<\/li>\n<\/ul>\n<\/div>\n<div>\n<div>\n<div style=\"margin:16px 0px 24px;margin-bottom:24px;margin-top:16px;margin-left:0px;margin-right:0px\"><strong>2T<\/strong><\/div>\n<div style=\"margin:16px 0px 24px;margin-bottom:24px;margin-top:16px;margin-left:0px;margin-right:0px\"><img decoding=\"async\" style=\"width:100%\" width=\"100%\" src=\"https:\/\/d2qc09rl1gfuof.cloudfront.net\/product\/GSSJXQ2T13YCZS88W\/power-puller-a100-1.11.jpg\" slate-data-type=\"image\"\/><\/div>\n<\/div>\n<\/div>\n<div>\n<div>\n<div style=\"margin:16px 0px 24px;margin-bottom:24px;margin-top:16px;margin-left:0px;margin-right:0px\"><strong>5T<\/strong><\/div>\n<div style=\"margin:16px 0px 24px;margin-bottom:24px;margin-top:16px;margin-left:0px;margin-right:0px\"><img decoding=\"async\" style=\"width:100%\" width=\"100%\" src=\"https:\/\/d2qc09rl1gfuof.cloudfront.net\/product\/GSSJXQ5T13YC77Z63\/power-puller-a100-1.11.jpg\" slate-data-type=\"image\"\/><\/div>\n<\/div>\n<\/div>\n<div>\n<div>\n<div style=\"margin:16px 0px 24px;margin-bottom:24px;margin-top:16px;margin-left:0px;margin-right:0px\"><strong>4T<\/strong><\/div>\n<div style=\"margin:16px 0px 24px;margin-bottom:24px;margin-top:16px;margin-left:0px;margin-right:0px\"><img decoding=\"async\" style=\"width:100%\" width=\"100%\" src=\"https:\/\/d2qc09rl1gfuof.cloudfront.net\/product\/GSSJXQ4T13YCXN5I5\/power-puller-a100-1.11.jpg\" slate-data-type=\"image\"\/><\/div>\n<\/div>\n<\/div>\n<\/div>\n<div class=\"detailmodule_dynamic\"><kse:widget data-widget-type=\"customText\" id=\"1005000000397265\" type=\"custom\"><\/kse:widget><\/div>\n<p><\/p>\n<\/div>\n<\/div>\n<p><\/p>","protected":false},"excerpt":{"rendered":"<p>Hign-concerned Chemical:&nbsp;None Origin:&nbsp;Mainland China Brand Name:&nbsp;VEVOR Brand:&nbsp;VEVOR Max Load Capacity:&nbsp;2\/4\/5T Feature 1:&nbsp;With 2 Hooks Feature 2:&nbsp;Come Along Winch Feature 3:&nbsp;Ratchet Automotive Hoist Power Cable Puller Feature 4:&nbsp;for Vehicle Rescue Your<\/p>","protected":false},"featured_media":25040,"comment_status":"open","ping_status":"closed","template":"","meta":{"_acf_changed":false},"product_brand":[],"product_cat":[517],"product_tag":[],"class_list":{"0":"post-25039","1":"product","2":"type-product","3":"status-publish","4":"has-post-thumbnail","6":"product_cat-electric-lifting-hoists","8":"first","9":"instock","10":"shipping-taxable","11":"purchasable","12":"product-type-variable"},"acf":[],"_links":{"self":[{"href":"https:\/\/electricstore.eu\/lt\/wp-json\/wp\/v2\/product\/25039","targetHints":{"allow":["GET"]}}],"collection":[{"href":"https:\/\/electricstore.eu\/lt\/wp-json\/wp\/v2\/product"}],"about":[{"href":"https:\/\/electricstore.eu\/lt\/wp-json\/wp\/v2\/types\/product"}],"replies":[{"embeddable":true,"href":"https:\/\/electricstore.eu\/lt\/wp-json\/wp\/v2\/comments?post=25039"}],"wp:featuredmedia":[{"embeddable":true,"href":"https:\/\/electricstore.eu\/lt\/wp-json\/wp\/v2\/media\/25040"}],"wp:attachment":[{"href":"https:\/\/electricstore.eu\/lt\/wp-json\/wp\/v2\/media?parent=25039"}],"wp:term":[{"taxonomy":"product_brand","embeddable":true,"href":"https:\/\/electricstore.eu\/lt\/wp-json\/wp\/v2\/product_brand?post=25039"},{"taxonomy":"product_cat","embeddable":true,"href":"https:\/\/electricstore.eu\/lt\/wp-json\/wp\/v2\/product_cat?post=25039"},{"taxonomy":"product_tag","embeddable":true,"href":"https:\/\/electricstore.eu\/lt\/wp-json\/wp\/v2\/product_tag?post=25039"}],"curies":[{"name":"wp","href":"https:\/\/api.w.org\/{rel}","templated":true}]}}