{"id":24937,"date":"2025-05-20T18:43:31","date_gmt":"2025-05-20T18:43:31","guid":{"rendered":"https:\/\/electricstore.eu\/p\/uncategorized\/vevor-ratchet-chain-binder-3-8-1-2-heavy-duty-load-binders-12000-lbs-limit-hauling-chain-binders-for-flatbed-truck-trailer-4pc\/"},"modified":"2025-05-20T18:46:10","modified_gmt":"2025-05-20T18:46:10","slug":"vevor-ratchet-chain-binder-3-8-1-2-heavy-duty-load-binders-12000-lbs-limit-hauling-chain-binders-for-flatbed-truck-trailer-4pc","status":"publish","type":"product","link":"https:\/\/electricstore.eu\/lt\/p\/o\/electric-lifting-hoists\/vevor-ratchet-chain-binder-3-8-1-2-heavy-duty-load-binders-12000-lbs-limit-hauling-chain-binders-for-flatbed-truck-trailer-4pc\/","title":{"rendered":"VEVOR reketinis grandininis segtuvas 3\/8\u2033-1\/2\u2033 sunkiems kroviniams, 12000 svar\u0173 svorio ribinis gabenimo grandininis segtuvas platformin\u0117ms sunkve\u017eimio priekaboms, 4 vnt."},"content":{"rendered":"<div class=\"product-specs-list-container\">\n<ul class=\"product-specs-list util-clearfix\">\n<li class=\"product-prop line-limit-length\"><span\n                                        class=\"property-title\">Labai susir\u016bpinim\u0105 kelianti chemin\u0117 med\u017eiaga:&nbsp;<\/span><span\n                                        class=\"property-desc line-limit-length\">N\u0117ra<\/span>\n                            <\/li>\n<li class=\"product-prop line-limit-length\"><span\n                                        class=\"property-title\">Kilm\u0117:&nbsp;<\/span><span\n                                        class=\"property-desc line-limit-length\">\u017demynin\u0117 Kinija<\/span>\n                            <\/li>\n<li class=\"product-prop line-limit-length\"><span\n                                        class=\"property-title\">Prek\u0117s \u017eenklas:&nbsp;<\/span><span\n                                        class=\"property-desc line-limit-length\">VEVOR<\/span>\n                            <\/li>\n<li class=\"product-prop line-limit-length\"><span\n                                        class=\"property-title\">Prek\u0117s \u017eenklas:&nbsp;<\/span><span\n                                        class=\"property-desc line-limit-length\">VEVOR<\/span>\n                            <\/li>\n<li class=\"product-prop line-limit-length\"><span\n                                        class=\"property-title\">Med\u017eiaga:&nbsp;<\/span><span\n                                        class=\"property-desc line-limit-length\">Lietas plienas<\/span>\n                            <\/li>\n<li class=\"product-prop line-limit-length\"><span\n                                        class=\"property-title\">Maksimali grandin\u0117s apkrova:&nbsp;<\/span><span\n                                        class=\"property-desc line-limit-length\">7100 svar\u0173 \/ 3220 kg<\/span>\n                            <\/li>\n<li class=\"product-prop line-limit-length\"><span\n                                        class=\"property-title\">Leto strukt\u016bra:&nbsp;<\/span><span\n                                        class=\"property-desc line-limit-length\">I\u0161orin\u0117 reguliavimo rankena<\/span>\n                            <\/li>\n<li class=\"product-prop line-limit-length\"><span\n                                        class=\"property-title\">Maksimali reketinio ri\u0161iklio apkrova:&nbsp;<\/span><span\n                                        class=\"property-desc line-limit-length\">12000 svar\u0173 \/ 5443 kg<\/span>\n                            <\/li>\n<li class=\"product-prop line-limit-length\"><span\n                                        class=\"property-title\">Modelis:&nbsp;<\/span><span\n                                        class=\"property-desc line-limit-length\">3\/8-1\/2 grandininiai segtuvai<\/span>\n                            <\/li>\n<li class=\"product-prop line-limit-length\"><span\n                                        class=\"property-title\">Tipas:&nbsp;<\/span><span\n                                        class=\"property-desc line-limit-length\">Grandininiai segtuvai<\/span>\n                            <\/li>\n<li class=\"product-prop line-limit-length\"><span\n                                        class=\"property-title\">Savyb\u0117s:&nbsp;<\/span><span\n                                        class=\"property-desc line-limit-length\">Lengvas montavimas, didelis atsparumas<\/span>\n                            <\/li>\n<li class=\"product-prop line-limit-length\"><span\n                                        class=\"property-title\">Apdaila:&nbsp;<\/span><span\n                                        class=\"property-desc line-limit-length\">Milteliniu b\u016bdu da\u017eytas<\/span>\n                            <\/li>\n<\/ul><\/div>\n<div class=\"detailmodule_html\">\n<div class=\"detail-desc-decorate-richtext\">\n<div style=\"font-family:&quot;Open sans&quot;, Arial, Helvetica, sans-serif\">\n<div><img decoding=\"async\" style=\"width:100%\" width=\"100%\" src=\"https:\/\/d2qc09rl1gfuof.cloudfront.net\/vevor\/boutique-banner\/pc\/banner-en.jpg\" slate-data-type=\"image\"\/><\/div>\n<div>\n<div style=\"font-size:16px;font-weight:bold;text-align:center;color:rgb(34, 34, 34);margin:24px 0px;margin-bottom:24px;margin-top:24px;margin-left:0px;margin-right:0px\" align=\"center\">Ne\u0161iojamas reketinis apkrovos ri\u0161iklis<\/div>\n<div><img decoding=\"async\" style=\"width:100%\" width=\"100%\" src=\"https:\/\/d2qc09rl1gfuof.cloudfront.net\/product\/DLTJLLJQBBTYCEEB7\/chain-binder-a100-1.4.jpg\" slate-data-type=\"image\"\/><\/div>\n<div style=\"font-size:14px;text-align:center;color:rgb(34, 34, 34);margin:16px 0px 24px;margin-bottom:24px;margin-top:16px;margin-left:0px;margin-right:0px\" align=\"center\">\u0160is VEVOR \u012ftempiklis taupo darb\u0105 nei \u012fprasti. Galite nuimti ranken\u0105 ir pad\u0117ti \u012f \u012franki\u0173 d\u0117\u017e\u0119 arba siaur\u0105 automobilio daiktad\u0117\u017e\u0119. Idealiai tinka \u012fvairi\u0173 sunki\u0173 krovini\u0173, \u012frangos ir transporto priemoni\u0173 gabenimui. Su VEVOR j\u016bs\u0173 produktai bus pristatyti ten, kur reikia!<\/div>\n<\/div>\n<div>\n<div style=\"font-size:16px;font-weight:bold;text-align:center;color:rgb(34, 34, 34);margin:24px 0px;margin-bottom:24px;margin-top:24px;margin-left:0px;margin-right:0px\" align=\"center\"><\/div>\n<div style=\"margin:8px 0px;margin-bottom:8px;margin-top:8px;margin-left:0px;margin-right:0px\"><img decoding=\"async\" style=\"width:100%\" width=\"100%\" src=\"https:\/\/d2qc09rl1gfuof.cloudfront.net\/product\/DLTJLLJQBBTYCEEB7\/chain-binder-a100-2.2.jpg\" slate-data-type=\"image\"\/><\/div>\n<div style=\"font-size:14px;text-align:center;color:rgb(34, 34, 34);margin:16px 0px 24px;margin-bottom:24px;margin-top:16px;margin-left:0px;margin-right:0px\" align=\"center\">Terk\u0161l\u0117 padeda lengvai \u012ftempti \/ atlaisvinti grandin\u0119. 40 cm rankena yra 5 cm ilgesn\u0117 nei \u012fprasta, o 14% padidina darbo s\u0105naudas ir u\u017etikrina lengv\u0105 valdym\u0105.<\/div>\n<\/div>\n<div>\n<div style=\"font-size:16px;font-weight:bold;text-align:center;color:rgb(34, 34, 34);margin:24px 0px;margin-bottom:24px;margin-top:24px;margin-left:0px;margin-right:0px\" align=\"center\"><\/div>\n<div style=\"margin:8px 0px;margin-bottom:8px;margin-top:8px;margin-left:0px;margin-right:0px\"><img decoding=\"async\" style=\"width:100%\" width=\"100%\" src=\"https:\/\/d2qc09rl1gfuof.cloudfront.net\/product\/DLTJLLJQBBTYCEEB7\/chain-binder-a100-2.3.jpg\" slate-data-type=\"image\"\/><\/div>\n<div style=\"font-size:14px;text-align:center;color:rgb(34, 34, 34);margin:16px 0px 24px;margin-bottom:24px;margin-top:16px;margin-left:0px;margin-right:0px\" align=\"center\">Perjunkite jungikl\u012f, kad valdytum\u0117te teigiam\u0105 ir neigiam\u0105 reketo sukim\u0105si. Padengtas pavir\u0161ius yra atsparus r\u016bdims ir korozijai, tod\u0117l tinka vis\u0173 r\u016b\u0161i\u0173 intensyviam naudojimui lauke.<\/div>\n<\/div>\n<div>\n<div style=\"font-size:16px;font-weight:bold;text-align:center;color:rgb(34, 34, 34);margin:24px 0px;margin-bottom:24px;margin-top:24px;margin-left:0px;margin-right:0px\" align=\"center\"><\/div>\n<div style=\"margin:8px 0px;margin-bottom:8px;margin-top:8px;margin-left:0px;margin-right:0px\"><img decoding=\"async\" style=\"width:100%\" width=\"100%\" src=\"https:\/\/d2qc09rl1gfuof.cloudfront.net\/product\/DLTJLLJQBBTYCEEB7\/chain-binder-a100-2.4.jpg\" slate-data-type=\"image\"\/><\/div>\n<div style=\"font-size:14px;text-align:center;color:rgb(34, 34, 34);margin:16px 0px 24px;margin-bottom:24px;margin-top:16px;margin-left:0px;margin-right:0px\" align=\"center\">Auk\u0161tos temperat\u016bros kalimo b\u016bdu pagamintos G80 plieno grandin\u0117s n\u0117ra lengvai deformuojamos ir l\u016b\u017eta net ir esant at\u0161iaurioms lauko s\u0105lygoms ilg\u0105 laik\u0105, yra atsparios dilimui ir korozijai.<\/div>\n<\/div>\n<div>\n<div style=\"font-size:16px;font-weight:bold;text-align:center;color:rgb(34, 34, 34);margin:24px 0px;margin-bottom:24px;margin-top:24px;margin-left:0px;margin-right:0px\" align=\"center\"><\/div>\n<div style=\"margin:8px 0px;margin-bottom:8px;margin-top:8px;margin-left:0px;margin-right:0px\"><img decoding=\"async\" style=\"width:100%\" width=\"100%\" src=\"https:\/\/d2qc09rl1gfuof.cloudfront.net\/product\/DLTJLLJQBBTYCEEB7\/chain-binder-a100-2.5.jpg\" slate-data-type=\"image\"\/><\/div>\n<div style=\"font-size:14px;text-align:center;color:rgb(34, 34, 34);margin:16px 0px 24px;margin-bottom:24px;margin-top:16px;margin-left:0px;margin-right:0px\" align=\"center\">Rankena yra nuimama, tod\u0117l j\u0105 galima naudoti \u012fvairesniems tikslams. Be to, reketo ri\u0161imo ma\u0161ina gali pakeisti \u012fprast\u0173 krovinini\u0173 vagon\u0173 vielos \u012ftempimo \u012ftais\u0105.<\/div>\n<\/div>\n<div style=\"margin:16px 0px 24px;margin-bottom:24px;margin-top:16px;margin-left:0px;margin-right:0px\"><\/div>\n<div style=\"margin:24px 0px;margin-bottom:24px;margin-top:24px;margin-left:0px;margin-right:0px\">\n<div style=\"font-size:16px;font-weight:bold;color:rgb(34, 34, 34);margin:24px 0px 16px;margin-bottom:16px;margin-top:24px;margin-left:0px;margin-right:0px\">Savyb\u0117s ir informacija<\/div>\n<ul style=\"margin:16px 0px 24px;margin-bottom:24px;margin-top:16px;margin-left:0px;margin-right:0px\">\n<li style=\"font-size:14px;color:rgb(34, 34, 34)\">\n<p>Taupo darb\u0105: Pasiruo\u0161kite ilgesniam naudojimui! 40 cm ilgos rankenos suteikia sverto, o reketin\u0117s rankenos padidina svert\u0105. Metalin\u0117 riev\u0117ta rankena ir \u012fgaubta-i\u0161gaubta tekst\u016bros gumin\u0117 rankena padeda pasiekti neslystant\u012f efekt\u0105, tod\u0117l yra patogios suimti ir paprastos naudoti.<\/p>\n<\/li>\n<li style=\"font-size:14px;color:rgb(34, 34, 34)\">\n<p>Sukurta sunkiems darbams: krovinio ri\u0161imo kablys pagamintas i\u0161 lieto plieno, tod\u0117l u\u017etikrina didesn\u0119 keliam\u0105j\u0105 gali\u0105. Pavir\u0161ius padengtas danga, apsaugan\u010dia nuo r\u016bd\u017ei\u0173. Darbin\u0117 apkrova: 12000 svar\u0173, tr\u016bkimo stipris: 48000 svar\u0173. Taikoma 3\/8&quot; ir 1\/2&quot; grandin\u0117ms. 3\/8&quot; G80 grandin\u0117s darbin\u0117 apkrova: 7100 svar\u0173, tr\u016bkimo stipris: 28400 svar\u0173.<\/p>\n<\/li>\n<li style=\"font-size:14px;color:rgb(34, 34, 34)\">\n<p>Lengvas sand\u0117liavimas: Nesijaudinkite d\u0117l sand\u0117liavimo. Sand\u0117liavimo problemos liko praeityje. Rankena yra patentuota ir nuimama, tod\u0117l j\u0105 galima laikyti siauroje sunkve\u017eimio vietoje tiesiog nu\u0117mus. Tai taip pat taikoma krovinini\u0173 vagon\u0173 \u012ftempimo mechanizmams.<\/p>\n<\/li>\n<li style=\"font-size:14px;color:rgb(34, 34, 34)\">\n<p>Saugumas \u2013 m\u016bs\u0173 prioritetas: tinkamai \u012fvertintas atsi\u017evelgiant \u012f j\u016bs\u0173 saugum\u0105, segtuvas turi apsaugos nuo kritimo \u017eym\u0119, apsaugan\u010di\u0105 j\u016bs\u0173 kojas nuo sm\u016bgi\u0173. Patobulintas i\u0161orinio jungiklio dizainas taupo darbo j\u0117g\u0105 ir neprispaud\u017eia rank\u0173. Kaltas griebtuvas su 360 laipsni\u0173 sukimosi funkcija u\u017etikrina maksimal\u0173 patvarum\u0105 ir patikimum\u0105.<\/p>\n<\/li>\n<li style=\"font-size:14px;color:rgb(34, 34, 34)\">\n<p>Taikoma \u012fvairiems scenarijams: m\u016bs\u0173 reketiniai segtuvai skirti kroviniams tvirtinti grandinin\u0117mis ri\u0161imo priemon\u0117mis transporte, pramon\u0117je ir \u017eem\u0117s \u016bkyje, taip pat kroviniams laikyti j\u016br\u0173 pramon\u0117je, \u016bkiuose ir lauko komunalin\u0117se paslaugose. Atitinka visus CVSA, DOT, NACM ir FMCSA reikalavimus. D\u0117mesio: \u0161is krovini\u0173 segtuvas n\u0117ra skirtas ar patvirtintas k\u0117limui vir\u0161 galvos.<\/p>\n<\/li>\n<\/ul>\n<\/div>\n<div>\n<div>\n<div style=\"margin:16px 0px 24px;margin-bottom:24px;margin-top:16px;margin-left:0px;margin-right:0px\"><img decoding=\"async\" style=\"width:100%\" width=\"100%\" src=\"https:\/\/d2qc09rl1gfuof.cloudfront.net\/product\/DLTJLLJQBBTYCEEB7\/chain-binder-a100-1.11.jpg\" slate-data-type=\"image\"\/><\/div>\n<\/div>\n<\/div>\n<\/div>\n<\/div>\n<\/div>\n<p><\/p>","protected":false},"excerpt":{"rendered":"<p>Hign-concerned Chemical:&nbsp;None Origin:&nbsp;Mainland China Brand Name:&nbsp;VEVOR Brand:&nbsp;VEVOR Material:&nbsp;Cast Steel Max. Load of Chain:&nbsp;7100 lbs \/ 3220 kg Pawl Structure:&nbsp;External Adjusting Handle Max. Load of Ratchet Binder:&nbsp;12000 lbs \/ 5443 kg<\/p>","protected":false},"featured_media":24939,"comment_status":"open","ping_status":"closed","template":"","meta":{"_acf_changed":false},"product_brand":[],"product_cat":[517],"product_tag":[],"class_list":{"0":"post-24937","1":"product","2":"type-product","3":"status-publish","4":"has-post-thumbnail","6":"product_cat-electric-lifting-hoists","8":"first","9":"instock","10":"shipping-taxable","11":"purchasable","12":"product-type-variable"},"acf":[],"_links":{"self":[{"href":"https:\/\/electricstore.eu\/lt\/wp-json\/wp\/v2\/product\/24937","targetHints":{"allow":["GET"]}}],"collection":[{"href":"https:\/\/electricstore.eu\/lt\/wp-json\/wp\/v2\/product"}],"about":[{"href":"https:\/\/electricstore.eu\/lt\/wp-json\/wp\/v2\/types\/product"}],"replies":[{"embeddable":true,"href":"https:\/\/electricstore.eu\/lt\/wp-json\/wp\/v2\/comments?post=24937"}],"wp:featuredmedia":[{"embeddable":true,"href":"https:\/\/electricstore.eu\/lt\/wp-json\/wp\/v2\/media\/24939"}],"wp:attachment":[{"href":"https:\/\/electricstore.eu\/lt\/wp-json\/wp\/v2\/media?parent=24937"}],"wp:term":[{"taxonomy":"product_brand","embeddable":true,"href":"https:\/\/electricstore.eu\/lt\/wp-json\/wp\/v2\/product_brand?post=24937"},{"taxonomy":"product_cat","embeddable":true,"href":"https:\/\/electricstore.eu\/lt\/wp-json\/wp\/v2\/product_cat?post=24937"},{"taxonomy":"product_tag","embeddable":true,"href":"https:\/\/electricstore.eu\/lt\/wp-json\/wp\/v2\/product_tag?post=24937"}],"curies":[{"name":"wp","href":"https:\/\/api.w.org\/{rel}","templated":true}]}}