{"id":24918,"date":"2025-05-20T18:43:27","date_gmt":"2025-05-20T18:43:27","guid":{"rendered":"https:\/\/electricstore.eu\/p\/uncategorized\/vevor-3t-chain-sling-6-ft-heavy-duty-lifting-chains-with-2-leg-grab-hooks-g80-for-engine-manual-hoist-lifting-tool\/"},"modified":"2025-05-20T18:46:19","modified_gmt":"2025-05-20T18:46:19","slug":"vevor-3t-chain-sling-6-ft-heavy-duty-lifting-chains-with-2-leg-grab-hooks-g80-for-engine-manual-hoist-lifting-tool","status":"publish","type":"product","link":"https:\/\/electricstore.eu\/lt\/p\/o\/electric-lifting-hoists\/vevor-3t-chain-sling-6-ft-heavy-duty-lifting-chains-with-2-leg-grab-hooks-g80-for-engine-manual-hoist-lifting-tool\/","title":{"rendered":"VEVOR 3T grandininis stropas, 6 p\u0117d\u0173, sunkiosios k\u0117limo grandin\u0117s su 2 koj\u0173 griebimo kabliais, G80, skirtas variklio rankiniam keltuvui, k\u0117limo \u012frankiui"},"content":{"rendered":"<div class=\"product-specs-list-container\">\n<ul class=\"product-specs-list util-clearfix\">\n<li class=\"product-prop line-limit-length\"><span\n                                        class=\"property-title\">Labai susir\u016bpinim\u0105 kelianti chemin\u0117 med\u017eiaga:&nbsp;<\/span><span\n                                        class=\"property-desc line-limit-length\">N\u0117ra<\/span>\n                            <\/li>\n<li class=\"product-prop line-limit-length\"><span\n                                        class=\"property-title\">Modelio numeris:&nbsp;<\/span><span\n                                        class=\"property-desc line-limit-length\">DL8mmx1.8m-2A<\/span>\n                            <\/li>\n<li class=\"product-prop line-limit-length\"><span\n                                        class=\"property-title\">\u201ePasidaryk pats\u201c reikmenys:&nbsp;<\/span><span\n                                        class=\"property-desc line-limit-length\">Metalo apdirbimas<\/span>\n                            <\/li>\n<li class=\"product-prop line-limit-length\"><span\n                                        class=\"property-title\">Med\u017eiaga:&nbsp;<\/span><span\n                                        class=\"property-desc line-limit-length\">Ner\u016bdijantis plienas<\/span>\n                            <\/li>\n<li class=\"product-prop line-limit-length\"><span\n                                        class=\"property-title\">Prek\u0117s \u017eenklas:&nbsp;<\/span><span\n                                        class=\"property-desc line-limit-length\">VEVOR<\/span>\n                            <\/li>\n<li class=\"product-prop line-limit-length\"><span\n                                        class=\"property-title\">Kilm\u0117:&nbsp;<\/span><span\n                                        class=\"property-desc line-limit-length\">\u017demynin\u0117 Kinija<\/span>\n                            <\/li>\n<li class=\"product-prop line-limit-length\"><span\n                                        class=\"property-title\">Prek\u0117s \u017eenklas:&nbsp;<\/span><span\n                                        class=\"property-desc line-limit-length\">VEVOR<\/span>\n                            <\/li>\n<li class=\"product-prop line-limit-length\"><span\n                                        class=\"property-title\">Vienos grandin\u0117s ilgis:&nbsp;<\/span><span\n                                        class=\"property-desc line-limit-length\">6 p\u0117dos \/ 180 cm<\/span>\n                            <\/li>\n<li class=\"product-prop line-limit-length\"><span\n                                        class=\"property-title\">Bendras stiprumo \u012fvertinimas:&nbsp;<\/span><span\n                                        class=\"property-desc line-limit-length\">G80<\/span>\n                            <\/li>\n<li class=\"product-prop line-limit-length\"><span\n                                        class=\"property-title\">Maksimali saugi apkrova:&nbsp;<\/span><span\n                                        class=\"property-desc line-limit-length\">6600 svar\u0173 \/ 2993 kg<\/span>\n                            <\/li>\n<li class=\"product-prop line-limit-length\"><span\n                                        class=\"property-title\">Produkto svoris:&nbsp;<\/span><span\n                                        class=\"property-desc line-limit-length\">16,53 svaro \/ 7,5 kg<\/span>\n                            <\/li>\n<li class=\"product-prop line-limit-length\"><span\n                                        class=\"property-title\">Tipas:&nbsp;<\/span><span\n                                        class=\"property-desc line-limit-length\">Grandininis dir\u017eas<\/span>\n                            <\/li>\n<\/ul><\/div>\n<div class=\"detailmodule_html\">\n<div class=\"detail-desc-decorate-richtext\">\n<div><\/div>\n<div style=\"font-family:&quot;Open sans&quot;, Arial, Helvetica, sans-serif\">\n<div><img decoding=\"async\" style=\"width:100%\" width=\"100%\" src=\"https:\/\/d2qc09rl1gfuof.cloudfront.net\/vevor\/boutique-banner\/pc\/banner-en.jpg\" slate-data-type=\"image\"\/><\/div>\n<div>\n<div style=\"font-size:16px;font-weight:bold;text-align:center;color:rgb(34, 34, 34);margin:24px 0px;margin-bottom:24px;margin-top:24px;margin-left:0px;margin-right:0px\" align=\"center\">VEVOR grandininis stropas \u2013 tvirtai ir lengvai pritvirtinkite krovinius<\/div>\n<div><img decoding=\"async\" style=\"width:100%\" width=\"100%\" src=\"https:\/\/d2qc09rl1gfuof.cloudfront.net\/product\/DGDLHHMGFH1J576AY\/chain-sling-a100-1.4-pt.jpg\" slate-data-type=\"image\"\/><\/div>\n<div style=\"font-size:14px;text-align:center;color:rgb(34, 34, 34);margin:16px 0px 24px;margin-bottom:24px;margin-top:16px;margin-left:0px;margin-right:0px\" align=\"center\">VEVOR \u2013 j\u016bs\u0173 i\u0161skirtinis \u012franki\u0173 ekspertas. \u0160is grandininis stropas pagamintas i\u0161 auk\u0161tos kokyb\u0117s plieno. Jis taip pat turi kablius su spyruokliniais lie\u017euv\u0117liais, kad b\u016bt\u0173 geriau sukib\u0119s ir pritvirtintas didelis krovinys.<\/div>\n<\/div>\n<div>\n<div>\u00a0<\/div>\n<div style=\"margin:8px 0px;margin-bottom:8px;margin-top:8px;margin-left:0px;margin-right:0px\"><img decoding=\"async\" style=\"width:100%\" width=\"100%\" src=\"https:\/\/d2qc09rl1gfuof.cloudfront.net\/product\/DGDLHHMGFH1J576AY\/chain-sling-a100-2.2-pt.jpg\" slate-data-type=\"image\"\/><\/div>\n<div style=\"font-size:14px;text-align:center;color:rgb(34, 34, 34);margin:16px 0px 24px;margin-bottom:24px;margin-top:16px;margin-left:0px;margin-right:0px\" align=\"center\">K\u0117limo stropo grandin\u0117s yra pajuodintos, o \u017eiedai\/kabliai \u2013 padengti plastiko pur\u0161kimo sluoksniu. Jie yra gra\u017e\u016bs ir atspar\u016bs r\u016bdijimui, po ilgalaikio naudojimo atrodo kaip nauji.<\/div>\n<\/div>\n<div>\n<div>\u00a0<\/div>\n<div style=\"margin:8px 0px;margin-bottom:8px;margin-top:8px;margin-left:0px;margin-right:0px\"><img decoding=\"async\" style=\"width:100%\" width=\"100%\" src=\"https:\/\/d2qc09rl1gfuof.cloudfront.net\/product\/DGDLHHMGFH1J576AY\/chain-sling-a100-2.3-pt.jpg\" slate-data-type=\"image\"\/><\/div>\n<div style=\"font-size:14px;text-align:center;color:rgb(34, 34, 34);margin:16px 0px 24px;margin-bottom:24px;margin-top:16px;margin-left:0px;margin-right:0px\" align=\"center\">\u0160i k\u0117limo grandin\u0117 turi spyruoklin\u012f lie\u017euv\u0117l\u012f, kad daiktus b\u016bt\u0173 galima saugiai pakelti. Grandin\u0117s ilg\u012f lengva reguliuoti, kad atitikt\u0173 skirtingo t\u016brio svorius.<\/div>\n<\/div>\n<div>\n<div>\u00a0<\/div>\n<div style=\"margin:8px 0px;margin-bottom:8px;margin-top:8px;margin-left:0px;margin-right:0px\"><img decoding=\"async\" style=\"width:100%\" width=\"100%\" src=\"https:\/\/d2qc09rl1gfuof.cloudfront.net\/product\/DGDLHHMGFH1J576AY\/chain-sling-a100-2.4-pt.jpg\" slate-data-type=\"image\"\/><\/div>\n<div style=\"font-size:14px;text-align:center;color:rgb(34, 34, 34);margin:16px 0px 24px;margin-bottom:24px;margin-top:16px;margin-left:0px;margin-right:0px\" align=\"center\">M\u016bs\u0173 variklio k\u0117limo grandin\u0117 naudojama \u012fvairiems k\u0117limo ir perk\u0117limo darbams, \u012fskaitant r\u0105stus, plienines sijas, dok\u0173 sekcijas, \u017eem\u0117s \u016bkio \u012frankius, automobili\u0173 variklius, grei\u010dio pavar\u0173 d\u0117\u017ees, sunkve\u017eimi\u0173 ir traktori\u0173 padangas ir kt.<\/div>\n<\/div>\n<div>\n<div>\u00a0<\/div>\n<div style=\"margin:8px 0px;margin-bottom:8px;margin-top:8px;margin-left:0px;margin-right:0px\"><img decoding=\"async\" style=\"width:100%\" width=\"100%\" src=\"https:\/\/d2qc09rl1gfuof.cloudfront.net\/product\/DGDLHHMGFH1J576AY\/chain-sling-a100-2.5-pt.jpg\" slate-data-type=\"image\"\/><\/div>\n<div style=\"font-size:14px;text-align:center;color:rgb(34, 34, 34);margin:16px 0px 24px;margin-bottom:24px;margin-top:16px;margin-left:0px;margin-right:0px\" align=\"center\">Gerai suprojektuotos stropo grandin\u0117s detal\u0117s gali patenkinti \u012fvairius j\u016bs\u0173 k\u0117limo objekt\u0173 poreikius ir pad\u0117ti i\u0161spr\u0119sti \u012fvairias problemas.<\/div>\n<\/div>\n<div style=\"margin:16px 0px 24px;margin-bottom:24px;margin-top:16px;margin-left:0px;margin-right:0px\"><\/div>\n<div style=\"margin:24px 0px;margin-bottom:24px;margin-top:24px;margin-left:0px;margin-right:0px\">\n<div style=\"font-size:16px;font-weight:bold;color:rgb(34, 34, 34);margin:24px 0px 16px;margin-bottom:16px;margin-top:24px;margin-left:0px;margin-right:0px\">Savyb\u0117s ir informacija<\/div>\n<ul style=\"margin:16px 0px 24px;margin-bottom:24px;margin-top:16px;margin-left:0px;margin-right:0px\">\n<li style=\"font-size:14px;color:rgb(34, 34, 34)\">\n<p>6 600 svar\u0173 keliamoji galia: grandin\u0117s ilgis: 6 p\u0117dos. Grandin\u0117s skersmuo: 5\/16 colio. Maksimali darbin\u0117 keliamoji galia: 6 600 svar\u0173. Galite ramiai naudoti m\u016bs\u0173 k\u0117limo grandines su dideliu saugumo koeficientu.<\/p>\n<\/li>\n<li style=\"font-size:14px;color:rgb(34, 34, 34)\">\n<p>Didel\u0117s apkrovos grandin\u0117 ir kabliai: Pagaminta i\u0161 G80 Mn plieno grandin\u0117s ir legiruotojo plieno kablio, m\u016bs\u0173 grandininis stropas pasi\u017eymi pilnai automatine suvirinimo technologija, skirta ilgalaikiam naudojimui.<\/p>\n<\/li>\n<li style=\"font-size:14px;color:rgb(34, 34, 34)\">\n<p>Su dviem reguliatoriais: M\u016bs\u0173 stropo grandin\u0117s turi du reguliatorius, kuriais galite reguliuoti grandin\u0117s ilg\u012f. Kad keliant netaisyklingus objektus b\u016bt\u0173 saugiau ir stabiliau.<\/p>\n<\/li>\n<li style=\"font-size:14px;color:rgb(34, 34, 34)\">\n<p>Naudojimo atsargumo priemon\u0117s: Objektas turi b\u016bti pakabintas kablio centre. Kablio kra\u0161tas negali b\u016bti \u012fki\u0161tas. K\u0117limo stropo grandin\u0117s negalima susukti, apversti ar susisukti.<\/p>\n<\/li>\n<li style=\"font-size:14px;color:rgb(34, 34, 34)\">\n<p>Platus pritaikymas: Variklio k\u0117limo grandin\u0117 pla\u010diai naudojama \u012fvairiose k\u0117limo ir mobiliosiose veiklose, \u012fskaitant r\u0105stus, plienines sijas, dok\u0173 sekcijas, \u017eem\u0117s \u016bkio \u012frankius, automobili\u0173 variklius, grei\u010dio pavar\u0173 d\u0117\u017ees, sunkve\u017eimius, traktori\u0173 padangas ir kt.<\/p>\n<\/li>\n<\/ul>\n<\/div>\n<div>\n<div>\u00a0<\/div>\n<div>\n<div>\u00a0<\/div>\n<div style=\"margin:16px 0px 24px;margin-bottom:24px;margin-top:16px;margin-left:0px;margin-right:0px\"><strong>8 mm<\/strong><\/div>\n<div style=\"margin:16px 0px 24px;margin-bottom:24px;margin-top:16px;margin-left:0px;margin-right:0px\"><img decoding=\"async\" style=\"width:100%\" width=\"100%\" src=\"https:\/\/d2qc09rl1gfuof.cloudfront.net\/product\/DGDLHHMGFH1J576AY\/chain-sling-a100-1.11-pt.jpg\" slate-data-type=\"image\"\/><\/div>\n<\/div>\n<\/div>\n<div>\n<div>\u00a0<\/div>\n<div>\n<div>\u00a0<\/div>\n<div style=\"margin:16px 0px 24px;margin-bottom:24px;margin-top:16px;margin-left:0px;margin-right:0px\"><strong>10 mm<\/strong><\/div>\n<div style=\"margin:16px 0px 24px;margin-bottom:24px;margin-top:16px;margin-left:0px;margin-right:0px\"><img decoding=\"async\" style=\"width:100%\" width=\"100%\" src=\"https:\/\/d2qc09rl1gfuof.cloudfront.net\/product\/DGDLMGFH1JZ67A30T\/chain-sling-a100-1.11-pt.jpg\" slate-data-type=\"image\"\/><\/div>\n<\/div>\n<\/div>\n<\/div>\n<\/div>\n<\/div>\n<p><\/p>","protected":false},"excerpt":{"rendered":"<p>Hign-concerned Chemical:&nbsp;None Model Number:&nbsp;DL8mmx1.8m-2A DIY Supplies:&nbsp;Metalworking Material:&nbsp;Stainless steel Brand Name:&nbsp;VEVOR Origin:&nbsp;Mainland China Brand:&nbsp;VEVOR Single Chain Length:&nbsp;6 ft\/180 cm Overall Strength Grade:&nbsp;G80 Max Secure Load:&nbsp;6600 lbs\/2993 kg Product Weight:&nbsp;16.53 lbs\/7.5 kg<\/p>","protected":false},"featured_media":24919,"comment_status":"open","ping_status":"closed","template":"","meta":{"_acf_changed":false},"product_brand":[],"product_cat":[517],"product_tag":[],"class_list":{"0":"post-24918","1":"product","2":"type-product","3":"status-publish","4":"has-post-thumbnail","6":"product_cat-electric-lifting-hoists","8":"first","9":"instock","10":"shipping-taxable","11":"purchasable","12":"product-type-variable"},"acf":[],"_links":{"self":[{"href":"https:\/\/electricstore.eu\/lt\/wp-json\/wp\/v2\/product\/24918","targetHints":{"allow":["GET"]}}],"collection":[{"href":"https:\/\/electricstore.eu\/lt\/wp-json\/wp\/v2\/product"}],"about":[{"href":"https:\/\/electricstore.eu\/lt\/wp-json\/wp\/v2\/types\/product"}],"replies":[{"embeddable":true,"href":"https:\/\/electricstore.eu\/lt\/wp-json\/wp\/v2\/comments?post=24918"}],"wp:featuredmedia":[{"embeddable":true,"href":"https:\/\/electricstore.eu\/lt\/wp-json\/wp\/v2\/media\/24919"}],"wp:attachment":[{"href":"https:\/\/electricstore.eu\/lt\/wp-json\/wp\/v2\/media?parent=24918"}],"wp:term":[{"taxonomy":"product_brand","embeddable":true,"href":"https:\/\/electricstore.eu\/lt\/wp-json\/wp\/v2\/product_brand?post=24918"},{"taxonomy":"product_cat","embeddable":true,"href":"https:\/\/electricstore.eu\/lt\/wp-json\/wp\/v2\/product_cat?post=24918"},{"taxonomy":"product_tag","embeddable":true,"href":"https:\/\/electricstore.eu\/lt\/wp-json\/wp\/v2\/product_tag?post=24918"}],"curies":[{"name":"wp","href":"https:\/\/api.w.org\/{rel}","templated":true}]}}