{"id":24907,"date":"2025-05-20T18:43:23","date_gmt":"2025-05-20T18:43:23","guid":{"rendered":"https:\/\/electricstore.eu\/p\/uncategorized\/vevor-lifting-chain-sling-lifts-5-tonne-1-5m-3m-4m-x-5-16-inch-heavy-duty-with-4-legs-grade-hooks-and-adjuster-g80-alloy-steel\/"},"modified":"2025-05-20T18:45:47","modified_gmt":"2025-05-20T18:45:47","slug":"vevor-lifting-chain-sling-lifts-5-tonne-1-5m-3m-4m-x-5-16-inch-heavy-duty-with-4-legs-grade-hooks-and-adjuster-g80-alloy-steel","status":"publish","type":"product","link":"https:\/\/electricstore.eu\/lt\/p\/o\/electric-lifting-hoists\/vevor-lifting-chain-sling-lifts-5-tonne-1-5m-3m-4m-x-5-16-inch-heavy-duty-with-4-legs-grade-hooks-and-adjuster-g80-alloy-steel\/","title":{"rendered":"VEVOR k\u0117limo grandininiai stropiniai keltuvai, 5 tonos, 1,5 m, 3 m, 4 m x 5\/16 colio, tvirti, su 4 atramomis, kabliai ir reguliatorius, G80 legiruotas plienas"},"content":{"rendered":"<div class=\"product-specs-list-container\">\n<ul class=\"product-specs-list util-clearfix\">\n<li class=\"product-prop line-limit-length\"><span\n                                        class=\"property-title\">Labai susir\u016bpinim\u0105 kelianti chemin\u0117 med\u017eiaga:&nbsp;<\/span><span\n                                        class=\"property-desc line-limit-length\">N\u0117ra<\/span>\n                            <\/li>\n<li class=\"product-prop line-limit-length\"><span\n                                        class=\"property-title\">Kilm\u0117:&nbsp;<\/span><span\n                                        class=\"property-desc line-limit-length\">\u017demynin\u0117 Kinija<\/span>\n                            <\/li>\n<li class=\"product-prop line-limit-length\"><span\n                                        class=\"property-title\">Prek\u0117s \u017eenklas:&nbsp;<\/span><span\n                                        class=\"property-desc line-limit-length\">VEVOR<\/span>\n                            <\/li>\n<\/ul><\/div>\n<p><\/p>\n<div class=\"detailmodule_html\">\n<div class=\"detail-desc-decorate-richtext\">\n<div>\n<\/div>\n<div style=\"padding:20px;padding-bottom:20px;padding-top:20px;padding-left:20px;padding-right:20px\">\n<div style=\"text-align:center;width:100%\" align=\"center\"><img decoding=\"async\" src=\"https:\/\/vevor-bmp-prm.s3.ap-east-1.amazonaws.com\/default\/vevor-1.png\" slate-data-type=\"image\"\/><\/div>\n<div style=\"font-size:16px;font-weight:bold;line-height:36px\">Produkto apra\u0161ymas<\/div>\n<div style=\"width:100%\"><img decoding=\"async\" src=\"https:\/\/d2qc09rl1gfuof.cloudfront.net\/product\/4MSGLT00000000001\/chain-slings-a100-1.4.jpg\" slate-data-type=\"image\"\/><\/div>\n<div style=\"margin-top:15px;display:flex\">\n<div style=\"width:33%\"><img decoding=\"async\" style=\"width:100%\" width=\"100%\" src=\"https:\/\/d2qc09rl1gfuof.cloudfront.net\/product\/4MSGLT00000000001\/four-leg-Lifting-Chain-x1.jpg\" slate-data-type=\"image\"\/><\/div>\n<div style=\"padding:0px 15px;padding-bottom:0px;padding-top:0px;padding-left:15px;padding-right:15px;width:33%\">\n<div style=\"font-size:16px;font-weight:bold;line-height:36px\">5\/16&#039;&#039;x13&#039; grandininis stropas<\/div>\n<div style=\"font-size:14px\"><\/div>\n<div style=\"font-size:14px\">\u0160is keturi\u0173 koj\u0173 grandininis stropas pagamintas i\u0161 G80 Mn plieno grandin\u0117s ir milteliniu b\u016bdu da\u017eyto legiruotojo plieno kablio, kuris, veikiamas \u012ftempimo, nei\u0161sitiesia. Jis atsparus dilimui ir auk\u0161tai temperat\u016brai, tod\u0117l tarnauja ilgai ir yra naudinga priemon\u0117 darbo efektyvumui gerinti.<\/div>\n<ul style=\"font-size:14px;background-color:rgb(243, 243, 243);border:1px solid rgb(204, 204, 204);margin-top:8px;padding:10px 40px;padding-bottom:10px;padding-top:10px;padding-left:40px;padding-right:40px\">\n<li>\n<p>11 000 svar\u0173 pakrovimo galia<\/p>\n<\/li>\n<li>\n<p>Patvari plieno konstrukcija<\/p>\n<\/li>\n<li>\n<p>Didel\u0117s apkrovos grandin\u0117 ir kabliai<\/p>\n<\/li>\n<li>\n<p>Atsargumo priemon\u0117s naudojant<\/p>\n<\/li>\n<\/ul>\n<\/div>\n<div style=\"border-left:1px solid rgb(204, 204, 204);padding:0px 15px;padding-bottom:0px;padding-top:0px;padding-left:15px;padding-right:15px;width:33%\">\n<div>\u00a0<\/div>\n<div style=\"padding:0px 15px;padding-bottom:0px;padding-top:0px;padding-left:15px;padding-right:15px\">\n<div><img decoding=\"async\" style=\"width:100%\" width=\"100%\" src=\"https:\/\/www.jinlantrade.com\/ebay\/VEVOR\/vevor-2.png\" slate-data-type=\"image\"\/><\/div>\n<div style=\"font-size:14px;font-weight:bold;line-height:24px\">Tvirta \u012franga ir \u012frankiai, mok\u0117kite ma\u017eiau<\/div>\n<div style=\"font-size:12px;margin:8px 0px;margin-bottom:8px;margin-top:8px;margin-left:0px;margin-right:0px\">\u201eVEVOR\u201c yra pirmaujantis prek\u0117s \u017eenklas, kurio specializacija \u2013 \u012franga ir \u012frankiai. Tur\u0117dama t\u016bkstan\u010dius motyvuot\u0173 darbuotoj\u0173, \u201eVEVOR\u201c yra pasiry\u017eusi tiekti savo klientams tvirt\u0105 \u012frang\u0105 ir \u012frankius ne\u012ftik\u0117tinai ma\u017eomis kainomis. \u0160iandien \u201eVEVOR\u201c produktai parduodami daugiau nei 200 \u0161ali\u0173 ir region\u0173, o visame pasaulyje yra daugiau nei 10 milijon\u0173 nari\u0173.<\/div>\n<div style=\"font-size:14px;font-weight:bold;line-height:24px\">Kod\u0117l verta rinktis VEVOR?<\/div>\n<ul style=\"font-size:14px;background-color:rgb(243, 243, 243);border:1px solid rgb(204, 204, 204);margin-top:8px;padding:10px 40px;padding-bottom:10px;padding-top:10px;padding-left:40px;padding-right:40px\">\n<li>\n<p>Auk\u0161\u010diausios kokyb\u0117s tvirta kokyb\u0117<\/p>\n<\/li>\n<li>\n<p>Ne\u012ftik\u0117tinai ma\u017eos kainos<\/p>\n<\/li>\n<li>\n<p>Greitas ir saugus pristatymas<\/p>\n<\/li>\n<li>\n<p>30 dien\u0173 nemokamas gr\u0105\u017einimas<\/p>\n<\/li>\n<li>\n<p>D\u0117mesingas aptarnavimas vis\u0105 par\u0105<\/p>\n<\/li>\n<\/ul>\n<\/div>\n<\/div>\n<\/div>\n<div style=\"margin-top:30px\">\n<div style=\"font-size:16px;font-weight:bold;line-height:36px\">Pagrindin\u0117s savyb\u0117s<\/div>\n<div style=\"padding:30px;padding-bottom:30px;padding-top:30px;padding-left:30px;padding-right:30px\">\n<div>\n<div style=\"margin-top:15px;padding:0px 15px;padding-bottom:0px;padding-top:0px;padding-left:15px;padding-right:15px;display:inline-block;width:33%;box-sizing:border-box\">\n<div><img decoding=\"async\" style=\"width:100%\" width=\"100%\" src=\"https:\/\/d2qc09rl1gfuof.cloudfront.net\/product\/4MSGLT00000000001\/chain-slings-m100-2.jpg\" slate-data-type=\"image\"\/><\/div>\n<div style=\"font-size:16px;font-weight:bold;line-height:36px\">Didel\u0117 pakrovimo talpa<\/div>\n<div style=\"font-size:14px\">Jo vardin\u0117 keliamoji galia yra 11 000 svar\u0173, o tr\u016bkimo stipris yra didesnis nei 800 MPa. Jis turi b\u016bti naudojamas vardin\u0117s apkrovos diapazone.<\/div>\n<\/div>\n<div style=\"margin-top:15px;padding:0px 15px;padding-bottom:0px;padding-top:0px;padding-left:15px;padding-right:15px;display:inline-block;width:33%;box-sizing:border-box\">\n<div><img decoding=\"async\" style=\"width:100%\" width=\"100%\" src=\"https:\/\/d2qc09rl1gfuof.cloudfront.net\/product\/4MSGLT00000000001\/chain-slings-m100-3.jpg\" slate-data-type=\"image\"\/><\/div>\n<div style=\"font-size:16px;font-weight:bold;line-height:36px\">Tvirta konstrukcija<\/div>\n<div style=\"font-size:14px\">Visa konstrukcija pagaminta i\u0161 auk\u0161\u010diausios kokyb\u0117s plieno, pasi\u017eymin\u010dio geresniu atsparumu korozijai, r\u016bdims ir dilimui.<\/div>\n<\/div>\n<div style=\"margin-top:15px;padding:0px 15px;padding-bottom:0px;padding-top:0px;padding-left:15px;padding-right:15px;display:inline-block;width:33%;box-sizing:border-box\">\n<div><img decoding=\"async\" style=\"width:100%\" width=\"100%\" src=\"https:\/\/d2qc09rl1gfuof.cloudfront.net\/product\/4MSGLT00000000001\/chain-slings-m100-4.jpg\" slate-data-type=\"image\"\/><\/div>\n<div style=\"font-size:16px;font-weight:bold;line-height:36px\">Didel\u0117s apkrovos grandin\u0117<\/div>\n<div style=\"font-size:14px\">5\/16&#039;&#039;x13&#039; ilgio grandin\u0117 pagaminta i\u0161 Mn plieno. Ji atspari dilimui ir nepailg\u0117ja veikiama \u012ftempimo.<\/div>\n<\/div>\n<div style=\"margin-top:15px;padding:0px 15px;padding-bottom:0px;padding-top:0px;padding-left:15px;padding-right:15px;display:inline-block;width:33%;box-sizing:border-box\">\n<div><img decoding=\"async\" style=\"width:100%\" width=\"100%\" src=\"https:\/\/d2qc09rl1gfuof.cloudfront.net\/product\/4MSGLT00000000001\/chain-slings-m100-5.jpg\" slate-data-type=\"image\"\/><\/div>\n<div style=\"font-size:16px;font-weight:bold;line-height:36px\">Savisriegiai kabliai<\/div>\n<div style=\"font-size:14px\">Kabliukas pagamintas i\u0161 legiruoto plieno, kad atitikt\u0173 tvirtumo ir kietumo reikalavimus ir neslyst\u0173.<\/div>\n<\/div>\n<div style=\"margin-top:15px;padding:0px 15px;padding-bottom:0px;padding-top:0px;padding-left:15px;padding-right:15px;display:inline-block;width:33%;box-sizing:border-box\">\n<div><img decoding=\"async\" style=\"width:100%\" width=\"100%\" src=\"https:\/\/d2qc09rl1gfuof.cloudfront.net\/product\/4MSGLT00000000001\/chain-slings-m100-6.jpg\" slate-data-type=\"image\"\/><\/div>\n<div style=\"font-size:16px;font-weight:bold;line-height:36px\">Lengva naudoti<\/div>\n<div style=\"font-size:14px\">Prijunkite pakabinimo \u017eied\u0105 prie keltuvo, u\u017ekabinkite krovinius ir esate pasiruo\u0161\u0119 prad\u0117ti kelti.<\/div>\n<\/div>\n<div style=\"margin-top:15px;padding:0px 15px;padding-bottom:0px;padding-top:0px;padding-left:15px;padding-right:15px;display:inline-block;width:33%;box-sizing:border-box\">\n<div><img decoding=\"async\" style=\"width:100%\" width=\"100%\" src=\"https:\/\/d2qc09rl1gfuof.cloudfront.net\/product\/4MSGLT00000000001\/chain-slings-m100-7.jpg\" slate-data-type=\"image\"\/><\/div>\n<div style=\"font-size:16px;font-weight:bold;line-height:36px\">Pla\u010diai naudojamas<\/div>\n<div style=\"font-size:14px\">Tinka krovini\u0173 k\u0117limui ar perk\u0117limui \u012fvairiose pramon\u0117s \u0161akose, tokiose kaip ma\u0161in\u0173 gamyba, gamyklos, sand\u0117liai, gara\u017eai ir kt.<\/div>\n<\/div>\n<\/div>\n<\/div>\n<\/div>\n<div style=\"margin-top:15px;display:flex\">\n<div style=\"width:33%\"><img decoding=\"async\" style=\"width:100%\" width=\"100%\" src=\"https:\/\/d2qc09rl1gfuof.cloudfront.net\/product\/4MSGLT00000000001\/chain-slings-a100-2.jpg\" slate-data-type=\"image\"\/><\/div>\n<div style=\"padding:0px 15px;padding-bottom:0px;padding-top:0px;padding-left:15px;padding-right:15px;width:33%\">\n<div style=\"font-size:16px;font-weight:bold;line-height:36px\">Specifikacijos<\/div>\n<ul style=\"font-size:14px;border:1px solid rgb(204, 204, 204);margin-top:8px;padding:10px 40px;padding-bottom:10px;padding-top:10px;padding-left:40px;padding-right:40px\">\n<li>\n<p>Med\u017eiaga: G80, legiruotas plienas<\/p>\n<\/li>\n<li>\n<p>Grandin\u0117s \u0161aknis: 4<\/p>\n<\/li>\n<li>\n<p>Grandin\u0117s skersmuo: 5\/16&quot;\/8 mm<\/p>\n<\/li>\n<li>\n<p>Darbinis ilgis: 13 p\u0117d\u0173 \/ 4 m<\/p>\n<\/li>\n<li>\n<p>Keliamoji galia: 11 000 svar\u0173 \/ 5 t<\/p>\n<\/li>\n<li>\n<p>Saugos koeficientas: 4:1<\/p>\n<\/li>\n<\/ul>\n<\/div>\n<div style=\"border-left:1px solid rgb(204, 204, 204);padding:0px 15px;padding-bottom:0px;padding-top:0px;padding-left:15px;padding-right:15px;width:33%\">\n<div style=\"width:100%\"><img decoding=\"async\" style=\"width:100%\" width=\"100%\" src=\"https:\/\/d2qc09rl1gfuof.cloudfront.net\/product\/4MSGLT00000000001\/chain-slings-a100-3.jpg\" slate-data-type=\"image\"\/><\/div>\n<div style=\"font-size:14px;font-weight:bold;line-height:24px\">Pakuot\u0117s turinys<\/div>\n<ul style=\"font-size:14px;background-color:rgb(243, 243, 243);border:1px solid rgb(204, 204, 204);margin-top:8px;padding:10px 40px;padding-bottom:10px;padding-top:10px;padding-left:40px;padding-right:40px\">\n<li>\n<p>1 x grandininis dir\u017eas<\/p>\n<\/li>\n<\/ul>\n<\/div>\n<\/div>\n<div>\u00a0<\/div>\n<div>\n<div style=\"font-size:16px;font-weight:bold;line-height:36px\">Savyb\u0117s ir informacija<\/div>\n<ul style=\"font-size:14px;padding-left:40px\">\n<li>\n<p>\u301011 000 KOLON\u0172 APKROVIMO GALIMA\u3011 - Grandin\u0117s ilgis: 13 p\u0117d\u0173. Grandin\u0117s skersmuo: 5\/16 colio. Tr\u016bkimo stipris yra daugiau nei 800 MPa. Darbin\u0117 galia: 11 000 svar\u0173. Galite saugiai naudoti \u0161\u012f gamin\u012f d\u0117l didelio saugumo koeficiento.<\/p>\n<\/li>\n<li>\n<p>\u3010PATVARI PLIENO KONSTRUKCIJA\u3011 - Pagaminta i\u0161 G80 Mn plieno grandin\u0117s ir legiruotojo plieno kablio, m\u016bs\u0173 grandinin\u0117 virykl\u0117 pasi\u017eymi pilnai automatine suvirinimo technologija, skirta ilgalaikiam naudojimui.<\/p>\n<\/li>\n<li>\n<p>\u3010TVIRTA GRANDIN\u0116 IR KABLIAI\u3011 - \u0160io grandininio stropo grandin\u0117 pagaminta i\u0161 G80 Mn plieno. K\u0117limo jungtis ir kablys yra pagaminti i\u0161 legiruotojo plieno su milteliniu da\u017eymu. Jie yra atspar\u016bs dilimui ir auk\u0161tai temperat\u016brai.<\/p>\n<\/li>\n<li>\n<p>\u3010NAUDOJIMO ATSARGUMO PRIEMON\u0116S\u3011- Daiktai turi kab\u0117ti kabliuko centre. Kabliuko kra\u0161tas negali kab\u0117ti. Draud\u017eiama naudoti deformuot\u0105, apverst\u0105 ar susipynusi\u0105 grandin\u0119.<\/p>\n<\/li>\n<li>\n<p>\u3010PLATUS TAIKYMAS\u3011 - Puikiai tinka \u012fvairiems k\u0117limo ir perk\u0117limo darbams gamyklose, statybviet\u0117se, kasyklose, uostuose, pastatuose ir kt. Didel\u0117s apkrovos grandininis stropas skirtas krovini\u0173 saugumui u\u017etikrinti, vilkimui ir tvarkymui.<\/p>\n<\/li>\n<li>\n<p>Grandin\u0117s naudojimas<\/p>\n<\/li>\n<li>\n<p>Jei atsiranda vienas i\u0161 \u0161i\u0173 po\u017eymi\u0173, grandinini\u0173 strop\u0173 naudojim\u0105 reikia nedelsiant nutraukti<\/p>\n<\/li>\n<li>\n<p>A. Pa\u017eeistas originalo 10% skersmuo;<\/p>\n<\/li>\n<li>\n<p>B. Grandin\u0117je yra \u012ftr\u016bkim\u0173, sulinkim\u0173, deformacij\u0173 arba pavir\u0161iaus pa\u017eeidim\u0173 (rei\u0161kinys);<\/p>\n<\/li>\n<li>\n<p>C. Grandin\u0117s liekamasis pailg\u0117jimas vir\u0161ija 5% tikrojo ilgio.<\/p>\n<\/li>\n<li>\n<p>D\u0117mesys<\/p>\n<\/li>\n<li>\n<p>Keldami sunkius daiktus, naudotojai tur\u0117t\u0173 vengti stov\u0117ti po jais arba \u0161alia j\u0173;<\/p>\n<\/li>\n<li>\n<p>Naudotojai tur\u0117t\u0173 reguliariai tikrinti virves, ar n\u0117ra matom\u0173 pa\u017eeidim\u0173, \u012fskaitant pasl\u0117ptas d\u0117mes po su\u017ealojimais, kurios gal\u0117t\u0173 kelti gr\u0117sm\u0119 saugiam takela\u017eo naudojimui.<\/p>\n<\/li>\n<\/ul>\n<\/div>\n<\/div>\n<\/div>\n<\/div>\n<p><\/p>","protected":false},"excerpt":{"rendered":"<p>Hign-concerned Chemical:&nbsp;None Origin:&nbsp;Mainland China Brand Name:&nbsp;VEVOR Product Description 5\/16&#x27;&#x27;x13&#x27; Chain Sling This Chain Sling of four legs is constructed of a G80 Mn-steel chain and alloy steel hook with powder<\/p>","protected":false},"featured_media":24908,"comment_status":"open","ping_status":"closed","template":"","meta":{"_acf_changed":false},"product_brand":[],"product_cat":[517],"product_tag":[],"class_list":{"0":"post-24907","1":"product","2":"type-product","3":"status-publish","4":"has-post-thumbnail","6":"product_cat-electric-lifting-hoists","8":"first","9":"instock","10":"shipping-taxable","11":"purchasable","12":"product-type-variable"},"acf":[],"_links":{"self":[{"href":"https:\/\/electricstore.eu\/lt\/wp-json\/wp\/v2\/product\/24907","targetHints":{"allow":["GET"]}}],"collection":[{"href":"https:\/\/electricstore.eu\/lt\/wp-json\/wp\/v2\/product"}],"about":[{"href":"https:\/\/electricstore.eu\/lt\/wp-json\/wp\/v2\/types\/product"}],"replies":[{"embeddable":true,"href":"https:\/\/electricstore.eu\/lt\/wp-json\/wp\/v2\/comments?post=24907"}],"wp:featuredmedia":[{"embeddable":true,"href":"https:\/\/electricstore.eu\/lt\/wp-json\/wp\/v2\/media\/24908"}],"wp:attachment":[{"href":"https:\/\/electricstore.eu\/lt\/wp-json\/wp\/v2\/media?parent=24907"}],"wp:term":[{"taxonomy":"product_brand","embeddable":true,"href":"https:\/\/electricstore.eu\/lt\/wp-json\/wp\/v2\/product_brand?post=24907"},{"taxonomy":"product_cat","embeddable":true,"href":"https:\/\/electricstore.eu\/lt\/wp-json\/wp\/v2\/product_cat?post=24907"},{"taxonomy":"product_tag","embeddable":true,"href":"https:\/\/electricstore.eu\/lt\/wp-json\/wp\/v2\/product_tag?post=24907"}],"curies":[{"name":"wp","href":"https:\/\/api.w.org\/{rel}","templated":true}]}}