{"id":24898,"date":"2025-05-20T18:43:19","date_gmt":"2025-05-20T18:43:19","guid":{"rendered":"https:\/\/electricstore.eu\/p\/uncategorized\/vevor-4t-chain-sling-1m-2m-x-8mm-four-leg-with-powder-coating-steel-hook-grade-80-high-temperature-resistance-for-lifting\/"},"modified":"2025-05-20T18:45:36","modified_gmt":"2025-05-20T18:45:36","slug":"vevor-4t-chain-sling-1m-2m-x-8mm-four-leg-with-powder-coating-steel-hook-grade-80-high-temperature-resistance-for-lifting","status":"publish","type":"product","link":"https:\/\/electricstore.eu\/lt\/p\/o\/electric-lifting-hoists\/vevor-4t-chain-sling-1m-2m-x-8mm-four-leg-with-powder-coating-steel-hook-grade-80-high-temperature-resistance-for-lifting\/","title":{"rendered":"VEVOR 4T grandininis stropas \u2013 1M \/ 2M x 8MM keturi\u0173 koj\u0173 su milteliniu b\u016bdu da\u017eytu plieniniu kabliu \u2013 80 klas\u0117s atsparumas auk\u0161tai temperat\u016brai k\u0117limui"},"content":{"rendered":"<div class=\"product-specs-list-container\">\n<ul class=\"product-specs-list util-clearfix\">\n<li class=\"product-prop line-limit-length\"><span\n                                        class=\"property-title\">Labai susir\u016bpinim\u0105 kelianti chemin\u0117 med\u017eiaga:&nbsp;<\/span><span\n                                        class=\"property-desc line-limit-length\">N\u0117ra<\/span>\n                            <\/li>\n<li class=\"product-prop line-limit-length\"><span\n                                        class=\"property-title\">Modelio numeris:&nbsp;<\/span><span\n                                        class=\"property-desc line-limit-length\">Grandininis dir\u017eas<\/span>\n                            <\/li>\n<li class=\"product-prop line-limit-length\"><span\n                                        class=\"property-title\">Kilm\u0117:&nbsp;<\/span><span\n                                        class=\"property-desc line-limit-length\">\u017demynin\u0117 Kinija<\/span>\n                            <\/li>\n<li class=\"product-prop line-limit-length\"><span\n                                        class=\"property-title\">Prek\u0117s \u017eenklas:&nbsp;<\/span><span\n                                        class=\"property-desc line-limit-length\">VEVOR<\/span>\n                            <\/li>\n<li class=\"product-prop line-limit-length\"><span\n                                        class=\"property-title\">Med\u017eiaga:&nbsp;<\/span><span\n                                        class=\"property-desc line-limit-length\">Alloy Steel<\/span>\n                            <\/li>\n<\/ul><\/div>\n<div class=\"detailmodule_html\">\n<div class=\"detail-desc-decorate-richtext\">\n<div style=\"padding:20px;padding-bottom:20px;padding-top:20px;padding-left:20px;padding-right:20px\">\n<div style=\"text-align:center;width:100%\" align=\"center\"><img decoding=\"async\" src=\"https:\/\/vevor-bmp-prm.s3.ap-east-1.amazonaws.com\/default\/vevor-1.png\" slate-data-type=\"image\"\/><\/div>\n<div style=\"font-size:16px;font-weight:bold;line-height:36px\">Produkto apra\u0161ymas<\/div>\n<div style=\"width:100%\"><img decoding=\"async\" src=\"https:\/\/d2qc09rl1gfuof.cloudfront.net\/product\/GLSJG80SZGL8MMX2M\/chain-slings-a100-1.4.jpg\" slate-data-type=\"image\"\/><\/div>\n<div style=\"margin-top:15px;display:flex\">\n<div style=\"width:33%\"><img decoding=\"async\" style=\"width:100%\" width=\"100%\" src=\"https:\/\/d2qc09rl1gfuof.cloudfront.net\/product\/GLSJG80SZGL8MMX2M\/four-+leg-+Lifting+-Chain-x1.jpg\" slate-data-type=\"image\"\/><\/div>\n<div style=\"padding:0px 15px;padding-bottom:0px;padding-top:0px;padding-left:15px;padding-right:15px;width:33%\">\n<div style=\"font-size:16px;font-weight:700;line-height:36px\">5\/16&#x27;&#x27; x 6.5&#x27; Chain Sling<\/div>\n<div style=\"font-size:14px\"><\/div>\n<div style=\"font-size:14px\">\u0160is keturi\u0173 koj\u0173 grandininis stropas pagamintas i\u0161 G80 Mn plieno grandin\u0117s ir milteliniu b\u016bdu da\u017eyto legiruotojo plieno kablio, kuris, veikiamas \u012ftempimo, nei\u0161sitiesia. Jis atsparus dilimui ir auk\u0161tai temperat\u016brai, tod\u0117l tarnauja ilgai ir yra naudinga priemon\u0117 darbo efektyvumui gerinti.<\/div>\n<ul style=\"font-size:14px;background-color:rgb(243, 243, 243);border:1px solid rgb(204, 204, 204);margin-top:8px;padding:10px 40px;padding-bottom:10px;padding-top:10px;padding-left:40px;padding-right:40px\">\n<li>\n<p>8800 lbs Loading Capacity<\/p>\n<\/li>\n<li>\n<p>Patvari plieno konstrukcija<\/p>\n<\/li>\n<li>\n<p>Didel\u0117s apkrovos grandin\u0117 ir kabliai<\/p>\n<\/li>\n<li>\n<p>Atsargumo priemon\u0117s naudojant<\/p>\n<\/li>\n<\/ul>\n<\/div>\n<div style=\"border-left:1px solid rgb(204, 204, 204);padding:0px 15px;padding-bottom:0px;padding-top:0px;padding-left:15px;padding-right:15px;width:33%\">\n<div style=\"padding:0px 15px;padding-bottom:0px;padding-top:0px;padding-left:15px;padding-right:15px\">\n<div><img decoding=\"async\" style=\"width:100%\" width=\"100%\" src=\"https:\/\/www.jinlantrade.com\/ebay\/VEVOR\/vevor-2.png\" slate-data-type=\"image\"\/><\/div>\n<div style=\"font-size:14px;font-weight:bold;line-height:24px\">Tvirta \u012franga ir \u012frankiai, mok\u0117kite ma\u017eiau<\/div>\n<div style=\"font-size:12px;margin:8px 0px;margin-bottom:8px;margin-top:8px;margin-left:0px;margin-right:0px\">VEVOR yra pirmaujantis prek\u0117s \u017eenklas, kuris specializuojasi \u012frangos ir \u012franki\u0173 srityje. Kartu su t\u016bkstan\u010diais motyvuot\u0173<br \/>darbuotoj\u0173, VEVOR yra pasiry\u017eusi tiekti savo klientams tvirt\u0105 \u012frang\u0105 ir \u012frankius ne\u012ftik\u0117tinai pigiai<br \/>\u017eemos kainos. \u0160iandien \u201eVEVOR\u201c produktai parduodami daugiau nei 200 \u0161ali\u0173 ir region\u0173, o j\u0173 apyvarta siekia 10 milijon\u0173.<br \/>plius nariai visame pasaulyje.<\/div>\n<div style=\"font-size:14px;font-weight:bold;line-height:24px\">Kod\u0117l verta rinktis VEVOR?<\/div>\n<ul style=\"font-size:14px;background-color:rgb(243, 243, 243);border:1px solid rgb(204, 204, 204);margin-top:8px;padding:10px 40px;padding-bottom:10px;padding-top:10px;padding-left:40px;padding-right:40px\">\n<li>\n<p>Auk\u0161\u010diausios kokyb\u0117s tvirta kokyb\u0117<\/p>\n<\/li>\n<li>\n<p>Ne\u012ftik\u0117tinai ma\u017eos kainos<\/p>\n<\/li>\n<li>\n<p>Greitas ir saugus pristatymas<\/p>\n<\/li>\n<li>\n<p>30 dien\u0173 nemokamas gr\u0105\u017einimas<\/p>\n<\/li>\n<li>\n<p>D\u0117mesingas aptarnavimas vis\u0105 par\u0105<\/p>\n<\/li>\n<\/ul>\n<\/div>\n<\/div>\n<\/div>\n<div style=\"margin-top:30px\">\n<div style=\"font-size:16px;font-weight:bold;line-height:36px\">Pagrindin\u0117s savyb\u0117s<\/div>\n<div style=\"padding:30px;padding-bottom:30px;padding-top:30px;padding-left:30px;padding-right:30px\">\n<div>\n<div style=\"margin-top:15px;padding:0px 15px;padding-bottom:0px;padding-top:0px;padding-left:15px;padding-right:15px;display:inline-block;width:33%;box-sizing:border-box\">\n<div><img decoding=\"async\" style=\"width:100%\" width=\"100%\" src=\"https:\/\/d2qc09rl1gfuof.cloudfront.net\/product\/GLSJG80SZGL8MMX2M\/chain-slings-m100-2.jpg\" slate-data-type=\"image\"\/><\/div>\n<div style=\"font-size:16px;font-weight:700;line-height:36px\">Didel\u0117 pakrovimo talpa<\/div>\n<div style=\"font-size:14px\">Our chain sling features full-automatic welding technology. It has a rated capacity of 8800 lbs. It must be used in the range of its rated loading.<\/div>\n<\/div>\n<div style=\"margin-top:15px;padding:0px 15px;padding-bottom:0px;padding-top:0px;padding-left:15px;padding-right:15px;display:inline-block;width:33%;box-sizing:border-box\">\n<div><img decoding=\"async\" style=\"width:100%\" width=\"100%\" src=\"https:\/\/d2qc09rl1gfuof.cloudfront.net\/product\/GLSJG80SZGL8MMX2M\/chain-slings-m100-3.jpg\" slate-data-type=\"image\"\/><\/div>\n<div style=\"font-size:16px;font-weight:700;line-height:36px\">Tvirta konstrukcija<\/div>\n<div style=\"font-size:14px\">Visa konstrukcija pagaminta i\u0161 auk\u0161\u010diausios kokyb\u0117s plieno, pasi\u017eymin\u010dio geresniu atsparumu korozijai, r\u016bdims ir dilimui.<\/div>\n<\/div>\n<div style=\"margin-top:15px;padding:0px 15px;padding-bottom:0px;padding-top:0px;padding-left:15px;padding-right:15px;display:inline-block;width:33%;box-sizing:border-box\">\n<div><img decoding=\"async\" style=\"width:100%\" width=\"100%\" src=\"https:\/\/d2qc09rl1gfuof.cloudfront.net\/product\/GLSJG80SZGL8MMX2M\/chain-slings-m100-4.jpg\" slate-data-type=\"image\"\/><\/div>\n<div style=\"font-size:16px;font-weight:700;line-height:36px\">Didel\u0117s apkrovos grandin\u0117<\/div>\n<div style=\"font-size:14px\">5\/16&#x27;&#x27; x 6.5&#x27; long chain is made of Mn-steel. It is wear-resistant and will not extend when stressed, designed for long-term use.<\/div>\n<\/div>\n<div style=\"margin-top:15px;padding:0px 15px;padding-bottom:0px;padding-top:0px;padding-left:15px;padding-right:15px;display:inline-block;width:33%;box-sizing:border-box\">\n<div><img decoding=\"async\" style=\"width:100%\" width=\"100%\" src=\"https:\/\/d2qc09rl1gfuof.cloudfront.net\/product\/GLSJG80SZGL8MMX2M\/chain-slings-m100-5.jpg\" slate-data-type=\"image\"\/><\/div>\n<div style=\"font-size:16px;font-weight:700;line-height:36px\">Savisriegiai kabliai<\/div>\n<div style=\"font-size:14px\">The hook with safety latch is made of alloy steel to meet the demand for strength and hardness and prevent slipping.<\/div>\n<\/div>\n<div style=\"margin-top:15px;padding:0px 15px;padding-bottom:0px;padding-top:0px;padding-left:15px;padding-right:15px;display:inline-block;width:33%;box-sizing:border-box\">\n<div><img decoding=\"async\" style=\"width:100%\" width=\"100%\" src=\"https:\/\/d2qc09rl1gfuof.cloudfront.net\/product\/GLSJG80SZGL8MMX2M\/chain-slings-m100-6.jpg\" slate-data-type=\"image\"\/><\/div>\n<div style=\"font-size:16px;font-weight:700;line-height:36px\">Lengva naudoti<\/div>\n<div style=\"font-size:14px\">Connect the hanging ring to your lifter and hook your loads, and you are ready to start lifting. You can rest assured use.<\/div>\n<\/div>\n<div style=\"margin-top:15px;padding:0px 15px;padding-bottom:0px;padding-top:0px;padding-left:15px;padding-right:15px;display:inline-block;width:33%;box-sizing:border-box\">\n<div><img decoding=\"async\" style=\"width:100%\" width=\"100%\" src=\"https:\/\/d2qc09rl1gfuof.cloudfront.net\/product\/GLSJG80SZGL8MMX2M\/chain-slings-m100-7.jpg\" slate-data-type=\"image\"\/><\/div>\n<div style=\"font-size:16px;font-weight:700;line-height:36px\">Pla\u010diai naudojamas<\/div>\n<div style=\"font-size:14px\">Tinka krovini\u0173 k\u0117limui ar perk\u0117limui \u012fvairiose pramon\u0117s \u0161akose, tokiose kaip ma\u0161in\u0173 gamyba, gamyklos, sand\u0117liai, gara\u017eai ir kt.<\/div>\n<\/div>\n<\/div>\n<\/div>\n<\/div>\n<div style=\"margin-top:15px;display:flex\">\n<div style=\"width:33%\"><img decoding=\"async\" style=\"width:100%\" width=\"100%\" src=\"https:\/\/d2qc09rl1gfuof.cloudfront.net\/product\/GLSJG80SZGL8MMX2M\/chain-slings-a100-2.jpg\" slate-data-type=\"image\"\/><\/div>\n<div style=\"padding:0px 15px;padding-bottom:0px;padding-top:0px;padding-left:15px;padding-right:15px;width:33%\">\n<div style=\"font-size:16px;font-weight:700;line-height:36px\">Specifikacijos<\/div>\n<ul style=\"font-size:14px;border:1px solid rgb(204, 204, 204);margin-top:8px;padding:10px 40px;padding-bottom:10px;padding-top:10px;padding-left:40px;padding-right:40px\">\n<li>\n<p>Med\u017eiaga: G80, legiruotas plienas<\/p>\n<\/li>\n<li>\n<p>Grandin\u0117s \u0161aknis: 4<\/p>\n<\/li>\n<li>\n<p>Grandin\u0117s skersmuo: 5\/16&quot;\/8 mm<\/p>\n<\/li>\n<li>\n<p>Working Length: 6.5&#x27;\/2 m<\/p>\n<\/li>\n<li>\n<p>Load Capacity: 8800 lbs\/4 t<\/p>\n<\/li>\n<\/ul>\n<\/div>\n<div style=\"border-left:1px solid rgb(204, 204, 204);padding:0px 15px;padding-bottom:0px;padding-top:0px;padding-left:15px;padding-right:15px;width:33%\">\n<div style=\"width:100%\"><img decoding=\"async\" style=\"width:100%\" width=\"100%\" src=\"https:\/\/d2qc09rl1gfuof.cloudfront.net\/product\/GLSJG80SZGL8MMX2M\/chain-slings-a100-3.jpg\" slate-data-type=\"image\"\/><\/div>\n<div style=\"font-size:14px;font-weight:bold;line-height:24px\">Pakuot\u0117s turinys<\/div>\n<ul style=\"font-size:14px;background-color:rgb(243, 243, 243);border:1px solid rgb(204, 204, 204);margin-top:8px;padding:10px 40px;padding-bottom:10px;padding-top:10px;padding-left:40px;padding-right:40px\">\n<li>\n<p>1 x grandininis dir\u017eas<\/p>\n<\/li>\n<\/ul>\n<\/div>\n<\/div>\n<div style=\"margin-top:15px;display:flex\">\n<div style=\"width:33%\"><img decoding=\"async\" style=\"width:100%\" width=\"100%\" src=\"https:\/\/d2qc09rl1gfuof.cloudfront.net\/product\/GLSJG80SZGL8MMX1M\/chain-slings-a100-2.jpg\" slate-data-type=\"image\"\/><\/div>\n<div style=\"padding:0px 15px;padding-bottom:0px;padding-top:0px;padding-left:15px;padding-right:15px;width:33%\">\n<div style=\"font-size:16px;font-weight:700;line-height:36px\">Specifikacijos<\/div>\n<ul style=\"font-size:14px;border:1px solid rgb(204, 204, 204);margin-top:8px;padding:10px 40px;padding-bottom:10px;padding-top:10px;padding-left:40px;padding-right:40px\">\n<li>\n<p>Med\u017eiaga: G80, legiruotas plienas<\/p>\n<\/li>\n<li>\n<p>Grandin\u0117s \u0161aknis: 4<\/p>\n<\/li>\n<li>\n<p>Grandin\u0117s skersmuo: 5\/16&quot;\/8 mm<\/p>\n<\/li>\n<li>\n<p>Working Length: 3.3&#x27;\/1 m<\/p>\n<\/li>\n<li>\n<p>Load Capacity: 8800 lbs\/4 t<\/p>\n<\/li>\n<\/ul>\n<\/div>\n<div style=\"border-left:1px solid rgb(204, 204, 204);padding:0px 15px;padding-bottom:0px;padding-top:0px;padding-left:15px;padding-right:15px;width:33%\">\n<div style=\"width:100%\"><img decoding=\"async\" style=\"width:100%\" width=\"100%\" src=\"https:\/\/d2qc09rl1gfuof.cloudfront.net\/product\/GLSJG80SZGL8MMX1M\/chain-slings-a100-3.jpg\" slate-data-type=\"image\"\/><\/div>\n<div style=\"font-size:14px;font-weight:bold;line-height:24px\">Pakuot\u0117s turinys<\/div>\n<ul style=\"font-size:14px;background-color:rgb(243, 243, 243);border:1px solid rgb(204, 204, 204);margin-top:8px;padding:10px 40px;padding-bottom:10px;padding-top:10px;padding-left:40px;padding-right:40px\">\n<li>\n<p>1 x grandininis dir\u017eas<\/p>\n<\/li>\n<\/ul>\n<\/div>\n<\/div>\n<div>\n<div style=\"font-size:16px;font-weight:bold;line-height:36px\">Savyb\u0117s ir informacija<\/div>\n<ul style=\"font-size:14px;padding-left:40px\">\n<li>\n<p>\u30108800LBS LOADING CAPACITY\u3011- Chain length: 6.5&#x27;. Chain Diameter: 5\/16&#x27;&#x27;. Working capacity: 8800 lbs. You can use this product at ease with a high-security coefficient.<\/p>\n<\/li>\n<li>\n<p>\u3010PATVARI PLIENO KONSTRUKCIJA\u3011 - Pagaminta i\u0161 G80 Mn plieno grandin\u0117s ir legiruotojo plieno kablio, m\u016bs\u0173 grandinin\u0117 virykl\u0117 pasi\u017eymi pilnai automatine suvirinimo technologija, skirta ilgalaikiam naudojimui.<\/p>\n<\/li>\n<li>\n<p>\u3010TVIRTA GRANDIN\u0116 IR KABLIAI\u3011 - \u0160io grandininio stropo grandin\u0117 pagaminta i\u0161 G80 Mn plieno. K\u0117limo jungtis ir kablys yra pagaminti i\u0161 legiruotojo plieno su milteliniu da\u017eymu. Jie yra atspar\u016bs dilimui ir auk\u0161tai temperat\u016brai.<\/p>\n<\/li>\n<li>\n<p>\u3010NAUDOJIMO ATSARGUMO PRIEMON\u0116S\u3011- Daiktai turi kab\u0117ti kabliuko centre. Kabliuko kra\u0161tas negali kab\u0117ti. Draud\u017eiama naudoti deformuot\u0105, apverst\u0105 ar susipynusi\u0105 grandin\u0119.<\/p>\n<\/li>\n<li>\n<p>\u3010PLATUS TAIKYMAS\u3011 - Puikiai tinka \u012fvairiems k\u0117limo ir perk\u0117limo darbams gamyklose, statybviet\u0117se, kasyklose, uostuose, pastatuose ir kt. Didel\u0117s apkrovos grandininis stropas skirtas krovini\u0173 saugumui u\u017etikrinti, vilkimui ir tvarkymui.<\/p>\n<\/li>\n<\/ul>\n<\/div>\n<\/div>\n<\/div>\n<\/div>\n<p><\/p>","protected":false},"excerpt":{"rendered":"<p>Hign-concerned Chemical:&nbsp;None Model Number:&nbsp;Chain Sling Origin:&nbsp;Mainland China Brand Name:&nbsp;VEVOR Material:&nbsp;Alloy Steel Product Description 5\/16&#x27;&#x27; x 6.5&#x27; Chain Sling This Chain Sling of four legs is constructed of a G80 Mn-steel<\/p>","protected":false},"featured_media":24899,"comment_status":"open","ping_status":"closed","template":"","meta":{"_acf_changed":false},"product_brand":[],"product_cat":[517],"product_tag":[],"class_list":{"0":"post-24898","1":"product","2":"type-product","3":"status-publish","4":"has-post-thumbnail","6":"product_cat-electric-lifting-hoists","8":"first","9":"instock","10":"shipping-taxable","11":"purchasable","12":"product-type-variable"},"acf":[],"_links":{"self":[{"href":"https:\/\/electricstore.eu\/lt\/wp-json\/wp\/v2\/product\/24898","targetHints":{"allow":["GET"]}}],"collection":[{"href":"https:\/\/electricstore.eu\/lt\/wp-json\/wp\/v2\/product"}],"about":[{"href":"https:\/\/electricstore.eu\/lt\/wp-json\/wp\/v2\/types\/product"}],"replies":[{"embeddable":true,"href":"https:\/\/electricstore.eu\/lt\/wp-json\/wp\/v2\/comments?post=24898"}],"wp:featuredmedia":[{"embeddable":true,"href":"https:\/\/electricstore.eu\/lt\/wp-json\/wp\/v2\/media\/24899"}],"wp:attachment":[{"href":"https:\/\/electricstore.eu\/lt\/wp-json\/wp\/v2\/media?parent=24898"}],"wp:term":[{"taxonomy":"product_brand","embeddable":true,"href":"https:\/\/electricstore.eu\/lt\/wp-json\/wp\/v2\/product_brand?post=24898"},{"taxonomy":"product_cat","embeddable":true,"href":"https:\/\/electricstore.eu\/lt\/wp-json\/wp\/v2\/product_cat?post=24898"},{"taxonomy":"product_tag","embeddable":true,"href":"https:\/\/electricstore.eu\/lt\/wp-json\/wp\/v2\/product_tag?post=24898"}],"curies":[{"name":"wp","href":"https:\/\/api.w.org\/{rel}","templated":true}]}}